{"id":10488,"date":"2020-09-13T00:31:47","date_gmt":"2020-09-12T16:31:47","guid":{"rendered":"https:\/\/mairsturnstile.com\/product\/tourniquets-automatises-a-barriere-a-rabat-mt246"},"modified":"2026-05-09T19:17:12","modified_gmt":"2026-05-09T11:17:12","slug":"tourniquets-automatises","status":"publish","type":"product","link":"https:\/\/mairsturnstile.com\/fr\/produit\/tourniquets-automatises","title":{"rendered":"TOURNIQUETS AUTOMATIS\u00c9S \u00c0 BARRI\u00c8RE \u00c0 RABAT MT246"},"content":{"rendered":"        <!-- 3D Model html -->\r\n        <div class=\"bp_grand wrapper_27681\">   \r\n        <div class=\"bp_model_parent\">\r\n            <model-viewer class=\"model\" id=\"bp_model_id_27681\" src=\"http:\/\/mairsturnstile.com\/wp-content\/uploads\/2023\/08\/MT246.glb\" alt=\"MT246\" camera-controls  loading=\"auto\" auto-rotate                        >\r\n            <\/model-viewer>\r\n        \r\n            <!-- Button -->\r\n            <svg id=\"openBtn\" width=\"30px\" height=\"30px\" viewBox=\"0 0 16 16\" xmlns=\"http:\/\/www.w3.org\/2000\/svg\" fill=\"#f2f2f2\" class=\"bi bi-arrows-fullscreen model-icon\">\r\n                <path fill-rule=\"evenodd\" d=\"M5.828 10.172a.5.5 0 0 0-.707 0l-4.096 4.096V11.5a.5.5 0 0 0-1 0v3.975a.5.5 0 0 0 .5.5H4.5a.5.5 0 0 0 0-1H1.732l4.096-4.096a.5.5 0 0 0 0-.707zm4.344 0a.5.5 0 0 1 .707 0l4.096 4.096V11.5a.5.5 0 1 1 1 0v3.975a.5.5 0 0 1-.5.5H11.5a.5.5 0 0 1 0-1h2.768l-4.096-4.096a.5.5 0 0 1 0-.707zm0-4.344a.5.5 0 0 0 .707 0l4.096-4.096V4.5a.5.5 0 1 0 1 0V.525a.5.5 0 0 0-.5-.5H11.5a.5.5 0 0 0 0 1h2.768l-4.096 4.096a.5.5 0 0 0 0 .707zm-4.344 0a.5.5 0 0 1-.707 0L1.025 1.732V4.5a.5.5 0 0 1-1 0V.525a.5.5 0 0 1 .5-.5H4.5a.5.5 0 0 1 0 1H1.732l4.096 4.096a.5.5 0 0 1 0 .707z\"\/>\r\n            <\/svg>\r\n        \r\n            <svg id=\"closeBtn\" class=\"model-icon\" width=\"34px\" height=\"34px\" viewBox=\"0 0 24 24\" xmlns=\"http:\/\/www.w3.org\/2000\/svg\">\r\n                <path fill=\"none\" stroke=\"#f2f2f2\" stroke-width=\"2\" d=\"M7,7 L17,17 M7,17 L17,7\"\/>\r\n            <\/svg>\r\n        \r\n        <\/div>\r\n        <\/div> \r\n\r\n        <!-- Model Viewer Style -->\r\n        <style>\r\n            \r\n            .wrapper_27681 .bp_model_parent, #bp_model_id_27681 {\r\n                width: 1150px;\r\n                max-width: 100%;\r\n                                            }\r\n            #bp_model_id_27681 {\r\n                height:700px;\r\n                background-color: #f9f9f9;\r\n            }\r\n            .fullscreen #bp_model_id_27681{\r\n            height: 100%;\r\n            width: 100%;\r\n            }\r\n            .wrapper_27681 .bp_model_parent{\r\n                justify-content: start            }\r\n            model-viewer.model {\r\n                --poster-color: transparent;\r\n            }\r\n        <\/style>\r\n        \r\n        \n<p>Les tourniquets automatis\u00e9s \u00e0 barri\u00e8re \u00e0 volets portent une garantie de 2 ans et un support durable d&rsquo;entretien et de r\u00e9paration. Tourniquets automatis\u00e9s au design architectural pour environnements d&rsquo;entreprise \u2014 Une automatisation sur laquelle vous pouvez compter. Portillons asservis s&rsquo;ouvrant sur authentification, finitions personnalisables, int\u00e9gration RFID\/biom\u00e9trique, guidage LED. Les environnements d&rsquo;entreprise modernes exigent des solutions de contr\u00f4le d&rsquo;acc\u00e8s aussi sophistiqu\u00e9es que les espaces qu&rsquo;elles prot\u00e8gent. Nos tourniquets automatis\u00e9s allient \u00e9l\u00e9gance architecturale et automatisation intelligente par servomoteur. Sur pr\u00e9sentation d&rsquo;un titre d&rsquo;acc\u00e8s valide \u2014 carte RFID, reconnaissance faciale, code QR ou identifiant mobile \u2014 nos portillons s&rsquo;ouvrent silencieusement, accordant l&rsquo;acc\u00e8s en moins d&rsquo;une seconde. Avec un d\u00e9bit de 30 \u00e0 45 personnes par minute et une gestion bidirectionnelle des flux, ils \u00e9liminent les goulots d&rsquo;\u00e9tranglement tout en pr\u00e9servant une esth\u00e9tique haut de gamme. Id\u00e9aux pour les si\u00e8ges sociaux, les h\u00f4tels de luxe et les tours de bureaux \u00e0 forte affluence \u00e0 travers les \u00c9tats-Unis.    <\/p>\n<p>Nous pouvons fournir des services OEM et ODM. Fabricant de tourniquets coulissants (OEM\/ODM) \u2014 Tourniquets automatis\u00e9s sur mesure, fabriqu\u00e9s selon vos sp\u00e9cifications : largeur de passage personnalis\u00e9e jusqu&rsquo;\u00e0 1200 mm (conformit\u00e9 ADA), finitions RAL et personnalisation de marque. Faible MOQ, exportation mondiale. Tourniquets automatis\u00e9s sur mesure \u2014 Largeurs adapt\u00e9es, finitions personnalis\u00e9es et int\u00e9gration de syst\u00e8mes de contr\u00f4le d&rsquo;acc\u00e8s ; passages larges conformes aux normes ADA (jusqu&rsquo;\u00e0 1200 mm) ; thermolaquage RAL et branding ; services OEM\/ODM \u00e0 l&rsquo;\u00e9chelle mondiale avec faible MOQ ; tests en usine et logistique d&rsquo;exportation optimis\u00e9e pour les \u00c9tats-Unis.   Nous fournissons \u00e9galement des dispositifs biom\u00e9triques, tels que des lecteurs de cartes IC\/ID, des scanners d&#8217;empreintes digitales, des scanners de code QR, des cam\u00e9ras de reconnaissance faciale, etc. Tourniquets automatiques au design architectural, alliant acier inoxydable \u00e9pur\u00e9 et verre tremp\u00e9. Design prim\u00e9, motorisation asservie silencieuse, capteurs anti-talonnage. Consultation de conception gratuite propos\u00e9e par le fabricant. Tourniquet automatique de haute s\u00e9curit\u00e9 dot\u00e9 d&rsquo;un syst\u00e8me brevet\u00e9 de d\u00e9tection anti-talonnage (plus de 12 capteurs infrarouges). D\u00e9bit de 30 \u00e0 60 passages par minute, motorisation par servomoteur, certifications UL et CE.    <\/p>\n<p>Automated Turnstiles That Elevate Building Aesthetics \u2014 Speed Gates with Red Dot\u2011Level Design, Harmonizing Security with Architecture \u2014 Curved Glass, Hairline Stainless &#038; RAL Finishes, Why Architects &#038; Interior Designers Specify Our Automated Turnstiles, First impressions define a brand. Our automated turnstiles are engineered to complement the most demanding architectural environments. Featuring hairline\u2011finished SUS304 stainless steel cabinets, curved tempered glass panels, and optional RAL powder coating, these designer speed gates provide floor\u2011to\u2011ceiling security without sacrificing sightlines.  <\/p>\n<h3>Que sont les tourniquets automatis\u00e9s ?<\/h3>\n<p><strong>Les tourniquets automatis\u00e9s (tourniquets automatiques) sont une sorte d&rsquo;\u00e9quipement de porte de tourniquet pour pi\u00e9tons, qui est entra\u00een\u00e9 par un moteur. On l&rsquo;appelle aussi tourniquets \u00e9lectriques. Par rapport \u00e0 la porte de tourniquet manuelle, tout le fonctionnement de la porte de tourniquet automatique est entra\u00een\u00e9 par le moteur, et la porte de tourniquet automatique a un facteur de s\u00e9curit\u00e9 et une cr\u00e9dibilit\u00e9 plus \u00e9lev\u00e9s.<\/strong> Les tourniquets automatis\u00e9s ont les avantages d&rsquo;une conception d&rsquo;apparence professionnelle et esth\u00e9tique, d&rsquo;un passage rapide, d&rsquo;alarmes d&rsquo;utilisateurs ill\u00e9gaux, etc. La plupart de nos portes tourniquets sont des tourniquets enti\u00e8rement automatiques. Si vous avez besoin d&rsquo;autres mod\u00e8les de tourniquets automatiques, veuillez <a href=\"https:\/\/mairsturnstile.com\/contact\">nous contacter<\/a>.<\/p>\n<h3>Tourniquets automatis\u00e9s Principe :<\/h3>\n<p>Bien entendu, les tourniquets automatis\u00e9s seront \u00e9quip\u00e9s d&rsquo;un moteur. Une fois que l&rsquo;utilisateur a obtenu l&rsquo;autorisation d&rsquo;acc\u00e8s, le moteur entra\u00eene la tige de frein en rotation d&rsquo;environ 15\u00b0 pour d\u00e9verrouiller, incitant le passant \u00e0 passer. Lorsque le passant touche la tige de frein, la machine \u00e0 tourniquet sentira que le passant veut passer, de sorte que le contr\u00f4leur principal contr\u00f4le le moteur pour entra\u00eener la tige de frein \u00e0 tourner \u00e0 nouveau, faisant passer les marcheurs en douceur le long de la direction de passage.<\/p>\n<p>Lorsque la tige de la porte tourne \u00e0 120 \u00b0, le syst\u00e8me de transmission de la porte du tourniquet sera automatiquement verrouill\u00e9 et le compteur dans le sens du passage augmentera automatiquement de 1. En m\u00eame temps, il peut r\u00e9aliser la chute automatique de la tige apr\u00e8s une panne de courant, et la puissance du moteur entra\u00eene la rotation de la tige de porte pour r\u00e9aliser le chargement automatique de la tige apr\u00e8s la mise sous tension, ce qui est tr\u00e8s pratique \u00e0 utiliser. Compact automated turnstile with 280mm slim cabinet (45% narrower). Servo motor, anti\u2011tailgating, full access control integration. Perfect for retail storefronts &#038; building side entrances. Portable automated turnstile on forklift\u2011ready base. Deploy in 30 minutes, no trenching required. Works on battery\/solar. Ideal for construction security &#038; event perimeters.      <\/p>\n<p>Nous pouvons \u00e9galement cr\u00e9er un rendu pour vous en quelques minutes en fonction de votre sc\u00e9nario r\u00e9el. Nous fournissons \u00e9galement des sch\u00e9mas et sch\u00e9mas d\u00e9taill\u00e9s, ainsi que des sch\u00e9mas d&rsquo;installation.<\/p>\n\n        \t\n\t<style type=\"text\/css\">\n\t\t.slider-info-27682.bafg-slider-info .bafg-slider-title {\n\t\t\t\t\t\tfont-size: 22px;\n\t\t\t\t\t\t\n\t\t\t\n\t\t\t\t\t}\n\n\t\t.slider-info-27682.bafg-slider-info .bafg-slider-description {\n\t\t\t\n\t\t\t\n\t\t\t\t\t}\n\n\t\t.slider-info-27682.bafg-slider-info .bafg_slider_readmore_button {\n\t\t\t\n\t\t\t\n\t\t\t\n\t\t\t\n\t\t\t\n\t\t\ttext-align: center;\n\n\t\t\t\n\t\t\t\n\t\t\t\n\t\t\t\n\t\t\t\n\t\t\t\n\t\t\t\t\t}\n\n\t\t.slider-info-27682.bafg-slider-info .bafg_slider_readmore_button:hover {\n\n\t\t\t\n\t\t\t\n\t\t\t\t\t}\n\n\t<\/style>\n\t\n        <div class=\"bafg-twentytwenty-container slider-27682 \" bafg-orientation=\"horizontal\" bafg-default-offset=\"0.5\" bafg-before-label=\"Before\" bafg-after-label=\"After\" bafg-overlay=\"yes\" bafg-move-slider-on-hover=\"yes\" bafg-click-to-move=\"no\">\n              \n            <img decoding=\"async\" class=\"skip-lazy\" src=\"http:\/\/mairsturnstile.com\/wp-content\/uploads\/2023\/08\/automated-turnstiles_4.jpg\" alt=\"\" data-skip-lazy title=\"\">\n            <img decoding=\"async\" class=\"skip-lazy\" src=\"http:\/\/mairsturnstile.com\/wp-content\/uploads\/2023\/08\/automated-turnstiles_5.jpg\" alt=\"\" data-skip-lazy title=\"\">\n           \n        <\/div>\n\n        \t<div class=\"bafg-slider-info-wraper\">\n\t\t<div style=\"\" class=\"slider-info-27682 bafg-slider-info\">\n\t\t\t\t\t<\/div>\n\t<\/div>\n\t\n        <style type=\"text\/css\">\n            \n        <\/style>\n        \n<p>Les portes de tourniquet automatis\u00e9es \u00e0 barri\u00e8re \u00e0 rabat sont une solution id\u00e9ale pour les stations de m\u00e9tro, les stades, les usines ou les b\u00e2timents commerciaux. <a href=\"https:\/\/mairsturnstile.com\/what-is-flap-barrier.html\">La barri\u00e8re \u00e0 rabat<\/a> est bien adopt\u00e9e dans les entr\u00e9es et les sorties des b\u00e2timents ou des chantiers de construction, pour aider \u00e0 suivre le personnel et les visiteurs. Seuls les utilisateurs autoris\u00e9s sont en mesure d&rsquo;acc\u00e9der \u00e0 des zones sp\u00e9cifiques par le biais de la<strong> barri\u00e8re \u00e0 rabat des tourniquets automatis\u00e9s<\/strong>. Les technologies <a href=\"https:\/\/en.wikipedia.org\/wiki\/Radio-frequency_identification\" target=\"_blank\" rel=\"noopener\">RFID<\/a>, de v\u00e9rification des empreintes digitales, de reconnaissance faciale avec contr\u00f4le de la temp\u00e9rature et de v\u00e9rification des veines sont disponibles pour des options de flexibilit\u00e9.<\/p>\n<ul>\n<li>Les tourniquets automatis\u00e9s \u00e0 barri\u00e8re \u00e0 rabat sont construits pour contr\u00f4ler les personnes entrant ou sortant de la zone r\u00e9glement\u00e9e. Il est g\u00e9n\u00e9ralement utilis\u00e9 dans les endroits \u00e0 fort trafic pi\u00e9tonnier dans les deux sens.<\/li>\n<li>Le bo\u00eetier des tourniquets automatis\u00e9s \u00e0 barri\u00e8re \u00e0 volets est en acier inoxydable 304 bross\u00e9, ce qui cr\u00e9e un syst\u00e8me d&rsquo;entr\u00e9e homog\u00e8ne et agr\u00e9able pour se fondre dans la plupart des environnements int\u00e9rieurs.<\/li>\n<li>Il peut \u00eatre int\u00e9gr\u00e9 \u00e0 tous les syst\u00e8mes de contr\u00f4le d&rsquo;acc\u00e8s tiers (par exemple : syst\u00e8me d&rsquo;acc\u00e8s RFID, Push the button, Empreinte digitale et reconnaissance faciale avec contr\u00f4le de temp\u00e9rature).<\/li>\n<li>En cas d&rsquo;urgence, le bras du tourniquet coulissant s&rsquo;ouvrira automatiquement en se connectant \u00e0 la batterie ou au condensateur pour permettre le libre passage.<\/li>\n<li>Les tourniquets automatiques \u00e0 barri\u00e8re optique Flap conviennent aux solutions d&rsquo;entr\u00e9e luxueuses et \u00e9l\u00e9gantes.<\/li>\n<li>Le tourniquet coulissant pr\u00e9sente une vitesse rapide, une longue dur\u00e9e de vie, des performances \u00e9lev\u00e9es et une fiabilit\u00e9 de fonctionnement \u00e9lev\u00e9e<\/li>\n<li> Fonction d&rsquo;alarme, en cas d&rsquo;intrusion ill\u00e9gale et d&rsquo;intrusion invers\u00e9e.<\/li>\n<li>Le capteur infrarouge d\u00e9clenchera une alarme et le voyant LED clignotera pour \u00e9viter de pincer les pi\u00e9tons.<\/li>\n<li>Fonction de r\u00e9initialisation automatique : les bras coulissants se fermeront automatiquement dans les 5 s par d\u00e9faut (peut \u00eatre r\u00e9gl\u00e9) si un passager tarde \u00e0<\/li>\n<li>Les tourniquets \u00e0 barri\u00e8re \u00e0 rabat resteront dans la serrure si quelqu&rsquo;un veut faire irruption sans glisser la carte RFID.<\/li>\n<li>Un indicateur de direction \u00e0 LED sur le dessus et le poteau avant<\/li>\n<li>Fonction anti-retour, le tourniquet alarme si quelqu&rsquo;un veut entrer dans le sens inverse.<\/li>\n<li>Le fonctionnement bidirectionnel ou unidirectionnel sont des options<\/li>\n<\/ul>\n<p>Nous pouvons fournir la solution compl\u00e8te de contr\u00f4le d&rsquo;acc\u00e8s de s\u00e9curit\u00e9. Si vous avez votre propre syst\u00e8me de contr\u00f4le d&rsquo;acc\u00e8s, vous pouvez directement utiliser notre porte tourniquet. Si vous n&rsquo;en avez pas, nous fournissons \u00e9galement une solution compl\u00e8te de contr\u00f4le d&rsquo;acc\u00e8s de s\u00e9curit\u00e9. Veuillez vous r\u00e9f\u00e9rer \u00e0 la vid\u00e9o ci-dessous pour plus de d\u00e9tails.<\/p>\n<p><iframe title=\"Tourniquet coulissant, Tourniquet pour portail coulissant, Tourniquet coulissant pleine hauteur Super must - MairsTurnstile\" src=\"https:\/\/www.youtube.com\/embed\/NWiaz1Su7BI\" width=\"1150\" height=\"650\" frameborder=\"0\" allowfullscreen=\"allowfullscreen\"><\/iframe><\/p>\n","protected":false},"excerpt":{"rendered":"<p>1. Taille : 1400 * 350 * 1000 mm (peut \u00eatre personnalis\u00e9)<\/p>\n<p>2. Largeur de voie : 600 mm (peut \u00eatre personnalis\u00e9)<\/p>\n<p>3. Vitesse de passage : 40 personne\/min<\/p>\n<p>4. Alimentation : 110 V\/220 V 50\/60 Hz<\/p>\n<p>5. Moteur d&rsquo;entra\u00eenement : 30 W\/40 W<\/p>\n<p>6. Signal de porte ouverte : contact sec\/relais<\/p>\n<p>7. Moteur d&rsquo;entra\u00eenement : DC24V<\/p>\n<p>8. Tourniquets de barri\u00e8re d&rsquo;aileron Poids : 70 kilogrammes\/pcs<\/p>\n<p>9. Hauteur du bras : 1200 mm (peut \u00eatre personnalis\u00e9)<\/p>\n<p><span style=\"color: #fcaf3b;\"><strong><a style=\"color: #fcaf3b;\" title=\"Tourniquet de barri\u00e8re \u00e0 rabat certifi\u00e9 CE Mairs\" href=\"http:\/\/mairsturnstile.com\/wp-content\/uploads\/2022\/09\/Mairs-CE-Certificate-Flap-Barrier-Turnstile.pdf\" target=\"_blank\" rel=\"noopener noreferrer\">Certifi\u00e9 CE,<\/a> <a style=\"color: #fcaf3b;\" title=\"Certificat Mairs ISO9001\" href=\"http:\/\/mairsturnstile.com\/wp-content\/uploads\/2022\/09\/Mairs-Registration-Certificate-ISO9001.pdf\" target=\"_blank\" rel=\"noopener noreferrer\">Certifi\u00e9 ISO9001.<\/a><\/strong><\/span><\/p>\n<p><a title=\"Brochure sur les tourniquets coulissants\" href=\"https:\/\/mairsturnstile-online.com\/flipbook\/mt245-sliding-turnstile-brochure\" target=\"  rel=\" rel=\"noopener\"><span style=\"color: #fcaf3b;\"><strong>Download Sliding Turnstile Gate MT245 Brochure<\/strong><\/span><\/a><\/p>\n","protected":false},"featured_media":27627,"comment_status":"closed","ping_status":"closed","template":"","meta":{"neve_meta_sidebar":"","neve_meta_container":"","neve_meta_enable_content_width":"off","neve_meta_content_width":0,"neve_meta_title_alignment":"","neve_meta_author_avatar":"","neve_post_elements_order":"","neve_meta_disable_header":"","neve_meta_disable_footer":"","neve_meta_disable_title":"","_ti_tpc_template_sync":false,"_ti_tpc_template_id":""},"product_cat":[1743,877],"product_tag":[994,1434,1404,998,1400,997,1386],"class_list":["post-10488","product","type-product","status-publish","has-post-thumbnail","hentry","product_cat-tourniquet-coulissant","product_cat-porte-tourniquet","product_tag-porte-de-barriere-daileron","product_tag-porte-de-tourniquet-de-barriere-daileron","product_tag-portes-dentree-de-tourniquet","product_tag-tourniquet-automatique","product_tag-tourniquet-de-barriere-daileron","product_tag-tourniquets-automatises","product_tag-tourniquets-de-gymnastique"],"_links":{"self":[{"href":"https:\/\/mairsturnstile.com\/fr\/wp-json\/wp\/v2\/product\/10488","targetHints":{"allow":["GET"]}}],"collection":[{"href":"https:\/\/mairsturnstile.com\/fr\/wp-json\/wp\/v2\/product"}],"about":[{"href":"https:\/\/mairsturnstile.com\/fr\/wp-json\/wp\/v2\/types\/product"}],"replies":[{"embeddable":true,"href":"https:\/\/mairsturnstile.com\/fr\/wp-json\/wp\/v2\/comments?post=10488"}],"version-history":[{"count":1,"href":"https:\/\/mairsturnstile.com\/fr\/wp-json\/wp\/v2\/product\/10488\/revisions"}],"predecessor-version":[{"id":73014,"href":"https:\/\/mairsturnstile.com\/fr\/wp-json\/wp\/v2\/product\/10488\/revisions\/73014"}],"wp:featuredmedia":[{"embeddable":true,"href":"https:\/\/mairsturnstile.com\/fr\/wp-json\/wp\/v2\/media\/27627"}],"wp:attachment":[{"href":"https:\/\/mairsturnstile.com\/fr\/wp-json\/wp\/v2\/media?parent=10488"}],"wp:term":[{"taxonomy":"product_cat","embeddable":true,"href":"https:\/\/mairsturnstile.com\/fr\/wp-json\/wp\/v2\/product_cat?post=10488"},{"taxonomy":"product_tag","embeddable":true,"href":"https:\/\/mairsturnstile.com\/fr\/wp-json\/wp\/v2\/product_tag?post=10488"}],"curies":[{"name":"wp","href":"https:\/\/api.w.org\/{rel}","templated":true}]}}