{"id":10489,"date":"2020-09-13T00:27:25","date_gmt":"2020-09-12T16:27:25","guid":{"rendered":"https:\/\/mairsturnstile.com\/product\/tourniquet-barriere-a-rabat-tourniquet-mobile-mt223-s"},"modified":"2023-11-01T22:18:16","modified_gmt":"2023-11-01T14:18:16","slug":"tourniquet-mobile","status":"publish","type":"product","link":"https:\/\/mairsturnstile.com\/fr\/produit\/tourniquet-mobile","title":{"rendered":"TOURNIQUET BARRI\u00c8RE \u00c0 RABAT TOURNIQUET MOBILE MT253"},"content":{"rendered":"<p data-format=\"%title% %sep% %sitename%\" data-empty-title=\"Click to enter custom title\">        <!-- 3D Model html -->\r\n        <div class=\"bp_grand wrapper_22555\">   \r\n        <div class=\"bp_model_parent\">\r\n            <model-viewer class=\"model\" id=\"bp_model_id_22555\" src=\"http:\/\/mairsturnstile.com\/wp-content\/uploads\/2023\/06\/MT259.glb\" alt=\"MT259\" camera-controls  loading=\"auto\" auto-rotate                        >\r\n            <\/model-viewer>\r\n        \r\n            <!-- Button -->\r\n            <svg id=\"openBtn\" width=\"30px\" height=\"30px\" viewBox=\"0 0 16 16\" xmlns=\"http:\/\/www.w3.org\/2000\/svg\" fill=\"#f2f2f2\" class=\"bi bi-arrows-fullscreen model-icon\">\r\n                <path fill-rule=\"evenodd\" d=\"M5.828 10.172a.5.5 0 0 0-.707 0l-4.096 4.096V11.5a.5.5 0 0 0-1 0v3.975a.5.5 0 0 0 .5.5H4.5a.5.5 0 0 0 0-1H1.732l4.096-4.096a.5.5 0 0 0 0-.707zm4.344 0a.5.5 0 0 1 .707 0l4.096 4.096V11.5a.5.5 0 1 1 1 0v3.975a.5.5 0 0 1-.5.5H11.5a.5.5 0 0 1 0-1h2.768l-4.096-4.096a.5.5 0 0 1 0-.707zm0-4.344a.5.5 0 0 0 .707 0l4.096-4.096V4.5a.5.5 0 1 0 1 0V.525a.5.5 0 0 0-.5-.5H11.5a.5.5 0 0 0 0 1h2.768l-4.096 4.096a.5.5 0 0 0 0 .707zm-4.344 0a.5.5 0 0 1-.707 0L1.025 1.732V4.5a.5.5 0 0 1-1 0V.525a.5.5 0 0 1 .5-.5H4.5a.5.5 0 0 1 0 1H1.732l4.096 4.096a.5.5 0 0 1 0 .707z\"\/>\r\n            <\/svg>\r\n        \r\n            <svg id=\"closeBtn\" class=\"model-icon\" width=\"34px\" height=\"34px\" viewBox=\"0 0 24 24\" xmlns=\"http:\/\/www.w3.org\/2000\/svg\">\r\n                <path fill=\"none\" stroke=\"#f2f2f2\" stroke-width=\"2\" d=\"M7,7 L17,17 M7,17 L17,7\"\/>\r\n            <\/svg>\r\n        \r\n        <\/div>\r\n        <\/div> \r\n\r\n        <!-- Model Viewer Style -->\r\n        <style>\r\n            \r\n            .wrapper_22555 .bp_model_parent, #bp_model_id_22555 {\r\n                width: 1150px;\r\n                max-width: 100%;\r\n                                            }\r\n            #bp_model_id_22555 {\r\n                height:700px;\r\n                background-color: #f2f2f2;\r\n            }\r\n            .fullscreen #bp_model_id_22555{\r\n            height: 100%;\r\n            width: 100%;\r\n            }\r\n            .wrapper_22555 .bp_model_parent{\r\n                justify-content: start            }\r\n            model-viewer.model {\r\n                --poster-color: transparent;\r\n            }\r\n        <\/style>\r\n        \r\n        <\/p>\n<h4 class=\"serp-title\" data-format=\"%title% %sep% %sitename%\" data-empty-title=\"Click to enter custom title\">Le tourniquet mobile de barri\u00e8re d&rsquo;aileron de tourniquet porte une garantie de 2 ans et un support durable d&rsquo;entretien et de r\u00e9paration.<\/h4>\n<p data-format=\"%title% %sep% %sitename%\" data-empty-title=\"Click to enter custom title\">Nous pouvons fournir des services OEM et ODM. Nous avons des designers exp\u00e9riment\u00e9s qui peuvent effectuer une personnalisation approfondie en fonction de vos besoins. Nous fournirons une s\u00e9rie de mat\u00e9riaux tels que des rendus 3D, des dessins dimensionnels, etc. d\u00e8s que possible. Nos portes tourniquets mobiles peuvent \u00eatre personnalis\u00e9es en fonction de vos besoins r\u00e9els. Si vous avez besoin de personnaliser le tourniquet mobile et ces fonctions sp\u00e9ciales, veuillez <a href=\"https:\/\/mairsturnstile.com\/contact\">nous contacter<\/a>. Nous fournissons \u00e9galement des dispositifs biom\u00e9triques, tels que des lecteurs de cartes IC\/ID, des scanners d&#8217;empreintes digitales, des scanners de code QR, des cam\u00e9ras de reconnaissance faciale, etc.<\/p>\n<p><strong>Le tourniquet mobile est une sorte de porte tourniquet pour pi\u00e9tons, qui peut s&rsquo;appuyer sur la liaison NFC du t\u00e9l\u00e9phone portable avec la porte tourniquet pour r\u00e9aliser certaines fonctions de gestion du contr\u00f4le d&rsquo;acc\u00e8s. La porte tourniquet est combin\u00e9e avec le syst\u00e8me NFC correspondant et le lecteur de carte NFC pour former un tourniquet mobile.<\/strong> La porte tourniquet pi\u00e9tonne relie la fonction NFC du t\u00e9l\u00e9phone mobile pour r\u00e9aliser l&rsquo;ouverture et le passage de la porte en scannant le t\u00e9l\u00e9phone mobile, la fonction de pr\u00e9sence des employ\u00e9s apr\u00e8s avoir gliss\u00e9 la carte et la fonction de balayage de la consommation du t\u00e9l\u00e9phone mobile.<\/p>\n<p>En tant que produit Internet mobile le plus pratique, l&rsquo;industrie effectue des d\u00e9veloppements pratiques autour de la fonction des t\u00e9l\u00e9phones mobiles coupl\u00e9s \u00e0 d&rsquo;autres produits. La porte de tourniquet pour pi\u00e9tons relie la fonction NFC des t\u00e9l\u00e9phones portables pour r\u00e9aliser l&rsquo;ouverture de la porte et le passage du balayage des t\u00e9l\u00e9phones portables. C&rsquo;est vraiment une perc\u00e9e technique commode et pratique.<\/p>\n<p>\u00c0 l&rsquo;heure actuelle, la porte de tourniquet pour pi\u00e9tons a \u00e9t\u00e9 largement utilis\u00e9e dans les zones r\u00e9sidentielles, les chantiers de construction, les immeubles de bureaux, les sites pittoresques et d&rsquo;autres endroits, mais la carte IC est g\u00e9n\u00e9ralement utilis\u00e9e pour ouvrir la porte de tourniquet ou le lecteur d&#8217;empreintes digitales. En raison du d\u00e9veloppement rapide de NFC, le tourniquet mobile a \u00e9galement \u00e9t\u00e9 largement utilis\u00e9, en particulier pour les employ\u00e9s d&rsquo;usine et les personnes qui utilisent des t\u00e9l\u00e9phones portables depuis longtemps, il suffit de sortir le t\u00e9l\u00e9phone portable avec une puce NFC et de balayer le lecteur de carte sur le porte de tourniquet pour r\u00e9aliser passer.<\/p>\n<h4 style=\"font-weight: 400;\"><span style=\"font-style: inherit; font-weight: inherit;\">Tourniquet mobile de contr\u00f4le d&rsquo;acc\u00e8s de qualit\u00e9 sup\u00e9rieure Tourniquet de barri\u00e8re \u00e0 clapet <\/span><span style=\"font-style: inherit; font-weight: inherit;\">pour syst\u00e8me de contr\u00f4le d&rsquo;acc\u00e8s.<\/span><\/h4>\n<p>Nous pouvons \u00e9galement cr\u00e9er un rendu pour vous en quelques minutes en fonction de votre sc\u00e9nario r\u00e9el. Nous fournissons \u00e9galement une disposition et des dessins d\u00e9taill\u00e9s, ainsi que des dessins d&rsquo;installation.<\/p>\n\n        \t\n\t<style type=\"text\/css\">\n\t\t.slider-info-22564.bafg-slider-info .bafg-slider-title {\n\t\t\t\t\t\tfont-size: 22px;\n\t\t\t\t\t\t\n\t\t\t\n\t\t\t\t\t}\n\n\t\t.slider-info-22564.bafg-slider-info .bafg-slider-description {\n\t\t\t\n\t\t\t\n\t\t\t\t\t}\n\n\t\t.slider-info-22564.bafg-slider-info .bafg_slider_readmore_button {\n\t\t\t\n\t\t\t\n\t\t\t\n\t\t\t\n\t\t\t\n\t\t\ttext-align: center;\n\n\t\t\t\n\t\t\t\n\t\t\t\n\t\t\t\n\t\t\t\n\t\t\t\n\t\t\t\t\t}\n\n\t\t.slider-info-22564.bafg-slider-info .bafg_slider_readmore_button:hover {\n\n\t\t\t\n\t\t\t\n\t\t\t\t\t}\n\n\t<\/style>\n\t\n        <div class=\"bafg-twentytwenty-container slider-22564 \" bafg-orientation=\"horizontal\" bafg-default-offset=\"0.5\" bafg-before-label=\"Before\" bafg-after-label=\"After\" bafg-overlay=\"yes\" bafg-move-slider-on-hover=\"yes\" bafg-click-to-move=\"no\">\n              \n            <img decoding=\"async\" class=\"skip-lazy\" src=\"http:\/\/mairsturnstile.com\/wp-content\/uploads\/2023\/06\/mobile-turnstile_4.jpg\" alt=\"\" data-skip-lazy title=\"\">\n            <img decoding=\"async\" class=\"skip-lazy\" src=\"http:\/\/mairsturnstile.com\/wp-content\/uploads\/2023\/06\/mobile-turnstile_5.jpg\" alt=\"\" data-skip-lazy title=\"\">\n           \n        <\/div>\n\n        \t<div class=\"bafg-slider-info-wraper\">\n\t\t<div style=\"\" class=\"slider-info-22564 bafg-slider-info\">\n\t\t\t\t\t<\/div>\n\t<\/div>\n\t\n        <style type=\"text\/css\">\n            \n        <\/style>\n        \n<p data-format=\"%title% %sep% %sitename%\" data-empty-title=\"Click to enter custom title\"><span style=\"font-weight: 400;\"><span style=\"font-style: inherit; font-weight: inherit;\">La barri\u00e8re \u00e0 clapet de tourniquet mobile est une barri\u00e8re pour pi\u00e9tons install\u00e9e en conjonction avec tout syst\u00e8me de <a href=\"https:\/\/en.wikipedia.org\/wiki\/Access_control\" target=\"_blank\" rel=\"noopener\">contr\u00f4le d&rsquo;acc\u00e8s<\/a> qui apporte une aide pr\u00e9cieuse au personnel de s\u00e9curit\u00e9 \u00e0 toute entr\u00e9e surveill\u00e9e. <\/span><\/span><span style=\"font-weight: 400;\"><span style=\"font-style: inherit; font-weight: inherit;\">Les syst\u00e8mes de contr\u00f4le d&rsquo;acc\u00e8s \u00e0 <a href=\"https:\/\/mairsturnstile.com\/what-is-flap-barrier.html\">barri\u00e8re battante<\/a> constituent un moyen efficace de contr\u00f4ler la circulation des pi\u00e9tons aux entr\u00e9es des communaut\u00e9s de haut niveau, des b\u00e2timents intelligents, des logements, des stations de m\u00e9tro et de diff\u00e9rents lieux de haut niveau.<\/span><\/span><\/p>\n<ul>\n<li>La barri\u00e8re de volet de contr\u00f4le d&rsquo;acc\u00e8s au tourniquet est con\u00e7ue pour contr\u00f4ler les personnes entrant ou sortant de la zone r\u00e9glement\u00e9e. Il est g\u00e9n\u00e9ralement utilis\u00e9 dans les endroits \u00e0 fort trafic pi\u00e9tonnier dans les deux sens.<\/li>\n<li>Le bo\u00eetier de la barri\u00e8re \u00e0 rabat est en acier inoxydable 304 bross\u00e9, ce qui cr\u00e9e un syst\u00e8me d&rsquo;entr\u00e9e homog\u00e8ne et agr\u00e9able pour se fondre dans la plupart des environnements int\u00e9rieurs.<\/li>\n<li>Il peut \u00eatre int\u00e9gr\u00e9 \u00e0 tous les syst\u00e8mes de contr\u00f4le d&rsquo;acc\u00e8s tiers (par exemple : syst\u00e8me d&rsquo;acc\u00e8s RFID, Push the button, Empreinte digitale et reconnaissance faciale avec contr\u00f4le de temp\u00e9rature).<\/li>\n<li>En cas d&rsquo;urgence, le bras du tourniquet du volet s&rsquo;ouvrira automatiquement en se connectant \u00e0 la batterie ou au condensateur pour permettre le libre passage.<\/li>\n<li>Les barri\u00e8res optiques d&rsquo;aileron de contr\u00f4le d&rsquo;acc\u00e8s de tourniquet conviennent aux solutions d&rsquo;entr\u00e9e de luxe et \u00e9l\u00e9gantes.<\/li>\n<li>Le tourniquet \u00e0 volets pr\u00e9sente une vitesse rapide, une longue dur\u00e9e de vie, des performances \u00e9lev\u00e9es et une fiabilit\u00e9 de fonctionnement \u00e9lev\u00e9e<\/li>\n<li> Fonction d&rsquo;alarme, en cas d&rsquo;intrusion ill\u00e9gale et d&rsquo;intrusion invers\u00e9e.<\/li>\n<li>Le capteur infrarouge d\u00e9clenchera une alarme et le voyant LED clignotera pour \u00e9viter de pincer les pi\u00e9tons.<\/li>\n<li>Fonction de r\u00e9initialisation automatique : les bras des volets se ferment automatiquement dans les 5 s par d\u00e9faut (peut \u00eatre d\u00e9fini) si un passager tarde \u00e0<\/li>\n<li>Le tourniquet \u00e0 rabat restera dans la serrure si quelqu&rsquo;un veut faire irruption sans glisser la carte RFID.<\/li>\n<li>L&rsquo;indicateur de direction \u00e0 LED sur les montants sup\u00e9rieurs et avant.<\/li>\n<li>Fonction anti-retour, le tourniquet alarme si quelqu&rsquo;un veut entrer dans le sens inverse.<\/li>\n<li>Le fonctionnement bidirectionnel ou unidirectionnel sont des options.<\/li>\n<\/ul>\n<p>Nous pouvons fournir la solution compl\u00e8te de contr\u00f4le d&rsquo;acc\u00e8s de s\u00e9curit\u00e9. Si vous avez votre propre syst\u00e8me de contr\u00f4le d&rsquo;acc\u00e8s, vous pouvez directement utiliser notre porte tourniquet. Si vous n&rsquo;en avez pas, nous fournissons \u00e9galement une solution compl\u00e8te de contr\u00f4le d&rsquo;acc\u00e8s de s\u00e9curit\u00e9. Veuillez vous r\u00e9f\u00e9rer \u00e0 la vid\u00e9o ci-dessous pour plus de d\u00e9tails.<\/p>\n<p><iframe title=\"Tourniquet barri\u00e8re \u00e0 clapet, Portillon barri\u00e8re \u00e0 clapet, Tourniquet \u00e0 clapet optique - MairsTurnstile\" src=\"https:\/\/www.youtube.com\/embed\/nK1a72Ax-jQ\" width=\"1150\" height=\"650\" frameborder=\"0\" allowfullscreen=\"allowfullscreen\"><\/iframe><\/p>\n","protected":false},"excerpt":{"rendered":"<p>1. Taille : 1400 * 300 * 980 mm (peut \u00eatre personnalis\u00e9)<\/p>\n<p>2. Largeur de voie : 550 mm (peut \u00eatre personnalis\u00e9)<\/p>\n<p>3. Vitesse de passage : 40 personne\/min<\/p>\n<p>4. Alimentation : 110 V\/220 V 50\/60 Hz<\/p>\n<p>5. Moteur d&rsquo;entra\u00eenement : 20 W<\/p>\n<p>6. Signal de porte ouverte : contact sec\/relais<\/p>\n<p>7. Moteur d&rsquo;entra\u00eenement : DC24V<\/p>\n<p>8. Porte de barri\u00e8re d&rsquo;aileron Poids : 70 kg\/pcs<\/p>\n<p>9. Fiabilit\u00e9 du m\u00e9canisme : 3 millions, sans faute<\/p>\n<p><span style=\"color: #0000ff;\"><strong><a style=\"color: #0000ff;\" title=\"Tourniquet de barri\u00e8re \u00e0 rabat certifi\u00e9 CE Mairs\" href=\"http:\/\/mairsturnstile.com\/wp-content\/uploads\/2022\/09\/Mairs-CE-Certificate-Flap-Barrier-Turnstile.pdf\" target=\"_blank\" rel=\"noopener noreferrer\">Certifi\u00e9 CE,<\/a> <a style=\"color: #0000ff;\" title=\"Certificat Mairs ISO9001\" href=\"http:\/\/mairsturnstile.com\/wp-content\/uploads\/2022\/09\/Mairs-Registration-Certificate-ISO9001.pdf\" target=\"_blank\" rel=\"noopener noreferrer\">Certifi\u00e9 ISO9001.<\/a><\/strong><\/span><\/p>\n","protected":false},"featured_media":22018,"comment_status":"closed","ping_status":"closed","template":"","meta":{"neve_meta_sidebar":"","neve_meta_container":"","neve_meta_enable_content_width":"off","neve_meta_content_width":0,"neve_meta_title_alignment":"","neve_meta_author_avatar":"","neve_post_elements_order":"","neve_meta_disable_header":"","neve_meta_disable_footer":"","neve_meta_disable_title":"","_ti_tpc_template_sync":false,"_ti_tpc_template_id":""},"product_cat":[872,877],"product_tag":[994,1432,1433,986,1400,1369,999,1000],"class_list":["post-10489","product","type-product","status-publish","has-post-thumbnail","hentry","product_cat-barriere-a-rabat","product_cat-porte-tourniquet","product_tag-porte-de-barriere-daileron","product_tag-porte-de-tourniquet-daileron","product_tag-systeme-de-barriere-a-rabat","product_tag-tourniquet-a-volet","product_tag-tourniquet-de-barriere-daileron","product_tag-tourniquet-de-sortie","product_tag-tourniquet-mobile","product_tag-tourniquets-mobiles"],"_links":{"self":[{"href":"https:\/\/mairsturnstile.com\/fr\/wp-json\/wp\/v2\/product\/10489","targetHints":{"allow":["GET"]}}],"collection":[{"href":"https:\/\/mairsturnstile.com\/fr\/wp-json\/wp\/v2\/product"}],"about":[{"href":"https:\/\/mairsturnstile.com\/fr\/wp-json\/wp\/v2\/types\/product"}],"replies":[{"embeddable":true,"href":"https:\/\/mairsturnstile.com\/fr\/wp-json\/wp\/v2\/comments?post=10489"}],"version-history":[{"count":0,"href":"https:\/\/mairsturnstile.com\/fr\/wp-json\/wp\/v2\/product\/10489\/revisions"}],"wp:featuredmedia":[{"embeddable":true,"href":"https:\/\/mairsturnstile.com\/fr\/wp-json\/wp\/v2\/media\/22018"}],"wp:attachment":[{"href":"https:\/\/mairsturnstile.com\/fr\/wp-json\/wp\/v2\/media?parent=10489"}],"wp:term":[{"taxonomy":"product_cat","embeddable":true,"href":"https:\/\/mairsturnstile.com\/fr\/wp-json\/wp\/v2\/product_cat?post=10489"},{"taxonomy":"product_tag","embeddable":true,"href":"https:\/\/mairsturnstile.com\/fr\/wp-json\/wp\/v2\/product_tag?post=10489"}],"curies":[{"name":"wp","href":"https:\/\/api.w.org\/{rel}","templated":true}]}}