{"id":10493,"date":"2020-09-12T23:56:04","date_gmt":"2020-09-12T15:56:04","guid":{"rendered":"https:\/\/mairsturnstile.com\/product\/portes-barrieres-a-rabat-portes-tourniquet-mt242"},"modified":"2023-11-01T22:21:36","modified_gmt":"2023-11-01T14:21:36","slug":"tourniquet-portes-egypte","status":"publish","type":"product","link":"https:\/\/mairsturnstile.com\/fr\/produit\/tourniquet-portes-egypte","title":{"rendered":"PORTES BARRI\u00c8RES \u00c0 RABAT PORTES TOURNIQUET MT261"},"content":{"rendered":"        <!-- 3D Model html -->\r\n        <div class=\"bp_grand wrapper_22547\">   \r\n        <div class=\"bp_model_parent\">\r\n            <model-viewer class=\"model\" id=\"bp_model_id_22547\" src=\"http:\/\/mairsturnstile.com\/wp-content\/uploads\/2024\/11\/MT261.glb\" alt=\"MT261\" camera-controls  loading=\"auto\" auto-rotate                        >\r\n            <\/model-viewer>\r\n        \r\n            <!-- Button -->\r\n            <svg id=\"openBtn\" width=\"30px\" height=\"30px\" viewBox=\"0 0 16 16\" xmlns=\"http:\/\/www.w3.org\/2000\/svg\" fill=\"#f2f2f2\" class=\"bi bi-arrows-fullscreen model-icon\">\r\n                <path fill-rule=\"evenodd\" d=\"M5.828 10.172a.5.5 0 0 0-.707 0l-4.096 4.096V11.5a.5.5 0 0 0-1 0v3.975a.5.5 0 0 0 .5.5H4.5a.5.5 0 0 0 0-1H1.732l4.096-4.096a.5.5 0 0 0 0-.707zm4.344 0a.5.5 0 0 1 .707 0l4.096 4.096V11.5a.5.5 0 1 1 1 0v3.975a.5.5 0 0 1-.5.5H11.5a.5.5 0 0 1 0-1h2.768l-4.096-4.096a.5.5 0 0 1 0-.707zm0-4.344a.5.5 0 0 0 .707 0l4.096-4.096V4.5a.5.5 0 1 0 1 0V.525a.5.5 0 0 0-.5-.5H11.5a.5.5 0 0 0 0 1h2.768l-4.096 4.096a.5.5 0 0 0 0 .707zm-4.344 0a.5.5 0 0 1-.707 0L1.025 1.732V4.5a.5.5 0 0 1-1 0V.525a.5.5 0 0 1 .5-.5H4.5a.5.5 0 0 1 0 1H1.732l4.096 4.096a.5.5 0 0 1 0 .707z\"\/>\r\n            <\/svg>\r\n        \r\n            <svg id=\"closeBtn\" class=\"model-icon\" width=\"34px\" height=\"34px\" viewBox=\"0 0 24 24\" xmlns=\"http:\/\/www.w3.org\/2000\/svg\">\r\n                <path fill=\"none\" stroke=\"#f2f2f2\" stroke-width=\"2\" d=\"M7,7 L17,17 M7,17 L17,7\"\/>\r\n            <\/svg>\r\n        \r\n        <\/div>\r\n        <\/div> \r\n\r\n        <!-- Model Viewer Style -->\r\n        <style>\r\n            \r\n            .wrapper_22547 .bp_model_parent, #bp_model_id_22547 {\r\n                width: 1150px;\r\n                max-width: 100%;\r\n                                            }\r\n            #bp_model_id_22547 {\r\n                height:700px;\r\n                background-color: #f2f2f2;\r\n            }\r\n            .fullscreen #bp_model_id_22547{\r\n            height: 100%;\r\n            width: 100%;\r\n            }\r\n            .wrapper_22547 .bp_model_parent{\r\n                justify-content: start            }\r\n            model-viewer.model {\r\n                --poster-color: transparent;\r\n            }\r\n        <\/style>\r\n        \r\n        \n<h4>portes tourniquet egypte b\u00e9n\u00e9ficie d&rsquo;une garantie de 2 ans et d&rsquo;un support de maintenance et de r\u00e9paration durable.<\/h4>\n<p>Nous pouvons fournir des services OEM et ODM. Nous avons des designers exp\u00e9riment\u00e9s qui peuvent effectuer une personnalisation approfondie en fonction de vos besoins. Nous fournirons une s\u00e9rie de mat\u00e9riaux tels que des rendus 3D, des dessins dimensionnels, etc. d\u00e8s que possible. Nous fournissons \u00e9galement des dispositifs biom\u00e9triques, tels que des lecteurs de cartes IC\/ID, des scanners d&#8217;empreintes digitales, des scanners de code QR, des cam\u00e9ras de reconnaissance faciale, etc.<\/p>\n<p>portes tourniquet egypte <span style=\"font-weight: 400;\">offre une m\u00e9thode fiable et efficace pour s&rsquo;assurer que seuls les utilisateurs autoris\u00e9s sont autoris\u00e9s \u00e0 acc\u00e9der \u00e0 chaque zone d&rsquo;un b\u00e2timent. <span style=\"font-style: inherit; font-weight: inherit;\">Un indicateur de direction a montr\u00e9 que l&rsquo;acc\u00e8s des pi\u00e9tons \u00e0 l&rsquo;\u00e9tat actuel de, et guide pi\u00e9ton passage correct et en douceur. L&rsquo;association de capteurs infrarouges et policiers anti-entr\u00e9e ill\u00e9gale dans les acc\u00e8s pi\u00e9tons, la protection des pi\u00e9tons en douceur et la pr\u00e9vention du suivi de voie. La <a href=\"https:\/\/mairsturnstile.com\/what-is-flap-barrier.html\">barri\u00e8re \u00e0 clapet tourniquet<\/a> <span class=\"magic-9\"><span data-spm-anchor-id=\"a2700.details.pronpeci14.i0.239d5dfdDrjAzI\">est hautement<\/span><\/span> int\u00e9gr\u00e9 pour tout syst\u00e8me de contr\u00f4le d&rsquo;acc\u00e8s, comme les dispositifs de reconnaissance faciale, les empreintes digitales, les lecteurs QR, les syst\u00e8mes RFID, etc.<\/span><\/span><\/p>\n<p>Nous pouvons \u00e9galement cr\u00e9er un rendu pour vous en quelques minutes en fonction de votre sc\u00e9nario r\u00e9el. Nous fournissons \u00e9galement une disposition et des dessins d\u00e9taill\u00e9s, ainsi que des dessins d&rsquo;installation.<\/p>\n\n        \t\n\t<style type=\"text\/css\">\n\t\t.slider-info-22558.bafg-slider-info .bafg-slider-title {\n\t\t\t\t\t\tfont-size: 22px;\n\t\t\t\t\t\t\n\t\t\t\n\t\t\t\t\t}\n\n\t\t.slider-info-22558.bafg-slider-info .bafg-slider-description {\n\t\t\t\n\t\t\t\n\t\t\t\t\t}\n\n\t\t.slider-info-22558.bafg-slider-info .bafg_slider_readmore_button {\n\t\t\t\n\t\t\t\n\t\t\t\n\t\t\t\n\t\t\t\n\t\t\ttext-align: center;\n\n\t\t\t\n\t\t\t\n\t\t\t\n\t\t\t\n\t\t\t\n\t\t\t\n\t\t\t\t\t}\n\n\t\t.slider-info-22558.bafg-slider-info .bafg_slider_readmore_button:hover {\n\n\t\t\t\n\t\t\t\n\t\t\t\t\t}\n\n\t<\/style>\n\t\n        <div class=\"bafg-twentytwenty-container slider-22558 \" bafg-orientation=\"horizontal\" bafg-default-offset=\"0.5\" bafg-before-label=\"Before\" bafg-after-label=\"After\" bafg-overlay=\"yes\" bafg-move-slider-on-hover=\"yes\" bafg-click-to-move=\"no\">\n              \n            <img decoding=\"async\" class=\"skip-lazy\" src=\"http:\/\/mairsturnstile.com\/wp-content\/uploads\/2020\/09\/turnstile-gates-egypt-6.jpg\" alt=\"turnstile gates egypt\" data-skip-lazy title=\"\">\n            <img decoding=\"async\" class=\"skip-lazy\" src=\"http:\/\/mairsturnstile.com\/wp-content\/uploads\/2020\/09\/turnstile-gates-egypt-5.jpg\" alt=\"turnstile gates egypt\" data-skip-lazy title=\"\">\n           \n        <\/div>\n\n        \t<div class=\"bafg-slider-info-wraper\">\n\t\t<div style=\"\" class=\"slider-info-22558 bafg-slider-info\">\n\t\t\t\t\t<\/div>\n\t<\/div>\n\t\n        <style type=\"text\/css\">\n            \n        <\/style>\n        \n<ul>\n<li>portes tourniquet egypte est construit pour contr\u00f4ler les personnes entrant ou sortant de la zone r\u00e9glement\u00e9e. Il est g\u00e9n\u00e9ralement utilis\u00e9 dans les endroits \u00e0 fort trafic pi\u00e9tonnier dans les deux sens.<\/li>\n<li>Le bo\u00eetier du tourniquet \u00e9gyptien est fabriqu\u00e9 en <a href=\"https:\/\/en.wikipedia.org\/wiki\/Stainless_steel\" target=\"_blank\" rel=\"noopener\">acier inoxydable<\/a> 304 bross\u00e9, ce qui cr\u00e9e un syst\u00e8me d&rsquo;entr\u00e9e agr\u00e9able et sans soudure qui s&rsquo;int\u00e8gre \u00e0 la plupart des environnements int\u00e9rieurs.<\/li>\n<li>Il peut \u00eatre int\u00e9gr\u00e9 \u00e0 tous les syst\u00e8mes de contr\u00f4le d&rsquo;acc\u00e8s tiers (par exemple : syst\u00e8me d&rsquo;acc\u00e8s RFID, Push the button, Empreinte digitale et reconnaissance faciale avec contr\u00f4le de temp\u00e9rature).<\/li>\n<li>En cas d&rsquo;urgence, le bras du tourniquet du volet s&rsquo;ouvrira automatiquement en se connectant \u00e0 la batterie ou au condensateur pour permettre le libre passage.<\/li>\n<li>Les tourniquets \u00e0 volet optique conviennent aux solutions d&rsquo;entr\u00e9e luxueuses et \u00e9l\u00e9gantes.<\/li>\n<li>Les portes de tourniquet se caract\u00e9risent par une vitesse rapide, une longue dur\u00e9e de vie, des performances \u00e9lev\u00e9es et une grande fiabilit\u00e9 de fonctionnement.<\/li>\n<li> Fonction d&rsquo;alarme, en cas d&rsquo;intrusion ill\u00e9gale et d&rsquo;intrusion invers\u00e9e.<\/li>\n<li>Le capteur infrarouge d\u00e9clenchera une alarme et le voyant LED clignotera pour \u00e9viter de pincer les pi\u00e9tons.<\/li>\n<li>Fonction de r\u00e9initialisation automatique : les bras des volets se ferment automatiquement dans les 5 s par d\u00e9faut (peut \u00eatre d\u00e9fini) si un passager tarde \u00e0<\/li>\n<li>Le tourniquet \u00e0 rabat restera dans la serrure si quelqu&rsquo;un veut faire irruption sans glisser la carte RFID.<\/li>\n<li>L&rsquo;indicateur de direction \u00e0 LED sur les montants sup\u00e9rieurs et avant.<\/li>\n<li>Payer les portes tourniquet Egypte pour le syst\u00e8me de contr\u00f4le d&rsquo;acc\u00e8s.<\/li>\n<li>Fonction anti-retour, le tourniquet alarme si quelqu&rsquo;un veut entrer dans le sens inverse.<\/li>\n<li>Le fonctionnement bidirectionnel ou unidirectionnel sont des options<\/li>\n<\/ul>\n<p>Nous pouvons fournir la solution compl\u00e8te de contr\u00f4le d&rsquo;acc\u00e8s de s\u00e9curit\u00e9. Si vous avez votre propre syst\u00e8me de contr\u00f4le d&rsquo;acc\u00e8s, vous pouvez directement utiliser notre porte tourniquet. Si vous n&rsquo;en avez pas, nous fournissons \u00e9galement une solution compl\u00e8te de contr\u00f4le d&rsquo;acc\u00e8s de s\u00e9curit\u00e9. Veuillez vous r\u00e9f\u00e9rer \u00e0 la vid\u00e9o ci-dessous pour plus de d\u00e9tails.<\/p>\n<p><iframe title=\"Tourniquet barri\u00e8re \u00e0 clapet, Portillon barri\u00e8re \u00e0 clapet, Tourniquet \u00e0 clapet optique - MairsTurnstile\" src=\"https:\/\/www.youtube.com\/embed\/nK1a72Ax-jQ\" width=\"1150\" height=\"650\" frameborder=\"0\" allowfullscreen=\"allowfullscreen\"><\/iframe><\/p>\n","protected":false},"excerpt":{"rendered":"<p>1. Taille : 1500 * 300 * 980 mm (peut \u00eatre personnalis\u00e9)<\/p>\n<p>2. Largeur de voie : 550 mm (peut \u00eatre personnalis\u00e9)<\/p>\n<p>3. Vitesse de passage : 40 personne\/min<\/p>\n<p>4. Alimentation : 110 V\/220 V 50\/60 Hz<\/p>\n<p>5. Moteur d&rsquo;entra\u00eenement : 20 W<\/p>\n<p>6. Signal de porte ouverte : contact sec\/relais<\/p>\n<p>7. Moteur d&rsquo;entra\u00eenement : DC24V<\/p>\n<p>8. Porte de barri\u00e8re de tourniquet Poids : 80 kg\/pcs<\/p>\n<p>9. Fiabilit\u00e9 du m\u00e9canisme : 3 millions \u00e0 5 millions de fois, sans faute<\/p>\n<p><span style=\"color: #0000ff;\"><strong><a style=\"color: #0000ff;\" title=\"Tourniquet de barri\u00e8re \u00e0 rabat certifi\u00e9 CE Mairs\" href=\"http:\/\/mairsturnstile.com\/wp-content\/uploads\/2022\/09\/Mairs-CE-Certificate-Flap-Barrier-Turnstile.pdf\" target=\"_blank\" rel=\"noopener noreferrer\">Certifi\u00e9 CE,<\/a> <a style=\"color: #0000ff;\" title=\"Certificat Mairs ISO9001\" href=\"http:\/\/mairsturnstile.com\/wp-content\/uploads\/2022\/09\/Mairs-Registration-Certificate-ISO9001.pdf\" target=\"_blank\" rel=\"noopener noreferrer\">Certifi\u00e9 ISO9001.<\/a><\/strong><\/span><\/p>\n","protected":false},"featured_media":59537,"comment_status":"closed","ping_status":"closed","template":"","meta":{"neve_meta_sidebar":"","neve_meta_container":"","neve_meta_enable_content_width":"off","neve_meta_content_width":0,"neve_meta_title_alignment":"","neve_meta_author_avatar":"","neve_post_elements_order":"","neve_meta_disable_header":"","neve_meta_disable_footer":"","neve_meta_disable_title":"","_ti_tpc_template_sync":false,"_ti_tpc_template_id":""},"product_cat":[872,877],"product_tag":[994,1394,1007,1457],"class_list":["post-10493","product","type-product","status-publish","has-post-thumbnail","hentry","product_cat-barriere-a-rabat","product_cat-porte-tourniquet","product_tag-porte-de-barriere-daileron","product_tag-porte-de-barriere-de-tourniquet","product_tag-portes-tourniquet-egypte","product_tag-solutions-de-securite-tourniquet"],"_links":{"self":[{"href":"https:\/\/mairsturnstile.com\/fr\/wp-json\/wp\/v2\/product\/10493","targetHints":{"allow":["GET"]}}],"collection":[{"href":"https:\/\/mairsturnstile.com\/fr\/wp-json\/wp\/v2\/product"}],"about":[{"href":"https:\/\/mairsturnstile.com\/fr\/wp-json\/wp\/v2\/types\/product"}],"replies":[{"embeddable":true,"href":"https:\/\/mairsturnstile.com\/fr\/wp-json\/wp\/v2\/comments?post=10493"}],"version-history":[{"count":0,"href":"https:\/\/mairsturnstile.com\/fr\/wp-json\/wp\/v2\/product\/10493\/revisions"}],"wp:featuredmedia":[{"embeddable":true,"href":"https:\/\/mairsturnstile.com\/fr\/wp-json\/wp\/v2\/media\/59537"}],"wp:attachment":[{"href":"https:\/\/mairsturnstile.com\/fr\/wp-json\/wp\/v2\/media?parent=10493"}],"wp:term":[{"taxonomy":"product_cat","embeddable":true,"href":"https:\/\/mairsturnstile.com\/fr\/wp-json\/wp\/v2\/product_cat?post=10493"},{"taxonomy":"product_tag","embeddable":true,"href":"https:\/\/mairsturnstile.com\/fr\/wp-json\/wp\/v2\/product_tag?post=10493"}],"curies":[{"name":"wp","href":"https:\/\/api.w.org\/{rel}","templated":true}]}}