{"id":10499,"date":"2021-04-27T16:38:55","date_gmt":"2021-04-27T08:38:55","guid":{"rendered":"https:\/\/mairsturnstile.com\/product\/mecanisme-de-tourniquet-pleine-hauteur-a-vendre-mt601"},"modified":"2024-10-29T15:00:50","modified_gmt":"2024-10-29T07:00:50","slug":"mecanisme-de-tourniquet-plein-hauteur","status":"publish","type":"product","link":"https:\/\/mairsturnstile.com\/fr\/produit\/mecanisme-de-tourniquet-plein-hauteur","title":{"rendered":"M\u00c9CANISME DE TOURNIQUET PLEINE HAUTEUR MT601"},"content":{"rendered":"<p><iframe title=\"Lecteur vid\u00e9o YouTube\" src=\"https:\/\/www.youtube.com\/embed\/Su17joHCYgU\" width=\"560\" height=\"315\" frameborder=\"0\" allowfullscreen=\"allowfullscreen\"><\/iframe><\/p>\n<h2>M\u00e9canisme de tourniquet pleine hauteur, <strong><b>M\u00e9canisme de tourniquet pleine hauteur semi-automatique <\/b><\/strong> <\/h2>\n<p>Le <a href=\"https:\/\/mairsturnstile.com\/turnstile-mechanism.html\" target=\"_blank\" rel=\"noopener\">m\u00e9canisme de tourniquet<\/a> pleine hauteur est l&rsquo;un des composants essentiels de la porte de tourniquet, et le m\u00e9canisme de tourniquet pleine hauteur contr\u00f4le la porte de tourniquet en contr\u00f4lant le balancement du bras d&rsquo;aile. Ce m\u00e9canisme de tourniquet pleine hauteur est destin\u00e9 aux tourniquets pleine hauteur rotatifs \u00e0 120 degr\u00e9s ou 90 degr\u00e9s.<\/p>\n<p>Le <a href=\"https:\/\/en.wikipedia.org\/wiki\/Mechanism\" target=\"_blank\" rel=\"noopener\">m\u00e9canisme<\/a> de la porte de tourniquet pleine hauteur est au c\u0153ur de toute la porte de tourniquet pleine hauteur.<\/p>\n<p>La qualit\u00e9 de fonctionnement du m\u00e9canisme d\u00e9termine la qualit\u00e9 de la <a href=\"https:\/\/mairsturnstile.com\/product\/full-height-turnstile-gate-mt402-2-b\">porte du tourniquet pleine hauteur<\/a>, mais la d\u00e9faillance de la porte du tourniquet pleine hauteur est \u00e9galement li\u00e9e au m\u00e9canisme. Seules la bonne m\u00e9thode d&rsquo;utilisation et un bon entretien sont les cl\u00e9s pour assurer la dur\u00e9e de vie de la porte du tourniquet. C&rsquo;est \u00e9galement une m\u00e9thode pour am\u00e9liorer la dur\u00e9e de vie globale de la porte de tourniquet, Mairs offre le meilleur m\u00e9canisme de qualit\u00e9 pour une porte de tourniquet pleine hauteur.<\/p>\n<p><strong>Caract\u00e9ristiques :<\/strong><\/p>\n<ol>\n<li>Fonctionnement stable, pas de bruit et impact m\u00e9canique<\/li>\n<li>Le nombre de passagers peut \u00eatre d\u00e9fini<\/li>\n<li>Plusieurs m\u00e9thodes de traitement de moules \u00e0 choisir<\/li>\n<li>Bi-direction une direction autoris\u00e9e, une interdite, ou une direction payante, une gratuite. Tous les moules de travail sont r\u00e9gl\u00e9s par des boutons sur le tableau de commande principal<\/li>\n<li>Le faisceau descendant et le faisceau suspendu peuvent \u00eatre contr\u00f4l\u00e9s sur une longue distance pour r\u00e9pondre aux exigences particuli\u00e8res des utilisateurs et aux exigences de protection contre l&rsquo;incendie.<\/li>\n<li>Le voyant indicateur de direction vous indique la direction \u00e0 prendre sur le tourniquet<\/li>\n<li>Interface \u00e9lectrique standard, interface de communication RS485, interface de relais et interface de niveau connect\u00e9es \u00e0 divers appareils de lecture et d&rsquo;\u00e9criture<\/li>\n<li>Toutes les fonctions sont r\u00e9alis\u00e9es sur un ordinateur tout-en-un, qui est contr\u00f4l\u00e9 et g\u00e9r\u00e9 \u00e0 distance par un ordinateur<\/li>\n<li>Il peut compter automatiquement le nombre de passants, affichage LED<\/li>\n<li>Couper l&rsquo;alimentation \u00e9lectrique pour soulever le faisceau. Lorsque l&rsquo;alimentation est allum\u00e9e, le bras se l\u00e8ve automatiquement et s&rsquo;arr\u00eate lorsqu&rsquo;il rencontre des obstacles<\/li>\n<li>La fonction avec ou sans m\u00e9moire lecteur de carte peut \u00eatre param\u00e9tr\u00e9e selon vos besoins.<\/li>\n<li>Op\u00e9ration auto-v\u00e9rifier l&rsquo;alarme<\/li>\n<\/ol>\n","protected":false},"excerpt":{"rendered":"<p>1. Puissance : AC220C\u00b110V, 50\/60HZ ;<\/p>\n<p>2. Noyau de machine : semi-automatique<\/p>\n<p>3. Temp\u00e9rature de fonctionnement : -45\u2103-60\u2103<\/p>\n<p>4. Vitesse de d\u00e9passement : 30 personnes\/min (carte IC)<\/p>\n<p>5. Humidit\u00e9 relative : \u2264 95 %, sans condensation<\/p>\n<p>6. Largeur de passage : \u2264600mm<\/p>\n<p>7. Connexion de communication : communication RS485<\/p>\n<p>8. Mat\u00e9riau : acier inoxydable 304, l&rsquo;\u00e9paisseur n&rsquo;est pas inf\u00e9rieure \u00e0 1,3 mm.<\/p>\n<p>9. Distance de communication : 1200M<\/p>\n<p>10. Dur\u00e9e de vie : 3 millions (op\u00e9ration continue d&rsquo;ouverture et de fermeture)<\/p>\n<p>11. Niveau de protection : IP54<\/p>\n","protected":false},"featured_media":35785,"comment_status":"closed","ping_status":"closed","template":"","meta":{"neve_meta_sidebar":"","neve_meta_container":"","neve_meta_enable_content_width":"off","neve_meta_content_width":0,"neve_meta_title_alignment":"","neve_meta_author_avatar":"","neve_post_elements_order":"","neve_meta_disable_header":"","neve_meta_disable_footer":"","neve_meta_disable_title":"","_ti_tpc_template_sync":false,"_ti_tpc_template_id":""},"product_cat":[877,873],"product_tag":[1438,991,1018,1437,1017],"class_list":["post-10499","product","type-product","status-publish","has-post-thumbnail","hentry","product_cat-porte-tourniquet","product_cat-tourniquets-pleine-hauteur","product_tag-composants-de-tourniquet","product_tag-mecanisme-de-porte-de-tourniquet","product_tag-mecanisme-de-porte-tourniquet-pleine-hauteur","product_tag-mecanisme-de-tourniquet","product_tag-mecanisme-de-tourniquet-pleine-hauteur"],"_links":{"self":[{"href":"https:\/\/mairsturnstile.com\/fr\/wp-json\/wp\/v2\/product\/10499","targetHints":{"allow":["GET"]}}],"collection":[{"href":"https:\/\/mairsturnstile.com\/fr\/wp-json\/wp\/v2\/product"}],"about":[{"href":"https:\/\/mairsturnstile.com\/fr\/wp-json\/wp\/v2\/types\/product"}],"replies":[{"embeddable":true,"href":"https:\/\/mairsturnstile.com\/fr\/wp-json\/wp\/v2\/comments?post=10499"}],"version-history":[{"count":0,"href":"https:\/\/mairsturnstile.com\/fr\/wp-json\/wp\/v2\/product\/10499\/revisions"}],"wp:featuredmedia":[{"embeddable":true,"href":"https:\/\/mairsturnstile.com\/fr\/wp-json\/wp\/v2\/media\/35785"}],"wp:attachment":[{"href":"https:\/\/mairsturnstile.com\/fr\/wp-json\/wp\/v2\/media?parent=10499"}],"wp:term":[{"taxonomy":"product_cat","embeddable":true,"href":"https:\/\/mairsturnstile.com\/fr\/wp-json\/wp\/v2\/product_cat?post=10499"},{"taxonomy":"product_tag","embeddable":true,"href":"https:\/\/mairsturnstile.com\/fr\/wp-json\/wp\/v2\/product_tag?post=10499"}],"curies":[{"name":"wp","href":"https:\/\/api.w.org\/{rel}","templated":true}]}}