{"id":10501,"date":"2020-09-12T18:17:59","date_gmt":"2020-09-12T10:17:59","guid":{"rendered":"https:\/\/mairsturnstile.com\/product\/tourniquets-pietons-toute-hauteur-mt402"},"modified":"2023-11-02T12:47:14","modified_gmt":"2023-11-02T04:47:14","slug":"tourniquets-pietons-toute-hauteur","status":"publish","type":"product","link":"https:\/\/mairsturnstile.com\/fr\/produit\/tourniquets-pietons-toute-hauteur","title":{"rendered":"TOURNIQUETS PI\u00c9TONS TOUTE HAUTEUR MT402"},"content":{"rendered":"        <!-- 3D Model html -->\r\n        <div class=\"bp_grand wrapper_19978\">   \r\n        <div class=\"bp_model_parent\">\r\n            <model-viewer class=\"model\" id=\"bp_model_id_19978\" src=\"http:\/\/mairsturnstile.com\/wp-content\/uploads\/2023\/07\/MT402.glb\" alt=\"MT402\" camera-controls  loading=\"auto\" auto-rotate                        >\r\n            <\/model-viewer>\r\n        \r\n            <!-- Button -->\r\n            <svg id=\"openBtn\" width=\"30px\" height=\"30px\" viewBox=\"0 0 16 16\" xmlns=\"http:\/\/www.w3.org\/2000\/svg\" fill=\"#f2f2f2\" class=\"bi bi-arrows-fullscreen model-icon\">\r\n                <path fill-rule=\"evenodd\" d=\"M5.828 10.172a.5.5 0 0 0-.707 0l-4.096 4.096V11.5a.5.5 0 0 0-1 0v3.975a.5.5 0 0 0 .5.5H4.5a.5.5 0 0 0 0-1H1.732l4.096-4.096a.5.5 0 0 0 0-.707zm4.344 0a.5.5 0 0 1 .707 0l4.096 4.096V11.5a.5.5 0 1 1 1 0v3.975a.5.5 0 0 1-.5.5H11.5a.5.5 0 0 1 0-1h2.768l-4.096-4.096a.5.5 0 0 1 0-.707zm0-4.344a.5.5 0 0 0 .707 0l4.096-4.096V4.5a.5.5 0 1 0 1 0V.525a.5.5 0 0 0-.5-.5H11.5a.5.5 0 0 0 0 1h2.768l-4.096 4.096a.5.5 0 0 0 0 .707zm-4.344 0a.5.5 0 0 1-.707 0L1.025 1.732V4.5a.5.5 0 0 1-1 0V.525a.5.5 0 0 1 .5-.5H4.5a.5.5 0 0 1 0 1H1.732l4.096 4.096a.5.5 0 0 1 0 .707z\"\/>\r\n            <\/svg>\r\n        \r\n            <svg id=\"closeBtn\" class=\"model-icon\" width=\"34px\" height=\"34px\" viewBox=\"0 0 24 24\" xmlns=\"http:\/\/www.w3.org\/2000\/svg\">\r\n                <path fill=\"none\" stroke=\"#f2f2f2\" stroke-width=\"2\" d=\"M7,7 L17,17 M7,17 L17,7\"\/>\r\n            <\/svg>\r\n        \r\n        <\/div>\r\n        <\/div> \r\n\r\n        <!-- Model Viewer Style -->\r\n        <style>\r\n            \r\n            .wrapper_19978 .bp_model_parent, #bp_model_id_19978 {\r\n                width: 1150px;\r\n                max-width: 100%;\r\n                                            }\r\n            #bp_model_id_19978 {\r\n                height:700px;\r\n                background-color: #f2f2f2;\r\n            }\r\n            .fullscreen #bp_model_id_19978{\r\n            height: 100%;\r\n            width: 100%;\r\n            }\r\n            .wrapper_19978 .bp_model_parent{\r\n                justify-content: start            }\r\n            model-viewer.model {\r\n                --poster-color: transparent;\r\n            }\r\n        <\/style>\r\n        \r\n        \n<h2>Les tourniquets pi\u00e9tons pleine hauteur b\u00e9n\u00e9ficient d&rsquo;une garantie de 2 ans et d&rsquo;un support d&rsquo;entretien et de r\u00e9paration durable.<\/h2>\n<p>Nous pouvons fournir des services OEM et ODM. Nous fournissons \u00e9galement des dispositifs biom\u00e9triques, tels que des lecteurs de cartes IC\/ID, des scanners d&#8217;empreintes digitales, des scanners de code QR, des cam\u00e9ras de reconnaissance faciale, etc.<\/p>\n<p><strong>Le tourniquet pleine hauteur est un produit am\u00e9lior\u00e9 des portes de tourniquet pour pi\u00e9tons traditionnelles avec les meilleures performances de s\u00e9curit\u00e9, ce qui est beaucoup plus \u00e9lev\u00e9 et plus large qu&rsquo;une porte de tourniquet ordinaire et pr\u00e9sente des avantages de s\u00e9curit\u00e9 \u00e9vidents. <\/strong>Le tourniquet pleine hauteur peut former un espace de passage ferm\u00e9 et le personnel passe de mani\u00e8re ordonn\u00e9e en glissant des cartes et d&rsquo;autres m\u00e9thodes. Les tourniquets pleine hauteur peuvent \u00eatre sans surveillance et ont une valeur d&rsquo;application \u00e9lev\u00e9e dans certains endroits avec des mesures de s\u00e9curit\u00e9 strictes. Il est compos\u00e9 d&rsquo;un ch\u00e2ssis et de 3 ou 4 rang\u00e9es de bielles rotatives. Les tourniquets pleine hauteur sont d\u00e9velopp\u00e9s sur la base d&rsquo;un <a href=\"https:\/\/mairsturnstile.com\/product\/tripod-security-gate\">tourniquet tripode<\/a>. Il peut \u00eatre dissuad\u00e9 ou lib\u00e9r\u00e9 en tournant de 120\u00b0 ou 90\u00b0 \u00e0 chaque fois.<\/p>\n<p><strong>Les tourniquets pi\u00e9tons pleine hauteur sont con\u00e7us pour contr\u00f4ler l&rsquo;entr\u00e9e et la sortie des pi\u00e9tons, adapt\u00e9s \u00e0 une utilisation int\u00e9rieure et ext\u00e9rieure.<\/strong><\/p>\n<p>G\u00e9n\u00e9ralement, les tourniquets pleine hauteur sont \u00e0 voie unique ou \u00e0 deux voies. Trois voies et quatre voies peuvent \u00eatre personnalis\u00e9es en fonction des besoins des clients. Les tourniquets pour pi\u00e9tons pleine hauteur peuvent \u00eatre utilis\u00e9s dans toutes sortes d&rsquo;environnements de construction et peuvent r\u00e9soudre tous les probl\u00e8mes de contr\u00f4le des passages d&rsquo;entr\u00e9e et de sortie pour pi\u00e9tons, contr\u00f4ler si la porte est verrouill\u00e9e ou d\u00e9verrouill\u00e9e \u00e0 tout moment, et jusqu&rsquo;\u00e0 20 interfaces de signal pour faciliter aux utilisateurs d&rsquo;\u00e9tendre sp\u00e9cial les fonctions.<\/p>\n<p>Les tourniquets pleine hauteur sont fabriqu\u00e9s en <a class=\"rank-math-link\" href=\"https:\/\/simple.wikipedia.org\/wiki\/Stainless_steel\" target=\"_blank\" rel=\"noopener noreferrer\">acier inoxydable<\/a> SUS304 ou en acier inoxydable 316. Il adopte la technologie de contr\u00f4le d&rsquo;entra\u00eenement la plus avanc\u00e9e, qui peut modifier la conception dans une large gamme pour r\u00e9pondre aux diverses exigences des diff\u00e9rents styles de b\u00e2timents modernes pour les syst\u00e8mes intelligents de contr\u00f4le d&rsquo;acc\u00e8s des pi\u00e9tons.<\/p>\n<p>Le tourniquet pleine hauteur convient aux occasions sans surveillance et aux exigences de haute s\u00e9curit\u00e9, ainsi qu&rsquo;\u00e0 certaines occasions ext\u00e9rieures avec un environnement difficile. Le tourniquet pleine hauteur est g\u00e9n\u00e9ralement utilis\u00e9 dans des zones de contr\u00f4le plus strictes, telles que les zones de gestion militaire, les usines chimiques, les chantiers de construction, les prisons, les banques, les troupes et d&rsquo;autres lieux hautement confidentiels, gr\u00e2ce \u00e0 la reconnaissance et \u00e0 la comparaison des visages, ainsi qu&rsquo;au syst\u00e8me de capture \u00e9lectronique, vraiment et effectivement un record de passage des pi\u00e9tons, am\u00e9liorer le facteur de s\u00e9curit\u00e9.<\/p>\n<p>Dans certains endroits sp\u00e9cifiques, comme certains passages sp\u00e9ciaux de la gare, ou des endroits soumis \u00e0 des exigences de s\u00e9curit\u00e9 strictes, comme les prisons ou les gymnases, les portes \u00e0 tourniquet g\u00e9n\u00e9ral ne peuvent pas r\u00e9pondre aux exigences de s\u00e9curit\u00e9. \u00c0 l&rsquo;heure actuelle, les tourniquets pour pi\u00e9tons pleine hauteur seront utilis\u00e9s pour la gestion du contr\u00f4le d&rsquo;acc\u00e8s, car les tourniquets pour pi\u00e9tons pleine hauteur sont les \u00e9quipements de contr\u00f4le d&rsquo;acc\u00e8s les plus durables, les plus robustes et les plus s\u00e9curis\u00e9s, ils conviennent aux endroits sans surveillance avec des exigences de s\u00e9curit\u00e9 \u00e9lev\u00e9es, comme ainsi que certains endroits ext\u00e9rieurs avec des environnements difficiles.<\/p>\n<p>Nous pouvons \u00e9galement cr\u00e9er un rendu pour vous en quelques minutes en fonction de votre sc\u00e9nario r\u00e9el. Nous fournissons \u00e9galement une disposition et des dessins d\u00e9taill\u00e9s, ainsi que des dessins d&rsquo;installation.<\/p>\n\n        \t\n\t<style type=\"text\/css\">\n\t\t.slider-info-19704.bafg-slider-info .bafg-slider-title {\n\t\t\t\t\t\tfont-size: 22px;\n\t\t\t\t\t\t\n\t\t\t\n\t\t\t\t\t}\n\n\t\t.slider-info-19704.bafg-slider-info .bafg-slider-description {\n\t\t\t\n\t\t\t\n\t\t\t\t\t}\n\n\t\t.slider-info-19704.bafg-slider-info .bafg_slider_readmore_button {\n\t\t\t\n\t\t\t\n\t\t\t\n\t\t\t\n\t\t\t\n\t\t\ttext-align: center;\n\n\t\t\t\n\t\t\t\n\t\t\t\n\t\t\t\n\t\t\t\n\t\t\t\n\t\t\t\t\t}\n\n\t\t.slider-info-19704.bafg-slider-info .bafg_slider_readmore_button:hover {\n\n\t\t\t\n\t\t\t\n\t\t\t\t\t}\n\n\t<\/style>\n\t\n        <div class=\"bafg-twentytwenty-container slider-19704 \" bafg-orientation=\"horizontal\" bafg-default-offset=\"0.5\" bafg-before-label=\"Before\" bafg-after-label=\"After\" bafg-overlay=\"yes\" bafg-move-slider-on-hover=\"yes\" bafg-click-to-move=\"yes\">\n              \n            <img decoding=\"async\" class=\"skip-lazy\" src=\"http:\/\/mairsturnstile.com\/wp-content\/uploads\/2023\/07\/full-height-pedestrian-turnstiles_4.jpg\" alt=\"\" data-skip-lazy title=\"\">\n            <img decoding=\"async\" class=\"skip-lazy\" src=\"http:\/\/mairsturnstile.com\/wp-content\/uploads\/2023\/07\/full-height-pedestrian-turnstiles_5.jpg\" alt=\"\" data-skip-lazy title=\"\">\n           \n        <\/div>\n\n        \t<div class=\"bafg-slider-info-wraper\">\n\t\t<div style=\"\" class=\"slider-info-19704 bafg-slider-info\">\n\t\t\t\t\t<\/div>\n\t<\/div>\n\t\n        <style type=\"text\/css\">\n            \n        <\/style>\n        \n<p><span style=\"font-weight: 400;\">Gr\u00e2ce \u00e0 l&rsquo;interface \u00e9lectrique standard, compatible avec les cartes d&rsquo;identit\u00e9, les empreintes digitales, la <a href=\"https:\/\/en.wikipedia.org\/wiki\/Facial_recognition\" target=\"_blank\" rel=\"noopener\">reconnaissance faciale<\/a>, les d\u00e9tecteurs infrarouges, les r\u00e9gulateurs de temp\u00e9rature, les codes-barres et les codes QR, les applications t\u00e9l\u00e9phoniques, les syst\u00e8mes ESD, les syst\u00e8mes de visite, etc. <\/span><\/p>\n<p><span style=\"font-weight: 400;\">Le tourniquet pleine hauteur est int\u00e9gr\u00e9 \u00e0 un m\u00e9canisme, \u00e9lectrique et microcontr\u00f4leur, et \u00e0 divers types de technologies d&rsquo;identification, compatibles avec IC, ID, code \u00e0 barres, lecteur d&#8217;empreintes digitales, etc. pour fournir un contr\u00f4le et une gestion intelligents du contr\u00f4le de flux. <\/span><\/p>\n<ul>\n<li style=\"list-style-type: none;\">\n<ul>\n<li>Les tourniquets pi\u00e9tonniers pleine hauteur sont souvent utilis\u00e9s pour les solutions de contr\u00f4le d&rsquo;acc\u00e8s de haute s\u00e9curit\u00e9.<\/li>\n<li>Les tourniquets pi\u00e9tons pleine hauteur sont en acier inoxydable 304 qui est antirouille, robuste et rigide.<\/li>\n<li>Les tourniquets pi\u00e9tonniers pleine hauteur sont id\u00e9aux pour les environnements int\u00e9rieurs et ext\u00e9rieurs.<\/li>\n<li>Les tourniquets de s\u00e9curit\u00e9 pleine hauteur peuvent \u00eatre int\u00e9gr\u00e9s \u00e0 tout type de syst\u00e8me de contr\u00f4le d&rsquo;acc\u00e8s (par exemple : dispositif RFID, empreinte digitale et dispositif biom\u00e9trique).<\/li>\n<li data-spm-anchor-id=\"a2700.details.pronpeci14.i0.58226f8fLZmm5D\">La porte du tourniquet s&rsquo;ouvrira automatiquement lorsque l&rsquo;alimentation est coup\u00e9e, c&rsquo;est tr\u00e8s s\u00fbr, pour r\u00e9pondre aux exigences de passage de contr\u00f4le d&rsquo;incendie.<\/li>\n<li>Avec la fonction anti-retour, arr\u00eatez la direction invers\u00e9e.<\/li>\n<li>Le m\u00e9canisme est \u00e9quip\u00e9 d&rsquo;un dispositif tampon hydraulique \u00e0 r\u00e9gulation automatique. Pas de bruit et d&rsquo;impact lors de la course.<\/li>\n<li>Fonction d&rsquo;auto-restauration, lorsque l&rsquo;alimentation est allum\u00e9e, le syst\u00e8me red\u00e9marre automatiquement.<\/li>\n<li>Fiabilit\u00e9 du m\u00e9canisme : 5 millions, sans faute<\/li>\n<li>Dispositifs \u00e0 double roulement, maintiennent le portail en \u00e9quilibre lorsqu&rsquo;il y a une force externe.<\/li>\n<li>Simple directionnel ou bidirectionnel est facultatif.<\/li>\n<li>Avec voyant LED.<\/li>\n<li>Les tourniquets de s\u00e9curit\u00e9 pleine hauteur peuvent \u00eatre personnalis\u00e9s pour r\u00e9pondre aux diff\u00e9rentes exigences des diff\u00e9rents endroits.<\/li>\n<li>Gr\u00e2ce au petit clavier int\u00e9gr\u00e9 de la carte de contr\u00f4le, avec des dispositifs programmables pour g\u00e9rer l&rsquo;\u00e9tat de fonctionnement.<\/li>\n<\/ul>\n<\/li>\n<\/ul>\n<p>Les <a href=\"https:\/\/mairsturnstile.com\/full-height-turnstiles.html\">tourniquets pleine hauteur<\/a> peuvent \u00eatre utilis\u00e9s \u00e0 l&rsquo;int\u00e9rieur et \u00e0 l&rsquo;ext\u00e9rieur. Il a de bonnes performances d&rsquo;\u00e9tanch\u00e9it\u00e9. En tant que meilleur <strong>tourniquet pleine hauteur en Malaisie<\/strong>, il est largement utilis\u00e9 pour les gares, les biblioth\u00e8ques scolaires, les installations gouvernementales, les parcs d&rsquo;attractions, les prisons, les stades de football, les appartements, les mus\u00e9es, les usines, etc.<\/p>\n<p>Ce tourniquet pleine hauteur est un seul tourniquet pleine hauteur, <strong>Qu&rsquo;est-ce qu&rsquo;un seul tourniquet pleine hauteur ? Contrairement \u00e0 <a href=\"https:\/\/mairsturnstile.com\/product\/full-height-double-turnstile\">un tourniquet double hauteur<\/a>, un tourniquet simple hauteur est compos\u00e9 d&rsquo;un m\u00e9canisme de contr\u00f4le et d&rsquo;une tige de blocage en acier inoxydable, qui ne comporte qu&rsquo;un seul canal. <\/strong>Nous pouvons fournir l&rsquo;ensemble de la solution de contr\u00f4le d&rsquo;acc\u00e8s de s\u00e9curit\u00e9, veuillez consulter la vid\u00e9o :<\/p>\n<p><iframe title=\"Lecteur vid\u00e9o YouTube\" src=\"https:\/\/www.youtube.com\/embed\/cy4ZzmrIfx0\" width=\"1150\" height=\"650\" frameborder=\"0\" allowfullscreen=\"allowfullscreen\"><span data-mce-type=\"bookmark\" style=\"display: inline-block; width: 0px; overflow: hidden; line-height: 0;\" class=\"mce_SELRES_start\"><\/span><\/iframe><\/p>\n","protected":false},"excerpt":{"rendered":"<p>1. Taille : 1630 * 1500 * 2310 mm (peut \u00eatre personnalis\u00e9)<\/p>\n<p>2. Largeur de voie : 650 mm (peut \u00eatre personnalis\u00e9)<\/p>\n<p>3. Mat\u00e9riau du bo\u00eetier : acier inoxydable 304 ou acier inoxydable 316<\/p>\n<p>4. Vitesse de passage : 30 personne\/min<\/p>\n<p>5. Alimentation : 110 V\/220 V 50\/60 Hz<\/p>\n<p>6. Sol\u00e9no\u00efde de tourniquets pi\u00e9tonniers pleine hauteur : DC24V<\/p>\n<p>7. Entr\u00e9e porte ouverte : contact sec\/relais<\/p>\n<p>8. Tension logique : DC24V<\/p>\n<p>9. Entra\u00eenement : semi-automatique<\/p>\n<p><strong><a title=\"Tourniquet pleine hauteur certifi\u00e9 Mairs CE\" href=\"http:\/\/mairsturnstile.com\/wp-content\/uploads\/2022\/09\/Mairs-CE-Certificate-Full-Height-Turnstile.pdf\" target=\"_blank\" rel=\"noopener noreferrer\">Certifi\u00e9 CE,<\/a> <a title=\"Certificat Mairs ISO9001\" href=\"http:\/\/mairsturnstile.com\/wp-content\/uploads\/2022\/09\/Mairs-Registration-Certificate-ISO9001.pdf\" target=\"_blank\" rel=\"noopener noreferrer\">Certifi\u00e9 ISO9001.<\/a><\/strong><\/p>\n<p><a title=\"Brochure Tourniquets Pi\u00e9tons Pleine Hauteur\" href=\"http:\/\/mairsturnstile.com\/wp-content\/uploads\/2022\/09\/MT402-Full-Height-Pedestrian-Turnstiles-Brochure.pdf\" target=\"_blank\" rel=\"noopener noreferrer\"><img decoding=\"async\" class=\"alignnone size-full wp-image-11034\" src=\"http:\/\/mairsturnstile.com\/wp-content\/uploads\/2022\/09\/pdf-MairsTurnstile.png\" alt=\"\" width=\"32\" height=\"32\"><strong><span style=\"color: #0000ff;\">Brochure des tourniquets pi\u00e9tonniers pleine hauteur MT402<\/span><\/strong><br \/>\n<\/a><\/p>\n<p><a title=\"Manuel d'installation du tourniquet pleine hauteur\" href=\"http:\/\/mairsturnstile.com\/wp-content\/uploads\/2023\/09\/Full-height-turnstile-installation-manual.pdf\" target=\"_blank\" rel=\"noopener noreferrer\"><img decoding=\"async\" class=\"alignnone size-full wp-image-11034\" src=\"http:\/\/mairsturnstile.com\/wp-content\/uploads\/2022\/09\/pdf-MairsTurnstile.png\" alt=\"\" width=\"32\" height=\"32\"><strong><span style=\"color: #0000ff;\"> Manuel d&rsquo;utilisation et d&rsquo;installation du tourniquet pleine hauteur<\/span><\/strong><\/a><\/p>\n","protected":false},"featured_media":57304,"comment_status":"closed","ping_status":"closed","template":"","meta":{"neve_meta_sidebar":"","neve_meta_container":"","neve_meta_enable_content_width":"off","neve_meta_content_width":0,"neve_meta_title_alignment":"","neve_meta_author_avatar":"","neve_post_elements_order":"","neve_meta_disable_header":"","neve_meta_disable_footer":"","neve_meta_disable_title":"","_ti_tpc_template_sync":false,"_ti_tpc_template_id":""},"product_cat":[877,873],"product_tag":[1446,1439,1023,1424,1464,1022],"class_list":["post-10501","product","type-product","status-publish","has-post-thumbnail","hentry","product_cat-porte-tourniquet","product_cat-tourniquets-pleine-hauteur","product_tag-porte-tourniquet-malaisie","product_tag-tourniquet-a-code-qr","product_tag-tourniquet-pleine-hauteur-malaisie","product_tag-tourniquet-toute-hauteur","product_tag-tourniquets-de-securite-pleine-hauteur","product_tag-tourniquets-pietons-toute-hauteur"],"_links":{"self":[{"href":"https:\/\/mairsturnstile.com\/fr\/wp-json\/wp\/v2\/product\/10501","targetHints":{"allow":["GET"]}}],"collection":[{"href":"https:\/\/mairsturnstile.com\/fr\/wp-json\/wp\/v2\/product"}],"about":[{"href":"https:\/\/mairsturnstile.com\/fr\/wp-json\/wp\/v2\/types\/product"}],"replies":[{"embeddable":true,"href":"https:\/\/mairsturnstile.com\/fr\/wp-json\/wp\/v2\/comments?post=10501"}],"version-history":[{"count":0,"href":"https:\/\/mairsturnstile.com\/fr\/wp-json\/wp\/v2\/product\/10501\/revisions"}],"wp:featuredmedia":[{"embeddable":true,"href":"https:\/\/mairsturnstile.com\/fr\/wp-json\/wp\/v2\/media\/57304"}],"wp:attachment":[{"href":"https:\/\/mairsturnstile.com\/fr\/wp-json\/wp\/v2\/media?parent=10501"}],"wp:term":[{"taxonomy":"product_cat","embeddable":true,"href":"https:\/\/mairsturnstile.com\/fr\/wp-json\/wp\/v2\/product_cat?post=10501"},{"taxonomy":"product_tag","embeddable":true,"href":"https:\/\/mairsturnstile.com\/fr\/wp-json\/wp\/v2\/product_tag?post=10501"}],"curies":[{"name":"wp","href":"https:\/\/api.w.org\/{rel}","templated":true}]}}