{"id":10502,"date":"2022-05-02T11:50:56","date_gmt":"2022-05-02T03:50:56","guid":{"rendered":"https:\/\/mairsturnstile.com\/product\/plein-tourniquet-de-taille-de-tourniquet-de-bicyclette-avec-la-porte-mt451-z-de-bicyclette"},"modified":"2024-10-29T14:54:32","modified_gmt":"2024-10-29T06:54:32","slug":"velo-tourniquet","status":"publish","type":"product","link":"https:\/\/mairsturnstile.com\/fr\/produit\/velo-tourniquet","title":{"rendered":"Tourniquet pour bicyclettes Tourniquet pour bicyclettes pleine hauteur avec portillon pour bicyclettes"},"content":{"rendered":"        <!-- 3D Model html -->\r\n        <div class=\"bp_grand wrapper_51813\">   \r\n        <div class=\"bp_model_parent\">\r\n            <model-viewer class=\"model\" id=\"bp_model_id_51813\" src=\"http:\/\/mairsturnstile.com\/wp-content\/uploads\/2024\/09\/MT-LX402-Z.glb\" alt=\"MT-LX402-Z\" camera-controls  loading=\"auto\" auto-rotate                        >\r\n            <\/model-viewer>\r\n        \r\n            <!-- Button -->\r\n            <svg id=\"openBtn\" width=\"30px\" height=\"30px\" viewBox=\"0 0 16 16\" xmlns=\"http:\/\/www.w3.org\/2000\/svg\" fill=\"#f2f2f2\" class=\"bi bi-arrows-fullscreen model-icon\">\r\n                <path fill-rule=\"evenodd\" d=\"M5.828 10.172a.5.5 0 0 0-.707 0l-4.096 4.096V11.5a.5.5 0 0 0-1 0v3.975a.5.5 0 0 0 .5.5H4.5a.5.5 0 0 0 0-1H1.732l4.096-4.096a.5.5 0 0 0 0-.707zm4.344 0a.5.5 0 0 1 .707 0l4.096 4.096V11.5a.5.5 0 1 1 1 0v3.975a.5.5 0 0 1-.5.5H11.5a.5.5 0 0 1 0-1h2.768l-4.096-4.096a.5.5 0 0 1 0-.707zm0-4.344a.5.5 0 0 0 .707 0l4.096-4.096V4.5a.5.5 0 1 0 1 0V.525a.5.5 0 0 0-.5-.5H11.5a.5.5 0 0 0 0 1h2.768l-4.096 4.096a.5.5 0 0 0 0 .707zm-4.344 0a.5.5 0 0 1-.707 0L1.025 1.732V4.5a.5.5 0 0 1-1 0V.525a.5.5 0 0 1 .5-.5H4.5a.5.5 0 0 1 0 1H1.732l4.096 4.096a.5.5 0 0 1 0 .707z\"\/>\r\n            <\/svg>\r\n        \r\n            <svg id=\"closeBtn\" class=\"model-icon\" width=\"34px\" height=\"34px\" viewBox=\"0 0 24 24\" xmlns=\"http:\/\/www.w3.org\/2000\/svg\">\r\n                <path fill=\"none\" stroke=\"#f2f2f2\" stroke-width=\"2\" d=\"M7,7 L17,17 M7,17 L17,7\"\/>\r\n            <\/svg>\r\n        \r\n        <\/div>\r\n        <\/div> \r\n\r\n        <!-- Model Viewer Style -->\r\n        <style>\r\n            \r\n            .wrapper_51813 .bp_model_parent, #bp_model_id_51813 {\r\n                width: 1150px;\r\n                max-width: 100%;\r\n                                            }\r\n            #bp_model_id_51813 {\r\n                height:700px;\r\n                background-color: #f9f9f9;\r\n            }\r\n            .fullscreen #bp_model_id_51813{\r\n            height: 100%;\r\n            width: 100%;\r\n            }\r\n            .wrapper_51813 .bp_model_parent{\r\n                justify-content: start            }\r\n            model-viewer.model {\r\n                --poster-color: transparent;\r\n            }\r\n        <\/style>\r\n        \r\n        \n<h3>Le tourniquet pour bicyclettes est garanti 2 ans et b\u00e9n\u00e9ficie d&rsquo;une assistance durable en mati\u00e8re d&rsquo;entretien et de r\u00e9paration.<\/h3>\n<p>Nous pouvons fournir des services OEM et ODM. Nous fournissons \u00e9galement des dispositifs biom\u00e9triques, tels que des lecteurs de cartes IC\/ID, des scanners d&#8217;empreintes digitales, des scanners de <a href=\"https:\/\/en.wikipedia.org\/wiki\/QR_code\" target=\"_blank\" rel=\"noopener\">code QR<\/a>, des cam\u00e9ras de reconnaissance faciale, etc. Nous avons \u00e9galement lanc\u00e9 une nouvelle s\u00e9rie de tourniquets pleine hauteur \u00e0 l&rsquo;aspect \u00e9l\u00e9gant et \u00e0 la structure robuste. Veuillez consulter : <span style=\"color: #0000ff;\"><a style=\"color: #0000ff;\" href=\"https:\/\/mairsturnstile.com\/full-height-series-turnstile\" target=\"_blank\" rel=\"noopener\">s\u00e9rie de tourniquets pleine hauteur<\/a><\/span> <\/p>\n<p><strong>Le tourniquet pour bicyclettes est un type d&rsquo;\u00e9quipement de <a href=\"https:\/\/mairsturnstile.com\/full-height-turnstiles.html\" target=\"_blank\" rel=\"noopener\">tourniquet pleine hauteur<\/a> sp\u00e9cialement con\u00e7u pour les pi\u00e9tons et les bicyclettes. Les pi\u00e9tons peuvent passer en toute s\u00e9curit\u00e9 avec des v\u00e9los. Les pi\u00e9tons peuvent \u00e9galement passer seuls. Il int\u00e8gre le passage pi\u00e9ton et le passage v\u00e9lo.<\/strong> Une fois que le pi\u00e9ton a fourni le signal d&rsquo;ouverture de porte l\u00e9gal, la tige de blocage du tourniquet pour pi\u00e9tons tourne d&rsquo;un certain angle par rapport \u00e0 la direction d&rsquo;ouverture de la porte pour inciter le pi\u00e9ton \u00e0 passer. La tige de blocage du passage du v\u00e9lo pivote de 120 degr\u00e9s pour \u00eatre ouverte. Une fois que le pi\u00e9ton a doucement pouss\u00e9 la tige de blocage du passage pi\u00e9ton, la tige de blocage du passage pi\u00e9ton tourne automatiquement dans le sens de l&rsquo;ouverture de la porte. Le ch\u00e2ssis et la tige de blocage rotative adoptent une structure amovible, pratique pour l&rsquo;installation et le transport.<\/p>\n<p>Le tourniquet de v\u00e9lo a une forte capacit\u00e9 imperm\u00e9able \u00e0 l&rsquo;eau et \u00e0 la poussi\u00e8re, une grande zone de blocage et ne peut pas traverser ou grimper. Il convient aux endroits int\u00e9rieurs et ext\u00e9rieurs avec des exigences de haute s\u00e9curit\u00e9, tels que les bases militaires, les unit\u00e9s secr\u00e8tes d&rsquo;\u00c9tat, les prisons, les usines, les communaut\u00e9s r\u00e9sidentielles, etc.<\/p>\n<p>Le tourniquet de v\u00e9lo adopte une conception m\u00e9canique anti-queue pour contr\u00f4ler efficacement une seule personne \u00e0 la fois.<\/p>\n<p>Lorsqu&rsquo;un signal d&rsquo;ouverture de porte l\u00e9gal est re\u00e7u dans une direction, dans le temps de passage autoris\u00e9, les pi\u00e9tons entrant dans le passage dans la direction oppos\u00e9e et poussant la tige du tourniquet seront consid\u00e9r\u00e9s comme un passage inverse, et la tige du tourniquet dans cette direction sera verrouill\u00e9e pour emp\u00eacher pi\u00e9tons du passage inverse.<\/p>\n<p>Le syst\u00e8me de contr\u00f4le de r\u00e9troaction en boucle ferm\u00e9e est utilis\u00e9 pour surveiller l&rsquo;\u00e9tat de mouvement de la tige de frein, qui peut d\u00e9tecter avec sensibilit\u00e9 les comportements mena\u00e7ant la s\u00e9curit\u00e9 du canal, tels que la collision ill\u00e9gale de la tige et le passage inverse, puis envoyer des avertissements sous forme de son et la lumi\u00e8re, et peut \u00e9galement \u00eatre reli\u00e9 \u00e0 d&rsquo;autres syst\u00e8mes de s\u00e9curit\u00e9.<\/p>\n<p>Le tourniquet de v\u00e9lo adopte une structure de m\u00e9canisme de tourniquet avanc\u00e9 et est \u00e9quip\u00e9 d&rsquo;un moteur \u00e0 courant continu sans balais import\u00e9 de haute qualit\u00e9 (noyau de mouvement), de sorte que la dur\u00e9e de vie du tourniquet pleine hauteur est tr\u00e8s longue et que les performances sont stables et sans entretien. .<\/p>\n<p>Technologie avanc\u00e9e de contr\u00f4le du moteur: le syst\u00e8me de servocommande avanc\u00e9 et la technologie de contr\u00f4le du moteur du bras DSP + sont adopt\u00e9s, et l&rsquo;algorithme de contr\u00f4le du moteur est combin\u00e9 pour r\u00e9aliser le contr\u00f4le et le positionnement pr\u00e9cis de la barri\u00e8re.<\/p>\n<p>Nous pouvons \u00e9galement cr\u00e9er un rendu pour vous en quelques minutes en fonction de votre sc\u00e9nario r\u00e9el. Nous fournissons \u00e9galement une disposition et des dessins d\u00e9taill\u00e9s, ainsi que des dessins d&rsquo;installation.<\/p>\n\n        \t\n\t<style type=\"text\/css\">\n\t\t.slider-info-52231.bafg-slider-info .bafg-slider-title {\n\t\t\t\t\t\tfont-size: 22px;\n\t\t\t\t\t\t\n\t\t\t\n\t\t\t\t\t}\n\n\t\t.slider-info-52231.bafg-slider-info .bafg-slider-description {\n\t\t\t\n\t\t\t\n\t\t\t\t\t}\n\n\t\t.slider-info-52231.bafg-slider-info .bafg_slider_readmore_button {\n\t\t\t\n\t\t\t\n\t\t\t\n\t\t\t\n\t\t\t\n\t\t\ttext-align: center;\n\n\t\t\t\n\t\t\t\n\t\t\t\n\t\t\t\n\t\t\t\n\t\t\t\n\t\t\t\t\t}\n\n\t\t.slider-info-52231.bafg-slider-info .bafg_slider_readmore_button:hover {\n\n\t\t\t\n\t\t\t\n\t\t\t\t\t}\n\n\t<\/style>\n\t\n        <div class=\"bafg-twentytwenty-container slider-52231 \" bafg-orientation=\"horizontal\" bafg-default-offset=\"0.5\" bafg-before-label=\"Before\" bafg-after-label=\"After\" bafg-overlay=\"yes\" bafg-move-slider-on-hover=\"yes\" bafg-click-to-move=\"no\">\n              \n            <img decoding=\"async\" class=\"skip-lazy\" src=\"http:\/\/mairsturnstile.com\/wp-content\/uploads\/2024\/10\/full-height-bicycle-turnstile-1.jpg\" alt=\"full height bicycle turnstile\" data-skip-lazy title=\"\">\n            <img decoding=\"async\" class=\"skip-lazy\" src=\"http:\/\/mairsturnstile.com\/wp-content\/uploads\/2024\/10\/full-height-bicycle-turnstile.jpg\" alt=\"full height bicycle turnstile\" data-skip-lazy title=\"\">\n           \n        <\/div>\n\n        \t<div class=\"bafg-slider-info-wraper\">\n\t\t<div style=\"\" class=\"slider-info-52231 bafg-slider-info\">\n\t\t\t\t\t<\/div>\n\t<\/div>\n\t\n        <style type=\"text\/css\">\n            \n        <\/style>\n        \n<p>Mise hors tension et ouverture de la porte : le tourniquet pour v\u00e9lo adopte une structure m\u00e9canique avanc\u00e9e. Lorsque l&rsquo;alimentation est coup\u00e9e, la tige de blocage se d\u00e9verrouille automatiquement et peut \u00eatre pouss\u00e9e librement, ce qui est pratique pour \u00e9vacuer les personnes. Autrement dit, \u00e9teignez et ouvrez la porte pour fournir une protection de s\u00e9curit\u00e9 personnelle compl\u00e8te au personnel qui passe<\/p>\n<p>Ouverture de porte d&rsquo;urgence : \u00e9quip\u00e9e d&rsquo;un dispositif de contr\u00f4le d&rsquo;\u00e9vacuation d&rsquo;urgence pour d\u00e9verrouiller automatiquement la tige du tourniquet et la pousser librement, de mani\u00e8re \u00e0 faciliter l&rsquo;\u00e9vacuation des personnes.<\/p>\n<p>Pr\u00e9vention des chocs \u00e9lectriques : tous les modules \u00e9lectriques adoptent une tension de s\u00e9curit\u00e9 inf\u00e9rieure \u00e0 24 V et sont \u00e9quip\u00e9s d&rsquo;un protecteur de courant r\u00e9siduel pour \u00e9viter que les pi\u00e9tons ne soient bless\u00e9s par un choc \u00e9lectrique.<\/p>\n<p>M\u00e9canisme : la porte du tourniquet pour v\u00e9lo est automatique avec un moteur sans balais<\/p>\n<p>Pleine hauteur semi-automatique pour l&rsquo;acc\u00e8s des personnes (automatique en option)<\/p>\n<p>Fiabilit\u00e9 du m\u00e9canisme : 5 millions, sans faute<\/p>\n<p>M\u00e9canisme avec amortisseur hydraulique pour amortir les chocs<\/p>\n<p>Le sens de rotation : bidirectionnel\/simple directionnel<\/p>\n<p>Situation d&rsquo;urgence : en cas d&rsquo;urgence ou d&rsquo;isolement de l&rsquo;alimentation \u00e9lectrique, la porte rotative peut \u00eatre configur\u00e9e en mode Fail-Safe, c&rsquo;est-\u00e0-dire qu&rsquo;elle tourne librement ou en mode Fail-Lock<\/p>\n<p>Humidit\u00e9 du tourniquet de v\u00e9lo : \u2264 95 %<\/p>\n<p>Temp\u00e9rature de fonctionnement : -25\u2103~60\u2103<\/p>\n<p>Caract\u00e9ristiques facultatives : lecteur IC\/ID, lecteur de codes-barres, reconnaissance faciale, empreintes digitales, autres \u00e9quipements de contr\u00f4le d&rsquo;acc\u00e8s, UPS, etc.<\/p>\n<p>Distance de communication : \u22641200 m<\/p>\n<p>Interface de communication : RS485<\/p>\n<p>La taille peut \u00eatre personnalis\u00e9e<\/p>\n<p>Le temps n\u00e9cessaire \u00e0 l&rsquo;ouverture : 0,2 s<\/p>\n<p>Environnement de travail : Int\u00e9rieur ou ext\u00e9rieur<\/p>\n<p>Domaine d&rsquo;application : communaut\u00e9, usine, chantier de construction, \u00e9cole, lieu de vill\u00e9giature, \u00e9tablissement gouvernemental, etc.<\/p>\n<p>Nous pouvons fournir la solution compl\u00e8te de contr\u00f4le d&rsquo;acc\u00e8s de s\u00e9curit\u00e9. Si vous avez votre propre syst\u00e8me de contr\u00f4le d&rsquo;acc\u00e8s, vous pouvez directement utiliser notre porte tourniquet. Si vous n&rsquo;en avez pas, nous fournissons \u00e9galement une solution compl\u00e8te de contr\u00f4le d&rsquo;acc\u00e8s de s\u00e9curit\u00e9. Veuillez vous r\u00e9f\u00e9rer \u00e0 la vid\u00e9o ci-dessous pour plus de d\u00e9tails.<\/p>\n<p><iframe title=\"Lecteur vid\u00e9o YouTube\" src=\"https:\/\/www.youtube.com\/embed\/XyxFKnS3Br0\" width=\"1150\" height=\"650\" frameborder=\"0\" allowfullscreen=\"allowfullscreen\"><span data-mce-type=\"bookmark\" style=\"display: inline-block; width: 0px; overflow: hidden; line-height: 0;\" class=\"mce_SELRES_start\"><\/span><\/iframe><\/p>\n","protected":false},"excerpt":{"rendered":"<p>1. Taille : 2630*1500*2350 mm (peut \u00eatre personnalis\u00e9)<\/p>\n<p>2. Largeur de voie pour : 650 mm (rotor) 900 mm (v\u00e9lo)<\/p>\n<p>3. Mat\u00e9riel : acier inoxydable 304 ou acier inoxydable 316<\/p>\n<p>4. Vitesse de passage : 25 personne\/min<\/p>\n<p>5. Alimentation : 110V\/220V 50\/60hz<\/p>\n<p>6. Entra\u00eenement : semi-automatique<\/p>\n<p>7. \u00c9lectrovanne : DC24V<\/p>\n<p>8. Signal de porte ouverte : contact sec\/relais<\/p>\n<p>9. Entra\u00eenement : semi-automatique<\/p>\n<p><strong><a title=\"Tourniquet pleine hauteur certifi\u00e9 Mairs CE\" href=\"http:\/\/mairsturnstile.com\/wp-content\/uploads\/2022\/09\/Mairs-CE-Certificate-Full-Height-Turnstile.pdf\" target=\"_blank\" rel=\"noopener noreferrer\">Certifi\u00e9 CE,<\/a> <a title=\"Certificat Mairs ISO9001\" href=\"http:\/\/mairsturnstile.com\/wp-content\/uploads\/2022\/09\/Mairs-Registration-Certificate-ISO9001.pdf\" target=\"_blank\" rel=\"noopener noreferrer\">Certifi\u00e9 ISO9001.<\/a><\/strong><\/p>\n<p><a title=\"Manuel d'installation du tourniquet pleine hauteur\" href=\"http:\/\/mairsturnstile.com\/wp-content\/uploads\/2023\/09\/Full-height-turnstile-installation-manual.pdf\" target=\"_blank\" rel=\"noopener noreferrer\"><img decoding=\"async\" class=\"alignnone size-full wp-image-11034\" src=\"http:\/\/mairsturnstile.com\/wp-content\/uploads\/2022\/09\/pdf-MairsTurnstile.png\" alt=\"\" width=\"32\" height=\"32\"><strong><span style=\"color: #0000ff;\"> Manuel d&rsquo;utilisation et d&rsquo;installation du tourniquet pleine hauteur<\/span><\/strong><\/a><\/p>\n","protected":false},"featured_media":56983,"comment_status":"closed","ping_status":"closed","template":"","meta":{"neve_meta_sidebar":"","neve_meta_container":"","neve_meta_enable_content_width":"off","neve_meta_content_width":0,"neve_meta_title_alignment":"","neve_meta_author_avatar":"","neve_post_elements_order":"","neve_meta_disable_header":"","neve_meta_disable_footer":"","neve_meta_disable_title":"","_ti_tpc_template_sync":false,"_ti_tpc_template_id":""},"product_cat":[877,873],"product_tag":[1407,1019,1024,1038],"class_list":["post-10502","product","type-product","status-publish","has-post-thumbnail","hentry","product_cat-porte-tourniquet","product_cat-tourniquets-pleine-hauteur","product_tag-porte-de-style-tournant","product_tag-porte-tourniquet-pleine-hauteur","product_tag-tourniquet-velo","product_tag-tourniquets-pleine-hauteur"],"_links":{"self":[{"href":"https:\/\/mairsturnstile.com\/fr\/wp-json\/wp\/v2\/product\/10502","targetHints":{"allow":["GET"]}}],"collection":[{"href":"https:\/\/mairsturnstile.com\/fr\/wp-json\/wp\/v2\/product"}],"about":[{"href":"https:\/\/mairsturnstile.com\/fr\/wp-json\/wp\/v2\/types\/product"}],"replies":[{"embeddable":true,"href":"https:\/\/mairsturnstile.com\/fr\/wp-json\/wp\/v2\/comments?post=10502"}],"version-history":[{"count":0,"href":"https:\/\/mairsturnstile.com\/fr\/wp-json\/wp\/v2\/product\/10502\/revisions"}],"wp:featuredmedia":[{"embeddable":true,"href":"https:\/\/mairsturnstile.com\/fr\/wp-json\/wp\/v2\/media\/56983"}],"wp:attachment":[{"href":"https:\/\/mairsturnstile.com\/fr\/wp-json\/wp\/v2\/media?parent=10502"}],"wp:term":[{"taxonomy":"product_cat","embeddable":true,"href":"https:\/\/mairsturnstile.com\/fr\/wp-json\/wp\/v2\/product_cat?post=10502"},{"taxonomy":"product_tag","embeddable":true,"href":"https:\/\/mairsturnstile.com\/fr\/wp-json\/wp\/v2\/product_tag?post=10502"}],"curies":[{"name":"wp","href":"https:\/\/api.w.org\/{rel}","templated":true}]}}