{"id":10503,"date":"2022-01-06T18:03:48","date_gmt":"2022-01-06T10:03:48","guid":{"rendered":"https:\/\/mairsturnstile.com\/product\/porte-de-tourniquet-pleine-hauteur-turnstyle-haute-securite-mt405"},"modified":"2023-11-02T12:36:58","modified_gmt":"2023-11-02T04:36:58","slug":"tourniquet-complet","status":"publish","type":"product","link":"https:\/\/mairsturnstile.com\/fr\/produit\/tourniquet-complet","title":{"rendered":"Porte de tourniquet de corps entier de haute s\u00e9curit\u00e9 MT405"},"content":{"rendered":"        <!-- 3D Model html -->\r\n        <div class=\"bp_grand wrapper_19988\">   \r\n        <div class=\"bp_model_parent\">\r\n            <model-viewer class=\"model\" id=\"bp_model_id_19988\" src=\"http:\/\/mairsturnstile.com\/wp-content\/uploads\/2023\/06\/MT405.glb\" alt=\"MT405\" camera-controls  loading=\"auto\" auto-rotate                        >\r\n            <\/model-viewer>\r\n        \r\n            <!-- Button -->\r\n            <svg id=\"openBtn\" width=\"30px\" height=\"30px\" viewBox=\"0 0 16 16\" xmlns=\"http:\/\/www.w3.org\/2000\/svg\" fill=\"#f2f2f2\" class=\"bi bi-arrows-fullscreen model-icon\">\r\n                <path fill-rule=\"evenodd\" d=\"M5.828 10.172a.5.5 0 0 0-.707 0l-4.096 4.096V11.5a.5.5 0 0 0-1 0v3.975a.5.5 0 0 0 .5.5H4.5a.5.5 0 0 0 0-1H1.732l4.096-4.096a.5.5 0 0 0 0-.707zm4.344 0a.5.5 0 0 1 .707 0l4.096 4.096V11.5a.5.5 0 1 1 1 0v3.975a.5.5 0 0 1-.5.5H11.5a.5.5 0 0 1 0-1h2.768l-4.096-4.096a.5.5 0 0 1 0-.707zm0-4.344a.5.5 0 0 0 .707 0l4.096-4.096V4.5a.5.5 0 1 0 1 0V.525a.5.5 0 0 0-.5-.5H11.5a.5.5 0 0 0 0 1h2.768l-4.096 4.096a.5.5 0 0 0 0 .707zm-4.344 0a.5.5 0 0 1-.707 0L1.025 1.732V4.5a.5.5 0 0 1-1 0V.525a.5.5 0 0 1 .5-.5H4.5a.5.5 0 0 1 0 1H1.732l4.096 4.096a.5.5 0 0 1 0 .707z\"\/>\r\n            <\/svg>\r\n        \r\n            <svg id=\"closeBtn\" class=\"model-icon\" width=\"34px\" height=\"34px\" viewBox=\"0 0 24 24\" xmlns=\"http:\/\/www.w3.org\/2000\/svg\">\r\n                <path fill=\"none\" stroke=\"#f2f2f2\" stroke-width=\"2\" d=\"M7,7 L17,17 M7,17 L17,7\"\/>\r\n            <\/svg>\r\n        \r\n        <\/div>\r\n        <\/div> \r\n\r\n        <!-- Model Viewer Style -->\r\n        <style>\r\n            \r\n            .wrapper_19988 .bp_model_parent, #bp_model_id_19988 {\r\n                width: 1150px;\r\n                max-width: 100%;\r\n                                            }\r\n            #bp_model_id_19988 {\r\n                height:700px;\r\n                background-color: #f2f2f2;\r\n            }\r\n            .fullscreen #bp_model_id_19988{\r\n            height: 100%;\r\n            width: 100%;\r\n            }\r\n            .wrapper_19988 .bp_model_parent{\r\n                justify-content: start            }\r\n            model-viewer.model {\r\n                --poster-color: transparent;\r\n            }\r\n        <\/style>\r\n        \r\n        \n<h3>Tourniquet corps entier haute s\u00e9curit\u00e9 Le tourniquet corps entier pleine hauteur haute s\u00e9curit\u00e9 de type rond b\u00e9n\u00e9ficie d&rsquo;une garantie de 2 ans et d&rsquo;un support de maintenance et de r\u00e9paration durable.<\/h3>\n<p>Nous pouvons fournir des services OEM et ODM. Nous avons des designers exp\u00e9riment\u00e9s qui peuvent effectuer une personnalisation approfondie en fonction de vos besoins. Nous fournirons une s\u00e9rie de mat\u00e9riaux tels que des rendus 3D, des dessins dimensionnels, etc. d\u00e8s que possible. Nous fournissons \u00e9galement des dispositifs biom\u00e9triques, tels que des lecteurs de cartes IC\/ID, des scanners d&#8217;empreintes digitales, des scanners de <a href=\"https:\/\/en.wikipedia.org\/wiki\/QR_code\" target=\"_blank\" rel=\"noopener\">code QR<\/a>, des cam\u00e9ras de reconnaissance faciale, etc. Si vous avez besoin d&rsquo;int\u00e9grer ces dispositifs sur la porte du tourniquet pleine hauteur ou si vous avez des questions, veuillez <a href=\"https:\/\/mairsturnstile.com\/contact\">nous contacter<\/a>.<\/p>\n<p><strong>La porte de tourniquet \u00e0 corps entier est une sorte de porte de barri\u00e8re de tourniquet avec une tige de blocage pleine grandeur et hauteur, qui a les meilleures performances de s\u00e9curit\u00e9.<\/strong> Selon la hauteur du corps de blocage, il y a un autre <a href=\"https:\/\/mairsturnstile.com\/product\/half-height-turnstile\">tourniquet \u00e0 mi-hauteur<\/a>.<\/p>\n<p>Ce tourniquet complet est beau et durable dans son ensemble. Il n&rsquo;est pas facile de rouiller apr\u00e8s un tr\u00e9filage. G\u00e9n\u00e9ralement, 20 \u00e0 35 personnes peuvent traverser une minute \u00e0 la fois, et 60 personnes peuvent traverser une minute en cas d&rsquo;\u00e9vacuation. L&rsquo;interface de communication prend en charge RS485 \/ RS232 ; Interface TCP\/IP (personnalisable).<\/p>\n<p>Par rapport \u00e0 la <a href=\"https:\/\/mairsturnstile.com\/category\/swing-turnstile-gate\">porte de tourniquet pivotante<\/a> int\u00e9rieure, \u00e0 la <a href=\"https:\/\/mairsturnstile.com\/what-is-flap-barrier.html\">porte de barri\u00e8re \u00e0 rabat<\/a> et \u00e0 d&rsquo;autres \u00e9quipements de tourniquet, cette porte de tourniquet \u00e0 corps entier utilis\u00e9e dans un environnement ext\u00e9rieur pr\u00e9sente de grands avantages en termes d&rsquo;apparence et de fonction.<\/p>\n<p>Le tourniquet pleine hauteur peut emp\u00eacher le personnel non autoris\u00e9 d&rsquo;entrer par balayage de carte ou syst\u00e8me de reconnaissance faciale, et peut \u00e9galement emp\u00eacher le personnel non autoris\u00e9 de forer et de grimper.<\/p>\n<p>De cette fa\u00e7on, il peut renforcer la gestion de la s\u00e9curit\u00e9 de la communaut\u00e9 r\u00e9sidentielle pour assurer la s\u00e9curit\u00e9 de l&rsquo;environnement et du personnel de la communaut\u00e9<\/p>\n<p>Nous pouvons \u00e9galement cr\u00e9er un rendu pour vous en quelques minutes en fonction de votre sc\u00e9nario r\u00e9el. Nous fournissons \u00e9galement une disposition et des dessins d\u00e9taill\u00e9s, ainsi que des dessins d&rsquo;installation.<\/p>\n\n        \t\n\t<style type=\"text\/css\">\n\t\t.slider-info-21845.bafg-slider-info .bafg-slider-title {\n\t\t\t\t\t\tfont-size: 22px;\n\t\t\t\t\t\t\n\t\t\t\n\t\t\t\t\t}\n\n\t\t.slider-info-21845.bafg-slider-info .bafg-slider-description {\n\t\t\t\n\t\t\t\n\t\t\t\t\t}\n\n\t\t.slider-info-21845.bafg-slider-info .bafg_slider_readmore_button {\n\t\t\t\n\t\t\t\n\t\t\t\n\t\t\t\n\t\t\t\n\t\t\ttext-align: center;\n\n\t\t\t\n\t\t\t\n\t\t\t\n\t\t\t\n\t\t\t\n\t\t\t\n\t\t\t\t\t}\n\n\t\t.slider-info-21845.bafg-slider-info .bafg_slider_readmore_button:hover {\n\n\t\t\t\n\t\t\t\n\t\t\t\t\t}\n\n\t<\/style>\n\t\n        <div class=\"bafg-twentytwenty-container slider-21845 \" bafg-orientation=\"horizontal\" bafg-default-offset=\"0.5\" bafg-before-label=\"Before\" bafg-after-label=\"After\" bafg-overlay=\"yes\" bafg-move-slider-on-hover=\"yes\" bafg-click-to-move=\"no\">\n              \n            <img decoding=\"async\" class=\"skip-lazy\" src=\"http:\/\/mairsturnstile.com\/wp-content\/uploads\/2023\/06\/full-height-turnstiles_7.jpg\" alt=\"\" data-skip-lazy title=\"\">\n            <img decoding=\"async\" class=\"skip-lazy\" src=\"http:\/\/mairsturnstile.com\/wp-content\/uploads\/2023\/06\/full-body-turnstile.jpg\" alt=\"\" data-skip-lazy title=\"\">\n           \n        <\/div>\n\n        \t<div class=\"bafg-slider-info-wraper\">\n\t\t<div style=\"\" class=\"slider-info-21845 bafg-slider-info\">\n\t\t\t\t\t<\/div>\n\t<\/div>\n\t\n        <style type=\"text\/css\">\n            \n        <\/style>\n        \n<p>Fiabilit\u00e9 du m\u00e9canisme : 5 millions, sans faute<br \/>\nM\u00e9canisme avec amortisseur hydraulique pour amortir les chocs<br \/>\nEntra\u00eenement : semi-automatique<br \/>\nLongueur du bras : 600 mm<br \/>\nLe sens de rotation : Bidirectionnel<br \/>\nSituation d&rsquo;urgence : en cas d&rsquo;urgence ou d&rsquo;isolement de l&rsquo;alimentation \u00e9lectrique, la porte rotative peut \u00eatre configur\u00e9e en mode Fail-Safe, c&rsquo;est-\u00e0-dire qu&rsquo;elle tourne librement ou en mode Fail-Lock<br \/>\nHumidit\u00e9 : \u226495\uff05<\/p>\n<p>Temp\u00e9rature de fonctionnement : -25\u2103~60\u2103<br \/>\nCaract\u00e9ristique facultative : lecteur IC\/ID, lecteur de codes-barres, reconnaissance faciale, empreintes digitales, autres \u00e9quipements de contr\u00f4le d&rsquo;acc\u00e8s, UPS, etc.<br \/>\nDistance de communication : \u22641200 m<br \/>\nInterface de communication : RS485<br \/>\nLe temps n\u00e9cessaire \u00e0 l&rsquo;ouverture : 0,2 s<br \/>\nEnvironnement de travail : Int\u00e9rieur ou ext\u00e9rieur<br \/>\nAnti talonnage : le tourniquet restera dans la serrure lorsqu&rsquo;il est ouvert \u00e0 environ 60 degr\u00e9s (3 bras) ou 45 degr\u00e9s (4 bras) afin que la porte ne puisse pas fonctionner dans le sens inverse pour \u00e9viter le talonnage.<br \/>\nDomaine d&rsquo;application : communaut\u00e9, usine, chantier de construction, \u00e9cole, lieu de vill\u00e9giature, etc.<\/p>\n<p>Nous pouvons fournir la solution compl\u00e8te de contr\u00f4le d&rsquo;acc\u00e8s de s\u00e9curit\u00e9. Si vous avez votre propre syst\u00e8me de contr\u00f4le d&rsquo;acc\u00e8s, vous pouvez directement utiliser notre porte tourniquet. Si vous n&rsquo;en avez pas, nous fournissons \u00e9galement une solution compl\u00e8te de contr\u00f4le d&rsquo;acc\u00e8s de s\u00e9curit\u00e9. Veuillez vous r\u00e9f\u00e9rer \u00e0 la vid\u00e9o ci-dessous pour plus de d\u00e9tails.<\/p>\n<p><iframe title=\"Lecteur vid\u00e9o YouTube\" src=\"https:\/\/www.youtube.com\/embed\/zrBojatLOdc\" width=\"1150\" height=\"650\" frameborder=\"0\" allowfullscreen=\"allowfullscreen\"><\/iframe><\/p>\n","protected":false},"excerpt":{"rendered":"<p>1. Taille : 1500*1500*2200 mm (peut \u00eatre personnalis\u00e9)<\/p>\n<p>2. Largeur de voie : environ 650 mm (peut \u00eatre personnalis\u00e9)<\/p>\n<p>3. Vitesse de passage : 30 personne\/min<\/p>\n<p>4. Alimentation : 110V\/220V 50\/60Hz<\/p>\n<p>5. Sol\u00e9no\u00efde : DC24V<\/p>\n<p>6. Signal de porte ouverte : contact sec\/relais<\/p>\n<p>7. Tension logique : DC24V<\/p>\n<p>8. Mat\u00e9riau du bo\u00eetier : acier inoxydable 304 ou acier inoxydable 316<\/p>\n<p>9. Sens de rotation : Bidirectionnel<\/p>\n<p><strong><a title=\"Tourniquet pleine hauteur certifi\u00e9 Mairs CE\" href=\"http:\/\/mairsturnstile.com\/wp-content\/uploads\/2022\/09\/Mairs-CE-Certificate-Full-Height-Turnstile.pdf\" target=\"_blank\" rel=\"noopener noreferrer\">Certifi\u00e9 CE,<\/a> <a title=\"Certificat Mairs ISO9001\" href=\"http:\/\/mairsturnstile.com\/wp-content\/uploads\/2022\/09\/Mairs-Registration-Certificate-ISO9001.pdf\" target=\"_blank\" rel=\"noopener noreferrer\">Certifi\u00e9 ISO9001.<\/a><\/strong><\/p>\n<p><a title=\"Brochure Tourniquet Corps Complet\" href=\"http:\/\/mairsturnstile.com\/wp-content\/uploads\/2022\/09\/MT405-Full-Body-Turnstile-Brochure.pdf\" target=\"_blank\" rel=\"noopener noreferrer\"><img decoding=\"async\" class=\"alignnone size-full wp-image-11034\" src=\"http:\/\/mairsturnstile.com\/wp-content\/uploads\/2022\/09\/pdf-MairsTurnstile.png\" alt=\"\" width=\"32\" height=\"32\"><span style=\"color: #0000ff;\"><strong>Brochure du tourniquet \u00e0 corps entier MT405<\/strong><\/span><\/a><\/p>\n<p><a title=\"Manuel d'installation du tourniquet pleine hauteur\" href=\"http:\/\/mairsturnstile.com\/wp-content\/uploads\/2023\/09\/Full-height-turnstile-installation-manual.pdf\" target=\"_blank\" rel=\"noopener noreferrer\"><img decoding=\"async\" class=\"alignnone size-full wp-image-11034\" src=\"http:\/\/mairsturnstile.com\/wp-content\/uploads\/2022\/09\/pdf-MairsTurnstile.png\" alt=\"\" width=\"32\" height=\"32\"><strong><span style=\"color: #0000ff;\"> Manuel d&rsquo;utilisation et d&rsquo;installation du tourniquet pleine hauteur<\/span><\/strong><\/a><\/p>\n","protected":false},"featured_media":7342,"comment_status":"closed","ping_status":"closed","template":"","meta":{"neve_meta_sidebar":"","neve_meta_container":"","neve_meta_enable_content_width":"off","neve_meta_content_width":0,"neve_meta_title_alignment":"","neve_meta_author_avatar":"","neve_post_elements_order":"","neve_meta_disable_header":"","neve_meta_disable_footer":"","neve_meta_disable_title":"","_ti_tpc_template_sync":false,"_ti_tpc_template_id":""},"product_cat":[873],"product_tag":[1420,1422,1221,1025,1421,1038],"class_list":["post-10503","product","type-product","status-publish","has-post-thumbnail","hentry","product_cat-tourniquets-pleine-hauteur","product_tag-porte-de-tourniquet-pleine-hauteur-en-chine","product_tag-solution-de-securite-tourniquet","product_tag-tourniquet-complet","product_tag-tourniquet-ou-tourniquet","product_tag-tourniquet-toute-hauteur-avec-lecteur-de-carte","product_tag-tourniquets-pleine-hauteur"],"_links":{"self":[{"href":"https:\/\/mairsturnstile.com\/fr\/wp-json\/wp\/v2\/product\/10503","targetHints":{"allow":["GET"]}}],"collection":[{"href":"https:\/\/mairsturnstile.com\/fr\/wp-json\/wp\/v2\/product"}],"about":[{"href":"https:\/\/mairsturnstile.com\/fr\/wp-json\/wp\/v2\/types\/product"}],"replies":[{"embeddable":true,"href":"https:\/\/mairsturnstile.com\/fr\/wp-json\/wp\/v2\/comments?post=10503"}],"version-history":[{"count":0,"href":"https:\/\/mairsturnstile.com\/fr\/wp-json\/wp\/v2\/product\/10503\/revisions"}],"wp:featuredmedia":[{"embeddable":true,"href":"https:\/\/mairsturnstile.com\/fr\/wp-json\/wp\/v2\/media\/7342"}],"wp:attachment":[{"href":"https:\/\/mairsturnstile.com\/fr\/wp-json\/wp\/v2\/media?parent=10503"}],"wp:term":[{"taxonomy":"product_cat","embeddable":true,"href":"https:\/\/mairsturnstile.com\/fr\/wp-json\/wp\/v2\/product_cat?post=10503"},{"taxonomy":"product_tag","embeddable":true,"href":"https:\/\/mairsturnstile.com\/fr\/wp-json\/wp\/v2\/product_tag?post=10503"}],"curies":[{"name":"wp","href":"https:\/\/api.w.org\/{rel}","templated":true}]}}