{"id":10504,"date":"2021-11-24T02:36:46","date_gmt":"2021-11-23T18:36:46","guid":{"rendered":"https:\/\/mairsturnstile.com\/product\/tourniquet-tandem-pleine-hauteur-mt402-2-x"},"modified":"2024-10-29T14:57:32","modified_gmt":"2024-10-29T06:57:32","slug":"tourniquet-tandem","status":"publish","type":"product","link":"https:\/\/mairsturnstile.com\/fr\/produit\/tourniquet-tandem","title":{"rendered":"Tourniquet tandem pleine hauteur MT402-2-X"},"content":{"rendered":"        <!-- 3D Model html -->\r\n        <div class=\"bp_grand wrapper_19980\">   \r\n        <div class=\"bp_model_parent\">\r\n            <model-viewer class=\"model\" id=\"bp_model_id_19980\" src=\"http:\/\/mairsturnstile.com\/wp-content\/uploads\/2023\/06\/MT402-2-B.glb\" alt=\"MT402-2-B\" camera-controls  loading=\"auto\" auto-rotate                        >\r\n            <\/model-viewer>\r\n        \r\n            <!-- Button -->\r\n            <svg id=\"openBtn\" width=\"30px\" height=\"30px\" viewBox=\"0 0 16 16\" xmlns=\"http:\/\/www.w3.org\/2000\/svg\" fill=\"#f2f2f2\" class=\"bi bi-arrows-fullscreen model-icon\">\r\n                <path fill-rule=\"evenodd\" d=\"M5.828 10.172a.5.5 0 0 0-.707 0l-4.096 4.096V11.5a.5.5 0 0 0-1 0v3.975a.5.5 0 0 0 .5.5H4.5a.5.5 0 0 0 0-1H1.732l4.096-4.096a.5.5 0 0 0 0-.707zm4.344 0a.5.5 0 0 1 .707 0l4.096 4.096V11.5a.5.5 0 1 1 1 0v3.975a.5.5 0 0 1-.5.5H11.5a.5.5 0 0 1 0-1h2.768l-4.096-4.096a.5.5 0 0 1 0-.707zm0-4.344a.5.5 0 0 0 .707 0l4.096-4.096V4.5a.5.5 0 1 0 1 0V.525a.5.5 0 0 0-.5-.5H11.5a.5.5 0 0 0 0 1h2.768l-4.096 4.096a.5.5 0 0 0 0 .707zm-4.344 0a.5.5 0 0 1-.707 0L1.025 1.732V4.5a.5.5 0 0 1-1 0V.525a.5.5 0 0 1 .5-.5H4.5a.5.5 0 0 1 0 1H1.732l4.096 4.096a.5.5 0 0 1 0 .707z\"\/>\r\n            <\/svg>\r\n        \r\n            <svg id=\"closeBtn\" class=\"model-icon\" width=\"34px\" height=\"34px\" viewBox=\"0 0 24 24\" xmlns=\"http:\/\/www.w3.org\/2000\/svg\">\r\n                <path fill=\"none\" stroke=\"#f2f2f2\" stroke-width=\"2\" d=\"M7,7 L17,17 M7,17 L17,7\"\/>\r\n            <\/svg>\r\n        \r\n        <\/div>\r\n        <\/div> \r\n\r\n        <!-- Model Viewer Style -->\r\n        <style>\r\n            \r\n            .wrapper_19980 .bp_model_parent, #bp_model_id_19980 {\r\n                width: 1150px;\r\n                max-width: 100%;\r\n                                            }\r\n            #bp_model_id_19980 {\r\n                height:700px;\r\n                background-color: #f2f2f2;\r\n            }\r\n            .fullscreen #bp_model_id_19980{\r\n            height: 100%;\r\n            width: 100%;\r\n            }\r\n            .wrapper_19980 .bp_model_parent{\r\n                justify-content: start            }\r\n            model-viewer.model {\r\n                --poster-color: transparent;\r\n            }\r\n        <\/style>\r\n        \r\n        \n<h2>Le tourniquet tandem pleine hauteur b\u00e9n\u00e9ficie d&rsquo;une garantie de 2 ans et d&rsquo;un support d&rsquo;entretien et de r\u00e9paration durable.<\/h2>\n<p>Nous pouvons fournir des services OEM et ODM. Nous avons des designers exp\u00e9riment\u00e9s qui peuvent effectuer une personnalisation approfondie en fonction de vos besoins. Nous fournirons une s\u00e9rie de mat\u00e9riaux tels que des rendus 3D, des dessins dimensionnels, etc. d\u00e8s que possible. Nous avons \u00e9galement lanc\u00e9 une nouvelle s\u00e9rie de tourniquets pleine hauteur \u00e0 l&rsquo;aspect \u00e9l\u00e9gant et \u00e0 la structure robuste. Veuillez consulter : <span style=\"\"><a style=\"\" href=\"\" target=\"\" rel=\"noopener\">s\u00e9rie de tourniquets pleine hauteur<\/a><\/span> <\/p>\n<p>Le tourniquet tandem est un tourniquet pleine hauteur \u00e0 deux voies compos\u00e9 de deux canaux c\u00f4te \u00e0 c\u00f4te ou de plusieurs canaux. Les tourniquets pleine hauteur sont compos\u00e9s de plusieurs tourniquets c\u00f4te \u00e0 c\u00f4te. Tourniquet tandem avec les meilleures performances de s\u00e9curit\u00e9, qui est beaucoup plus haut et plus large qu&rsquo;une porte de tourniquet ordinaire et pr\u00e9sente des avantages de s\u00e9curit\u00e9 \u00e9vidents.<\/p>\n<p>Nous pouvons fournir des services OEM et ODM, y compris la personnalisation de la couleur, du style, du mat\u00e9riau, de la taille, etc. Par exemple, pour une couleur sp\u00e9ciale, le client n&rsquo;a qu&rsquo;\u00e0 nous fournir un num\u00e9ro Pantone, et nous ajusterons la couleur en fonction du Pantone. num\u00e9rotez et pulv\u00e9risez la poudre dans la m\u00eame couleur. Si le client a des besoins ODM, nous pouvons \u00e9galement concevoir un style pour ce client en fonction de l&rsquo;apparence et des pr\u00e9f\u00e9rences de taille du client, sans ventes externes. Ce sera le seul style unique de votre entreprise sur le march\u00e9.<\/p>\n<p>Nous fournissons \u00e9galement des dispositifs biom\u00e9triques, tels que des lecteurs de cartes IC\/ID, des scanners d&#8217;empreintes digitales, des scanners de code QR, des cam\u00e9ras de reconnaissance faciale, etc. Si vous avez besoin d&rsquo;int\u00e9grer ces dispositifs sur la porte du tourniquet pleine hauteur ou si vous avez des questions, veuillez <a href=\"https:\/\/mairsturnstile.com\/contact\" target=\"_blank\" rel=\"noopener\">nous contacter.<\/a><\/p>\n<p>Le tourniquet tandem pleine hauteur peut former un espace de passage ferm\u00e9 et le personnel passe de mani\u00e8re ordonn\u00e9e en glissant des cartes et d&rsquo;autres m\u00e9thodes. Le tourniquet tandem pleine hauteur peut \u00eatre sans surveillance et a une valeur d&rsquo;application \u00e9lev\u00e9e dans certains endroits avec des mesures de s\u00e9curit\u00e9 strictes. Le tourniquet Tandem est compos\u00e9 d&rsquo;un ch\u00e2ssis et de 3 ou 4 rang\u00e9es de tiges rotatives. Il est d\u00e9velopp\u00e9 sur la base d&rsquo;une porte tourniquet tripode.<\/p>\n<p>Il s&rsquo;agit d&rsquo;un tourniquet tandem pleine hauteur personnalis\u00e9 avec un traitement sp\u00e9cial. Le mat\u00e9riau de base est une plaque de fer en acier inoxydable 304. La surface est trait\u00e9e avec une peinture de cuisson \u00e0 ultra haute temp\u00e9rature. La peinture ne tombera pas apr\u00e8s une utilisation \u00e0 long terme. Il peut \u00eatre utilis\u00e9 \u00e0 l&rsquo;ext\u00e9rieur et la couleur peut \u00eatre personnalis\u00e9e librement. Tout comme la personnalisation de ce produit, nous pouvons personnaliser tous les autres produits en fonction de vos besoins, y compris la taille.<\/p>\n<p><strong>Mat\u00e9riau du tourniquet pleine hauteur :<\/strong><\/p>\n<p>Le tourniquet tandem pleine hauteur est en acier inoxydable SUS304. Il adopte la technologie de contr\u00f4le d&rsquo;entra\u00eenement la plus avanc\u00e9e, qui peut modifier la conception dans une large gamme pour r\u00e9pondre aux diverses exigences des diff\u00e9rents styles de b\u00e2timents modernes pour les syst\u00e8mes intelligents de <a href=\"https:\/\/en.wikipedia.org\/wiki\/Access_control\" target=\"_blank\" rel=\"noopener\">contr\u00f4le d&rsquo;acc\u00e8s<\/a> des pi\u00e9tons.<\/p>\n<p><strong><b>Caract\u00e9ristiques de performance:<\/b><\/strong><\/p>\n<ol>\n<li>Le m\u00e9canisme de tourniquet pleine hauteur adopte une structure m\u00e9canique unique, avec une conception raisonnable et fiable, un fonctionnement silencieux et stable et une longue dur\u00e9e de vie.<\/li>\n<li>Il peut efficacement emp\u00eacher les tra\u00een\u00e9es et am\u00e9liorer la vitesse de circulation des personnes.<\/li>\n<li>Apr\u00e8s une panne de courant, la porte sera d\u00e9verrouill\u00e9e automatiquement pour former un mode m\u00e9canique, et le personnel peut entrer et sortir par lui-m\u00eame, r\u00e9pondant aux exigences de protection contre les incendies.<\/li>\n<li>Voyant d&rsquo;invite LED indiquant si le glissement de la carte est efficace.<\/li>\n<li>Il a une fonction de r\u00e9initialisation automatique. Si le personnel ne franchit pas la porte dans le d\u00e9lai imparti apr\u00e8s avoir obtenu l&rsquo;autorisation de d\u00e9gagement de la porte, la porte pleine hauteur annulera automatiquement l&rsquo;autorisation et reviendra \u00e0 l&rsquo;\u00e9tat initial.<\/li>\n<li>Imperm\u00e9able, cr\u00e8me solaire, r\u00e9sistant au froid et aux hautes temp\u00e9ratures.<\/li>\n<li>Il dispose d&rsquo;une interface d&rsquo;installation personnalis\u00e9e et est compatible avec les cartes IC, ID et autres cartes \u00e0 puce.<\/li>\n<li>Il peut \u00eatre \u00e9tendu \u00e0 un syst\u00e8me d&rsquo;identification automatique pour r\u00e9aliser le contr\u00f4le d&rsquo;acc\u00e8s, la pr\u00e9sence, la facturation et d&rsquo;autres fonctions.<\/li>\n<li>Le contr\u00f4le et la gestion \u00e0 distance peuvent \u00eatre r\u00e9alis\u00e9s directement via l&rsquo;ordinateur de gestion<\/li>\n<li>Fiabilit\u00e9 du m\u00e9canisme : 5 millions, sans faute<\/li>\n<li>M\u00e9canisme avec amortisseur hydraulique pour amortir les chocs<\/li>\n<\/ol>\n<p>Nous pouvons fournir la solution compl\u00e8te de contr\u00f4le d&rsquo;acc\u00e8s de s\u00e9curit\u00e9. Si vous avez votre propre syst\u00e8me de contr\u00f4le d&rsquo;acc\u00e8s, vous pouvez directement utiliser notre porte tourniquet. Si vous n&rsquo;en avez pas, nous fournissons \u00e9galement une solution compl\u00e8te de contr\u00f4le d&rsquo;acc\u00e8s de s\u00e9curit\u00e9. Veuillez vous r\u00e9f\u00e9rer \u00e0 la vid\u00e9o ci-dessous pour plus de d\u00e9tails.<\/p>\n<p><iframe title=\"Lecteur vid\u00e9o YouTube\" src=\"https:\/\/www.youtube.com\/embed\/XyxFKnS3Br0\" width=\"1150\" height=\"650\" frameborder=\"0\" allowfullscreen=\"allowfullscreen\"><span data-mce-type=\"bookmark\" style=\"display: inline-block; width: 0px; overflow: hidden; line-height: 0;\" class=\"mce_SELRES_start\"><\/span><\/iframe><\/p>\n","protected":false},"excerpt":{"rendered":"<p>1.Taille : 2400*1500*2310 mm (peut \u00eatre personnalis\u00e9)<\/p>\n<p>2. Largeur de voie : 650 mm (peut \u00eatre personnalis\u00e9)<\/p>\n<p>3. Mat\u00e9riel : acier inoxydable 304 ou acier inoxydable 316<\/p>\n<p>4. Vitesse de passage : 30 personne\/min<\/p>\n<p>5. Alimentation : 110V\/220V 50\/60Hz<\/p>\n<p>6. Sol\u00e9no\u00efde : DC24V<\/p>\n<p>7. Signal de porte ouverte : contact sec\/relais<\/p>\n<p>8. Tension logique : DC24V<\/p>\n<p>9. Entra\u00eenement : semi-automatique<\/p>\n<p><strong><a title=\"Tourniquet pleine hauteur certifi\u00e9 Mairs CE\" href=\"http:\/\/mairsturnstile.com\/wp-content\/uploads\/2022\/09\/Mairs-CE-Certificate-Full-Height-Turnstile.pdf\" target=\"_blank\" rel=\"noopener noreferrer\">Certifi\u00e9 CE,<\/a> <a title=\"Certificat Mairs ISO9001\" href=\"http:\/\/mairsturnstile.com\/wp-content\/uploads\/2022\/09\/Mairs-Registration-Certificate-ISO9001.pdf\" target=\"_blank\" rel=\"noopener noreferrer\">Certifi\u00e9 ISO9001.<\/a><\/strong><\/p>\n<p><a title=\"Manuel d'installation du tourniquet pleine hauteur\" href=\"http:\/\/mairsturnstile.com\/wp-content\/uploads\/2023\/09\/Full-height-turnstile-installation-manual.pdf\" target=\"_blank\" rel=\"noopener noreferrer\"><img decoding=\"async\" class=\"alignnone size-full wp-image-11034\" src=\"http:\/\/mairsturnstile.com\/wp-content\/uploads\/2022\/09\/pdf-MairsTurnstile.png\" alt=\"\" width=\"32\" height=\"32\"><strong><span style=\"color: #0000ff;\"> Manuel d&rsquo;utilisation et d&rsquo;installation du tourniquet pleine hauteur<\/span><\/strong><\/a><\/p>\n","protected":false},"featured_media":59610,"comment_status":"closed","ping_status":"closed","template":"","meta":{"neve_meta_sidebar":"","neve_meta_container":"","neve_meta_enable_content_width":"off","neve_meta_content_width":0,"neve_meta_title_alignment":"","neve_meta_author_avatar":"","neve_post_elements_order":"","neve_meta_disable_header":"","neve_meta_disable_footer":"","neve_meta_disable_title":"","_ti_tpc_template_sync":false,"_ti_tpc_template_id":""},"product_cat":[877,873],"product_tag":[1425,1026,1027,1424,1421],"class_list":["post-10504","product","type-product","status-publish","has-post-thumbnail","hentry","product_cat-porte-tourniquet","product_cat-tourniquets-pleine-hauteur","product_tag-porte-tourniquet-tandem","product_tag-tourniquet-tandem","product_tag-tourniquet-tandem-pleine-hauteur","product_tag-tourniquet-toute-hauteur","product_tag-tourniquet-toute-hauteur-avec-lecteur-de-carte"],"_links":{"self":[{"href":"https:\/\/mairsturnstile.com\/fr\/wp-json\/wp\/v2\/product\/10504","targetHints":{"allow":["GET"]}}],"collection":[{"href":"https:\/\/mairsturnstile.com\/fr\/wp-json\/wp\/v2\/product"}],"about":[{"href":"https:\/\/mairsturnstile.com\/fr\/wp-json\/wp\/v2\/types\/product"}],"replies":[{"embeddable":true,"href":"https:\/\/mairsturnstile.com\/fr\/wp-json\/wp\/v2\/comments?post=10504"}],"version-history":[{"count":0,"href":"https:\/\/mairsturnstile.com\/fr\/wp-json\/wp\/v2\/product\/10504\/revisions"}],"wp:featuredmedia":[{"embeddable":true,"href":"https:\/\/mairsturnstile.com\/fr\/wp-json\/wp\/v2\/media\/59610"}],"wp:attachment":[{"href":"https:\/\/mairsturnstile.com\/fr\/wp-json\/wp\/v2\/media?parent=10504"}],"wp:term":[{"taxonomy":"product_cat","embeddable":true,"href":"https:\/\/mairsturnstile.com\/fr\/wp-json\/wp\/v2\/product_cat?post=10504"},{"taxonomy":"product_tag","embeddable":true,"href":"https:\/\/mairsturnstile.com\/fr\/wp-json\/wp\/v2\/product_tag?post=10504"}],"curies":[{"name":"wp","href":"https:\/\/api.w.org\/{rel}","templated":true}]}}