{"id":10506,"date":"2021-03-08T18:33:54","date_gmt":"2021-03-08T10:33:54","guid":{"rendered":"https:\/\/mairsturnstile.com\/product\/tourniquet-pleine-hauteur-a-vendre-mt401"},"modified":"2026-05-05T17:25:46","modified_gmt":"2026-05-05T09:25:46","slug":"tourniquet-plein-hauteur-prix-au-pakistan","status":"publish","type":"product","link":"https:\/\/mairsturnstile.com\/fr\/produit\/tourniquet-plein-hauteur-prix-au-pakistan","title":{"rendered":"TOURNIQUET PLEINE HAUTEUR \u00c0 VENDRE"},"content":{"rendered":"        <!-- 3D Model html -->\r\n        <div class=\"bp_grand wrapper_21823\">   \r\n        <div class=\"bp_model_parent\">\r\n            <model-viewer class=\"model\" id=\"bp_model_id_21823\" src=\"http:\/\/mairsturnstile.com\/wp-content\/uploads\/2023\/07\/MT401.glb\" alt=\"MT401\" camera-controls  loading=\"auto\" auto-rotate                        >\r\n            <\/model-viewer>\r\n        \r\n            <!-- Button -->\r\n            <svg id=\"openBtn\" width=\"30px\" height=\"30px\" viewBox=\"0 0 16 16\" xmlns=\"http:\/\/www.w3.org\/2000\/svg\" fill=\"#f2f2f2\" class=\"bi bi-arrows-fullscreen model-icon\">\r\n                <path fill-rule=\"evenodd\" d=\"M5.828 10.172a.5.5 0 0 0-.707 0l-4.096 4.096V11.5a.5.5 0 0 0-1 0v3.975a.5.5 0 0 0 .5.5H4.5a.5.5 0 0 0 0-1H1.732l4.096-4.096a.5.5 0 0 0 0-.707zm4.344 0a.5.5 0 0 1 .707 0l4.096 4.096V11.5a.5.5 0 1 1 1 0v3.975a.5.5 0 0 1-.5.5H11.5a.5.5 0 0 1 0-1h2.768l-4.096-4.096a.5.5 0 0 1 0-.707zm0-4.344a.5.5 0 0 0 .707 0l4.096-4.096V4.5a.5.5 0 1 0 1 0V.525a.5.5 0 0 0-.5-.5H11.5a.5.5 0 0 0 0 1h2.768l-4.096 4.096a.5.5 0 0 0 0 .707zm-4.344 0a.5.5 0 0 1-.707 0L1.025 1.732V4.5a.5.5 0 0 1-1 0V.525a.5.5 0 0 1 .5-.5H4.5a.5.5 0 0 1 0 1H1.732l4.096 4.096a.5.5 0 0 1 0 .707z\"\/>\r\n            <\/svg>\r\n        \r\n            <svg id=\"closeBtn\" class=\"model-icon\" width=\"34px\" height=\"34px\" viewBox=\"0 0 24 24\" xmlns=\"http:\/\/www.w3.org\/2000\/svg\">\r\n                <path fill=\"none\" stroke=\"#f2f2f2\" stroke-width=\"2\" d=\"M7,7 L17,17 M7,17 L17,7\"\/>\r\n            <\/svg>\r\n        \r\n        <\/div>\r\n        <\/div> \r\n\r\n        <!-- Model Viewer Style -->\r\n        <style>\r\n            \r\n            .wrapper_21823 .bp_model_parent, #bp_model_id_21823 {\r\n                width: 1150px;\r\n                max-width: 100%;\r\n                                            }\r\n            #bp_model_id_21823 {\r\n                height:700px;\r\n                background-color: #f2f2f2;\r\n            }\r\n            .fullscreen #bp_model_id_21823{\r\n            height: 100%;\r\n            width: 100%;\r\n            }\r\n            .wrapper_21823 .bp_model_parent{\r\n                justify-content: start            }\r\n            model-viewer.model {\r\n                --poster-color: transparent;\r\n            }\r\n        <\/style>\r\n        \r\n        \n<h2>Prix du tourniquet pleine hauteur au Pakistan, ce mod\u00e8le b\u00e9n\u00e9ficie d&rsquo;une garantie de 2 ans et d&rsquo;un support de maintenance et de r\u00e9paration durable.<\/h2>\n<p> Prix \u200b\u200bdes tourniquets pleine hauteur au Pakistan \u2013 Une alternative unique et design aux tourniquets tripodes. Obtenez les tarifs les plus r\u00e9cents pour les tourniquets pleine hauteur au Pakistan. Nos tourniquets tripodes, au design unique, offrent un niveau de s\u00e9curit\u00e9 comparable tout en se distinguant par leur \u00e9l\u00e9gante structure aux lignes courbes. Demandez un devis.<br \/>\nNous proposons des services OEM et ODM.   Nous fournissons \u00e9galement des dispositifs biom\u00e9triques, tels que des lecteurs de cartes IC\/ID, des scanners d&#8217;empreintes digitales, des scanners de code QR, des cam\u00e9ras de reconnaissance faciale, etc. Nous avons \u00e9galement lanc\u00e9 une nouvelle s\u00e9rie de tourniquets pleine hauteur \u00e0 l&rsquo;aspect \u00e9l\u00e9gant et \u00e0 la structure robuste. Veuillez consulter : <span style=\"color: #0000ff;\"><a style=\"color: #0000ff;\" href=\"https:\/\/mairsturnstile.com\/full-height-series-turnstile\" target=\"_blank\" rel=\"noopener\">s\u00e9rie de tourniquets pleine hauteur<\/a><\/span> <\/p>\n<p><strong>Ce tourniquet pleine hauteur <\/strong>est con\u00e7u pour contr\u00f4ler l&rsquo;entr\u00e9e et la sortie des pi\u00e9tons. Il convient \u00e0 un usage int\u00e9rieur et ext\u00e9rieur. Full height turnstile price in Pakistan varies by design. Full-height turnstile price in Pakistan varies by design. Searching full-height turnstile price in Pakistan? Get our uniquely designed tripod turnstile \u2013 modern look, stainless steel, biometric ready. Wholesale rates.    <\/p>\n<p>La porte tourniquet pleine hauteur peut \u00eatre utilis\u00e9e \u00e0 l&rsquo;int\u00e9rieur et \u00e0 l&rsquo;ext\u00e9rieur. Avec le meilleur prix de tourniquet pleine hauteur au Pakistan.<\/p>\n<p>Cette porte tourniquet pleine hauteur pour le Pakistan \u00e0 un prix abordable est largement utilis\u00e9e pour les gares, les biblioth\u00e8ques scolaires, les installations gouvernementales, les parcs d&rsquo;attractions, les prisons, les stades de football, les appartements, les mus\u00e9es et les usines, etc.<\/p>\n<p>Gr\u00e2ce \u00e0 l&rsquo;interface \u00e9lectrique standard, il est compatible avec les cartes d&rsquo;identit\u00e9, les empreintes digitales, la reconnaissance faciale, un d\u00e9tecteur infrarouge, un contr\u00f4leur de temp\u00e9rature, un<a href=\"https:\/\/en.wikipedia.org\/wiki\/QR_code\" target=\"_blank\" rel=\"noopener\">code-barres\/QR<\/a>, une application t\u00e9l\u00e9phonique, un syst\u00e8me ESD, un syst\u00e8me de visite, etc. Fabricants de <a href=\"https:\/\/mairsturnstile.com\/full-height-turnstiles.html\" target=\"_blank\" rel=\"noopener\">tourniquets pleine hauteur<\/a> &#8211; Mairsturnstile propose le prix le moins cher des tourniquets pleine hauteur au Pakistan.<\/p>\n<p>La porte de tourniquet pleine hauteur est int\u00e9gr\u00e9e \u00e0 un m\u00e9canisme, \u00e0 un microcontr\u00f4leur \u00e9lectrique et \u00e0 divers types de technologies d&rsquo;identification, compatibles avec IC, ID, code \u00e0 barres, lecteur d&#8217;empreintes digitales, etc. pour fournir un contr\u00f4le et une gestion intelligents du contr\u00f4le de flux.<\/p>\n<p>Nous pouvons \u00e9galement cr\u00e9er un rendu pour vous en quelques minutes en fonction de votre sc\u00e9nario r\u00e9el. Nous fournissons \u00e9galement une disposition et des dessins d\u00e9taill\u00e9s, ainsi que des dessins d&rsquo;installation.<\/p>\n\n        \t\n\t<style type=\"text\/css\">\n\t\t.slider-info-21841.bafg-slider-info .bafg-slider-title {\n\t\t\t\t\t\tfont-size: 22px;\n\t\t\t\t\t\t\n\t\t\t\n\t\t\t\t\t}\n\n\t\t.slider-info-21841.bafg-slider-info .bafg-slider-description {\n\t\t\t\n\t\t\t\n\t\t\t\t\t}\n\n\t\t.slider-info-21841.bafg-slider-info .bafg_slider_readmore_button {\n\t\t\t\n\t\t\t\n\t\t\t\n\t\t\t\n\t\t\t\n\t\t\ttext-align: center;\n\n\t\t\t\n\t\t\t\n\t\t\t\n\t\t\t\n\t\t\t\n\t\t\t\n\t\t\t\t\t}\n\n\t\t.slider-info-21841.bafg-slider-info .bafg_slider_readmore_button:hover {\n\n\t\t\t\n\t\t\t\n\t\t\t\t\t}\n\n\t<\/style>\n\t\n        <div class=\"bafg-twentytwenty-container slider-21841 \" bafg-orientation=\"horizontal\" bafg-default-offset=\"0.5\" bafg-before-label=\"Before\" bafg-after-label=\"After\" bafg-overlay=\"yes\" bafg-move-slider-on-hover=\"yes\" bafg-click-to-move=\"no\">\n              \n            <img decoding=\"async\" class=\"skip-lazy\" src=\"http:\/\/mairsturnstile.com\/wp-content\/uploads\/2023\/07\/full-height-turnstile-price-in-pakistan_4.jpg\" alt=\"\" data-skip-lazy title=\"\">\n            <img decoding=\"async\" class=\"skip-lazy\" src=\"http:\/\/mairsturnstile.com\/wp-content\/uploads\/2023\/07\/full-height-turnstile-price-in-pakistan_5.jpg\" alt=\"\" data-skip-lazy title=\"\">\n           \n        <\/div>\n\n        \t<div class=\"bafg-slider-info-wraper\">\n\t\t<div style=\"\" class=\"slider-info-21841 bafg-slider-info\">\n\t\t\t\t\t<\/div>\n\t<\/div>\n\t\n        <style type=\"text\/css\">\n            \n        <\/style>\n        \n<ul>\n<li>La porte tourniquet pleine hauteur est souvent utilis\u00e9e pour les solutions de contr\u00f4le d&rsquo;acc\u00e8s de haute s\u00e9curit\u00e9.<\/li>\n<li>Les portes du tourniquet sont en acier inoxydable 304 qui est antirouille, robuste et rigide.<\/li>\n<li>Le prix du tourniquet pleine hauteur au Pakistan est id\u00e9al pour les environnements int\u00e9rieurs et ext\u00e9rieurs.<\/li>\n<li>Il peut \u00eatre int\u00e9gr\u00e9 \u00e0 tout type de syst\u00e8me de contr\u00f4le d&rsquo;acc\u00e8s (par exemple : dispositif RFID, empreinte digitale et dispositif biom\u00e9trique).<\/li>\n<li data-spm-anchor-id=\"a2700.details.pronpeci14.i0.58226f8fLZmm5D\">La porte du tourniquet s&rsquo;ouvrira automatiquement lorsque l&rsquo;alimentation est coup\u00e9e, c&rsquo;est tr\u00e8s s\u00fbr, pour r\u00e9pondre aux exigences de passage de contr\u00f4le d&rsquo;incendie.<\/li>\n<li>Tourniquet pleine hauteur prix au Pakistan avec fonction anti-retour, arr\u00eatant la direction invers\u00e9e.<\/li>\n<li>Le m\u00e9canisme est \u00e9quip\u00e9 d&rsquo;un dispositif tampon hydraulique \u00e0 r\u00e9gulation automatique. Pas de bruit et d&rsquo;impact lors de la course.<\/li>\n<li>Fonction d&rsquo;auto-restauration, lorsque l&rsquo;alimentation est allum\u00e9e, le syst\u00e8me red\u00e9marre automatiquement.<\/li>\n<li>Le dispositif \u00e0 double palier maintient le portail en \u00e9quilibre lorsqu&rsquo;il y a une force ext\u00e9rieure.<\/li>\n<li>Unidirectionnel ou bidirectionnel est facultatif.<\/li>\n<li>Fiabilit\u00e9 du m\u00e9canisme : 5 millions, sans faute<\/li>\n<li>Avec voyant LED.<\/li>\n<li>Prix abordable du tourniquet pleine hauteur au Pakistan.<\/li>\n<li>Peut \u00eatre personnalis\u00e9 pour r\u00e9pondre aux diff\u00e9rentes exigences de diff\u00e9rents endroits.<\/li>\n<li>Le petit clavier int\u00e9gr\u00e9 \u00e0 la carte de contr\u00f4le, avec des dispositifs programmables pour g\u00e9rer l&rsquo;\u00e9tat de fonctionnement.<\/li>\n<\/ul>\n<p>Nous pouvons fournir la solution compl\u00e8te de contr\u00f4le d&rsquo;acc\u00e8s de s\u00e9curit\u00e9. Si vous avez votre propre syst\u00e8me de contr\u00f4le d&rsquo;acc\u00e8s, vous pouvez directement utiliser notre porte tourniquet. Si vous n&rsquo;en avez pas, nous fournissons \u00e9galement une solution compl\u00e8te de contr\u00f4le d&rsquo;acc\u00e8s de s\u00e9curit\u00e9. Veuillez vous r\u00e9f\u00e9rer \u00e0 la vid\u00e9o ci-dessous pour plus de d\u00e9tails.<\/p>\n<p><iframe title=\"Lecteur vid\u00e9o YouTube\" src=\"https:\/\/www.youtube.com\/embed\/v7QQMtt97e0?si=BNRilLDK3xC6Q5x-\" width=\"1150\" height=\"650\" frameborder=\"0\" allowfullscreen=\"allowfullscreen\"><span data-mce-type=\"bookmark\" style=\"display: inline-block; width: 0px; overflow: hidden; line-height: 0;\" class=\"mce_SELRES_start\"><\/span><\/iframe><\/p>\n","protected":false},"excerpt":{"rendered":"<p>1. Taille : 1400 * 1200 * 2230mm (peut \u00eatre personnalis\u00e9)<\/p>\n<p>2. Largeur de voie : 650 mm (peut \u00eatre personnalis\u00e9)<\/p>\n<p>3. Vitesse de passage : 30 personne\/min<\/p>\n<p>4. Alimentation : 110V\/220V 50\/60Hz<\/p>\n<p>5. Sol\u00e9no\u00efde : DC24V<\/p>\n<p>6. Entr\u00e9e porte ouverte : contact sec\/relais<\/p>\n<p>7. Tension logique : DC24V<\/p>\n<p>8. Mat\u00e9riau du bo\u00eetier : acier inoxydable 304 ou acier inoxydable 316<\/p>\n<p>9. Le m\u00e9canisme est livr\u00e9 avec un amortisseur hydraulique pour absorber les chocs<\/p>\n<p><span style=\"color: #000000;\"><strong><a style=\"color: #000000;\" title=\"Tourniquet pleine hauteur certifi\u00e9 Mairs CE\" href=\"http:\/\/mairsturnstile.com\/wp-content\/uploads\/2022\/09\/Mairs-CE-Certificate-Full-Height-Turnstile.pdf\" target=\"_blank\" rel=\"noopener noreferrer\">Certifi\u00e9 CE,<\/a> <a style=\"color: #000000;\" title=\"Certificat Mairs ISO9001\" href=\"http:\/\/mairsturnstile.com\/wp-content\/uploads\/2022\/09\/Mairs-Registration-Certificate-ISO9001.pdf\" target=\"_blank\" rel=\"noopener noreferrer\">Certifi\u00e9 ISO9001.<\/a><\/strong><\/span><\/p>\n<p><a title=\"Brochure Tourniquet Pleine Hauteur\" href=\"https:\/\/mairsturnstile-online.com\/flipbook\/mt401-full-height-turnstile-brochure\" target=\"_blank\" rel=\"noopener noreferrer\"><strong><span style=\"color: #fcaf3b;\">Download MT401 Full Height Turnstile Brochure<\/span><\/strong><\/a><\/p>\n<p><a title=\"Manuel d'installation du tourniquet pleine hauteur\" href=\"http:\/\/mairsturnstile.com\/wp-content\/uploads\/2023\/09\/Full-height-turnstile-installation-manual.pdf\" target=\"_blank\" rel=\"noopener noreferrer\"><strong><span style=\"color: #fcaf3b;\">Dpwnload Full Height Turnstile User &#038; Installation Manual<\/span><\/strong><\/a><\/p>\n","protected":false},"featured_media":26509,"comment_status":"closed","ping_status":"closed","template":"","meta":{"neve_meta_sidebar":"","neve_meta_container":"","neve_meta_enable_content_width":"off","neve_meta_content_width":0,"neve_meta_title_alignment":"","neve_meta_author_avatar":"","neve_post_elements_order":"","neve_meta_disable_header":"","neve_meta_disable_footer":"","neve_meta_disable_title":"","_ti_tpc_template_sync":false,"_ti_tpc_template_id":""},"product_cat":[877,873],"product_tag":[1013,1030,1439,1440,1038],"class_list":["post-10506","product","type-product","status-publish","has-post-thumbnail","hentry","product_cat-porte-tourniquet","product_cat-tourniquets-pleine-hauteur","product_tag-porte-tourniquet-pakistan","product_tag-prix-du-tourniquet-pleine-hauteur-au-pakistan","product_tag-tourniquet-a-code-qr","product_tag-tourniquet-simple-pleine-hauteur","product_tag-tourniquets-pleine-hauteur"],"_links":{"self":[{"href":"https:\/\/mairsturnstile.com\/fr\/wp-json\/wp\/v2\/product\/10506","targetHints":{"allow":["GET"]}}],"collection":[{"href":"https:\/\/mairsturnstile.com\/fr\/wp-json\/wp\/v2\/product"}],"about":[{"href":"https:\/\/mairsturnstile.com\/fr\/wp-json\/wp\/v2\/types\/product"}],"replies":[{"embeddable":true,"href":"https:\/\/mairsturnstile.com\/fr\/wp-json\/wp\/v2\/comments?post=10506"}],"version-history":[{"count":1,"href":"https:\/\/mairsturnstile.com\/fr\/wp-json\/wp\/v2\/product\/10506\/revisions"}],"predecessor-version":[{"id":72551,"href":"https:\/\/mairsturnstile.com\/fr\/wp-json\/wp\/v2\/product\/10506\/revisions\/72551"}],"wp:featuredmedia":[{"embeddable":true,"href":"https:\/\/mairsturnstile.com\/fr\/wp-json\/wp\/v2\/media\/26509"}],"wp:attachment":[{"href":"https:\/\/mairsturnstile.com\/fr\/wp-json\/wp\/v2\/media?parent=10506"}],"wp:term":[{"taxonomy":"product_cat","embeddable":true,"href":"https:\/\/mairsturnstile.com\/fr\/wp-json\/wp\/v2\/product_cat?post=10506"},{"taxonomy":"product_tag","embeddable":true,"href":"https:\/\/mairsturnstile.com\/fr\/wp-json\/wp\/v2\/product_tag?post=10506"}],"curies":[{"name":"wp","href":"https:\/\/api.w.org\/{rel}","templated":true}]}}