{"id":10507,"date":"2020-09-13T17:06:48","date_gmt":"2020-09-13T09:06:48","guid":{"rendered":"https:\/\/mairsturnstile.com\/product\/tourniquet-pleine-hauteur-tourniquet-handicap-mt451-c"},"modified":"2026-05-05T17:50:11","modified_gmt":"2026-05-05T09:50:11","slug":"handicap-tourniquet","status":"publish","type":"product","link":"https:\/\/mairsturnstile.com\/fr\/produit\/handicap-tourniquet","title":{"rendered":"TOURNIQUET POUR HANDICAP\u00c9S \u00c0 PLEINE HAUTEUR"},"content":{"rendered":"        <!-- 3D Model html -->\r\n        <div class=\"bp_grand wrapper_51818\">   \r\n        <div class=\"bp_model_parent\">\r\n            <model-viewer class=\"model\" id=\"bp_model_id_51818\" src=\"http:\/\/mairsturnstile.com\/wp-content\/uploads\/2024\/09\/MT-XW400C.glb\" alt=\"MT-XW400C\" camera-controls  loading=\"auto\" auto-rotate                        >\r\n            <\/model-viewer>\r\n        \r\n            <!-- Button -->\r\n            <svg id=\"openBtn\" width=\"30px\" height=\"30px\" viewBox=\"0 0 16 16\" xmlns=\"http:\/\/www.w3.org\/2000\/svg\" fill=\"#f2f2f2\" class=\"bi bi-arrows-fullscreen model-icon\">\r\n                <path fill-rule=\"evenodd\" d=\"M5.828 10.172a.5.5 0 0 0-.707 0l-4.096 4.096V11.5a.5.5 0 0 0-1 0v3.975a.5.5 0 0 0 .5.5H4.5a.5.5 0 0 0 0-1H1.732l4.096-4.096a.5.5 0 0 0 0-.707zm4.344 0a.5.5 0 0 1 .707 0l4.096 4.096V11.5a.5.5 0 1 1 1 0v3.975a.5.5 0 0 1-.5.5H11.5a.5.5 0 0 1 0-1h2.768l-4.096-4.096a.5.5 0 0 1 0-.707zm0-4.344a.5.5 0 0 0 .707 0l4.096-4.096V4.5a.5.5 0 1 0 1 0V.525a.5.5 0 0 0-.5-.5H11.5a.5.5 0 0 0 0 1h2.768l-4.096 4.096a.5.5 0 0 0 0 .707zm-4.344 0a.5.5 0 0 1-.707 0L1.025 1.732V4.5a.5.5 0 0 1-1 0V.525a.5.5 0 0 1 .5-.5H4.5a.5.5 0 0 1 0 1H1.732l4.096 4.096a.5.5 0 0 1 0 .707z\"\/>\r\n            <\/svg>\r\n        \r\n            <svg id=\"closeBtn\" class=\"model-icon\" width=\"34px\" height=\"34px\" viewBox=\"0 0 24 24\" xmlns=\"http:\/\/www.w3.org\/2000\/svg\">\r\n                <path fill=\"none\" stroke=\"#f2f2f2\" stroke-width=\"2\" d=\"M7,7 L17,17 M7,17 L17,7\"\/>\r\n            <\/svg>\r\n        \r\n        <\/div>\r\n        <\/div> \r\n\r\n        <!-- Model Viewer Style -->\r\n        <style>\r\n            \r\n            .wrapper_51818 .bp_model_parent, #bp_model_id_51818 {\r\n                width: 1150px;\r\n                max-width: 100%;\r\n                                            }\r\n            #bp_model_id_51818 {\r\n                height:700px;\r\n                background-color: #f9f9f9;\r\n            }\r\n            .fullscreen #bp_model_id_51818{\r\n            height: 100%;\r\n            width: 100%;\r\n            }\r\n            .wrapper_51818 .bp_model_parent{\r\n                justify-content: start            }\r\n            model-viewer.model {\r\n                --poster-color: transparent;\r\n            }\r\n        <\/style>\r\n        \r\n        \n<h4>La porte de tourniquet pour handicap b\u00e9n\u00e9ficie d&rsquo;une garantie de 2 ans et d&rsquo;un support d&rsquo;entretien et de r\u00e9paration durable.<\/h4>\n<p> Tourniquet pour personnes handicap\u00e9es, conforme aux normes ADA, hauteur maximale, pour l&rsquo;acc\u00e8s aux fauteuils roulants. D\u00e9couvrez notre tourniquet pour personnes handicap\u00e9es au design unique. Voie large conforme aux normes ADA pour l&rsquo;acc\u00e8s aux fauteuils roulants, s\u00e9curit\u00e9 optimale et finition haut de gamme en acier inoxydable. Fabricant de tourniquets pour personnes handicap\u00e9es, portillon ADA pleine hauteur avec conception adapt\u00e9e aux fauteuils roulants. Notre tourniquet pour personnes handicap\u00e9es dispose d&rsquo;un passage de 91 cm de large pour l&rsquo;acc\u00e8s aux fauteuils roulants et aux poussettes. Apparence unique, haute s\u00e9curit\u00e9 et construction en acier inoxydable 304. Tourniquet pour personnes handicap\u00e9es peu encombrant, conception compacte pleine hauteur pour les espaces restreints. Contrairement aux mod\u00e8les traditionnels volumineux, notre tourniquet pour personnes handicap\u00e9es pr\u00e9sente une forme profil\u00e9e unique avec une voie accessible aux fauteuils roulants de 81 cm. Parfait pour les halls d&rsquo;immeubles de bureaux et les complexes r\u00e9sidentiels.     <\/p>\n<p>Nous pouvons fournir des services OEM et ODM. Nous avons des designers exp\u00e9riment\u00e9s qui peuvent effectuer une personnalisation approfondie en fonction de vos besoins. Nous fournirons une s\u00e9rie de mat\u00e9riaux tels que des rendus 3D, des dessins dimensionnels, etc. d\u00e8s que possible. Si vous avez des besoins particuliers et avez besoin de personnaliser le produit, il vous suffit de fournir des images et des param\u00e8tres pertinents. Nous fournissons \u00e9galement des dispositifs biom\u00e9triques, tels que des lecteurs de cartes IC\/ID, des scanners d&#8217;empreintes digitales, des scanners de code QR, des cam\u00e9ras de reconnaissance faciale, etc. Le meilleur tourniquet pour personnes \u00e0 mobilit\u00e9 r\u00e9duite destin\u00e9 \u00e0 un usage ext\u00e9rieur : un syst\u00e8me de contr\u00f4le d&rsquo;acc\u00e8s r\u00e9sistant aux intemp\u00e9ries et conforme aux normes ADA. Notre tourniquet PMR est con\u00e7u pour les environnements difficiles ; il b\u00e9n\u00e9ficie d&rsquo;un indice de protection IP66 et est fabriqu\u00e9 en acier inoxydable 316 r\u00e9sistant \u00e0 la corrosion. Un design esth\u00e9tique unique, id\u00e9al pour les stades et les lieux publics. <\/p>\n<p>Nous avons \u00e9galement lanc\u00e9 une nouvelle s\u00e9rie de tourniquets pleine hauteur \u00e0 l&rsquo;aspect \u00e9l\u00e9gant et \u00e0 la structure robuste. Veuillez consulter : <span style=\"color: #0000ff;\"><a style=\"color: #0000ff;\" href=\"https:\/\/mairsturnstile.com\/full-height-series-turnstile\" target=\"_blank\" rel=\"noopener\">s\u00e9rie de tourniquets pleine hauteur<\/a><\/span> <\/p>\n<p><strong>Le tourniquet pour handicap\u00e9s est une sorte de porte de tourniquet pour pi\u00e9tons qui est utilis\u00e9e pour le contr\u00f4le d&rsquo;acc\u00e8s des fauteuils roulants handicap\u00e9s, dont la largeur de voie doit \u00eatre d&rsquo;au moins 900 mm. Le tourniquet handicap\u00e9 est g\u00e9n\u00e9ralement con\u00e7u pour les personnes handicap\u00e9es, ce qui facilite les d\u00e9placements des personnes handicap\u00e9es.<\/strong> Les handicap\u00e9s et les fauteuils roulants peuvent passer facilement. Le tourniquet handicap est diff\u00e9rent du tourniquet traditionnel \u00e0 barri\u00e8re \u00e0 rabat et du tourniquet tripode. L&rsquo;acc\u00e8s n&rsquo;est pas limit\u00e9 par des moyens physiques tels que la plaque d&rsquo;aile et la tige de blocage. Le tourniquet handicap\u00e9 n&rsquo;a pas de principe de mouvement, seulement une fonction de reconnaissance inductive.<\/p>\n<p>Alliez haute s\u00e9curit\u00e9 et accessibilit\u00e9. Notre tourniquet pour personnes \u00e0 mobilit\u00e9 r\u00e9duite est \u00e9quip\u00e9 d&rsquo;un bras r\u00e9tractable ou d&rsquo;un portillon battant adjacent pour les fauteuils roulants. Demandez un devis. La solution id\u00e9ale pour les utilisateurs en situation de handicap. Notre tourniquet int\u00e8gre la reconnaissance faciale : ni carte, ni empreinte digitale requise. Une solution sans contact, hygi\u00e9nique et accessible. Un fonctionnement fluide pour tous. Notre tourniquet est dot\u00e9 d&rsquo;un servomoteur \u00e0 force d&rsquo;ouverture r\u00e9glable. Conforme aux normes ADA. Vente directe d&rsquo;usine : couleurs et finitions personnalisables disponibles. R\u00e9alisez des \u00e9conomies gr\u00e2ce \u00e0 nos tarifs directs fabricant. Personnalisation des couleurs RAL, finition par thermolaquage et options en acier inoxydable 316 de qualit\u00e9 marine. Obtenez un devis sous 24 heures.           <\/p>\n<p>Il existe de nombreux styles de tourniquets pour handicap\u00e9s, qui peuvent \u00e9galement \u00eatre personnalis\u00e9s en fonction de vos besoins r\u00e9els. Tous nos portails tourniquets battants et couloirs rapides peuvent \u00eatre sp\u00e9cialement con\u00e7us pour les personnes handicap\u00e9es et handicap\u00e9es. Tous les mod\u00e8les de tourniquets battants et couloirs rapides peuvent \u00eatre utilis\u00e9s pour un acc\u00e8s handicap\u00e9. Certains mod\u00e8les de barri\u00e8re \u00e0 double volet escamotable et de tourniquet \u00e0 portail coulissant peuvent \u00e9galement avoir une largeur de passage de 900 mm. Il est conforme \u00e0 l&rsquo;ADA (The Americans with Disabilities Act). Si vous avez besoin d&rsquo;autres types de tourniquets pour handicap\u00e9s, veuillez <a href=\"https:\/\/mairsturnstile.com\/contact\">nous contacter<\/a>.<\/p>\n<p>\u00c0 propos de ce produit tourniquet ADA ou tourniquet handicap, en raison des facteurs de l&rsquo;environnement d&rsquo;installation sur site ou des exigences d&rsquo;acc\u00e8s au site et au site, de nombreux clients peuvent n&rsquo;avoir besoin que de la version simple du tourniquet ADA. Si vous avez des besoins \u00e0 cet \u00e9gard, vous pouvez \u00e9galement nous contacter pour le personnaliser. Par exemple, les deux versions simples suivantes de la porte tourniquet pivotante pleine hauteur sont personnalis\u00e9es par nos clients. Ce tourniquet pivotant pleine hauteur r\u00e9sout le probl\u00e8me que les tourniquets pleine hauteur ne peuvent pas traverser les v\u00e9los et les fauteuils roulants. La version simple du portillon tourniquet battant est enti\u00e8rement con\u00e7ue pour le passage des v\u00e9los ou des personnes handicap\u00e9es.<\/p>\n<p>Nous pouvons \u00e9galement cr\u00e9er un rendu pour vous en quelques minutes en fonction de votre sc\u00e9nario r\u00e9el. Nous fournissons \u00e9galement une disposition et des dessins d\u00e9taill\u00e9s, ainsi que des dessins d&rsquo;installation.<\/p>\n\n        \t\n\t<style type=\"text\/css\">\n\t\t.slider-info-53264.bafg-slider-info .bafg-slider-title {\n\t\t\t\t\t\tfont-size: 22px;\n\t\t\t\t\t\t\n\t\t\t\n\t\t\t\t\t}\n\n\t\t.slider-info-53264.bafg-slider-info .bafg-slider-description {\n\t\t\t\n\t\t\t\n\t\t\t\t\t}\n\n\t\t.slider-info-53264.bafg-slider-info .bafg_slider_readmore_button {\n\t\t\t\n\t\t\t\n\t\t\t\n\t\t\t\n\t\t\t\n\t\t\ttext-align: center;\n\n\t\t\t\n\t\t\t\n\t\t\t\n\t\t\t\n\t\t\t\n\t\t\t\n\t\t\t\t\t}\n\n\t\t.slider-info-53264.bafg-slider-info .bafg_slider_readmore_button:hover {\n\n\t\t\t\n\t\t\t\n\t\t\t\t\t}\n\n\t<\/style>\n\t\n        <div class=\"bafg-twentytwenty-container slider-53264 \" bafg-orientation=\"horizontal\" bafg-default-offset=\"0.5\" bafg-before-label=\"Before\" bafg-after-label=\"After\" bafg-overlay=\"yes\" bafg-move-slider-on-hover=\"yes\" bafg-click-to-move=\"no\">\n              \n            <img decoding=\"async\" class=\"skip-lazy\" src=\"http:\/\/mairsturnstile.com\/wp-content\/uploads\/2024\/09\/xw-series-full-height-handicap-turnstile-XW400-C.jpg\" alt=\"\" data-skip-lazy title=\"\">\n            <img decoding=\"async\" class=\"skip-lazy\" src=\"http:\/\/mairsturnstile.com\/wp-content\/uploads\/2024\/09\/xw-series-full-height-handicap-turnstile-XW400-C-1.jpg\" alt=\"\" data-skip-lazy title=\"\">\n           \n        <\/div>\n\n        \t<div class=\"bafg-slider-info-wraper\">\n\t\t<div style=\"\" class=\"slider-info-53264 bafg-slider-info\">\n\t\t\t\t\t<\/div>\n\t<\/div>\n\t\n        <style type=\"text\/css\">\n            \n        <\/style>\n        \n<p>Il y a un feu de signalisation sur le capot sup\u00e9rieur du produit et un feu de signalisation \u00e0 LED est fabriqu\u00e9 en fonction des besoins du client. Nous pouvons r\u00e9pondre aux besoins de n&rsquo;importe quel OEM ou ODM.<\/p>\n<p>Le tourniquet pour handicap\u00e9s peut juger rapidement et avec pr\u00e9cision l&rsquo;identit\u00e9 ill\u00e9gale du personnel lors du passage dans l&rsquo;\u00e9quipement, \u00e9mettre des signaux d&rsquo;alarme et prendre des photos. De plus, le syst\u00e8me de contr\u00f4le d&rsquo;acc\u00e8s peut utiliser la technologie de comparaison d&rsquo;images pour filtrer les enregistrements d&rsquo;acc\u00e8s suspects ou les informations personnelles suspectes pendant les p\u00e9riodes sensibles.<\/p>\n<p>Le tourniquet pour handicap juge s&rsquo;il y a des personnes et des marchandises dans et hors du canal gr\u00e2ce \u00e0 la technologie RFID et \u00e0 la technologie infrarouge, juge la l\u00e9gitimit\u00e9 des personnes et des marchandises dans et hors du canal en combinaison avec la technologie d&rsquo;acquisition de donn\u00e9es sans fil longue distance, et leur rappelle au moyen d&rsquo;indications sonores et visuelles.<\/p>\n<p>Le tourniquet pour handicap\u00e9s se caract\u00e9rise par une technologie d&rsquo;acquisition de donn\u00e9es sans fil longue distance. Le personnel entrant et sortant du canal n&rsquo;a pas besoin de montrer activement ses documents d&rsquo;identit\u00e9, mais a seulement besoin de conna\u00eetre ses informations d&rsquo;identit\u00e9 et sa l\u00e9gitimit\u00e9 \u00e0 travers le canal.<\/p>\n<p>La porte tourniquet handicap est compos\u00e9e d&rsquo;un ch\u00e2ssis et d&rsquo;un module de commande \u00e9lectrique. La carte m\u00e8re de contr\u00f4le de porte de tourniquet d\u00e9tecte le processus de passage des personnes handicap\u00e9es \u00e0 travers un d\u00e9tecteur infrarouge, et les personnes handicap\u00e9es\/handicap\u00e9es peuvent passer avec une autorisation l\u00e9gale ; Si un pi\u00e9ton entre dans le passage sans autorisation, l&rsquo;alarme sonore et visuelle sera activ\u00e9e pour indiquer que le pi\u00e9ton n&rsquo;est pas autoris\u00e9 \u00e0 passer sans autorisation.<\/p>\n<p style=\"font-weight: 400;\">Tourniquet RFID de reconnaissance faciale de contr\u00f4le d&rsquo;acc\u00e8s de tourniquet d&rsquo;handicap pour l&rsquo;immeuble de bureaux. Les interfaces d&rsquo;entr\u00e9e de signal standard sont g\u00e9n\u00e9ralement configur\u00e9es, telles que l&rsquo;interface RS485\/RS232 ou TCP\/IP, qui peuvent s&rsquo;int\u00e9grer \u00e0 divers logiciels tiers, \u00e9quipements biom\u00e9triques et contr\u00f4leurs de contr\u00f4le d&rsquo;acc\u00e8s. Il convient \u00e0 diverses occasions int\u00e9rieures telles que les immeubles commerciaux, les immeubles de bureaux, les halls d&rsquo;exposition, etc.<\/p>\n<p>Le tourniquet de handicap de porte de tourniquet pleine hauteur contr\u00f4le les personnes qui entrent ou sortent de la zone r\u00e9glement\u00e9e. Le bo\u00eetier est en acier inoxydable 304 bross\u00e9 de haute qualit\u00e9. Le m\u00e9canisme utilise une technologie de pointe pour r\u00e9duire la taille mais garantit des performances \u00e9lev\u00e9es. Ils sont \u00e9galement \u00e9quip\u00e9s d&rsquo;un moteur sans balais \u00e0 courant continu de marque c\u00e9l\u00e8bre et d&rsquo;un capteur sophistiqu\u00e9. Le <a href=\"https:\/\/mairsturnstile.com\/swing-turnstile-gate.html\" target=\"_blank\" rel=\"noopener\">tourniquet pivotant<\/a> dispose d&rsquo;une sortie relais standard, qui peut \u00eatre facilement int\u00e9gr\u00e9e \u00e0 tous les types de syst\u00e8mes de contr\u00f4le d&rsquo;acc\u00e8s tiers (RFID, empreinte digitale, visage, code-barres, <a href=\"https:\/\/en.wikipedia.org\/wiki\/Thermometer\" target=\"_blank\" rel=\"noopener\">thermom\u00e8tre<\/a> IR). Il est facile de configurer plusieurs voies. Mairs propose la meilleure porte de tourniquet pour handicap\u00e9s au prix le moins cher en ligne. Tourniquet Handicap pour les personnes handicap\u00e9es, les personnes handicap\u00e9es et les handicap\u00e9s.<\/p>\n<ul>\n<li style=\"list-style-type: none;\">\n<ul>\n<li>En cas d&rsquo;urgence, coupez l&rsquo;alimentation, le tourniquet handicap\u00e9 s&rsquo;ouvrira automatiquement pour permettre un libre passage conforme aux exigences de s\u00e9curit\u00e9 incendie. Mais il doit venir avec une batterie. Quant \u00e0 l&rsquo;export, la batterie est sensible, on peut utiliser le condensateur pour la remplacer.<\/li>\n<li>La porte tourniquet pleine hauteur pour handicap\u00e9s convient aux solutions d&rsquo;entr\u00e9e de luxe et haut de gamme.<\/li>\n<li>L&rsquo;ensemble du syst\u00e8me fonctionne en douceur, avec un faible bruit et une vitesse \u00e9lev\u00e9e.<\/li>\n<li>Fonction d&rsquo;alarme, s&rsquo;il y a une intrusion ill\u00e9gale et une intrusion inverse, la porte s&rsquo;alarme et la porte se verrouille.<\/li>\n<li>Il y a un total de 6 paires de capteurs infrarouges. Le capteur du milieu sert \u00e0 emp\u00eacher les pi\u00e9tons de se pincer.<\/li>\n<li>Fonction anti-tailing, une personne peut passer \u00e0 la fois. Si quelqu&rsquo;un suit les personnes de devant, la porte sonnera<\/li>\n<li>Indicateur LED. Croix rouge et fl\u00e8che verte. Il y a aussi des indicateurs LED sur le poteau avant. La lumi\u00e8re LED peut \u00eatre ajout\u00e9e aux bras.<\/li>\n<li>L&rsquo;acc\u00e8s bidirectionnel r\u00e9duit le besoin de plus de portes. Il est adapt\u00e9 aux fauteuils roulants, la poussette shopping augmente l&rsquo;efficacit\u00e9 du passage.<\/li>\n<li>Fonction de r\u00e9initialisation automatique. Si les personnes ne sont pas pass\u00e9es dans le d\u00e9lai pr\u00e9d\u00e9fini (le d\u00e9lai par d\u00e9faut est de 5 secondes), le syst\u00e8me annulera l&rsquo;autorit\u00e9 de l&rsquo;utilisateur et se fermera automatiquement<\/li>\n<li>Anti-choc, Anti pincement, Les portails sont \u00e9quip\u00e9s d&rsquo;un moteur brushless. Pendant le fonctionnement, si quelqu&rsquo;un heurte le bras, le portail se r\u00e9initialise automatiquement. Cette fonction emp\u00eache efficacement les pi\u00e9tons, en particulier les enfants, de se cogner, de se couper, de frapper, etc.<\/li>\n<li>M\u00e9canisme : le portail handicap\u00e9 est un portail automatique avec un moteur Brushless<\/li>\n<li> Pleine hauteur semi-automatique pour un acc\u00e8s r\u00e9gulier (automatique en option)<\/li>\n<li>Le sens de rotation : bidirectionnel\/simple directionnel<\/li>\n<li>Situation d&rsquo;urgence : en cas d&rsquo;urgence ou d&rsquo;isolement de l&rsquo;alimentation \u00e9lectrique, la porte rotative peut \u00eatre configur\u00e9e en mode Fail-Safe, c&rsquo;est-\u00e0-dire qu&rsquo;elle tourne librement ou en mode Fail-Lock<\/li>\n<li>Humidit\u00e9 : \u226495\uff05<\/li>\n<li>Entra\u00eenement : semi-automatique<\/li>\n<li>Temp\u00e9rature de fonctionnement : -25\u2103~60\u2103<\/li>\n<li>Caract\u00e9ristique facultative : lecteur IC\/ID, lecteur de codes-barres, reconnaissance faciale, empreintes digitales, autres \u00e9quipements de contr\u00f4le d&rsquo;acc\u00e8s, UPS, etc.<\/li>\n<li>Distance de communication : \u22641200 m<\/li>\n<li>Interface de communication : RS485<\/li>\n<li>Temps n\u00e9cessaire \u00e0 l&rsquo;ouverture : 0,2 s<\/li>\n<li>Environnement de travail : Int\u00e9rieur ou ext\u00e9rieur<\/li>\n<li>Domaine d&rsquo;application : communaut\u00e9, usine, chantier de construction, \u00e9cole, lieu de vill\u00e9giature, \u00e9tablissement gouvernemental, etc.<\/li>\n<\/ul>\n<\/li>\n<\/ul>\n<p>Nous pouvons fournir la solution compl\u00e8te de contr\u00f4le d&rsquo;acc\u00e8s de s\u00e9curit\u00e9. Si vous avez votre propre syst\u00e8me de contr\u00f4le d&rsquo;acc\u00e8s, vous pouvez directement utiliser notre porte tourniquet. Si vous n&rsquo;en avez pas, nous fournissons \u00e9galement une solution compl\u00e8te de contr\u00f4le d&rsquo;acc\u00e8s de s\u00e9curit\u00e9. Veuillez vous r\u00e9f\u00e9rer \u00e0 la vid\u00e9o ci-dessous pour plus de d\u00e9tails.<\/p>\n<p><iframe title=\"Lecteur vid\u00e9o YouTube\" src=\"https:\/\/www.youtube.com\/embed\/Gl9Rl2PVJVQ?si=cuTX95KQ3zFpweRt&#038;start=1\" width=\"1150\" height=\"650\" frameborder=\"0\" allowfullscreen=\"allowfullscreen\"><span data-mce-type=\"bookmark\" style=\"display: inline-block; width: 0px; overflow: hidden; line-height: 0;\" class=\"mce_SELRES_start\"><\/span><\/iframe><\/p>\n","protected":false},"excerpt":{"rendered":"<p>1. Taille : 2650*1500*2200 mm (peut \u00eatre personnalis\u00e9)<\/p>\n<p>2. Largeur de voie : 650 mm (rotor) 900 mm (handicap\u00e9)<\/p>\n<p>3. Mat\u00e9riel : acier inoxydable 304 ou acier inoxydable 316<\/p>\n<p>4. Vitesse de passage : 25 personne\/min<\/p>\n<p>5. Alimentation : 110V\/220V 50\/60hz<\/p>\n<p>6. \u00c9lectrovanne : DC24V<\/p>\n<p>7. Signal de porte ouverte : contact sec\/relais<\/p>\n<p>8. Fiabilit\u00e9 du m\u00e9canisme : 5 millions, sans faute<\/p>\n<p>9. M\u00e9canisme avec amortisseur hydraulique pour amortir les chocs<\/p>\n<p><span style=\"color: #000000;\"><strong><a style=\"color: #000000;\" title=\"Tourniquet pleine hauteur certifi\u00e9 Mairs CE\" href=\"http:\/\/mairsturnstile.com\/wp-content\/uploads\/2022\/09\/Mairs-CE-Certificate-Full-Height-Turnstile.pdf\" target=\"_blank\" rel=\"noopener noreferrer\">Certifi\u00e9 CE,<\/a> <a style=\"color: #000000;\" title=\"Certificat Mairs ISO9001\" href=\"http:\/\/mairsturnstile.com\/wp-content\/uploads\/2022\/09\/Mairs-Registration-Certificate-ISO9001.pdf\" target=\"_blank\" rel=\"noopener noreferrer\">Certifi\u00e9 ISO9001.<\/a><\/strong><\/span><\/p>\n<p><a title=\"Manuel d'installation du tourniquet pleine hauteur\" href=\"http:\/\/mairsturnstile.com\/wp-content\/uploads\/2023\/09\/Full-height-turnstile-installation-manual.pdf\" target=\"_blank\" rel=\"noopener noreferrer\"><strong><span style=\"color: #fcaf3b;\">Download Full Height Turnstile User &#038; Installation Manual<\/span><\/strong><\/a><\/p>\n<p><a title=\"XW Series Full Hegiht Turnstile\" href=\"https:\/\/mairsturnstile-online.com\/flipbook\/xw-series-full-height-turnstile\" target=\"_blank\" rel=\"noopener noreferrer\"><span style=\"color: #fcaf3b;\"><strong>Download XW Series Full Hegiht Turnstile<\/strong><\/span><\/a><\/p>\n","protected":false},"featured_media":56873,"comment_status":"closed","ping_status":"closed","template":"","meta":{"neve_meta_sidebar":"","neve_meta_container":"","neve_meta_enable_content_width":"off","neve_meta_content_width":0,"neve_meta_title_alignment":"","neve_meta_author_avatar":"","neve_post_elements_order":"","neve_meta_disable_header":"","neve_meta_disable_footer":"","neve_meta_disable_title":"","_ti_tpc_template_sync":false,"_ti_tpc_template_id":""},"product_cat":[877,873],"product_tag":[1032,1452,1031,1453],"class_list":["post-10507","product","type-product","status-publish","has-post-thumbnail","hentry","product_cat-porte-tourniquet","product_cat-tourniquets-pleine-hauteur","product_tag-porte-tourniquet-handicap","product_tag-tourniquet-ada","product_tag-tourniquet-handicape","product_tag-tourniquet-handicape-fr"],"_links":{"self":[{"href":"https:\/\/mairsturnstile.com\/fr\/wp-json\/wp\/v2\/product\/10507","targetHints":{"allow":["GET"]}}],"collection":[{"href":"https:\/\/mairsturnstile.com\/fr\/wp-json\/wp\/v2\/product"}],"about":[{"href":"https:\/\/mairsturnstile.com\/fr\/wp-json\/wp\/v2\/types\/product"}],"replies":[{"embeddable":true,"href":"https:\/\/mairsturnstile.com\/fr\/wp-json\/wp\/v2\/comments?post=10507"}],"version-history":[{"count":1,"href":"https:\/\/mairsturnstile.com\/fr\/wp-json\/wp\/v2\/product\/10507\/revisions"}],"predecessor-version":[{"id":72558,"href":"https:\/\/mairsturnstile.com\/fr\/wp-json\/wp\/v2\/product\/10507\/revisions\/72558"}],"wp:featuredmedia":[{"embeddable":true,"href":"https:\/\/mairsturnstile.com\/fr\/wp-json\/wp\/v2\/media\/56873"}],"wp:attachment":[{"href":"https:\/\/mairsturnstile.com\/fr\/wp-json\/wp\/v2\/media?parent=10507"}],"wp:term":[{"taxonomy":"product_cat","embeddable":true,"href":"https:\/\/mairsturnstile.com\/fr\/wp-json\/wp\/v2\/product_cat?post=10507"},{"taxonomy":"product_tag","embeddable":true,"href":"https:\/\/mairsturnstile.com\/fr\/wp-json\/wp\/v2\/product_tag?post=10507"}],"curies":[{"name":"wp","href":"https:\/\/api.w.org\/{rel}","templated":true}]}}