{"id":10508,"date":"2020-09-11T11:45:00","date_gmt":"2020-09-11T03:45:00","guid":{"rendered":"https:\/\/mairsturnstile.com\/product\/tourniquet-de-securite-pleine-hauteur-revetu-de-poudre-mt402-b"},"modified":"2023-11-02T12:35:05","modified_gmt":"2023-11-02T04:35:05","slug":"tourniquets-toute-hauteur-fr","status":"publish","type":"product","link":"https:\/\/mairsturnstile.com\/fr\/produit\/tourniquets-toute-hauteur-fr","title":{"rendered":"TOURNIQUET DE S\u00c9CURIT\u00c9 PLEINE HAUTEUR REV\u00caTU DE POUDRE MT402-B"},"content":{"rendered":"        <!-- 3D Model html -->\r\n        <div class=\"bp_grand wrapper_19982\">   \r\n        <div class=\"bp_model_parent\">\r\n            <model-viewer class=\"model\" id=\"bp_model_id_19982\" src=\"http:\/\/mairsturnstile.com\/wp-content\/uploads\/2023\/07\/MT402-B.glb\" alt=\"MT402-B\" camera-controls  loading=\"auto\" auto-rotate                        >\r\n            <\/model-viewer>\r\n        \r\n            <!-- Button -->\r\n            <svg id=\"openBtn\" width=\"30px\" height=\"30px\" viewBox=\"0 0 16 16\" xmlns=\"http:\/\/www.w3.org\/2000\/svg\" fill=\"#f2f2f2\" class=\"bi bi-arrows-fullscreen model-icon\">\r\n                <path fill-rule=\"evenodd\" d=\"M5.828 10.172a.5.5 0 0 0-.707 0l-4.096 4.096V11.5a.5.5 0 0 0-1 0v3.975a.5.5 0 0 0 .5.5H4.5a.5.5 0 0 0 0-1H1.732l4.096-4.096a.5.5 0 0 0 0-.707zm4.344 0a.5.5 0 0 1 .707 0l4.096 4.096V11.5a.5.5 0 1 1 1 0v3.975a.5.5 0 0 1-.5.5H11.5a.5.5 0 0 1 0-1h2.768l-4.096-4.096a.5.5 0 0 1 0-.707zm0-4.344a.5.5 0 0 0 .707 0l4.096-4.096V4.5a.5.5 0 1 0 1 0V.525a.5.5 0 0 0-.5-.5H11.5a.5.5 0 0 0 0 1h2.768l-4.096 4.096a.5.5 0 0 0 0 .707zm-4.344 0a.5.5 0 0 1-.707 0L1.025 1.732V4.5a.5.5 0 0 1-1 0V.525a.5.5 0 0 1 .5-.5H4.5a.5.5 0 0 1 0 1H1.732l4.096 4.096a.5.5 0 0 1 0 .707z\"\/>\r\n            <\/svg>\r\n        \r\n            <svg id=\"closeBtn\" class=\"model-icon\" width=\"34px\" height=\"34px\" viewBox=\"0 0 24 24\" xmlns=\"http:\/\/www.w3.org\/2000\/svg\">\r\n                <path fill=\"none\" stroke=\"#f2f2f2\" stroke-width=\"2\" d=\"M7,7 L17,17 M7,17 L17,7\"\/>\r\n            <\/svg>\r\n        \r\n        <\/div>\r\n        <\/div> \r\n\r\n        <!-- Model Viewer Style -->\r\n        <style>\r\n            \r\n            .wrapper_19982 .bp_model_parent, #bp_model_id_19982 {\r\n                width: 1150px;\r\n                max-width: 100%;\r\n                                            }\r\n            #bp_model_id_19982 {\r\n                height:700px;\r\n                background-color: #f2f2f2;\r\n            }\r\n            .fullscreen #bp_model_id_19982{\r\n            height: 100%;\r\n            width: 100%;\r\n            }\r\n            .wrapper_19982 .bp_model_parent{\r\n                justify-content: start            }\r\n            model-viewer.model {\r\n                --poster-color: transparent;\r\n            }\r\n        <\/style>\r\n        \r\n        \n<h2>Les tourniquets pleine hauteur uk b\u00e9n\u00e9ficient d&rsquo;une garantie de 2 ans et d&rsquo;un support de maintenance et de r\u00e9paration durable.<\/h2>\n<p>Nous pouvons fournir des services OEM et ODM. Nous avons des designers exp\u00e9riment\u00e9s qui peuvent effectuer une personnalisation approfondie en fonction de vos besoins. Nous fournirons une s\u00e9rie de mat\u00e9riaux tels que des rendus 3D, des dessins dimensionnels, etc. d\u00e8s que possible. Nous fournissons \u00e9galement des dispositifs biom\u00e9triques, tels que des lecteurs de cartes IC\/ID, des scanners d&#8217;empreintes digitales, des scanners de code QR, des cam\u00e9ras de reconnaissance faciale, etc.<\/p>\n<p style=\"font-weight: 400;\"><span style=\"font-style: inherit; font-weight: inherit;\"><strong><a href=\"https:\/\/mairsturnstile.com\/full-height-turnstiles.html\">Tourniquets pleine hauteur<\/a><\/strong> UK Gate Contr\u00f4le d&rsquo;acc\u00e8s Tourniquet Syst\u00e8me RFID Gate.<\/span><\/p>\n<p style=\"font-weight: 400;\">Le <strong>tourniquet de s\u00e9curit\u00e9 pleine hauteur<\/strong> est fabriqu\u00e9 en <a href=\"https:\/\/en.wikipedia.org\/wiki\/Stainless_steel\" target=\"_blank\" rel=\"noopener\">acier inoxydable<\/a> 304 bross\u00e9, r\u00e9sistant aux hautes temp\u00e9ratures et \u00e0 la corrosion, \u00e0 la poussi\u00e8re et \u00e0 la pluie. Il est souvent utilis\u00e9 pour les solutions de contr\u00f4le d&rsquo;acc\u00e8s de haute s\u00e9curit\u00e9. Les tourniquets pleine hauteur uk peuvent \u00eatre utilis\u00e9s pour les emplacements int\u00e9rieurs et ext\u00e9rieurs. Il peut \u00eatre largement utilis\u00e9 pour la gare, le gouvernement, les parcs d&rsquo;attractions, les prisons, les stades de football, les zones de stationnement, les appartements, les gymnases, les mus\u00e9es, les gares, les biblioth\u00e8ques, les usines, etc. Utilisation de l&rsquo;interface \u00e9lectrique standard, compatible avec la carte d&rsquo;identit\u00e9\/IC, les empreintes digitales, la reconnaissance faciale, un d\u00e9tecteur infrarouge, un contr\u00f4leur de temp\u00e9rature, un code-barres\/code QR, une application t\u00e9l\u00e9phonique, un syst\u00e8me ESD, un syst\u00e8me visiteur, etc.<\/p>\n<p>Nous pouvons \u00e9galement cr\u00e9er un rendu pour vous en quelques minutes en fonction de votre sc\u00e9nario r\u00e9el. Nous fournissons \u00e9galement une disposition et des dessins d\u00e9taill\u00e9s, ainsi que des dessins d&rsquo;installation.<br \/>\n\n        \t\n\t<style type=\"text\/css\">\n\t\t.slider-info-19995.bafg-slider-info .bafg-slider-title {\n\t\t\t\t\t\tfont-size: 22px;\n\t\t\t\t\t\t\n\t\t\t\n\t\t\t\t\t}\n\n\t\t.slider-info-19995.bafg-slider-info .bafg-slider-description {\n\t\t\t\n\t\t\t\n\t\t\t\t\t}\n\n\t\t.slider-info-19995.bafg-slider-info .bafg_slider_readmore_button {\n\t\t\t\n\t\t\t\n\t\t\t\n\t\t\t\n\t\t\t\n\t\t\ttext-align: center;\n\n\t\t\t\n\t\t\t\n\t\t\t\n\t\t\t\n\t\t\t\n\t\t\t\n\t\t\t\t\t}\n\n\t\t.slider-info-19995.bafg-slider-info .bafg_slider_readmore_button:hover {\n\n\t\t\t\n\t\t\t\n\t\t\t\t\t}\n\n\t<\/style>\n\t\n        <div class=\"bafg-twentytwenty-container slider-19995 \" bafg-orientation=\"horizontal\" bafg-default-offset=\"0.5\" bafg-before-label=\"Before\" bafg-after-label=\"After\" bafg-overlay=\"yes\" bafg-move-slider-on-hover=\"yes\" bafg-click-to-move=\"no\">\n              \n            <img decoding=\"async\" class=\"skip-lazy\" src=\"http:\/\/mairsturnstile.com\/wp-content\/uploads\/2024\/10\/full-height-turnstiles-uk-1.jpg\" alt=\"full height turnstiles uk\" data-skip-lazy title=\"\">\n            <img decoding=\"async\" class=\"skip-lazy\" src=\"http:\/\/mairsturnstile.com\/wp-content\/uploads\/2024\/10\/full-height-turnstiles-uk.jpg\" alt=\"full height turnstiles uk\" data-skip-lazy title=\"\">\n           \n        <\/div>\n\n        \t<div class=\"bafg-slider-info-wraper\">\n\t\t<div style=\"\" class=\"slider-info-19995 bafg-slider-info\">\n\t\t\t\t\t<\/div>\n\t<\/div>\n\t\n        <style type=\"text\/css\">\n            \n        <\/style>\n        <\/p>\n<ul>\n<li>Les tourniquets pleine hauteur UK sont souvent utilis\u00e9s pour des solutions de contr\u00f4le d&rsquo;acc\u00e8s de haute s\u00e9curit\u00e9.<\/li>\n<li>Le mat\u00e9riau du corps est en acier inoxydable 304 qui est antirouille et durable et a une haute r\u00e9sistance.<\/li>\n<li>Les tourniquets pi\u00e9tonniers pleine hauteur sont id\u00e9aux pour les environnements int\u00e9rieurs et ext\u00e9rieurs.<\/li>\n<li data-spm-anchor-id=\"a2700.details.pronpeci14.i0.58226f8fLZmm5D\">La porte du tourniquet s&rsquo;ouvrira automatiquement lorsque l&rsquo;alimentation est coup\u00e9e, tr\u00e8s s\u00fbre pour r\u00e9pondre aux exigences de passage de contr\u00f4le d&rsquo;incendie.<\/li>\n<li>Avec la fonction anti-retour, arr\u00eatez la direction invers\u00e9e.<\/li>\n<li>Le m\u00e9canisme est \u00e9quip\u00e9 d&rsquo;un amortisseur hydraulique de haute qualit\u00e9. Avec cet appareil, il y a tr\u00e8s peu de bruit lors du fonctionnement et il est plus fluide.<\/li>\n<li>Fonction d&rsquo;auto-test, lorsque l&rsquo;alimentation est allum\u00e9e, le syst\u00e8me de porte se restaurera automatiquement.<\/li>\n<li>Le dispositif de haute s\u00e9curit\u00e9, Les tourniquets pleine hauteur UK est la porte de haute s\u00e9curit\u00e9 par rapport aux autres types de tourniquets.<\/li>\n<li>Unidirectionnel ou bidirectionnel est facultatif.<\/li>\n<li>Avec voyant LED directionnel \u00e0 l&rsquo;entr\u00e9e et \u00e0 la sortie.<\/li>\n<li>Compatible avec tous les syst\u00e8mes de contr\u00f4le d&rsquo;acc\u00e8s tiers.<\/li>\n<li>La taille\/conception de la porte peut \u00eatre personnalis\u00e9e en fonction du dessin du client.<\/li>\n<li>Fonction optionnelle Peut \u00eatre contr\u00f4l\u00e9 par une t\u00e9l\u00e9commande et g\u00e9r\u00e9 directement par un ordinateur s&rsquo;il est \u00e9quip\u00e9 d&rsquo;un syst\u00e8me de contr\u00f4le d&rsquo;acc\u00e8s.<\/li>\n<li>La voie du tourniquet sera libre de passer lorsqu&rsquo;elle sera \u00e9teinte, conform\u00e9ment aux exigences de s\u00e9curit\u00e9 incendie.<\/li>\n<li>Peut \u00eatre ajust\u00e9 pour r\u00e9pondre aux exigences de diff\u00e9rents endroits.<\/li>\n<\/ul>\n<p>Nous pouvons fournir la solution compl\u00e8te de contr\u00f4le d&rsquo;acc\u00e8s de s\u00e9curit\u00e9. Si vous avez votre propre syst\u00e8me de contr\u00f4le d&rsquo;acc\u00e8s, vous pouvez directement utiliser notre porte tourniquet. Si vous n&rsquo;en avez pas, nous fournissons \u00e9galement une solution compl\u00e8te de contr\u00f4le d&rsquo;acc\u00e8s de s\u00e9curit\u00e9. Veuillez vous r\u00e9f\u00e9rer \u00e0 la vid\u00e9o ci-dessous pour plus de d\u00e9tails.<\/p>\n<p><iframe title=\"Tourniquet biom\u00e9trique pleine hauteur, Tourniquet pleine hauteur \u00e0 reconnaissance faciale - MairsTurnstile\" src=\"https:\/\/www.youtube.com\/embed\/cy4ZzmrIfx0\" width=\"1150\" height=\"650\" frameborder=\"0\" allowfullscreen=\"allowfullscreen\"><\/iframe><\/p>\n","protected":false},"excerpt":{"rendered":"<p>1. Taille : 1630 * 1500 * 2310 mm (peut \u00eatre personnalis\u00e9)<\/p>\n<p>2. Largeur de voie : 650 mm (peut \u00eatre personnalis\u00e9)<\/p>\n<p>3. Mat\u00e9riau du bo\u00eetier : acier inoxydable 304 ou acier inoxydable 316<\/p>\n<p>4. Vitesse de passage : 30 personne\/min<\/p>\n<p>5. Alimentation : 110 V\/220 V 50\/60 Hz<\/p>\n<p>6. Sol\u00e9no\u00efde de tourniquet de s\u00e9curit\u00e9 pleine hauteur : DC24V<\/p>\n<p>7. Signal de porte ouverte : contact sec\/relais<\/p>\n<p>8. Tension logique : DC24V<\/p>\n<p>9. Fiabilit\u00e9 du m\u00e9canisme : 5 millions, sans faute<\/p>\n<p><span style=\"color: #0000ff;\"><strong><a style=\"color: #0000ff;\" title=\"Tourniquet pleine hauteur certifi\u00e9 Mairs CE\" href=\"http:\/\/mairsturnstile.com\/wp-content\/uploads\/2022\/09\/Mairs-CE-Certificate-Full-Height-Turnstile.pdf\" target=\"_blank\" rel=\"noopener noreferrer\">Certifi\u00e9 CE,<\/a> <a style=\"color: #0000ff;\" title=\"Certificat Mairs ISO9001\" href=\"http:\/\/mairsturnstile.com\/wp-content\/uploads\/2022\/09\/Mairs-Registration-Certificate-ISO9001.pdf\" target=\"_blank\" rel=\"noopener noreferrer\">Certifi\u00e9 ISO9001.<\/a><\/strong><\/span><\/p>\n<p><a title=\"Brochure Tourniquet Pleine Hauteur\" href=\"http:\/\/mairsturnstile.com\/wp-content\/uploads\/2022\/09\/MT402-B-Full-Height-Turnstile-Brochure.pdf\" target=\"_blank\" rel=\"noopener noreferrer\"><img decoding=\"async\" class=\"alignnone size-full wp-image-11034\" src=\"http:\/\/mairsturnstile.com\/wp-content\/uploads\/2022\/09\/pdf-MairsTurnstile.png\" alt=\"\" width=\"32\" height=\"32\"><strong><span style=\"color: #0000ff;\">Brochure du tourniquet pleine hauteur MT402-B<\/span><\/strong><\/a><\/p>\n<p><a title=\"Manuel d'installation du tourniquet pleine hauteur\" href=\"http:\/\/mairsturnstile.com\/wp-content\/uploads\/2023\/09\/Full-height-turnstile-installation-manual.pdf\" target=\"_blank\" rel=\"noopener noreferrer\"><img decoding=\"async\" class=\"alignnone size-full wp-image-11034\" src=\"http:\/\/mairsturnstile.com\/wp-content\/uploads\/2022\/09\/pdf-MairsTurnstile.png\" alt=\"\" width=\"32\" height=\"32\"><strong><span style=\"color: #0000ff;\"> Manuel d&rsquo;utilisation et d&rsquo;installation du tourniquet pleine hauteur<\/span><\/strong><\/a><\/p>\n","protected":false},"featured_media":21404,"comment_status":"closed","ping_status":"closed","template":"","meta":{"neve_meta_sidebar":"","neve_meta_container":"","neve_meta_enable_content_width":"off","neve_meta_content_width":0,"neve_meta_title_alignment":"","neve_meta_author_avatar":"","neve_post_elements_order":"","neve_meta_disable_header":"","neve_meta_disable_footer":"","neve_meta_disable_title":"","_ti_tpc_template_sync":false,"_ti_tpc_template_id":""},"product_cat":[877,873],"product_tag":[1034,1462,1440,1424,1038,1033],"class_list":["post-10508","product","type-product","status-publish","has-post-thumbnail","hentry","product_cat-porte-tourniquet","product_cat-tourniquets-pleine-hauteur","product_tag-porte-tourniquet-royaume-uni","product_tag-tourniquet-pleine-hauteur-a-vendre","product_tag-tourniquet-simple-pleine-hauteur","product_tag-tourniquet-toute-hauteur","product_tag-tourniquets-pleine-hauteur","product_tag-tourniquets-pleine-hauteur-royaume-uni"],"_links":{"self":[{"href":"https:\/\/mairsturnstile.com\/fr\/wp-json\/wp\/v2\/product\/10508","targetHints":{"allow":["GET"]}}],"collection":[{"href":"https:\/\/mairsturnstile.com\/fr\/wp-json\/wp\/v2\/product"}],"about":[{"href":"https:\/\/mairsturnstile.com\/fr\/wp-json\/wp\/v2\/types\/product"}],"replies":[{"embeddable":true,"href":"https:\/\/mairsturnstile.com\/fr\/wp-json\/wp\/v2\/comments?post=10508"}],"version-history":[{"count":0,"href":"https:\/\/mairsturnstile.com\/fr\/wp-json\/wp\/v2\/product\/10508\/revisions"}],"wp:featuredmedia":[{"embeddable":true,"href":"https:\/\/mairsturnstile.com\/fr\/wp-json\/wp\/v2\/media\/21404"}],"wp:attachment":[{"href":"https:\/\/mairsturnstile.com\/fr\/wp-json\/wp\/v2\/media?parent=10508"}],"wp:term":[{"taxonomy":"product_cat","embeddable":true,"href":"https:\/\/mairsturnstile.com\/fr\/wp-json\/wp\/v2\/product_cat?post=10508"},{"taxonomy":"product_tag","embeddable":true,"href":"https:\/\/mairsturnstile.com\/fr\/wp-json\/wp\/v2\/product_tag?post=10508"}],"curies":[{"name":"wp","href":"https:\/\/api.w.org\/{rel}","templated":true}]}}