{"id":10518,"date":"2020-09-12T18:47:33","date_gmt":"2020-09-12T10:47:33","guid":{"rendered":"https:\/\/mairsturnstile.com\/product\/meilleur-tourniquet-double-pleine-hauteur-mt403-1"},"modified":"2026-05-05T18:04:46","modified_gmt":"2026-05-05T10:04:46","slug":"tourniquet-pleine-hauteur-a-deux-voies","status":"publish","type":"product","link":"https:\/\/mairsturnstile.com\/fr\/produit\/tourniquet-pleine-hauteur-a-deux-voies","title":{"rendered":"TOURNIQUET PLEINE HAUTEUR \u00c0 DOUBLE VOIE"},"content":{"rendered":"        <!-- 3D Model html -->\r\n        <div class=\"bp_grand wrapper_19985\">   \r\n        <div class=\"bp_model_parent\">\r\n            <model-viewer class=\"model\" id=\"bp_model_id_19985\" src=\"http:\/\/mairsturnstile.com\/wp-content\/uploads\/2024\/07\/\u53cc\u95e8\u95e8\u5168\u9ad8\u8f6c\u95f8\u5e95\u5ea7\u8f6e\u5b50.glb\" alt=\"\u53cc\u95e8\u95e8\u5168\u9ad8\u8f6c\u95f8+\u5e95\u5ea7+\u8f6e\u5b50\" camera-controls  loading=\"auto\" auto-rotate                        >\r\n            <\/model-viewer>\r\n        \r\n            <!-- Button -->\r\n            <svg id=\"openBtn\" width=\"30px\" height=\"30px\" viewBox=\"0 0 16 16\" xmlns=\"http:\/\/www.w3.org\/2000\/svg\" fill=\"#f2f2f2\" class=\"bi bi-arrows-fullscreen model-icon\">\r\n                <path fill-rule=\"evenodd\" d=\"M5.828 10.172a.5.5 0 0 0-.707 0l-4.096 4.096V11.5a.5.5 0 0 0-1 0v3.975a.5.5 0 0 0 .5.5H4.5a.5.5 0 0 0 0-1H1.732l4.096-4.096a.5.5 0 0 0 0-.707zm4.344 0a.5.5 0 0 1 .707 0l4.096 4.096V11.5a.5.5 0 1 1 1 0v3.975a.5.5 0 0 1-.5.5H11.5a.5.5 0 0 1 0-1h2.768l-4.096-4.096a.5.5 0 0 1 0-.707zm0-4.344a.5.5 0 0 0 .707 0l4.096-4.096V4.5a.5.5 0 1 0 1 0V.525a.5.5 0 0 0-.5-.5H11.5a.5.5 0 0 0 0 1h2.768l-4.096 4.096a.5.5 0 0 0 0 .707zm-4.344 0a.5.5 0 0 1-.707 0L1.025 1.732V4.5a.5.5 0 0 1-1 0V.525a.5.5 0 0 1 .5-.5H4.5a.5.5 0 0 1 0 1H1.732l4.096 4.096a.5.5 0 0 1 0 .707z\"\/>\r\n            <\/svg>\r\n        \r\n            <svg id=\"closeBtn\" class=\"model-icon\" width=\"34px\" height=\"34px\" viewBox=\"0 0 24 24\" xmlns=\"http:\/\/www.w3.org\/2000\/svg\">\r\n                <path fill=\"none\" stroke=\"#f2f2f2\" stroke-width=\"2\" d=\"M7,7 L17,17 M7,17 L17,7\"\/>\r\n            <\/svg>\r\n        \r\n        <\/div>\r\n        <\/div> \r\n\r\n        <!-- Model Viewer Style -->\r\n        <style>\r\n            \r\n            .wrapper_19985 .bp_model_parent, #bp_model_id_19985 {\r\n                width: 1150px;\r\n                max-width: 100%;\r\n                                            }\r\n            #bp_model_id_19985 {\r\n                height:700px;\r\n                background-color: #f2f2f2;\r\n            }\r\n            .fullscreen #bp_model_id_19985{\r\n            height: 100%;\r\n            width: 100%;\r\n            }\r\n            .wrapper_19985 .bp_model_parent{\r\n                justify-content: start            }\r\n            model-viewer.model {\r\n                --poster-color: transparent;\r\n            }\r\n        <\/style>\r\n        \r\n        \n<p>Nous pouvons fournir des services OEM et ODM. Nous pouvons fournir des services OEM et ODM. Nous avons des designers exp\u00e9riment\u00e9s qui peuvent effectuer une personnalisation approfondie en fonction de vos besoins. Tourniquet double couloir pleine hauteur \u00e0 encombrement r\u00e9duit \u2014 Conception modulaire compacte \u00e0 deux voies. Contrairement aux unit\u00e9s s\u00e9par\u00e9es et encombrantes, notre tourniquet double pleine hauteur partage un bo\u00eetier central, garantissant ainsi une empreinte au sol minimale. Une esth\u00e9tique unique et \u00e9pur\u00e9e \u2014 demandez un devis. <\/p>\n<p>Nous avons \u00e9galement lanc\u00e9 une nouvelle s\u00e9rie de tourniquets pleine hauteur \u00e0 l&rsquo;aspect \u00e9l\u00e9gant et \u00e0 la structure robuste. Veuillez consulter :<a href=\"https:\/\/mairsturnstile.com\/full-height-series-turnstile\" target=\"_blank\" rel=\"noopener\"> s\u00e9rie de tourniquets pleine hauteur<\/a> <\/p>\n<h4>Le tourniquet pleine hauteur \u00e0 double voie b\u00e9n\u00e9ficie d&rsquo;une garantie de 2 ans et d&rsquo;un support de maintenance et de r\u00e9paration durable.<\/h4>\n<p>Nous fournissons \u00e9galement des dispositifs biom\u00e9triques, tels que des lecteurs de cartes IC\/ID, des scanners d&#8217;empreintes digitales, des scanners de code QR, des cam\u00e9ras de reconnaissance faciale, etc. Si vous avez besoin d&rsquo;int\u00e9grer ces dispositifs sur la porte tourniquet pleine hauteur ou si vous avez des questions, veuillez <a href=\"https:\/\/mairsturnstile.com\/contact\" target=\"_blank\" rel=\"noopener\">nous contacter.<\/a><\/p>\n<p style=\"font-weight: 400;\" data-spm-anchor-id=\"a2700.details.pronpeci14.i1.21073656hQew9t\"><span style=\"font-style: inherit; font-weight: inherit;\">Porte tourniquet double pleine hauteur Porte tourniquet double pleine hauteurPorte pi\u00e9tonne rotative<\/span> <a href=\"https:\/\/en.wikipedia.org\/wiki\/Access_control\" target=\"_blank\" rel=\"noopener\">Contr\u00f4le d&rsquo;acc\u00e8s<\/a>.<\/p>\n<p data-spm-anchor-id=\"a2700.details.pronpeci14.i1.21073656hQew9t\"><strong>Le tourniquet pleine hauteur \u00e0 double voie est une sorte de porte de tourniquet pleine hauteur avec 2 canaux ou 2 voies. Le tourniquet pleine hauteur \u00e0 double voie est compos\u00e9 du syst\u00e8me de contr\u00f4le \u00e0 double m\u00e9canisme et de deux groupes de tiges de blocage en acier inoxydable; Le ch\u00e2ssis central est une conception \u00e0 double m\u00e9canisme, qui contr\u00f4le le passage du personnel dans les canaux gauche et droit.<\/strong> Compar\u00e9 \u00e0 un seul tourniquet pleine hauteur, le prix d&rsquo;un double tourniquet pleine hauteur est plus \u00e9lev\u00e9, presque le double du prix d&rsquo;un seul tourniquet pleine hauteur, car les mat\u00e9riaux utilis\u00e9s et les composants de base \u00e0 l&rsquo;int\u00e9rieur sont fondamentalement doubles.<\/p>\n<p data-spm-anchor-id=\"a2700.details.pronpeci14.i1.21073656hQew9t\">Bien s\u00fbr, nous fournissons \u00e9galement un seul tourniquet pleine hauteur, qu&rsquo;est-ce qu&rsquo;un seul tourniquet pleine hauteur ? C&rsquo;est facile \u00e0 comprendre, diff\u00e9rent d&rsquo;un tourniquet double pleine hauteur, un seul tourniquet pleine hauteur est compos\u00e9 d&rsquo;un m\u00e9canisme de commande et d&rsquo;une tige de blocage en acier inoxydable, qui n&rsquo;a qu&rsquo;un seul passage ou canal. Un seul tourniquet pleine hauteur ne convient que pour les endroits o\u00f9 un seul passage ou canal est requis. <span style=\"font-weight: 400;\">Le tourniquet pleine hauteur \u00e0 double voie convient au contr\u00f4le d&rsquo;acc\u00e8s robuste et convient bien \u00e0 une utilisation ext\u00e9rieure et int\u00e9rieure dans les stades de football, les installations sportives et les sites \u00e0 haut risque. Les <a href=\"https:\/\/mairsturnstile.com\/full-height-turnstiles.html\" target=\"_blank\" rel=\"noopener\">tourniquets pleine hauteur <\/a> <\/span>Le produit peut \u00eatre appliqu\u00e9 pour le contr\u00f4le d&rsquo;acc\u00e8s int\u00e9rieur et ext\u00e9rieur.<\/p>\n<p><span style=\"font-weight: 400;\">Notre gamme de tourniquets doubles pleine hauteur est dot\u00e9e d&rsquo;une surface anticorrosive de haute qualit\u00e9 et garantit un fonctionnement fiable dans des conditions ext\u00e9rieures extr\u00eames.<\/span><\/p>\n<p><span style=\"font-style: inherit; font-weight: inherit;\">Outre la s\u00e9curit\u00e9 de votre entr\u00e9e et de votre hall, la s\u00e9curit\u00e9 du p\u00e9rim\u00e8tre de votre b\u00e2timent est un autre aspect important \u00e0 prendre en compte.<\/span> Tourniquet double pleine hauteur en direct d&rsquo;usine : \u00e9conomisez 25 % sur les portiques de s\u00e9curit\u00e9 \u00e0 double couloir et b\u00e9n\u00e9ficiez d&rsquo;une s\u00e9curit\u00e9 haut de gamme \u00e0 moindre co\u00fbt. Notre tourniquet double pleine hauteur est livr\u00e9 pr\u00e9assembl\u00e9 ; il se distingue par sa conception antivandalisme unique et sa facilit\u00e9 d&rsquo;installation. \u00c9tude d&rsquo;implantation gratuite. Tourniquet double pleine hauteur anti-escalade : d&rsquo;une hauteur de 2,10 m, il arbore un motif de grille distinctif con\u00e7u pour dissuader efficacement toute tentative d&rsquo;escalade. Notre mod\u00e8le \u00e0 double couloir est \u00e9quip\u00e9 de vis inviolables et pr\u00e9sente un motif ondul\u00e9 unique sur ses deux voies. Couleurs RAL personnalis\u00e9es disponibles.     <\/p>\n\n        \t\n\t<style type=\"text\/css\">\n\t\t.slider-info-19989.bafg-slider-info .bafg-slider-title {\n\t\t\t\t\t\tfont-size: 22px;\n\t\t\t\t\t\t\n\t\t\t\n\t\t\t\t\t}\n\n\t\t.slider-info-19989.bafg-slider-info .bafg-slider-description {\n\t\t\t\n\t\t\t\n\t\t\t\t\t}\n\n\t\t.slider-info-19989.bafg-slider-info .bafg_slider_readmore_button {\n\t\t\t\n\t\t\t\n\t\t\t\n\t\t\t\n\t\t\t\n\t\t\ttext-align: center;\n\n\t\t\t\n\t\t\t\n\t\t\t\n\t\t\t\n\t\t\t\n\t\t\t\n\t\t\t\t\t}\n\n\t\t.slider-info-19989.bafg-slider-info .bafg_slider_readmore_button:hover {\n\n\t\t\t\n\t\t\t\n\t\t\t\t\t}\n\n\t<\/style>\n\t\n        <div class=\"bafg-twentytwenty-container slider-19989 \" bafg-orientation=\"horizontal\" bafg-default-offset=\"0.5\" bafg-before-label=\"Before\" bafg-after-label=\"After\" bafg-overlay=\"yes\" bafg-move-slider-on-hover=\"yes\" bafg-click-to-move=\"no\">\n              \n            <img decoding=\"async\" class=\"skip-lazy\" src=\"http:\/\/mairsturnstile.com\/wp-content\/uploads\/2024\/10\/dual-lane-full-height-turnstile.jpg\" alt=\"dual lane full height turnstile\" data-skip-lazy title=\"\">\n            <img decoding=\"async\" class=\"skip-lazy\" src=\"http:\/\/mairsturnstile.com\/wp-content\/uploads\/2024\/10\/dual-lane-full-height-turnstile-1.jpg\" alt=\"dual lane full height turnstile\" data-skip-lazy title=\"\">\n           \n        <\/div>\n\n        \t<div class=\"bafg-slider-info-wraper\">\n\t\t<div style=\"\" class=\"slider-info-19989 bafg-slider-info\">\n\t\t\t\t\t<\/div>\n\t<\/div>\n\t\n        <style type=\"text\/css\">\n            \n        <\/style>\n        \n<p>Nous pouvons \u00e9galement cr\u00e9er un rendu pour vous en quelques minutes en fonction de votre sc\u00e9nario r\u00e9el. Nous fournissons \u00e9galement une disposition et des dessins d\u00e9taill\u00e9s, ainsi que des dessins d&rsquo;installation.<\/p>\n<p><span style=\"font-weight: 400;\"><span style=\"font-style: inherit; font-weight: inherit;\">Tourniquets doubles pleine hauteur pour un contr\u00f4le d&rsquo;acc\u00e8s robuste, bien adapt\u00e9s \u00e0 une utilisation ext\u00e9rieure et int\u00e9rieure dans les stades de football, les installations sportives et les sites \u00e0 haut risque. <\/span><\/span> Pourquoi notre tourniquet double pleine hauteur surpasse la concurrence : soudures sans joint apparent et acier 316 \u2014 aucune rouille ni jointure fragile. Notre tourniquet double pleine hauteur b\u00e9n\u00e9ficie d&rsquo;un proc\u00e9d\u00e9 exclusif de soudure laser ainsi que d&rsquo;un rev\u00eatement anticorrosion unique. D\u00e9couvrez la diff\u00e9rence lors d&rsquo;une d\u00e9monstration en direct.  <\/p>\n<p><span style=\"font-style: inherit; font-weight: inherit;\">Disponible en configuration simple, double et double embo\u00eetement avec un auvent de toit en option.<\/span><\/p>\n<ul>\n<li>Le tourniquet pleine hauteur \u00e0 double voie est souvent utilis\u00e9 pour les solutions de contr\u00f4le d&rsquo;acc\u00e8s de haute s\u00e9curit\u00e9.<\/li>\n<li>Le mat\u00e9riau du corps est en acier inoxydable 304 qui est antirouille et durable et a une haute r\u00e9sistance. Le bras est de type U.<\/li>\n<li>Le tourniquet pleine hauteur \u00e0 double voie convient aux environnements int\u00e9rieurs et ext\u00e9rieurs.<\/li>\n<li>Il peut \u00eatre int\u00e9gr\u00e9 \u00e0 tout type de syst\u00e8me de contr\u00f4le d&rsquo;acc\u00e8s (par exemple : dispositif RFID, empreinte digitale et dispositif biom\u00e9trique).<\/li>\n<li>Pour r\u00e9pondre aux exigences de contr\u00f4le d&rsquo;urgence, la porte du tourniquet s&rsquo;ouvrira automatiquement lorsque l&rsquo;alimentation est coup\u00e9e.<\/li>\n<li>Peut \u00eatre \u00e0 simple sens ou \u00e0 double sens. Combien co\u00fbte un tourniquet ?<\/li>\n<li>Le m\u00e9canisme est \u00e9quip\u00e9 d&rsquo;un amortisseur hydraulique de haute qualit\u00e9. Avec cet appareil, il y a tr\u00e8s peu de bruit lors du fonctionnement et il est plus fluide.<\/li>\n<li>Fonction d&rsquo;auto-test, la porte se restaurera automatiquement lorsque l&rsquo;alimentation est allum\u00e9e.<\/li>\n<li>Peut \u00eatre contr\u00f4l\u00e9 \u00e0 distance et g\u00e9r\u00e9 directement par un ordinateur.<\/li>\n<li>Simple directionnel ou bidirectionnel est facultatif.<\/li>\n<li>Interface de communication : RS485<\/li>\n<li>Tourniquet pleine hauteur \u00e0 double voie Avec voyant LED.<\/li>\n<li>Peut \u00eatre contr\u00f4l\u00e9 par une t\u00e9l\u00e9commande et g\u00e9r\u00e9 directement par un ordinateur.<\/li>\n<li>En cas de panne de courant, la voie du tourniquet sera libre d&rsquo;acc\u00e8s, conform\u00e9ment aux exigences de s\u00e9curit\u00e9 incendie.<\/li>\n<li>La taille\/conception de la porte peut \u00eatre personnalis\u00e9e en fonction du dessin du client<\/li>\n<li>La taille peut \u00eatre ajust\u00e9e pour r\u00e9pondre aux exigences de diff\u00e9rents endroits.<\/li>\n<\/ul>\n<p>Nous pouvons fournir la solution compl\u00e8te de contr\u00f4le d&rsquo;acc\u00e8s de s\u00e9curit\u00e9. Si vous avez votre propre syst\u00e8me de contr\u00f4le d&rsquo;acc\u00e8s, vous pouvez directement utiliser notre porte tourniquet. Si vous n&rsquo;en avez pas, nous fournissons \u00e9galement une solution compl\u00e8te de contr\u00f4le d&rsquo;acc\u00e8s de s\u00e9curit\u00e9. Veuillez vous r\u00e9f\u00e9rer \u00e0 la vid\u00e9o ci-dessous pour plus de d\u00e9tails.<\/p>\n<p><iframe title=\"Nouveau design : Tourniquet pleine hauteur de la s\u00e9rie Meteor \u2014 Plus robuste, plus haut et plus s\u00fbr.\" src=\"https:\/\/www.youtube.com\/embed\/AyBSFStUdhA\" width=\"1110\" height=\"650\" frameborder=\"0\" allowfullscreen=\"allowfullscreen\"><\/iframe><\/p>\n","protected":false},"excerpt":{"rendered":"<p>1. Taille : 2400 * 1500 * 2310 mm (peut \u00eatre personnalis\u00e9)<\/p>\n<p>2. Largeur de voie : 650 mm (peut \u00eatre personnalis\u00e9)<\/p>\n<p>3. Vitesse de passage : 30 personne\/min<\/p>\n<p>4. Alimentation : 110 V\/220 V 50\/60 Hz<\/p>\n<p>5. Sol\u00e9no\u00efde de tourniquets pleine hauteur : DC24V<\/p>\n<p>6. Signal de porte ouverte : contact sec\/relais<\/p>\n<p>7. Tension logique : DC24V<\/p>\n<p>8. Mat\u00e9riau du bo\u00eetier : acier inoxydable 304 ou acier inoxydable 316<\/p>\n<p>9. Sens de rotation : Bidirectionnel<\/p>\n<p><span style=\"color: #000000;\"><strong><a style=\"color: #000000;\" title=\"Tourniquet pleine hauteur certifi\u00e9 Mairs CE\" href=\"http:\/\/mairsturnstile.com\/wp-content\/uploads\/2022\/09\/Mairs-CE-Certificate-Full-Height-Turnstile.pdf\" target=\"_blank\" rel=\"noopener noreferrer\">Certifi\u00e9 CE,<\/a> <a style=\"color: #000000;\" title=\"Certificat Mairs ISO9001\" href=\"http:\/\/mairsturnstile.com\/wp-content\/uploads\/2022\/09\/Mairs-Registration-Certificate-ISO9001.pdf\" target=\"_blank\" rel=\"noopener noreferrer\">Certifi\u00e9 ISO9001.<\/a><\/strong><\/span><\/p>\n<p><a title=\"Brochure sur le tourniquet pleine hauteur \u00e0 deux voies\" href=\"https:\/\/mairsturnstile-online.com\/flipbook\/mt403-1-full-height-turnstile-brochure\" target=\"_blank\" rel=\"noopener noreferrer\"><span style=\"color: #fcaf3b;\"><strong>Download MT403-1 Dual Lane Full Height Turnstile Brochure<\/strong><\/span><\/a><\/p>\n<p><a title=\"Manuel d'installation du tourniquet pleine hauteur\" href=\"http:\/\/mairsturnstile.com\/wp-content\/uploads\/2023\/09\/Full-height-turnstile-installation-manual.pdf\" target=\"_blank\" rel=\"noopener noreferrer\"><strong><span style=\"color: #fcaf3b;\">Download Full Height Turnstile User &#038; Installation Manual<\/span><\/strong><\/a><\/p>\n","protected":false},"featured_media":20948,"comment_status":"closed","ping_status":"closed","template":"","meta":{"neve_meta_sidebar":"","neve_meta_container":"","neve_meta_enable_content_width":"off","neve_meta_content_width":0,"neve_meta_title_alignment":"","neve_meta_author_avatar":"","neve_post_elements_order":"","neve_meta_disable_header":"","neve_meta_disable_footer":"","neve_meta_disable_title":"","_ti_tpc_template_sync":false,"_ti_tpc_template_id":""},"product_cat":[877,873],"product_tag":[1050,1051,1206,1460],"class_list":["post-10518","product","type-product","status-publish","has-post-thumbnail","hentry","product_cat-porte-tourniquet","product_cat-tourniquets-pleine-hauteur","product_tag-tourniquet-double-pleine-hauteur","product_tag-tourniquet-double-pleine-hauteur-fr","product_tag-tourniquet-pleine-hauteur-a-double-voie","product_tag-tourniquets-industriels-pleine-hauteur"],"_links":{"self":[{"href":"https:\/\/mairsturnstile.com\/fr\/wp-json\/wp\/v2\/product\/10518","targetHints":{"allow":["GET"]}}],"collection":[{"href":"https:\/\/mairsturnstile.com\/fr\/wp-json\/wp\/v2\/product"}],"about":[{"href":"https:\/\/mairsturnstile.com\/fr\/wp-json\/wp\/v2\/types\/product"}],"replies":[{"embeddable":true,"href":"https:\/\/mairsturnstile.com\/fr\/wp-json\/wp\/v2\/comments?post=10518"}],"version-history":[{"count":1,"href":"https:\/\/mairsturnstile.com\/fr\/wp-json\/wp\/v2\/product\/10518\/revisions"}],"predecessor-version":[{"id":72565,"href":"https:\/\/mairsturnstile.com\/fr\/wp-json\/wp\/v2\/product\/10518\/revisions\/72565"}],"wp:featuredmedia":[{"embeddable":true,"href":"https:\/\/mairsturnstile.com\/fr\/wp-json\/wp\/v2\/media\/20948"}],"wp:attachment":[{"href":"https:\/\/mairsturnstile.com\/fr\/wp-json\/wp\/v2\/media?parent=10518"}],"wp:term":[{"taxonomy":"product_cat","embeddable":true,"href":"https:\/\/mairsturnstile.com\/fr\/wp-json\/wp\/v2\/product_cat?post=10518"},{"taxonomy":"product_tag","embeddable":true,"href":"https:\/\/mairsturnstile.com\/fr\/wp-json\/wp\/v2\/product_tag?post=10518"}],"curies":[{"name":"wp","href":"https:\/\/api.w.org\/{rel}","templated":true}]}}