{"id":10519,"date":"2020-09-12T18:52:50","date_gmt":"2020-09-12T10:52:50","guid":{"rendered":"https:\/\/mairsturnstile.com\/product\/tourniquet-demi-hauteur-mt501"},"modified":"2024-10-29T15:03:29","modified_gmt":"2024-10-29T07:03:29","slug":"demi-tourniquet","status":"publish","type":"product","link":"https:\/\/mairsturnstile.com\/fr\/produit\/demi-tourniquet","title":{"rendered":"TOURNIQUET DEMI-HAUTEUR MT501"},"content":{"rendered":"<h3>        <!-- 3D Model html -->\r\n        <div class=\"bp_grand wrapper_21822\">   \r\n        <div class=\"bp_model_parent\">\r\n            <model-viewer class=\"model\" id=\"bp_model_id_21822\" src=\"http:\/\/mairsturnstile.com\/wp-content\/uploads\/2023\/06\/MT501.glb\" alt=\"MT501\" camera-controls  loading=\"auto\" auto-rotate                        >\r\n            <\/model-viewer>\r\n        \r\n            <!-- Button -->\r\n            <svg id=\"openBtn\" width=\"30px\" height=\"30px\" viewBox=\"0 0 16 16\" xmlns=\"http:\/\/www.w3.org\/2000\/svg\" fill=\"#f2f2f2\" class=\"bi bi-arrows-fullscreen model-icon\">\r\n                <path fill-rule=\"evenodd\" d=\"M5.828 10.172a.5.5 0 0 0-.707 0l-4.096 4.096V11.5a.5.5 0 0 0-1 0v3.975a.5.5 0 0 0 .5.5H4.5a.5.5 0 0 0 0-1H1.732l4.096-4.096a.5.5 0 0 0 0-.707zm4.344 0a.5.5 0 0 1 .707 0l4.096 4.096V11.5a.5.5 0 1 1 1 0v3.975a.5.5 0 0 1-.5.5H11.5a.5.5 0 0 1 0-1h2.768l-4.096-4.096a.5.5 0 0 1 0-.707zm0-4.344a.5.5 0 0 0 .707 0l4.096-4.096V4.5a.5.5 0 1 0 1 0V.525a.5.5 0 0 0-.5-.5H11.5a.5.5 0 0 0 0 1h2.768l-4.096 4.096a.5.5 0 0 0 0 .707zm-4.344 0a.5.5 0 0 1-.707 0L1.025 1.732V4.5a.5.5 0 0 1-1 0V.525a.5.5 0 0 1 .5-.5H4.5a.5.5 0 0 1 0 1H1.732l4.096 4.096a.5.5 0 0 1 0 .707z\"\/>\r\n            <\/svg>\r\n        \r\n            <svg id=\"closeBtn\" class=\"model-icon\" width=\"34px\" height=\"34px\" viewBox=\"0 0 24 24\" xmlns=\"http:\/\/www.w3.org\/2000\/svg\">\r\n                <path fill=\"none\" stroke=\"#f2f2f2\" stroke-width=\"2\" d=\"M7,7 L17,17 M7,17 L17,7\"\/>\r\n            <\/svg>\r\n        \r\n        <\/div>\r\n        <\/div> \r\n\r\n        <!-- Model Viewer Style -->\r\n        <style>\r\n            \r\n            .wrapper_21822 .bp_model_parent, #bp_model_id_21822 {\r\n                width: 1150px;\r\n                max-width: 100%;\r\n                                            }\r\n            #bp_model_id_21822 {\r\n                height:700px;\r\n                background-color: #f9f9f9;\r\n            }\r\n            .fullscreen #bp_model_id_21822{\r\n            height: 100%;\r\n            width: 100%;\r\n            }\r\n            .wrapper_21822 .bp_model_parent{\r\n                justify-content: start            }\r\n            model-viewer.model {\r\n                --poster-color: transparent;\r\n            }\r\n        <\/style>\r\n        \r\n        <\/h3>\n<h3>Le <strong>tourniquet mi-hauteur<\/strong> b\u00e9n\u00e9ficie d&rsquo;une garantie de 2 ans et d&rsquo;une assistance durable en mati\u00e8re d&rsquo;entretien et de r\u00e9paration.<\/h3>\n<p>Nous pouvons fournir des services OEM et ODM. Nous avons des designers exp\u00e9riment\u00e9s qui peuvent effectuer une personnalisation approfondie en fonction de vos besoins. Nous fournirons une s\u00e9rie de mat\u00e9riaux tels que des rendus 3D, des dessins dimensionnels, etc. d\u00e8s que possible. Mairs propose le tourniquet demi-hauteur de la meilleure qualit\u00e9 \u00e0 un prix abordable. Nous fournissons \u00e9galement des dispositifs biom\u00e9triques, tels que des lecteurs de cartes IC\/ID, des scanners d&#8217;empreintes digitales, des scanners de code QR, des cam\u00e9ras de reconnaissance faciale, etc. Si vous avez besoin d&rsquo;int\u00e9grer ces dispositifs sur la porte tourniquet pleine hauteur ou si vous avez des questions, veuillez <a href=\"https:\/\/mairsturnstile.com\/contact\">nous contacter.<\/a><\/p>\n<p><strong>Le tourniquet \u00e0 mi-hauteur est une sorte de porte de tourniquet pour pi\u00e9tons avec seulement la moiti\u00e9 de la hauteur du corps de blocage. Le corps de blocage de la porte tourniquet est g\u00e9n\u00e9ralement compos\u00e9 de 3 ou 4 tiges m\u00e9talliques.<\/strong> Selon la hauteur de la tige de brocking, le tourniquet est divis\u00e9 en <a href=\"https:\/\/mairsturnstile.com\/product\/full-height-pedestrian-turnstiles\">tourniquet pleine hauteur<\/a> et tourniquet demi-hauteur, le tourniquet pleine hauteur \u00e9tant le plus utilis\u00e9. Le tourniquet \u00e0 mi-hauteur adopte une conception m\u00e9canique anti-queue, qui peut r\u00e9aliser efficacement le trafic d&rsquo;une seule personne, ce qui signifie qu&rsquo;une seule personne peut passer \u00e0 la fois. Compar\u00e9 au <a href=\"https:\/\/mairsturnstile.com\/product\/tripod-security-gate\">tourniquet tripode<\/a>, le tourniquet demi-hauteur est plus s\u00fbr et plus fiable.<\/p>\n<p>Conception structurelle du tourniquet \u00e0 mi-hauteur : la barre de blocage au-dessus du tourniquet \u00e0 mi-hauteur adopte une conception structurelle amovible, facile \u00e0 installer et \u00e0 transporter.<\/p>\n<p>Caract\u00e9ristiques du tourniquet \u00e0 mi-hauteur : forte capacit\u00e9 d&rsquo;\u00e9tanch\u00e9it\u00e9 \u00e0 l&rsquo;eau et \u00e0 la poussi\u00e8re et forte capacit\u00e9 d&rsquo;adaptation \u00e0 l&rsquo;environnement.<\/p>\n<p>Application du tourniquet \u00e0 mi-hauteur : le tourniquet \u00e0 mi-hauteur convient aux occasions n\u00e9cessitant un ordre de trafic \u00e9lev\u00e9, telles que le gymnase, la prison, etc. Il convient \u00e9galement aux zones r\u00e9sidentielles, aux sites pittoresques, aux usines, aux salles d&rsquo;exposition et \u00e0 d&rsquo;autres occasions int\u00e9rieures et ext\u00e9rieures.<\/p>\n<p>Le tourniquet mi-hauteur avec garde-corps est fabriqu\u00e9 en <a href=\"https:\/\/en.wikipedia.org\/wiki\/Stainless_steel\" target=\"_blank\" rel=\"noopener\">acier inoxydable<\/a> 304, avec une belle apparence, une pr\u00e9vention de la rouille et une durabilit\u00e9. Il adopte \u00e9galement une interface \u00e9lectrique standard, qui peut facilement int\u00e9grer des codes QR, des cartes d&rsquo;identit\u00e9, des cartes \u00e0 puce et d&rsquo;autres lecteurs de cartes, afin de fournir un acc\u00e8s civilis\u00e9 et ordonn\u00e9 aux personnes entrant et sortant et d&#8217;emp\u00eacher les personnes ill\u00e9gales d&rsquo;entrer et de sortir. . Le tourniquet \u00e0 mi-hauteur peut \u00eatre utilis\u00e9 pendant une longue p\u00e9riode, ce qui n&rsquo;est pas facile \u00e0 rouiller et pr\u00e9sente les avantages d&rsquo;une pr\u00e9vention intelligente du forage, d&rsquo;un trafic ordonn\u00e9, d&rsquo;une s\u00e9lection simple et bidirectionnelle, etc.<\/p>\n<h3>Avantages du tourniquet \u00e0 mi-hauteur :<\/h3>\n<p><strong>Conception avanc\u00e9e et intelligente<\/strong><\/p>\n<p>Le tourniquet mi-hauteur adopte une conception m\u00e9canique anti-queue pour contr\u00f4ler efficacement une seule personne \u00e0 la fois. La structure m\u00e9canique avanc\u00e9e est adopt\u00e9e. En mode veille, la tige de blocage est verrouill\u00e9e pour emp\u00eacher le passage ill\u00e9gal de pi\u00e9tons. Lorsqu&rsquo;un signal d&rsquo;ouverture de porte l\u00e9gal est re\u00e7u dans une direction, dans le temps de passage autoris\u00e9, les pi\u00e9tons entrant dans le passage dans la direction oppos\u00e9e et poussant la tige de la porte seront consid\u00e9r\u00e9s comme un passage inverse, et la tige de blocage dans cette direction sera verrouill\u00e9e pour emp\u00eacher pi\u00e9tons du passage inverse.<\/p>\n<p>Le syst\u00e8me de contr\u00f4le de r\u00e9troaction en boucle ferm\u00e9e est utilis\u00e9 pour surveiller l&rsquo;\u00e9tat de mouvement de la tige de frein, qui peut d\u00e9tecter avec sensibilit\u00e9 les comportements mena\u00e7ant la s\u00e9curit\u00e9 du canal, tels que le passage inverse, puis envoyer des avertissements sous forme de son et de lumi\u00e8re, et peut \u00e9galement \u00eatre reli\u00e9 \u00e0 d&rsquo;autres syst\u00e8mes de s\u00e9curit\u00e9.<\/p>\n<p><strong>Noyau de contr\u00f4le stable et puissant<\/strong><\/p>\n<p>Longue dur\u00e9e de vie : la structure du m\u00e9canisme est avanc\u00e9e, \u00e9quip\u00e9e d&rsquo;un moteur \u00e0 courant continu sans balais import\u00e9 de haute qualit\u00e9 et d&rsquo;un \u00e9lectroaimant, de sorte que le tourniquet \u00e0 mi-hauteur a une longue dur\u00e9e de vie et des performances stables. Technologie avanc\u00e9e de contr\u00f4le du moteur: le syst\u00e8me de servocommande avanc\u00e9 et la technologie de contr\u00f4le du moteur du bras DSP + sont adopt\u00e9s, et l&rsquo;algorithme de contr\u00f4le du moteur est combin\u00e9 pour r\u00e9aliser le contr\u00f4le et le positionnement pr\u00e9cis de la barri\u00e8re.<\/p>\n<p><strong>Protection compl\u00e8te de la s\u00e9curit\u00e9 personnelle<\/strong><\/p>\n<p>Mise hors tension et ouverture de porte : structure m\u00e9canique avanc\u00e9e. Lorsque l&rsquo;alimentation est coup\u00e9e, la tige de blocage se d\u00e9verrouille automatiquement et peut \u00eatre pouss\u00e9e librement pour faciliter l&rsquo;\u00e9vacuation des personnes. Ouverture de porte d&rsquo;urgence : \u00e9quip\u00e9e d&rsquo;un dispositif de contr\u00f4le d&rsquo;\u00e9vacuation d&rsquo;urgence pour d\u00e9verrouiller automatiquement la tige du portail, et les pi\u00e9tons peuvent le pousser librement dans les deux sens pour faciliter l&rsquo;\u00e9vacuation des personnes. Emp\u00eacher les pi\u00e9tons de se d\u00e9charger \u00e9lectriquement : l&rsquo;\u00e9quipement adopte une protection de tension et de courant s\u00fbre, de sorte que les pi\u00e9tons ne soient pas bless\u00e9s par un choc \u00e9lectrique.<\/p>\n<p>Nous pouvons \u00e9galement cr\u00e9er un rendu pour vous en quelques minutes en fonction de votre sc\u00e9nario r\u00e9el. Nous fournissons \u00e9galement une disposition et des dessins d\u00e9taill\u00e9s, ainsi que des dessins d&rsquo;installation.<\/p>\n\n        \t\n\t<style type=\"text\/css\">\n\t\t.slider-info-21844.bafg-slider-info .bafg-slider-title {\n\t\t\t\t\t\tfont-size: 22px;\n\t\t\t\t\t\t\n\t\t\t\n\t\t\t\t\t}\n\n\t\t.slider-info-21844.bafg-slider-info .bafg-slider-description {\n\t\t\t\n\t\t\t\n\t\t\t\t\t}\n\n\t\t.slider-info-21844.bafg-slider-info .bafg_slider_readmore_button {\n\t\t\t\n\t\t\t\n\t\t\t\n\t\t\t\n\t\t\t\n\t\t\ttext-align: center;\n\n\t\t\t\n\t\t\t\n\t\t\t\n\t\t\t\n\t\t\t\n\t\t\t\n\t\t\t\t\t}\n\n\t\t.slider-info-21844.bafg-slider-info .bafg_slider_readmore_button:hover {\n\n\t\t\t\n\t\t\t\n\t\t\t\t\t}\n\n\t<\/style>\n\t\n        <div class=\"bafg-twentytwenty-container slider-21844 \" bafg-orientation=\"horizontal\" bafg-default-offset=\"0.5\" bafg-before-label=\"Before\" bafg-after-label=\"After\" bafg-overlay=\"yes\" bafg-move-slider-on-hover=\"yes\" bafg-click-to-move=\"no\">\n              \n            <img decoding=\"async\" class=\"skip-lazy\" src=\"http:\/\/mairsturnstile.com\/wp-content\/uploads\/2023\/06\/half-height-turnstile_8.jpg\" alt=\"\" data-skip-lazy title=\"\">\n            <img decoding=\"async\" class=\"skip-lazy\" src=\"http:\/\/mairsturnstile.com\/wp-content\/uploads\/2023\/06\/half-height-turnstile_9.jpg\" alt=\"\" data-skip-lazy title=\"\">\n           \n        <\/div>\n\n        \t<div class=\"bafg-slider-info-wraper\">\n\t\t<div style=\"\" class=\"slider-info-21844 bafg-slider-info\">\n\t\t\t\t\t<\/div>\n\t<\/div>\n\t\n        <style type=\"text\/css\">\n            \n        <\/style>\n        \n<ul>\n<li>Le <strong>tourniquet demi-hauteur <\/strong>est souvent utilis\u00e9 pour les solutions de contr\u00f4le d&rsquo;acc\u00e8s de haute s\u00e9curit\u00e9.<\/li>\n<li>Avec la fonction anti-retour, arr\u00eatez la direction invers\u00e9e.<\/li>\n<li>Le <strong>tourniquet demi-hauteur<\/strong> peut \u00eatre utilis\u00e9 \u00e0 l&rsquo;int\u00e9rieur comme \u00e0 l&rsquo;ext\u00e9rieur.<\/li>\n<li>Ce tourniquet peut \u00eatre int\u00e9gr\u00e9 \u00e0 tout type de syst\u00e8me de contr\u00f4le d&rsquo;acc\u00e8s tiers (par exemple : dispositif RFID, empreinte digitale et dispositif biom\u00e9trique).<\/li>\n<li>Pour r\u00e9pondre aux exigences de contr\u00f4le d&rsquo;urgence, la porte du tourniquet s&rsquo;ouvrira automatiquement lorsque l&rsquo;alimentation est coup\u00e9e.<\/li>\n<li>Le syst\u00e8me complet fonctionne tr\u00e8s bien, avec une longue dur\u00e9e de vie et des performances \u00e9lev\u00e9es, une fiabilit\u00e9 de fonctionnement \u00e9lev\u00e9e et une r\u00e9ponse rapide.<\/li>\n<li>Le m\u00e9canisme est \u00e9quip\u00e9 d&rsquo;un amortisseur hydraulique de haute qualit\u00e9 avec cet appareil, il y a tr\u00e8s peu de bruit lors du fonctionnement et il est plus fluide<\/li>\n<li>Fonction d&rsquo;auto-test, la porte se restaurera automatiquement lorsque l&rsquo;alimentation est allum\u00e9e.<\/li>\n<li>Peut \u00eatre un fonctionnement \u00e0 sens unique ou \u00e0 double sens<\/li>\n<li>Avec voyant LED.<\/li>\n<li>Sens de rotation : Bidirectionnel<\/li>\n<li>Peut \u00eatre contr\u00f4l\u00e9 par une t\u00e9l\u00e9commande et g\u00e9r\u00e9 directement par l&rsquo;ordinateur.<\/li>\n<li>En cas de panne de courant, la voie du tourniquet sera libre d&rsquo;acc\u00e8s, conform\u00e9ment aux exigences de s\u00e9curit\u00e9 incendie.<\/li>\n<li>La taille\/conception de la porte peut \u00eatre personnalis\u00e9e en fonction du dessin du client<\/li>\n<li>La taille peut \u00eatre ajust\u00e9e pour r\u00e9pondre aux exigences de diff\u00e9rents endroits.<\/li>\n<\/ul>\n<p>Nous pouvons fournir la solution compl\u00e8te de contr\u00f4le d&rsquo;acc\u00e8s de s\u00e9curit\u00e9. Si vous avez votre propre syst\u00e8me de contr\u00f4le d&rsquo;acc\u00e8s, vous pouvez directement utiliser notre porte tourniquet. Si vous n&rsquo;en avez pas, nous fournissons \u00e9galement une solution compl\u00e8te de contr\u00f4le d&rsquo;acc\u00e8s de s\u00e9curit\u00e9. Veuillez vous r\u00e9f\u00e9rer \u00e0 la vid\u00e9o ci-dessous pour plus de d\u00e9tails.<\/p>\n<p><iframe title=\"Lecteur vid\u00e9o YouTube\" src=\"https:\/\/www.youtube.com\/embed\/XyxFKnS3Br0\" width=\"1150\" height=\"650\" frameborder=\"0\" allowfullscreen=\"allowfullscreen\"><span data-mce-type=\"bookmark\" style=\"display: inline-block; width: 0px; overflow: hidden; line-height: 0;\" class=\"mce_SELRES_start\"><\/span><\/iframe><\/p>\n","protected":false},"excerpt":{"rendered":"<p>1. Taille : 1400 * 1100 * 1150 mm (peut \u00eatre personnalis\u00e9)<\/p>\n<p>2. Largeur de voie : 650 mm (peut \u00eatre personnalis\u00e9)<\/p>\n<p>3. Vitesse de passage : 30 personne\/min<\/p>\n<p>4. Alimentation : 110V\/220V 50\/60Hz<\/p>\n<p>5. Sol\u00e9no\u00efde de tourniquet \u00e0 mi-hauteur : DC24V<\/p>\n<p>6. Signal de porte ouverte : contact sec\/relais<\/p>\n<p>7. Tension logique : DC24V<\/p>\n<p>8. Mat\u00e9riel : acier inoxydable 304 ou acier inoxydable 316<\/p>\n<p>9. Largeur de voie : 600-660 mm<\/p>\n<p><strong><a title=\"Tourniquet pleine hauteur certifi\u00e9 Mairs CE\" href=\"http:\/\/mairsturnstile.com\/wp-content\/uploads\/2022\/09\/Mairs-CE-Certificate-Full-Height-Turnstile.pdf\" target=\"_blank\" rel=\"noopener noreferrer\">Certifi\u00e9 CE,<\/a> <a title=\"Certificat Mairs ISO9001\" href=\"http:\/\/mairsturnstile.com\/wp-content\/uploads\/2022\/09\/Mairs-Registration-Certificate-ISO9001.pdf\" target=\"_blank\" rel=\"noopener noreferrer\">Certifi\u00e9 ISO9001.<\/a><\/strong><\/p>\n","protected":false},"featured_media":21516,"comment_status":"closed","ping_status":"closed","template":"","meta":{"neve_meta_sidebar":"","neve_meta_container":"","neve_meta_enable_content_width":"off","neve_meta_content_width":0,"neve_meta_title_alignment":"","neve_meta_author_avatar":"","neve_post_elements_order":"","neve_meta_disable_header":"","neve_meta_disable_footer":"","neve_meta_disable_title":"","_ti_tpc_template_sync":false,"_ti_tpc_template_id":""},"product_cat":[877,873],"product_tag":[1053,1054,1052],"class_list":["post-10519","product","type-product","status-publish","has-post-thumbnail","hentry","product_cat-porte-tourniquet","product_cat-tourniquets-pleine-hauteur","product_tag-porte-tourniquet-mi-hauteur","product_tag-prix-du-tourniquet-demi-hauteur","product_tag-tourniquet-mi-hauteur"],"_links":{"self":[{"href":"https:\/\/mairsturnstile.com\/fr\/wp-json\/wp\/v2\/product\/10519","targetHints":{"allow":["GET"]}}],"collection":[{"href":"https:\/\/mairsturnstile.com\/fr\/wp-json\/wp\/v2\/product"}],"about":[{"href":"https:\/\/mairsturnstile.com\/fr\/wp-json\/wp\/v2\/types\/product"}],"replies":[{"embeddable":true,"href":"https:\/\/mairsturnstile.com\/fr\/wp-json\/wp\/v2\/comments?post=10519"}],"version-history":[{"count":0,"href":"https:\/\/mairsturnstile.com\/fr\/wp-json\/wp\/v2\/product\/10519\/revisions"}],"wp:featuredmedia":[{"embeddable":true,"href":"https:\/\/mairsturnstile.com\/fr\/wp-json\/wp\/v2\/media\/21516"}],"wp:attachment":[{"href":"https:\/\/mairsturnstile.com\/fr\/wp-json\/wp\/v2\/media?parent=10519"}],"wp:term":[{"taxonomy":"product_cat","embeddable":true,"href":"https:\/\/mairsturnstile.com\/fr\/wp-json\/wp\/v2\/product_cat?post=10519"},{"taxonomy":"product_tag","embeddable":true,"href":"https:\/\/mairsturnstile.com\/fr\/wp-json\/wp\/v2\/product_tag?post=10519"}],"curies":[{"name":"wp","href":"https:\/\/api.w.org\/{rel}","templated":true}]}}