{"id":10520,"date":"2020-09-12T18:51:17","date_gmt":"2020-09-12T10:51:17","guid":{"rendered":"https:\/\/mairsturnstile.com\/product\/tourniquets-de-construction-tourniquets-pleine-hauteur-mt404-2"},"modified":"2024-10-29T15:04:45","modified_gmt":"2024-10-29T07:04:45","slug":"tourniquets-de-construction","status":"publish","type":"product","link":"https:\/\/mairsturnstile.com\/fr\/produit\/tourniquets-de-construction","title":{"rendered":"TOURNIQUETS DE CONSTRUCTION PLEINE HAUTEUR"},"content":{"rendered":"        <!-- 3D Model html -->\r\n        <div class=\"bp_grand wrapper_19987\">   \r\n        <div class=\"bp_model_parent\">\r\n            <model-viewer class=\"model\" id=\"bp_model_id_19987\" src=\"http:\/\/mairsturnstile.com\/wp-content\/uploads\/2023\/07\/MT404-2.glb\" alt=\"MT404-2\" camera-controls  loading=\"auto\" auto-rotate                        >\r\n            <\/model-viewer>\r\n        \r\n            <!-- Button -->\r\n            <svg id=\"openBtn\" width=\"30px\" height=\"30px\" viewBox=\"0 0 16 16\" xmlns=\"http:\/\/www.w3.org\/2000\/svg\" fill=\"#f2f2f2\" class=\"bi bi-arrows-fullscreen model-icon\">\r\n                <path fill-rule=\"evenodd\" d=\"M5.828 10.172a.5.5 0 0 0-.707 0l-4.096 4.096V11.5a.5.5 0 0 0-1 0v3.975a.5.5 0 0 0 .5.5H4.5a.5.5 0 0 0 0-1H1.732l4.096-4.096a.5.5 0 0 0 0-.707zm4.344 0a.5.5 0 0 1 .707 0l4.096 4.096V11.5a.5.5 0 1 1 1 0v3.975a.5.5 0 0 1-.5.5H11.5a.5.5 0 0 1 0-1h2.768l-4.096-4.096a.5.5 0 0 1 0-.707zm0-4.344a.5.5 0 0 0 .707 0l4.096-4.096V4.5a.5.5 0 1 0 1 0V.525a.5.5 0 0 0-.5-.5H11.5a.5.5 0 0 0 0 1h2.768l-4.096 4.096a.5.5 0 0 0 0 .707zm-4.344 0a.5.5 0 0 1-.707 0L1.025 1.732V4.5a.5.5 0 0 1-1 0V.525a.5.5 0 0 1 .5-.5H4.5a.5.5 0 0 1 0 1H1.732l4.096 4.096a.5.5 0 0 1 0 .707z\"\/>\r\n            <\/svg>\r\n        \r\n            <svg id=\"closeBtn\" class=\"model-icon\" width=\"34px\" height=\"34px\" viewBox=\"0 0 24 24\" xmlns=\"http:\/\/www.w3.org\/2000\/svg\">\r\n                <path fill=\"none\" stroke=\"#f2f2f2\" stroke-width=\"2\" d=\"M7,7 L17,17 M7,17 L17,7\"\/>\r\n            <\/svg>\r\n        \r\n        <\/div>\r\n        <\/div> \r\n\r\n        <!-- Model Viewer Style -->\r\n        <style>\r\n            \r\n            .wrapper_19987 .bp_model_parent, #bp_model_id_19987 {\r\n                width: 1150px;\r\n                max-width: 100%;\r\n                                            }\r\n            #bp_model_id_19987 {\r\n                height:700px;\r\n                background-color: #f2f2f2;\r\n            }\r\n            .fullscreen #bp_model_id_19987{\r\n            height: 100%;\r\n            width: 100%;\r\n            }\r\n            .wrapper_19987 .bp_model_parent{\r\n                justify-content: start            }\r\n            model-viewer.model {\r\n                --poster-color: transparent;\r\n            }\r\n        <\/style>\r\n        \r\n        \n<p>Nous pouvons fournir des services OEM et ODM. Nous avons des designers exp\u00e9riment\u00e9s qui peuvent effectuer une personnalisation approfondie en fonction de vos besoins. Nous fournirons une s\u00e9rie de mat\u00e9riaux tels que des rendus 3D, des dessins dimensionnels, etc. d\u00e8s que possible. Nous fournissons \u00e9galement des dispositifs biom\u00e9triques, tels que le lecteur de carte IC\/ID, le scanner d&#8217;empreintes digitales, le scanner de code QR, la cam\u00e9ra de reconnaissance faciale, etc. Nous avons \u00e9galement lanc\u00e9 une nouvelle s\u00e9rie de tourniquets pleine hauteur \u00e0 l&rsquo;aspect \u00e9l\u00e9gant et \u00e0 la structure robuste. Veuillez consulter :<a href=\"https:\/\/mairsturnstile.com\/full-height-series-turnstile\" target=\"_blank\" rel=\"noopener\"> s\u00e9rie de tourniquets pleine hauteur<\/a> <\/p>\n<h2><b data-spm-anchor-id=\"a2700.details.pronpeci14.i2.770ea594C5VqRv\">tourniquets de construction tourniquets pleine hauteur, tourniquets de construction \u00e0 double voie porte pi\u00e9tonne pleine hauteur.<\/b><\/h2>\n<p>Les tourniquets de construction <a href=\"https:\/\/mairsturnstile.com\/full-height-turnstiles.html\" target=\"_blank\" rel=\"noopener\">tourniquets pleine hauteur<\/a> b\u00e9n\u00e9ficient d&rsquo;une garantie de 2 ans et d&rsquo;une assistance durable en mati\u00e8re d&rsquo;entretien et de r\u00e9paration.<\/p>\n<p><strong>Le tourniquet de construction est une sorte de porte de tourniquet pi\u00e9ton qui est utilis\u00e9e pour la gestion du contr\u00f4le d&rsquo;acc\u00e8s du personnel du chantier de construction, qui est l&rsquo;\u00e9quipement de contr\u00f4le principal du contr\u00f4le d&rsquo;acc\u00e8s du trafic pi\u00e9tonnier sur le chantier de construction. <\/strong>Dans le m\u00eame temps, selon les exigences environnementales du chantier de construction, les tourniquets de construction doivent avoir de bonnes performances d&rsquo;\u00e9tanch\u00e9it\u00e9 et d&rsquo;\u00e9clairage et r\u00e9aliser les fonctions de contr\u00f4le d&rsquo;acc\u00e8s et de pr\u00e9sence, patrouille sur site, signature de r\u00e9union, gestion des violations, rapport statistique , et la gestion du syst\u00e8me par reconnaissance faciale, carte RFID, etc.<\/p>\n<p>Le tourniquet de chantier est g\u00e9n\u00e9ralement une porte tourniquet tripode et une porte tourniquet pleine hauteur, car sa conception est tr\u00e8s adapt\u00e9e au chantier. La porte tourniquet pleine hauteur a des performances de s\u00e9curit\u00e9 plus \u00e9lev\u00e9es, la porte tourniquet sur le chantier de construction peut non seulement emp\u00eacher l&rsquo;entr\u00e9e et la sortie du personnel \u00e9tranger, mais \u00e9galement \u00eatre \u00e9quip\u00e9e d&rsquo;un syst\u00e8me de pr\u00e9sence pour enregistrer le statut de pr\u00e9sence des travailleurs. L&rsquo;utilisation de tourniquets de construction peut faire passer de mani\u00e8re ordonn\u00e9e le flux de personnes sur le chantier de construction \u00e0 travers le canal.<\/p>\n<p>Les tourniquets de construction ont pour fonction de pr\u00e9venir les dommages humains ; Les tourniquets de construction sont utilis\u00e9s pour prot\u00e9ger la s\u00e9curit\u00e9 du personnel et des biens ; Assurez-vous que la propri\u00e9t\u00e9 sur le chantier de construction n&rsquo;est pas facile \u00e0 perdre.<\/p>\n<p>Une seule personne peut franchir la porte du tourniquet sur le chantier \u00e0 la fois, ce qui peut \u00e9galement \u00e9viter les accidents dus \u00e0 la congestion. Lorsqu&rsquo;un \u00e9v\u00e9nement majeur se produit sur le chantier, l&rsquo;administrateur coupe l&rsquo;alimentation de la porte du tourniquet, et la porte sera ouverte, afin que les pi\u00e9tons puissent passer par eux-m\u00eames, afin d&rsquo;acc\u00e9l\u00e9rer l&rsquo;\u00e9vacuation de la foule.<\/p>\n<p>Ce tourniquet \u00e0 double voie est con\u00e7u pour contr\u00f4ler l&rsquo;entr\u00e9e et la sortie des pi\u00e9tons. Il est fabriqu\u00e9 en acier inoxydable #304, avec un traitement de surface \u00e0 double brossage, il est \u00e9tanche \u00e0 la poussi\u00e8re, <a href=\"https:\/\/en.wiktionary.org\/wiki\/dustproof\" target=\"_blank\" rel=\"noopener\">\u00e0 la rouille et \u00e0 la pluie<\/a>, il convient \u00e0 une utilisation int\u00e9rieure et ext\u00e9rieure, il est facile \u00e0 int\u00e9grer \u00e0 d&rsquo;autres dispositifs de lecture\/\u00e9criture et il est largement utilis\u00e9 dans des applications telles que les stades, les appartements, les gymnases, les mus\u00e9es, les gares, les biblioth\u00e8ques, les usines, etc.<\/p>\n\n        \t\n\t<style type=\"text\/css\">\n\t\t.slider-info-19991.bafg-slider-info .bafg-slider-title {\n\t\t\t\t\t\tfont-size: 22px;\n\t\t\t\t\t\t\n\t\t\t\n\t\t\t\t\t}\n\n\t\t.slider-info-19991.bafg-slider-info .bafg-slider-description {\n\t\t\t\n\t\t\t\n\t\t\t\t\t}\n\n\t\t.slider-info-19991.bafg-slider-info .bafg_slider_readmore_button {\n\t\t\t\n\t\t\t\n\t\t\t\n\t\t\t\n\t\t\t\n\t\t\ttext-align: center;\n\n\t\t\t\n\t\t\t\n\t\t\t\n\t\t\t\n\t\t\t\n\t\t\t\n\t\t\t\t\t}\n\n\t\t.slider-info-19991.bafg-slider-info .bafg_slider_readmore_button:hover {\n\n\t\t\t\n\t\t\t\n\t\t\t\t\t}\n\n\t<\/style>\n\t\n        <div class=\"bafg-twentytwenty-container slider-19991 \" bafg-orientation=\"horizontal\" bafg-default-offset=\"0.5\" bafg-before-label=\"Before\" bafg-after-label=\"After\" bafg-overlay=\"yes\" bafg-move-slider-on-hover=\"yes\" bafg-click-to-move=\"no\">\n              \n            <img decoding=\"async\" class=\"skip-lazy\" src=\"http:\/\/mairsturnstile.com\/wp-content\/uploads\/2024\/10\/construction-turnstiles-5.jpg\" alt=\"construction turnstiles\" data-skip-lazy title=\"\">\n            <img decoding=\"async\" class=\"skip-lazy\" src=\"http:\/\/mairsturnstile.com\/wp-content\/uploads\/2020\/09\/construction-turnstiles-6.jpg\" alt=\"construction turnstiles \" data-skip-lazy title=\"\">\n           \n        <\/div>\n\n        \t<div class=\"bafg-slider-info-wraper\">\n\t\t<div style=\"\" class=\"slider-info-19991 bafg-slider-info\">\n\t\t\t\t\t<\/div>\n\t<\/div>\n\t\n        <style type=\"text\/css\">\n            \n        <\/style>\n        \n<p>Nous pouvons \u00e9galement cr\u00e9er un rendu pour vous en quelques minutes en fonction de votre sc\u00e9nario r\u00e9el. Nous fournissons \u00e9galement des sch\u00e9mas et sch\u00e9mas d\u00e9taill\u00e9s, ainsi que des sch\u00e9mas d&rsquo;installation. Ne vous inqui\u00e9tez pas de l&rsquo;installation. Veuillez t\u00e9l\u00e9charger notre fichier PDF correspondant pour les dimensions sp\u00e9cifiques et les dimensions d&rsquo;installation.<\/p>\n<p>Nos tourniquets haute s\u00e9curit\u00e9 sont con\u00e7us pour r\u00e9pondre aux exigences de s\u00e9curit\u00e9 et de contr\u00f4le les plus exigeantes et sont id\u00e9aux pour les espaces restreints o\u00f9 un grand nombre de personnes doivent \u00eatre authentifi\u00e9es pour entrer. Les doubles voies sont essentiellement deux tourniquets simples dans un cadre, ce qui am\u00e9liore l&rsquo;efficacit\u00e9 et \u00e9conomise beaucoup d&rsquo;espace.<\/p>\n<ul>\n<li>La porte de tourniquets pleine hauteur de tourniquets de construction est souvent utilis\u00e9e pour les solutions de contr\u00f4le d&rsquo;acc\u00e8s de haute s\u00e9curit\u00e9.<\/li>\n<li>Le mat\u00e9riau du corps est en acier inoxydable 304 qui est antirouille et durable et a une haute r\u00e9sistance. Le bras est de type U.<\/li>\n<li>La porte des tourniquets de construction convient aux environnements int\u00e9rieurs et ext\u00e9rieurs.<\/li>\n<li>Avec la fonction anti-retour, arr\u00eatez la direction invers\u00e9e.<\/li>\n<li>Pour r\u00e9pondre aux exigences de contr\u00f4le d&rsquo;urgence, la porte du tourniquet s&rsquo;ouvrira automatiquement lorsque l&rsquo;alimentation est coup\u00e9e.<\/li>\n<li>Le syst\u00e8me complet fonctionne tr\u00e8s bien, avec une longue dur\u00e9e de vie et des performances \u00e9lev\u00e9es, une fiabilit\u00e9 de fonctionnement \u00e9lev\u00e9e et une r\u00e9ponse rapide.<\/li>\n<li>Le m\u00e9canisme est \u00e9quip\u00e9 d&rsquo;un amortisseur hydraulique de haute qualit\u00e9. Avec cet appareil, il y a tr\u00e8s peu de bruit lors du fonctionnement et il est plus fluide.<\/li>\n<li>Fonction d&rsquo;auto-test, la porte se restaurera automatiquement lorsque l&rsquo;alimentation est allum\u00e9e.<\/li>\n<li>Dispositifs \u00e0 double roulement, maintiennent le portail en \u00e9quilibre lorsqu&rsquo;il y a une force externe.<\/li>\n<li>Unidirectionnel ou bidirectionnel est facultatif.<\/li>\n<li>Avec voyant LED.<\/li>\n<li>Entra\u00eenement : semi-automatique<\/li>\n<li>Peut \u00eatre contr\u00f4l\u00e9 par une t\u00e9l\u00e9commande et g\u00e9r\u00e9 directement par l&rsquo;ordinateur.<\/li>\n<li>En cas de panne de courant, la voie du tourniquet sera libre d&rsquo;acc\u00e8s, conform\u00e9ment aux exigences de s\u00e9curit\u00e9 incendie.<\/li>\n<li>La taille\/conception de la porte peut \u00eatre personnalis\u00e9e en fonction du dessin du client.<\/li>\n<li>La taille peut \u00eatre ajust\u00e9e pour r\u00e9pondre aux exigences de diff\u00e9rents endroits.<\/li>\n<\/ul>\n<p>Nous pouvons fournir la solution compl\u00e8te de contr\u00f4le d&rsquo;acc\u00e8s de s\u00e9curit\u00e9. Si vous avez votre propre syst\u00e8me de contr\u00f4le d&rsquo;acc\u00e8s, vous pouvez directement utiliser notre porte tourniquet. Si vous n&rsquo;en avez pas, nous fournissons \u00e9galement une solution compl\u00e8te de contr\u00f4le d&rsquo;acc\u00e8s de s\u00e9curit\u00e9. Veuillez vous r\u00e9f\u00e9rer \u00e0 la vid\u00e9o ci-dessous pour plus de d\u00e9tails.<\/p>\n<p><iframe title=\"Tourniquet pleine hauteur \u00e0 double voie avec lecteur de carte, code QR, solution de contr\u00f4le \u00e0 distance - MairsTurnstile\" src=\"https:\/\/www.youtube.com\/embed\/XyxFKnS3Br0\" width=\"1150\" height=\"650\" frameborder=\"0\" allowfullscreen=\"allowfullscreen\"><\/iframe><\/p>\n","protected":false},"excerpt":{"rendered":"<p>1. Taille : 2300 * 1450 * 2300 mm (peut \u00eatre personnalis\u00e9)<\/p>\n<p>2. Largeur de voie : 650 mm (peut \u00eatre personnalis\u00e9)<\/p>\n<p>3. Vitesse de passage : 30 personne\/min<\/p>\n<p>4. Alimentation : 110 V\/220 V 50\/60 Hz<\/p>\n<p>5. Tourniquet pleine hauteur \u00e0 vendre Sol\u00e9no\u00efde : DC24V<\/p>\n<p>6. Signal de porte ouverte : contact sec\/relais<\/p>\n<p>7. Tension logique : DC24V<\/p>\n<p>8. Mat\u00e9riel : acier inoxydable 304 ou acier inoxydable 316<\/p>\n<p>9. Interface de communication : RS485<\/p>\n<p><strong><a title=\"Tourniquet pleine hauteur certifi\u00e9 Mairs CE\" href=\"http:\/\/mairsturnstile.com\/wp-content\/uploads\/2022\/09\/Mairs-CE-Certificate-Full-Height-Turnstile.pdf\" target=\"_blank\" rel=\"noopener noreferrer\">Certifi\u00e9 CE,<\/a> <a title=\"Certificat Mairs ISO9001\" href=\"http:\/\/mairsturnstile.com\/wp-content\/uploads\/2022\/09\/Mairs-Registration-Certificate-ISO9001.pdf\" target=\"_blank\" rel=\"noopener noreferrer\">Certifi\u00e9 ISO9001.<\/a><\/strong><\/p>\n<p><a title=\"Brochure Tourniquet Double Pleine Hauteur\" href=\"http:\/\/mairsturnstile.com\/wp-content\/uploads\/2023\/12\/MT404-2-brochure.pdf\" target=\"_blank\" rel=\"noopener noreferrer\"><img decoding=\"async\" class=\"alignnone size-full wp-image-11034\" src=\"http:\/\/mairsturnstile.com\/wp-content\/uploads\/2022\/09\/pdf-MairsTurnstile.png\" alt=\"\" width=\"32\" height=\"32\"><span style=\"color: #0000ff;\"><strong>Brochure du tourniquet double pleine hauteur MT404-2<\/strong><\/span><\/a><\/p>\n<p><a title=\"Manuel d'installation du tourniquet pleine hauteur\" href=\"http:\/\/mairsturnstile.com\/wp-content\/uploads\/2023\/09\/Full-height-turnstile-installation-manual.pdf\" target=\"_blank\" rel=\"noopener noreferrer\"><img decoding=\"async\" class=\"alignnone size-full wp-image-11034\" src=\"http:\/\/mairsturnstile.com\/wp-content\/uploads\/2022\/09\/pdf-MairsTurnstile.png\" alt=\"\" width=\"32\" height=\"32\"><strong><span style=\"color: #0000ff;\"> Manuel d&rsquo;utilisation et d&rsquo;installation du tourniquet pleine hauteur<\/span><\/strong><\/a><\/p>\n","protected":false},"featured_media":58153,"comment_status":"closed","ping_status":"closed","template":"","meta":{"neve_meta_sidebar":"","neve_meta_container":"","neve_meta_enable_content_width":"off","neve_meta_content_width":0,"neve_meta_title_alignment":"","neve_meta_author_avatar":"","neve_post_elements_order":"","neve_meta_disable_header":"","neve_meta_disable_footer":"","neve_meta_disable_title":"","_ti_tpc_template_sync":false,"_ti_tpc_template_id":""},"product_cat":[877,873],"product_tag":[1459,1051,1055,1057,1056,1038],"class_list":["post-10520","product","type-product","status-publish","has-post-thumbnail","hentry","product_cat-porte-tourniquet","product_cat-tourniquets-pleine-hauteur","product_tag-tourniquet-de-chantier","product_tag-tourniquet-double-pleine-hauteur-fr","product_tag-tourniquets-de-chantier","product_tag-tourniquets-de-chantier-fr","product_tag-tourniquets-de-securite-de-chantier","product_tag-tourniquets-pleine-hauteur"],"_links":{"self":[{"href":"https:\/\/mairsturnstile.com\/fr\/wp-json\/wp\/v2\/product\/10520","targetHints":{"allow":["GET"]}}],"collection":[{"href":"https:\/\/mairsturnstile.com\/fr\/wp-json\/wp\/v2\/product"}],"about":[{"href":"https:\/\/mairsturnstile.com\/fr\/wp-json\/wp\/v2\/types\/product"}],"replies":[{"embeddable":true,"href":"https:\/\/mairsturnstile.com\/fr\/wp-json\/wp\/v2\/comments?post=10520"}],"version-history":[{"count":0,"href":"https:\/\/mairsturnstile.com\/fr\/wp-json\/wp\/v2\/product\/10520\/revisions"}],"wp:featuredmedia":[{"embeddable":true,"href":"https:\/\/mairsturnstile.com\/fr\/wp-json\/wp\/v2\/media\/58153"}],"wp:attachment":[{"href":"https:\/\/mairsturnstile.com\/fr\/wp-json\/wp\/v2\/media?parent=10520"}],"wp:term":[{"taxonomy":"product_cat","embeddable":true,"href":"https:\/\/mairsturnstile.com\/fr\/wp-json\/wp\/v2\/product_cat?post=10520"},{"taxonomy":"product_tag","embeddable":true,"href":"https:\/\/mairsturnstile.com\/fr\/wp-json\/wp\/v2\/product_tag?post=10520"}],"curies":[{"name":"wp","href":"https:\/\/api.w.org\/{rel}","templated":true}]}}