{"id":10522,"date":"2020-09-12T18:37:24","date_gmt":"2020-09-12T10:37:24","guid":{"rendered":"https:\/\/mairsturnstile.com\/product\/porte-tourniquet-pleine-hauteur-mt404"},"modified":"2023-11-02T12:45:57","modified_gmt":"2023-11-02T04:45:57","slug":"tourniquets-australie","status":"publish","type":"product","link":"https:\/\/mairsturnstile.com\/fr\/produit\/tourniquets-australie","title":{"rendered":"PORTE TOURNIQUET PLEINE HAUTEUR MT404"},"content":{"rendered":"        <!-- 3D Model html -->\r\n        <div class=\"bp_grand wrapper_19986\">   \r\n        <div class=\"bp_model_parent\">\r\n            <model-viewer class=\"model\" id=\"bp_model_id_19986\" src=\"http:\/\/mairsturnstile.com\/wp-content\/uploads\/2023\/06\/MT404.glb\" alt=\"MT404\" camera-controls  loading=\"auto\" auto-rotate                        >\r\n            <\/model-viewer>\r\n        \r\n            <!-- Button -->\r\n            <svg id=\"openBtn\" width=\"30px\" height=\"30px\" viewBox=\"0 0 16 16\" xmlns=\"http:\/\/www.w3.org\/2000\/svg\" fill=\"#f2f2f2\" class=\"bi bi-arrows-fullscreen model-icon\">\r\n                <path fill-rule=\"evenodd\" d=\"M5.828 10.172a.5.5 0 0 0-.707 0l-4.096 4.096V11.5a.5.5 0 0 0-1 0v3.975a.5.5 0 0 0 .5.5H4.5a.5.5 0 0 0 0-1H1.732l4.096-4.096a.5.5 0 0 0 0-.707zm4.344 0a.5.5 0 0 1 .707 0l4.096 4.096V11.5a.5.5 0 1 1 1 0v3.975a.5.5 0 0 1-.5.5H11.5a.5.5 0 0 1 0-1h2.768l-4.096-4.096a.5.5 0 0 1 0-.707zm0-4.344a.5.5 0 0 0 .707 0l4.096-4.096V4.5a.5.5 0 1 0 1 0V.525a.5.5 0 0 0-.5-.5H11.5a.5.5 0 0 0 0 1h2.768l-4.096 4.096a.5.5 0 0 0 0 .707zm-4.344 0a.5.5 0 0 1-.707 0L1.025 1.732V4.5a.5.5 0 0 1-1 0V.525a.5.5 0 0 1 .5-.5H4.5a.5.5 0 0 1 0 1H1.732l4.096 4.096a.5.5 0 0 1 0 .707z\"\/>\r\n            <\/svg>\r\n        \r\n            <svg id=\"closeBtn\" class=\"model-icon\" width=\"34px\" height=\"34px\" viewBox=\"0 0 24 24\" xmlns=\"http:\/\/www.w3.org\/2000\/svg\">\r\n                <path fill=\"none\" stroke=\"#f2f2f2\" stroke-width=\"2\" d=\"M7,7 L17,17 M7,17 L17,7\"\/>\r\n            <\/svg>\r\n        \r\n        <\/div>\r\n        <\/div> \r\n\r\n        <!-- Model Viewer Style -->\r\n        <style>\r\n            \r\n            .wrapper_19986 .bp_model_parent, #bp_model_id_19986 {\r\n                width: 1150px;\r\n                max-width: 100%;\r\n                                            }\r\n            #bp_model_id_19986 {\r\n                height:700px;\r\n                background-color: #f2f2f2;\r\n            }\r\n            .fullscreen #bp_model_id_19986{\r\n            height: 100%;\r\n            width: 100%;\r\n            }\r\n            .wrapper_19986 .bp_model_parent{\r\n                justify-content: start            }\r\n            model-viewer.model {\r\n                --poster-color: transparent;\r\n            }\r\n        <\/style>\r\n        \r\n        \n<p>Nous avons des designers exp\u00e9riment\u00e9s qui peuvent effectuer une personnalisation approfondie en fonction de vos besoins. Nous fournirons une s\u00e9rie de mat\u00e9riaux tels que des rendus 3D, des dessins dimensionnels, etc. d\u00e8s que possible.<\/p>\n<h4>TOURNIQUETS PLEINE HAUTEUR AUSTRALIA MT404 b\u00e9n\u00e9ficie d&rsquo;une garantie de deux ans et d&rsquo;un support de maintenance et de r\u00e9paration durable.<\/h4>\n<p>Nous pouvons fournir des services OEM et ODM. Nous fournissons \u00e9galement des dispositifs biom\u00e9triques, tels que des lecteurs de cartes IC\/ID, des scanners d&#8217;empreintes digitales, des scanners de code QR, des cam\u00e9ras de reconnaissance faciale, etc. Si vous avez besoin d&rsquo;int\u00e9grer ces dispositifs sur la porte tourniquet pleine hauteur ou si vous avez des questions, veuillez <a href=\"https:\/\/mairsturnstile.com\/contact\">nous contacter.<\/a><\/p>\n<p><strong>Les tourniquets pleine hauteur sont<\/strong> une version haute s\u00e9curit\u00e9 des tourniquets. C&rsquo;est un tourniquet de s\u00e9curit\u00e9 bidirectionnel avec un contr\u00f4leur \u00e9lectronique. Les ouvertures \u00e0 90\u00b0 permettent un <a href=\"https:\/\/en.wikipedia.org\/wiki\/Access_control\" target=\"_blank\" rel=\"noopener\">contr\u00f4le d&rsquo;acc\u00e8s<\/a> fluide, facile et s\u00e9curis\u00e9 pour les pi\u00e9tons. Les <a href=\"https:\/\/mairsturnstile.com\/full-height-turnstiles.html\">tourniquets pleine hauteur<\/a> sont largement utilis\u00e9s dans des applications telles que les administrations, les parcs, les prisons, les stades, les appartements, les gymnases, les mus\u00e9es, les gares, les biblioth\u00e8ques, les usines, etc. Les tourniquets pleine hauteur australiens offrent un moyen fiable et efficace de s&rsquo;assurer que seules les personnes autoris\u00e9es sont autoris\u00e9es \u00e0 acc\u00e9der \u00e0 chaque zone d&rsquo;un b\u00e2timent.<\/p>\n<p><span data-spm-anchor-id=\"a2700.details.pronpeci14.i2.7635dcd1UidUpx\">Ces tourniquets pleine hauteur australiens sont facilement capables de g\u00e9rer un volume \u00e9lev\u00e9 et des conditions abusives. <\/span>L&rsquo;unit\u00e9 facilite la construction d&rsquo;une configuration \u00e0 plusieurs voies tandis que la simplicit\u00e9 des couleurs vous permet d&rsquo;adapter parfaitement ce tourniquet \u00e0 votre emplacement. Nous exportons des tourniquets pleine hauteur vers l&rsquo;Australie \u00e0 un prix abordable.<\/p>\n<p data-spm-anchor-id=\"a2700.details.pronpeci14.i0.54a03579UBfc8K\"><span data-spm-anchor-id=\"a2700.details.pronpeci14.i2.7635dcd1UidUpx\">Fonctionnant bien avec les cartes \u00e0 puce, les cartes d&rsquo;identit\u00e9, les codes \u00e0 barres, les empreintes digitales, etc., ces \u00e9quipements d&rsquo;identification \u00e0 lecture de cartes offrent un passage civilis\u00e9 et s\u00e9quentiel aux personnes et aident \u00e9galement les entreprises \u00e0 g\u00e9rer efficacement leurs employ\u00e9s.<\/span><\/p>\n<p data-spm-anchor-id=\"a2700.details.pronpeci14.i0.54a03579UBfc8K\">\n        \t\n\t<style type=\"text\/css\">\n\t\t.slider-info-19993.bafg-slider-info .bafg-slider-title {\n\t\t\t\t\t\tfont-size: 22px;\n\t\t\t\t\t\t\n\t\t\t\n\t\t\t\t\t}\n\n\t\t.slider-info-19993.bafg-slider-info .bafg-slider-description {\n\t\t\t\n\t\t\t\n\t\t\t\t\t}\n\n\t\t.slider-info-19993.bafg-slider-info .bafg_slider_readmore_button {\n\t\t\t\n\t\t\t\n\t\t\t\n\t\t\t\n\t\t\t\n\t\t\ttext-align: center;\n\n\t\t\t\n\t\t\t\n\t\t\t\n\t\t\t\n\t\t\t\n\t\t\t\n\t\t\t\t\t}\n\n\t\t.slider-info-19993.bafg-slider-info .bafg_slider_readmore_button:hover {\n\n\t\t\t\n\t\t\t\n\t\t\t\t\t}\n\n\t<\/style>\n\t\n        <div class=\"bafg-twentytwenty-container slider-19993 \" bafg-orientation=\"horizontal\" bafg-default-offset=\"0.5\" bafg-before-label=\"Before\" bafg-after-label=\"After\" bafg-overlay=\"yes\" bafg-move-slider-on-hover=\"yes\" bafg-click-to-move=\"no\">\n              \n            <img decoding=\"async\" class=\"skip-lazy\" src=\"http:\/\/mairsturnstile.com\/wp-content\/uploads\/2020\/09\/turnstile-gate-australia-6.jpg\" alt=\"turnstile gate australia\" data-skip-lazy title=\"\">\n            <img decoding=\"async\" class=\"skip-lazy\" src=\"http:\/\/mairsturnstile.com\/wp-content\/uploads\/2020\/09\/turnstile-gate-australia-5.jpg\" alt=\"turnstile gate australia\" data-skip-lazy title=\"\">\n           \n        <\/div>\n\n        \t<div class=\"bafg-slider-info-wraper\">\n\t\t<div style=\"\" class=\"slider-info-19993 bafg-slider-info\">\n\t\t\t\t\t<\/div>\n\t<\/div>\n\t\n        <style type=\"text\/css\">\n            \n        <\/style>\n        <\/p>\n<p>Nous pouvons \u00e9galement cr\u00e9er un rendu pour vous en quelques minutes en fonction de votre sc\u00e9nario r\u00e9el. Nous fournissons \u00e9galement une disposition et des dessins d\u00e9taill\u00e9s, ainsi que des dessins d&rsquo;installation.<\/p>\n<ul>\n<li>Les tourniquets pleine hauteur australiens sont souvent utilis\u00e9s pour des solutions de contr\u00f4le d&rsquo;acc\u00e8s de haute s\u00e9curit\u00e9.<\/li>\n<li>Le corps est en acier inoxydable 304 bross\u00e9 qui est rigide, antirouille, robuste et durable.<\/li>\n<li>Les tourniquets pleine hauteur australiens conviennent aux environnements int\u00e9rieurs et ext\u00e9rieurs.<\/li>\n<li>Avec la fonction anti-retour, arr\u00eatez la direction invers\u00e9e.<\/li>\n<li>Pour r\u00e9pondre aux exigences de contr\u00f4le d&rsquo;urgence, la porte du tourniquet s&rsquo;ouvrira automatiquement lorsque l&rsquo;alimentation est coup\u00e9e.<\/li>\n<li>L&rsquo;ensemble du syst\u00e8me fonctionne sans probl\u00e8me, avec des performances de longue dur\u00e9e, une fiabilit\u00e9 de fonctionnement \u00e9lev\u00e9e et une r\u00e9ponse rapide.<\/li>\n<li>Il peut s&rsquo;agir d&rsquo;un sens simple ou d&rsquo;un sens double.<\/li>\n<li>Fiabilit\u00e9 du m\u00e9canisme : 5 millions, sans faute<\/li>\n<li>Fonction d&rsquo;auto-test, lorsque l&rsquo;alimentation est allum\u00e9e, le syst\u00e8me se restaurera automatiquement.<\/li>\n<li>Dispositifs \u00e0 double roulement, maintiennent le portail en \u00e9quilibre lorsqu&rsquo;il y a une force externe.<\/li>\n<li>Unidirectionnel ou bidirectionnel est s\u00e9lectionnable.<\/li>\n<li>Avec voyant LED.<\/li>\n<li>Peut \u00eatre contr\u00f4l\u00e9 par une t\u00e9l\u00e9commande et g\u00e9r\u00e9 directement par l&rsquo;ordinateur.<\/li>\n<li>Lorsque l&rsquo;alimentation est coup\u00e9e, la voie du tourniquet sera libre de passer, conform\u00e9ment aux exigences de s\u00e9curit\u00e9 incendie.<\/li>\n<li>La taille\/conception de l&rsquo;ordinateur central peut \u00eatre personnalis\u00e9e.<\/li>\n<li>La taille des tourniquets australiens peut \u00eatre ajust\u00e9e pour r\u00e9pondre aux exigences de diff\u00e9rents endroits.<\/li>\n<\/ul>\n<p><iframe title=\"Tourniquet biom\u00e9trique pleine hauteur, Tourniquet pleine hauteur \u00e0 reconnaissance faciale - MairsTurnstile\" src=\"https:\/\/www.youtube.com\/embed\/cy4ZzmrIfx0\" width=\"1150\" height=\"650\" frameborder=\"0\" allowfullscreen=\"allowfullscreen\"><\/iframe><\/p>\n","protected":false},"excerpt":{"rendered":"<p>1. Taille : 1450 * 1450 * 2300 mm (peut \u00eatre personnalis\u00e9)<\/p>\n<p>2. Largeur de voie : 650 mm (peut \u00eatre personnalis\u00e9)<\/p>\n<p>3. Mat\u00e9riau du bo\u00eetier : acier inoxydable 304 ou acier inoxydable 316<\/p>\n<p>4. Vitesse de passage : 30 personne\/min<\/p>\n<p>5. Alimentation : 110 V\/220 V 50\/60 Hz<\/p>\n<p>6. Sol\u00e9no\u00efde de porte de tourniquet pleine hauteur : DC24V<\/p>\n<p>7. Signal de porte ouverte : contact sec\/relais<\/p>\n<p>8. Tension logique : DC24V<\/p>\n<p>9. Entra\u00eenement : semi-automatique<\/p>\n<p><strong><a title=\"Tourniquet pleine hauteur certifi\u00e9 Mairs CE\" href=\"http:\/\/mairsturnstile.com\/wp-content\/uploads\/2022\/09\/Mairs-CE-Certificate-Full-Height-Turnstile.pdf\" target=\"_blank\" rel=\"noopener noreferrer\">Certifi\u00e9 CE,<\/a> <a title=\"Certificat Mairs ISO9001\" href=\"http:\/\/mairsturnstile.com\/wp-content\/uploads\/2022\/09\/Mairs-Registration-Certificate-ISO9001.pdf\" target=\"_blank\" rel=\"noopener noreferrer\">Certifi\u00e9 ISO9001.<\/a><\/strong><\/p>\n<p><a title=\"Brochure Tourniquets Pleine Hauteur\" href=\"http:\/\/mairsturnstile.com\/wp-content\/uploads\/2022\/09\/MT404-Full-Height-Turnstiles-Brochure.pdf\" target=\"_blank\" rel=\"noopener noreferrer\"><img decoding=\"async\" class=\"alignnone size-full wp-image-11034\" src=\"http:\/\/mairsturnstile.com\/wp-content\/uploads\/2022\/09\/pdf-MairsTurnstile.png\" alt=\"\" width=\"32\" height=\"32\"><span style=\"color: #0000ff;\"><strong>Brochure des tourniquets pleine hauteur MT404<\/strong><\/span><\/a><\/p>\n<p><a title=\"Manuel d'installation du tourniquet pleine hauteur\" href=\"http:\/\/mairsturnstile.com\/wp-content\/uploads\/2023\/09\/Full-height-turnstile-installation-manual.pdf\" target=\"_blank\" rel=\"noopener noreferrer\"><img decoding=\"async\" class=\"alignnone size-full wp-image-11034\" src=\"http:\/\/mairsturnstile.com\/wp-content\/uploads\/2022\/09\/pdf-MairsTurnstile.png\" alt=\"\" width=\"32\" height=\"32\"><strong><span style=\"color: #0000ff;\"> Manuel d&rsquo;utilisation et d&rsquo;installation du tourniquet pleine hauteur<\/span><\/strong><\/a><\/p>\n","protected":false},"featured_media":58226,"comment_status":"closed","ping_status":"closed","template":"","meta":{"neve_meta_sidebar":"","neve_meta_container":"","neve_meta_enable_content_width":"off","neve_meta_content_width":0,"neve_meta_title_alignment":"","neve_meta_author_avatar":"","neve_post_elements_order":"","neve_meta_disable_header":"","neve_meta_disable_footer":"","neve_meta_disable_title":"","_ti_tpc_template_sync":false,"_ti_tpc_template_id":""},"product_cat":[877,873],"product_tag":[1463,1019,1440,1421,1038,1059],"class_list":["post-10522","product","type-product","status-publish","has-post-thumbnail","hentry","product_cat-porte-tourniquet","product_cat-tourniquets-pleine-hauteur","product_tag-fabricants-de-tourniquets-australie","product_tag-porte-tourniquet-pleine-hauteur","product_tag-tourniquet-simple-pleine-hauteur","product_tag-tourniquet-toute-hauteur-avec-lecteur-de-carte","product_tag-tourniquets-pleine-hauteur","product_tag-tourniquets-pleine-hauteur-australie"],"_links":{"self":[{"href":"https:\/\/mairsturnstile.com\/fr\/wp-json\/wp\/v2\/product\/10522","targetHints":{"allow":["GET"]}}],"collection":[{"href":"https:\/\/mairsturnstile.com\/fr\/wp-json\/wp\/v2\/product"}],"about":[{"href":"https:\/\/mairsturnstile.com\/fr\/wp-json\/wp\/v2\/types\/product"}],"replies":[{"embeddable":true,"href":"https:\/\/mairsturnstile.com\/fr\/wp-json\/wp\/v2\/comments?post=10522"}],"version-history":[{"count":0,"href":"https:\/\/mairsturnstile.com\/fr\/wp-json\/wp\/v2\/product\/10522\/revisions"}],"wp:featuredmedia":[{"embeddable":true,"href":"https:\/\/mairsturnstile.com\/fr\/wp-json\/wp\/v2\/media\/58226"}],"wp:attachment":[{"href":"https:\/\/mairsturnstile.com\/fr\/wp-json\/wp\/v2\/media?parent=10522"}],"wp:term":[{"taxonomy":"product_cat","embeddable":true,"href":"https:\/\/mairsturnstile.com\/fr\/wp-json\/wp\/v2\/product_cat?post=10522"},{"taxonomy":"product_tag","embeddable":true,"href":"https:\/\/mairsturnstile.com\/fr\/wp-json\/wp\/v2\/product_tag?post=10522"}],"curies":[{"name":"wp","href":"https:\/\/api.w.org\/{rel}","templated":true}]}}