{"id":10524,"date":"2022-02-17T18:25:21","date_gmt":"2022-02-17T10:25:21","guid":{"rendered":"https:\/\/mairsturnstile.com\/product\/tourniquets-de-securite-couloirs-rapides-en-alliage-daluminium-mt-l363"},"modified":"2023-08-02T21:33:31","modified_gmt":"2023-08-02T13:33:31","slug":"tourniquets-de-securite","status":"publish","type":"product","link":"https:\/\/mairsturnstile.com\/fr\/produit\/tourniquets-de-securite","title":{"rendered":"Tourniquets de s\u00e9curit\u00e9 Couloirs rapides en alliage d&rsquo;aluminium MT-L363"},"content":{"rendered":"<p><iframe title=\"Lecteur vid\u00e9o YouTube\" src=\"https:\/\/www.youtube.com\/embed\/9pBxTPosnpw\" width=\"920\" height=\"517\" frameborder=\"0\" allowfullscreen=\"allowfullscreen\"><span data-mce-type=\"bookmark\" style=\"display: inline-block; width: 0px; overflow: hidden; line-height: 0;\" class=\"mce_SELRES_start\"><\/span><\/iframe><\/p>\n<h4><strong>Les barri\u00e8res rapides en alliage d&rsquo;aluminium de tourniquets de s\u00e9curit\u00e9 b\u00e9n\u00e9ficient d&rsquo;une garantie de 2 ans et d&rsquo;un support de maintenance et de r\u00e9paration durable. <\/strong><\/h4>\n<p>Nous pouvons fournir des services OEM et ODM. Nous fournissons \u00e9galement des dispositifs biom\u00e9triques, tels que des lecteurs de cartes IC\/ID, des scanners d&#8217;empreintes digitales, des scanners de code QR, des cam\u00e9ras de reconnaissance faciale, etc. Si vous avez besoin d&rsquo;int\u00e9grer ces dispositifs sur le tourniquet de s\u00e9curit\u00e9 du hall ou si vous avez des questions, n&rsquo;h\u00e9sitez pas \u00e0 <a href=\"https:\/\/mairsturnstile.com\/contact\">nous contacter<\/a>.<\/p>\n<p><strong>Les tourniquets de s\u00e9curit\u00e9 sont une sorte d&rsquo;\u00e9quipement de <a href=\"https:\/\/en.wikipedia.org\/wiki\/Access_control\" target=\"_blank\" rel=\"noopener\">contr\u00f4le d&rsquo;acc\u00e8s<\/a> pour la s\u00e9curit\u00e9 des pi\u00e9tons, largement utilis\u00e9 dans les endroits o\u00f9 l&rsquo;entr\u00e9e et la sortie du personnel doivent \u00eatre contr\u00f4l\u00e9es. L&rsquo;\u00e9quipement de tourniquets de s\u00e9curit\u00e9 am\u00e9liore consid\u00e9rablement les performances de s\u00e9curit\u00e9 du passage des pi\u00e9tons et de l&rsquo;environnement et augmente le sentiment de s\u00e9curit\u00e9 des pi\u00e9tons.<\/strong><\/p>\n<p>La fonction principale des tourniquets de s\u00e9curit\u00e9 est de faire circuler les pi\u00e9tons pour traverser le passage de mani\u00e8re ordonn\u00e9e, afin d&rsquo;assurer la s\u00e9curit\u00e9 des pi\u00e9tons et de l&rsquo;environnement.<\/p>\n<p>Les tourniquets de s\u00e9curit\u00e9 sont g\u00e9n\u00e9ralement divis\u00e9s en <a href=\"https:\/\/mairsturnstile.com\/category\/tripod-turnstile\">tourniquets tripodes<\/a>, <a href=\"https:\/\/mairsturnstile.com\/swing-turnstile-gate.html\">tourniquets pivotants<\/a>, <a href=\"https:\/\/mairsturnstile.com\/what-is-flap-barrier.html\">tourniquets \u00e0 clapet<\/a>, <a href=\"https:\/\/mairsturnstile.com\/full-height-turnstiles.html\">tourniquets pleine hauteur<\/a>, <a href=\"https:\/\/mairsturnstile.com\/product\/sliding-turnstile\">tourniquets coulissants<\/a>, <a href=\"https:\/\/mairsturnstile.com\/speed-gates.html\">portillons rapides<\/a>, si vous voulez v\u00e9rifier plus de d\u00e9tails, veuillez consulter notre article : <a href=\"https:\/\/mairsturnstile.com\/types-of-turnstiles.html\">types de tourniquets<\/a>.<\/p>\n<p>Les barri\u00e8res rapides de tourniquets de s\u00e9curit\u00e9 MT-L363 sont \u00e9galement une sorte de barri\u00e8re rapide. Les couloirs de vitesse sont une sorte de porte de tourniquet de contr\u00f4le d&rsquo;acc\u00e8s pour pi\u00e9tons, qui a une vitesse de circulation plus rapide, une vitesse de course, une fonction de positionnement plus pr\u00e9cise et un fonctionnement plus stable que la porte de tourniquet pivotant. Il peut \u00eatre consid\u00e9r\u00e9 comme un produit am\u00e9lior\u00e9 de la porte tourniquet pivotante. Les couloirs de vitesse adoptent un meilleur m\u00e9canisme int\u00e9gr\u00e9 sans balais \u00e0 courant continu ou \u00e0 servomoteur, il s&rsquo;agit d&rsquo;un \u00e9quipement de gestion de contr\u00f4le d&rsquo;acc\u00e8s des pi\u00e9tons tr\u00e8s intelligent, qui peut pleinement d\u00e9tecter le passage du corps humain, il est donc s\u00fbr, fiable, rapide et efficace.<\/p>\n<p>Le tourniquet de s\u00e9curit\u00e9 de la barri\u00e8re de vitesse a une performance \u00e0 co\u00fbt \u00e9lev\u00e9. Largement utilis\u00e9 dans les occasions commerciales haut de gamme, le hall des b\u00e2timents, les gares, les stations de m\u00e9tro, les sites pittoresques, etc.<\/p>\n<p>Le tourniquet de s\u00e9curit\u00e9 \u00e0 couloir rapide a une vitesse de r\u00e9ponse rapide, un super muet, une apparence de mode, un anti-collision, une r\u00e9initialisation automatique, une fonction de m\u00e9moire, une t\u00e9l\u00e9commande, une fonction d&rsquo;invite vocale, etc.<\/p>\n<p>Ce tourniquet de couloirs de vitesse peut \u00eatre compatible avec les cartes IC, les cartes d&rsquo;identit\u00e9, les cartes \u00e0 code-barres, les lecteurs de cartes d&#8217;empreintes digitales, les cam\u00e9ras de reconnaissance faciale et d&rsquo;autres appareils biom\u00e9triques, offrant un acc\u00e8s civilis\u00e9 et ordonn\u00e9 au personnel ; G\u00e9rer efficacement les droits d&rsquo;acc\u00e8s des employ\u00e9s. Il peut \u00eatre largement utilis\u00e9 dans les halls d&rsquo;immeubles, gares, quais, m\u00e9tros, usines, immeubles de bureaux, h\u00f4tels, clubs, communaut\u00e9s intelligentes, entreprises et autres lieux n\u00e9cessitant une gestion intelligente du contr\u00f4le d&rsquo;acc\u00e8s.<\/p>\n<h4><strong>Param\u00e8tre technique:<\/strong><\/h4>\n<p>La taille et l&rsquo;\u00e9paisseur du mat\u00e9riau peuvent \u00eatre personnalis\u00e9es<\/p>\n<p>Mat\u00e9riau du bo\u00eetier : T\u00f4le lamin\u00e9e \u00e0 froid et alliage d&rsquo;aluminium ;<\/p>\n<p>L&rsquo;alliage d&rsquo;aluminium peut \u00eatre oxyd\u00e9 en diff\u00e9rentes couleurs<\/p>\n<p>Fiabilit\u00e9 du m\u00e9canisme : 3 millions-5 millions, sans faute<\/p>\n<p>Direction de travail : bidirectionnelle\/simple directionnelle<\/p>\n<p>Situation d&rsquo;urgence : s&rsquo;ouvre automatiquement lorsque l&rsquo;\u00e9lectricit\u00e9 est coup\u00e9e avec un condensateur<\/p>\n<p>Humidit\u00e9 : \u226490\uff05Pas de condensation<\/p>\n<p>Temp\u00e9rature de travail : -25\u2103~70\u2103<\/p>\n<p>Distance de communication : \u22641200 m<\/p>\n<p>Interface de communication : RS485<\/p>\n<p>Caract\u00e9ristique: lecteur IC\/ID, lecteur de codes-barres, reconnaissance faciale, empreintes digitales, autres \u00e9quipements de contr\u00f4le d&rsquo;acc\u00e8s, UPS, etc.<\/p>\n<p>Le temps n\u00e9cessaire \u00e0 l&rsquo;ouverture : 0,2 s<\/p>\n<p>Environnement de travail : Int\u00e9rieur<\/p>\n<p>Domaine d&rsquo;application : communaut\u00e9, immeuble de bureaux, \u00e9cole, lieu de vill\u00e9giature, etc.<\/p>\n<p><img fetchpriority=\"high\" decoding=\"async\" class=\"alignnone size-full wp-image-5655\" src=\"http:\/\/mairsturnstile.com\/wp-content\/uploads\/2022\/05\/speed-gates-turnstile-dimension-L363.jpg\" alt=\"\" width=\"1024\" height=\"913\" title=\"\"><img decoding=\"async\" class=\"alignnone size-full wp-image-5716\" src=\"http:\/\/mairsturnstile.com\/wp-content\/uploads\/2022\/05\/speed-gates-cases.jpg\" alt=\"\" width=\"1024\" height=\"1100\" title=\"\"><img decoding=\"async\" class=\"alignnone size-full wp-image-5625\" src=\"http:\/\/mairsturnstile.com\/wp-content\/uploads\/2022\/05\/turnstile-gate-access-control-system.png\" alt=\"syst\u00e8me de contr\u00f4le d&#039;acc\u00e8s de porte de tourniquet\" width=\"1024\" height=\"900\" title=\"\"><img loading=\"lazy\" decoding=\"async\" class=\"alignnone size-full wp-image-5617\" src=\"http:\/\/mairsturnstile.com\/wp-content\/uploads\/2022\/05\/packing-of-turnstile-gate.jpg\" alt=\"paquet de porte de tourniquet\" width=\"1024\" height=\"900\" title=\"\"><\/p>\n","protected":false},"excerpt":{"rendered":"<p>1. Taille : 1500*120*1000 mm (peut \u00eatre personnalis\u00e9)<\/p>\n<p>2. Largeur de voie : 600 mm (standard) 1000 mm (max)<\/p>\n<p>3. Mat\u00e9riau du bras : 10 mm d&rsquo;acrylique<\/p>\n<p>4. Vitesse de passage : 40 personne\/min<\/p>\n<p>5. Alimentation : 110V\/220V 50\/60hz<\/p>\n<p>6. M\u00e9canisme : Moteur sans balais<\/p>\n<p>7. Signal de porte ouverte : contact sec 12 V.<\/p>\n<p>8. Moteur d&rsquo;entra\u00eenement : 24 V<\/p>\n<p>9. Poids : 90 kg\/pi\u00e8ces<\/p>\n<p><span style=\"color: #0000ff;\"><strong><a style=\"color: #0000ff;\" title=\"Tourniquet de couloir de vitesse certifi\u00e9 CE Mairs\" href=\"http:\/\/mairsturnstile.com\/wp-content\/uploads\/2022\/09\/Mairs-CE-Certificate-Speed-Gate-Turnstile.pdf\" target=\"_blank\" rel=\"noopener noreferrer\">Certifi\u00e9 CE,<\/a> <a style=\"color: #0000ff;\" title=\"Certificat Mairs ISO9001\" href=\"http:\/\/mairsturnstile.com\/wp-content\/uploads\/2022\/09\/Mairs-Registration-Certificate-ISO9001.pdf\" target=\"_blank\" rel=\"noopener noreferrer\">Certifi\u00e9 ISO9001.<\/a><\/strong><\/span><\/p>\n","protected":false},"featured_media":59461,"comment_status":"closed","ping_status":"closed","template":"","meta":{"neve_meta_sidebar":"","neve_meta_container":"","neve_meta_enable_content_width":"off","neve_meta_content_width":0,"neve_meta_title_alignment":"","neve_meta_author_avatar":"","neve_post_elements_order":"","neve_meta_disable_header":"","neve_meta_disable_footer":"","neve_meta_disable_title":"","_ti_tpc_template_sync":false,"_ti_tpc_template_id":""},"product_cat":[878,877],"product_tag":[1064,1410,1404,1409,1062],"class_list":["post-10524","product","type-product","status-publish","has-post-thumbnail","hentry","product_cat-couloirs-de-vitesse","product_cat-porte-tourniquet","product_tag-couloirs-de-vitesse","product_tag-porte-tourniquet-de-securite","product_tag-portes-dentree-de-tourniquet","product_tag-tourniquet-de-couloir-de-vitesse","product_tag-tourniquets-de-securite"],"_links":{"self":[{"href":"https:\/\/mairsturnstile.com\/fr\/wp-json\/wp\/v2\/product\/10524","targetHints":{"allow":["GET"]}}],"collection":[{"href":"https:\/\/mairsturnstile.com\/fr\/wp-json\/wp\/v2\/product"}],"about":[{"href":"https:\/\/mairsturnstile.com\/fr\/wp-json\/wp\/v2\/types\/product"}],"replies":[{"embeddable":true,"href":"https:\/\/mairsturnstile.com\/fr\/wp-json\/wp\/v2\/comments?post=10524"}],"version-history":[{"count":0,"href":"https:\/\/mairsturnstile.com\/fr\/wp-json\/wp\/v2\/product\/10524\/revisions"}],"wp:featuredmedia":[{"embeddable":true,"href":"https:\/\/mairsturnstile.com\/fr\/wp-json\/wp\/v2\/media\/59461"}],"wp:attachment":[{"href":"https:\/\/mairsturnstile.com\/fr\/wp-json\/wp\/v2\/media?parent=10524"}],"wp:term":[{"taxonomy":"product_cat","embeddable":true,"href":"https:\/\/mairsturnstile.com\/fr\/wp-json\/wp\/v2\/product_cat?post=10524"},{"taxonomy":"product_tag","embeddable":true,"href":"https:\/\/mairsturnstile.com\/fr\/wp-json\/wp\/v2\/product_tag?post=10524"}],"curies":[{"name":"wp","href":"https:\/\/api.w.org\/{rel}","templated":true}]}}