{"id":10527,"date":"2021-07-12T00:15:01","date_gmt":"2021-07-11T16:15:01","guid":{"rendered":"https:\/\/mairsturnstile.com\/product\/tourniquet-mt-a309-de-creneaux-de-vitesse-de-securite-de-moteur-servo"},"modified":"2023-11-01T11:59:04","modified_gmt":"2023-11-01T03:59:04","slug":"barrieres-rapides-de-securite","status":"publish","type":"product","link":"https:\/\/mairsturnstile.com\/fr\/produit\/barrieres-rapides-de-securite","title":{"rendered":"Tourniquet MT-A304 de cr\u00e9neaux de vitesse de s\u00e9curit\u00e9 de moteur servo"},"content":{"rendered":"<h2><strong>Ce tourniquet MT-A304 pour couloirs rapides de s\u00e9curit\u00e9 \u00e0 moteur servo de haute qualit\u00e9 b\u00e9n\u00e9ficie d&rsquo;une garantie de 2 ans et d&rsquo;un support de maintenance et de r\u00e9paration durable. <\/strong><\/h2>\n<h4><strong><b>Mairs peut personnaliser les tourniquets rapides et les tourniquets rapides de s\u00e9curit\u00e9 en fonction de vos besoins.<\/b><\/strong><\/h4>\n<p>Nous pouvons fournir des services OEM et ODM. Nous avons des designers exp\u00e9riment\u00e9s qui peuvent effectuer une personnalisation approfondie en fonction de vos besoins. Nous fournirons une s\u00e9rie de mat\u00e9riaux tels que des rendus 3D, des dessins dimensionnels, etc. d\u00e8s que possible. Nous fournissons \u00e9galement des dispositifs biom\u00e9triques, tels que des lecteurs de cartes IC\/ID, des scanners d&#8217;empreintes digitales, des scanners de code QR, des cam\u00e9ras de reconnaissance faciale, etc.<\/p>\n<h4><strong><b>Servomoteur Porte de s\u00e9curit\u00e9 tourniquet Tourniquet automatique Barri\u00e8re mince pivotante<\/b><\/strong><strong><b>, <\/b><\/strong><strong><b>Tourniquet de s\u00e9curit\u00e9 \u00e0 servomoteur pour les halls d&rsquo;entr\u00e9e.<\/b><\/strong><\/h4>\n<p><strong><b>Le tourniquet de couloirs rapides de s\u00e9curit\u00e9 est un produit de couloirs rapides de s\u00e9curit\u00e9 \u00e0 tourniquet pivotant intelligent haut de gamme de Mairs, qui peut pleinement d\u00e9tecter la situation de passage du corps humain.<\/b><\/strong><strong><b> <\/b><\/strong>Ce mat\u00e9riau du corps du portail rapide est en acier inoxydable 304 qui est antirouille, durable et tr\u00e8s r\u00e9sistant.<\/p>\n<p>Nous pouvons \u00e9galement cr\u00e9er un rendu pour vous en quelques minutes en fonction de votre sc\u00e9nario r\u00e9el. Nous fournissons \u00e9galement des sch\u00e9mas et sch\u00e9mas d\u00e9taill\u00e9s, ainsi que des sch\u00e9mas d&rsquo;installation.<\/p>\n<p>Ces barri\u00e8res rapides de s\u00e9curit\u00e9 \u00e0 servomoteur peuvent \u00eatre compatibles avec les cartes \u00e0 puce, les cartes d&rsquo;identit\u00e9, les cartes \u00e0 code-barres, les lecteurs de cartes d&#8217;empreintes digitales, les cam\u00e9ras de reconnaissance faciale et d&rsquo;autres dispositifs biom\u00e9triques, offrant un acc\u00e8s civilis\u00e9 et ordonn\u00e9 au personnel ; G\u00e9rer efficacement les droits d&rsquo;acc\u00e8s des employ\u00e9s. Il peut \u00eatre largement utilis\u00e9 dans les halls d&rsquo;immeubles, gares, quais, m\u00e9tros, usines, immeubles de bureaux, h\u00f4tels, clubs, communaut\u00e9s intelligentes, entreprises et autres lieux n\u00e9cessitant une gestion intelligente du <a href=\"https:\/\/en.wikipedia.org\/wiki\/Access_control\" target=\"_blank\" rel=\"noopener\">contr\u00f4le d&rsquo;acc\u00e8s.<\/a><\/p>\n<p><strong>Param\u00e8tre technique:<\/strong><\/p>\n<p>1. Taille : 1500*120*980mm<br \/>\n2. Mat\u00e9riau : capuchon 1,5 mm + corps 1,2 mm bross\u00e9 SUS 304.<br \/>\n3. Mat\u00e9riau du bras : 10 mm d&rsquo;acrylique (option verre tremp\u00e9)<br \/>\n4. Largeur de passage : Standard 600 mm max 1200 mm (bras \u00e9vid\u00e9 de plus de 900 mm)<br \/>\n5. Hauteur du bras : 1 500 mm max (dans une largeur de 900 mm)<br \/>\n6. Sens de passage Monodirectionnel\/Bidirectionnel<br \/>\n7. Taux de passage : 30-35 personnes\/minute<br \/>\n8. Temps de fonctionnement : 0,2 seconde<br \/>\n9. Entr\u00e9e d&rsquo;alimentation : AC100-240V, 50\/60HZ<br \/>\n10. Tension de fonctionnement : 24 V<br \/>\n11. Humidit\u00e9 de travail : 30 % ~ 95 %<br \/>\n12. Temp\u00e9rature de fonctionnement : -40\u2103~+70\u2103<br \/>\n13. Environnement de travail : Int\u00e9rieur<br \/>\n14. Interface d&rsquo;entr\u00e9e : RS485, contact sec<br \/>\n15. M\u00e9canisme : Servomoteur Brushless 120W<br \/>\n16. Capteur infrarouge : 6 paires<br \/>\n17. MCBF : 5 000 000 Cycles<br \/>\n18. Application : Immeuble de bureaux, h\u00f4tels, halls gouvernementaux, etc.<\/p>\n<p>Nous pouvons fournir la solution compl\u00e8te de contr\u00f4le d&rsquo;acc\u00e8s de s\u00e9curit\u00e9. Si vous avez votre propre syst\u00e8me de contr\u00f4le d&rsquo;acc\u00e8s, vous pouvez directement utiliser notre porte tourniquet. Si vous n&rsquo;en avez pas, nous fournissons \u00e9galement une solution compl\u00e8te de contr\u00f4le d&rsquo;acc\u00e8s de s\u00e9curit\u00e9. Veuillez vous r\u00e9f\u00e9rer \u00e0 la vid\u00e9o ci-dessous pour plus de d\u00e9tails.<\/p>\n<p><iframe title=\"Tourniquet d'a\u00e9roport, tourniquet de porte rapide pour a\u00e9roport, station de m\u00e9tro - MairsTurnstile.com\" src=\"https:\/\/www.youtube.com\/embed\/rR_US2dIKU8\" width=\"1150\" height=\"650\" frameborder=\"0\" allowfullscreen=\"allowfullscreen\"><\/iframe><\/p>\n","protected":false},"excerpt":{"rendered":"<p>1. Taille : 1500*150*980mm<\/p>\n<p>2. Mat\u00e9riau : capuchon 1,5 mm + corps 1,2 mm bross\u00e9 SUS 304.<\/p>\n<p>3. Mat\u00e9riau du bras : 10 mm d&rsquo;acrylique (option verre tremp\u00e9)<\/p>\n<p>4. Largeur de passage : Standard 600 mm max 1200 mm (bras \u00e9vid\u00e9 de plus de 900 mm)<\/p>\n<p>5. Hauteur du bras : 1 500 mm max (dans une largeur de 900 mm)<\/p>\n<p>6. Sens de passage Monodirectionnel\/Bidirectionnel<\/p>\n<p>7. Taux de passage : 30-35 personnes\/minute<\/p>\n<p>8. Temps de fonctionnement : 0,2 seconde<\/p>\n<p>9. Entr\u00e9e d&rsquo;alimentation : AC100-240V, 50\/60HZ<\/p>\n<p><span style=\"color: #0000ff;\"><strong><a style=\"color: #0000ff;\" title=\"Tourniquet de couloir de vitesse certifi\u00e9 CE Mairs\" href=\"http:\/\/mairsturnstile.com\/wp-content\/uploads\/2022\/09\/Mairs-CE-Certificate-Speed-Gate-Turnstile.pdf\" target=\"_blank\" rel=\"noopener noreferrer\">Certifi\u00e9 CE,<\/a> <a style=\"color: #0000ff;\" title=\"Certificat Mairs ISO9001\" href=\"http:\/\/mairsturnstile.com\/wp-content\/uploads\/2022\/09\/Mairs-Registration-Certificate-ISO9001.pdf\" target=\"_blank\" rel=\"noopener noreferrer\">Certifi\u00e9 ISO9001.<\/a><\/strong><\/span><\/p>\n","protected":false},"featured_media":62386,"comment_status":"closed","ping_status":"closed","template":"","meta":{"neve_meta_sidebar":"","neve_meta_container":"","neve_meta_enable_content_width":"off","neve_meta_content_width":0,"neve_meta_title_alignment":"","neve_meta_author_avatar":"","neve_post_elements_order":"","neve_meta_disable_header":"","neve_meta_disable_footer":"","neve_meta_disable_title":"","_ti_tpc_template_sync":false,"_ti_tpc_template_id":""},"product_cat":[878,877],"product_tag":[1064,1068,1431,1430],"class_list":["post-10527","product","type-product","status-publish","has-post-thumbnail","hentry","product_cat-couloirs-de-vitesse","product_cat-porte-tourniquet","product_tag-couloirs-de-vitesse","product_tag-couloirs-rapides-de-securite","product_tag-que-sont-les-couloirs-de-vitesse","product_tag-systeme-de-controle-dacces-tourniquet"],"_links":{"self":[{"href":"https:\/\/mairsturnstile.com\/fr\/wp-json\/wp\/v2\/product\/10527","targetHints":{"allow":["GET"]}}],"collection":[{"href":"https:\/\/mairsturnstile.com\/fr\/wp-json\/wp\/v2\/product"}],"about":[{"href":"https:\/\/mairsturnstile.com\/fr\/wp-json\/wp\/v2\/types\/product"}],"replies":[{"embeddable":true,"href":"https:\/\/mairsturnstile.com\/fr\/wp-json\/wp\/v2\/comments?post=10527"}],"version-history":[{"count":0,"href":"https:\/\/mairsturnstile.com\/fr\/wp-json\/wp\/v2\/product\/10527\/revisions"}],"wp:featuredmedia":[{"embeddable":true,"href":"https:\/\/mairsturnstile.com\/fr\/wp-json\/wp\/v2\/media\/62386"}],"wp:attachment":[{"href":"https:\/\/mairsturnstile.com\/fr\/wp-json\/wp\/v2\/media?parent=10527"}],"wp:term":[{"taxonomy":"product_cat","embeddable":true,"href":"https:\/\/mairsturnstile.com\/fr\/wp-json\/wp\/v2\/product_cat?post=10527"},{"taxonomy":"product_tag","embeddable":true,"href":"https:\/\/mairsturnstile.com\/fr\/wp-json\/wp\/v2\/product_tag?post=10527"}],"curies":[{"name":"wp","href":"https:\/\/api.w.org\/{rel}","templated":true}]}}