{"id":10538,"date":"2021-05-12T18:25:53","date_gmt":"2021-05-12T10:25:53","guid":{"rendered":"https:\/\/mairsturnstile.com\/product\/couloirs-de-vitesse-de-tourniquets-de-securite-exterieurs-a-vendre-mt-359w"},"modified":"2023-11-01T11:59:40","modified_gmt":"2023-11-01T03:59:40","slug":"prix-portails-rapides","status":"publish","type":"product","link":"https:\/\/mairsturnstile.com\/fr\/produit\/prix-portails-rapides","title":{"rendered":"Couloirs de vitesse de tourniquets de s\u00e9curit\u00e9 ext\u00e9rieurs \u00e0 vendre MT-359W"},"content":{"rendered":"        <!-- 3D Model html -->\r\n        <div class=\"bp_grand wrapper_26318\">   \r\n        <div class=\"bp_model_parent\">\r\n            <model-viewer class=\"model\" id=\"bp_model_id_26318\" src=\"http:\/\/mairsturnstile.com\/wp-content\/uploads\/2021\/05\/MT-359W.glb\" alt=\"MT-359W\" camera-controls  loading=\"auto\" auto-rotate                        >\r\n            <\/model-viewer>\r\n        \r\n            <!-- Button -->\r\n            <svg id=\"openBtn\" width=\"30px\" height=\"30px\" viewBox=\"0 0 16 16\" xmlns=\"http:\/\/www.w3.org\/2000\/svg\" fill=\"#f2f2f2\" class=\"bi bi-arrows-fullscreen model-icon\">\r\n                <path fill-rule=\"evenodd\" d=\"M5.828 10.172a.5.5 0 0 0-.707 0l-4.096 4.096V11.5a.5.5 0 0 0-1 0v3.975a.5.5 0 0 0 .5.5H4.5a.5.5 0 0 0 0-1H1.732l4.096-4.096a.5.5 0 0 0 0-.707zm4.344 0a.5.5 0 0 1 .707 0l4.096 4.096V11.5a.5.5 0 1 1 1 0v3.975a.5.5 0 0 1-.5.5H11.5a.5.5 0 0 1 0-1h2.768l-4.096-4.096a.5.5 0 0 1 0-.707zm0-4.344a.5.5 0 0 0 .707 0l4.096-4.096V4.5a.5.5 0 1 0 1 0V.525a.5.5 0 0 0-.5-.5H11.5a.5.5 0 0 0 0 1h2.768l-4.096 4.096a.5.5 0 0 0 0 .707zm-4.344 0a.5.5 0 0 1-.707 0L1.025 1.732V4.5a.5.5 0 0 1-1 0V.525a.5.5 0 0 1 .5-.5H4.5a.5.5 0 0 1 0 1H1.732l4.096 4.096a.5.5 0 0 1 0 .707z\"\/>\r\n            <\/svg>\r\n        \r\n            <svg id=\"closeBtn\" class=\"model-icon\" width=\"34px\" height=\"34px\" viewBox=\"0 0 24 24\" xmlns=\"http:\/\/www.w3.org\/2000\/svg\">\r\n                <path fill=\"none\" stroke=\"#f2f2f2\" stroke-width=\"2\" d=\"M7,7 L17,17 M7,17 L17,7\"\/>\r\n            <\/svg>\r\n        \r\n        <\/div>\r\n        <\/div> \r\n\r\n        <!-- Model Viewer Style -->\r\n        <style>\r\n            \r\n            .wrapper_26318 .bp_model_parent, #bp_model_id_26318 {\r\n                width: 1150px;\r\n                max-width: 100%;\r\n                                            }\r\n            #bp_model_id_26318 {\r\n                height:700px;\r\n                background-color: #f9f9f9;\r\n            }\r\n            .fullscreen #bp_model_id_26318{\r\n            height: 100%;\r\n            width: 100%;\r\n            }\r\n            .wrapper_26318 .bp_model_parent{\r\n                justify-content: start            }\r\n            model-viewer.model {\r\n                --poster-color: transparent;\r\n            }\r\n        <\/style>\r\n        \r\n        \n<h4><strong><b>LE MEILLEUR PRIX POUR LES BARRI\u00c8RES DE VITESSE chez Mairs, ce Fastlane <\/b><\/strong><strong><b>Barri\u00e8res de vitesse<\/b><\/strong><strong><b> Couloirs de vitesse <\/b><\/strong><strong><b>porte <\/b><\/strong><strong><b>une garantie de 2 ans et un support durable d&rsquo;entretien et de r\u00e9paration.<\/b><\/strong><\/h4>\n<p>Mairs peut personnaliser les couloirs de vitesse en fonction de vos besoins. Nous avons des designers exp\u00e9riment\u00e9s qui peuvent effectuer une personnalisation approfondie en fonction de vos besoins. Nous fournirons une s\u00e9rie de mat\u00e9riaux tels que des rendus 3D, des dessins dimensionnels, etc. d\u00e8s que possible. Nous fournissons \u00e9galement des dispositifs biom\u00e9triques, tels que des lecteurs de cartes IC\/ID, des scanners d&#8217;empreintes digitales, des scanners de code QR, des cam\u00e9ras de reconnaissance faciale, etc.<\/p>\n<p>Prix des portillons rapides Fastlane Tourniquets de s\u00e9curit\u00e9 ext\u00e9rieurs <strong><b>Portillons automatiques Slim Fast Speed <\/b><\/strong><strong><b>Tourniquets de s\u00e9curit\u00e9.<\/b><\/strong><\/p>\n<h4><strong><b> Environnement de travail : Int\u00e9rieur et ext\u00e9rieur.<\/b><\/strong><\/h4>\n<p><strong><b>LE PRIX DES BARRI\u00c8RES DE VITESSE DES VOIES DE CIRCULATION <\/b><\/strong><strong><b>est <\/b><\/strong><strong><b>un tourniquet intelligent haut de gamme de Mairs, qui peut d\u00e9tecter enti\u00e8rement la situation de passage du corps humain. <\/b><\/strong> <\/p>\n<p>Ce mat\u00e9riau de corps de couloir de vitesse est en acier inoxydable 304 qui est antirouille et durable et \u00e0 haute r\u00e9sistance.<\/p>\n<p><strong><b>Anti-tag after, anti-hit against, communication RS485, moteur DC Brushless, <\/b><\/strong>Ce tourniquet de <a href=\"https:\/\/mairsturnstile.com\/product\/security-speed-gates\">s\u00e9curit\u00e9<\/a> est <strong><b>Compatible avec tous les types de syst\u00e8mes de contr\u00f4le d&rsquo;acc\u00e8s<\/b><\/strong><strong><b>.<\/b><\/strong><\/p>\n<p>CETTE SPEED GATES PRICE SPEED lane est l&rsquo;un des nouveaux produits haut de gamme en vente \u00e0 chaud de MairsTurnstile.<\/p>\n<p>Nous pouvons \u00e9galement cr\u00e9er un rendu pour vous en quelques minutes en fonction de votre sc\u00e9nario r\u00e9el. Nous fournissons \u00e9galement une disposition et des dessins d\u00e9taill\u00e9s, ainsi que des dessins d&rsquo;installation.<\/p>\n\n        \t\n\t<style type=\"text\/css\">\n\t\t.slider-info-24285.bafg-slider-info .bafg-slider-title {\n\t\t\t\t\t\tfont-size: 22px;\n\t\t\t\t\t\t\n\t\t\t\n\t\t\t\t\t}\n\n\t\t.slider-info-24285.bafg-slider-info .bafg-slider-description {\n\t\t\t\n\t\t\t\n\t\t\t\t\t}\n\n\t\t.slider-info-24285.bafg-slider-info .bafg_slider_readmore_button {\n\t\t\t\n\t\t\t\n\t\t\t\n\t\t\t\n\t\t\t\n\t\t\ttext-align: center;\n\n\t\t\t\n\t\t\t\n\t\t\t\n\t\t\t\n\t\t\t\n\t\t\t\n\t\t\t\t\t}\n\n\t\t.slider-info-24285.bafg-slider-info .bafg_slider_readmore_button:hover {\n\n\t\t\t\n\t\t\t\n\t\t\t\t\t}\n\n\t<\/style>\n\t\n        <div class=\"bafg-twentytwenty-container slider-24285 \" bafg-orientation=\"horizontal\" bafg-default-offset=\"0.5\" bafg-before-label=\"Before\" bafg-after-label=\"After\" bafg-overlay=\"yes\" bafg-move-slider-on-hover=\"yes\" bafg-click-to-move=\"no\">\n              \n            <img decoding=\"async\" class=\"skip-lazy\" src=\"http:\/\/mairsturnstile.com\/wp-content\/uploads\/2021\/05\/speed-gate-price-7.jpg\" alt=\"speed gate price\" data-skip-lazy title=\"\">\n            <img decoding=\"async\" class=\"skip-lazy\" src=\"http:\/\/mairsturnstile.com\/wp-content\/uploads\/2021\/05\/speed-gate-price-8.jpg\" alt=\"speed gate price\" data-skip-lazy title=\"\">\n           \n        <\/div>\n\n        \t<div class=\"bafg-slider-info-wraper\">\n\t\t<div style=\"\" class=\"slider-info-24285 bafg-slider-info\">\n\t\t\t\t\t<\/div>\n\t<\/div>\n\t\n        <style type=\"text\/css\">\n            \n        <\/style>\n        \n<p>Avec une technologie de pointe, des fonctions compl\u00e8tes et une grande fiabilit\u00e9, il peut \u00eatre appliqu\u00e9 \u00e0 des sites de haut niveau tels que des communaut\u00e9s haut de gamme, des b\u00e2timents intelligents, des h\u00f4tels, des stations de m\u00e9tro et des gymnases.<\/p>\n<p>Notre garde-corps pivotant peut \u00eatre int\u00e9gr\u00e9 \u00e0 un syst\u00e8me de gestion intelligent moderne pour r\u00e9aliser une gestion intelligente du <a href=\"https:\/\/en.wikipedia.org\/wiki\/Access_control\" target=\"_blank\" rel=\"noopener\">contr\u00f4le d&rsquo;acc\u00e8s<\/a>.<\/p>\n<p>Les garde-corps pivotants peuvent \u00eatre divis\u00e9s en garde-corps pivotants cylindriques et garde-corps pivotants Bridge.<\/p>\n<p>Conception m\u00e9canique et \u00e9lectrique compacte, entra\u00eenement unique et m\u00e9canisme autobloquant<\/p>\n<p>D\u00e9tection automatique des pannes. Prix \u200b\u200bdes couloirs de vitesse abordables en ligne.<\/p>\n<p>L&rsquo;interface d&rsquo;entr\u00e9e peut \u00eatre utilis\u00e9e pour le contact sec et la connexion du signal de commutation<\/p>\n<p>Fermeture temporis\u00e9e automatique r\u00e9glable<\/p>\n<p>Photocellule infrarouge pour un passage en toute s\u00e9curit\u00e9<\/p>\n<p>Alarmes d&rsquo;entr\u00e9e non autoris\u00e9e et d&rsquo;entr\u00e9e interdite<\/p>\n<p>Allumer et \u00e9teindre automatiquement<\/p>\n<p>Acc\u00e8s gratuit lors de la mise hors tension<\/p>\n<p>Sens d&rsquo;entr\u00e9e r\u00e9glable<\/p>\n<p>Fournir une interface d&rsquo;urgence<\/p>\n<p>Feux de signalisation pour l&rsquo;entr\u00e9e des passagers<\/p>\n<p>Temp\u00e9rature de fonctionnement : \uff0d25\u2103 \uff5e 70\u2103<\/p>\n<p>Taux de r\u00e9ussite : 35p\/min<\/p>\n<p>Consommation \u00e9lectrique maximale : 120 W<\/p>\n<p>Hauteur du bras : \u00e0 partir du sol 1300 mm personnalis\u00e9<\/p>\n<p>Interface de communication : signal RS485\/relais<\/p>\n<p>MCBF : 5 000 000 cycles<\/p>\n<p>Application : a\u00e9roports, h\u00f4tels, salles gouvernementales, etc.<\/p>\n<p>Nous pouvons fournir la solution compl\u00e8te de contr\u00f4le d&rsquo;acc\u00e8s de s\u00e9curit\u00e9. Si vous avez votre propre syst\u00e8me de contr\u00f4le d&rsquo;acc\u00e8s, vous pouvez directement utiliser notre porte tourniquet. Si vous n&rsquo;en avez pas, nous fournissons \u00e9galement une solution compl\u00e8te de contr\u00f4le d&rsquo;acc\u00e8s de s\u00e9curit\u00e9. Veuillez vous r\u00e9f\u00e9rer \u00e0 la vid\u00e9o ci-dessous pour plus de d\u00e9tails.<\/p>\n<p><iframe title=\"Tourniquet de cr\u00e9neau rapide de nouvelle conception, tourniquets de hall, tourniquet de bureau - MairsTurnstile.com\" src=\"https:\/\/www.youtube.com\/embed\/izk8WuYn4no\" width=\"1150\" height=\"650\" frameborder=\"0\" allowfullscreen=\"allowfullscreen\"><\/iframe><\/p>\n","protected":false},"excerpt":{"rendered":"<p>1. Taille : 1500x150x980mm (peut \u00eatre personnalis\u00e9)<\/p>\n<p>2. Tension d&rsquo;alimentation : 110V-240V, 50HZ\/60Hz<\/p>\n<p>3. Tension de fonctionnement : DC24V<\/p>\n<p>4. Humidit\u00e9 relative : \u2264 95 %, sans condensation<\/p>\n<p>5. Temps de d\u00e9verrouillage : 0,2 s<\/p>\n<p>6. Mat\u00e9riau : acier inoxydable 304.<\/p>\n<p>7. Mat\u00e9riau des bras : acrylique 10 mm.<\/p>\n<p>8. Moteur : servomoteur sans balais<\/p>\n<p>9. Largeur de passage : 600 mm standard 900 mm handicap\u00e9<\/p>\n<p><span style=\"color: #0000ff;\"><strong><a style=\"color: #0000ff;\" title=\"Tourniquet de couloir de vitesse certifi\u00e9 CE Mairs\" href=\"http:\/\/mairsturnstile.com\/wp-content\/uploads\/2022\/09\/Mairs-CE-Certificate-Speed-Gate-Turnstile.pdf\" target=\"_blank\" rel=\"noopener noreferrer\">Certifi\u00e9 CE,<\/a> <a style=\"color: #0000ff;\" title=\"Certificat Mairs ISO9001\" href=\"http:\/\/mairsturnstile.com\/wp-content\/uploads\/2022\/09\/Mairs-Registration-Certificate-ISO9001.pdf\" target=\"_blank\" rel=\"noopener noreferrer\">Certifi\u00e9 ISO9001.<\/a><\/strong><\/span><\/p>\n","protected":false},"featured_media":65885,"comment_status":"closed","ping_status":"closed","template":"","meta":{"neve_meta_sidebar":"","neve_meta_container":"","neve_meta_enable_content_width":"off","neve_meta_content_width":0,"neve_meta_title_alignment":"","neve_meta_author_avatar":"","neve_post_elements_order":"","neve_meta_disable_header":"","neve_meta_disable_footer":"","neve_meta_disable_title":"","_ti_tpc_template_sync":false,"_ti_tpc_template_id":""},"product_cat":[878,877],"product_tag":[1389,1070,1064,1067,1391,1069,1071,1435],"class_list":["post-10538","product","type-product","status-publish","has-post-thumbnail","hentry","product_cat-couloirs-de-vitesse","product_cat-porte-tourniquet","product_tag-combien-coute-un-tourniquet","product_tag-couloir-de-vitesse-a-vendre","product_tag-couloirs-de-vitesse","product_tag-couloirs-de-vitesse-a-vendre","product_tag-cout-du-tourniquet","product_tag-prix-des-couloirs-de-vitesse","product_tag-prix-du-couloir-de-vitesse","product_tag-voies-de-vitesse"],"_links":{"self":[{"href":"https:\/\/mairsturnstile.com\/fr\/wp-json\/wp\/v2\/product\/10538","targetHints":{"allow":["GET"]}}],"collection":[{"href":"https:\/\/mairsturnstile.com\/fr\/wp-json\/wp\/v2\/product"}],"about":[{"href":"https:\/\/mairsturnstile.com\/fr\/wp-json\/wp\/v2\/types\/product"}],"replies":[{"embeddable":true,"href":"https:\/\/mairsturnstile.com\/fr\/wp-json\/wp\/v2\/comments?post=10538"}],"version-history":[{"count":0,"href":"https:\/\/mairsturnstile.com\/fr\/wp-json\/wp\/v2\/product\/10538\/revisions"}],"wp:featuredmedia":[{"embeddable":true,"href":"https:\/\/mairsturnstile.com\/fr\/wp-json\/wp\/v2\/media\/65885"}],"wp:attachment":[{"href":"https:\/\/mairsturnstile.com\/fr\/wp-json\/wp\/v2\/media?parent=10538"}],"wp:term":[{"taxonomy":"product_cat","embeddable":true,"href":"https:\/\/mairsturnstile.com\/fr\/wp-json\/wp\/v2\/product_cat?post=10538"},{"taxonomy":"product_tag","embeddable":true,"href":"https:\/\/mairsturnstile.com\/fr\/wp-json\/wp\/v2\/product_tag?post=10538"}],"curies":[{"name":"wp","href":"https:\/\/api.w.org\/{rel}","templated":true}]}}