{"id":10539,"date":"2021-05-12T17:48:31","date_gmt":"2021-05-12T09:48:31","guid":{"rendered":"https:\/\/mairsturnstile.com\/product\/couloirs-de-vitesse-de-moteur-sans-balais-super-minces-pour-le-hall-mt-h318"},"modified":"2023-11-01T12:00:25","modified_gmt":"2023-11-01T04:00:25","slug":"speed-gates-australie","status":"publish","type":"product","link":"https:\/\/mairsturnstile.com\/fr\/produit\/speed-gates-australie","title":{"rendered":"Couloirs de vitesse de moteur sans brosse pour le hall MT382"},"content":{"rendered":"        <!-- 3D Model html -->\r\n        <div class=\"bp_grand wrapper_25607\">   \r\n        <div class=\"bp_model_parent\">\r\n            <model-viewer class=\"model\" id=\"bp_model_id_25607\" src=\"http:\/\/mairsturnstile.com\/wp-content\/uploads\/2024\/11\/MT381.glb\" alt=\"MT381\" camera-controls  loading=\"auto\" auto-rotate                        >\r\n            <\/model-viewer>\r\n        \r\n            <!-- Button -->\r\n            <svg id=\"openBtn\" width=\"30px\" height=\"30px\" viewBox=\"0 0 16 16\" xmlns=\"http:\/\/www.w3.org\/2000\/svg\" fill=\"#f2f2f2\" class=\"bi bi-arrows-fullscreen model-icon\">\r\n                <path fill-rule=\"evenodd\" d=\"M5.828 10.172a.5.5 0 0 0-.707 0l-4.096 4.096V11.5a.5.5 0 0 0-1 0v3.975a.5.5 0 0 0 .5.5H4.5a.5.5 0 0 0 0-1H1.732l4.096-4.096a.5.5 0 0 0 0-.707zm4.344 0a.5.5 0 0 1 .707 0l4.096 4.096V11.5a.5.5 0 1 1 1 0v3.975a.5.5 0 0 1-.5.5H11.5a.5.5 0 0 1 0-1h2.768l-4.096-4.096a.5.5 0 0 1 0-.707zm0-4.344a.5.5 0 0 0 .707 0l4.096-4.096V4.5a.5.5 0 1 0 1 0V.525a.5.5 0 0 0-.5-.5H11.5a.5.5 0 0 0 0 1h2.768l-4.096 4.096a.5.5 0 0 0 0 .707zm-4.344 0a.5.5 0 0 1-.707 0L1.025 1.732V4.5a.5.5 0 0 1-1 0V.525a.5.5 0 0 1 .5-.5H4.5a.5.5 0 0 1 0 1H1.732l4.096 4.096a.5.5 0 0 1 0 .707z\"\/>\r\n            <\/svg>\r\n        \r\n            <svg id=\"closeBtn\" class=\"model-icon\" width=\"34px\" height=\"34px\" viewBox=\"0 0 24 24\" xmlns=\"http:\/\/www.w3.org\/2000\/svg\">\r\n                <path fill=\"none\" stroke=\"#f2f2f2\" stroke-width=\"2\" d=\"M7,7 L17,17 M7,17 L17,7\"\/>\r\n            <\/svg>\r\n        \r\n        <\/div>\r\n        <\/div> \r\n\r\n        <!-- Model Viewer Style -->\r\n        <style>\r\n            \r\n            .wrapper_25607 .bp_model_parent, #bp_model_id_25607 {\r\n                width: 1150px;\r\n                max-width: 100%;\r\n                                            }\r\n            #bp_model_id_25607 {\r\n                height:700px;\r\n                background-color: #f9f9f9;\r\n            }\r\n            .fullscreen #bp_model_id_25607{\r\n            height: 100%;\r\n            width: 100%;\r\n            }\r\n            .wrapper_25607 .bp_model_parent{\r\n                justify-content: start            }\r\n            model-viewer.model {\r\n                --poster-color: transparent;\r\n            }\r\n        <\/style>\r\n        \r\n        \n<h4><strong><b>CETTE PORTE RAPIDE AUSTRALIENNE <\/b><\/strong><strong><b>porte <\/b><\/strong><strong><b>une garantie de 2 ans et une assistance durable en mati\u00e8re d&rsquo;entretien et de r\u00e9paration.<\/b><\/strong><strong><b> <\/b><\/strong><\/h4>\n<h4><strong><b>Mairs peut personnaliser les couloirs de vitesse Australie selon vos besoins. Nous fournissons \u00e9galement des dispositifs biom\u00e9triques, tels que des lecteurs de cartes IC\/ID, des scanners d&#8217;empreintes digitales, des scanners de code QR, des cam\u00e9ras de reconnaissance faciale, etc.<\/b><\/strong><\/h4>\n<p>PORTES RAPIDES AUSTRALIENNES <strong><b><a href=\"https:\/\/mairsturnstile.com\/speed-gates.html\">Portillons <\/a> automatiques rapides Slim Fast<\/b><\/strong><strong><b>Tourniquets de s\u00e9curit\u00e9, nous exportons des portillons rapides en Australie pour les halls d&rsquo;entr\u00e9e.<\/b><\/strong><\/p>\n<p><strong><b>le speed gates australia est un produit de tourniquet \u00e0 barri\u00e8re pivotante intelligent haut de gamme de Mairs, qui peut pleinement d\u00e9tecter la situation de passage du corps humain. <\/b><\/strong><\/p>\n<p>Le mat\u00e9riau du corps de ce limiteur de vitesse Australie est en acier inoxydable 304 qui est antirouille et durable et \u00e0 haute r\u00e9sistance.<\/p>\n<p><strong><b>Anti-tag after, anti-hit against, communication RS485, moteur DC Brushless, <\/b><\/strong>Ce tourniquet de vitesse est <strong><b>Compatible avec tous les types de syst\u00e8mes de <a href=\"https:\/\/en.wikipedia.org\/wiki\/Access_control\" target=\"_blank\" rel=\"noopener\">contr\u00f4le d&rsquo;acc\u00e8s<\/a><\/b><\/strong><strong><b>.<\/b><\/strong><\/p>\n<p>Ces tourniquets de s\u00e9curit\u00e9 pour couloirs rapides sont largement utilis\u00e9s dans les gares routi\u00e8res, les ports, les m\u00e9tros, les usines, les manoirs, les zones r\u00e9sidentielles, les h\u00f4tels, les entreprises, etc., partout o\u00f9 un contr\u00f4le intelligent des flux est n\u00e9cessaire.<\/p>\n<p>Nous pouvons \u00e9galement cr\u00e9er un rendu pour vous en quelques minutes en fonction de votre sc\u00e9nario r\u00e9el. Nous fournissons \u00e9galement des sch\u00e9mas et sch\u00e9mas d\u00e9taill\u00e9s, ainsi que des sch\u00e9mas d&rsquo;installation.<\/p>\n\n        \t\n\t<style type=\"text\/css\">\n\t\t.slider-info-25628.bafg-slider-info .bafg-slider-title {\n\t\t\t\t\t\tfont-size: 22px;\n\t\t\t\t\t\t\n\t\t\t\n\t\t\t\t\t}\n\n\t\t.slider-info-25628.bafg-slider-info .bafg-slider-description {\n\t\t\t\n\t\t\t\n\t\t\t\t\t}\n\n\t\t.slider-info-25628.bafg-slider-info .bafg_slider_readmore_button {\n\t\t\t\n\t\t\t\n\t\t\t\n\t\t\t\n\t\t\t\n\t\t\ttext-align: center;\n\n\t\t\t\n\t\t\t\n\t\t\t\n\t\t\t\n\t\t\t\n\t\t\t\n\t\t\t\t\t}\n\n\t\t.slider-info-25628.bafg-slider-info .bafg_slider_readmore_button:hover {\n\n\t\t\t\n\t\t\t\n\t\t\t\t\t}\n\n\t<\/style>\n\t\n        <div class=\"bafg-twentytwenty-container slider-25628 \" bafg-orientation=\"horizontal\" bafg-default-offset=\"0.5\" bafg-before-label=\"Before\" bafg-after-label=\"After\" bafg-overlay=\"yes\" bafg-move-slider-on-hover=\"yes\" bafg-click-to-move=\"no\">\n              \n            <img decoding=\"async\" class=\"skip-lazy\" src=\"http:\/\/mairsturnstile.com\/wp-content\/uploads\/2023\/07\/speed-gates-australia_4.jpg\" alt=\"\" data-skip-lazy title=\"\">\n            <img decoding=\"async\" class=\"skip-lazy\" src=\"http:\/\/mairsturnstile.com\/wp-content\/uploads\/2021\/05\/turnstile-gate-australia-6.jpg\" alt=\"turnstile gate australia\" data-skip-lazy title=\"\">\n           \n        <\/div>\n\n        \t<div class=\"bafg-slider-info-wraper\">\n\t\t<div style=\"\" class=\"slider-info-25628 bafg-slider-info\">\n\t\t\t\t\t<\/div>\n\t<\/div>\n\t\n        <style type=\"text\/css\">\n            \n        <\/style>\n        \n<p>Il a la fonction d&rsquo;auto-v\u00e9rification des d\u00e9fauts et d&rsquo;invite d&rsquo;alarme, ce qui est pratique pour les utilisateurs \u00e0 entretenir et \u00e0 utiliser.<\/p>\n<p>Il peut \u00eatre connect\u00e9 \u00e0 n&rsquo;importe quel signal ou bouton de commande et peut \u00eatre \u00e9mis par n&rsquo;importe quel dispositif de commande pour r\u00e9aliser un contr\u00f4le unidirectionnel et bidirectionnel.<\/p>\n<p>Le passage libre unidirectionnel et bidirectionnel peut \u00eatre d\u00e9fini arbitrairement.<\/p>\n<p>Lorsque l&rsquo;\u00e9quipement est allum\u00e9 ou red\u00e9marr\u00e9, il a la fonction d&rsquo;auto-v\u00e9rification des d\u00e9fauts, ce qui est pratique pour les utilisateurs \u00e0 entretenir et \u00e0 utiliser.<\/p>\n<p>Indication d&rsquo;\u00e9tat des feux de circulation \u00e0 haute intensit\u00e9. Si quelqu&rsquo;un suit, la porte commencera automatiquement le verrouillage de la pouss\u00e9e inverse et donnera une alarme. Connectez le signal d&rsquo;alarme incendie.<\/p>\n<h4><strong>Param\u00e8tre technique:<\/strong><\/h4>\n<ol>\n<li>Taille: 1500*<em>160*<\/em>1000mm<\/li>\n<li>Entr\u00e9e d&rsquo;alimentation : AC100-240V, 50\/60HZ<\/li>\n<li>Mat\u00e9riau : 1,2 mm SUS 304 avec d\u00e9li\u00e9 400 #<\/li>\n<li>Mat\u00e9riau des branches : Acrylique 10 mm<\/li>\n<li>Largeur de passage : 600mm-1100mm<\/li>\n<li>Sens de passage : unidirectionnel\/bidirectionnel<\/li>\n<li>Taux de passage : 35-40 personnes\/minute<\/li>\n<li>Temps de fonctionnement : 0,2 seconde<\/li>\n<li>Tension de fonctionnement : 24 V<\/li>\n<li>Humidit\u00e9 de travail : 30 % ~ 95 %<\/li>\n<li>Temp\u00e9rature de travail : -40\u2103~+70\u2103<\/li>\n<li>Environnement de travail : Int\u00e9rieur<\/li>\n<li>Interface d&rsquo;entr\u00e9e : RS485 Contact sec<\/li>\n<li>M\u00e9canisme : moteur DC Brushless<\/li>\n<li>Capteur infrarouge : 6 paires<\/li>\n<li>MCBF : 5 000 000 cycles<\/li>\n<li>Application : a\u00e9roports, h\u00f4tels, salles gouvernementales, etc.<\/li>\n<\/ol>\n<p>Nous pouvons fournir la solution compl\u00e8te de contr\u00f4le d&rsquo;acc\u00e8s de s\u00e9curit\u00e9. Si vous avez votre propre syst\u00e8me de contr\u00f4le d&rsquo;acc\u00e8s, vous pouvez directement utiliser notre porte tourniquet. Si vous n&rsquo;en avez pas, nous fournissons \u00e9galement une solution compl\u00e8te de contr\u00f4le d&rsquo;acc\u00e8s de s\u00e9curit\u00e9. Veuillez vous r\u00e9f\u00e9rer \u00e0 la vid\u00e9o ci-dessous pour plus de d\u00e9tails.<\/p>\n<p><iframe title=\"Tourniquet d'a\u00e9roport, tourniquet de porte rapide pour a\u00e9roport, station de m\u00e9tro - MairsTurnstile.com\" src=\"https:\/\/www.youtube.com\/embed\/rR_US2dIKU8\" width=\"1150\" height=\"650\" frameborder=\"0\" allowfullscreen=\"allowfullscreen\"><\/iframe><\/p>\n","protected":false},"excerpt":{"rendered":"<p>1. Taille : 1500*120*980mm (peut \u00eatre personnalis\u00e9)<\/p>\n<p>2. Entr\u00e9e d&rsquo;alimentation : AC100-240V, 50\/60HZ<\/p>\n<p>3. Mat\u00e9riau : 1,2 mm SUS 304 avec d\u00e9li\u00e9 400 #<\/p>\n<p>4. Mat\u00e9riau du bras : acrylique 10 mm.<\/p>\n<p>5. Largeur de passage : 600mm-1100mm (peut \u00eatre personnalis\u00e9)<\/p>\n<p>6. Direction de passage : Simple directionnel\/bidirectionnel<\/p>\n<p>7. Taux de passage : 35-40 personnes\/minute<\/p>\n<p>8. Temps de fonctionnement : 0,2 seconde<\/p>\n<p>9. Environnement de travail : Int\u00e9rieur<\/p>\n<p><span style=\"color: #0000ff;\"><strong><a style=\"color: #0000ff;\" title=\"Tourniquet de couloir de vitesse certifi\u00e9 CE Mairs\" href=\"http:\/\/mairsturnstile.com\/wp-content\/uploads\/2022\/09\/Mairs-CE-Certificate-Speed-Gate-Turnstile.pdf\" target=\"_blank\" rel=\"noopener noreferrer\">Certifi\u00e9 CE,<\/a> <a style=\"color: #0000ff;\" title=\"Certificat Mairs ISO9001\" href=\"http:\/\/mairsturnstile.com\/wp-content\/uploads\/2022\/09\/Mairs-Registration-Certificate-ISO9001.pdf\" target=\"_blank\" rel=\"noopener noreferrer\">Certifi\u00e9 ISO9001.<\/a><\/strong><\/span><\/p>\n","protected":false},"featured_media":59472,"comment_status":"closed","ping_status":"closed","template":"","meta":{"neve_meta_sidebar":"","neve_meta_container":"","neve_meta_enable_content_width":"off","neve_meta_content_width":0,"neve_meta_title_alignment":"","neve_meta_author_avatar":"","neve_post_elements_order":"","neve_meta_disable_header":"","neve_meta_disable_footer":"","neve_meta_disable_title":"","_ti_tpc_template_sync":false,"_ti_tpc_template_id":""},"product_cat":[878,877],"product_tag":[1064,1072,1431,1409],"class_list":["post-10539","product","type-product","status-publish","has-post-thumbnail","hentry","product_cat-couloirs-de-vitesse","product_cat-porte-tourniquet","product_tag-couloirs-de-vitesse","product_tag-couloirs-de-vitesse-australie","product_tag-que-sont-les-couloirs-de-vitesse","product_tag-tourniquet-de-couloir-de-vitesse"],"_links":{"self":[{"href":"https:\/\/mairsturnstile.com\/fr\/wp-json\/wp\/v2\/product\/10539","targetHints":{"allow":["GET"]}}],"collection":[{"href":"https:\/\/mairsturnstile.com\/fr\/wp-json\/wp\/v2\/product"}],"about":[{"href":"https:\/\/mairsturnstile.com\/fr\/wp-json\/wp\/v2\/types\/product"}],"replies":[{"embeddable":true,"href":"https:\/\/mairsturnstile.com\/fr\/wp-json\/wp\/v2\/comments?post=10539"}],"version-history":[{"count":0,"href":"https:\/\/mairsturnstile.com\/fr\/wp-json\/wp\/v2\/product\/10539\/revisions"}],"wp:featuredmedia":[{"embeddable":true,"href":"https:\/\/mairsturnstile.com\/fr\/wp-json\/wp\/v2\/media\/59472"}],"wp:attachment":[{"href":"https:\/\/mairsturnstile.com\/fr\/wp-json\/wp\/v2\/media?parent=10539"}],"wp:term":[{"taxonomy":"product_cat","embeddable":true,"href":"https:\/\/mairsturnstile.com\/fr\/wp-json\/wp\/v2\/product_cat?post=10539"},{"taxonomy":"product_tag","embeddable":true,"href":"https:\/\/mairsturnstile.com\/fr\/wp-json\/wp\/v2\/product_tag?post=10539"}],"curies":[{"name":"wp","href":"https:\/\/api.w.org\/{rel}","templated":true}]}}