{"id":10541,"date":"2021-05-12T16:34:32","date_gmt":"2021-05-12T08:34:32","guid":{"rendered":"https:\/\/mairsturnstile.com\/product\/couloirs-de-vitesse-couloirs-de-vitesse-de-tourniquet-a-vendre-mt-a308"},"modified":"2023-11-01T12:01:48","modified_gmt":"2023-11-01T04:01:48","slug":"couloirs-rapides-irlande","status":"publish","type":"product","link":"https:\/\/mairsturnstile.com\/fr\/produit\/couloirs-rapides-irlande","title":{"rendered":"couloirs de vitesse couloirs de vitesse de tourniquet \u00e0 vendre MT-A308"},"content":{"rendered":"        <!-- 3D Model html -->\r\n        <div class=\"bp_grand wrapper_24282\">   \r\n        <div class=\"bp_model_parent\">\r\n            <model-viewer class=\"model\" id=\"bp_model_id_24282\" src=\"http:\/\/mairsturnstile.com\/wp-content\/uploads\/2023\/06\/MT-A308.glb\" alt=\"MT-A308\" camera-controls  loading=\"auto\" auto-rotate                        >\r\n            <\/model-viewer>\r\n        \r\n            <!-- Button -->\r\n            <svg id=\"openBtn\" width=\"30px\" height=\"30px\" viewBox=\"0 0 16 16\" xmlns=\"http:\/\/www.w3.org\/2000\/svg\" fill=\"#f2f2f2\" class=\"bi bi-arrows-fullscreen model-icon\">\r\n                <path fill-rule=\"evenodd\" d=\"M5.828 10.172a.5.5 0 0 0-.707 0l-4.096 4.096V11.5a.5.5 0 0 0-1 0v3.975a.5.5 0 0 0 .5.5H4.5a.5.5 0 0 0 0-1H1.732l4.096-4.096a.5.5 0 0 0 0-.707zm4.344 0a.5.5 0 0 1 .707 0l4.096 4.096V11.5a.5.5 0 1 1 1 0v3.975a.5.5 0 0 1-.5.5H11.5a.5.5 0 0 1 0-1h2.768l-4.096-4.096a.5.5 0 0 1 0-.707zm0-4.344a.5.5 0 0 0 .707 0l4.096-4.096V4.5a.5.5 0 1 0 1 0V.525a.5.5 0 0 0-.5-.5H11.5a.5.5 0 0 0 0 1h2.768l-4.096 4.096a.5.5 0 0 0 0 .707zm-4.344 0a.5.5 0 0 1-.707 0L1.025 1.732V4.5a.5.5 0 0 1-1 0V.525a.5.5 0 0 1 .5-.5H4.5a.5.5 0 0 1 0 1H1.732l4.096 4.096a.5.5 0 0 1 0 .707z\"\/>\r\n            <\/svg>\r\n        \r\n            <svg id=\"closeBtn\" class=\"model-icon\" width=\"34px\" height=\"34px\" viewBox=\"0 0 24 24\" xmlns=\"http:\/\/www.w3.org\/2000\/svg\">\r\n                <path fill=\"none\" stroke=\"#f2f2f2\" stroke-width=\"2\" d=\"M7,7 L17,17 M7,17 L17,7\"\/>\r\n            <\/svg>\r\n        \r\n        <\/div>\r\n        <\/div> \r\n\r\n        <!-- Model Viewer Style -->\r\n        <style>\r\n            \r\n            .wrapper_24282 .bp_model_parent, #bp_model_id_24282 {\r\n                width: 1150px;\r\n                max-width: 100%;\r\n                                            }\r\n            #bp_model_id_24282 {\r\n                height:700px;\r\n                background-color: #f2f2f2;\r\n            }\r\n            .fullscreen #bp_model_id_24282{\r\n            height: 100%;\r\n            width: 100%;\r\n            }\r\n            .wrapper_24282 .bp_model_parent{\r\n                justify-content: start            }\r\n            model-viewer.model {\r\n                --poster-color: transparent;\r\n            }\r\n        <\/style>\r\n        \r\n        \n<h4><strong><b>Ce tourniquet de porte rapide haut de gamme pour les halls d&rsquo;entr\u00e9e en Irlande <\/b><\/strong><strong><b>porte<\/b><\/strong><strong><b> une garantie de 2 ans et une assistance durable en mati\u00e8re d&rsquo;entretien et de r\u00e9paration.<\/b><\/strong><strong><b> <\/b><\/strong><\/h4>\n<p>Nous pouvons fournir des services OEM et ODM. Nous avons des designers exp\u00e9riment\u00e9s qui peuvent effectuer une personnalisation approfondie en fonction de vos besoins. Nous fournirons une s\u00e9rie de mat\u00e9riaux tels que des rendus 3D, des dessins dimensionnels, etc. d\u00e8s que possible. Nous fournissons \u00e9galement des dispositifs biom\u00e9triques, tels que des lecteurs de cartes IC\/ID, des scanners d&#8217;empreintes digitales, des scanners de code QR, des cam\u00e9ras de reconnaissance faciale, etc.<\/p>\n<h4><strong><b>Mairs peut personnaliser Speed Gates Ireland en fonction de vos besoins. Nous fournissons \u00e9galement des dispositifs biom\u00e9triques, tels que des lecteurs de cartes IC\/ID, des scanners d&#8217;empreintes digitales, des scanners de code QR, des cam\u00e9ras de reconnaissance faciale, etc. <a href=\"https:\/\/mairsturnstile.com\/speed-gate-turnstile.html\">Tourniquet de cr\u00e9neau rapide <\/a><\/b><\/strong><strong>fabricants &#8211; Mairs propose des tourniquets pivotants irlandais de la meilleure qualit\u00e9 \u00e0 un prix abordable.<\/strong><\/h4>\n<p>Ce Speed Gates Ireland utilise un panneau de lecteur modulaire pour une r\u00e9ponse rapide au march\u00e9, avec une vitesse d&rsquo;ouverture plus rapide du moteur servo, et 10 paires de capteurs infrarouges sont utilis\u00e9s pour une d\u00e9tection plus forte de la porte arri\u00e8re.<\/p>\n<p>Le mat\u00e9riau de la coque est en acier inoxydable SUS304, a une durabilit\u00e9 sup\u00e9rieure et un cycle de vie du produit plus long, facile \u00e0 changer et facile \u00e0 installer &#8211; RFID, <a href=\"https:\/\/en.wikipedia.org\/wiki\/Fingerprint\" target=\"_blank\" rel=\"noopener\">empreintes digitales<\/a>, visage, etc.<\/p>\n<p>Il dispose d&rsquo;un contr\u00f4le de fonctionnement bidirectionnel, d&rsquo;un indicateur de canal LED bidirectionnel, d&rsquo;une installation et d&rsquo;une maintenance faciles, de divers panneaux en option et d&rsquo;un mode d&rsquo;urgence qui permet un acc\u00e8s libre en cas de panne de courant ou d&rsquo;urgence.<\/p>\n<p>Convient pour le hall des b\u00e2timents commerciaux, m\u00e9tros, a\u00e9roports, douanes, salles d&rsquo;exposition, b\u00e2timents gouvernementaux, institutions financi\u00e8res, clubs et autres applications int\u00e9rieures haut de gamme.<\/p>\n<p>Nous pouvons \u00e9galement cr\u00e9er un rendu pour vous en quelques minutes en fonction de votre sc\u00e9nario r\u00e9el. Nous fournissons \u00e9galement une disposition et des dessins d\u00e9taill\u00e9s, ainsi que des dessins d&rsquo;installation.<\/p>\n\n        \t\n\t<style type=\"text\/css\">\n\t\t.slider-info-24286.bafg-slider-info .bafg-slider-title {\n\t\t\t\t\t\tfont-size: 22px;\n\t\t\t\t\t\t\n\t\t\t\n\t\t\t\t\t}\n\n\t\t.slider-info-24286.bafg-slider-info .bafg-slider-description {\n\t\t\t\n\t\t\t\n\t\t\t\t\t}\n\n\t\t.slider-info-24286.bafg-slider-info .bafg_slider_readmore_button {\n\t\t\t\n\t\t\t\n\t\t\t\n\t\t\t\n\t\t\t\n\t\t\ttext-align: center;\n\n\t\t\t\n\t\t\t\n\t\t\t\n\t\t\t\n\t\t\t\n\t\t\t\n\t\t\t\t\t}\n\n\t\t.slider-info-24286.bafg-slider-info .bafg_slider_readmore_button:hover {\n\n\t\t\t\n\t\t\t\n\t\t\t\t\t}\n\n\t<\/style>\n\t\n        <div class=\"bafg-twentytwenty-container slider-24286 \" bafg-orientation=\"horizontal\" bafg-default-offset=\"0.5\" bafg-before-label=\"Before\" bafg-after-label=\"After\" bafg-overlay=\"yes\" bafg-move-slider-on-hover=\"yes\" bafg-click-to-move=\"no\">\n              \n            <img decoding=\"async\" class=\"skip-lazy\" src=\"http:\/\/mairsturnstile.com\/wp-content\/uploads\/2023\/06\/speed-gates-ireland_9.jpg\" alt=\"\" data-skip-lazy title=\"\">\n            <img decoding=\"async\" class=\"skip-lazy\" src=\"http:\/\/mairsturnstile.com\/wp-content\/uploads\/2023\/06\/speed-gates-ireland_10.jpg\" alt=\"\" data-skip-lazy title=\"\">\n           \n        <\/div>\n\n        \t<div class=\"bafg-slider-info-wraper\">\n\t\t<div style=\"\" class=\"slider-info-24286 bafg-slider-info\">\n\t\t\t\t\t<\/div>\n\t<\/div>\n\t\n        <style type=\"text\/css\">\n            \n        <\/style>\n        \n<p>Couloirs rapides Irlande Tension de fonctionnement : 24 V<\/p>\n<p>Humidit\u00e9 de travail : 30 % ~ 95 %<\/p>\n<p>Temp\u00e9rature de travail : -40\u2103~+70\u2103<\/p>\n<p>Interface d&rsquo;entr\u00e9e : RS485, contact sec<\/p>\n<p>M\u00e9canisme : Servomoteur Brushless<\/p>\n<p>Capteur infrarouge : 6 paires<\/p>\n<p>MCBF : 5 000 000 cycles<\/p>\n<p>Caract\u00e9ristique: La hauteur du bras peut \u00eatre personnalis\u00e9e<\/p>\n<p>Application : a\u00e9roports, h\u00f4tels, salles gouvernementales, etc.<\/p>\n<p>Nous pouvons fournir la solution compl\u00e8te de contr\u00f4le d&rsquo;acc\u00e8s de s\u00e9curit\u00e9. Si vous avez votre propre syst\u00e8me de contr\u00f4le d&rsquo;acc\u00e8s, vous pouvez directement utiliser notre porte tourniquet. Si vous n&rsquo;en avez pas, nous fournissons \u00e9galement une solution compl\u00e8te de contr\u00f4le d&rsquo;acc\u00e8s de s\u00e9curit\u00e9. Veuillez vous r\u00e9f\u00e9rer \u00e0 la vid\u00e9o ci-dessous pour plus de d\u00e9tails.<\/p>\n<p><iframe title=\"Tourniquet de cr\u00e9neau rapide de nouvelle conception, tourniquets de hall, tourniquet de bureau - MairsTurnstile.com\" src=\"https:\/\/www.youtube.com\/embed\/izk8WuYn4no\" width=\"1150\" height=\"650\" frameborder=\"0\" allowfullscreen=\"allowfullscreen\"><\/iframe><\/p>\n","protected":false},"excerpt":{"rendered":"<p>1. Taille : 1500*120*980 mm (peut \u00eatre personnalis\u00e9)<\/p>\n<p>2. Mat\u00e9riel: 2.0mm import\u00e9 SUS polonais 400 # Ligne de neige et couverture sup\u00e9rieure en marbre<\/p>\n<p>3. Mat\u00e9riau du bras : 10 mm d&rsquo;acrylique<\/p>\n<p>4. Largeur de passage : 600- 900 mm<\/p>\n<p>5. Direction de passage : Simple directionnel\/bidirectionnel<\/p>\n<p>6. Taux de passage : 30-35 personnes\/minute<\/p>\n<p>7. Temps de fonctionnement : 0,2 seconde<\/p>\n<p>8. Entr\u00e9e d&rsquo;alimentation : AC100-240V, 50\/60HZ<\/p>\n<p>9. Environnement de travail : Int\u00e9rieur<\/p>\n<p><span style=\"color: #0000ff;\"><strong><a style=\"color: #0000ff;\" title=\"Tourniquet de couloir de vitesse certifi\u00e9 CE Mairs\" href=\"http:\/\/mairsturnstile.com\/wp-content\/uploads\/2022\/09\/Mairs-CE-Certificate-Speed-Gate-Turnstile.pdf\" target=\"_blank\" rel=\"noopener noreferrer\">Certifi\u00e9 CE,<\/a> <a style=\"color: #0000ff;\" title=\"Certificat Mairs ISO9001\" href=\"http:\/\/mairsturnstile.com\/wp-content\/uploads\/2022\/09\/Mairs-Registration-Certificate-ISO9001.pdf\" target=\"_blank\" rel=\"noopener noreferrer\">Certifi\u00e9 ISO9001.<\/a><\/strong><\/span><\/p>\n","protected":false},"featured_media":24373,"comment_status":"closed","ping_status":"closed","template":"","meta":{"neve_meta_sidebar":"","neve_meta_container":"","neve_meta_enable_content_width":"off","neve_meta_content_width":0,"neve_meta_title_alignment":"","neve_meta_author_avatar":"","neve_post_elements_order":"","neve_meta_disable_header":"","neve_meta_disable_footer":"","neve_meta_disable_title":"","_ti_tpc_template_sync":false,"_ti_tpc_template_id":""},"product_cat":[878,877],"product_tag":[1064,1067,1074,1404,1436],"class_list":["post-10541","product","type-product","status-publish","has-post-thumbnail","hentry","product_cat-couloirs-de-vitesse","product_cat-porte-tourniquet","product_tag-couloirs-de-vitesse","product_tag-couloirs-de-vitesse-a-vendre","product_tag-couloirs-de-vitesse-irlande","product_tag-portes-dentree-de-tourniquet","product_tag-tourniquet-de-bureau"],"_links":{"self":[{"href":"https:\/\/mairsturnstile.com\/fr\/wp-json\/wp\/v2\/product\/10541","targetHints":{"allow":["GET"]}}],"collection":[{"href":"https:\/\/mairsturnstile.com\/fr\/wp-json\/wp\/v2\/product"}],"about":[{"href":"https:\/\/mairsturnstile.com\/fr\/wp-json\/wp\/v2\/types\/product"}],"replies":[{"embeddable":true,"href":"https:\/\/mairsturnstile.com\/fr\/wp-json\/wp\/v2\/comments?post=10541"}],"version-history":[{"count":0,"href":"https:\/\/mairsturnstile.com\/fr\/wp-json\/wp\/v2\/product\/10541\/revisions"}],"wp:featuredmedia":[{"embeddable":true,"href":"https:\/\/mairsturnstile.com\/fr\/wp-json\/wp\/v2\/media\/24373"}],"wp:attachment":[{"href":"https:\/\/mairsturnstile.com\/fr\/wp-json\/wp\/v2\/media?parent=10541"}],"wp:term":[{"taxonomy":"product_cat","embeddable":true,"href":"https:\/\/mairsturnstile.com\/fr\/wp-json\/wp\/v2\/product_cat?post=10541"},{"taxonomy":"product_tag","embeddable":true,"href":"https:\/\/mairsturnstile.com\/fr\/wp-json\/wp\/v2\/product_tag?post=10541"}],"curies":[{"name":"wp","href":"https:\/\/api.w.org\/{rel}","templated":true}]}}