{"id":10542,"date":"2021-05-12T15:34:29","date_gmt":"2021-05-12T07:34:29","guid":{"rendered":"https:\/\/mairsturnstile.com\/product\/tourniquets-de-couloirs-rapides-de-securite-pour-le-hall-mt-a305"},"modified":"2023-11-01T12:02:23","modified_gmt":"2023-11-01T04:02:23","slug":"barrieres-de-vitesse-nz","status":"publish","type":"product","link":"https:\/\/mairsturnstile.com\/fr\/produit\/barrieres-de-vitesse-nz","title":{"rendered":"Tourniquets de couloirs rapides de s\u00e9curit\u00e9 pour le hall MT-A305"},"content":{"rendered":"        <!-- 3D Model html -->\r\n        <div class=\"bp_grand wrapper_24281\">   \r\n        <div class=\"bp_model_parent\">\r\n            <model-viewer class=\"model\" id=\"bp_model_id_24281\" src=\"http:\/\/mairsturnstile.com\/wp-content\/uploads\/2023\/06\/MT-A305.glb\" alt=\"MT-A305\" camera-controls  loading=\"auto\" auto-rotate                        >\r\n            <\/model-viewer>\r\n        \r\n            <!-- Button -->\r\n            <svg id=\"openBtn\" width=\"30px\" height=\"30px\" viewBox=\"0 0 16 16\" xmlns=\"http:\/\/www.w3.org\/2000\/svg\" fill=\"#f2f2f2\" class=\"bi bi-arrows-fullscreen model-icon\">\r\n                <path fill-rule=\"evenodd\" d=\"M5.828 10.172a.5.5 0 0 0-.707 0l-4.096 4.096V11.5a.5.5 0 0 0-1 0v3.975a.5.5 0 0 0 .5.5H4.5a.5.5 0 0 0 0-1H1.732l4.096-4.096a.5.5 0 0 0 0-.707zm4.344 0a.5.5 0 0 1 .707 0l4.096 4.096V11.5a.5.5 0 1 1 1 0v3.975a.5.5 0 0 1-.5.5H11.5a.5.5 0 0 1 0-1h2.768l-4.096-4.096a.5.5 0 0 1 0-.707zm0-4.344a.5.5 0 0 0 .707 0l4.096-4.096V4.5a.5.5 0 1 0 1 0V.525a.5.5 0 0 0-.5-.5H11.5a.5.5 0 0 0 0 1h2.768l-4.096 4.096a.5.5 0 0 0 0 .707zm-4.344 0a.5.5 0 0 1-.707 0L1.025 1.732V4.5a.5.5 0 0 1-1 0V.525a.5.5 0 0 1 .5-.5H4.5a.5.5 0 0 1 0 1H1.732l4.096 4.096a.5.5 0 0 1 0 .707z\"\/>\r\n            <\/svg>\r\n        \r\n            <svg id=\"closeBtn\" class=\"model-icon\" width=\"34px\" height=\"34px\" viewBox=\"0 0 24 24\" xmlns=\"http:\/\/www.w3.org\/2000\/svg\">\r\n                <path fill=\"none\" stroke=\"#f2f2f2\" stroke-width=\"2\" d=\"M7,7 L17,17 M7,17 L17,7\"\/>\r\n            <\/svg>\r\n        \r\n        <\/div>\r\n        <\/div> \r\n\r\n        <!-- Model Viewer Style -->\r\n        <style>\r\n            \r\n            .wrapper_24281 .bp_model_parent, #bp_model_id_24281 {\r\n                width: 1150px;\r\n                max-width: 100%;\r\n                                            }\r\n            #bp_model_id_24281 {\r\n                height:700px;\r\n                background-color: #f2f2f2;\r\n            }\r\n            .fullscreen #bp_model_id_24281{\r\n            height: 100%;\r\n            width: 100%;\r\n            }\r\n            .wrapper_24281 .bp_model_parent{\r\n                justify-content: start            }\r\n            model-viewer.model {\r\n                --poster-color: transparent;\r\n            }\r\n        <\/style>\r\n        \r\n        \n<h4><strong>CE SPEED GATES NZ POUR LOBBY DE HAUTE QUALIT\u00c9 b\u00e9n\u00e9ficie d&rsquo;une garantie de 2 ans et d&rsquo;un support d&rsquo;entretien et de r\u00e9paration durable. <\/strong><\/h4>\n<p>Nous pouvons fournir des services OEM et ODM. Nous avons des designers exp\u00e9riment\u00e9s qui peuvent effectuer une personnalisation approfondie en fonction de vos besoins. Nous fournirons une s\u00e9rie de mat\u00e9riaux tels que des rendus 3D, des dessins dimensionnels, etc. d\u00e8s que possible. Nous fournissons \u00e9galement des dispositifs biom\u00e9triques, tels que des lecteurs de cartes IC\/ID, des scanners d&#8217;empreintes digitales, des scanners de code QR, des cam\u00e9ras de reconnaissance faciale, etc.<\/p>\n<h4><strong><b>Mairs peut personnaliser les tourniquets des voies de <a href=\"https:\/\/mairsturnstile.com\/speed-gates.html\">vitesse des couloirs<\/a> de vitesse en fonction de vos besoins. Nous fournissons \u00e9galement des dispositifs biom\u00e9triques, tels que des lecteurs de cartes IC\/ID, des scanners d&#8217;empreintes digitales, des scanners de code QR, des cam\u00e9ras de reconnaissance faciale, etc.<\/b><\/strong><\/h4>\n<h4><strong><b>PORTES RAPIDES NZ <\/b><\/strong><strong><b>Portes automatiques Slim Fast Speed Barri\u00e8re pivotante<\/b><\/strong><strong><b>Nous exp<\/b><\/strong><strong><b>orting speed gates security turnstiles to NZ for lobbies.<\/b><\/strong><\/h4>\n<h4><strong><b>les couloirs de vitesse NZ MT-A305 est un produit haut de gamme intelligent de porte de tourniquet pivotant de Mairs, qui peut pleinement d\u00e9tecter la situation de passage du corps humain.<\/b><\/strong><strong><b> <\/b><\/strong><\/h4>\n<p>Nous pouvons \u00e9galement cr\u00e9er un rendu pour vous en quelques minutes en fonction de votre sc\u00e9nario r\u00e9el. Nous fournissons \u00e9galement des sch\u00e9mas et sch\u00e9mas d\u00e9taill\u00e9s, ainsi que des sch\u00e9mas d&rsquo;installation.<\/p>\n\n        \t\n\t<style type=\"text\/css\">\n\t\t.slider-info-24287.bafg-slider-info .bafg-slider-title {\n\t\t\t\t\t\tfont-size: 22px;\n\t\t\t\t\t\t\n\t\t\t\n\t\t\t\t\t}\n\n\t\t.slider-info-24287.bafg-slider-info .bafg-slider-description {\n\t\t\t\n\t\t\t\n\t\t\t\t\t}\n\n\t\t.slider-info-24287.bafg-slider-info .bafg_slider_readmore_button {\n\t\t\t\n\t\t\t\n\t\t\t\n\t\t\t\n\t\t\t\n\t\t\ttext-align: center;\n\n\t\t\t\n\t\t\t\n\t\t\t\n\t\t\t\n\t\t\t\n\t\t\t\n\t\t\t\t\t}\n\n\t\t.slider-info-24287.bafg-slider-info .bafg_slider_readmore_button:hover {\n\n\t\t\t\n\t\t\t\n\t\t\t\t\t}\n\n\t<\/style>\n\t\n        <div class=\"bafg-twentytwenty-container slider-24287 \" bafg-orientation=\"horizontal\" bafg-default-offset=\"0.5\" bafg-before-label=\"Before\" bafg-after-label=\"After\" bafg-overlay=\"yes\" bafg-move-slider-on-hover=\"yes\" bafg-click-to-move=\"no\">\n              \n            <img decoding=\"async\" class=\"skip-lazy\" src=\"http:\/\/mairsturnstile.com\/wp-content\/uploads\/2023\/06\/lobby-turnstiles_4.jpg\" alt=\"\" data-skip-lazy title=\"\">\n            <img decoding=\"async\" class=\"skip-lazy\" src=\"http:\/\/mairsturnstile.com\/wp-content\/uploads\/2023\/06\/speed-gates-nz_7.jpg\" alt=\"speed gates nz\" data-skip-lazy title=\"\">\n           \n        <\/div>\n\n        \t<div class=\"bafg-slider-info-wraper\">\n\t\t<div style=\"\" class=\"slider-info-24287 bafg-slider-info\">\n\t\t\t\t\t<\/div>\n\t<\/div>\n\t\n        <style type=\"text\/css\">\n            \n        <\/style>\n        \n<p>Ce mat\u00e9riau de corps de couloirs de vitesse est en acier inoxydable 304 qui est antirouille et durable et \u00e0 haute r\u00e9sistance.<\/p>\n<p>Ce <a href=\"https:\/\/en.wikipedia.org\/wiki\/Turnstile\" target=\"_blank\" rel=\"noopener\">tourniquet<\/a> rapide NZ peut \u00eatre compatible avec les cartes IC, les cartes d&rsquo;identit\u00e9, les cartes \u00e0 code-barres et les lecteurs de cartes d&#8217;empreintes digitales, les cam\u00e9ras de reconnaissance faciale et d&rsquo;autres appareils biom\u00e9triques, offrant un acc\u00e8s civilis\u00e9 et ordonn\u00e9 au personnel ; G\u00e9rer efficacement les droits d&rsquo;acc\u00e8s des employ\u00e9s. Il peut \u00eatre largement utilis\u00e9 dans les halls d&rsquo;immeubles, gares, quais, m\u00e9tros, usines, immeubles de bureaux, h\u00f4tels, clubs, communaut\u00e9s intelligentes, entreprises et autres lieux n\u00e9cessitant une gestion intelligente du contr\u00f4le d&rsquo;acc\u00e8s.<\/p>\n<h4><strong>Param\u00e8tre technique:<\/strong><\/h4>\n<ol>\n<li>Taille : 1500x120x980mm (peut \u00eatre personnalis\u00e9)<\/li>\n<li>Mat\u00e9riau : 1,2 mm SUS 304 Hairline 400 # + Top Cover 12 mm acrylique noir<\/li>\n<li>Mat\u00e9riau des branches : Acrylique 10 mm<\/li>\n<li>Largeur de passage : standard 600 mm max 1300 mm (bras \u00e9vid\u00e9)<\/li>\n<li>Sens de passage : unidirectionnel\/bidirectionnel<\/li>\n<li>Taux de passage : 30-35 personnes\/minute<\/li>\n<li>Temps de fonctionnement : 0,2 seconde<\/li>\n<li>Entr\u00e9e d&rsquo;alimentation : AC100-240V, 50\/60HZ<\/li>\n<li>Tension de fonctionnement : 24 V<\/li>\n<li>Humidit\u00e9 de travail : 30 % ~ 95 %<\/li>\n<li>Temp\u00e9rature de travail : -40\u2103~+70\u2103<\/li>\n<li>Environnement de travail : Int\u00e9rieur<\/li>\n<li>Interface d&rsquo;entr\u00e9e : RS485, contact sec<\/li>\n<li>M\u00e9canisme : Servomoteur Brushless<\/li>\n<li>Couloirs rapides nz Capteur infrarouge : 6 paires<\/li>\n<li>MCBF : 5 000 000 cycles<\/li>\n<li>Caract\u00e9ristique: La hauteur du bras peut \u00eatre personnalis\u00e9e<\/li>\n<li>Application : immeuble de bureaux, h\u00f4tels, halls gouvernementaux, etc.<\/li>\n<\/ol>\n<p>Nous pouvons fournir la solution compl\u00e8te de contr\u00f4le d&rsquo;acc\u00e8s de s\u00e9curit\u00e9. Si vous avez votre propre syst\u00e8me de contr\u00f4le d&rsquo;acc\u00e8s, vous pouvez directement utiliser notre porte tourniquet. Si vous n&rsquo;en avez pas, nous fournissons \u00e9galement une solution compl\u00e8te de contr\u00f4le d&rsquo;acc\u00e8s de s\u00e9curit\u00e9. Veuillez vous r\u00e9f\u00e9rer \u00e0 la vid\u00e9o ci-dessous pour plus de d\u00e9tails.<\/p>\n<p><iframe title=\"Lecteur vid\u00e9o YouTube\" src=\"https:\/\/www.youtube.com\/embed\/YtM3u6fUNIM?si=Gv-uz-Qa9vqlsN5P\" width=\"1150\" height=\"650\" frameborder=\"0\" allowfullscreen=\"allowfullscreen\"><span data-mce-type=\"bookmark\" style=\"display: inline-block; width: 0px; overflow: hidden; line-height: 0;\" class=\"mce_SELRES_start\"><\/span><\/iframe><\/p>\n","protected":false},"excerpt":{"rendered":"<p>1. Taille : 1500*120*980 mm (peut \u00eatre personnalis\u00e9)<\/p>\n<p>2. Mat\u00e9riau : 1,2 mm SUS 304 Hairline 400 # + Top Cover 12 mm acrylique noir<\/p>\n<p>3. Mat\u00e9riau des bras : acrylique 10 mm.<\/p>\n<p>4. Largeur de passage : standard 600 mm max 1300 mm (bras \u00e9vid\u00e9)<\/p>\n<p>5. Direction de passage : Simple directionnel\/bidirectionnel<\/p>\n<p>6. Taux de passage : 30-35 personnes\/minute<\/p>\n<p>7. Temps de fonctionnement : 0,2 seconde<\/p>\n<p>8. Entr\u00e9e d&rsquo;alimentation : AC100-240V, 50\/60HZ<\/p>\n<p>9. Interface d&rsquo;entr\u00e9e : RS485, contact sec<\/p>\n<p><span style=\"color: #0000ff;\"><strong><a style=\"color: #0000ff;\" title=\"Tourniquet de couloir de vitesse certifi\u00e9 CE Mairs\" href=\"http:\/\/mairsturnstile.com\/wp-content\/uploads\/2022\/09\/Mairs-CE-Certificate-Speed-Gate-Turnstile.pdf\" target=\"_blank\" rel=\"noopener noreferrer\">Certifi\u00e9 CE,<\/a> <a style=\"color: #0000ff;\" title=\"Certificat Mairs ISO9001\" href=\"http:\/\/mairsturnstile.com\/wp-content\/uploads\/2022\/09\/Mairs-Registration-Certificate-ISO9001.pdf\" target=\"_blank\" rel=\"noopener noreferrer\">Certifi\u00e9 ISO9001.<\/a><\/strong><\/span><\/p>\n","protected":false},"featured_media":24461,"comment_status":"closed","ping_status":"closed","template":"","meta":{"neve_meta_sidebar":"","neve_meta_container":"","neve_meta_enable_content_width":"off","neve_meta_content_width":0,"neve_meta_title_alignment":"","neve_meta_author_avatar":"","neve_post_elements_order":"","neve_meta_disable_header":"","neve_meta_disable_footer":"","neve_meta_disable_title":"","_ti_tpc_template_sync":false,"_ti_tpc_template_id":""},"product_cat":[878,877],"product_tag":[1075,1064,1067,1391,1386,1062,1435],"class_list":["post-10542","product","type-product","status-publish","has-post-thumbnail","hentry","product_cat-couloirs-de-vitesse","product_cat-porte-tourniquet","product_tag-barrieres-de-vitesse-nz","product_tag-couloirs-de-vitesse","product_tag-couloirs-de-vitesse-a-vendre","product_tag-cout-du-tourniquet","product_tag-tourniquets-de-gymnastique","product_tag-tourniquets-de-securite","product_tag-voies-de-vitesse"],"_links":{"self":[{"href":"https:\/\/mairsturnstile.com\/fr\/wp-json\/wp\/v2\/product\/10542","targetHints":{"allow":["GET"]}}],"collection":[{"href":"https:\/\/mairsturnstile.com\/fr\/wp-json\/wp\/v2\/product"}],"about":[{"href":"https:\/\/mairsturnstile.com\/fr\/wp-json\/wp\/v2\/types\/product"}],"replies":[{"embeddable":true,"href":"https:\/\/mairsturnstile.com\/fr\/wp-json\/wp\/v2\/comments?post=10542"}],"version-history":[{"count":0,"href":"https:\/\/mairsturnstile.com\/fr\/wp-json\/wp\/v2\/product\/10542\/revisions"}],"wp:featuredmedia":[{"embeddable":true,"href":"https:\/\/mairsturnstile.com\/fr\/wp-json\/wp\/v2\/media\/24461"}],"wp:attachment":[{"href":"https:\/\/mairsturnstile.com\/fr\/wp-json\/wp\/v2\/media?parent=10542"}],"wp:term":[{"taxonomy":"product_cat","embeddable":true,"href":"https:\/\/mairsturnstile.com\/fr\/wp-json\/wp\/v2\/product_cat?post=10542"},{"taxonomy":"product_tag","embeddable":true,"href":"https:\/\/mairsturnstile.com\/fr\/wp-json\/wp\/v2\/product_tag?post=10542"}],"curies":[{"name":"wp","href":"https:\/\/api.w.org\/{rel}","templated":true}]}}