{"id":10544,"date":"2022-06-19T23:56:13","date_gmt":"2022-06-19T15:56:13","guid":{"rendered":"https:\/\/mairsturnstile.com\/product\/tourniquet-pivotant-optique-mt347"},"modified":"2024-05-27T20:27:29","modified_gmt":"2024-05-27T12:27:29","slug":"tourniquets-optiques-pivotants","status":"publish","type":"product","link":"https:\/\/mairsturnstile.com\/fr\/produit\/tourniquets-optiques-pivotants","title":{"rendered":"TOURNIQUET PIVOTANT OPTIQUE MT347"},"content":{"rendered":"        <!-- 3D Model html -->\r\n        <div class=\"bp_grand wrapper_23476\">   \r\n        <div class=\"bp_model_parent\">\r\n            <model-viewer class=\"model\" id=\"bp_model_id_23476\" src=\"http:\/\/mairsturnstile.com\/wp-content\/uploads\/2023\/06\/MT347.glb\" alt=\"MT347\" camera-controls  loading=\"auto\" auto-rotate                        >\r\n            <\/model-viewer>\r\n        \r\n            <!-- Button -->\r\n            <svg id=\"openBtn\" width=\"30px\" height=\"30px\" viewBox=\"0 0 16 16\" xmlns=\"http:\/\/www.w3.org\/2000\/svg\" fill=\"#f2f2f2\" class=\"bi bi-arrows-fullscreen model-icon\">\r\n                <path fill-rule=\"evenodd\" d=\"M5.828 10.172a.5.5 0 0 0-.707 0l-4.096 4.096V11.5a.5.5 0 0 0-1 0v3.975a.5.5 0 0 0 .5.5H4.5a.5.5 0 0 0 0-1H1.732l4.096-4.096a.5.5 0 0 0 0-.707zm4.344 0a.5.5 0 0 1 .707 0l4.096 4.096V11.5a.5.5 0 1 1 1 0v3.975a.5.5 0 0 1-.5.5H11.5a.5.5 0 0 1 0-1h2.768l-4.096-4.096a.5.5 0 0 1 0-.707zm0-4.344a.5.5 0 0 0 .707 0l4.096-4.096V4.5a.5.5 0 1 0 1 0V.525a.5.5 0 0 0-.5-.5H11.5a.5.5 0 0 0 0 1h2.768l-4.096 4.096a.5.5 0 0 0 0 .707zm-4.344 0a.5.5 0 0 1-.707 0L1.025 1.732V4.5a.5.5 0 0 1-1 0V.525a.5.5 0 0 1 .5-.5H4.5a.5.5 0 0 1 0 1H1.732l4.096 4.096a.5.5 0 0 1 0 .707z\"\/>\r\n            <\/svg>\r\n        \r\n            <svg id=\"closeBtn\" class=\"model-icon\" width=\"34px\" height=\"34px\" viewBox=\"0 0 24 24\" xmlns=\"http:\/\/www.w3.org\/2000\/svg\">\r\n                <path fill=\"none\" stroke=\"#f2f2f2\" stroke-width=\"2\" d=\"M7,7 L17,17 M7,17 L17,7\"\/>\r\n            <\/svg>\r\n        \r\n        <\/div>\r\n        <\/div> \r\n\r\n        <!-- Model Viewer Style -->\r\n        <style>\r\n            \r\n            .wrapper_23476 .bp_model_parent, #bp_model_id_23476 {\r\n                width: 1150px;\r\n                max-width: 100%;\r\n                                            }\r\n            #bp_model_id_23476 {\r\n                height:700px;\r\n                background-color: #f2f2f2;\r\n            }\r\n            .fullscreen #bp_model_id_23476{\r\n            height: 100%;\r\n            width: 100%;\r\n            }\r\n            .wrapper_23476 .bp_model_parent{\r\n                justify-content: start            }\r\n            model-viewer.model {\r\n                --poster-color: transparent;\r\n            }\r\n        <\/style>\r\n        \r\n        \n<h2>Le TOURNIQUET OPTIQUE \u00c0 PIVOTEMENT MT347 b\u00e9n\u00e9ficie d&rsquo;une garantie de 2 ans et d&rsquo;un support de maintenance et de r\u00e9paration durable.<\/h2>\n<p>Nous pouvons fournir des services OEM et ODM. Nous avons des designers exp\u00e9riment\u00e9s qui peuvent effectuer une personnalisation approfondie en fonction de vos besoins. Nous fournirons une s\u00e9rie de mat\u00e9riaux tels que des rendus 3D, des dessins dimensionnels, etc. d\u00e8s que possible. Nous fournissons \u00e9galement des dispositifs biom\u00e9triques, tels que des lecteurs de cartes IC\/ID, des scanners d&#8217;empreintes digitales, des scanners de code QR, des cam\u00e9ras de reconnaissance faciale, etc. Si vous avez besoin d&rsquo;int\u00e9grer ces dispositifs sur la porte tourniquet pleine hauteur ou si vous avez des questions, veuillez <a href=\"https:\/\/mairsturnstile.com\/contact\">nous contacter.<\/a><\/p>\n<p><strong>Le tourniquet oscillant optique est une sorte de tourniquet \u00e0 barri\u00e8re oscillante contr\u00f4l\u00e9 par des capteurs, qui comprend le nombre de capteurs incorporant une matrice de faisceaux de d\u00e9tection.<\/strong> La voie de passage sera contr\u00f4l\u00e9e par la logique des capteurs. Ce n&rsquo;est que lorsque la porte du tourniquet oscillant optique re\u00e7oit le signal d&rsquo;ouverture que le passage est libre d&rsquo;acc\u00e8s. Sinon, le capteur d\u00e9clenchera l&rsquo;alarme. Un tourniquet oscillant optique peut emp\u00eacher efficacement le talonnage. Si quelqu&rsquo;un acc\u00e8de \u00e0 une carte valide, l&rsquo;alarme alertera les agents de s\u00e9curit\u00e9. Les tourniquets optiques sont des options parfaites si vous avez besoin que votre espace ait un regard ouvert. Cela peut acc\u00e9l\u00e9rer le processus d&rsquo;entr\u00e9e. Ils peuvent fonctionner dans les deux sens.<\/p>\n<p>Le capteur couramment utilis\u00e9 par le tourniquet oscillant optique est un capteur photo\u00e9lectrique oppos\u00e9, qui peut d\u00e9tecter plus pr\u00e9cis\u00e9ment le corps humain. Une porte de tourniquet oscillant optique est \u00e9quip\u00e9e de plusieurs groupes de capteurs de rayonnement pour r\u00e9aliser la d\u00e9tection d&rsquo;entr\u00e9e et de sortie des personnes. C&rsquo;est principalement \u00e0 l&rsquo;entr\u00e9e de la porte, au secteur de la tige de l&rsquo;aile et \u00e0 la sortie de la porte. Pour une d\u00e9tection pr\u00e9cise, certaines portes de tourniquet optique installent des capteurs \u00e0 diff\u00e9rentes hauteurs de chaque partie.<\/p>\n<p>Ce tourniquet oscillant optique \u00e0 barri\u00e8re pivotante est une porte tourniquet pivotante mince. Le relais standard et l&rsquo;interface RS485 le rendent compatible avec tous les syst\u00e8mes de contr\u00f4le d&rsquo;acc\u00e8s, tels que le syst\u00e8me de carte RFID, la reconnaissance faciale, le syst\u00e8me de contr\u00f4le de temp\u00e9rature, le syst\u00e8me \u00e0 pi\u00e8ces, le syst\u00e8me de code-barres et le contr\u00f4le d&rsquo;acc\u00e8s par testeur ESD. Le <a href=\"https:\/\/mairsturnstile.com\/category\/swing-turnstile-gate\"><\/a><a href=\"https:\/\/en.wikipedia.org\/wiki\/Facial_recognition\" target=\"_blank\" rel=\"noopener\">portillon \u00e0 tourniquet<\/a> est une solution d&rsquo;entr\u00e9e compacte et rentable.<\/p>\n<p>Tous les mod\u00e8les de tourniquet optique pivotant et de couloirs de vitesse peuvent \u00eatre personnalis\u00e9s en fonction de vos besoins r\u00e9els. Certains mod\u00e8les de tourniquets \u00e0 battants et de <a href=\"https:\/\/mairsturnstile.com\/product\/sliding-turnstile\">tourniquets coulissants<\/a> peuvent avoir une largeur de passage de 900 mm \u00e9galement. <span style=\"font-style: inherit; font-weight: inherit;\">Contr\u00f4le d&rsquo;acc\u00e8s Tourniquets de s\u00e9curit\u00e9 pour pi\u00e9tons Portes tourniquets optiques en verre Tourniquets de vitesse.<\/span><\/p>\n<p>Nous pouvons \u00e9galement cr\u00e9er un rendu pour vous en quelques minutes en fonction de votre sc\u00e9nario r\u00e9el. Nous fournissons \u00e9galement des sch\u00e9mas et sch\u00e9mas d\u00e9taill\u00e9s, ainsi que des sch\u00e9mas d&rsquo;installation.<\/p>\n\n        \t\n\t<style type=\"text\/css\">\n\t\t.slider-info-23487.bafg-slider-info .bafg-slider-title {\n\t\t\t\t\t\tfont-size: 22px;\n\t\t\t\t\t\t\n\t\t\t\n\t\t\t\t\t}\n\n\t\t.slider-info-23487.bafg-slider-info .bafg-slider-description {\n\t\t\t\n\t\t\t\n\t\t\t\t\t}\n\n\t\t.slider-info-23487.bafg-slider-info .bafg_slider_readmore_button {\n\t\t\t\n\t\t\t\n\t\t\t\n\t\t\t\n\t\t\t\n\t\t\ttext-align: center;\n\n\t\t\t\n\t\t\t\n\t\t\t\n\t\t\t\n\t\t\t\n\t\t\t\n\t\t\t\t\t}\n\n\t\t.slider-info-23487.bafg-slider-info .bafg_slider_readmore_button:hover {\n\n\t\t\t\n\t\t\t\n\t\t\t\t\t}\n\n\t<\/style>\n\t\n        <div class=\"bafg-twentytwenty-container slider-23487 \" bafg-orientation=\"horizontal\" bafg-default-offset=\"0.5\" bafg-before-label=\"Before\" bafg-after-label=\"After\" bafg-overlay=\"yes\" bafg-move-slider-on-hover=\"yes\" bafg-click-to-move=\"no\">\n              \n            <img decoding=\"async\" class=\"skip-lazy\" src=\"http:\/\/mairsturnstile.com\/wp-content\/uploads\/2023\/06\/one-way-swing-gate_4.jpg\" alt=\"\" data-skip-lazy title=\"\">\n            <img decoding=\"async\" class=\"skip-lazy\" src=\"http:\/\/mairsturnstile.com\/wp-content\/uploads\/2023\/06\/optical-swing-turnstiles_4.jpg\" alt=\"\" data-skip-lazy title=\"\">\n           \n        <\/div>\n\n        \t<div class=\"bafg-slider-info-wraper\">\n\t\t<div style=\"\" class=\"slider-info-23487 bafg-slider-info\">\n\t\t\t\t\t<\/div>\n\t<\/div>\n\t\n        <style type=\"text\/css\">\n            \n        <\/style>\n        \n<ul>\n<li>En cas d&rsquo;urgence, coupez l&rsquo;alimentation, le tourniquet oscillant optique en verre \u00e0 barri\u00e8re pivotante Slim s&rsquo;ouvrira automatiquement pour permettre un libre passage conforme aux exigences de s\u00e9curit\u00e9 incendie. Mais il doit venir avec une batterie. Quant \u00e0 l&rsquo;exportation, la batterie est sensible, nous pouvons utiliser le condensateur pour remplacer<\/li>\n<li>Fiabilit\u00e9 du m\u00e9canisme : 3 millions-5 millions, sans faute<\/li>\n<li>Le m\u00e9canisme anti-coup, se r\u00e9initialise automatiquement en cas d&rsquo;impact de force<\/li>\n<li>La lumi\u00e8re LED sur les bras est facultative<\/li>\n<li>Buffet LED.<\/li>\n<li>Direction de travail : bidirectionnelle\/simple directionnelle<\/li>\n<li>Situation d&rsquo;urgence : s&rsquo;ouvre automatiquement lorsque l&rsquo;\u00e9lectricit\u00e9 est coup\u00e9e avec un condensateur<\/li>\n<li>Humidit\u00e9 : \u226490\uff05<\/li>\n<li>Temp\u00e9rature de travail : -20\u2103\uff5e60\u2103<\/li>\n<li>Distance de communication : \u22641200 m<\/li>\n<li>Interface de communication : RS485<\/li>\n<li>Caract\u00e9ristique: lecteur IC\/ID, lecteur de codes-barres, reconnaissance faciale, empreintes digitales, autres \u00e9quipements de contr\u00f4le d&rsquo;acc\u00e8s, UPS, etc.<\/li>\n<li>Le temps n\u00e9cessaire \u00e0 l&rsquo;ouverture : 0,2 s<\/li>\n<li>Domaine d&rsquo;application : communaut\u00e9, usine, immeuble de bureaux, \u00e9cole, lieu de vill\u00e9giature, etc.<\/li>\n<li>Environnement de travail : Int\u00e9rieur<\/li>\n<li>Mat\u00e9riau du bo\u00eetier : acier inoxydable 304 et acrylique noir.<\/li>\n<li>Tourniquets oscillants optiques abordables \u00e0 vendre.<\/li>\n<li>Les tourniquets optiques de barri\u00e8re d&rsquo;oscillation conviennent aux solutions d&rsquo;entr\u00e9e de luxe et \u00e0 extr\u00e9mit\u00e9 \u00e9lev\u00e9.<\/li>\n<li>L&rsquo;ensemble du syst\u00e8me fonctionne en douceur, avec un faible bruit et une vitesse \u00e9lev\u00e9e.<\/li>\n<li>Fonction d&rsquo;alarme, s&rsquo;il y a une intrusion ill\u00e9gale ou une intrusion inverse, la porte de la barri\u00e8re battante s&rsquo;alarmera et la porte se verrouillera.<\/li>\n<li>Il y a un total de 5 paires de capteurs infrarouges. Le capteur du milieu sert \u00e0 \u00e9viter de pincer les pi\u00e9tons.<\/li>\n<li>Fonction anti-tailing, une personne peut passer \u00e0 la fois. Si quelqu&rsquo;un suit les personnes de devant, la porte de la barri\u00e8re pivotante d\u00e9clenchera une alarme<\/li>\n<li>Indicateur LED. Croix rouge et fl\u00e8che verte. Il y a aussi des indicateurs LED sur le poteau avant. La lumi\u00e8re LED peut \u00eatre ajout\u00e9e aux bras.<\/li>\n<li>L&rsquo;acc\u00e8s bidirectionnel r\u00e9duit le besoin de plus de portes. Il est adapt\u00e9 aux fauteuils roulants et aux poussettes pour augmenter l&rsquo;efficacit\u00e9 du passage.<\/li>\n<li>Fonction de r\u00e9initialisation automatique. Si les personnes ne sont pas pass\u00e9es dans le d\u00e9lai pr\u00e9d\u00e9fini (le d\u00e9lai par d\u00e9faut est de 5 secondes), le syst\u00e8me annulera l&rsquo;autorit\u00e9 de l&rsquo;utilisateur et se fermera automatiquement<\/li>\n<li>Anti-choc, Anti pincement, Les tourniquets optiques sont \u00e9quip\u00e9s d&rsquo;un moteur brushless. Pendant le fonctionnement, si quelqu&rsquo;un heurte le bras, le portail se r\u00e9initialise automatiquement. Cette fonction emp\u00eache efficacement les pi\u00e9tons, en particulier les enfants, de se cogner, de se couper, de se heurter, etc.<\/li>\n<\/ul>\n<p>Nous pouvons fournir la solution compl\u00e8te de contr\u00f4le d&rsquo;acc\u00e8s de s\u00e9curit\u00e9. Si vous avez votre propre syst\u00e8me de contr\u00f4le d&rsquo;acc\u00e8s, vous pouvez directement utiliser notre porte tourniquet. Si vous n&rsquo;en avez pas, nous fournissons \u00e9galement une solution compl\u00e8te de contr\u00f4le d&rsquo;acc\u00e8s de s\u00e9curit\u00e9. Veuillez vous r\u00e9f\u00e9rer \u00e0 la vid\u00e9o ci-dessous pour plus de d\u00e9tails.<\/p>\n<p><iframe title=\"Tourniquet pivotant optique, tourniquet \u00e0 barri\u00e8re pivotante, tourniquet pivotant - MairsTurnstile\" src=\"https:\/\/www.youtube.com\/embed\/hdoBSoM85u4\" width=\"1150\" height=\"650\" frameborder=\"0\" allowfullscreen=\"allowfullscreen\"><\/iframe><\/p>\n","protected":false},"excerpt":{"rendered":"<p>1. Taille : 1334*160*1000 mm (peut \u00eatre personnalis\u00e9)<\/p>\n<p>2. Largeur de voie : 600 mm (standard) 900 mm (handicap\u00e9)<\/p>\n<p>3. Mat\u00e9riau du bras : acrylique 10 mm.<\/p>\n<p>4. Vitesse de passage : 35 personne\/min<\/p>\n<p>5. Alimentation : 110 V\/220 V 50\/60 Hz<\/p>\n<p>6. M\u00e9canisme : m\u00e9canisme de moteur DC Brushless<\/p>\n<p>7. Moteur d&rsquo;entra\u00eenement : 24 V<\/p>\n<p>8. Signal de porte ouverte : contact sec\/relais<\/p>\n<p>9. Avec 5 paires de capteurs<\/p>\n<p><strong><a title=\"Porte pivotante pour pi\u00e9tons certifi\u00e9e CE Mairs\" href=\"http:\/\/mairsturnstile.com\/wp-content\/uploads\/2022\/09\/Mairs-CE-Certificate-MT310.pdf\" target=\"_blank\" rel=\"noopener noreferrer\">Certifi\u00e9 CE,<\/a> <a title=\"Certificat Mairs ISO9001\" href=\"http:\/\/mairsturnstile.com\/wp-content\/uploads\/2022\/09\/Mairs-Registration-Certificate-ISO9001.pdf\" target=\"_blank\" rel=\"noopener noreferrer\">Certifi\u00e9 ISO9001.<\/a><\/strong><\/p>\n<p><a title=\"Brochure des tourniquets oscillants optiques\" href=\"http:\/\/mairsturnstile.com\/wp-content\/uploads\/2023\/12\/MT347-brochure.pdf\" target=\"_blank\" rel=\"noopener noreferrer\"><img decoding=\"async\" class=\"alignnone size-full wp-image-11034\" src=\"http:\/\/mairsturnstile.com\/wp-content\/uploads\/2022\/09\/pdf-MairsTurnstile.png\" alt=\"\" width=\"32\" height=\"32\"><strong><span style=\"color: #0000ff;\">Brochure des tourniquets oscillants optiques MT347<\/span><\/strong><\/a><\/p>\n","protected":false},"featured_media":25275,"comment_status":"closed","ping_status":"closed","template":"","meta":{"neve_meta_sidebar":"","neve_meta_container":"","neve_meta_enable_content_width":"off","neve_meta_content_width":0,"neve_meta_title_alignment":"","neve_meta_author_avatar":"","neve_post_elements_order":"","neve_meta_disable_header":"","neve_meta_disable_footer":"","neve_meta_disable_title":"","_ti_tpc_template_sync":false,"_ti_tpc_template_id":""},"product_cat":[877,879],"product_tag":[1393,1087,1076,1078,1077],"class_list":["post-10544","product","type-product","status-publish","has-post-thumbnail","hentry","product_cat-porte-tourniquet","product_cat-tourniquet-pivotant","product_tag-porte-de-tourniquet-optique","product_tag-tourniquet-de-barriere-doscillation","product_tag-tourniquet-optique","product_tag-tourniquet-oscillant-optique","product_tag-tourniquets-optiques"],"_links":{"self":[{"href":"https:\/\/mairsturnstile.com\/fr\/wp-json\/wp\/v2\/product\/10544","targetHints":{"allow":["GET"]}}],"collection":[{"href":"https:\/\/mairsturnstile.com\/fr\/wp-json\/wp\/v2\/product"}],"about":[{"href":"https:\/\/mairsturnstile.com\/fr\/wp-json\/wp\/v2\/types\/product"}],"replies":[{"embeddable":true,"href":"https:\/\/mairsturnstile.com\/fr\/wp-json\/wp\/v2\/comments?post=10544"}],"version-history":[{"count":0,"href":"https:\/\/mairsturnstile.com\/fr\/wp-json\/wp\/v2\/product\/10544\/revisions"}],"wp:featuredmedia":[{"embeddable":true,"href":"https:\/\/mairsturnstile.com\/fr\/wp-json\/wp\/v2\/media\/25275"}],"wp:attachment":[{"href":"https:\/\/mairsturnstile.com\/fr\/wp-json\/wp\/v2\/media?parent=10544"}],"wp:term":[{"taxonomy":"product_cat","embeddable":true,"href":"https:\/\/mairsturnstile.com\/fr\/wp-json\/wp\/v2\/product_cat?post=10544"},{"taxonomy":"product_tag","embeddable":true,"href":"https:\/\/mairsturnstile.com\/fr\/wp-json\/wp\/v2\/product_tag?post=10544"}],"curies":[{"name":"wp","href":"https:\/\/api.w.org\/{rel}","templated":true}]}}