{"id":10545,"date":"2020-09-13T17:14:29","date_gmt":"2020-09-13T09:14:29","guid":{"rendered":"https:\/\/mairsturnstile.com\/product\/portail-battant-pieton-servomoteur-mt310"},"modified":"2025-04-07T18:03:16","modified_gmt":"2025-04-07T10:03:16","slug":"portail-pivotant-battant","status":"publish","type":"product","link":"https:\/\/mairsturnstile.com\/fr\/produit\/portail-pivotant-battant","title":{"rendered":"PORTAIL BATTANT PI\u00c9TON SERVOMOTEUR MT310"},"content":{"rendered":"        <!-- 3D Model html -->\r\n        <div class=\"bp_grand wrapper_25053\">   \r\n        <div class=\"bp_model_parent\">\r\n            <model-viewer class=\"model\" id=\"bp_model_id_25053\" src=\"http:\/\/mairsturnstile.com\/wp-content\/uploads\/2024\/05\/MT310-B-\u706f\u5e26\u52a0\u9ad8\u52a0\u4eba\u8138.glb\" alt=\"MT310-B \u706f\u5e26\u52a0\u9ad8\u52a0\u4eba\u8138\" camera-controls  loading=\"auto\" auto-rotate                        >\r\n            <\/model-viewer>\r\n        \r\n            <!-- Button -->\r\n            <svg id=\"openBtn\" width=\"30px\" height=\"30px\" viewBox=\"0 0 16 16\" xmlns=\"http:\/\/www.w3.org\/2000\/svg\" fill=\"#f2f2f2\" class=\"bi bi-arrows-fullscreen model-icon\">\r\n                <path fill-rule=\"evenodd\" d=\"M5.828 10.172a.5.5 0 0 0-.707 0l-4.096 4.096V11.5a.5.5 0 0 0-1 0v3.975a.5.5 0 0 0 .5.5H4.5a.5.5 0 0 0 0-1H1.732l4.096-4.096a.5.5 0 0 0 0-.707zm4.344 0a.5.5 0 0 1 .707 0l4.096 4.096V11.5a.5.5 0 1 1 1 0v3.975a.5.5 0 0 1-.5.5H11.5a.5.5 0 0 1 0-1h2.768l-4.096-4.096a.5.5 0 0 1 0-.707zm0-4.344a.5.5 0 0 0 .707 0l4.096-4.096V4.5a.5.5 0 1 0 1 0V.525a.5.5 0 0 0-.5-.5H11.5a.5.5 0 0 0 0 1h2.768l-4.096 4.096a.5.5 0 0 0 0 .707zm-4.344 0a.5.5 0 0 1-.707 0L1.025 1.732V4.5a.5.5 0 0 1-1 0V.525a.5.5 0 0 1 .5-.5H4.5a.5.5 0 0 1 0 1H1.732l4.096 4.096a.5.5 0 0 1 0 .707z\"\/>\r\n            <\/svg>\r\n        \r\n            <svg id=\"closeBtn\" class=\"model-icon\" width=\"34px\" height=\"34px\" viewBox=\"0 0 24 24\" xmlns=\"http:\/\/www.w3.org\/2000\/svg\">\r\n                <path fill=\"none\" stroke=\"#f2f2f2\" stroke-width=\"2\" d=\"M7,7 L17,17 M7,17 L17,7\"\/>\r\n            <\/svg>\r\n        \r\n        <\/div>\r\n        <\/div> \r\n\r\n        <!-- Model Viewer Style -->\r\n        <style>\r\n            \r\n            .wrapper_25053 .bp_model_parent, #bp_model_id_25053 {\r\n                width: 1150px;\r\n                max-width: 100%;\r\n                                            }\r\n            #bp_model_id_25053 {\r\n                height:700px;\r\n                background-color: #f9f9f9;\r\n            }\r\n            .fullscreen #bp_model_id_25053{\r\n            height: 100%;\r\n            width: 100%;\r\n            }\r\n            .wrapper_25053 .bp_model_parent{\r\n                justify-content: start            }\r\n            model-viewer.model {\r\n                --poster-color: transparent;\r\n            }\r\n        <\/style>\r\n        \r\n        \n<h4>Les servomoteurs de v\u00e9rins MT310 b\u00e9n\u00e9ficient d&rsquo;une garantie de 2 ans et d&rsquo;une assistance durable en mati\u00e8re de maintenance et de r\u00e9paration.<\/h4>\n<p>Nous pouvons fournir des services OEM et ODM. Nous pouvons \u00e9galement personnaliser ces portes de tourniquet de sortie en fonction de vos besoins. Par exemple, nous pouvons personnaliser la largeur du canal sp\u00e9cial. Nous fournissons \u00e9galement des dispositifs biom\u00e9triques, tels que des lecteurs de cartes IC\/ID, des scanners d&#8217;empreintes digitales, des scanners de code QR, des cam\u00e9ras de reconnaissance faciale, etc. Si vous avez besoin d&rsquo;int\u00e9grer ces dispositifs sur la porte du tourniquet pleine hauteur ou si vous avez des questions, veuillez <a href=\"https:\/\/mairsturnstile.com\/contact\" target=\"_blank\" rel=\"noopener\">nous contacter.<\/a><\/p>\n<p><strong><b>Les barri\u00e8res de vitesse cylindriques sont un type de tourniquet de petite taille et de conception exquise, g\u00e9n\u00e9ralement utilis\u00e9 pour les passages d&rsquo;urgence ou pour les personnes handicap\u00e9es.<\/b><\/strong><strong> \u00c0 certains endroits, le trafic est important. Pour \u00e9viter les blocages de circulation, vous pouvez d\u00e9finir la voie d&rsquo;entr\u00e9e et la voie de sortie s\u00e9par\u00e9ment. Ainsi, ce tourniquet \u00e0 porte pivotante pour pi\u00e9tons peut fonctionner dans un seul sens. Il peut \u00e9galement \u00eatre utilis\u00e9 pour les fauteuils roulants handicap\u00e9s et le contr\u00f4le d&rsquo;acc\u00e8s des pi\u00e9tons handicap\u00e9s.<\/strong><\/p>\n<p>Les portillons cylindriques SERVO MOTOR sont des tourniquets tr\u00e8s populaires pour les pi\u00e9tons. De nombreux clients l&rsquo;appr\u00e9cient beaucoup et il est largement utilis\u00e9, en raison de sa belle apparence, simple et g\u00e9n\u00e9reuse, et de ses performances \u00e0 tr\u00e8s haut co\u00fbt. Les portillons cylindriques pour pi\u00e9tons utilisent un servomoteur unique, qui peut donner toute la mesure de ses performances.   Nous pouvons \u00e9galement personnaliser ces portes de tourniquet de sortie en fonction des exigences des clients. Par exemple, nous pouvons personnaliser la largeur du canal sp\u00e9cial. Ces belles portes de tourniquet \u00e9lectroniques de Mairs peuvent \u00eatre principalement utilis\u00e9es dans les supermarch\u00e9s, les entrep\u00f4ts, les halls d&rsquo;immeubles et d&rsquo;autres immeubles de bureaux.<\/p>\n<p>La porte de <a href=\"https:\/\/mairsturnstile.com\/category\/security-turnstiles\/\" target=\"_blank\" rel=\"noopener\">tourniquets de s\u00e9curit\u00e9<\/a> des fabricants de tourniquets -Mairs est un produit id\u00e9al de gestion des acc\u00e8s pi\u00e9tons. Le portique de vitesse cylindrique offre une voie rapide aux passagers, en particulier \u00e0 ceux qui ont des bagages et aux personnes handicap\u00e9es. Il est principalement utilis\u00e9 dans les b\u00e2timents r\u00e9sidentiels haut de gamme, les magasins, les supermarch\u00e9s, les entrep\u00f4ts, etc. Comme il est \u00e9quip\u00e9 d&rsquo;un servomoteur, la longueur du bras du speed gate cylindrique est beaucoup plus importante que celle des autres speed gates.<\/p>\n<p>Nous pouvons \u00e9galement cr\u00e9er un rendu pour vous en quelques minutes en fonction de votre sc\u00e9nario r\u00e9el. Nous fournissons \u00e9galement des sch\u00e9mas et sch\u00e9mas d\u00e9taill\u00e9s, ainsi que des sch\u00e9mas d&rsquo;installation.<\/p>\n\n        \t\n\t<style type=\"text\/css\">\n\t\t.slider-info-25609.bafg-slider-info .bafg-slider-title {\n\t\t\t\t\t\tfont-size: 22px;\n\t\t\t\t\t\t\n\t\t\t\n\t\t\t\t\t}\n\n\t\t.slider-info-25609.bafg-slider-info .bafg-slider-description {\n\t\t\t\n\t\t\t\n\t\t\t\t\t}\n\n\t\t.slider-info-25609.bafg-slider-info .bafg_slider_readmore_button {\n\t\t\t\n\t\t\t\n\t\t\t\n\t\t\t\n\t\t\t\n\t\t\ttext-align: center;\n\n\t\t\t\n\t\t\t\n\t\t\t\n\t\t\t\n\t\t\t\n\t\t\t\n\t\t\t\t\t}\n\n\t\t.slider-info-25609.bafg-slider-info .bafg_slider_readmore_button:hover {\n\n\t\t\t\n\t\t\t\n\t\t\t\t\t}\n\n\t<\/style>\n\t\n        <div class=\"bafg-twentytwenty-container slider-25609 \" bafg-orientation=\"horizontal\" bafg-default-offset=\"0.5\" bafg-before-label=\"Before\" bafg-after-label=\"After\" bafg-overlay=\"yes\" bafg-move-slider-on-hover=\"yes\" bafg-click-to-move=\"no\">\n              \n            <img decoding=\"async\" class=\"skip-lazy\" src=\"http:\/\/mairsturnstile.com\/wp-content\/uploads\/2023\/07\/pedestrian-swing-gate_4.jpg\" alt=\"\" data-skip-lazy title=\"\">\n            <img decoding=\"async\" class=\"skip-lazy\" src=\"http:\/\/mairsturnstile.com\/wp-content\/uploads\/2023\/07\/pedestrian-swing-gate_5.jpg\" alt=\"\" data-skip-lazy title=\"\">\n           \n        <\/div>\n\n        \t<div class=\"bafg-slider-info-wraper\">\n\t\t<div style=\"\" class=\"slider-info-25609 bafg-slider-info\">\n\t\t\t\t\t<\/div>\n\t<\/div>\n\t\n        <style type=\"text\/css\">\n            \n        <\/style>\n        \n<p>Ces portillons cylindriques pour pi\u00e9tons sont des tourniquets populaires, principalement utilis\u00e9s dans les supermarch\u00e9s, les entrep\u00f4ts, les passages pi\u00e9tons, les halls d&rsquo;immeuble, les bureaux et d&rsquo;autres endroits. \u00c0 propos de la vid\u00e9o montre principalement deux types diff\u00e9rents de barri\u00e8res pi\u00e9tonnes pivotantes personnalis\u00e9es, qui se refl\u00e8tent principalement dans la taille et le bras oscillant de ce tourniquet pivotant. On peut voir que les bras oscillants des deux produits sont diff\u00e9rents, qui peuvent \u00eatre sous la forme de tiges de blocage en acrylique ou en m\u00e9tal.<\/p>\n<p>Un grand nombre de nos clients ont \u00e9galement indiqu\u00e9 que ce speed gate cylindrique est durable, beau et rentable. Si vous avez besoin de personnaliser une porte battante pi\u00e9tonne similaire, n&rsquo;h\u00e9sitez pas \u00e0 nous contacter. Si vous souhaitez v\u00e9rifier ce tourniquet pivotant avec des tiges de blocage en acrylique, veuillez consulter la vid\u00e9o suivante :<\/p>\n<ul>\n<li>En cas d&rsquo;urgence, veuillez couper l&rsquo;alimentation \u00e9lectrique, les barri\u00e8res \u00e0 vitesse variable s&rsquo;ouvriront automatiquement pour permettre le libre passage, conform\u00e9ment aux exigences de s\u00e9curit\u00e9 incendie.<\/li>\n<li>Le <a href=\"https:\/\/en.wikipedia.org\/wiki\/Optical_turnstile\" target=\"_blank\" rel=\"noopener\">tourniquet optique<\/a> est largement utilis\u00e9 pour les sorties de secours.<\/li>\n<li>L&rsquo;ensemble du syst\u00e8me fonctionne en douceur, avec un faible bruit.<\/li>\n<li>Il est livr\u00e9 avec un servomoteur haute puissance qui fonctionne en douceur et avec des performances \u00e9lev\u00e9es.<\/li>\n<li>Le bras de la barri\u00e8re de vitesse peut \u00eatre en verre tremp\u00e9 de 500 mm ou en acrylique de 800 mm.<\/li>\n<li>Des lumi\u00e8res LED sur les bras sont disponibles lorsque le bras en acrylique est utilis\u00e9.<\/li>\n<li>Signal d&rsquo;ouverture des vannes de vitesse du v\u00e9rin : Contact sec\/ Relais<\/li>\n<li>La conception est petite et exquise et est largement utilis\u00e9e pour les halls d&rsquo;entr\u00e9e des immeubles de bureaux.<\/li>\n<li>La lumi\u00e8re LED peut \u00eatre ajout\u00e9e au bras pour indiquer l&rsquo;\u00e9tat de la voie.<\/li>\n<li>L&rsquo;acc\u00e8s bidirectionnel r\u00e9duit le besoin de plus de portes. Il est adapt\u00e9 aux fauteuils roulants et aux poussettes pour augmenter l&rsquo;efficacit\u00e9 du passage.<\/li>\n<li>Fonction de r\u00e9initialisation automatique. Si les personnes ne sont pas pass\u00e9es dans le d\u00e9lai pr\u00e9d\u00e9fini (le d\u00e9lai par d\u00e9faut est de 5 secondes), le syst\u00e8me annulera l&rsquo;autorisation de l&rsquo;utilisateur et se fermera automatiquement.<\/li>\n<\/ul>\n<p>Nous pouvons fournir la solution compl\u00e8te de contr\u00f4le d&rsquo;acc\u00e8s de s\u00e9curit\u00e9. Si vous avez votre propre syst\u00e8me de contr\u00f4le d&rsquo;acc\u00e8s, vous pouvez directement utiliser notre porte tourniquet. Si vous n&rsquo;en avez pas, nous fournissons \u00e9galement une solution compl\u00e8te de contr\u00f4le d&rsquo;acc\u00e8s de s\u00e9curit\u00e9. Veuillez vous r\u00e9f\u00e9rer \u00e0 la vid\u00e9o ci-dessous pour plus de d\u00e9tails.<\/p>\n<p><iframe title=\"Lecteur vid\u00e9o YouTube\" src=\"https:\/\/www.youtube.com\/embed\/Z69v4_4BlEA?si=IwoZ07dF4lXe-bmN\" width=\"1150\" height=\"650\" frameborder=\"0\" allowfullscreen=\"allowfullscreen\"><span data-mce-type=\"bookmark\" style=\"display: inline-block; width: 0px; overflow: hidden; line-height: 0;\" class=\"mce_SELRES_start\"><\/span><\/iframe><\/p>\n","protected":false},"excerpt":{"rendered":"<p>1. Taille : 168 * 1000 mm (peut \u00eatre personnalis\u00e9)<\/p>\n<p>2. Largeur de voie standard : 600 mm (peut \u00eatre personnalis\u00e9)<\/p>\n<p>3. Servomoteur<\/p>\n<p>4. Alimentation : 110 V\/220 V 50\/60 Hz<\/p>\n<p>5. Mat\u00e9riau des bras : Acrylique ou verre tremp\u00e9<\/p>\n<p>6. Longueur du bras : Acrylique-800 mm ou verre tremp\u00e9-500 mm<\/p>\n<p>7. Moteur d&rsquo;entra\u00eenement : 24 V<\/p>\n<p>8. Portes d&rsquo;entr\u00e9e de tourniquet Poids : 30 kg\/pcs<\/p>\n<p>9. Mat\u00e9riau du bo\u00eetier : acier inoxydable 304<\/p>\n<p><span style=\"color: #0000ff;\"><strong><a style=\"color: #0000ff;\" title=\"Porte pivotante pour pi\u00e9tons certifi\u00e9e CE Mairs\" href=\"http:\/\/mairsturnstile.com\/wp-content\/uploads\/2022\/09\/Mairs-CE-Certificate-MT310.pdf\" target=\"_blank\" rel=\"noopener noreferrer\">Certifi\u00e9 CE,<\/a> <a style=\"color: #0000ff;\" title=\"Certificat Mairs ISO9001\" href=\"http:\/\/mairsturnstile.com\/wp-content\/uploads\/2022\/09\/Mairs-Registration-Certificate-ISO9001.pdf\" target=\"_blank\" rel=\"noopener noreferrer\">Certifi\u00e9 ISO9001.<\/a><\/strong><\/span><\/p>\n<p><a title=\"Portillon battant pi\u00e9ton servomoteur\" href=\"http:\/\/mairsturnstile.com\/wp-content\/uploads\/2023\/12\/MT310-brochure.pdf\" target=\"_blank\" rel=\"noopener noreferrer\" data-wp-editing=\"1\"><img decoding=\"async\" class=\"alignnone size-full wp-image-11034\" src=\"http:\/\/mairsturnstile.com\/wp-content\/uploads\/2022\/09\/pdf-MairsTurnstile.png\" alt=\"\" width=\"32\" height=\"32\"><strong><span style=\"color: #0000ff;\">Brochure sur la porte pivotante pour pi\u00e9tons \u00e0 servomoteur MT310<\/span><\/strong><\/a><\/p>\n","protected":false},"featured_media":58077,"comment_status":"closed","ping_status":"closed","template":"","meta":{"neve_meta_sidebar":"","neve_meta_container":"","neve_meta_enable_content_width":"off","neve_meta_content_width":0,"neve_meta_title_alignment":"","neve_meta_author_avatar":"","neve_post_elements_order":"","neve_meta_disable_header":"","neve_meta_disable_footer":"","neve_meta_disable_title":"","_ti_tpc_template_sync":false,"_ti_tpc_template_id":""},"product_cat":[877,879],"product_tag":[1081,1393,3289,1385,1089,3288,1369,1076,1080],"class_list":["post-10545","product","type-product","status-publish","has-post-thumbnail","hentry","product_cat-porte-tourniquet","product_cat-tourniquet-pivotant","product_tag-portail-battant-pieton","product_tag-porte-de-tourniquet-optique","product_tag-porte-de-vitesse-cylindrique","product_tag-porte-tourniquet","product_tag-porte-tourniquet-battante","product_tag-portes-de-vitesse-des-cylindres","product_tag-tourniquet-de-sortie","product_tag-tourniquet-optique","product_tag-tourniquet-pivotant"],"_links":{"self":[{"href":"https:\/\/mairsturnstile.com\/fr\/wp-json\/wp\/v2\/product\/10545","targetHints":{"allow":["GET"]}}],"collection":[{"href":"https:\/\/mairsturnstile.com\/fr\/wp-json\/wp\/v2\/product"}],"about":[{"href":"https:\/\/mairsturnstile.com\/fr\/wp-json\/wp\/v2\/types\/product"}],"replies":[{"embeddable":true,"href":"https:\/\/mairsturnstile.com\/fr\/wp-json\/wp\/v2\/comments?post=10545"}],"version-history":[{"count":0,"href":"https:\/\/mairsturnstile.com\/fr\/wp-json\/wp\/v2\/product\/10545\/revisions"}],"wp:featuredmedia":[{"embeddable":true,"href":"https:\/\/mairsturnstile.com\/fr\/wp-json\/wp\/v2\/media\/58077"}],"wp:attachment":[{"href":"https:\/\/mairsturnstile.com\/fr\/wp-json\/wp\/v2\/media?parent=10545"}],"wp:term":[{"taxonomy":"product_cat","embeddable":true,"href":"https:\/\/mairsturnstile.com\/fr\/wp-json\/wp\/v2\/product_cat?post=10545"},{"taxonomy":"product_tag","embeddable":true,"href":"https:\/\/mairsturnstile.com\/fr\/wp-json\/wp\/v2\/product_tag?post=10545"}],"curies":[{"name":"wp","href":"https:\/\/api.w.org\/{rel}","templated":true}]}}