{"id":10546,"date":"2020-09-13T17:16:32","date_gmt":"2020-09-13T09:16:32","guid":{"rendered":"https:\/\/mairsturnstile.com\/product\/tourniquet-a-porte-battante-de-supermarche-mt311"},"modified":"2025-04-07T18:02:20","modified_gmt":"2025-04-07T10:02:20","slug":"portail-battant-de-supermarche","status":"publish","type":"product","link":"https:\/\/mairsturnstile.com\/fr\/produit\/portail-battant-de-supermarche","title":{"rendered":"TOURNIQUET \u00c0 PORTE BATTANTE DE SUPERMARCH\u00c9 MT311"},"content":{"rendered":"        <!-- 3D Model html -->\r\n        <div class=\"bp_grand wrapper_25604\">   \r\n        <div class=\"bp_model_parent\">\r\n            <model-viewer class=\"model\" id=\"bp_model_id_25604\" src=\"http:\/\/mairsturnstile.com\/wp-content\/uploads\/2023\/07\/MT311.glb\" alt=\"MT311\" camera-controls  loading=\"auto\" auto-rotate                        >\r\n            <\/model-viewer>\r\n        \r\n            <!-- Button -->\r\n            <svg id=\"openBtn\" width=\"30px\" height=\"30px\" viewBox=\"0 0 16 16\" xmlns=\"http:\/\/www.w3.org\/2000\/svg\" fill=\"#f2f2f2\" class=\"bi bi-arrows-fullscreen model-icon\">\r\n                <path fill-rule=\"evenodd\" d=\"M5.828 10.172a.5.5 0 0 0-.707 0l-4.096 4.096V11.5a.5.5 0 0 0-1 0v3.975a.5.5 0 0 0 .5.5H4.5a.5.5 0 0 0 0-1H1.732l4.096-4.096a.5.5 0 0 0 0-.707zm4.344 0a.5.5 0 0 1 .707 0l4.096 4.096V11.5a.5.5 0 1 1 1 0v3.975a.5.5 0 0 1-.5.5H11.5a.5.5 0 0 1 0-1h2.768l-4.096-4.096a.5.5 0 0 1 0-.707zm0-4.344a.5.5 0 0 0 .707 0l4.096-4.096V4.5a.5.5 0 1 0 1 0V.525a.5.5 0 0 0-.5-.5H11.5a.5.5 0 0 0 0 1h2.768l-4.096 4.096a.5.5 0 0 0 0 .707zm-4.344 0a.5.5 0 0 1-.707 0L1.025 1.732V4.5a.5.5 0 0 1-1 0V.525a.5.5 0 0 1 .5-.5H4.5a.5.5 0 0 1 0 1H1.732l4.096 4.096a.5.5 0 0 1 0 .707z\"\/>\r\n            <\/svg>\r\n        \r\n            <svg id=\"closeBtn\" class=\"model-icon\" width=\"34px\" height=\"34px\" viewBox=\"0 0 24 24\" xmlns=\"http:\/\/www.w3.org\/2000\/svg\">\r\n                <path fill=\"none\" stroke=\"#f2f2f2\" stroke-width=\"2\" d=\"M7,7 L17,17 M7,17 L17,7\"\/>\r\n            <\/svg>\r\n        \r\n        <\/div>\r\n        <\/div> \r\n\r\n        <!-- Model Viewer Style -->\r\n        <style>\r\n            \r\n            .wrapper_25604 .bp_model_parent, #bp_model_id_25604 {\r\n                width: 1150px;\r\n                max-width: 100%;\r\n                                            }\r\n            #bp_model_id_25604 {\r\n                height:700px;\r\n                background-color: transparent;\r\n            }\r\n            .fullscreen #bp_model_id_25604{\r\n            height: 100%;\r\n            width: 100%;\r\n            }\r\n            .wrapper_25604 .bp_model_parent{\r\n                justify-content: start            }\r\n            model-viewer.model {\r\n                --poster-color: transparent;\r\n            }\r\n        <\/style>\r\n        \r\n        \n<h4>La porte pivotante de supermarch\u00e9 b\u00e9n\u00e9ficie d&rsquo;une garantie de 2 ans et d&rsquo;un support de maintenance et de r\u00e9paration durable.<\/h4>\n<p>Nous pouvons fournir des services OEM et ODM. Nous fournissons \u00e9galement des dispositifs biom\u00e9triques, tels que des lecteurs de cartes IC\/ID, des scanners d&#8217;empreintes digitales, des scanners de code QR, des cam\u00e9ras de reconnaissance faciale, etc.<\/p>\n<p>La porte pivotante de supermarch\u00e9 est une sorte de porte tournante cylindrique \u00e0 induction infrarouge ou radar, sp\u00e9cialement utilis\u00e9e pour l&rsquo;entr\u00e9e et la sortie des grands supermarch\u00e9s et des supermarch\u00e9s sans personnel. La longueur de la tige d&rsquo;aile du tourniquet pivotant de supermarch\u00e9 peut \u00eatre personnalis\u00e9e en fonction de la largeur de l&rsquo;entr\u00e9e du supermarch\u00e9. Bien s\u00fbr, cette porte battante de supermarch\u00e9 peut \u00e9galement \u00eatre utilis\u00e9e dans les entrep\u00f4ts, les magasins de v\u00eatements, les supermarch\u00e9s, les bijouteries, les centres commerciaux, les magasins de cosm\u00e9tiques, les librairies, etc. La porte battante de supermarch\u00e9 pr\u00e9sente les avantages de l&rsquo;absence de d\u00e9tection manuelle, d&rsquo;une efficacit\u00e9 \u00e9lev\u00e9e, d&rsquo;un service rapide, s\u00fbr et de qualit\u00e9.<\/p>\n<p>La porte battante de supermarch\u00e9 peut \u00eatre personnalis\u00e9e avec la largeur du canal en fonction de vos besoins r\u00e9els. Par exemple, dans la vid\u00e9o ci-dessus, nos clients ont personnalis\u00e9 une porte de barri\u00e8re pivotante de supermarch\u00e9 avec des canaux ultra-larges. Bien s\u00fbr, nous avons \u00e9galement une autre porte de tourniquet d&rsquo;oscillation de tourniquet d&rsquo;entr\u00e9e de supermarch\u00e9 qui convient aux supermarch\u00e9s. Si vous pensez que cette barri\u00e8re pivotante de supermarch\u00e9 ne vous convient pas, veuillez consulter notre autre produit : <a href=\"https:\/\/mairsturnstile.com\/product\/supermarket-entrance-turnstile\">tourniquets de supermarch\u00e9.<\/a><\/p>\n<p>Nous pouvons \u00e9galement cr\u00e9er un rendu pour vous en quelques minutes en fonction de votre sc\u00e9nario r\u00e9el. Nous fournissons \u00e9galement des sch\u00e9mas et sch\u00e9mas d\u00e9taill\u00e9s, ainsi que des sch\u00e9mas d&rsquo;installation.<\/p>\n\n        \t\n\t<style type=\"text\/css\">\n\t\t.slider-info-25611.bafg-slider-info .bafg-slider-title {\n\t\t\t\t\t\tfont-size: 22px;\n\t\t\t\t\t\t\n\t\t\t\n\t\t\t\t\t}\n\n\t\t.slider-info-25611.bafg-slider-info .bafg-slider-description {\n\t\t\t\n\t\t\t\n\t\t\t\t\t}\n\n\t\t.slider-info-25611.bafg-slider-info .bafg_slider_readmore_button {\n\t\t\t\n\t\t\t\n\t\t\t\n\t\t\t\n\t\t\t\n\t\t\ttext-align: center;\n\n\t\t\t\n\t\t\t\n\t\t\t\n\t\t\t\n\t\t\t\n\t\t\t\n\t\t\t\t\t}\n\n\t\t.slider-info-25611.bafg-slider-info .bafg_slider_readmore_button:hover {\n\n\t\t\t\n\t\t\t\n\t\t\t\t\t}\n\n\t<\/style>\n\t\n        <div class=\"bafg-twentytwenty-container slider-25611 \" bafg-orientation=\"horizontal\" bafg-default-offset=\"0.5\" bafg-before-label=\"Before\" bafg-after-label=\"After\" bafg-overlay=\"yes\" bafg-move-slider-on-hover=\"yes\" bafg-click-to-move=\"no\">\n              \n            <img decoding=\"async\" class=\"skip-lazy\" src=\"http:\/\/mairsturnstile.com\/wp-content\/uploads\/2023\/07\/supermarket-swing-gate_8.jpg\" alt=\"\" data-skip-lazy title=\"\">\n            <img decoding=\"async\" class=\"skip-lazy\" src=\"http:\/\/mairsturnstile.com\/wp-content\/uploads\/2023\/07\/supermarket-swing-gate_9.jpg\" alt=\"\" data-skip-lazy title=\"\">\n           \n        <\/div>\n\n        \t<div class=\"bafg-slider-info-wraper\">\n\t\t<div style=\"\" class=\"slider-info-25611 bafg-slider-info\">\n\t\t\t\t\t<\/div>\n\t<\/div>\n\t\n        <style type=\"text\/css\">\n            \n        <\/style>\n        \n<p>Lorsque quelqu&rsquo;un entre dans le supermarch\u00e9, la porte battante du supermarch\u00e9 s&rsquo;ouvre automatiquement. Les gens entreront dans le supermarch\u00e9 de mani\u00e8re ordonn\u00e9e. Ils ne peuvent pas sortir. Ils peuvent passer dans un sens. Ils peuvent \u00e9galement \u00eatre utilis\u00e9s \u00e0 la porte d&rsquo;entr\u00e9e de certains h\u00f4pitaux ou entrep\u00f4ts. Le tourniquet d&rsquo;entr\u00e9e de supermarch\u00e9 avec garde-corps est adapt\u00e9 pour contr\u00f4ler le flux de personnes entrant dans le supermarch\u00e9 et maintenir un acc\u00e8s standardis\u00e9 et ordonn\u00e9 au supermarch\u00e9. Lorsqu&rsquo;aucun membre du personnel n&rsquo;entre dans le supermarch\u00e9, la porte du tourniquet pivotant du supermarch\u00e9 sera automatiquement verrouill\u00e9e.<\/p>\n<p>G\u00e9n\u00e9ralement, lorsque des personnes entrent dans la porte du tourniquet pivotant, le radar int\u00e9gr\u00e9 ou le capteur infrarouge d\u00e9tecte la personne et le tourniquet pivotant ouvre automatiquement la porte. Apr\u00e8s le passage de la personne, l&rsquo;infrarouge ou le radar d\u00e9tectera \u00e9galement automatiquement, puis la porte du tourniquet du supermarch\u00e9 se fermera automatiquement. Parfois, afin de r\u00e9duire les co\u00fbts, il n&rsquo;y a que deux colonnes. Ce type de barri\u00e8re pivotante de supermarch\u00e9 doit \u00eatre ferm\u00e9 en fonction de l&rsquo;heure d\u00e9finie.<\/p>\n<p>La porte battante de supermarch\u00e9 est largement utilis\u00e9e pour le contr\u00f4le d&rsquo;acc\u00e8s des pi\u00e9tons dans les entrep\u00f4ts de supermarch\u00e9. La cl\u00f4ture peut \u00eatre ajout\u00e9e des deux c\u00f4t\u00e9s pour permettre un acc\u00e8s libre. Il est de taille, ce qui peut \u00e9conomiser de l&rsquo;espace. Il peut \u00e9galement \u00eatre utilis\u00e9 comme issue de secours. Mairsturnstile offre la meilleure qualit\u00e9 de <a href=\"https:\/\/mairsturnstile.com\/swing-turnstile-gate.html\">portail de tourniquet pivotant<\/a> au prix le moins cher en ligne. Le fabricant professionnel de tourniquets Mairs propose la porte de barri\u00e8re de tourniquet \u00e0 porte battante de supermarch\u00e9 la moins ch\u00e8re.<\/p>\n<ul>\n<li>En cas d&rsquo;urgence, veuillez couper le courant, le tourniquet d&rsquo;acc\u00e8s s&rsquo;ouvrira automatiquement pour permettre un libre passage conforme aux exigences de s\u00e9curit\u00e9 incendie.<\/li>\n<li>Le tourniquet d&rsquo;acc\u00e8s convient au <a href=\"https:\/\/en.wikipedia.org\/wiki\/Access_control\" target=\"_blank\" rel=\"noopener\">contr\u00f4le d&rsquo;acc\u00e8s<\/a> des supermarch\u00e9s.<\/li>\n<li>L&rsquo;ensemble du syst\u00e8me fonctionne en douceur, avec un faible bruit.<\/li>\n<li>Longueur maximale du bras : 800 mm<\/li>\n<li>Largement utilis\u00e9 pour le supermarch\u00e9<\/li>\n<li>Fonction d&rsquo;alarme, s&rsquo;il y a une intrusion ill\u00e9gale ou une intrusion inverse, la porte s&rsquo;alarmera et la porte se verrouillera.<\/li>\n<li>S&rsquo;il est livr\u00e9 avec une cl\u00f4ture, le capteur peut \u00eatre ajout\u00e9 pour r\u00e9aliser un acc\u00e8s gratuit. Le capteur du milieu sert \u00e0 \u00e9viter de pincer les pi\u00e9tons.<\/li>\n<li>Fonction anti-tailing, une personne peut passer \u00e0 la fois. Si quelqu&rsquo;un suit les personnes de devant, la porte sonnera<\/li>\n<li>L&rsquo;acc\u00e8s bidirectionnel r\u00e9duit le besoin de plus de portes. Il est adapt\u00e9 aux fauteuils roulants et aux poussettes pour augmenter l&rsquo;efficacit\u00e9 du passage. Il peut \u00e9galement fonctionner comme une seule direction, ce qui est largement vu dans le supermarch\u00e9 pour une seule entr\u00e9e.<\/li>\n<li>Fonction de r\u00e9initialisation automatique. Si les personnes ne sont pas pass\u00e9es dans le d\u00e9lai pr\u00e9d\u00e9fini (le d\u00e9lai par d\u00e9faut est de 5 secondes), le syst\u00e8me annulera l&rsquo;autorisation de l&rsquo;utilisateur et se fermera automatiquement.<\/li>\n<li>C&rsquo;est un bras en acier inoxydable. La largeur de la voie peut atteindre 1600 mm et peut \u00eatre utilis\u00e9e pour l&rsquo;acc\u00e8s \u00e0 v\u00e9lo ou \u00e0 moto.<\/li>\n<\/ul>\n<p>Nous pouvons fournir la solution compl\u00e8te de contr\u00f4le d&rsquo;acc\u00e8s de s\u00e9curit\u00e9. Si vous avez votre propre syst\u00e8me de contr\u00f4le d&rsquo;acc\u00e8s, vous pouvez directement utiliser notre porte tourniquet. Si vous n&rsquo;en avez pas, nous fournissons \u00e9galement une solution compl\u00e8te de contr\u00f4le d&rsquo;acc\u00e8s de s\u00e9curit\u00e9. Veuillez vous r\u00e9f\u00e9rer \u00e0 la vid\u00e9o ci-dessous pour plus de d\u00e9tails.<\/p>\n<p><iframe title=\"Portail battant pi\u00e9ton, portail battant motoris\u00e9, tourniquet pivotant cylindrique - MairsTurnstile.com\" src=\"https:\/\/www.youtube.com\/embed\/Z69v4_4BlEA\" width=\"1150\" height=\"650\" frameborder=\"0\" allowfullscreen=\"allowfullscreen\"><\/iframe><\/p>\n","protected":false},"excerpt":{"rendered":"<p>1. Taille : 168*1000 mm (peut \u00eatre personnalis\u00e9)<\/p>\n<p>2. Mat\u00e9riau du bras : acier inoxydable 304<\/p>\n<p>3. Vitesse de passage : 40 personne\/min<\/p>\n<p>4. Alimentation : 110 V\/220 V 50\/60 Hz<\/p>\n<p>5. Consommation de conduite : 20 W<\/p>\n<p>6. Signal de porte ouverte : contact sec\/relais<\/p>\n<p>7. Moteur d&rsquo;entra\u00eenement : 24 V<\/p>\n<p>8. Poids du tourniquet d&rsquo;acc\u00e8s : 30 kg\/pi\u00e8ces<\/p>\n<p>9. Un manuel est disponible<\/p>\n<p><span style=\"color: #0000ff;\"><strong><a style=\"color: #0000ff;\" title=\"Porte de tourniquet pivotante certifi\u00e9e CE Mairs\" href=\"http:\/\/mairsturnstile.com\/wp-content\/uploads\/2022\/09\/Mairs-CE-Certificate-Swing-Turnstile-Gate.pdf\" target=\"_blank\" rel=\"noopener noreferrer\">Certifi\u00e9 CE,<\/a> <a style=\"color: #0000ff;\" title=\"Certificat Mairs ISO9001\" href=\"http:\/\/mairsturnstile.com\/wp-content\/uploads\/2022\/09\/Mairs-Registration-Certificate-ISO9001.pdf\" target=\"_blank\" rel=\"noopener noreferrer\">Certifi\u00e9 ISO9001.<\/a><\/strong><\/span><\/p>\n<p><a title=\"Brochure sur les portes battantes de supermarch\u00e9\" href=\"http:\/\/mairsturnstile.com\/wp-content\/uploads\/2023\/12\/MT311-brochure.pdf\" target=\"_blank\" rel=\"noopener noreferrer\" data-wp-editing=\"1\"><img decoding=\"async\" class=\"alignnone size-full wp-image-11034\" src=\"http:\/\/mairsturnstile.com\/wp-content\/uploads\/2022\/09\/pdf-MairsTurnstile.png\" alt=\"\" width=\"32\" height=\"32\"><strong><span style=\"color: #0000ff;\">Brochure MT311 Porte battante de supermarch\u00e9<\/span><\/strong><\/a><\/p>\n","protected":false},"featured_media":57956,"comment_status":"closed","ping_status":"closed","template":"","meta":{"neve_meta_sidebar":"","neve_meta_container":"","neve_meta_enable_content_width":"off","neve_meta_content_width":0,"neve_meta_title_alignment":"","neve_meta_author_avatar":"","neve_post_elements_order":"","neve_meta_disable_header":"","neve_meta_disable_footer":"","neve_meta_disable_title":"","_ti_tpc_template_sync":false,"_ti_tpc_template_id":""},"product_cat":[877,879],"product_tag":[1082,1087,1369,1080],"class_list":["post-10546","product","type-product","status-publish","has-post-thumbnail","hentry","product_cat-porte-tourniquet","product_cat-tourniquet-pivotant","product_tag-porte-battante-de-supermarche","product_tag-tourniquet-de-barriere-doscillation","product_tag-tourniquet-de-sortie","product_tag-tourniquet-pivotant"],"_links":{"self":[{"href":"https:\/\/mairsturnstile.com\/fr\/wp-json\/wp\/v2\/product\/10546","targetHints":{"allow":["GET"]}}],"collection":[{"href":"https:\/\/mairsturnstile.com\/fr\/wp-json\/wp\/v2\/product"}],"about":[{"href":"https:\/\/mairsturnstile.com\/fr\/wp-json\/wp\/v2\/types\/product"}],"replies":[{"embeddable":true,"href":"https:\/\/mairsturnstile.com\/fr\/wp-json\/wp\/v2\/comments?post=10546"}],"version-history":[{"count":0,"href":"https:\/\/mairsturnstile.com\/fr\/wp-json\/wp\/v2\/product\/10546\/revisions"}],"wp:featuredmedia":[{"embeddable":true,"href":"https:\/\/mairsturnstile.com\/fr\/wp-json\/wp\/v2\/media\/57956"}],"wp:attachment":[{"href":"https:\/\/mairsturnstile.com\/fr\/wp-json\/wp\/v2\/media?parent=10546"}],"wp:term":[{"taxonomy":"product_cat","embeddable":true,"href":"https:\/\/mairsturnstile.com\/fr\/wp-json\/wp\/v2\/product_cat?post=10546"},{"taxonomy":"product_tag","embeddable":true,"href":"https:\/\/mairsturnstile.com\/fr\/wp-json\/wp\/v2\/product_tag?post=10546"}],"curies":[{"name":"wp","href":"https:\/\/api.w.org\/{rel}","templated":true}]}}