{"id":10551,"date":"2020-09-13T17:18:43","date_gmt":"2020-09-13T09:18:43","guid":{"rendered":"https:\/\/mairsturnstile.com\/product\/portail-battant-sans-sens-pour-pietons-mt312"},"modified":"2024-11-01T14:44:19","modified_gmt":"2024-11-01T06:44:19","slug":"portail-battant-a-sens-unique","status":"publish","type":"product","link":"https:\/\/mairsturnstile.com\/fr\/produit\/portail-battant-a-sens-unique","title":{"rendered":"PORTAIL BATTANT SANS SENS POUR PI\u00c9TONS MT312"},"content":{"rendered":"        <!-- 3D Model html -->\r\n        <div class=\"bp_grand wrapper_26000\">   \r\n        <div class=\"bp_model_parent\">\r\n            <model-viewer class=\"model\" id=\"bp_model_id_26000\" src=\"http:\/\/mairsturnstile.com\/wp-content\/uploads\/2023\/07\/MT312.glb\" alt=\"MT312\" camera-controls  loading=\"auto\" auto-rotate                        >\r\n            <\/model-viewer>\r\n        \r\n            <!-- Button -->\r\n            <svg id=\"openBtn\" width=\"30px\" height=\"30px\" viewBox=\"0 0 16 16\" xmlns=\"http:\/\/www.w3.org\/2000\/svg\" fill=\"#f2f2f2\" class=\"bi bi-arrows-fullscreen model-icon\">\r\n                <path fill-rule=\"evenodd\" d=\"M5.828 10.172a.5.5 0 0 0-.707 0l-4.096 4.096V11.5a.5.5 0 0 0-1 0v3.975a.5.5 0 0 0 .5.5H4.5a.5.5 0 0 0 0-1H1.732l4.096-4.096a.5.5 0 0 0 0-.707zm4.344 0a.5.5 0 0 1 .707 0l4.096 4.096V11.5a.5.5 0 1 1 1 0v3.975a.5.5 0 0 1-.5.5H11.5a.5.5 0 0 1 0-1h2.768l-4.096-4.096a.5.5 0 0 1 0-.707zm0-4.344a.5.5 0 0 0 .707 0l4.096-4.096V4.5a.5.5 0 1 0 1 0V.525a.5.5 0 0 0-.5-.5H11.5a.5.5 0 0 0 0 1h2.768l-4.096 4.096a.5.5 0 0 0 0 .707zm-4.344 0a.5.5 0 0 1-.707 0L1.025 1.732V4.5a.5.5 0 0 1-1 0V.525a.5.5 0 0 1 .5-.5H4.5a.5.5 0 0 1 0 1H1.732l4.096 4.096a.5.5 0 0 1 0 .707z\"\/>\r\n            <\/svg>\r\n        \r\n            <svg id=\"closeBtn\" class=\"model-icon\" width=\"34px\" height=\"34px\" viewBox=\"0 0 24 24\" xmlns=\"http:\/\/www.w3.org\/2000\/svg\">\r\n                <path fill=\"none\" stroke=\"#f2f2f2\" stroke-width=\"2\" d=\"M7,7 L17,17 M7,17 L17,7\"\/>\r\n            <\/svg>\r\n        \r\n        <\/div>\r\n        <\/div> \r\n\r\n        <!-- Model Viewer Style -->\r\n        <style>\r\n            \r\n            .wrapper_26000 .bp_model_parent, #bp_model_id_26000 {\r\n                width: 1150px;\r\n                max-width: 100%;\r\n                                            }\r\n            #bp_model_id_26000 {\r\n                height:700px;\r\n                background-color: #f9f9f9;\r\n            }\r\n            .fullscreen #bp_model_id_26000{\r\n            height: 100%;\r\n            width: 100%;\r\n            }\r\n            .wrapper_26000 .bp_model_parent{\r\n                justify-content: start            }\r\n            model-viewer.model {\r\n                --poster-color: transparent;\r\n            }\r\n        <\/style>\r\n        \r\n        \n<h4>La porte pivotante \u00e0 sens unique du TOURNIQUET PI\u00c9TON b\u00e9n\u00e9ficie d&rsquo;une garantie de 2 ans et d&rsquo;un support d&rsquo;entretien et de r\u00e9paration durable.<\/h4>\n<p>Nous pouvons fournir des services OEM et ODM. Nous avons des designers exp\u00e9riment\u00e9s qui peuvent effectuer une personnalisation approfondie en fonction de vos besoins. Nous fournirons une s\u00e9rie de mat\u00e9riaux tels que des rendus 3D, des dessins dimensionnels, etc. d\u00e8s que possible. Nous fournissons \u00e9galement des dispositifs biom\u00e9triques, tels que des lecteurs de cartes IC\/ID, des scanners d&#8217;empreintes digitales, des scanners de code QR, des cam\u00e9ras de reconnaissance faciale, etc.<\/p>\n<p style=\"font-weight: 400;\"><span style=\"font-style: inherit; font-weight: inherit;\">Porte d&rsquo;oscillation \u00e0 sens unique de tourniquet de s\u00e9curit\u00e9 de barri\u00e8re d&rsquo;oscillation pi\u00e9tonne de la verticale SUS304 avec le lecteur de cartes. Mairs offre la meilleure qualit\u00e9 de porte battante \u00e0 sens unique \u00e0 sens unique \u00e0 vendre.<\/span><\/p>\n<p>En tant que <a href=\"https:\/\/mairsturnstile.com\/category\/swing-turnstile-gate\">barri\u00e8re tournante de<\/a> s\u00e9curit\u00e9 \u00e0 haute performance, le tourniquet optique peut \u00eatre utilis\u00e9 dans de nombreux endroits gr\u00e2ce \u00e0 ses nombreux avantages. Il est largement appliqu\u00e9 aux gares routi\u00e8res, aux ports, aux quartiers, aux h\u00f4tels, aux clubs et aux entreprises qui souhaitent effectuer une gestion intelligente du passage. <a href=\"https:\/\/en.wikipedia.org\/wiki\/Stainless_steel\" target=\"_blank\" rel=\"noopener\">L&rsquo;acier inoxydable<\/a> 316 est disponible. C&rsquo;est une petite taille qui peut \u00e9conomiser de l&rsquo;espace.<\/p>\n<p>Nous pouvons \u00e9galement cr\u00e9er un rendu pour vous en quelques minutes en fonction de votre sc\u00e9nario r\u00e9el. Nous fournissons \u00e9galement une disposition et des dessins d\u00e9taill\u00e9s, ainsi que des dessins d&rsquo;installation.<\/p>\n\n        \t\n\t<style type=\"text\/css\">\n\t\t.slider-info-26001.bafg-slider-info .bafg-slider-title {\n\t\t\t\t\t\tfont-size: 22px;\n\t\t\t\t\t\t\n\t\t\t\n\t\t\t\t\t}\n\n\t\t.slider-info-26001.bafg-slider-info .bafg-slider-description {\n\t\t\t\n\t\t\t\n\t\t\t\t\t}\n\n\t\t.slider-info-26001.bafg-slider-info .bafg_slider_readmore_button {\n\t\t\t\n\t\t\t\n\t\t\t\n\t\t\t\n\t\t\t\n\t\t\ttext-align: center;\n\n\t\t\t\n\t\t\t\n\t\t\t\n\t\t\t\n\t\t\t\n\t\t\t\n\t\t\t\t\t}\n\n\t\t.slider-info-26001.bafg-slider-info .bafg_slider_readmore_button:hover {\n\n\t\t\t\n\t\t\t\n\t\t\t\t\t}\n\n\t<\/style>\n\t\n        <div class=\"bafg-twentytwenty-container slider-26001 \" bafg-orientation=\"horizontal\" bafg-default-offset=\"0.5\" bafg-before-label=\"Before\" bafg-after-label=\"After\" bafg-overlay=\"yes\" bafg-move-slider-on-hover=\"yes\" bafg-click-to-move=\"no\">\n              \n            <img decoding=\"async\" class=\"skip-lazy\" src=\"http:\/\/mairsturnstile.com\/wp-content\/uploads\/2023\/07\/one-way-swing-gate_4.jpg\" alt=\"\" data-skip-lazy title=\"\">\n            <img decoding=\"async\" class=\"skip-lazy\" src=\"http:\/\/mairsturnstile.com\/wp-content\/uploads\/2023\/07\/one-way-swing-gate_5.jpg\" alt=\"\" data-skip-lazy title=\"\">\n           \n        <\/div>\n\n        \t<div class=\"bafg-slider-info-wraper\">\n\t\t<div style=\"\" class=\"slider-info-26001 bafg-slider-info\">\n\t\t\t\t\t<\/div>\n\t<\/div>\n\t\n        <style type=\"text\/css\">\n            \n        <\/style>\n        \n<ul>\n<li>En cas d&rsquo;urgence, veuillez couper l&rsquo;alimentation, le tourniquet pivotant s&rsquo;ouvrira automatiquement pour permettre un libre passage conforme aux exigences de s\u00e9curit\u00e9 incendie.<\/li>\n<li>La porte battante \u00e0 sens unique convient \u00e0 diverses solutions d&rsquo;entr\u00e9e.<\/li>\n<li>L&rsquo;ensemble du syst\u00e8me fonctionne en douceur, avec un faible bruit.<\/li>\n<li>Meilleur portail pivotant \u00e0 sens unique pour tourniquet de barri\u00e8re pivotante pour pi\u00e9tons.<\/li>\n<li>Fonction d&rsquo;alarme, s&rsquo;il y a une intrusion ill\u00e9gale et une intrusion inverse, la porte s&rsquo;alarme et la porte se verrouille.<\/li>\n<li>Il y a un total de 2 paires de capteurs infrarouges pour \u00e9viter de pincer les pi\u00e9tons.<\/li>\n<li>Fonction anti-tailing, une personne peut passer \u00e0 la fois. Si quelqu&rsquo;un suit les personnes de devant, la porte sonnera<\/li>\n<li>Indicateur LED. Croix rouge et fl\u00e8che verte.<\/li>\n<li>L&rsquo;acc\u00e8s bidirectionnel r\u00e9duit le besoin de plus de portes. Il est adapt\u00e9 aux fauteuils roulants, la poussette shopping augmente l&rsquo;efficacit\u00e9 du passage.<\/li>\n<li>Fonction de r\u00e9initialisation automatique. Si les personnes ne sont pas pass\u00e9es dans le d\u00e9lai pr\u00e9d\u00e9fini (le d\u00e9lai par d\u00e9faut est de 5 secondes), le syst\u00e8me annulera l&rsquo;autorisation de l&rsquo;utilisateur et se fermera automatiquement.<\/li>\n<li>C&rsquo;est un bras en acier inoxydable. La largeur de la voie peut atteindre 1600 mm et peut \u00eatre utilis\u00e9e pour l&rsquo;acc\u00e8s \u00e0 v\u00e9lo ou \u00e0 moto.<\/li>\n<\/ul>\n<p>Nous pouvons fournir la solution compl\u00e8te de contr\u00f4le d&rsquo;acc\u00e8s de s\u00e9curit\u00e9. Si vous avez votre propre syst\u00e8me de contr\u00f4le d&rsquo;acc\u00e8s, vous pouvez directement utiliser notre porte tourniquet. Si vous n&rsquo;en avez pas, nous fournissons \u00e9galement une solution compl\u00e8te de contr\u00f4le d&rsquo;acc\u00e8s de s\u00e9curit\u00e9. Veuillez vous r\u00e9f\u00e9rer \u00e0 la vid\u00e9o ci-dessous pour plus de d\u00e9tails.<\/p>\n<p><iframe title=\"Portail battant pi\u00e9ton, portail battant motoris\u00e9, tourniquet pivotant cylindrique - MairsTurnstile.com\" src=\"https:\/\/www.youtube.com\/embed\/Z69v4_4BlEA\" width=\"1150\" height=\"650\" frameborder=\"0\" allowfullscreen=\"allowfullscreen\"><\/iframe><\/p>\n","protected":false},"excerpt":{"rendered":"<p>1. Taille : 420*330*980 mm (peut \u00eatre personnalis\u00e9)<\/p>\n<p>2. Longueur maximale du bras : 800 mm (peut \u00eatre personnalis\u00e9)<\/p>\n<p>3. Vitesse de passage : 40 personne\/min<\/p>\n<p>4. Alimentation : 110 V\/220 V 50\/60 Hz<\/p>\n<p>5. Consommation de conduite : 20 W<\/p>\n<p>6. Signal d&rsquo;ouverture de porte : contact sec\/relais<\/p>\n<p>7. Moteur d&rsquo;entra\u00eenement : 24 V<\/p>\n<p>8. Poids de porte de tourniquet de s\u00e9curit\u00e9 : 30 kg\/pcs<\/p>\n<p>9. Voyant LED sur le capot sup\u00e9rieur<\/p>\n<p><strong><a title=\"Porte de tourniquet pivotante certifi\u00e9e CE Mairs\" href=\"http:\/\/mairsturnstile.com\/wp-content\/uploads\/2022\/09\/Mairs-CE-Certificate-Swing-Turnstile-Gate.pdf\" target=\"_blank\" rel=\"noopener noreferrer\">Certifi\u00e9 CE,<\/a> <a title=\"Certificat Mairs ISO9001\" href=\"http:\/\/mairsturnstile.com\/wp-content\/uploads\/2022\/09\/Mairs-Registration-Certificate-ISO9001.pdf\" target=\"_blank\" rel=\"noopener noreferrer\">Certifi\u00e9 ISO9001.<\/a><\/strong><\/p>\n","protected":false},"featured_media":59999,"comment_status":"closed","ping_status":"closed","template":"","meta":{"neve_meta_sidebar":"","neve_meta_container":"","neve_meta_enable_content_width":"off","neve_meta_content_width":0,"neve_meta_title_alignment":"","neve_meta_author_avatar":"","neve_post_elements_order":"","neve_meta_disable_header":"","neve_meta_disable_footer":"","neve_meta_disable_title":"","_ti_tpc_template_sync":false,"_ti_tpc_template_id":""},"product_cat":[877,879],"product_tag":[1389,1391,1090,1089],"class_list":["post-10551","product","type-product","status-publish","has-post-thumbnail","hentry","product_cat-porte-tourniquet","product_cat-tourniquet-pivotant","product_tag-combien-coute-un-tourniquet","product_tag-cout-du-tourniquet","product_tag-portail-battant-a-sens-unique","product_tag-porte-tourniquet-battante"],"_links":{"self":[{"href":"https:\/\/mairsturnstile.com\/fr\/wp-json\/wp\/v2\/product\/10551","targetHints":{"allow":["GET"]}}],"collection":[{"href":"https:\/\/mairsturnstile.com\/fr\/wp-json\/wp\/v2\/product"}],"about":[{"href":"https:\/\/mairsturnstile.com\/fr\/wp-json\/wp\/v2\/types\/product"}],"replies":[{"embeddable":true,"href":"https:\/\/mairsturnstile.com\/fr\/wp-json\/wp\/v2\/comments?post=10551"}],"version-history":[{"count":0,"href":"https:\/\/mairsturnstile.com\/fr\/wp-json\/wp\/v2\/product\/10551\/revisions"}],"wp:featuredmedia":[{"embeddable":true,"href":"https:\/\/mairsturnstile.com\/fr\/wp-json\/wp\/v2\/media\/59999"}],"wp:attachment":[{"href":"https:\/\/mairsturnstile.com\/fr\/wp-json\/wp\/v2\/media?parent=10551"}],"wp:term":[{"taxonomy":"product_cat","embeddable":true,"href":"https:\/\/mairsturnstile.com\/fr\/wp-json\/wp\/v2\/product_cat?post=10551"},{"taxonomy":"product_tag","embeddable":true,"href":"https:\/\/mairsturnstile.com\/fr\/wp-json\/wp\/v2\/product_tag?post=10551"}],"curies":[{"name":"wp","href":"https:\/\/api.w.org\/{rel}","templated":true}]}}