{"id":10552,"date":"2020-09-13T17:13:02","date_gmt":"2020-09-13T09:13:02","guid":{"rendered":"https:\/\/mairsturnstile.com\/product\/tourniquets-dentree-tourniquet-a-barriere-pivotante-mt321"},"modified":"2024-11-01T14:40:03","modified_gmt":"2024-11-01T06:40:03","slug":"entree-tourniquets","status":"publish","type":"product","link":"https:\/\/mairsturnstile.com\/fr\/produit\/entree-tourniquets","title":{"rendered":"TOURNIQUETS D&rsquo;ENTR\u00c9E TOURNIQUET \u00c0 BARRI\u00c8RE PIVOTANTE MT340"},"content":{"rendered":"        <!-- 3D Model html -->\r\n        <div class=\"bp_grand wrapper_23468\">   \r\n        <div class=\"bp_model_parent\">\r\n            <model-viewer class=\"model\" id=\"bp_model_id_23468\" src=\"http:\/\/mairsturnstile.com\/wp-content\/uploads\/2023\/06\/MT324.glb\" alt=\"MT324\" camera-controls  loading=\"auto\" auto-rotate                        >\r\n            <\/model-viewer>\r\n        \r\n            <!-- Button -->\r\n            <svg id=\"openBtn\" width=\"30px\" height=\"30px\" viewBox=\"0 0 16 16\" xmlns=\"http:\/\/www.w3.org\/2000\/svg\" fill=\"#f2f2f2\" class=\"bi bi-arrows-fullscreen model-icon\">\r\n                <path fill-rule=\"evenodd\" d=\"M5.828 10.172a.5.5 0 0 0-.707 0l-4.096 4.096V11.5a.5.5 0 0 0-1 0v3.975a.5.5 0 0 0 .5.5H4.5a.5.5 0 0 0 0-1H1.732l4.096-4.096a.5.5 0 0 0 0-.707zm4.344 0a.5.5 0 0 1 .707 0l4.096 4.096V11.5a.5.5 0 1 1 1 0v3.975a.5.5 0 0 1-.5.5H11.5a.5.5 0 0 1 0-1h2.768l-4.096-4.096a.5.5 0 0 1 0-.707zm0-4.344a.5.5 0 0 0 .707 0l4.096-4.096V4.5a.5.5 0 1 0 1 0V.525a.5.5 0 0 0-.5-.5H11.5a.5.5 0 0 0 0 1h2.768l-4.096 4.096a.5.5 0 0 0 0 .707zm-4.344 0a.5.5 0 0 1-.707 0L1.025 1.732V4.5a.5.5 0 0 1-1 0V.525a.5.5 0 0 1 .5-.5H4.5a.5.5 0 0 1 0 1H1.732l4.096 4.096a.5.5 0 0 1 0 .707z\"\/>\r\n            <\/svg>\r\n        \r\n            <svg id=\"closeBtn\" class=\"model-icon\" width=\"34px\" height=\"34px\" viewBox=\"0 0 24 24\" xmlns=\"http:\/\/www.w3.org\/2000\/svg\">\r\n                <path fill=\"none\" stroke=\"#f2f2f2\" stroke-width=\"2\" d=\"M7,7 L17,17 M7,17 L17,7\"\/>\r\n            <\/svg>\r\n        \r\n        <\/div>\r\n        <\/div> \r\n\r\n        <!-- Model Viewer Style -->\r\n        <style>\r\n            \r\n            .wrapper_23468 .bp_model_parent, #bp_model_id_23468 {\r\n                width: 1150px;\r\n                max-width: 100%;\r\n                                            }\r\n            #bp_model_id_23468 {\r\n                height:700px;\r\n                background-color: #f2f2f2;\r\n            }\r\n            .fullscreen #bp_model_id_23468{\r\n            height: 100%;\r\n            width: 100%;\r\n            }\r\n            .wrapper_23468 .bp_model_parent{\r\n                justify-content: start            }\r\n            model-viewer.model {\r\n                --poster-color: transparent;\r\n            }\r\n        <\/style>\r\n        \r\n        \n<h2>La porte de tourniquet de barri\u00e8re d&rsquo;oscillation de TOURNIQUETS D&rsquo;ENTR\u00c9E porte une garantie de 2 ans et un support durable d&rsquo;entretien et de r\u00e9paration.<\/h2>\n<p>Nous pouvons fournir des services OEM et ODM. Nous avons des designers exp\u00e9riment\u00e9s qui peuvent effectuer une personnalisation approfondie en fonction de vos besoins. Nous fournirons une s\u00e9rie de mat\u00e9riaux tels que des rendus 3D, des dessins dimensionnels, etc. d\u00e8s que possible. Nous fournissons \u00e9galement des dispositifs biom\u00e9triques, tels que des lecteurs de cartes IC\/ID, des scanners d&#8217;empreintes digitales, des scanners de code QR, des cam\u00e9ras de reconnaissance faciale, etc.<\/p>\n<p style=\"font-weight: 400;\">En tant que <span style=\"font-style: inherit; font-weight: inherit;\">tourniquet d&rsquo;entr\u00e9e haute performance<\/span> <span style=\"font-style: inherit; font-weight: inherit;\">porte de tourniquet de barri\u00e8re d&rsquo;oscillation, la porte de tourniquet d&rsquo;entr\u00e9e peut \u00eatre employ\u00e9e dans beaucoup d&rsquo;endroits en vertu de ses nombreux avantages. Immeubles de bureaux, biblioth\u00e8ques, a\u00e9roports, etc., qui peuvent prot\u00e9ger efficacement la s\u00e9curit\u00e9 du contr\u00f4le d&rsquo;acc\u00e8s.<\/span><\/p>\n<p style=\"font-weight: 400;\"><span style=\"font-weight: 400;\">Les tourniquets d&rsquo;entr\u00e9e sont un tourniquet \u00e0 barri\u00e8re pivotante attrayant qui est facilement capable de g\u00e9rer un volume \u00e9lev\u00e9 et des conditions abusives. Il est largement appliqu\u00e9 aux gares routi\u00e8res, aux ports, aux quartiers, aux h\u00f4tels, aux clubs et aux entreprises qui souhaitent effectuer une gestion intelligente du passage. <a href=\"https:\/\/mairsturnstile.com\/\">Mairsturnstile<\/a> offre la meilleure porte de tourniquet de barri\u00e8re d&rsquo;oscillation de tourniquets d&rsquo;entr\u00e9e de qualit\u00e9 \u00e0 vendre. <\/span><\/p>\n<p>Nous pouvons \u00e9galement cr\u00e9er un rendu pour vous en quelques minutes en fonction de votre sc\u00e9nario r\u00e9el. Nous fournissons \u00e9galement une disposition et des dessins d\u00e9taill\u00e9s, ainsi que des dessins d&rsquo;installation.<\/p>\n\n        \t\n\t<style type=\"text\/css\">\n\t\t.slider-info-23491.bafg-slider-info .bafg-slider-title {\n\t\t\t\t\t\tfont-size: 22px;\n\t\t\t\t\t\t\n\t\t\t\n\t\t\t\t\t}\n\n\t\t.slider-info-23491.bafg-slider-info .bafg-slider-description {\n\t\t\t\n\t\t\t\n\t\t\t\t\t}\n\n\t\t.slider-info-23491.bafg-slider-info .bafg_slider_readmore_button {\n\t\t\t\n\t\t\t\n\t\t\t\n\t\t\t\n\t\t\t\n\t\t\ttext-align: center;\n\n\t\t\t\n\t\t\t\n\t\t\t\n\t\t\t\n\t\t\t\n\t\t\t\n\t\t\t\t\t}\n\n\t\t.slider-info-23491.bafg-slider-info .bafg_slider_readmore_button:hover {\n\n\t\t\t\n\t\t\t\n\t\t\t\t\t}\n\n\t<\/style>\n\t\n        <div class=\"bafg-twentytwenty-container slider-23491 \" bafg-orientation=\"horizontal\" bafg-default-offset=\"0.5\" bafg-before-label=\"Before\" bafg-after-label=\"After\" bafg-overlay=\"yes\" bafg-move-slider-on-hover=\"yes\" bafg-click-to-move=\"no\">\n              \n            <img decoding=\"async\" class=\"skip-lazy\" src=\"http:\/\/mairsturnstile.com\/wp-content\/uploads\/2023\/06\/entry-turnstiles_7.jpg\" alt=\"\" data-skip-lazy title=\"\">\n            <img decoding=\"async\" class=\"skip-lazy\" src=\"http:\/\/mairsturnstile.com\/wp-content\/uploads\/2023\/06\/entry-turnstiles_8.jpg\" alt=\"\" data-skip-lazy title=\"\">\n           \n        <\/div>\n\n        \t<div class=\"bafg-slider-info-wraper\">\n\t\t<div style=\"\" class=\"slider-info-23491 bafg-slider-info\">\n\t\t\t\t\t<\/div>\n\t<\/div>\n\t\n        <style type=\"text\/css\">\n            \n        <\/style>\n        \n<ul>\n<li>Les tourniquets d&rsquo;entr\u00e9e sont une porte \u00e0 grande vitesse, une porte de tourniquet pivotante, qui est g\u00e9n\u00e9ralement appliqu\u00e9e dans les endroits \u00e0 fort trafic en fonctionnement bidirectionnel.<\/li>\n<li>Le ch\u00e2ssis est fabriqu\u00e9 \u00e0 partir <a href=\"https:\/\/en.wikipedia.org\/wiki\/Stainless_steel\" target=\"_blank\" rel=\"noopener\">d&rsquo;acier inoxydable<\/a> 304 \u00e0 texture capillaire, ce qui cr\u00e9e un point d&rsquo;acc\u00e8s homog\u00e8ne et \u00e9l\u00e9gant pour s&rsquo;adapter \u00e0 la plupart des environnements int\u00e9rieurs.<\/li>\n<li>Cette barri\u00e8re pivotante pour tourniquets d&rsquo;entr\u00e9e est livr\u00e9e avec la norme internationale RS485 et des relais qui la rendent largement compatible avec tous les logiciels existants dans l&rsquo;industrie et presque tous les contr\u00f4les d&rsquo;acc\u00e8s comme les syst\u00e8mes RFID, les syst\u00e8mes de codes \u00e0 barres, les syst\u00e8mes de reconnaissance faciale et les syst\u00e8mes d&#8217;empreintes digitales, etc.<\/li>\n<li>En cas d&rsquo;urgence, coupez l&rsquo;alimentation et le tourniquet optique s&rsquo;ouvrira automatiquement pour permettre un libre passage conforme aux exigences de s\u00e9curit\u00e9 incendie. Mais il doit venir avec une batterie. Quant \u00e0 l&rsquo;exportation, la batterie est sensible, nous pouvons utiliser le condensateur pour remplacer<\/li>\n<li>Les tourniquets d&rsquo;entr\u00e9e optiques conviennent aux solutions d&rsquo;entr\u00e9e de luxe et haut de gamme.<\/li>\n<li>L&rsquo;ensemble du syst\u00e8me fonctionne en douceur, avec un faible bruit et une vitesse \u00e9lev\u00e9e.<\/li>\n<li>Mat\u00e9riau du bo\u00eetier : acier inoxydable 304<\/li>\n<li>La taille et l&rsquo;\u00e9paisseur du mat\u00e9riau peuvent \u00eatre personnalis\u00e9es<\/li>\n<li>Fonction d&rsquo;alarme, s&rsquo;il y a une intrusion ill\u00e9gale et une intrusion inverse, la porte s&rsquo;alarme et la porte se verrouille.<\/li>\n<li>Il y a un total de 5 paires de capteurs infrarouges. Les capteurs du milieu sont destin\u00e9s \u00e0 emp\u00eacher les pi\u00e9tons de se pincer.<\/li>\n<li>Fonction anti-tailing, une personne peut passer \u00e0 la fois. Si quelqu&rsquo;un suit les personnes de devant, la porte sonnera<\/li>\n<li>Indicateur LED. Croix rouge et fl\u00e8che verte. Il y a aussi des indicateurs LED sur le poteau avant. La lumi\u00e8re LED peut \u00eatre ajout\u00e9e aux bras.<\/li>\n<li>L&rsquo;acc\u00e8s bidirectionnel r\u00e9duit le besoin de plus de portes. Il est adapt\u00e9 aux fauteuils roulants, la poussette shopping augmente l&rsquo;efficacit\u00e9 du passage.<\/li>\n<li>Fonction de r\u00e9initialisation automatique. Si les personnes sont pass\u00e9es dans le temps pr\u00e9d\u00e9fini (le temps par d\u00e9faut est de 5 secondes), le syst\u00e8me annulera l&rsquo;autorit\u00e9 de l&rsquo;utilisateur et se fermera automatiquement<\/li>\n<li>Anti-choc, Anti-pince, Les portes sont livr\u00e9es sans balai Pendant le fonctionnement, si quelqu&rsquo;un frappe le bras, la porte se r\u00e9initialise automatiquement. Cette fonction emp\u00eache efficacement les pi\u00e9tons, en particulier les enfants, de se cogner, de se couper, de se heurter, etc.<\/li>\n<\/ul>\n<p>Nous pouvons fournir la solution compl\u00e8te de contr\u00f4le d&rsquo;acc\u00e8s de s\u00e9curit\u00e9. Si vous avez votre propre syst\u00e8me de contr\u00f4le d&rsquo;acc\u00e8s, vous pouvez directement utiliser notre porte tourniquet. Si vous n&rsquo;en avez pas, nous fournissons \u00e9galement une solution compl\u00e8te de contr\u00f4le d&rsquo;acc\u00e8s de s\u00e9curit\u00e9. Veuillez vous r\u00e9f\u00e9rer \u00e0 la vid\u00e9o ci-dessous pour plus de d\u00e9tails.<\/p>\n<p><iframe title=\"Tourniquet pivotant optique, tourniquet \u00e0 barri\u00e8re pivotante, tourniquet pivotant - MairsTurnstile\" src=\"https:\/\/www.youtube.com\/embed\/hdoBSoM85u4\" width=\"1150\" height=\"650\" frameborder=\"0\" allowfullscreen=\"allowfullscreen\"><\/iframe><\/p>\n","protected":false},"excerpt":{"rendered":"<p>1. Taille : 1500*160*1000 mm (peut \u00eatre personnalis\u00e9)<\/p>\n<p>2. Largeur de voie : 600 mm (standard) 900 mm (handicap\u00e9)<\/p>\n<p>3. Mat\u00e9riau du bras : acier inoxydable 304<\/p>\n<p>4. Vitesse de passage : 40 personne\/min<\/p>\n<p>5. Alimentation : 110 V\/220 V 50\/60 Hz<\/p>\n<p>6. Moteur \u00e0 courant continu : 20 W<\/p>\n<p>7. Signal de porte ouverte : contact sec\/relais<\/p>\n<p>8. Moteur d&rsquo;entra\u00eenement des tourniquets optiques : 24 V<\/p>\n<p>9. Largeur maximale de la voie : 1600 mm<\/p>\n<p><strong><a title=\"Porte de tourniquet pivotante certifi\u00e9e CE Mairs\" href=\"http:\/\/mairsturnstile.com\/wp-content\/uploads\/2022\/09\/Mairs-CE-Certificate-Swing-Turnstile-Gate.pdf\" target=\"_blank\" rel=\"noopener noreferrer\">Certifi\u00e9 CE,<\/a> <a title=\"Certificat Mairs ISO9001\" href=\"http:\/\/mairsturnstile.com\/wp-content\/uploads\/2022\/09\/Mairs-Registration-Certificate-ISO9001.pdf\" target=\"_blank\" rel=\"noopener noreferrer\">Certifi\u00e9 ISO9001.<\/a><\/strong><\/p>\n<p><a title=\"Brochure sur les tourniquets d'entr\u00e9e pivotants\" href=\"http:\/\/mairsturnstile.com\/wp-content\/uploads\/2023\/12\/MT340-brochure.pdf%20target=\" rel=\"noopener noreferrer\" data-wp-editing=\"1\"><img decoding=\"async\" class=\"alignnone size-full wp-image-11034\" src=\"http:\/\/mairsturnstile.com\/wp-content\/uploads\/2022\/09\/pdf-MairsTurnstile.png\" alt=\"\" width=\"32\" height=\"32\"><strong><span style=\"color: #0000ff;\">Brochure sur les tourniquets d&rsquo;entr\u00e9e MT340<\/span><\/strong><\/a><\/p>\n","protected":false},"featured_media":22599,"comment_status":"closed","ping_status":"closed","template":"","meta":{"neve_meta_sidebar":"","neve_meta_container":"","neve_meta_enable_content_width":"off","neve_meta_content_width":0,"neve_meta_title_alignment":"","neve_meta_author_avatar":"","neve_post_elements_order":"","neve_meta_disable_header":"","neve_meta_disable_footer":"","neve_meta_disable_title":"","_ti_tpc_template_sync":false,"_ti_tpc_template_id":""},"product_cat":[877,879],"product_tag":[1092,1089,1369,1101,1091,1450],"class_list":["post-10552","product","type-product","status-publish","has-post-thumbnail","hentry","product_cat-porte-tourniquet","product_cat-tourniquet-pivotant","product_tag-entree-tourniquet","product_tag-porte-tourniquet-battante","product_tag-tourniquet-de-sortie","product_tag-tourniquets-bon-marche","product_tag-tourniquets-dentree","product_tag-tourniquets-exterieurs"],"_links":{"self":[{"href":"https:\/\/mairsturnstile.com\/fr\/wp-json\/wp\/v2\/product\/10552","targetHints":{"allow":["GET"]}}],"collection":[{"href":"https:\/\/mairsturnstile.com\/fr\/wp-json\/wp\/v2\/product"}],"about":[{"href":"https:\/\/mairsturnstile.com\/fr\/wp-json\/wp\/v2\/types\/product"}],"replies":[{"embeddable":true,"href":"https:\/\/mairsturnstile.com\/fr\/wp-json\/wp\/v2\/comments?post=10552"}],"version-history":[{"count":0,"href":"https:\/\/mairsturnstile.com\/fr\/wp-json\/wp\/v2\/product\/10552\/revisions"}],"wp:featuredmedia":[{"embeddable":true,"href":"https:\/\/mairsturnstile.com\/fr\/wp-json\/wp\/v2\/media\/22599"}],"wp:attachment":[{"href":"https:\/\/mairsturnstile.com\/fr\/wp-json\/wp\/v2\/media?parent=10552"}],"wp:term":[{"taxonomy":"product_cat","embeddable":true,"href":"https:\/\/mairsturnstile.com\/fr\/wp-json\/wp\/v2\/product_cat?post=10552"},{"taxonomy":"product_tag","embeddable":true,"href":"https:\/\/mairsturnstile.com\/fr\/wp-json\/wp\/v2\/product_tag?post=10552"}],"curies":[{"name":"wp","href":"https:\/\/api.w.org\/{rel}","templated":true}]}}