{"id":10553,"date":"2020-09-13T16:01:00","date_gmt":"2020-09-13T08:01:00","guid":{"rendered":"https:\/\/mairsturnstile.com\/product\/tourniquet-a-reconnaissance-visage-tourniquet-pivotant-mt342"},"modified":"2024-11-01T14:36:02","modified_gmt":"2024-11-01T06:36:02","slug":"tourniquet-reconnaissance-faciale","status":"publish","type":"product","link":"https:\/\/mairsturnstile.com\/fr\/produit\/tourniquet-reconnaissance-faciale","title":{"rendered":"TOURNIQUET \u00c0 RECONNAISSANCE VISAGE TOURNIQUET PIVOTANT MT342"},"content":{"rendered":"        <!-- 3D Model html -->\r\n        <div class=\"bp_grand wrapper_23473\">   \r\n        <div class=\"bp_model_parent\">\r\n            <model-viewer class=\"model\" id=\"bp_model_id_23473\" src=\"http:\/\/mairsturnstile.com\/wp-content\/uploads\/2024\/01\/MT342-1.glb\" alt=\"MT342-1\" camera-controls  loading=\"auto\" auto-rotate                        >\r\n            <\/model-viewer>\r\n        \r\n            <!-- Button -->\r\n            <svg id=\"openBtn\" width=\"30px\" height=\"30px\" viewBox=\"0 0 16 16\" xmlns=\"http:\/\/www.w3.org\/2000\/svg\" fill=\"#f2f2f2\" class=\"bi bi-arrows-fullscreen model-icon\">\r\n                <path fill-rule=\"evenodd\" d=\"M5.828 10.172a.5.5 0 0 0-.707 0l-4.096 4.096V11.5a.5.5 0 0 0-1 0v3.975a.5.5 0 0 0 .5.5H4.5a.5.5 0 0 0 0-1H1.732l4.096-4.096a.5.5 0 0 0 0-.707zm4.344 0a.5.5 0 0 1 .707 0l4.096 4.096V11.5a.5.5 0 1 1 1 0v3.975a.5.5 0 0 1-.5.5H11.5a.5.5 0 0 1 0-1h2.768l-4.096-4.096a.5.5 0 0 1 0-.707zm0-4.344a.5.5 0 0 0 .707 0l4.096-4.096V4.5a.5.5 0 1 0 1 0V.525a.5.5 0 0 0-.5-.5H11.5a.5.5 0 0 0 0 1h2.768l-4.096 4.096a.5.5 0 0 0 0 .707zm-4.344 0a.5.5 0 0 1-.707 0L1.025 1.732V4.5a.5.5 0 0 1-1 0V.525a.5.5 0 0 1 .5-.5H4.5a.5.5 0 0 1 0 1H1.732l4.096 4.096a.5.5 0 0 1 0 .707z\"\/>\r\n            <\/svg>\r\n        \r\n            <svg id=\"closeBtn\" class=\"model-icon\" width=\"34px\" height=\"34px\" viewBox=\"0 0 24 24\" xmlns=\"http:\/\/www.w3.org\/2000\/svg\">\r\n                <path fill=\"none\" stroke=\"#f2f2f2\" stroke-width=\"2\" d=\"M7,7 L17,17 M7,17 L17,7\"\/>\r\n            <\/svg>\r\n        \r\n        <\/div>\r\n        <\/div> \r\n\r\n        <!-- Model Viewer Style -->\r\n        <style>\r\n            \r\n            .wrapper_23473 .bp_model_parent, #bp_model_id_23473 {\r\n                width: 1150px;\r\n                max-width: 100%;\r\n                                            }\r\n            #bp_model_id_23473 {\r\n                height:700px;\r\n                background-color: #f2f2f2;\r\n            }\r\n            .fullscreen #bp_model_id_23473{\r\n            height: 100%;\r\n            width: 100%;\r\n            }\r\n            .wrapper_23473 .bp_model_parent{\r\n                justify-content: start            }\r\n            model-viewer.model {\r\n                --poster-color: transparent;\r\n            }\r\n        <\/style>\r\n        \r\n        \n<h4>La porte de tourniquet d&rsquo;oscillation de TOURNIQUET de RECONNAISSANCE de VISAGE porte une garantie de 2 ans et un support durable d&rsquo;entretien et de r\u00e9paration.<\/h4>\n<p>Nous pouvons fournir des services OEM et ODM. Mairs offre la meilleure porte de tourniquet pivotante \u00e0 tourniquet de <a href=\"https:\/\/en.wikipedia.org\/wiki\/Facial_recognition\" target=\"_blank\" rel=\"noopener\">reconnaissance faciale<\/a> \u00e0 vendre. Nous fournissons \u00e9galement des dispositifs biom\u00e9triques, tels que des lecteurs de cartes IC\/ID, des scanners d&#8217;empreintes digitales, des scanners de code QR, des cam\u00e9ras de reconnaissance faciale, etc.<\/p>\n<p><strong>Le tourniquet \u00e0 reconnaissance faciale est un type de tourniquet pour pi\u00e9tons qui est int\u00e9gr\u00e9 \u00e0 une <a href=\"https:\/\/mairsturnstile.com\/product\/face-recognition-camera\">cam\u00e9ra de reconnaissance faciale<\/a><\/strong>. <strong>En g\u00e9n\u00e9ral, tous les types de tourniquets peuvent \u00eatre \u00e9quip\u00e9s d&rsquo;une cam\u00e9ra de reconnaissance faciale.<\/strong> Bien entendu, une cam\u00e9ra de reconnaissance faciale peut \u00e9galement int\u00e9grer la fonction de mesure de la temp\u00e9rature. Avec le d\u00e9veloppement de la soci\u00e9t\u00e9 et les progr\u00e8s de la science et de la technologie, le tourniquet de reconnaissance faciale sera de plus en plus utilis\u00e9. Si vous avez besoin de tout type de porte de tourniquet avec une cam\u00e9ra de reconnaissance faciale, veuillez <a href=\"https:\/\/mairsturnstile.com\/contact\">nous contacter<\/a><\/p>\n<p>Le tourniquet de reconnaissance faciale est compos\u00e9 de deux parties : le terminal de cam\u00e9ra de reconnaissance faciale et la porte pi\u00e9tonne du tourniquet. La diff\u00e9rence entre le tourniquet de reconnaissance faciale et la porte du tourniquet utilis\u00e9e seule est que le tourniquet de reconnaissance faciale peut non seulement contr\u00f4ler la porte du tourniquet par balayage de carte et code QR, mais \u00e9galement contr\u00f4ler l&rsquo;ouverture de la porte du tourniquet par reconnaissance faciale (brossage du visage), ce qui ne am\u00e9liore non seulement l&rsquo;exp\u00e9rience des pi\u00e9tons \u00e0 l&rsquo;int\u00e9rieur et \u00e0 l&rsquo;ext\u00e9rieur, mais am\u00e9liore \u00e9galement la s\u00e9curit\u00e9 du lieu.<\/p>\n<p>La reconnaissance faciale est visuelle et conforme aux habitudes de pens\u00e9e des gens. Dans une certaine mesure, il est plus pratique, s\u00fbr et fiable que les mots de passe et les cl\u00e9s. La porte de tourniquet \u00e0 reconnaissance faciale dynamique int\u00e8gre les fonctions de collecte de visage sur site, de v\u00e9rification d&rsquo;identit\u00e9, d&rsquo;alerte pr\u00e9coce de liste noire, etc. De la lecture des informations de la carte d&rsquo;identit\u00e9 \u00e0 la collecte sur site des photos de visage, en passant par la comparaison et l&rsquo;obtention des r\u00e9sultats, l&rsquo;ensemble du processus est automatis\u00e9 sans ajouter de configuration mat\u00e9rielle p\u00e9riph\u00e9rique. Le processus de fonctionnement ne n\u00e9cessite aucune intervention manuelle, et les informations collect\u00e9es et les r\u00e9sultats de comparaison peuvent \u00eatre t\u00e9l\u00e9charg\u00e9s sur la plate-forme d&rsquo;acquisition de donn\u00e9es volumineuses en temps r\u00e9el.<\/p>\n<p>Ces derni\u00e8res ann\u00e9es, l&rsquo;application du tourniquet de reconnaissance faciale est de plus en plus r\u00e9pandue. De nombreux immeubles de bureaux, gares et autres lieux tr\u00e8s fr\u00e9quent\u00e9s utilisent des portes de tourniquet \u00e0 reconnaissance faciale. Le tourniquet de reconnaissance faciale peut non seulement comparer rapidement les personnes entrantes et sortantes, mais \u00e9galement am\u00e9liorer efficacement la s\u00e9curit\u00e9 du site et l&rsquo;efficacit\u00e9 du trafic.<\/p>\n<p>Bas\u00e9 sur la porte du tourniquet mat\u00e9riel, le tourniquet de reconnaissance faciale ajoute un module de reconnaissance faciale. Apr\u00e8s avoir collect\u00e9 les informations sur le visage du visiteur et jug\u00e9 l&rsquo;autorit\u00e9 de visite gr\u00e2ce \u00e0 certains traitements algorithmiques, il est souvent utilis\u00e9 dans les lieux publics pour remplacer les audits manuels.<\/p>\n<p>Nous pouvons \u00e9galement cr\u00e9er un rendu pour vous en quelques minutes en fonction de votre sc\u00e9nario r\u00e9el. Nous fournissons \u00e9galement des sch\u00e9mas et sch\u00e9mas d\u00e9taill\u00e9s, ainsi que des sch\u00e9mas d&rsquo;installation.<\/p>\n\n        \t\n\t<style type=\"text\/css\">\n\t\t.slider-info-23490.bafg-slider-info .bafg-slider-title {\n\t\t\t\t\t\tfont-size: 22px;\n\t\t\t\t\t\t\n\t\t\t\n\t\t\t\t\t}\n\n\t\t.slider-info-23490.bafg-slider-info .bafg-slider-description {\n\t\t\t\n\t\t\t\n\t\t\t\t\t}\n\n\t\t.slider-info-23490.bafg-slider-info .bafg_slider_readmore_button {\n\t\t\t\n\t\t\t\n\t\t\t\n\t\t\t\n\t\t\t\n\t\t\ttext-align: center;\n\n\t\t\t\n\t\t\t\n\t\t\t\n\t\t\t\n\t\t\t\n\t\t\t\n\t\t\t\t\t}\n\n\t\t.slider-info-23490.bafg-slider-info .bafg_slider_readmore_button:hover {\n\n\t\t\t\n\t\t\t\n\t\t\t\t\t}\n\n\t<\/style>\n\t\n        <div class=\"bafg-twentytwenty-container slider-23490 \" bafg-orientation=\"horizontal\" bafg-default-offset=\"0.5\" bafg-before-label=\"Before\" bafg-after-label=\"After\" bafg-overlay=\"yes\" bafg-move-slider-on-hover=\"yes\" bafg-click-to-move=\"no\">\n              \n            <img decoding=\"async\" class=\"skip-lazy\" src=\"http:\/\/mairsturnstile.com\/wp-content\/uploads\/2023\/06\/turnstile-swing-gate_6.jpg\" alt=\"turnstile swing gate\" data-skip-lazy title=\"\">\n            <img decoding=\"async\" class=\"skip-lazy\" src=\"http:\/\/mairsturnstile.com\/wp-content\/uploads\/2020\/09\/face-recognition-turnstile-5.jpg\" alt=\"face recognition turnstile\" data-skip-lazy title=\"\">\n           \n        <\/div>\n\n        \t<div class=\"bafg-slider-info-wraper\">\n\t\t<div style=\"\" class=\"slider-info-23490 bafg-slider-info\">\n\t\t\t\t\t<\/div>\n\t<\/div>\n\t\n        <style type=\"text\/css\">\n            \n        <\/style>\n        \n<h3>Principe du tourniquet \u00e0 reconnaissance faciale :<\/h3>\n<p>Tout d&rsquo;abord, collectez les informations sur le visage de la personne passant la porte du tourniquet \u00e0 travers la cam\u00e9ra de reconnaissance faciale, puis comparez-les avec les informations sur le personnel dans la base de donn\u00e9es du syst\u00e8me. Si la comparaison de reconnaissance faciale r\u00e9ussit, envoyez le signal d&rsquo;ouverture de la porte \u00e0 la porte du tourniquet et le pi\u00e9ton peut passer la porte. S&rsquo;il n&rsquo;y a pas d&rsquo;informations sur le visage de la personne passant la porte dans la base de donn\u00e9es, elle peut passer en glissant la carte.<\/p>\n<p>En cas d&rsquo;intrusion ill\u00e9gale, la porte du tourniquet d\u00e9tectant le d\u00e9flecteur arri\u00e8re se verrouille automatiquement et d\u00e9clenche une alarme. En cas de suivi, la porte du tourniquet allumera la lumi\u00e8re rouge et l&rsquo;alarme. Anti r\u00e9trograde. Apr\u00e8s la reconnaissance faciale, si un employ\u00e9 de l&rsquo;autre partie est r\u00e9trograde, la tige de frein de la porte du tourniquet sera automatiquement ferm\u00e9e et verrouill\u00e9e.<\/p>\n<p>Le tourniquet d&rsquo;oscillation de tourniquet de reconnaissance faciale est \u00e9l\u00e9gant et efficace. Il est largement utilis\u00e9 dans le hall de l&rsquo;h\u00f4tel, les immeubles de bureaux, les banques et autres lieux publics.<\/p>\n<p>L&rsquo;administrateur peut contr\u00f4ler efficacement l&rsquo;entr\u00e9e et la sortie. C&rsquo;est une vitesse rapide et peut r\u00e9pondre rapidement aux occasions de trafic \u00e9lev\u00e9.<\/p>\n<p>Il est facile de configurer plusieurs acc\u00e8s en fonction de la largeur d&rsquo;entr\u00e9e. La largeur de la voie peut \u00eatre de 900 mm pour l&rsquo;acc\u00e8s des personnes handicap\u00e9es ou des bagages. Si vous souhaitez acheter une porte de tourniquet, veuillez consulter notre <a href=\"https:\/\/mairsturnstile.com\/category\/security-turnstiles\">page de produits.<\/a><\/p>\n<ul>\n<li>Tourniquet de reconnaissance faciale \u00e0 grande vitesse de circulation, qui est g\u00e9n\u00e9ralement appliqu\u00e9 dans les lieux \u00e0 fort trafic en circulation bidirectionnelle.<\/li>\n<li>Le ch\u00e2ssis est fabriqu\u00e9 \u00e0 partir d&rsquo;acier inoxydable 304 \u00e0 texture capillaire, ce qui cr\u00e9e un point d&rsquo;acc\u00e8s homog\u00e8ne et \u00e9l\u00e9gant pour s&rsquo;adapter \u00e0 la plupart des environnements int\u00e9rieurs.<\/li>\n<li>Ce tourniquet de reconnaissance faciale est livr\u00e9 avec la norme internationale RS485 et des relais qui le rendent largement compatible avec tous les logiciels existants dans l&rsquo;industrie et presque tous les contr\u00f4les d&rsquo;acc\u00e8s comme les syst\u00e8mes RFID, les syst\u00e8mes de codes \u00e0 barres, les syst\u00e8mes de reconnaissance faciale, les syst\u00e8mes d&#8217;empreintes digitales, etc.<\/li>\n<li>En cas d&rsquo;urgence, coupez le courant, le tourniquet basculant Slim s&rsquo;ouvrira automatiquement pour permettre un libre passage conforme aux exigences de s\u00e9curit\u00e9 incendie. Mais il doit venir avec une batterie. Quant \u00e0 l&rsquo;exportation, la batterie est sensible, nous pouvons utiliser le condensateur pour remplacer<\/li>\n<li>La porte de tourniquet d&rsquo;oscillation de tourniquet de reconnaissance faciale convient aux solutions d&rsquo;entr\u00e9e de luxe et \u00e0 extr\u00e9mit\u00e9 \u00e9lev\u00e9.<\/li>\n<li>L&rsquo;ensemble du syst\u00e8me fonctionne en douceur, avec un faible bruit et une grande vitesse.<\/li>\n<li>Interface de communication : RS485<\/li>\n<li>Fonction d&rsquo;alarme, s&rsquo;il y a une intrusion ill\u00e9gale et une intrusion inverse, la porte s&rsquo;alarme et la porte se verrouille.<\/li>\n<li>Il y a un total de 5 paires de capteurs infrarouges. Les capteurs du milieu sont destin\u00e9s \u00e0 emp\u00eacher les pi\u00e9tons de se pincer.<\/li>\n<li>Fonction anti-tailing, une personne peut passer \u00e0 la fois. Si quelqu&rsquo;un suit les personnes de devant, la porte sonnera.<\/li>\n<li>Indicateur LED. Croix rouge et fl\u00e8che verte. Il y a aussi des indicateurs LED sur le poteau avant. La lumi\u00e8re LED peut \u00eatre ajout\u00e9e aux bras.<\/li>\n<li>L&rsquo;acc\u00e8s bidirectionnel r\u00e9duit le besoin de plus de portes. Il est adapt\u00e9 aux fauteuils roulants, la poussette shopping augmente l&rsquo;efficacit\u00e9 du passage.<\/li>\n<li>Fonction de r\u00e9initialisation automatique. Si les personnes sont pass\u00e9es dans le d\u00e9lai pr\u00e9d\u00e9fini (le d\u00e9lai par d\u00e9faut est de 5 secondes), le syst\u00e8me annulera l&rsquo;autorisation de l&rsquo;utilisateur et se fermera automatiquement.<\/li>\n<li>Anti-choc, Anti-pince, Les portes sont livr\u00e9es sans balai Pendant le fonctionnement, si quelqu&rsquo;un frappe le bras, la porte se r\u00e9initialise automatiquement. Cette fonction emp\u00eache efficacement les pi\u00e9tons, en particulier les enfants, de se cogner, de se couper, de frapper, etc.<\/li>\n<\/ul>\n<p>Nous pouvons fournir la solution compl\u00e8te de contr\u00f4le d&rsquo;acc\u00e8s de s\u00e9curit\u00e9. Si vous avez votre propre syst\u00e8me de contr\u00f4le d&rsquo;acc\u00e8s, vous pouvez directement utiliser notre porte tourniquet. Si vous n&rsquo;en avez pas, nous fournissons \u00e9galement une solution compl\u00e8te de contr\u00f4le d&rsquo;acc\u00e8s de s\u00e9curit\u00e9. Veuillez vous r\u00e9f\u00e9rer \u00e0 la vid\u00e9o ci-dessous pour plus de d\u00e9tails.<\/p>\n<p><iframe title=\"Tourniquet d'a\u00e9roport, tourniquet de porte rapide pour a\u00e9roport, station de m\u00e9tro - MairsTurnstile.com\" src=\"https:\/\/www.youtube.com\/embed\/rR_US2dIKU8\" width=\"1150\" height=\"650\" frameborder=\"0\" allowfullscreen=\"allowfullscreen\"><\/iframe><\/p>\n","protected":false},"excerpt":{"rendered":"<p>1. Taille : 1400 * 180 * 1000 mm (peut \u00eatre personnalis\u00e9)<\/p>\n<p>2. Largeur de voie : 600 mm (standard) 900 mm (handicap\u00e9)<\/p>\n<p>3. Mat\u00e9riau du bras : Acrylique<\/p>\n<p>4. Vitesse de passage : 40 personne\/min<\/p>\n<p>5. Alimentation : 110V\/220V 50\/60Hz<\/p>\n<p>6. Moteur sans balais<\/p>\n<p>7. Signal de porte ouverte : contact sec\/relais<\/p>\n<p>8. Moteur d&rsquo;entra\u00eenement de tourniquet de porte d&rsquo;oscillation : 24V<\/p>\n<p>9. La lumi\u00e8re LED sur les bras est facultative<\/p>\n<p><strong><a title=\"Porte de tourniquet pivotante certifi\u00e9e CE Mairs\" href=\"http:\/\/mairsturnstile.com\/wp-content\/uploads\/2022\/09\/Mairs-CE-Certificate-Swing-Turnstile-Gate.pdf\" target=\"_blank\" rel=\"noopener noreferrer\">Certifi\u00e9 CE,<\/a> <a title=\"Certificat Mairs ISO9001\" href=\"http:\/\/mairsturnstile.com\/wp-content\/uploads\/2022\/09\/Mairs-Registration-Certificate-ISO9001.pdf\" target=\"_blank\" rel=\"noopener noreferrer\">Certifi\u00e9 ISO9001.<\/a><\/strong><\/p>\n<p><a title=\"Brochure sur les tourniquets \u00e0 reconnaissance faciale\" href=\"http:\/\/mairsturnstile.com\/wp-content\/uploads\/2023\/12\/MT342-brochure.pdf\" target=\"_blank\" rel=\"noopener noreferrer\"><img decoding=\"async\" class=\"alignnone size-full wp-image-11034\" src=\"http:\/\/mairsturnstile.com\/wp-content\/uploads\/2022\/09\/pdf-MairsTurnstile.png\" alt=\"\" width=\"32\" height=\"32\"><strong><span style=\"color: #0000ff;\">Brochure du tourniquet \u00e0 reconnaissance faciale MT342<\/span><\/strong><\/a><\/p>\n","protected":false},"featured_media":44273,"comment_status":"closed","ping_status":"closed","template":"","meta":{"neve_meta_sidebar":"","neve_meta_container":"","neve_meta_enable_content_width":"off","neve_meta_content_width":0,"neve_meta_title_alignment":"","neve_meta_author_avatar":"","neve_post_elements_order":"","neve_meta_disable_header":"","neve_meta_disable_footer":"","neve_meta_disable_title":"","_ti_tpc_template_sync":false,"_ti_tpc_template_id":""},"product_cat":[877,879],"product_tag":[1093,1089,1094,1369],"class_list":["post-10553","product","type-product","status-publish","has-post-thumbnail","hentry","product_cat-porte-tourniquet","product_cat-tourniquet-pivotant","product_tag-porte-tourniquet-avec-reconnaissance-faciale","product_tag-porte-tourniquet-battante","product_tag-tourniquet-de-reconnaissance-faciale","product_tag-tourniquet-de-sortie"],"_links":{"self":[{"href":"https:\/\/mairsturnstile.com\/fr\/wp-json\/wp\/v2\/product\/10553","targetHints":{"allow":["GET"]}}],"collection":[{"href":"https:\/\/mairsturnstile.com\/fr\/wp-json\/wp\/v2\/product"}],"about":[{"href":"https:\/\/mairsturnstile.com\/fr\/wp-json\/wp\/v2\/types\/product"}],"replies":[{"embeddable":true,"href":"https:\/\/mairsturnstile.com\/fr\/wp-json\/wp\/v2\/comments?post=10553"}],"version-history":[{"count":0,"href":"https:\/\/mairsturnstile.com\/fr\/wp-json\/wp\/v2\/product\/10553\/revisions"}],"wp:featuredmedia":[{"embeddable":true,"href":"https:\/\/mairsturnstile.com\/fr\/wp-json\/wp\/v2\/media\/44273"}],"wp:attachment":[{"href":"https:\/\/mairsturnstile.com\/fr\/wp-json\/wp\/v2\/media?parent=10553"}],"wp:term":[{"taxonomy":"product_cat","embeddable":true,"href":"https:\/\/mairsturnstile.com\/fr\/wp-json\/wp\/v2\/product_cat?post=10553"},{"taxonomy":"product_tag","embeddable":true,"href":"https:\/\/mairsturnstile.com\/fr\/wp-json\/wp\/v2\/product_tag?post=10553"}],"curies":[{"name":"wp","href":"https:\/\/api.w.org\/{rel}","templated":true}]}}