{"id":10554,"date":"2020-09-13T16:55:31","date_gmt":"2020-09-13T08:55:31","guid":{"rendered":"https:\/\/mairsturnstile.com\/product\/tourniquet-dexterieur-pour-lexterieur-et-linterieur-mt343"},"modified":"2024-11-01T14:37:05","modified_gmt":"2024-11-01T06:37:05","slug":"tourniquet-exterieur","status":"publish","type":"product","link":"https:\/\/mairsturnstile.com\/fr\/produit\/tourniquet-exterieur","title":{"rendered":"PORTAIL TOURNIQUET EXT\u00c9RIEUR POUR EXT\u00c9RIEUR MT343"},"content":{"rendered":"        <!-- 3D Model html -->\r\n        <div class=\"bp_grand wrapper_23474\">   \r\n        <div class=\"bp_model_parent\">\r\n            <model-viewer class=\"model\" id=\"bp_model_id_23474\" src=\"http:\/\/mairsturnstile.com\/wp-content\/uploads\/2025\/08\/MT343.glb\" alt=\"MT343\" camera-controls  loading=\"auto\" auto-rotate                        >\r\n            <\/model-viewer>\r\n        \r\n            <!-- Button -->\r\n            <svg id=\"openBtn\" width=\"30px\" height=\"30px\" viewBox=\"0 0 16 16\" xmlns=\"http:\/\/www.w3.org\/2000\/svg\" fill=\"#f2f2f2\" class=\"bi bi-arrows-fullscreen model-icon\">\r\n                <path fill-rule=\"evenodd\" d=\"M5.828 10.172a.5.5 0 0 0-.707 0l-4.096 4.096V11.5a.5.5 0 0 0-1 0v3.975a.5.5 0 0 0 .5.5H4.5a.5.5 0 0 0 0-1H1.732l4.096-4.096a.5.5 0 0 0 0-.707zm4.344 0a.5.5 0 0 1 .707 0l4.096 4.096V11.5a.5.5 0 1 1 1 0v3.975a.5.5 0 0 1-.5.5H11.5a.5.5 0 0 1 0-1h2.768l-4.096-4.096a.5.5 0 0 1 0-.707zm0-4.344a.5.5 0 0 0 .707 0l4.096-4.096V4.5a.5.5 0 1 0 1 0V.525a.5.5 0 0 0-.5-.5H11.5a.5.5 0 0 0 0 1h2.768l-4.096 4.096a.5.5 0 0 0 0 .707zm-4.344 0a.5.5 0 0 1-.707 0L1.025 1.732V4.5a.5.5 0 0 1-1 0V.525a.5.5 0 0 1 .5-.5H4.5a.5.5 0 0 1 0 1H1.732l4.096 4.096a.5.5 0 0 1 0 .707z\"\/>\r\n            <\/svg>\r\n        \r\n            <svg id=\"closeBtn\" class=\"model-icon\" width=\"34px\" height=\"34px\" viewBox=\"0 0 24 24\" xmlns=\"http:\/\/www.w3.org\/2000\/svg\">\r\n                <path fill=\"none\" stroke=\"#f2f2f2\" stroke-width=\"2\" d=\"M7,7 L17,17 M7,17 L17,7\"\/>\r\n            <\/svg>\r\n        \r\n        <\/div>\r\n        <\/div> \r\n\r\n        <!-- Model Viewer Style -->\r\n        <style>\r\n            \r\n            .wrapper_23474 .bp_model_parent, #bp_model_id_23474 {\r\n                width: 1150px;\r\n                max-width: 100%;\r\n                                            }\r\n            #bp_model_id_23474 {\r\n                height:700px;\r\n                background-color: #f2f2f2;\r\n            }\r\n            .fullscreen #bp_model_id_23474{\r\n            height: 100%;\r\n            width: 100%;\r\n            }\r\n            .wrapper_23474 .bp_model_parent{\r\n                justify-content: start            }\r\n            model-viewer.model {\r\n                --poster-color: transparent;\r\n            }\r\n        <\/style>\r\n        \r\n        \n<h4>Ce tourniquet ext\u00e9rieur b\u00e9n\u00e9ficie d&rsquo;une garantie de 2 ans et d&rsquo;un support d&rsquo;entretien et de r\u00e9paration durable.<\/h4>\n<p>Nous pouvons fournir des services OEM et ODM. Nous avons des designers exp\u00e9riment\u00e9s qui peuvent effectuer une personnalisation approfondie en fonction de vos besoins. Nous fournirons une s\u00e9rie de mat\u00e9riaux tels que des rendus 3D, des dessins dimensionnels, etc. d\u00e8s que possible. Nous fournissons \u00e9galement des dispositifs biom\u00e9triques, tels que des lecteurs de cartes IC\/ID, des scanners d&#8217;empreintes digitales, des scanners de code QR, des cam\u00e9ras de reconnaissance faciale, etc.<\/p>\n<p><strong>Le tourniquet ext\u00e9rieur est un type de tourniquet de<a class=\"rank-math-link\" href=\"https:\/\/en.wikipedia.org\/wiki\/Access_control\" target=\"_blank\" rel=\"noopener noreferrer\"> contr\u00f4le d&rsquo;acc\u00e8s<\/a> pour pi\u00e9tons qui peut \u00eatre utilis\u00e9 \u00e0 l&rsquo;ext\u00e9rieur. Diff\u00e9rent d&rsquo;un tourniquet int\u00e9rieur, il a une fonction d&rsquo;\u00e9tanch\u00e9it\u00e9 et peut \u00eatre utilis\u00e9 dans divers environnements ext\u00e9rieurs difficiles.<\/strong> Il est principalement consid\u00e9r\u00e9 comme \u00e9tanche \u00e0 la poussi\u00e8re et \u00e0 l&rsquo;eau, partag\u00e9 par les personnes et les v\u00e9hicules, anti-violence et anti-interf\u00e9rence de la lumi\u00e8re du soleil. Diff\u00e9rents types de tourniquets(<a href=\"https:\/\/mairsturnstile.com\/tripod-turnstile.html\">tourniquet tripode<\/a>, <a class=\"rank-math-link\" href=\"https:\/\/mairsturnstile.com\/swing-turnstile-gate.html\">tourniquet pivotant<\/a>, <a class=\"rank-math-link\" href=\"https:\/\/mairsturnstile.com\/what-is-flap-barrier.html\">tourniquet \u00e0 clapet,<\/a> <a class=\"rank-math-link\" href=\"https:\/\/mairsturnstile.com\/product\/sliding-turnstile\">tourniquet coulissant,<\/a> <a href=\"https:\/\/mairsturnstile.com\/full-height-turnstiles.html\">tourniquet pleine hauteur<\/a>, etc.) peuvent \u00eatre fabriqu\u00e9s dans des machines pour tourniquets ext\u00e9rieurs.<\/p>\n<p>Si vous avez besoin de n&rsquo;importe quel type de tourniquet ext\u00e9rieur, ou si vous ne savez pas quel style de portes de tourniquet peut \u00eatre transform\u00e9 en tourniquets ext\u00e9rieurs, veuillez cliquer sur le bouton de chat en ligne dans le coin inf\u00e9rieur gauche pour nous parler directement ou <a href=\"https:\/\/mairsturnstile.com\/contact\">nous demander<\/a><\/p>\n<p>Les tourniquets ext\u00e9rieurs Mairs sont g\u00e9n\u00e9ralement fabriqu\u00e9s en acier inoxydable 304. Bien s\u00fbr, si vous avez des exigences plus \u00e9lev\u00e9es en mati\u00e8re de mat\u00e9riaux de produits, vous pouvez \u00e9galement nous demander de personnaliser des mat\u00e9riaux sp\u00e9ciaux en acier inoxydable 316. 304 et 316 sont class\u00e9s comme acier inoxydable. Il n&rsquo;y a pas de diff\u00e9rence d&rsquo;essence. Ils sont en acier inoxydable, mais il y a des diff\u00e9rences dans la subdivision.<\/p>\n<p>La qualit\u00e9 du 316 est sup\u00e9rieure \u00e0 celle du 304. L&rsquo;acier 316 est ajout\u00e9 avec un \u00e9l\u00e9ment Mo sur la base de 304, cet \u00e9l\u00e9ment am\u00e9liore consid\u00e9rablement la r\u00e9sistance \u00e0 la corrosion et \u00e0 l&rsquo;usure de l&rsquo;acier inoxydable. Bien s\u00fbr, l&rsquo;inox 316 est un peu plus cher. Nous avons des clients \u00e0 Duba\u00ef, aux \u00c9mirats arabes unis et \u00e0 Riyad, en Arabie saoudite, qui ont sp\u00e9cialement personnalis\u00e9 des tourniquets pleine hauteur en acier inoxydable 316 pour s&rsquo;adapter \u00e0 des conditions m\u00e9t\u00e9orologiques et des environnements plus extr\u00eames.<\/p>\n<p>Le tourniquet ext\u00e9rieur est principalement utilis\u00e9 \u00e0 la porte des unit\u00e9s d&rsquo;entreprise, des zones d&rsquo;installations industrielles et des zones r\u00e9sidentielles haut de gamme. Il y a semi-plein air et plein air. Comment assurer l&rsquo;utilisation normale de la machine \u00e0 tourniquet \u00e0 l&rsquo;ext\u00e9rieur ? La chose la plus importante est de rendre la machine \u00e0 tourniquet \u00e9tanche.<\/p>\n<p>Nous pouvons \u00e9galement cr\u00e9er un rendu pour vous en quelques minutes en fonction de votre sc\u00e9nario r\u00e9el. Nous fournissons \u00e9galement une disposition et des dessins d\u00e9taill\u00e9s, ainsi que des dessins d&rsquo;installation.<\/p>\n\n        \t\n\t<style type=\"text\/css\">\n\t\t.slider-info-23485.bafg-slider-info .bafg-slider-title {\n\t\t\t\t\t\tfont-size: 22px;\n\t\t\t\t\t\t\n\t\t\t\n\t\t\t\t\t}\n\n\t\t.slider-info-23485.bafg-slider-info .bafg-slider-description {\n\t\t\t\n\t\t\t\n\t\t\t\t\t}\n\n\t\t.slider-info-23485.bafg-slider-info .bafg_slider_readmore_button {\n\t\t\t\n\t\t\t\n\t\t\t\n\t\t\t\n\t\t\t\n\t\t\ttext-align: center;\n\n\t\t\t\n\t\t\t\n\t\t\t\n\t\t\t\n\t\t\t\n\t\t\t\n\t\t\t\t\t}\n\n\t\t.slider-info-23485.bafg-slider-info .bafg_slider_readmore_button:hover {\n\n\t\t\t\n\t\t\t\n\t\t\t\t\t}\n\n\t<\/style>\n\t\n        <div class=\"bafg-twentytwenty-container slider-23485 \" bafg-orientation=\"horizontal\" bafg-default-offset=\"0.5\" bafg-before-label=\"Before\" bafg-after-label=\"After\" bafg-overlay=\"yes\" bafg-move-slider-on-hover=\"yes\" bafg-click-to-move=\"no\">\n              \n            <img decoding=\"async\" class=\"skip-lazy\" src=\"http:\/\/mairsturnstile.com\/wp-content\/uploads\/2020\/09\/outdoor-turnstile-8.jpg\" alt=\"outdoor turnstile\" data-skip-lazy title=\"\">\n            <img decoding=\"async\" class=\"skip-lazy\" src=\"http:\/\/mairsturnstile.com\/wp-content\/uploads\/2020\/09\/outdoor-turnstile-7.jpg\" alt=\"outdoor turnstile\" data-skip-lazy title=\"\">\n           \n        <\/div>\n\n        \t<div class=\"bafg-slider-info-wraper\">\n\t\t<div style=\"\" class=\"slider-info-23485 bafg-slider-info\">\n\t\t\t\t\t<\/div>\n\t<\/div>\n\t\n        <style type=\"text\/css\">\n            \n        <\/style>\n        \n<p>Le tourniquet ext\u00e9rieur rencontre souvent la pluie. Par cons\u00e9quent, les tourniquets ext\u00e9rieurs doivent avoir une bonne r\u00e9sistance \u00e0 l&rsquo;eau. Dans d&rsquo;autres aspects, selon les exigences environnementales du site d&rsquo;installation, le tourniquet ext\u00e9rieur doit avoir certaines capacit\u00e9s de r\u00e9sistance \u00e0 haute temp\u00e9rature, de r\u00e9sistance au froid, de r\u00e9sistance aux interf\u00e9rences de la lumi\u00e8re du soleil, de r\u00e9sistance \u00e0 la condensation, etc.<\/p>\n<p><span style=\"font-weight: 400;\"><span style=\"font-style: inherit; font-weight: inherit;\">Notre tourniquet \u00e0 barri\u00e8re pivotante de s\u00e9curit\u00e9 en <a href=\"https:\/\/en.wikipedia.org\/wiki\/Stainless_steel\" target=\"_blank\" rel=\"noopener\">acier inoxydable<\/a> SUS 304 offre des voies aussi larges que 1100 mm pour accueillir des v\u00e9los, des fauteuils roulants, des motos, des chariots, des bagages, etc. <\/span><\/span><span style=\"font-style: inherit; font-weight: inherit;\">Tourniquet d&rsquo;oscillation ext\u00e9rieur imperm\u00e9able de tourniquet d&rsquo;acier inoxydable du SUS 304 pour l&rsquo;entr\u00e9e d&rsquo;appartement. Il est principalement utilis\u00e9 \u00e0 la porte des unit\u00e9s d&rsquo;entreprise, des zones d&rsquo;installations industrielles et des zones r\u00e9sidentielles haut de gamme.<\/span><\/p>\n<ul>\n<li>Porte tourniquet pivotante ext\u00e9rieure \u00e0 grande vitesse de circulation, qui est g\u00e9n\u00e9ralement appliqu\u00e9e dans les endroits \u00e0 fort trafic en circulation bidirectionnelle.<\/li>\n<li>Le ch\u00e2ssis est fabriqu\u00e9 \u00e0 partir d&rsquo;acier inoxydable 304 \u00e0 texture capillaire, ce qui cr\u00e9e un point d&rsquo;acc\u00e8s homog\u00e8ne et \u00e9l\u00e9gant pour s&rsquo;adapter \u00e0 la plupart des environnements int\u00e9rieurs.<\/li>\n<li>Ce tourniquet ext\u00e9rieur est livr\u00e9 avec la norme internationale RS485 et des relais qui le rendent largement compatible avec tous les logiciels existants dans l&rsquo;industrie et presque tous les contr\u00f4les d&rsquo;acc\u00e8s comme les syst\u00e8mes RFID, les syst\u00e8mes de codes \u00e0 barres, les syst\u00e8mes de reconnaissance faciale, les syst\u00e8mes d&#8217;empreintes digitales, etc.<\/li>\n<li>En cas d&rsquo;urgence, coupez le courant et la porte tourniquet pivotante Slim s&rsquo;ouvrira automatiquement pour permettre un libre passage conforme aux exigences de s\u00e9curit\u00e9 incendie. Mais il doit venir avec une batterie. Quant \u00e0 l&rsquo;exportation, la batterie est sensible, nous pouvons utiliser le condensateur pour remplacer<\/li>\n<li>Le tourniquet ext\u00e9rieur convient aux solutions d&rsquo;entr\u00e9e de luxe et haut de gamme.<\/li>\n<li>L&rsquo;ensemble du syst\u00e8me fonctionne en douceur, avec un faible bruit et une vitesse \u00e9lev\u00e9e.<\/li>\n<li>\u00c9paisseur du bras oscillant : 10 mm<\/li>\n<li>Fonction d&rsquo;alarme, s&rsquo;il s&rsquo;agit d&rsquo;une intrusion ill\u00e9gale ou d&rsquo;une intrusion invers\u00e9e, la porte s&rsquo;alarme et la porte se verrouille.<\/li>\n<li>Il y a un total de 5 paires de capteurs infrarouges. Les capteurs du milieu servent \u00e0 \u00e9viter de pincer les pi\u00e9tons.<\/li>\n<li>Fonction anti-tailing, une personne peut passer \u00e0 la fois. Si quelqu&rsquo;un suit les personnes de devant, la porte sonnera<\/li>\n<li>Indicateur LED. Croix rouge et fl\u00e8che verte. Il y a aussi des indicateurs LED sur le poteau avant. La lumi\u00e8re LED peut \u00eatre ajout\u00e9e aux bras.<\/li>\n<li>L&rsquo;acc\u00e8s bidirectionnel r\u00e9duit le besoin de plus de portes. Il est adapt\u00e9 pour fauteuil roulant, poussette shopping augmentant l&rsquo;efficacit\u00e9 de passage.<\/li>\n<li>Fonction de r\u00e9initialisation automatique. Si les personnes sont pass\u00e9es dans le d\u00e9lai pr\u00e9d\u00e9fini (le d\u00e9lai par d\u00e9faut est de 5 secondes), le syst\u00e8me annulera l&rsquo;autorisation de l&rsquo;utilisateur et se fermera automatiquement.<\/li>\n<li>Anti-choc, anti-pince, la porte ext\u00e9rieure du tourniquet est livr\u00e9e sans balai pendant le fonctionnement si quelqu&rsquo;un frappe le bras, la porte ext\u00e9rieure du tourniquet se r\u00e9initialisera automatiquement. Cette fonction emp\u00eache efficacement les pi\u00e9tons, en particulier les enfants, de se cogner, de se couper, de se heurter, etc.<\/li>\n<\/ul>\n<p>Nous pouvons fournir la solution compl\u00e8te de contr\u00f4le d&rsquo;acc\u00e8s de s\u00e9curit\u00e9. Si vous avez votre propre syst\u00e8me de contr\u00f4le d&rsquo;acc\u00e8s, vous pouvez directement utiliser notre porte tourniquet. Si vous n&rsquo;en avez pas, nous fournissons \u00e9galement une solution compl\u00e8te de contr\u00f4le d&rsquo;acc\u00e8s de s\u00e9curit\u00e9. Veuillez vous r\u00e9f\u00e9rer \u00e0 la vid\u00e9o ci-dessous pour plus de d\u00e9tails.<\/p>\n<p><iframe title=\"Tourniquet pivotant optique, tourniquet \u00e0 barri\u00e8re pivotante, tourniquet pivotant - MairsTurnstile\" src=\"https:\/\/www.youtube.com\/embed\/hdoBSoM85u4\" width=\"1150\" height=\"650\" frameborder=\"0\" allowfullscreen=\"allowfullscreen\"><\/iframe><\/p>\n","protected":false},"excerpt":{"rendered":"<p>1. Taille : 1400 * 180 * 1000 mm (peut \u00eatre personnalis\u00e9)<\/p>\n<p>2. Largeur de voie : 600 mm (standard) 900 mm (handicap\u00e9)<\/p>\n<p>3. Mat\u00e9riau des bras : Acrylique<\/p>\n<p>4. Vitesse de d\u00e9passement : 40person\/min<\/p>\n<p>5. Alimentation : 110V\/220V 50\/60hz<\/p>\n<p>6. Moteur sans balais<\/p>\n<p>7. Signal de porte ouverte : contact sec\/relais<\/p>\n<p>8. Moteur d&rsquo;entra\u00eenement de tourniquet d&rsquo;oscillation : 24 V<\/p>\n<p>9. La LED sur le buffet est facultative<\/p>\n<p><strong><a title=\"Porte de tourniquet pivotante certifi\u00e9e CE Mairs\" href=\"http:\/\/mairsturnstile.com\/wp-content\/uploads\/2022\/09\/Mairs-CE-Certificate-Swing-Turnstile-Gate.pdf\" target=\"_blank\" rel=\"noopener noreferrer\">Certifi\u00e9 CE,<\/a> <a title=\"Certificat Mairs ISO9001\" href=\"http:\/\/mairsturnstile.com\/wp-content\/uploads\/2022\/09\/Mairs-Registration-Certificate-ISO9001.pdf\" target=\"_blank\" rel=\"noopener noreferrer\">Certifi\u00e9 ISO9001.<\/a><\/strong><\/p>\n<p><a title=\"Brochure Tourniquet Ext\u00e9rieur\" href=\"http:\/\/mairsturnstile.com\/wp-content\/uploads\/2023\/12\/MT343-brochure.pdf\" target=\"_blank\" rel=\"noopener noreferrer\"><img decoding=\"async\" class=\"alignnone size-full wp-image-11034\" src=\"http:\/\/mairsturnstile.com\/wp-content\/uploads\/2022\/09\/pdf-MairsTurnstile.png\" alt=\"\" width=\"32\" height=\"32\"><span style=\"color: #0000ff;\"><strong>Brochure du tourniquet ext\u00e9rieur MT343<\/strong><\/span><\/a><\/p>\n","protected":false},"featured_media":65724,"comment_status":"closed","ping_status":"closed","template":"","meta":{"neve_meta_sidebar":"","neve_meta_container":"","neve_meta_enable_content_width":"off","neve_meta_content_width":0,"neve_meta_title_alignment":"","neve_meta_author_avatar":"","neve_post_elements_order":"","neve_meta_disable_header":"","neve_meta_disable_footer":"","neve_meta_disable_title":"","_ti_tpc_template_sync":false,"_ti_tpc_template_id":""},"product_cat":[877,879],"product_tag":[1385,1096,1097,1080,1095,1450],"class_list":["post-10554","product","type-product","status-publish","has-post-thumbnail","hentry","product_cat-porte-tourniquet","product_cat-tourniquet-pivotant","product_tag-porte-tourniquet","product_tag-tourniquet-exterieur","product_tag-tourniquet-exterieur-fr","product_tag-tourniquet-pivotant","product_tag-tourniquets-de-securite-exterieurs","product_tag-tourniquets-exterieurs"],"_links":{"self":[{"href":"https:\/\/mairsturnstile.com\/fr\/wp-json\/wp\/v2\/product\/10554","targetHints":{"allow":["GET"]}}],"collection":[{"href":"https:\/\/mairsturnstile.com\/fr\/wp-json\/wp\/v2\/product"}],"about":[{"href":"https:\/\/mairsturnstile.com\/fr\/wp-json\/wp\/v2\/types\/product"}],"replies":[{"embeddable":true,"href":"https:\/\/mairsturnstile.com\/fr\/wp-json\/wp\/v2\/comments?post=10554"}],"version-history":[{"count":0,"href":"https:\/\/mairsturnstile.com\/fr\/wp-json\/wp\/v2\/product\/10554\/revisions"}],"wp:featuredmedia":[{"embeddable":true,"href":"https:\/\/mairsturnstile.com\/fr\/wp-json\/wp\/v2\/media\/65724"}],"wp:attachment":[{"href":"https:\/\/mairsturnstile.com\/fr\/wp-json\/wp\/v2\/media?parent=10554"}],"wp:term":[{"taxonomy":"product_cat","embeddable":true,"href":"https:\/\/mairsturnstile.com\/fr\/wp-json\/wp\/v2\/product_cat?post=10554"},{"taxonomy":"product_tag","embeddable":true,"href":"https:\/\/mairsturnstile.com\/fr\/wp-json\/wp\/v2\/product_tag?post=10554"}],"curies":[{"name":"wp","href":"https:\/\/api.w.org\/{rel}","templated":true}]}}