{"id":10556,"date":"2020-09-13T17:08:32","date_gmt":"2020-09-13T09:08:32","guid":{"rendered":"https:\/\/mairsturnstile.com\/product\/tourniquets-de-securite-en-verre-mt354"},"modified":"2023-11-01T12:03:29","modified_gmt":"2023-11-01T04:03:29","slug":"glass-turnstiles","status":"publish","type":"product","link":"https:\/\/mairsturnstile.com\/fr\/produit\/glass-turnstiles","title":{"rendered":"TOURNIQUETS DE S\u00c9CURIT\u00c9 EN VERRE MT357-L"},"content":{"rendered":"        <!-- 3D Model html -->\r\n        <div class=\"bp_grand wrapper_24278\">   \r\n        <div class=\"bp_model_parent\">\r\n            <model-viewer class=\"model\" id=\"bp_model_id_24278\" src=\"http:\/\/mairsturnstile.com\/wp-content\/uploads\/2023\/07\/MT369.glb\" alt=\"MT369\" camera-controls  loading=\"auto\" auto-rotate                        >\r\n            <\/model-viewer>\r\n        \r\n            <!-- Button -->\r\n            <svg id=\"openBtn\" width=\"30px\" height=\"30px\" viewBox=\"0 0 16 16\" xmlns=\"http:\/\/www.w3.org\/2000\/svg\" fill=\"#f2f2f2\" class=\"bi bi-arrows-fullscreen model-icon\">\r\n                <path fill-rule=\"evenodd\" d=\"M5.828 10.172a.5.5 0 0 0-.707 0l-4.096 4.096V11.5a.5.5 0 0 0-1 0v3.975a.5.5 0 0 0 .5.5H4.5a.5.5 0 0 0 0-1H1.732l4.096-4.096a.5.5 0 0 0 0-.707zm4.344 0a.5.5 0 0 1 .707 0l4.096 4.096V11.5a.5.5 0 1 1 1 0v3.975a.5.5 0 0 1-.5.5H11.5a.5.5 0 0 1 0-1h2.768l-4.096-4.096a.5.5 0 0 1 0-.707zm0-4.344a.5.5 0 0 0 .707 0l4.096-4.096V4.5a.5.5 0 1 0 1 0V.525a.5.5 0 0 0-.5-.5H11.5a.5.5 0 0 0 0 1h2.768l-4.096 4.096a.5.5 0 0 0 0 .707zm-4.344 0a.5.5 0 0 1-.707 0L1.025 1.732V4.5a.5.5 0 0 1-1 0V.525a.5.5 0 0 1 .5-.5H4.5a.5.5 0 0 1 0 1H1.732l4.096 4.096a.5.5 0 0 1 0 .707z\"\/>\r\n            <\/svg>\r\n        \r\n            <svg id=\"closeBtn\" class=\"model-icon\" width=\"34px\" height=\"34px\" viewBox=\"0 0 24 24\" xmlns=\"http:\/\/www.w3.org\/2000\/svg\">\r\n                <path fill=\"none\" stroke=\"#f2f2f2\" stroke-width=\"2\" d=\"M7,7 L17,17 M7,17 L17,7\"\/>\r\n            <\/svg>\r\n        \r\n        <\/div>\r\n        <\/div> \r\n\r\n        <!-- Model Viewer Style -->\r\n        <style>\r\n            \r\n            .wrapper_24278 .bp_model_parent, #bp_model_id_24278 {\r\n                width: 1150px;\r\n                max-width: 100%;\r\n                                            }\r\n            #bp_model_id_24278 {\r\n                height:700px;\r\n                background-color: #f2f2f2;\r\n            }\r\n            .fullscreen #bp_model_id_24278{\r\n            height: 100%;\r\n            width: 100%;\r\n            }\r\n            .wrapper_24278 .bp_model_parent{\r\n                justify-content: start            }\r\n            model-viewer.model {\r\n                --poster-color: transparent;\r\n            }\r\n        <\/style>\r\n        \r\n        \n<h4>TOURNIQUETS EN VERRE Les TOURNIQUETS DE S\u00c9CURIT\u00c9 EN VERRE b\u00e9n\u00e9ficient d&rsquo;une garantie de 2 ans et d&rsquo;un support d&rsquo;entretien et de r\u00e9paration durable.<\/h4>\n<p>Nous pouvons fournir des services OEM et ODM. Nous avons des designers exp\u00e9riment\u00e9s qui peuvent effectuer une personnalisation approfondie en fonction de vos besoins. Nous fournirons une s\u00e9rie de mat\u00e9riaux tels que des rendus 3D, des dessins dimensionnels, etc. d\u00e8s que possible. Nous fournissons \u00e9galement des dispositifs biom\u00e9triques, tels que des lecteurs de cartes IC\/ID, des scanners d&#8217;empreintes digitales, des scanners de code QR, des cam\u00e9ras de reconnaissance faciale, etc.<\/p>\n<p><strong>Les tourniquets en verre sont une sorte de porte de tourniquet pour pi\u00e9tons dont le corps de blocage est en verre.<\/strong> Les tourniquets en verre sont g\u00e9n\u00e9ralement utilis\u00e9s dans les immeubles de bureaux, les halls d&rsquo;immeubles et d&rsquo;autres passages qui doivent contr\u00f4ler le flux de personnes.<\/p>\n<p>Non seulement il contr\u00f4le et g\u00e8re efficacement les pi\u00e9tons \u00e0 l&rsquo;entr\u00e9e et \u00e0 la sortie, mais il am\u00e9liore \u00e9galement l&rsquo;esth\u00e9tique du b\u00e2timent, donnant \u00e0 l&rsquo;ensemble de l&rsquo;environnement un aspect haut de gamme, atmosph\u00e9rique et confortable. Dans un souci d&rsquo;esth\u00e9tique et de transport, le corps de blocage du tourniquet en verre peut \u00e9galement \u00eatre en acrylique de haute qualit\u00e9.<\/p>\n<p>La <a href=\"https:\/\/mairsturnstile.com\/swing-turnstile-gate.html\">porte pivotante du tourniquet<\/a> est subtilement int\u00e9gr\u00e9e \u00e0 la machine, \u00e0 l&rsquo;\u00e9lectronique, au contr\u00f4le du micro-processeur et \u00e0 l&rsquo;identification d&rsquo;identification, ce qui facilite l&rsquo;utilisation de l&rsquo;\u00e9quipement d&rsquo;identification du lecteur de carte. Un tourniquet \u00e0 barri\u00e8re pivotante \u00e0 large voie offre une m\u00e9thode fiable et efficace pour garantir que seuls les utilisateurs autoris\u00e9s sont autoris\u00e9s \u00e0 acc\u00e9der \u00e0 chaque zone d&rsquo;un b\u00e2timent.<\/p>\n<p>Nous pouvons \u00e9galement cr\u00e9er un rendu pour vous en quelques minutes en fonction de votre sc\u00e9nario r\u00e9el. Nous fournissons \u00e9galement des sch\u00e9mas et sch\u00e9mas d\u00e9taill\u00e9s, ainsi que des sch\u00e9mas d&rsquo;installation.<\/p>\n\n        \t\n\t<style type=\"text\/css\">\n\t\t.slider-info-24292.bafg-slider-info .bafg-slider-title {\n\t\t\t\t\t\tfont-size: 22px;\n\t\t\t\t\t\t\n\t\t\t\n\t\t\t\t\t}\n\n\t\t.slider-info-24292.bafg-slider-info .bafg-slider-description {\n\t\t\t\n\t\t\t\n\t\t\t\t\t}\n\n\t\t.slider-info-24292.bafg-slider-info .bafg_slider_readmore_button {\n\t\t\t\n\t\t\t\n\t\t\t\n\t\t\t\n\t\t\t\n\t\t\ttext-align: center;\n\n\t\t\t\n\t\t\t\n\t\t\t\n\t\t\t\n\t\t\t\n\t\t\t\n\t\t\t\t\t}\n\n\t\t.slider-info-24292.bafg-slider-info .bafg_slider_readmore_button:hover {\n\n\t\t\t\n\t\t\t\n\t\t\t\t\t}\n\n\t<\/style>\n\t\n        <div class=\"bafg-twentytwenty-container slider-24292 \" bafg-orientation=\"horizontal\" bafg-default-offset=\"0.5\" bafg-before-label=\"Before\" bafg-after-label=\"After\" bafg-overlay=\"yes\" bafg-move-slider-on-hover=\"yes\" bafg-click-to-move=\"no\">\n              \n            <img decoding=\"async\" class=\"skip-lazy\" src=\"http:\/\/mairsturnstile.com\/wp-content\/uploads\/2023\/07\/glass-turnstiles_4.jpg\" alt=\"\" data-skip-lazy title=\"\">\n            <img decoding=\"async\" class=\"skip-lazy\" src=\"http:\/\/mairsturnstile.com\/wp-content\/uploads\/2023\/07\/glass-turnstiles_5.jpg\" alt=\"\" data-skip-lazy title=\"\">\n           \n        <\/div>\n\n        \t<div class=\"bafg-slider-info-wraper\">\n\t\t<div style=\"\" class=\"slider-info-24292 bafg-slider-info\">\n\t\t\t\t\t<\/div>\n\t<\/div>\n\t\n        <style type=\"text\/css\">\n            \n        <\/style>\n        \n<ul>\n<li>Les tourniquets en verre sont des portes \u00e0 grande vitesse, qui sont g\u00e9n\u00e9ralement appliqu\u00e9es dans un endroit \u00e0 fort trafic dans les deux sens.<\/li>\n<li>Le ch\u00e2ssis des tourniquets en verre est fabriqu\u00e9 \u00e0 partir d&rsquo;acier inoxydable 304 \u00e0 texture capillaire, ce qui cr\u00e9e un point d&rsquo;acc\u00e8s sans couture et \u00e9l\u00e9gant pour s&rsquo;adapter \u00e0 la plupart des environnements int\u00e9rieurs.<\/li>\n<li>Ces tourniquets en verre sont livr\u00e9s avec la norme internationale RS485 et un relais qui les rend largement compatibles avec tous les logiciels existants dans l&rsquo;industrie et presque tous les <a href=\"https:\/\/en.wikipedia.org\/wiki\/Access_control\" target=\"_blank\" rel=\"noopener\">contr\u00f4les d&rsquo;acc\u00e8s<\/a> comme les syst\u00e8mes RFID, les syst\u00e8mes de codes \u00e0 barres, les syst\u00e8mes de reconnaissance faciale, les syst\u00e8mes d&#8217;empreintes digitales, etc.<\/li>\n<li>En cas d&rsquo;urgence, coupez le courant et le tourniquet pivotant Slim s&rsquo;ouvrira automatiquement pour permettre un libre passage conforme aux exigences de s\u00e9curit\u00e9 incendie. Mais il doit venir avec une batterie. Quant \u00e0 l&rsquo;exportation, la batterie est sensible, nous pouvons utiliser le condensateur pour remplacer<\/li>\n<li>Les tourniquets en verre conviennent aux solutions d&rsquo;entr\u00e9e de luxe et haut de gamme.<\/li>\n<li>L&rsquo;ensemble du syst\u00e8me fonctionne en douceur, avec un faible bruit et une vitesse \u00e9lev\u00e9e.<\/li>\n<li>Interface de communication : RS485<\/li>\n<li>Fonction d&rsquo;alarme, s&rsquo;il y a une intrusion ill\u00e9gale ou une intrusion inverse, la porte s&rsquo;alarmera et la porte se verrouillera.<\/li>\n<li>Il y a un total de 5 paires de capteurs infrarouges. Les capteurs du milieu sont destin\u00e9s \u00e0 emp\u00eacher les pi\u00e9tons de se pincer.<\/li>\n<li>Fonction anti-tailing, une personne peut passer \u00e0 la fois. Si quelqu&rsquo;un suit les personnes de devant, la porte sonnera<\/li>\n<li>Indicateur LED. Croix rouge et fl\u00e8che verte. Il y a aussi des indicateurs LED sur le poteau avant. La lumi\u00e8re LED peut \u00eatre ajout\u00e9e aux bras.<\/li>\n<li>L&rsquo;acc\u00e8s bidirectionnel r\u00e9duit le besoin de plus de portes. Il est adapt\u00e9 pour fauteuil roulant, poussette shopping augmentant l&rsquo;efficacit\u00e9 de passage.<\/li>\n<\/ul>\n<p>Nous pouvons fournir la solution compl\u00e8te de contr\u00f4le d&rsquo;acc\u00e8s de s\u00e9curit\u00e9. Si vous avez votre propre syst\u00e8me de contr\u00f4le d&rsquo;acc\u00e8s, vous pouvez directement utiliser notre porte tourniquet. Si vous n&rsquo;en avez pas, nous fournissons \u00e9galement une solution compl\u00e8te de contr\u00f4le d&rsquo;acc\u00e8s de s\u00e9curit\u00e9. Veuillez vous r\u00e9f\u00e9rer \u00e0 la vid\u00e9o ci-dessous pour plus de d\u00e9tails.<\/p>\n<p><iframe title=\"Tourniquet de cr\u00e9neau rapide de nouvelle conception, tourniquets de hall, tourniquet de bureau - MairsTurnstile.com\" src=\"https:\/\/www.youtube.com\/embed\/izk8WuYn4no\" width=\"1150\" height=\"650\" frameborder=\"0\" allowfullscreen=\"allowfullscreen\"><\/iframe><\/p>\n","protected":false},"excerpt":{"rendered":"<p>1. Taille : 1400*120*980 mm (peut \u00eatre personnalis\u00e9)<\/p>\n<p>2. Largeur de voie : 600 mm (standard) 900 mm (handicap\u00e9)<\/p>\n<p>3. Mat\u00e9riau du bras : Acrylique<\/p>\n<p>4. Vitesse de passage : 40 personne\/min<\/p>\n<p>5. Alimentation : 110 V\/220 V 50\/60 Hz<\/p>\n<p>6. Moteur sans balais : 40 W<\/p>\n<p>7. Signal de porte ouverte : contact sec\/relais<\/p>\n<p>8. Tourniquets de s\u00e9curit\u00e9 en verre Moteur d&rsquo;entra\u00eenement : 24V<\/p>\n<p>9. Des lumi\u00e8res LED sur les bras sont disponibles<\/p>\n<p><span style=\"color: #008080;\"><strong><a style=\"color: #008080;\" title=\"Porte de tourniquet pivotante certifi\u00e9e CE Mairs\" href=\"http:\/\/mairsturnstile.com\/wp-content\/uploads\/2022\/09\/Mairs-CE-Certificate-Swing-Turnstile-Gate.pdf\" target=\"_blank\" rel=\"noopener noreferrer\">Certifi\u00e9 CE,<\/a> <a style=\"color: #008080;\" title=\"Certificat Mairs ISO9001\" href=\"http:\/\/mairsturnstile.com\/wp-content\/uploads\/2022\/09\/Mairs-Registration-Certificate-ISO9001.pdf\" target=\"_blank\" rel=\"noopener noreferrer\">Certifi\u00e9 ISO9001.<\/a><\/strong><\/span><\/p>\n","protected":false},"featured_media":24855,"comment_status":"closed","ping_status":"closed","template":"","meta":{"neve_meta_sidebar":"","neve_meta_container":"","neve_meta_enable_content_width":"off","neve_meta_content_width":0,"neve_meta_title_alignment":"","neve_meta_author_avatar":"","neve_post_elements_order":"","neve_meta_disable_header":"","neve_meta_disable_footer":"","neve_meta_disable_title":"","_ti_tpc_template_sync":false,"_ti_tpc_template_id":""},"product_cat":[878,877],"product_tag":[1410,1426,1100,1451,1099,1427],"class_list":["post-10556","product","type-product","status-publish","has-post-thumbnail","hentry","product_cat-couloirs-de-vitesse","product_cat-porte-tourniquet","product_tag-porte-tourniquet-de-securite","product_tag-portes-tourniquet-en-verre","product_tag-tourniquet-en-verre","product_tag-tourniquets-de-bibliotheque","product_tag-tourniquets-de-securite-en-verre","product_tag-tourniquets-en-verre"],"_links":{"self":[{"href":"https:\/\/mairsturnstile.com\/fr\/wp-json\/wp\/v2\/product\/10556","targetHints":{"allow":["GET"]}}],"collection":[{"href":"https:\/\/mairsturnstile.com\/fr\/wp-json\/wp\/v2\/product"}],"about":[{"href":"https:\/\/mairsturnstile.com\/fr\/wp-json\/wp\/v2\/types\/product"}],"replies":[{"embeddable":true,"href":"https:\/\/mairsturnstile.com\/fr\/wp-json\/wp\/v2\/comments?post=10556"}],"version-history":[{"count":0,"href":"https:\/\/mairsturnstile.com\/fr\/wp-json\/wp\/v2\/product\/10556\/revisions"}],"wp:featuredmedia":[{"embeddable":true,"href":"https:\/\/mairsturnstile.com\/fr\/wp-json\/wp\/v2\/media\/24855"}],"wp:attachment":[{"href":"https:\/\/mairsturnstile.com\/fr\/wp-json\/wp\/v2\/media?parent=10556"}],"wp:term":[{"taxonomy":"product_cat","embeddable":true,"href":"https:\/\/mairsturnstile.com\/fr\/wp-json\/wp\/v2\/product_cat?post=10556"},{"taxonomy":"product_tag","embeddable":true,"href":"https:\/\/mairsturnstile.com\/fr\/wp-json\/wp\/v2\/product_tag?post=10556"}],"curies":[{"name":"wp","href":"https:\/\/api.w.org\/{rel}","templated":true}]}}