{"id":10559,"date":"2022-02-17T19:22:11","date_gmt":"2022-02-17T11:22:11","guid":{"rendered":"https:\/\/mairsturnstile.com\/product\/tourniquet-daeroport-de-tourniquet-doscillation-adapte-aux-besoins-du-client-mt371l"},"modified":"2024-11-01T14:48:08","modified_gmt":"2024-11-01T06:48:08","slug":"tourniquet-daeroport","status":"publish","type":"product","link":"https:\/\/mairsturnstile.com\/fr\/produit\/tourniquet-daeroport","title":{"rendered":"Tourniquet d&rsquo;a\u00e9roport de tourniquet d&rsquo;oscillation adapt\u00e9 aux besoins du client MT371L"},"content":{"rendered":"<h4>Ce tourniquet d&rsquo;a\u00e9roport b\u00e9n\u00e9ficie d&rsquo;une garantie de 2 ans et d&rsquo;un support de maintenance et de r\u00e9paration durable.<\/h4>\n<p>Nous pouvons fournir des services OEM et ODM. Nous avons des designers exp\u00e9riment\u00e9s qui peuvent effectuer une personnalisation approfondie en fonction de vos besoins. Nous fournirons une s\u00e9rie de mat\u00e9riaux tels que des rendus 3D, des dessins dimensionnels, etc. d\u00e8s que possible. Nous fournissons \u00e9galement des dispositifs biom\u00e9triques, tels que des lecteurs de cartes IC\/ID, des scanners d&#8217;empreintes digitales, des scanners de code QR, des cam\u00e9ras de reconnaissance faciale, etc.<\/p>\n<p><strong>Le tourniquet d&rsquo;a\u00e9roport est une sorte de porte de tourniquet de gestion du contr\u00f4le d&rsquo;acc\u00e8s des pi\u00e9tons, qui est utilis\u00e9e \u00e0 l&rsquo;entr\u00e9e et \u00e0 la sortie de l&rsquo;a\u00e9roport pour contr\u00f4ler les entr\u00e9es et sorties des passagers en combinaison avec un syst\u00e8me de contr\u00f4le des billets d&rsquo;a\u00e9roport.<\/strong><\/p>\n<p>S\u00e9lection de tourniquets d&rsquo;a\u00e9roport : <a href=\"https:\/\/mairsturnstile.com\/category\/swing-turnstile-gate\">tourniquet \u00e0 bascule<\/a>, tourniquet <a href=\"https:\/\/mairsturnstile.com\/what-is-flap-barrier.html\">\u00e0 clapet<\/a>, tourniquet de <a href=\"https:\/\/mairsturnstile.com\/speed-gates.html\">vitesse<\/a>, <a href=\"https:\/\/mairsturnstile.com\/product\/face-recognition-turnstile\">tourniquet \u00e0 reconnaissance faciale<\/a>.<\/p>\n<p>Pourquoi utiliser le tourniquet de l&rsquo;a\u00e9roport ? Le flux a\u00e9roportuaire est tr\u00e8s important, ne repose que sur une gestion manuelle, tr\u00e8s difficile, notamment la gestion des entr\u00e9es et des sorties. Si la porte de tourniquet \u00e0 code QR intelligente et la porte de tourniquet \u00e0 reconnaissance faciale sont install\u00e9es dans l&rsquo;a\u00e9roport, cela peut non seulement simplifier la gestion des entr\u00e9es et des sorties, mais \u00e9galement am\u00e9liorer le niveau de gestion.<\/p>\n<p><span style=\"font-weight: 400;\"><span style=\"font-style: inherit; font-weight: inherit;\">Notre tourniquet d&rsquo;a\u00e9roport de tourniquet de barri\u00e8re d&rsquo;oscillation de s\u00e9curit\u00e9 <a href=\"https:\/\/en.wikipedia.org\/wiki\/Stainless_steel\" target=\"_blank\" rel=\"noopener\">d&rsquo;acier inoxydable<\/a> du SUS 304 fournit aussi au large que la voie de 1100 millim\u00e8tres pour adapter \u00e0 des bicyclettes, \u00e0 des fauteuils roulants, \u00e0 des motos, \u00e0 des chariots, \u00e0 des bagages, etc. <\/span><\/span><span style=\"font-style: inherit; font-weight: inherit;\">Tourniquet d&rsquo;oscillation ext\u00e9rieur imperm\u00e9able de tourniquet d&rsquo;acier inoxydable du SUS 304 pour l&rsquo;entr\u00e9e d&rsquo;appartement. Il est principalement utilis\u00e9 \u00e0 la porte des unit\u00e9s d&rsquo;entreprise, des zones d&rsquo;installations industrielles et des zones r\u00e9sidentielles haut de gamme.<\/span><\/p>\n<p>Nous pouvons \u00e9galement cr\u00e9er un rendu pour vous en quelques minutes en fonction de votre sc\u00e9nario r\u00e9el. Nous fournissons \u00e9galement une disposition et des dessins d\u00e9taill\u00e9s, ainsi que des dessins d&rsquo;installation.<\/p>\n<ul>\n<li>Porte tourniquet d&rsquo;a\u00e9roport avec une vitesse de circulation \u00e9lev\u00e9e, qui est g\u00e9n\u00e9ralement appliqu\u00e9e dans les endroits \u00e0 fort flux de trafic en fonctionnement bidirectionnel.<\/li>\n<li>Le ch\u00e2ssis est fabriqu\u00e9 \u00e0 partir d&rsquo;acier inoxydable 304 \u00e0 texture capillaire, ce qui cr\u00e9e un point d&rsquo;acc\u00e8s homog\u00e8ne et \u00e9l\u00e9gant pour s&rsquo;adapter \u00e0 la plupart des environnements int\u00e9rieurs.<\/li>\n<li>Ce tourniquet d&rsquo;a\u00e9roport est livr\u00e9 avec la norme internationale RS485 et des relais, ce qui le rend largement compatible avec tous les logiciels existants de l&rsquo;industrie et presque tous les contr\u00f4les d&rsquo;acc\u00e8s tels que les syst\u00e8mes RFID, les syst\u00e8mes de codes-barres, les syst\u00e8mes de reconnaissance faciale, les syst\u00e8mes d&#8217;empreintes digitales, etc.<\/li>\n<li>En cas d&rsquo;urgence, coupez l&rsquo;alimentation \u00e9lectrique, le portillon tourniquet battant Slim s&rsquo;ouvrira automatiquement pour permettre un libre passage conforme aux exigences de s\u00e9curit\u00e9 incendie. Mais il doit venir avec une batterie. Quant \u00e0 l&rsquo;exportation, la batterie est sensible, nous pouvons utiliser le condensateur pour remplacer<\/li>\n<li>Le tourniquet d&rsquo;a\u00e9roport convient aux solutions d&rsquo;entr\u00e9e de luxe et haut de gamme.<\/li>\n<li>L&rsquo;ensemble du syst\u00e8me fonctionne en douceur, avec un faible bruit et une vitesse \u00e9lev\u00e9e.<\/li>\n<li>Fonction d&rsquo;alarme, s&rsquo;il s&rsquo;agit d&rsquo;une intrusion ill\u00e9gale ou d&rsquo;une intrusion invers\u00e9e, la porte s&rsquo;alarme et la porte se verrouille.<\/li>\n<li>Il y a un total de 5 paires de capteurs infrarouges. Les capteurs du milieu servent \u00e0 \u00e9viter de pincer les pi\u00e9tons.<\/li>\n<li>Fonction anti-tailing, une personne peut passer \u00e0 la fois. Si quelqu&rsquo;un suit les personnes de devant, la porte sonnera<\/li>\n<li>Indicateur LED. Croix rouge et fl\u00e8che verte. Il y a aussi des indicateurs LED sur le poteau avant. La lumi\u00e8re LED peut \u00eatre ajout\u00e9e aux bras.<\/li>\n<li>L&rsquo;acc\u00e8s bidirectionnel r\u00e9duit le besoin de plus de portes. Il est adapt\u00e9 aux fauteuils roulants et aux poussettes pour augmenter l&rsquo;efficacit\u00e9 du passage.<\/li>\n<li>Fonction de r\u00e9initialisation automatique. Si les personnes sont pass\u00e9es dans le d\u00e9lai pr\u00e9d\u00e9fini (le d\u00e9lai par d\u00e9faut est de 5 secondes), le syst\u00e8me annulera l&rsquo;autorisation de l&rsquo;utilisateur et se fermera automatiquement.<\/li>\n<li>Anti-bosse, anti-pince, la porte ext\u00e9rieure du tourniquet est livr\u00e9e sans balais pendant le fonctionnement. Si quelqu&rsquo;un frappe le bras, la porte ext\u00e9rieure du tourniquet se r\u00e9initialise automatiquement. Cette fonction emp\u00eache efficacement les pi\u00e9tons, en particulier les enfants, de se cogner, de se couper, de frapper, etc.<\/li>\n<li>La taille et l&rsquo;\u00e9paisseur du mat\u00e9riau peuvent \u00eatre personnalis\u00e9es<\/li>\n<li>Mat\u00e9riau du bo\u00eetier : acier inoxydable 304<\/li>\n<li> Fiabilit\u00e9 du m\u00e9canisme : 3 millions-5 millions, sans faute<\/li>\n<li>Les lumi\u00e8res LED sur les bras sont facultatives<\/li>\n<li>La LED sur le buffet est facultative<\/li>\n<li>\u00c9paisseur du bras oscillant : 10 mm<\/li>\n<li>Direction de travail : bidirectionnelle\/simple directionnelle<\/li>\n<li>Situation d&rsquo;urgence : s&rsquo;ouvre automatiquement lorsque l&rsquo;\u00e9lectricit\u00e9 est coup\u00e9e avec un condensateur<\/li>\n<li>Humidit\u00e9 : \u226490\uff05<\/li>\n<li>Temp\u00e9rature de travail : -20\u2103\uff5e60\u2103<\/li>\n<li>Distance de communication : \u22641200 m<\/li>\n<li>Interface de communication : RS485<\/li>\n<li>Caract\u00e9ristique: lecteur IC\/ID, lecteur de codes-barres, reconnaissance faciale, empreintes digitales, autres \u00e9quipements de contr\u00f4le d&rsquo;acc\u00e8s, UPS, etc.<\/li>\n<li>Le temps n\u00e9cessaire \u00e0 l&rsquo;ouverture : 0,2 s<\/li>\n<li>Environnement de travail : Int\u00e9rieur<\/li>\n<li>Domaine d&rsquo;application : communaut\u00e9, usine, chantier de construction, \u00e9cole, lieu de vill\u00e9giature, etc.<\/li>\n<\/ul>\n<p>Nous pouvons fournir la solution compl\u00e8te de contr\u00f4le d&rsquo;acc\u00e8s de s\u00e9curit\u00e9. Si vous avez votre propre syst\u00e8me de contr\u00f4le d&rsquo;acc\u00e8s, vous pouvez directement utiliser notre porte tourniquet. Si vous n&rsquo;en avez pas, nous fournissons \u00e9galement une solution compl\u00e8te de contr\u00f4le d&rsquo;acc\u00e8s de s\u00e9curit\u00e9. Veuillez vous r\u00e9f\u00e9rer \u00e0 la vid\u00e9o ci-dessous pour plus de d\u00e9tails.<\/p>\n<p><iframe title=\"Lecteur vid\u00e9o YouTube\" src=\"https:\/\/www.youtube.com\/embed\/rR_US2dIKU8?si=E0N9uSYd9J7L-F0r\" width=\"1150\" height=\"650\" frameborder=\"0\" allowfullscreen=\"allowfullscreen\"><span data-mce-type=\"bookmark\" style=\"display: inline-block; width: 0px; overflow: hidden; line-height: 0;\" class=\"mce_SELRES_start\"><\/span><\/iframe><\/p>\n","protected":false},"excerpt":{"rendered":"<p>1. Taille : 2200*200*1440 mm (peut \u00eatre personnalis\u00e9)<\/p>\n<p>2. Largeur de voie : 600 mm (standard)<\/p>\n<p>3. Mat\u00e9riau des bras : Acrylique<\/p>\n<p>4. Vitesse de passage : 40 personne\/min<\/p>\n<p>5. Alimentation : 110V\/220V 50\/60hz<\/p>\n<p>6. Moteur sans balais<\/p>\n<p>7. Signal de porte ouverte : contact sec\/relais<\/p>\n<p>8. Moteur d&rsquo;entra\u00eenement : 24 V<\/p>\n<p>9. Poids : 90 kg\/pi\u00e8ces<\/p>\n<p><strong><a title=\"Porte de tourniquet pivotante certifi\u00e9e CE Mairs\" href=\"http:\/\/mairsturnstile.com\/wp-content\/uploads\/2022\/09\/Mairs-CE-Certificate-Swing-Turnstile-Gate.pdf\" target=\"_blank\" rel=\"noopener noreferrer\">Certifi\u00e9 CE,<\/a> <a title=\"Certificat Mairs ISO9001\" href=\"http:\/\/mairsturnstile.com\/wp-content\/uploads\/2022\/09\/Mairs-Registration-Certificate-ISO9001.pdf\" target=\"_blank\" rel=\"noopener noreferrer\">Certifi\u00e9 ISO9001.<\/a><\/strong><\/p>\n","protected":false},"featured_media":65817,"comment_status":"closed","ping_status":"closed","template":"","meta":{"neve_meta_sidebar":"","neve_meta_container":"","neve_meta_enable_content_width":"off","neve_meta_content_width":0,"neve_meta_title_alignment":"","neve_meta_author_avatar":"","neve_post_elements_order":"","neve_meta_disable_header":"","neve_meta_disable_footer":"","neve_meta_disable_title":"","_ti_tpc_template_sync":false,"_ti_tpc_template_id":""},"product_cat":[877,879],"product_tag":[1106,1080],"class_list":["post-10559","product","type-product","status-publish","has-post-thumbnail","hentry","product_cat-porte-tourniquet","product_cat-tourniquet-pivotant","product_tag-tourniquet-daeroport","product_tag-tourniquet-pivotant"],"_links":{"self":[{"href":"https:\/\/mairsturnstile.com\/fr\/wp-json\/wp\/v2\/product\/10559","targetHints":{"allow":["GET"]}}],"collection":[{"href":"https:\/\/mairsturnstile.com\/fr\/wp-json\/wp\/v2\/product"}],"about":[{"href":"https:\/\/mairsturnstile.com\/fr\/wp-json\/wp\/v2\/types\/product"}],"replies":[{"embeddable":true,"href":"https:\/\/mairsturnstile.com\/fr\/wp-json\/wp\/v2\/comments?post=10559"}],"version-history":[{"count":0,"href":"https:\/\/mairsturnstile.com\/fr\/wp-json\/wp\/v2\/product\/10559\/revisions"}],"wp:featuredmedia":[{"embeddable":true,"href":"https:\/\/mairsturnstile.com\/fr\/wp-json\/wp\/v2\/media\/65817"}],"wp:attachment":[{"href":"https:\/\/mairsturnstile.com\/fr\/wp-json\/wp\/v2\/media?parent=10559"}],"wp:term":[{"taxonomy":"product_cat","embeddable":true,"href":"https:\/\/mairsturnstile.com\/fr\/wp-json\/wp\/v2\/product_cat?post=10559"},{"taxonomy":"product_tag","embeddable":true,"href":"https:\/\/mairsturnstile.com\/fr\/wp-json\/wp\/v2\/product_tag?post=10559"}],"curies":[{"name":"wp","href":"https:\/\/api.w.org\/{rel}","templated":true}]}}