{"id":10560,"date":"2020-09-13T17:00:56","date_gmt":"2020-09-13T09:00:56","guid":{"rendered":"https:\/\/mairsturnstile.com\/product\/tourniquet-rapide-avec-reconnaissance-visage-mt357"},"modified":"2023-11-01T12:05:07","modified_gmt":"2023-11-01T04:05:07","slug":"tourniquet-portail-liste-de-prix","status":"publish","type":"product","link":"https:\/\/mairsturnstile.com\/fr\/produit\/tourniquet-portail-liste-de-prix","title":{"rendered":"TOURNIQUET RAPIDE AVEC RECONNAISSANCE VISAGE MT357"},"content":{"rendered":"        <!-- 3D Model html -->\r\n        <div class=\"bp_grand wrapper_24275\">   \r\n        <div class=\"bp_model_parent\">\r\n            <model-viewer class=\"model\" id=\"bp_model_id_24275\" src=\"http:\/\/mairsturnstile.com\/wp-content\/uploads\/2023\/06\/MT366.glb\" alt=\"MT366\" camera-controls  loading=\"auto\" auto-rotate                        >\r\n            <\/model-viewer>\r\n        \r\n            <!-- Button -->\r\n            <svg id=\"openBtn\" width=\"30px\" height=\"30px\" viewBox=\"0 0 16 16\" xmlns=\"http:\/\/www.w3.org\/2000\/svg\" fill=\"#f2f2f2\" class=\"bi bi-arrows-fullscreen model-icon\">\r\n                <path fill-rule=\"evenodd\" d=\"M5.828 10.172a.5.5 0 0 0-.707 0l-4.096 4.096V11.5a.5.5 0 0 0-1 0v3.975a.5.5 0 0 0 .5.5H4.5a.5.5 0 0 0 0-1H1.732l4.096-4.096a.5.5 0 0 0 0-.707zm4.344 0a.5.5 0 0 1 .707 0l4.096 4.096V11.5a.5.5 0 1 1 1 0v3.975a.5.5 0 0 1-.5.5H11.5a.5.5 0 0 1 0-1h2.768l-4.096-4.096a.5.5 0 0 1 0-.707zm0-4.344a.5.5 0 0 0 .707 0l4.096-4.096V4.5a.5.5 0 1 0 1 0V.525a.5.5 0 0 0-.5-.5H11.5a.5.5 0 0 0 0 1h2.768l-4.096 4.096a.5.5 0 0 0 0 .707zm-4.344 0a.5.5 0 0 1-.707 0L1.025 1.732V4.5a.5.5 0 0 1-1 0V.525a.5.5 0 0 1 .5-.5H4.5a.5.5 0 0 1 0 1H1.732l4.096 4.096a.5.5 0 0 1 0 .707z\"\/>\r\n            <\/svg>\r\n        \r\n            <svg id=\"closeBtn\" class=\"model-icon\" width=\"34px\" height=\"34px\" viewBox=\"0 0 24 24\" xmlns=\"http:\/\/www.w3.org\/2000\/svg\">\r\n                <path fill=\"none\" stroke=\"#f2f2f2\" stroke-width=\"2\" d=\"M7,7 L17,17 M7,17 L17,7\"\/>\r\n            <\/svg>\r\n        \r\n        <\/div>\r\n        <\/div> \r\n\r\n        <!-- Model Viewer Style -->\r\n        <style>\r\n            \r\n            .wrapper_24275 .bp_model_parent, #bp_model_id_24275 {\r\n                width: 1150px;\r\n                max-width: 100%;\r\n                                            }\r\n            #bp_model_id_24275 {\r\n                height:700px;\r\n                background-color: #f2f2f2;\r\n            }\r\n            .fullscreen #bp_model_id_24275{\r\n            height: 100%;\r\n            width: 100%;\r\n            }\r\n            .wrapper_24275 .bp_model_parent{\r\n                justify-content: start            }\r\n            model-viewer.model {\r\n                --poster-color: transparent;\r\n            }\r\n        <\/style>\r\n        \r\n        \n<h4>LISTE DE PRIX DE LA PORTE TOURNIQUET DE MAIRS<\/h4>\n<h4>LA PORTE TOURNIQUET \u00c0 PRIX ABORDABLE DE MAIRS b\u00e9n\u00e9ficie d&rsquo;une garantie de 2 ans et d&rsquo;un support d&rsquo;entretien et de r\u00e9paration durable.<\/h4>\n<p>Nous pouvons fournir des services OEM et ODM. Nous avons des designers exp\u00e9riment\u00e9s qui peuvent effectuer une personnalisation approfondie en fonction de vos besoins. Nous fournirons une s\u00e9rie de mat\u00e9riaux tels que des rendus 3D, des dessins dimensionnels, etc. d\u00e8s que possible. Nous fournissons \u00e9galement des dispositifs biom\u00e9triques, tels que des lecteurs de cartes IC\/ID, des scanners d&#8217;empreintes digitales, des scanners de code QR, des cam\u00e9ras de reconnaissance faciale, etc.<\/p>\n<h4 style=\"font-weight: 400;\"><span style=\"font-style: inherit; font-weight: inherit;\"><b><strong>Liste de prix \u00e9lectronique de porte de tourniquet de barri\u00e8re d&rsquo;oscillation de passage large pi\u00e9tonnier<\/strong><\/b><\/span><\/h4>\n<p>La porte tourniquet est un syst\u00e8me de contr\u00f4le d&rsquo;entr\u00e9e \u00e9l\u00e9gant et \u00e9conomique con\u00e7u pour un volume de trafic \u00e9lev\u00e9, il a un passage de largeur suppl\u00e9mentaire jusqu&rsquo;\u00e0 1100 mm. Le <a href=\"https:\/\/mairsturnstile.com\/category\/swing-turnstile-gate\">tourniquet \u00e0 barri\u00e8re pivotante<\/a> est construit pour un fonctionnement en douceur et consomme tr\u00e8s peu d&rsquo;\u00e9nergie. Il est fabriqu\u00e9 en <a href=\"https:\/\/en.wikipedia.org\/wiki\/Stainless_steel\" target=\"_blank\" rel=\"noopener\">acier inoxydable<\/a> 304, ce qui le rend r\u00e9sistant \u00e0 la rouille et rigide. Mairs propose la meilleure liste de prix de porte de tourniquet.<\/p>\n<p>Nous pouvons \u00e9galement cr\u00e9er un rendu pour vous en quelques minutes en fonction de votre sc\u00e9nario r\u00e9el. Nous fournissons \u00e9galement une disposition et des dessins d\u00e9taill\u00e9s, ainsi que des dessins d&rsquo;installation.<\/p>\n\n        \t\n\t<style type=\"text\/css\">\n\t\t.slider-info-24283.bafg-slider-info .bafg-slider-title {\n\t\t\t\t\t\tfont-size: 22px;\n\t\t\t\t\t\t\n\t\t\t\n\t\t\t\t\t}\n\n\t\t.slider-info-24283.bafg-slider-info .bafg-slider-description {\n\t\t\t\n\t\t\t\n\t\t\t\t\t}\n\n\t\t.slider-info-24283.bafg-slider-info .bafg_slider_readmore_button {\n\t\t\t\n\t\t\t\n\t\t\t\n\t\t\t\n\t\t\t\n\t\t\ttext-align: center;\n\n\t\t\t\n\t\t\t\n\t\t\t\n\t\t\t\n\t\t\t\n\t\t\t\n\t\t\t\t\t}\n\n\t\t.slider-info-24283.bafg-slider-info .bafg_slider_readmore_button:hover {\n\n\t\t\t\n\t\t\t\n\t\t\t\t\t}\n\n\t<\/style>\n\t\n        <div class=\"bafg-twentytwenty-container slider-24283 \" bafg-orientation=\"horizontal\" bafg-default-offset=\"0.5\" bafg-before-label=\"Before\" bafg-after-label=\"After\" bafg-overlay=\"yes\" bafg-move-slider-on-hover=\"yes\" bafg-click-to-move=\"no\">\n              \n            <img decoding=\"async\" class=\"skip-lazy\" src=\"http:\/\/mairsturnstile.com\/wp-content\/uploads\/2023\/06\/turnstile-gate-price-list_4.jpg\" alt=\"\" data-skip-lazy title=\"\">\n            <img decoding=\"async\" class=\"skip-lazy\" src=\"http:\/\/mairsturnstile.com\/wp-content\/uploads\/2023\/06\/turnstile-gate-price-list_5.jpg\" alt=\"\" data-skip-lazy title=\"\">\n           \n        <\/div>\n\n        \t<div class=\"bafg-slider-info-wraper\">\n\t\t<div style=\"\" class=\"slider-info-24283 bafg-slider-info\">\n\t\t\t\t\t<\/div>\n\t<\/div>\n\t\n        <style type=\"text\/css\">\n            \n        <\/style>\n        \n<ul>\n<li>En cas d&rsquo;urgence, coupez le courant, le tourniquet Fastlane s&rsquo;ouvrira automatiquement pour permettre un libre passage conforme aux exigences de s\u00e9curit\u00e9 incendie. Mais il doit venir avec une batterie. Quant \u00e0 l&rsquo;exportation, la batterie est sensible, nous pouvons utiliser le condensateur pour remplacer<\/li>\n<li>Les tourniquets optiques conviennent aux solutions d&rsquo;entr\u00e9e de luxe et haut de gamme.<\/li>\n<li>L&rsquo;ensemble du syst\u00e8me fonctionne en douceur, avec un faible bruit et une vitesse \u00e9lev\u00e9e.<\/li>\n<li>Meilleure liste de prix de porte de tourniquet de Mairs.<\/li>\n<li>Fonction d&rsquo;alarme, s&rsquo;il y a une intrusion ill\u00e9gale et une intrusion inverse, la porte s&rsquo;alarme et la porte se verrouille.<\/li>\n<li>Il y a un total de 6 paires de capteurs infrarouges. Le capteur du milieu sert \u00e0 emp\u00eacher les pi\u00e9tons de se pincer.<\/li>\n<li>Fonction anti-tailing, une personne peut passer \u00e0 la fois. Si quelqu&rsquo;un suit les personnes de devant, la porte sonnera<\/li>\n<li>Liste de prix de vente en gros des portes de tourniquet de MairsTurnstile.<\/li>\n<li>Des lumi\u00e8res LED sur les bras sont disponibles<\/li>\n<li>Environnement de travail : Int\u00e9rieur<\/li>\n<li>Indicateur LED. Croix rouge et fl\u00e8che verte. Il y a aussi des indicateurs LED sur le poteau avant. La lumi\u00e8re LED peut \u00eatre ajout\u00e9e aux bras.<\/li>\n<li>L&rsquo;acc\u00e8s bidirectionnel r\u00e9duit le besoin de plus de portes. Il est adapt\u00e9 pour fauteuil roulant, poussette shopping augmentant l&rsquo;efficacit\u00e9 de passage.<\/li>\n<li>Fonction de r\u00e9initialisation automatique. Si les personnes sont pass\u00e9es dans le temps pr\u00e9d\u00e9fini (le temps par d\u00e9faut est de 5 secondes), le syst\u00e8me annulera l&rsquo;autorit\u00e9 de l&rsquo;utilisateur et se fermera automatiquement<\/li>\n<li>Anti-choc, Anti pincement, Les portails sont \u00e9quip\u00e9s d&rsquo;un moteur brushless. Pendant le fonctionnement, si quelqu&rsquo;un heurte le bras, le portail se r\u00e9initialise automatiquement. Cette fonction emp\u00eache efficacement les pi\u00e9tons, en particulier les enfants, de se cogner, de se couper, de frapper, etc.<\/li>\n<\/ul>\n<p>Nous pouvons fournir la solution compl\u00e8te de contr\u00f4le d&rsquo;acc\u00e8s de s\u00e9curit\u00e9. Si vous avez votre propre syst\u00e8me de contr\u00f4le d&rsquo;acc\u00e8s, vous pouvez directement utiliser notre porte tourniquet. Si vous n&rsquo;en avez pas, nous fournissons \u00e9galement une solution compl\u00e8te de contr\u00f4le d&rsquo;acc\u00e8s de s\u00e9curit\u00e9. Veuillez vous r\u00e9f\u00e9rer \u00e0 la vid\u00e9o ci-dessous pour plus de d\u00e9tails.<\/p>\n<p><iframe title=\"Tourniquets de cr\u00e9neaux rapides de s\u00e9curit\u00e9 pour le hall d'entr\u00e9e - MairsTurnstile\" src=\"https:\/\/www.youtube.com\/embed\/YtM3u6fUNIM\" width=\"1150\" height=\"650\" frameborder=\"0\" allowfullscreen=\"allowfullscreen\"><\/iframe><\/p>\n","protected":false},"excerpt":{"rendered":"<p>1. Taille : 1400*120*980 mm (peut \u00eatre personnalis\u00e9)<\/p>\n<p>2. Largeur de voie : 600 mm (standard) 900 mm (handicap\u00e9)<\/p>\n<p>3. Mat\u00e9riau du bras : Acrylique<\/p>\n<p>4. Vitesse de passage : 40 personne\/min<\/p>\n<p>5. Alimentation : 110 V\/220 V 50\/60 Hz<\/p>\n<p>6. Moteur sans balais<\/p>\n<p>7. Signal de porte ouverte : contact sec\/relais<\/p>\n<p>8. Moteur d&rsquo;entra\u00eenement du tourniquet Fastlane : 24 V<\/p>\n<p>9. Mat\u00e9riau du bo\u00eetier : acier inoxydable 304<\/p>\n<p><span style=\"color: #0000ff;\"><strong><a style=\"color: #0000ff;\" title=\"Porte de tourniquet pivotante certifi\u00e9e CE Mairs\" href=\"http:\/\/mairsturnstile.com\/wp-content\/uploads\/2022\/09\/Mairs-CE-Certificate-Swing-Turnstile-Gate.pdf\" target=\"_blank\" rel=\"noopener noreferrer\">Certifi\u00e9 CE,<\/a> <a style=\"color: #0000ff;\" title=\"Certificat Mairs ISO9001\" href=\"http:\/\/mairsturnstile.com\/wp-content\/uploads\/2022\/09\/Mairs-Registration-Certificate-ISO9001.pdf\" target=\"_blank\" rel=\"noopener noreferrer\">Certifi\u00e9 ISO9001.<\/a><\/strong><\/span><\/p>\n","protected":false},"featured_media":24129,"comment_status":"closed","ping_status":"closed","template":"","meta":{"neve_meta_sidebar":"","neve_meta_container":"","neve_meta_enable_content_width":"off","neve_meta_content_width":0,"neve_meta_title_alignment":"","neve_meta_author_avatar":"","neve_post_elements_order":"","neve_meta_disable_header":"","neve_meta_disable_footer":"","neve_meta_disable_title":"","_ti_tpc_template_sync":false,"_ti_tpc_template_id":""},"product_cat":[878,877],"product_tag":[1107,1431,1436,1409,1062,1435],"class_list":["post-10560","product","type-product","status-publish","has-post-thumbnail","hentry","product_cat-couloirs-de-vitesse","product_cat-porte-tourniquet","product_tag-liste-de-prix-porte-tourniquet","product_tag-que-sont-les-couloirs-de-vitesse","product_tag-tourniquet-de-bureau","product_tag-tourniquet-de-couloir-de-vitesse","product_tag-tourniquets-de-securite","product_tag-voies-de-vitesse"],"_links":{"self":[{"href":"https:\/\/mairsturnstile.com\/fr\/wp-json\/wp\/v2\/product\/10560","targetHints":{"allow":["GET"]}}],"collection":[{"href":"https:\/\/mairsturnstile.com\/fr\/wp-json\/wp\/v2\/product"}],"about":[{"href":"https:\/\/mairsturnstile.com\/fr\/wp-json\/wp\/v2\/types\/product"}],"replies":[{"embeddable":true,"href":"https:\/\/mairsturnstile.com\/fr\/wp-json\/wp\/v2\/comments?post=10560"}],"version-history":[{"count":0,"href":"https:\/\/mairsturnstile.com\/fr\/wp-json\/wp\/v2\/product\/10560\/revisions"}],"wp:featuredmedia":[{"embeddable":true,"href":"https:\/\/mairsturnstile.com\/fr\/wp-json\/wp\/v2\/media\/24129"}],"wp:attachment":[{"href":"https:\/\/mairsturnstile.com\/fr\/wp-json\/wp\/v2\/media?parent=10560"}],"wp:term":[{"taxonomy":"product_cat","embeddable":true,"href":"https:\/\/mairsturnstile.com\/fr\/wp-json\/wp\/v2\/product_cat?post=10560"},{"taxonomy":"product_tag","embeddable":true,"href":"https:\/\/mairsturnstile.com\/fr\/wp-json\/wp\/v2\/product_tag?post=10560"}],"curies":[{"name":"wp","href":"https:\/\/api.w.org\/{rel}","templated":true}]}}