{"id":10561,"date":"2020-09-13T17:03:22","date_gmt":"2020-09-13T09:03:22","guid":{"rendered":"https:\/\/mairsturnstile.com\/product\/fastlane-tourniquets-optiques-speed-gate-mt352"},"modified":"2023-11-01T12:04:36","modified_gmt":"2023-11-01T04:04:36","slug":"tourniquet-manufacturier-canada","status":"publish","type":"product","link":"https:\/\/mairsturnstile.com\/fr\/produit\/tourniquet-manufacturier-canada","title":{"rendered":"FASTLANE TOURNIQUETS OPTIQUES SPEED GATE MT352"},"content":{"rendered":"        <!-- 3D Model html -->\r\n        <div class=\"bp_grand wrapper_24276\">   \r\n        <div class=\"bp_model_parent\">\r\n            <model-viewer class=\"model\" id=\"bp_model_id_24276\" src=\"http:\/\/mairsturnstile.com\/wp-content\/uploads\/2023\/06\/MT367.glb\" alt=\"MT367\" camera-controls  loading=\"auto\" auto-rotate                        >\r\n            <\/model-viewer>\r\n        \r\n            <!-- Button -->\r\n            <svg id=\"openBtn\" width=\"30px\" height=\"30px\" viewBox=\"0 0 16 16\" xmlns=\"http:\/\/www.w3.org\/2000\/svg\" fill=\"#f2f2f2\" class=\"bi bi-arrows-fullscreen model-icon\">\r\n                <path fill-rule=\"evenodd\" d=\"M5.828 10.172a.5.5 0 0 0-.707 0l-4.096 4.096V11.5a.5.5 0 0 0-1 0v3.975a.5.5 0 0 0 .5.5H4.5a.5.5 0 0 0 0-1H1.732l4.096-4.096a.5.5 0 0 0 0-.707zm4.344 0a.5.5 0 0 1 .707 0l4.096 4.096V11.5a.5.5 0 1 1 1 0v3.975a.5.5 0 0 1-.5.5H11.5a.5.5 0 0 1 0-1h2.768l-4.096-4.096a.5.5 0 0 1 0-.707zm0-4.344a.5.5 0 0 0 .707 0l4.096-4.096V4.5a.5.5 0 1 0 1 0V.525a.5.5 0 0 0-.5-.5H11.5a.5.5 0 0 0 0 1h2.768l-4.096 4.096a.5.5 0 0 0 0 .707zm-4.344 0a.5.5 0 0 1-.707 0L1.025 1.732V4.5a.5.5 0 0 1-1 0V.525a.5.5 0 0 1 .5-.5H4.5a.5.5 0 0 1 0 1H1.732l4.096 4.096a.5.5 0 0 1 0 .707z\"\/>\r\n            <\/svg>\r\n        \r\n            <svg id=\"closeBtn\" class=\"model-icon\" width=\"34px\" height=\"34px\" viewBox=\"0 0 24 24\" xmlns=\"http:\/\/www.w3.org\/2000\/svg\">\r\n                <path fill=\"none\" stroke=\"#f2f2f2\" stroke-width=\"2\" d=\"M7,7 L17,17 M7,17 L17,7\"\/>\r\n            <\/svg>\r\n        \r\n        <\/div>\r\n        <\/div> \r\n\r\n        <!-- Model Viewer Style -->\r\n        <style>\r\n            \r\n            .wrapper_24276 .bp_model_parent, #bp_model_id_24276 {\r\n                width: 1150px;\r\n                max-width: 100%;\r\n                                            }\r\n            #bp_model_id_24276 {\r\n                height:700px;\r\n                background-color: #f2f2f2;\r\n            }\r\n            .fullscreen #bp_model_id_24276{\r\n            height: 100%;\r\n            width: 100%;\r\n            }\r\n            .wrapper_24276 .bp_model_parent{\r\n                justify-content: start            }\r\n            model-viewer.model {\r\n                --poster-color: transparent;\r\n            }\r\n        <\/style>\r\n        \r\n        \n<h4>FABRICANT DE TOURNIQUETS CANADA OFFRE LES MEILLEURS TOURNIQUETS GATE offre une garantie de 2 ans et un soutien durable en mati\u00e8re d&rsquo;entretien et de r\u00e9paration.<\/h4>\n<p>Nous pouvons fournir des services OEM et ODM. Nous avons des designers exp\u00e9riment\u00e9s qui peuvent effectuer une personnalisation approfondie en fonction de vos besoins. Nous fournirons une s\u00e9rie de mat\u00e9riaux tels que des rendus 3D, des dessins dimensionnels, etc. d\u00e8s que possible. Nous fournissons \u00e9galement des dispositifs biom\u00e9triques, tels que des lecteurs de cartes IC\/ID, des scanners d&#8217;empreintes digitales, des scanners de code QR, des cam\u00e9ras de reconnaissance faciale, etc.<\/p>\n<p>La porte de tourniquets optiques Fastlane du fabricant de tourniquets Canada est une porte au design \u00e9pur\u00e9 et \u00e9l\u00e9gant. Il contr\u00f4le les personnes pour entrer ou sortir de la zone r\u00e9glement\u00e9e.<\/p>\n<p>Le bo\u00eetier est en <a href=\"https:\/\/en.wikipedia.org\/wiki\/Stainless_steel\" target=\"_blank\" rel=\"noopener\">acier inoxydable<\/a> 304 bross\u00e9 de haute qualit\u00e9. Le m\u00e9canisme utilise une technologie de pointe pour r\u00e9duire la taille mais garantit des performances \u00e9lev\u00e9es.<\/p>\n<p>Ils sont \u00e9galement \u00e9quip\u00e9s d&rsquo;un moteur sans balais \u00e0 courant continu de marque c\u00e9l\u00e8bre et d&rsquo;un capteur sophistiqu\u00e9.<\/p>\n<p>Selon vos pr\u00e9f\u00e9rences ou vos besoins, la largeur de voie peut \u00eatre r\u00e9gl\u00e9e sur 600-900 mm. 600 mm est un acc\u00e8s standard. 900 mm est accessible aux handicap\u00e9s.<\/p>\n<p>La <a href=\"https:\/\/mairsturnstile.com\/category\/swing-turnstile-gate\">porte pivotante du tourniquet<\/a> est livr\u00e9e avec 6 paires de capteurs infrarouges pour assurer la s\u00e9curit\u00e9 du passage avec une grande pr\u00e9cision.<\/p>\n<p>Il dispose d&rsquo;une sortie relais standard, qui peut \u00eatre facilement int\u00e9gr\u00e9e \u00e0 toutes sortes de syst\u00e8mes de contr\u00f4le d&rsquo;acc\u00e8s tiers (c&rsquo;est-\u00e0-dire RFID, empreintes digitales, visage, code-barres, thermom\u00e8tre IR).<\/p>\n<p>Nous pouvons \u00e9galement cr\u00e9er un rendu pour vous en quelques minutes en fonction de votre sc\u00e9nario r\u00e9el. Nous fournissons \u00e9galement une disposition et des dessins d\u00e9taill\u00e9s, ainsi que des dessins d&rsquo;installation.<\/p>\n\n        \t\n\t<style type=\"text\/css\">\n\t\t.slider-info-24290.bafg-slider-info .bafg-slider-title {\n\t\t\t\t\t\tfont-size: 22px;\n\t\t\t\t\t\t\n\t\t\t\n\t\t\t\t\t}\n\n\t\t.slider-info-24290.bafg-slider-info .bafg-slider-description {\n\t\t\t\n\t\t\t\n\t\t\t\t\t}\n\n\t\t.slider-info-24290.bafg-slider-info .bafg_slider_readmore_button {\n\t\t\t\n\t\t\t\n\t\t\t\n\t\t\t\n\t\t\t\n\t\t\ttext-align: center;\n\n\t\t\t\n\t\t\t\n\t\t\t\n\t\t\t\n\t\t\t\n\t\t\t\n\t\t\t\t\t}\n\n\t\t.slider-info-24290.bafg-slider-info .bafg_slider_readmore_button:hover {\n\n\t\t\t\n\t\t\t\n\t\t\t\t\t}\n\n\t<\/style>\n\t\n        <div class=\"bafg-twentytwenty-container slider-24290 \" bafg-orientation=\"horizontal\" bafg-default-offset=\"0.5\" bafg-before-label=\"Before\" bafg-after-label=\"After\" bafg-overlay=\"yes\" bafg-move-slider-on-hover=\"yes\" bafg-click-to-move=\"no\">\n              \n            <img decoding=\"async\" class=\"skip-lazy\" src=\"http:\/\/mairsturnstile.com\/wp-content\/uploads\/2023\/06\/turnstile-manufacturer-canada_4.jpg\" alt=\"\" data-skip-lazy title=\"\">\n            <img decoding=\"async\" class=\"skip-lazy\" src=\"http:\/\/mairsturnstile.com\/wp-content\/uploads\/2023\/06\/turnstile-manufacturer-canada_5.jpg\" alt=\"\" data-skip-lazy title=\"\">\n           \n        <\/div>\n\n        \t<div class=\"bafg-slider-info-wraper\">\n\t\t<div style=\"\" class=\"slider-info-24290 bafg-slider-info\">\n\t\t\t\t\t<\/div>\n\t<\/div>\n\t\n        <style type=\"text\/css\">\n            \n        <\/style>\n        \n<p>Le fabricant professionnel de tourniquets Canada propose la porte de tourniquet la moins ch\u00e8re. Mairs exporte les portes de tourniquet de la meilleure qualit\u00e9 au Canada. Si vous recherchez un fabricant de tourniquets au Canada, \u00e0 la recherche d&rsquo;un prix de porte de tourniquet abordable au Canada, veuillez nous contacter.<\/p>\n<p>La conception raisonnable et la configuration \u00e9lev\u00e9e garantissent que les portes peuvent se d\u00e9placer avec pr\u00e9cision et en silence. Il est \u00e0 faible consommation d&rsquo;\u00e9nergie, \u00e9conome en \u00e9nergie et respectueux de l&rsquo;environnement.<\/p>\n<ul>\n<li>En cas d&rsquo;urgence, coupez le courant, les tourniquets optiques Fastlane s&rsquo;ouvrent automatiquement pour permettre un libre passage conforme aux exigences de s\u00e9curit\u00e9 incendie. Mais il doit venir avec une batterie. Quant \u00e0 l&rsquo;export, la batterie est sensible, on peut utiliser le condensateur pour la remplacer.<\/li>\n<li>La porte Fastlane Turnstile du fabricant de tourniquets Canada convient aux solutions d&rsquo;entr\u00e9e de luxe et haut de gamme.<\/li>\n<li>L&rsquo;ensemble du syst\u00e8me fonctionne en douceur, avec un faible bruit et une vitesse \u00e9lev\u00e9e.<\/li>\n<li>Fabricant professionnel de tourniquet Canada.<\/li>\n<li>Fonction d&rsquo;alarme, s&rsquo;il y a une intrusion ill\u00e9gale ou une intrusion inverse, la porte s&rsquo;alarmera et la porte se verrouillera.<\/li>\n<li>Il y a un total de 6 paires de capteurs infrarouges. Le capteur du milieu sert \u00e0 \u00e9viter de pincer les pi\u00e9tons.<\/li>\n<li>Fonction anti-tailing, une personne peut passer \u00e0 la fois. Si quelqu&rsquo;un suit les personnes de devant, la porte sonnera<\/li>\n<li>Indicateur LED. Croix rouge et fl\u00e8che verte. Il y a aussi des indicateurs LED sur le poteau avant. La lumi\u00e8re LED peut \u00eatre ajout\u00e9e aux bras.<\/li>\n<li>L&rsquo;acc\u00e8s bidirectionnel r\u00e9duit le besoin de plus de portes. Il est adapt\u00e9 aux fauteuils roulants et aux poussettes pour augmenter l&rsquo;efficacit\u00e9 du passage.<\/li>\n<li>Fonction de r\u00e9initialisation automatique. Si les personnes sont pass\u00e9es dans le d\u00e9lai pr\u00e9d\u00e9fini (le d\u00e9lai par d\u00e9faut est de 5 secondes), le syst\u00e8me annulera l&rsquo;autorisation de l&rsquo;utilisateur et se fermera automatiquement.<\/li>\n<li>Anti-choc, Anti pincement, Les portails sont \u00e9quip\u00e9s d&rsquo;un moteur brushless. Pendant le fonctionnement, si quelqu&rsquo;un heurte le bras, le portail se r\u00e9initialise automatiquement. Cette fonction emp\u00eache efficacement les pi\u00e9tons, en particulier les enfants, de se cogner, de se couper, de se heurter, etc.<\/li>\n<\/ul>\n<p>Nous pouvons fournir la solution compl\u00e8te de contr\u00f4le d&rsquo;acc\u00e8s de s\u00e9curit\u00e9. Si vous avez votre propre syst\u00e8me de contr\u00f4le d&rsquo;acc\u00e8s, vous pouvez directement utiliser notre porte tourniquet. Si vous n&rsquo;en avez pas, nous fournissons \u00e9galement une solution compl\u00e8te de contr\u00f4le d&rsquo;acc\u00e8s de s\u00e9curit\u00e9. Veuillez vous r\u00e9f\u00e9rer \u00e0 la vid\u00e9o ci-dessous pour plus de d\u00e9tails.<\/p>\n<p><iframe title=\"Tourniquets de cr\u00e9neaux rapides de s\u00e9curit\u00e9 pour le hall d'entr\u00e9e - MairsTurnstile\" src=\"https:\/\/www.youtube.com\/embed\/YtM3u6fUNIM\" width=\"1150\" height=\"650\" frameborder=\"0\" allowfullscreen=\"allowfullscreen\"><\/iframe><\/p>\n","protected":false},"excerpt":{"rendered":"<p>1. Taille : 1500*120*980 mm (peut \u00eatre personnalis\u00e9)<\/p>\n<p>2. Largeur de voie : 600 mm (standard) 900 mm (handicap\u00e9)<\/p>\n<p>3. Mat\u00e9riau du bras : Acrylique<\/p>\n<p>4. Vitesse de passage : 40 personne\/min<\/p>\n<p>5. Alimentation : 110 V\/220 V 50\/60 Hz<\/p>\n<p>6. Moteur sans balais<\/p>\n<p>7. Signal de porte ouverte : contact sec\/relais<\/p>\n<p>8. Tourniquets optiques Fastlane Moteur d&rsquo;entra\u00eenement : 24V<\/p>\n<p>9. \u00c9paisseur du mat\u00e9riau : corps de 1,5 mm et couvercle sup\u00e9rieur de 2 mm<\/p>\n<p><span style=\"color: #0000ff;\"><strong><a style=\"color: #0000ff;\" title=\"Tourniquet de couloir de vitesse certifi\u00e9 CE Mairs\" href=\"http:\/\/mairsturnstile.com\/wp-content\/uploads\/2022\/09\/Mairs-CE-Certificate-Speed-Gate-Turnstile.pdf\" target=\"_blank\" rel=\"noopener noreferrer\">Certifi\u00e9 CE,<\/a> <a style=\"color: #0000ff;\" title=\"Certificat Mairs ISO9001\" href=\"http:\/\/mairsturnstile.com\/wp-content\/uploads\/2022\/09\/Mairs-Registration-Certificate-ISO9001.pdf\" target=\"_blank\" rel=\"noopener noreferrer\">Certifi\u00e9 ISO9001.<\/a><\/strong><\/span><\/p>\n","protected":false},"featured_media":60065,"comment_status":"closed","ping_status":"closed","template":"","meta":{"neve_meta_sidebar":"","neve_meta_container":"","neve_meta_enable_content_width":"off","neve_meta_content_width":0,"neve_meta_title_alignment":"","neve_meta_author_avatar":"","neve_post_elements_order":"","neve_meta_disable_header":"","neve_meta_disable_footer":"","neve_meta_disable_title":"","_ti_tpc_template_sync":false,"_ti_tpc_template_id":""},"product_cat":[878,877],"product_tag":[1108,1455,1430,1436,1062,1435],"class_list":["post-10561","product","type-product","status-publish","has-post-thumbnail","hentry","product_cat-couloirs-de-vitesse","product_cat-porte-tourniquet","product_tag-fabricant-de-tourniquet-canada","product_tag-porte-tourniquet-canada","product_tag-systeme-de-controle-dacces-tourniquet","product_tag-tourniquet-de-bureau","product_tag-tourniquets-de-securite","product_tag-voies-de-vitesse"],"_links":{"self":[{"href":"https:\/\/mairsturnstile.com\/fr\/wp-json\/wp\/v2\/product\/10561","targetHints":{"allow":["GET"]}}],"collection":[{"href":"https:\/\/mairsturnstile.com\/fr\/wp-json\/wp\/v2\/product"}],"about":[{"href":"https:\/\/mairsturnstile.com\/fr\/wp-json\/wp\/v2\/types\/product"}],"replies":[{"embeddable":true,"href":"https:\/\/mairsturnstile.com\/fr\/wp-json\/wp\/v2\/comments?post=10561"}],"version-history":[{"count":0,"href":"https:\/\/mairsturnstile.com\/fr\/wp-json\/wp\/v2\/product\/10561\/revisions"}],"wp:featuredmedia":[{"embeddable":true,"href":"https:\/\/mairsturnstile.com\/fr\/wp-json\/wp\/v2\/media\/60065"}],"wp:attachment":[{"href":"https:\/\/mairsturnstile.com\/fr\/wp-json\/wp\/v2\/media?parent=10561"}],"wp:term":[{"taxonomy":"product_cat","embeddable":true,"href":"https:\/\/mairsturnstile.com\/fr\/wp-json\/wp\/v2\/product_cat?post=10561"},{"taxonomy":"product_tag","embeddable":true,"href":"https:\/\/mairsturnstile.com\/fr\/wp-json\/wp\/v2\/product_tag?post=10561"}],"curies":[{"name":"wp","href":"https:\/\/api.w.org\/{rel}","templated":true}]}}