{"id":10562,"date":"2020-09-13T17:47:27","date_gmt":"2020-09-13T09:47:27","guid":{"rendered":"https:\/\/mairsturnstile.com\/product\/tourniquet-portatif-porte-tourniquet-tripode-mt113-2"},"modified":"2024-11-03T13:46:43","modified_gmt":"2024-11-03T05:46:43","slug":"tourniquet-portable","status":"publish","type":"product","link":"https:\/\/mairsturnstile.com\/fr\/produit\/tourniquet-portable","title":{"rendered":"TOURNIQUET PORTABLE TOURNIQUET TRIPODE PORTABLE"},"content":{"rendered":"        <!-- 3D Model html -->\r\n        <div class=\"bp_grand wrapper_25995\">   \r\n        <div class=\"bp_model_parent\">\r\n            <model-viewer class=\"model\" id=\"bp_model_id_25995\" src=\"http:\/\/mairsturnstile.com\/wp-content\/uploads\/2024\/10\/portable-turnstile.glb\" alt=\"portable turnstile\" camera-controls  loading=\"auto\" auto-rotate                        >\r\n            <\/model-viewer>\r\n        \r\n            <!-- Button -->\r\n            <svg id=\"openBtn\" width=\"30px\" height=\"30px\" viewBox=\"0 0 16 16\" xmlns=\"http:\/\/www.w3.org\/2000\/svg\" fill=\"#f2f2f2\" class=\"bi bi-arrows-fullscreen model-icon\">\r\n                <path fill-rule=\"evenodd\" d=\"M5.828 10.172a.5.5 0 0 0-.707 0l-4.096 4.096V11.5a.5.5 0 0 0-1 0v3.975a.5.5 0 0 0 .5.5H4.5a.5.5 0 0 0 0-1H1.732l4.096-4.096a.5.5 0 0 0 0-.707zm4.344 0a.5.5 0 0 1 .707 0l4.096 4.096V11.5a.5.5 0 1 1 1 0v3.975a.5.5 0 0 1-.5.5H11.5a.5.5 0 0 1 0-1h2.768l-4.096-4.096a.5.5 0 0 1 0-.707zm0-4.344a.5.5 0 0 0 .707 0l4.096-4.096V4.5a.5.5 0 1 0 1 0V.525a.5.5 0 0 0-.5-.5H11.5a.5.5 0 0 0 0 1h2.768l-4.096 4.096a.5.5 0 0 0 0 .707zm-4.344 0a.5.5 0 0 1-.707 0L1.025 1.732V4.5a.5.5 0 0 1-1 0V.525a.5.5 0 0 1 .5-.5H4.5a.5.5 0 0 1 0 1H1.732l4.096 4.096a.5.5 0 0 1 0 .707z\"\/>\r\n            <\/svg>\r\n        \r\n            <svg id=\"closeBtn\" class=\"model-icon\" width=\"34px\" height=\"34px\" viewBox=\"0 0 24 24\" xmlns=\"http:\/\/www.w3.org\/2000\/svg\">\r\n                <path fill=\"none\" stroke=\"#f2f2f2\" stroke-width=\"2\" d=\"M7,7 L17,17 M7,17 L17,7\"\/>\r\n            <\/svg>\r\n        \r\n        <\/div>\r\n        <\/div> \r\n\r\n        <!-- Model Viewer Style -->\r\n        <style>\r\n            \r\n            .wrapper_25995 .bp_model_parent, #bp_model_id_25995 {\r\n                width: 1150px;\r\n                max-width: 100%;\r\n                                            }\r\n            #bp_model_id_25995 {\r\n                height:700px;\r\n                background-color: #f9f9f9;\r\n            }\r\n            .fullscreen #bp_model_id_25995{\r\n            height: 100%;\r\n            width: 100%;\r\n            }\r\n            .wrapper_25995 .bp_model_parent{\r\n                justify-content: start            }\r\n            model-viewer.model {\r\n                --poster-color: transparent;\r\n            }\r\n        <\/style>\r\n        \r\n        \n<h2>Le PORTABLE PORTABLE TURNSTILE TRIPOD TURNSTILE GATE b\u00e9n\u00e9ficie d&rsquo;une garantie de 2 ans et d&rsquo;une assistance durable en mati\u00e8re d&rsquo;entretien et de r\u00e9paration.<\/h2>\n<p>Le tourniquet portable est un tourniquet mobile pour pi\u00e9tons qui peut \u00eatre utilis\u00e9 pour contr\u00f4ler la circulation des pi\u00e9tons et g\u00e9rer les points d&rsquo;acc\u00e8s. Il est compos\u00e9 d&rsquo;un tourniquet ordinaire install\u00e9 sur une base mobile. La base mobile est \u00e9quip\u00e9e de quatre roues. Les roues peuvent \u00eatre ajust\u00e9es. Lorsque le tourniquet portable doit se d\u00e9placer, les roues peuvent \u00eatre ajust\u00e9es vers le bas pour pousser le tourniquet portable \u00e0 l&rsquo;endroit souhait\u00e9. Lorsqu&rsquo;il est fix\u00e9, les roues peuvent \u00eatre retir\u00e9es, le tourniquet portable peut \u00eatre fix\u00e9 et utilis\u00e9 normalement. Un tourniquet portable est \u00e0 la mode, mobile et peut \u00eatre personnalis\u00e9.<\/p>\n<p>La plaque de base est g\u00e9n\u00e9ralement en acier inoxydable 201 avec une texture antid\u00e9rapante pour \u00e9viter de glisser lors du passage. Il peut \u00eatre r\u00e9utilis\u00e9 de sorte que si un endroit n&rsquo;en a plus besoin, vous pouvez vous d\u00e9placer vers un autre endroit o\u00f9 le tourniquet portable est n\u00e9cessaire. La plupart d&rsquo;entre eux sont \u00e0 louer, ou certains \u00e9v\u00e9nements sportifs, concerts, etc. Ses avantages sont la mobilit\u00e9 et la portabilit\u00e9. Un tourniquet portable est \u00e9conomique et pratique, applicable \u00e0 un large \u00e9ventail d&rsquo;endroits, et est principalement utilis\u00e9 dans des endroits \u00e0 sens unique sans autorisation. Installation pratique et longue dur\u00e9e de vie.<\/p>\n<p>Nous pouvons \u00e9galement cr\u00e9er un rendu pour vous en quelques minutes en fonction de votre sc\u00e9nario r\u00e9el. Nous fournissons \u00e9galement des sch\u00e9mas et sch\u00e9mas d\u00e9taill\u00e9s, ainsi que des sch\u00e9mas d&rsquo;installation.<\/p>\n\n        \t\n\t<style type=\"text\/css\">\n\t\t.slider-info-25996.bafg-slider-info .bafg-slider-title {\n\t\t\t\t\t\tfont-size: 22px;\n\t\t\t\t\t\t\n\t\t\t\n\t\t\t\t\t}\n\n\t\t.slider-info-25996.bafg-slider-info .bafg-slider-description {\n\t\t\t\n\t\t\t\n\t\t\t\t\t}\n\n\t\t.slider-info-25996.bafg-slider-info .bafg_slider_readmore_button {\n\t\t\t\n\t\t\t\n\t\t\t\n\t\t\t\n\t\t\t\n\t\t\ttext-align: center;\n\n\t\t\t\n\t\t\t\n\t\t\t\n\t\t\t\n\t\t\t\n\t\t\t\n\t\t\t\t\t}\n\n\t\t.slider-info-25996.bafg-slider-info .bafg_slider_readmore_button:hover {\n\n\t\t\t\n\t\t\t\n\t\t\t\t\t}\n\n\t<\/style>\n\t\n        <div class=\"bafg-twentytwenty-container slider-25996 \" bafg-orientation=\"horizontal\" bafg-default-offset=\"0.5\" bafg-before-label=\"Before\" bafg-after-label=\"After\" bafg-overlay=\"yes\" bafg-move-slider-on-hover=\"yes\" bafg-click-to-move=\"no\">\n              \n            <img decoding=\"async\" class=\"skip-lazy\" src=\"http:\/\/mairsturnstile.com\/wp-content\/uploads\/2020\/09\/portable-turnstile-7.jpg\" alt=\"portable turnstile\" data-skip-lazy title=\"\">\n            <img decoding=\"async\" class=\"skip-lazy\" src=\"http:\/\/mairsturnstile.com\/wp-content\/uploads\/2020\/09\/portable-turnstile-8.jpg\" alt=\"portable turnstile\" data-skip-lazy title=\"\">\n           \n        <\/div>\n\n        \t<div class=\"bafg-slider-info-wraper\">\n\t\t<div style=\"\" class=\"slider-info-25996 bafg-slider-info\">\n\t\t\t\t\t<\/div>\n\t<\/div>\n\t\n        <style type=\"text\/css\">\n            \n        <\/style>\n        \n<p>En principe, tous les mod\u00e8les de nos produits peuvent \u00eatre transform\u00e9s en tourniquet portable, mais la plupart des clients choisissent g\u00e9n\u00e9ralement le <a href=\"https:\/\/mairsturnstile.com\/tripod-turnstile.html\" target=\"_blank\" rel=\"noopener\">tourniquet tripode<\/a>, le tourniquet <a href=\"https:\/\/mairsturnstile.com\/what-is-flap-barrier.html\" target=\"_blank\" rel=\"noopener\">barri\u00e8re \u00e0 volets<\/a> ou le <a href=\"https:\/\/mairsturnstile.com\/swing-turnstile-gate.html\" target=\"_blank\" rel=\"noopener\">tourniquet \u00e0 bascule<\/a>. Si vous avez d&rsquo;autres besoins, nous pouvons \u00e9galement les personnaliser en fonction de vos besoins. Avec le d\u00e9veloppement de la soci\u00e9t\u00e9, les progr\u00e8s de la science et de la technologie et les gens accordant plus d&rsquo;attention \u00e0 la s\u00e9curit\u00e9 des lieux publics, MairsTurnstile pensait que ces produits portables seraient de plus en plus largement utilis\u00e9s.<\/p>\n<p>Les tourniquets portables sont \u00e9galement appel\u00e9s tourniquets temporaires car ils sont g\u00e9n\u00e9ralement utilis\u00e9s dans certains endroits temporaires. Il est g\u00e9n\u00e9ralement utilis\u00e9 dans des endroits o\u00f9 il n&rsquo;est pas pratique de poin\u00e7onner et de c\u00e2bler, ou lorsque la gestion immobili\u00e8re ne permet pas d&rsquo;endommager le sol, ou dans des endroits temporaires o\u00f9 un \u00e9quipement de gestion du contr\u00f4le d&rsquo;acc\u00e8s est n\u00e9cessaire pendant une courte p\u00e9riode, comme certains concerts, sc\u00e8nes de spectacle , etc. bien s\u00fbr, en raison de sa mobilit\u00e9, nous pouvons continuer \u00e0 l&rsquo;utiliser dans diff\u00e9rents endroits, C&rsquo;est aussi une raison importante pour laquelle de nombreuses personnes en ont besoin. Ainsi, dans certains endroits, les gens sont plus dispos\u00e9s \u00e0 appeler des tourniquets temporaires.<\/p>\n<p>En fait, un tourniquet portable est ajout\u00e9 \u00e0 une plaque de base en acier inoxydable sur des produits normaux ordinaires. Bien s\u00fbr, il doit \u00eatre fabriqu\u00e9 en fonction de la taille d&rsquo;une porte de tourniquet ordinaire. Nous pouvons \u00e9galement personnaliser la base en fonction de la largeur de votre canal ou d&rsquo;autres besoins. Notre plaque de base a \u00e9t\u00e9 test\u00e9e d&rsquo;innombrables fois pour garantir sa fermet\u00e9, elle peut supporter un poids au-del\u00e0 de la port\u00e9e d&rsquo;utilisation.<\/p>\n<p>\u00c0 travers la vid\u00e9o suivante, vous pouvez voir tous les d\u00e9tails de ce produit, tels que le test du produit, le test de la plaque de base et m\u00eame 2-3 adultes sautant dessus sans aucune secousse, ce qui est suffisant pour prouver qu&rsquo;il peut supporter suffisamment de poids. L&rsquo;installation de la plaque de base et de la porte tourniquet portable est \u00e9galement tr\u00e8s simple. G\u00e9n\u00e9ralement, un adulte peut facilement le remplir en quelques minutes, Enfin, il montre \u00e9galement notre emballage et la livraison des produits.<\/p>\n<p>Bien s\u00fbr, le produit dans la vid\u00e9o est un tourniquet \u00e0 barri\u00e8re \u00e0 volets mobiles, et son principe est le m\u00eame que celui de la porte de tourniquet tripode mobile. Si vous avez besoin de ce produit dans la vid\u00e9o, veuillez consulter un autre produit : <a href=\"https:\/\/mairsturnstile.com\/product\/mobile-turnstile\" target=\"_blank\" rel=\"noopener\">Tourniquet barri\u00e8re \u00e0 clapet tourniquet mobile<\/a><\/p>\n<p><span style=\"font-weight: 400;\"><span style=\"font-style: inherit; font-weight: inherit;\">La porte tourniquet tripode portable repr\u00e9sente un moyen classique et s\u00fbr de prot\u00e9ger vos locaux. Le tourniquet tripode est utilis\u00e9 dans diverses applications d&rsquo;environnements int\u00e9rieurs et ext\u00e9rieurs. Ils s&rsquo;int\u00e8grent parfaitement comme une option \u00e9conomique dans les immeubles de bureaux et autres <\/span><\/span><span style=\"font-weight: 400;\"><span style=\"font-style: inherit; font-weight: inherit;\">applications.<\/span><\/span><\/p>\n<ul>\n<li>Le tourniquet portatif \u00e0 tr\u00e9pied est une solution d&rsquo;entr\u00e9e compacte et rentable.<\/li>\n<li>Le tourniquet tripode mobile est dot\u00e9 d&rsquo;un bo\u00eetier en acier inoxydable 304 enti\u00e8rement \u00e9tanche \u00e0 la pluie, r\u00e9sistant \u00e0 la rouille, solide et durable.<\/li>\n<li>Le tourniquet portable peut \u00eatre mont\u00e9 \u00e0 l&rsquo;int\u00e9rieur comme \u00e0 l&rsquo;ext\u00e9rieur. Le taux d&rsquo;IP est de 54.<\/li>\n<li>Il dispose d&rsquo;une sortie relais standard internationale, qui peut \u00eatre facilement int\u00e9gr\u00e9e \u00e0 toutes sortes de syst\u00e8mes de contr\u00f4le d&rsquo;acc\u00e8s tiers (c&rsquo;est-\u00e0-dire RFID, empreinte digitale, <a href=\"https:\/\/en.wikipedia.org\/wiki\/Facial_recognition\" target=\"_blank\" rel=\"noopener\">reconnaissance faciale<\/a>, code-barres, thermom\u00e8tre IR).<\/li>\n<li>Le tourniquet tripode portable est semi-automatique. Vous devrez pousser l\u00e9g\u00e8rement le bras pour ouvrir la porte lorsque l&rsquo;acc\u00e8s est accord\u00e9.<\/li>\n<li>La conception raisonnable et les performances \u00e9lev\u00e9es garantissent un mouvement rapide et pr\u00e9cis, stable et silencieux des portes, une faible consommation d&rsquo;\u00e9nergie, des \u00e9conomies d&rsquo;\u00e9nergie et la protection de l&rsquo;environnement.<\/li>\n<li>M\u00e9canisme de moulage durable, r\u00e9sistant \u00e0 la corrosion et \u00e0 usage intensif pour une dur\u00e9e de vie prolong\u00e9e<\/li>\n<li>Le m\u00e9canisme est la conception du moule. Tous les composants sont pr\u00e9cis. Il fait fonctionner le syst\u00e8me de porte en douceur, avec un faible bruit. Un amortisseur hydraulique peut \u00eatre ajout\u00e9.<\/li>\n<li>La conception du tourniquet tripode ne fait passer qu&rsquo;une seule personne \u00e0 la fois.<\/li>\n<li>Unidirectionnel ou bidirectionnel est une option.<\/li>\n<li>Voyant directionnel \u00e0 LED sur le dessus<\/li>\n<li>Fonction d&rsquo;horloge automatique : s&rsquo;il y a un signal d&rsquo;ouverture re\u00e7u, mais que le visiteur ne franchit pas la porte dans un d\u00e9lai sp\u00e9cifique (5 s par d\u00e9faut), le bras du tourniquet se verrouille automatiquement.<\/li>\n<li>Lorsque l&rsquo;alimentation est coup\u00e9e, les bras du tourniquet tripode s&rsquo;abaissent automatiquement pour permettre un passage libre, ce qui est conforme aux exigences de s\u00e9curit\u00e9 incendie.<\/li>\n<\/ul>\n<p>Nous pouvons fournir la solution compl\u00e8te de contr\u00f4le d&rsquo;acc\u00e8s de s\u00e9curit\u00e9. Si vous avez votre propre syst\u00e8me de contr\u00f4le d&rsquo;acc\u00e8s, vous pouvez directement utiliser notre porte tourniquet. Si vous n&rsquo;en avez pas, nous fournissons \u00e9galement une solution compl\u00e8te de contr\u00f4le d&rsquo;acc\u00e8s de s\u00e9curit\u00e9. Veuillez vous r\u00e9f\u00e9rer \u00e0 la vid\u00e9o ci-dessous pour plus de d\u00e9tails.<\/p>\n","protected":false},"excerpt":{"rendered":"<p>1. Taille : 500*290*980 mm (peut \u00eatre personnalis\u00e9e)<\/p>\n<p>2. Largeur de voie : 550 mm (peut \u00eatre personnalis\u00e9)<\/p>\n<p>3. Vitesse de passage : 35 personne\/min<\/p>\n<p>4. Alimentation : 110V\/220V 50\/60hz<\/p>\n<p>5. Poids : 40 kg<\/p>\n<p>6. Signal de porte ouverte : contact sec\/relais<\/p>\n<p>7. Mat\u00e9riau du bo\u00eetier : acier inoxydable 304<\/p>\n<p>8. Fiabilit\u00e9 du m\u00e9canisme : 3 millions, sans faute<\/p>\n<p>9. Mani\u00e8re d&rsquo;op\u00e9ration : semi-automatique<\/p>\n<p><strong><a title=\"Tourniquet tripode certifi\u00e9 CE Mairs\" href=\"http:\/\/mairsturnstile.com\/wp-content\/uploads\/2022\/09\/Mairs-CE-Certificate-Tripod-Turnstile.pdf\" target=\"_blank\" rel=\"noopener noreferrer\">Certifi\u00e9 CE,<\/a> <a title=\"Certificat Mairs ISO9001\" href=\"http:\/\/mairsturnstile.com\/wp-content\/uploads\/2022\/09\/Mairs-Registration-Certificate-ISO9001.pdf\" target=\"_blank\" rel=\"noopener noreferrer\">Certifi\u00e9 ISO9001.<\/a><\/strong><\/p>\n","protected":false},"featured_media":56772,"comment_status":"closed","ping_status":"closed","template":"","meta":{"neve_meta_sidebar":"","neve_meta_container":"","neve_meta_enable_content_width":"off","neve_meta_content_width":0,"neve_meta_title_alignment":"","neve_meta_author_avatar":"","neve_post_elements_order":"","neve_meta_disable_header":"","neve_meta_disable_footer":"","neve_meta_disable_title":"","_ti_tpc_template_sync":false,"_ti_tpc_template_id":""},"product_cat":[877,880],"product_tag":[1442,999,1109,1113,1111,1110],"class_list":["post-10562","product","type-product","status-publish","has-post-thumbnail","hentry","product_cat-porte-tourniquet","product_cat-tourniquet-tripode","product_tag-controle-dacces-tourniquet","product_tag-tourniquet-mobile","product_tag-tourniquet-portatif","product_tag-tourniquet-tripode","product_tag-tourniquets-de-securite-portables","product_tag-tourniquets-portables"],"_links":{"self":[{"href":"https:\/\/mairsturnstile.com\/fr\/wp-json\/wp\/v2\/product\/10562","targetHints":{"allow":["GET"]}}],"collection":[{"href":"https:\/\/mairsturnstile.com\/fr\/wp-json\/wp\/v2\/product"}],"about":[{"href":"https:\/\/mairsturnstile.com\/fr\/wp-json\/wp\/v2\/types\/product"}],"replies":[{"embeddable":true,"href":"https:\/\/mairsturnstile.com\/fr\/wp-json\/wp\/v2\/comments?post=10562"}],"version-history":[{"count":0,"href":"https:\/\/mairsturnstile.com\/fr\/wp-json\/wp\/v2\/product\/10562\/revisions"}],"wp:featuredmedia":[{"embeddable":true,"href":"https:\/\/mairsturnstile.com\/fr\/wp-json\/wp\/v2\/media\/56772"}],"wp:attachment":[{"href":"https:\/\/mairsturnstile.com\/fr\/wp-json\/wp\/v2\/media?parent=10562"}],"wp:term":[{"taxonomy":"product_cat","embeddable":true,"href":"https:\/\/mairsturnstile.com\/fr\/wp-json\/wp\/v2\/product_cat?post=10562"},{"taxonomy":"product_tag","embeddable":true,"href":"https:\/\/mairsturnstile.com\/fr\/wp-json\/wp\/v2\/product_tag?post=10562"}],"curies":[{"name":"wp","href":"https:\/\/api.w.org\/{rel}","templated":true}]}}