{"id":10567,"date":"2020-09-13T17:52:29","date_gmt":"2020-09-13T09:52:29","guid":{"rendered":"https:\/\/mairsturnstile.com\/product\/meilleur-tourniquet-rfid-tourniquet-tripode-porte-mt122"},"modified":"2023-10-31T17:34:23","modified_gmt":"2023-10-31T09:34:23","slug":"tourniquet-rfid","status":"publish","type":"product","link":"https:\/\/mairsturnstile.com\/fr\/produit\/tourniquet-rfid","title":{"rendered":"MEILLEUR TOURNIQUET RFID TOURNIQUET TRIPODE PORTE MT115"},"content":{"rendered":"        <!-- 3D Model html -->\r\n        <div class=\"bp_grand wrapper_20740\">   \r\n        <div class=\"bp_model_parent\">\r\n            <model-viewer class=\"model\" id=\"bp_model_id_20740\" src=\"http:\/\/mairsturnstile.com\/wp-content\/uploads\/2023\/07\/MT155.glb\" alt=\"MT155\" camera-controls  loading=\"auto\" auto-rotate                        >\r\n            <\/model-viewer>\r\n        \r\n            <!-- Button -->\r\n            <svg id=\"openBtn\" width=\"30px\" height=\"30px\" viewBox=\"0 0 16 16\" xmlns=\"http:\/\/www.w3.org\/2000\/svg\" fill=\"#f2f2f2\" class=\"bi bi-arrows-fullscreen model-icon\">\r\n                <path fill-rule=\"evenodd\" d=\"M5.828 10.172a.5.5 0 0 0-.707 0l-4.096 4.096V11.5a.5.5 0 0 0-1 0v3.975a.5.5 0 0 0 .5.5H4.5a.5.5 0 0 0 0-1H1.732l4.096-4.096a.5.5 0 0 0 0-.707zm4.344 0a.5.5 0 0 1 .707 0l4.096 4.096V11.5a.5.5 0 1 1 1 0v3.975a.5.5 0 0 1-.5.5H11.5a.5.5 0 0 1 0-1h2.768l-4.096-4.096a.5.5 0 0 1 0-.707zm0-4.344a.5.5 0 0 0 .707 0l4.096-4.096V4.5a.5.5 0 1 0 1 0V.525a.5.5 0 0 0-.5-.5H11.5a.5.5 0 0 0 0 1h2.768l-4.096 4.096a.5.5 0 0 0 0 .707zm-4.344 0a.5.5 0 0 1-.707 0L1.025 1.732V4.5a.5.5 0 0 1-1 0V.525a.5.5 0 0 1 .5-.5H4.5a.5.5 0 0 1 0 1H1.732l4.096 4.096a.5.5 0 0 1 0 .707z\"\/>\r\n            <\/svg>\r\n        \r\n            <svg id=\"closeBtn\" class=\"model-icon\" width=\"34px\" height=\"34px\" viewBox=\"0 0 24 24\" xmlns=\"http:\/\/www.w3.org\/2000\/svg\">\r\n                <path fill=\"none\" stroke=\"#f2f2f2\" stroke-width=\"2\" d=\"M7,7 L17,17 M7,17 L17,7\"\/>\r\n            <\/svg>\r\n        \r\n        <\/div>\r\n        <\/div> \r\n\r\n        <!-- Model Viewer Style -->\r\n        <style>\r\n            \r\n            .wrapper_20740 .bp_model_parent, #bp_model_id_20740 {\r\n                width: 1150px;\r\n                max-width: 100%;\r\n                                            }\r\n            #bp_model_id_20740 {\r\n                height:700px;\r\n                background-color: #f2f2f2;\r\n            }\r\n            .fullscreen #bp_model_id_20740{\r\n            height: 100%;\r\n            width: 100%;\r\n            }\r\n            .wrapper_20740 .bp_model_parent{\r\n                justify-content: start            }\r\n            model-viewer.model {\r\n                --poster-color: transparent;\r\n            }\r\n        <\/style>\r\n        \r\n        \n<h2>le tourniquet de tr\u00e9pied de tourniquet de rfid porte une garantie de 2 ans et un support durable d&rsquo;entretien et de r\u00e9paration.<\/h2>\n<p><strong>Le tourniquet RFID est une sorte de porte tourniquet qui s&rsquo;int\u00e8gre \u00e0 un lecteur de carte RFID afin de r\u00e9pondre aux exigences de la gestion du contr\u00f4le d&rsquo;acc\u00e8s des pi\u00e9tons.<\/strong> Bien s\u00fbr, nous pouvons int\u00e9grer ces lecteurs de cartes RFID dans notre porte tourniquet avec une interface de communication TCP\/IP. Nous fournissons \u00e9galement des dispositifs biom\u00e9triques, tels que des lecteurs de cartes IC\/ID, des scanners d&#8217;empreintes digitales, des scanners de code QR, des cam\u00e9ras de reconnaissance faciale, etc. Si vous avez besoin d&rsquo;int\u00e9grer ces dispositifs sur la porte du tourniquet ou si vous avez des questions, si vous avez besoin de ces tourniquets RFID, veuillez <a href=\"https:\/\/mairsturnstile.com\/contact\">nous contacter.<\/a><\/p>\n<p>Nous pouvons fournir des services OEM et ODM. Nous avons des designers exp\u00e9riment\u00e9s qui peuvent effectuer une personnalisation approfondie en fonction de vos besoins. Nous fournirons une s\u00e9rie de mat\u00e9riaux tels que des rendus 3D, des dessins dimensionnels, etc. d\u00e8s que possible. Fondamentalement, tous nos produits de porte de tourniquet peuvent s&rsquo;int\u00e9grer aux lecteurs de cartes RFID, et nous pouvons \u00e9galement personnaliser le tourniquet RFID en fonction de vos besoins. Le produit de porte de tourniquet int\u00e9gr\u00e9 \u00e0 un lecteur de carte RFID est la technologie la plus courante et la plus largement utilis\u00e9e.<\/p>\n<p>Si vous avez besoin d&rsquo;acheter un tel produit RFID, veuillez nous contacter ou cliquez directement sur le bouton de chat en ligne dans le coin inf\u00e9rieur gauche pour nous parler directement. Notre service client est g\u00e9n\u00e9ralement en ligne. Si ce n&rsquo;est pas le cas, nous r\u00e9pondrons \u00e0 votre message dans les plus brefs d\u00e9lais.<\/p>\n<p>Il vous suffit de nous dire quels sont vos besoins, tels que l&rsquo;endroit o\u00f9 utiliser le tourniquet, la largeur du passage, les fonctions \u00e0 mettre en \u0153uvre et s&rsquo;il existe d&rsquo;autres besoins sp\u00e9ciaux, ces exigences de base doivent \u00eatre clairement communiqu\u00e9es avant l&rsquo;achat. Nos experts commerciaux vous pr\u00e9senteront une solution satisfaisante en fonction de vos besoins. Il est de notre responsabilit\u00e9 et de notre motivation de vous satisfaire.<\/p>\n<p>Nos tourniquets pi\u00e9tons sont \u00e9galement tr\u00e8s populaires aux Philippines. Plusieurs de nos clients aux Philippines ont personnalis\u00e9 cette porte de tourniquet. Si vous souhaitez acheter ce tourniquet RFID Philippines, n&rsquo;h\u00e9sitez pas \u00e0 nous contacter.<\/p>\n<p>Le <a href=\"https:\/\/mairsturnstile.com\/category\/tripod-turnstile\">tourniquet tripode<\/a> offre une m\u00e9thode fiable et efficace pour s&rsquo;assurer que seuls les utilisateurs autoris\u00e9s sont autoris\u00e9s \u00e0 acc\u00e9der \u00e0 chaque zone d&rsquo;un b\u00e2timent. Ces barri\u00e8res de s\u00e9curit\u00e9 \u00e0 tourniquet tripode de <a href=\"https:\/\/en.wikipedia.org\/wiki\/Access_control\" target=\"_blank\" rel=\"noopener\">contr\u00f4le d&rsquo;acc\u00e8s<\/a> sont \u00e0 haute efficacit\u00e9 et faciles \u00e0 g\u00e9rer un trafic \u00e9lev\u00e9 et des conditions terribles. Mairs propose la meilleure porte de tourniquet tripode tourniquet RFID \u00e0 vendre \u00e0 un prix abordable.<\/p>\n<p>Nous pouvons \u00e9galement cr\u00e9er un rendu pour vous en quelques minutes en fonction de votre sc\u00e9nario r\u00e9el. Nous fournissons \u00e9galement une disposition et des dessins d\u00e9taill\u00e9s, ainsi que des dessins d&rsquo;installation.<\/p>\n\n        \t\n\t<style type=\"text\/css\">\n\t\t.slider-info-20743.bafg-slider-info .bafg-slider-title {\n\t\t\t\t\t\tfont-size: 22px;\n\t\t\t\t\t\t\n\t\t\t\n\t\t\t\t\t}\n\n\t\t.slider-info-20743.bafg-slider-info .bafg-slider-description {\n\t\t\t\n\t\t\t\n\t\t\t\t\t}\n\n\t\t.slider-info-20743.bafg-slider-info .bafg_slider_readmore_button {\n\t\t\t\n\t\t\t\n\t\t\t\n\t\t\t\n\t\t\t\n\t\t\ttext-align: center;\n\n\t\t\t\n\t\t\t\n\t\t\t\n\t\t\t\n\t\t\t\n\t\t\t\n\t\t\t\t\t}\n\n\t\t.slider-info-20743.bafg-slider-info .bafg_slider_readmore_button:hover {\n\n\t\t\t\n\t\t\t\n\t\t\t\t\t}\n\n\t<\/style>\n\t\n        <div class=\"bafg-twentytwenty-container slider-20743 \" bafg-orientation=\"horizontal\" bafg-default-offset=\"0.5\" bafg-before-label=\"Before\" bafg-after-label=\"After\" bafg-overlay=\"yes\" bafg-move-slider-on-hover=\"yes\" bafg-click-to-move=\"no\">\n              \n            <img decoding=\"async\" class=\"skip-lazy\" src=\"http:\/\/mairsturnstile.com\/wp-content\/uploads\/2023\/06\/rfid-turnstile_4.jpg\" alt=\"\" data-skip-lazy title=\"\">\n            <img decoding=\"async\" class=\"skip-lazy\" src=\"http:\/\/mairsturnstile.com\/wp-content\/uploads\/2023\/06\/rfid-turnstile_5.jpg\" alt=\"\" data-skip-lazy title=\"\">\n           \n        <\/div>\n\n        \t<div class=\"bafg-slider-info-wraper\">\n\t\t<div style=\"\" class=\"slider-info-20743 bafg-slider-info\">\n\t\t\t\t\t<\/div>\n\t<\/div>\n\t\n        <style type=\"text\/css\">\n            \n        <\/style>\n        \n<ul>\n<li>La porte tourniquet tripode RFID est une solution d&rsquo;entr\u00e9e compacte et \u00e9conomique.<\/li>\n<li>La porte de tourniquet de tr\u00e9pied de tourniquet RFID de contr\u00f4le d&rsquo;acc\u00e8s a un bo\u00eetier en acier inoxydable 304 enti\u00e8rement \u00e9tanche \u00e0 la pluie, qui est r\u00e9sistant \u00e0 la rouille, solide et durable.<\/li>\n<li>Les tourniquets tripodes de tourniquet RFID peuvent \u00eatre mont\u00e9s pour des emplacements int\u00e9rieurs et ext\u00e9rieurs. Le taux d&rsquo;IP est de 54.<\/li>\n<li>Il dispose d&rsquo;une sortie relais standard internationale, qui peut \u00eatre facilement int\u00e9gr\u00e9e \u00e0 toutes sortes de syst\u00e8mes de contr\u00f4le d&rsquo;acc\u00e8s tiers (c&rsquo;est-\u00e0-dire RFID, empreintes digitales, reconnaissance faciale, code-barres, thermom\u00e8tre IR).<\/li>\n<li>Le tourniquet RFID est semi-automatique. Vous devrez pousser l\u00e9g\u00e8rement le bras pour ouvrir la porte lorsque l&rsquo;acc\u00e8s est accord\u00e9.<\/li>\n<li>La conception raisonnable et les hautes performances garantissent que les portes peuvent se d\u00e9placer rapidement et avec pr\u00e9cision, de mani\u00e8re stable et silencieuse. avec une faible consommation d&rsquo;\u00e9nergie, la conservation de l&rsquo;\u00e9nergie et la protection de l&rsquo;environnement.<\/li>\n<li>M\u00e9canisme de moulage durable, r\u00e9sistant \u00e0 la corrosion et \u00e0 usage intensif pour une dur\u00e9e de vie prolong\u00e9e<\/li>\n<li>Le m\u00e9canisme est la conception du moule. Tous les composants sont pr\u00e9cis. Il fait fonctionner le syst\u00e8me de porte en douceur, avec un faible bruit. Un amortisseur hydraulique peut \u00eatre ajout\u00e9.<\/li>\n<li>La conception du tourniquet tripode ne fait passer qu&rsquo;une seule personne \u00e0 la fois.<\/li>\n<li>Unidirectionnel ou bidirectionnel est une option.<\/li>\n<li>Prix du tourniquet tripode en Inde.<\/li>\n<li>Voyant directionnel \u00e0 LED sur le dessus.<\/li>\n<li>Fonction d&rsquo;horloge automatique : s&rsquo;il y a un signal d&rsquo;ouverture re\u00e7u, mais que le visiteur ne franchit pas la porte dans un d\u00e9lai sp\u00e9cifique (5 s par d\u00e9faut), le bras du tourniquet se verrouille automatiquement.<\/li>\n<li>Lorsque l&rsquo;alimentation est coup\u00e9e, les bras du tourniquet tripode s&rsquo;abaissent automatiquement pour permettre le libre passage, ce qui est conforme aux exigences de s\u00e9curit\u00e9 incendie<\/li>\n<\/ul>\n<p>Nous pouvons fournir la solution compl\u00e8te de contr\u00f4le d&rsquo;acc\u00e8s de s\u00e9curit\u00e9. Si vous avez votre propre syst\u00e8me de contr\u00f4le d&rsquo;acc\u00e8s, vous pouvez directement utiliser notre porte tourniquet. Si vous n&rsquo;en avez pas, nous fournissons \u00e9galement une solution compl\u00e8te de contr\u00f4le d&rsquo;acc\u00e8s de s\u00e9curit\u00e9. Veuillez vous r\u00e9f\u00e9rer \u00e0 la vid\u00e9o ci-dessous pour plus de d\u00e9tails.<\/p>\n<p><iframe title=\"Portails de s\u00e9curit\u00e9 tripode, Portillon tourniquet tripode, Tourniquets tripodes - MairsTurnstile\" src=\"https:\/\/www.youtube.com\/embed\/XZxBoOfEqvE\" width=\"1150\" height=\"650\" frameborder=\"0\" allowfullscreen=\"allowfullscreen\"><\/iframe><\/p>\n","protected":false},"excerpt":{"rendered":"<p>1. Taille : 480*280*980 mm (peut \u00eatre personnalis\u00e9)<\/p>\n<p>2. Largeur de voie : 550 mm (peut \u00eatre personnalis\u00e9)<\/p>\n<p>3. Vitesse de passage : 35 personne\/min<\/p>\n<p>4. Alimentation : 110V\/220V 50\/60Hz<\/p>\n<p>5. Poids : 45 kg<\/p>\n<p>6. Entr\u00e9e : Contact sec<\/p>\n<p>7. Sol\u00e9no\u00efde 24V<\/p>\n<p>8. Mat\u00e9riau du bo\u00eetier : acier inoxydable 304<\/p>\n<p>10. Mani\u00e8re d&rsquo;op\u00e9ration : semi-automatique<\/p>\n<p><strong><a title=\"Tourniquet tripode certifi\u00e9 CE Mairs\" href=\"http:\/\/mairsturnstile.com\/wp-content\/uploads\/2022\/09\/Mairs-CE-Certificate-Tripod-Turnstile.pdf\" target=\"_blank\" rel=\"noopener noreferrer\">Certifi\u00e9 CE,<\/a> <a title=\"Certificat Mairs ISO9001\" href=\"http:\/\/mairsturnstile.com\/wp-content\/uploads\/2022\/09\/Mairs-Registration-Certificate-ISO9001.pdf\" target=\"_blank\" rel=\"noopener noreferrer\">Certifi\u00e9 ISO9001.<\/a><\/strong><\/p>\n","protected":false},"featured_media":59311,"comment_status":"closed","ping_status":"closed","template":"","meta":{"neve_meta_sidebar":"","neve_meta_container":"","neve_meta_enable_content_width":"off","neve_meta_content_width":0,"neve_meta_title_alignment":"","neve_meta_author_avatar":"","neve_post_elements_order":"","neve_meta_disable_header":"","neve_meta_disable_footer":"","neve_meta_disable_title":"","_ti_tpc_template_sync":false,"_ti_tpc_template_id":""},"product_cat":[877,880],"product_tag":[1442,1119,1115,1118,1113],"class_list":["post-10567","product","type-product","status-publish","has-post-thumbnail","hentry","product_cat-porte-tourniquet","product_cat-tourniquet-tripode","product_tag-controle-dacces-tourniquet","product_tag-porte-tourniquet-rfid","product_tag-porte-tourniquet-tripode","product_tag-tourniquet-rfid","product_tag-tourniquet-tripode"],"_links":{"self":[{"href":"https:\/\/mairsturnstile.com\/fr\/wp-json\/wp\/v2\/product\/10567","targetHints":{"allow":["GET"]}}],"collection":[{"href":"https:\/\/mairsturnstile.com\/fr\/wp-json\/wp\/v2\/product"}],"about":[{"href":"https:\/\/mairsturnstile.com\/fr\/wp-json\/wp\/v2\/types\/product"}],"replies":[{"embeddable":true,"href":"https:\/\/mairsturnstile.com\/fr\/wp-json\/wp\/v2\/comments?post=10567"}],"version-history":[{"count":0,"href":"https:\/\/mairsturnstile.com\/fr\/wp-json\/wp\/v2\/product\/10567\/revisions"}],"wp:featuredmedia":[{"embeddable":true,"href":"https:\/\/mairsturnstile.com\/fr\/wp-json\/wp\/v2\/media\/59311"}],"wp:attachment":[{"href":"https:\/\/mairsturnstile.com\/fr\/wp-json\/wp\/v2\/media?parent=10567"}],"wp:term":[{"taxonomy":"product_cat","embeddable":true,"href":"https:\/\/mairsturnstile.com\/fr\/wp-json\/wp\/v2\/product_cat?post=10567"},{"taxonomy":"product_tag","embeddable":true,"href":"https:\/\/mairsturnstile.com\/fr\/wp-json\/wp\/v2\/product_tag?post=10567"}],"curies":[{"name":"wp","href":"https:\/\/api.w.org\/{rel}","templated":true}]}}