{"id":10568,"date":"2020-09-13T17:53:39","date_gmt":"2020-09-13T09:53:39","guid":{"rendered":"https:\/\/mairsturnstile.com\/product\/tourniquet-esd-tourniquet-de-controle-dacces-trepied-mt121-s"},"modified":"2023-10-31T17:40:27","modified_gmt":"2023-10-31T09:40:27","slug":"tourniquet-esd","status":"publish","type":"product","link":"https:\/\/mairsturnstile.com\/fr\/produit\/tourniquet-esd","title":{"rendered":"TOURNIQUET ESD TR\u00c9PIED DE CONTR\u00d4LE D&rsquo;ACC\u00c8S MT156-ESD"},"content":{"rendered":"        <!-- 3D Model html -->\r\n        <div class=\"bp_grand wrapper_36237\">   \r\n        <div class=\"bp_model_parent\">\r\n            <model-viewer class=\"model\" id=\"bp_model_id_36237\" src=\"http:\/\/mairsturnstile.com\/wp-content\/uploads\/2023\/10\/esd-turnstile.glb\" alt=\"esd turnstile\" camera-controls  loading=\"auto\" auto-rotate                        >\r\n            <\/model-viewer>\r\n        \r\n            <!-- Button -->\r\n            <svg id=\"openBtn\" width=\"30px\" height=\"30px\" viewBox=\"0 0 16 16\" xmlns=\"http:\/\/www.w3.org\/2000\/svg\" fill=\"#f2f2f2\" class=\"bi bi-arrows-fullscreen model-icon\">\r\n                <path fill-rule=\"evenodd\" d=\"M5.828 10.172a.5.5 0 0 0-.707 0l-4.096 4.096V11.5a.5.5 0 0 0-1 0v3.975a.5.5 0 0 0 .5.5H4.5a.5.5 0 0 0 0-1H1.732l4.096-4.096a.5.5 0 0 0 0-.707zm4.344 0a.5.5 0 0 1 .707 0l4.096 4.096V11.5a.5.5 0 1 1 1 0v3.975a.5.5 0 0 1-.5.5H11.5a.5.5 0 0 1 0-1h2.768l-4.096-4.096a.5.5 0 0 1 0-.707zm0-4.344a.5.5 0 0 0 .707 0l4.096-4.096V4.5a.5.5 0 1 0 1 0V.525a.5.5 0 0 0-.5-.5H11.5a.5.5 0 0 0 0 1h2.768l-4.096 4.096a.5.5 0 0 0 0 .707zm-4.344 0a.5.5 0 0 1-.707 0L1.025 1.732V4.5a.5.5 0 0 1-1 0V.525a.5.5 0 0 1 .5-.5H4.5a.5.5 0 0 1 0 1H1.732l4.096 4.096a.5.5 0 0 1 0 .707z\"\/>\r\n            <\/svg>\r\n        \r\n            <svg id=\"closeBtn\" class=\"model-icon\" width=\"34px\" height=\"34px\" viewBox=\"0 0 24 24\" xmlns=\"http:\/\/www.w3.org\/2000\/svg\">\r\n                <path fill=\"none\" stroke=\"#f2f2f2\" stroke-width=\"2\" d=\"M7,7 L17,17 M7,17 L17,7\"\/>\r\n            <\/svg>\r\n        \r\n        <\/div>\r\n        <\/div> \r\n\r\n        <!-- Model Viewer Style -->\r\n        <style>\r\n            \r\n            .wrapper_36237 .bp_model_parent, #bp_model_id_36237 {\r\n                width: 1150px;\r\n                max-width: 100%;\r\n                                            }\r\n            #bp_model_id_36237 {\r\n                height:700px;\r\n                background-color: #f9f9f9;\r\n            }\r\n            .fullscreen #bp_model_id_36237{\r\n            height: 100%;\r\n            width: 100%;\r\n            }\r\n            .wrapper_36237 .bp_model_parent{\r\n                justify-content: start            }\r\n            model-viewer.model {\r\n                --poster-color: transparent;\r\n            }\r\n        <\/style>\r\n        \r\n        \n<h2>Le TOURNIQUET DE CONTR\u00d4LE D&rsquo;ACC\u00c8S DE TR\u00c9PIED DE TOURNIQUET D&rsquo;ESD porte une garantie de 2 ans et un support durable d&rsquo;entretien et de r\u00e9paration.<\/h2>\n<p><strong>Le tourniquet ESD est une sorte de porte tourniquet qui s&rsquo;int\u00e8gre aux dispositifs de test \u00e9lectrostatique humain (testeur ESD, bracelet ESD, bracelet ESD, chaussures ESD) pour r\u00e9aliser la gestion de la s\u00e9curit\u00e9 du contr\u00f4le d&rsquo;acc\u00e8s pi\u00e9ton sp\u00e9cial.<\/strong> Bien s\u00fbr, nous pouvons int\u00e9grer ces dispositifs de test \u00e9lectrostatique humain dans notre porte de tourniquet. Si vous avez besoin de ces tourniquets ESD, veuillez <a href=\"https:\/\/mairsturnstile.com\/contact\" target=\"_blank\" rel=\"noopener\">nous contacter<\/a><\/p>\n<p>Nous pouvons fournir des services OEM et ODM. Si vous souhaitez en savoir plus sur les sp\u00e9cifications du tourniquet ESD, veuillez consulter notre article <a href=\"https:\/\/mairsturnstile.com\/esd-turnstile-gate-system.html\" target=\"_blank\" rel=\"noopener\">Syst\u00e8me de porte de tourniquet ESD<\/a>.<\/p>\n<p><strong>Tous les styles de <a href=\"https:\/\/mairsturnstile.com\/product\/tripod-security-gate\" target=\"_blank\" rel=\"noopener\">tourniquets tripodes<\/a> et de <a href=\"https:\/\/mairsturnstile.com\/category\/flap-barrier-turnstile\" target=\"_blank\" rel=\"noopener\">tourniquets \u00e0 rabat<\/a><\/strong> peuvent \u00eatre transform\u00e9s en tourniquets ESD. En g\u00e9n\u00e9ral, la plupart des clients choisissent les tourniquets tripodes et les tourniquets \u00e0 clapet. Bien entendu, certains mod\u00e8les de <a href=\"https:\/\/mairsturnstile.com\/category\/swing-turnstile-gate\" target=\"_blank\" rel=\"noopener\">tourniquets<\/a> et de <a href=\"https:\/\/mairsturnstile.com\/category\/speed-gates\" target=\"_blank\" rel=\"noopener\">portillons<\/a> peuvent \u00e9galement \u00eatre transform\u00e9s en tourniquets ESD. Si vous avez besoin de personnaliser un tourniquet \u00e0 barri\u00e8re \u00e0 rabat ESD, veuillez consulter notre <a href=\"https:\/\/mairsturnstile.com\/category\/flap-barrier-turnstile\" target=\"_blank\" rel=\"noopener\">page de produits de barri\u00e8re \u00e0 rabat<\/a>. Pour les cas de projet r\u00e9els du tourniquet \u00e0 barri\u00e8re \u00e0 rabat ESD et du tourniquet tripode ESD, vous pouvez voir les images de cas suivantes.<\/p>\n<p>En tant que fabricants professionnels de portes de tourniquet de contr\u00f4le d&rsquo;acc\u00e8s pour pi\u00e9tons. Mairs offre la meilleure porte de tourniquet tripode de tourniquet ESD \u00e0 un prix abordable.<br \/>\nNous pouvons \u00e9galement cr\u00e9er un rendu pour vous en quelques minutes en fonction de votre sc\u00e9nario r\u00e9el. Nous fournissons \u00e9galement des sch\u00e9mas et sch\u00e9mas d\u00e9taill\u00e9s, ainsi que des sch\u00e9mas d&rsquo;installation.<\/p>\n\n        \t\n\t<style type=\"text\/css\">\n\t\t.slider-info-36238.bafg-slider-info .bafg-slider-title {\n\t\t\t\t\t\tfont-size: 22px;\n\t\t\t\t\t\t\n\t\t\t\n\t\t\t\t\t}\n\n\t\t.slider-info-36238.bafg-slider-info .bafg-slider-description {\n\t\t\t\n\t\t\t\n\t\t\t\t\t}\n\n\t\t.slider-info-36238.bafg-slider-info .bafg_slider_readmore_button {\n\t\t\t\n\t\t\t\n\t\t\t\n\t\t\t\n\t\t\t\n\t\t\ttext-align: center;\n\n\t\t\t\n\t\t\t\n\t\t\t\n\t\t\t\n\t\t\t\n\t\t\t\n\t\t\t\t\t}\n\n\t\t.slider-info-36238.bafg-slider-info .bafg_slider_readmore_button:hover {\n\n\t\t\t\n\t\t\t\n\t\t\t\t\t}\n\n\t<\/style>\n\t\n        <div class=\"bafg-twentytwenty-container slider-36238 \" bafg-orientation=\"horizontal\" bafg-default-offset=\"0.5\" bafg-before-label=\"Before\" bafg-after-label=\"After\" bafg-overlay=\"yes\" bafg-move-slider-on-hover=\"yes\" bafg-click-to-move=\"no\">\n              \n            <img decoding=\"async\" class=\"skip-lazy\" src=\"http:\/\/mairsturnstile.com\/wp-content\/uploads\/2023\/10\/esd-turnstile-4.jpg\" alt=\"\" data-skip-lazy title=\"\">\n            <img decoding=\"async\" class=\"skip-lazy\" src=\"http:\/\/mairsturnstile.com\/wp-content\/uploads\/2023\/10\/esd-turnstile-5.jpg\" alt=\"\" data-skip-lazy title=\"\">\n           \n        <\/div>\n\n        \t<div class=\"bafg-slider-info-wraper\">\n\t\t<div style=\"\" class=\"slider-info-36238 bafg-slider-info\">\n\t\t\t\t\t<\/div>\n\t<\/div>\n\t\n        <style type=\"text\/css\">\n            \n        <\/style>\n        \n<p>Le tourniquet tripode offre un contr\u00f4le d&rsquo;acc\u00e8s automatis\u00e9 dissuasif pour les sites fortement sollicit\u00e9s. Bien construit pour une durabilit\u00e9 accrue, il contr\u00f4le efficacement un d\u00e9bit \u00e9lev\u00e9. Puisqu&rsquo;il peut \u00eatre install\u00e9 \u00e0 l&rsquo;int\u00e9rieur ou \u00e0 l&rsquo;ext\u00e9rieur des b\u00e2timents, il permet de contr\u00f4ler les abus occasionnels des utilisateurs. C&rsquo;est un \u00e9quipement simple, durable et \u00e9conomique.<\/p>\n<ul>\n<li>La porte de tourniquet de tr\u00e9pied de tourniquet d&rsquo;ESD est une solution d&rsquo;entr\u00e9e compacte et rentable.<\/li>\n<li>Le tourniquet tripode ESD est dot\u00e9 d&rsquo;un bo\u00eetier en <a href=\"https:\/\/en.wikipedia.org\/wiki\/Stainless_steel\" target=\"_blank\" rel=\"noopener\">acier inoxydable<\/a> 304 enti\u00e8rement \u00e9tanche \u00e0 la pluie, r\u00e9sistant \u00e0 la rouille, solide et durable.<\/li>\n<li>Les tourniquets tripodes peuvent \u00eatre mont\u00e9s \u00e0 l&rsquo;int\u00e9rieur comme \u00e0 l&rsquo;ext\u00e9rieur. Le taux d&rsquo;IP est de 54<\/li>\n<li>Il dispose d&rsquo;une sortie relais standard internationale, qui peut \u00eatre facilement int\u00e9gr\u00e9e \u00e0 toutes sortes de syst\u00e8mes de contr\u00f4le d&rsquo;acc\u00e8s tiers (c&rsquo;est-\u00e0-dire RFID, empreinte digitale, reconnaissance faciale, code-barres, thermom\u00e8tre IR).<\/li>\n<li>Le portail est semi-automatique. Vous devrez pousser l\u00e9g\u00e8rement le bras pour ouvrir la porte lorsque l&rsquo;acc\u00e8s est accord\u00e9.<\/li>\n<li>La conception raisonnable et les hautes performances garantissent que les portes peuvent se d\u00e9placer rapidement et avec pr\u00e9cision, de mani\u00e8re stable et silencieuse. avec une faible consommation d&rsquo;\u00e9nergie, la conservation de l&rsquo;\u00e9nergie et la protection de l&rsquo;environnement.<\/li>\n<li>M\u00e9canisme de moulage durable, r\u00e9sistant \u00e0 la corrosion et \u00e0 usage intensif pour une dur\u00e9e de vie prolong\u00e9e<\/li>\n<li>Le m\u00e9canisme est la conception du moule. Tous les composants sont pr\u00e9cis. Il fait fonctionner le syst\u00e8me de porte en douceur, avec un faible bruit. Un amortisseur hydraulique peut \u00eatre ajout\u00e9.<\/li>\n<li>La conception du tourniquet tripode ne fait passer qu&rsquo;une seule personne \u00e0 la fois.<\/li>\n<li>Unidirectionnel ou bidirectionnel est une option.<\/li>\n<li>Voyant directionnel \u00e0 LED sur le dessus.<\/li>\n<li>Fonction d&rsquo;horloge automatique : s&rsquo;il y a un signal d&rsquo;ouverture re\u00e7u, mais que le visiteur ne franchit pas la porte dans un d\u00e9lai sp\u00e9cifique (5 s par d\u00e9faut), le bras du tourniquet se verrouille automatiquement.<\/li>\n<li>Lors de la mise hors tension, les bras du tourniquet tripode s&rsquo;abaisseront automatiquement pour permettre un passage libre, ce qui est conforme aux exigences de s\u00e9curit\u00e9 incendie.<\/li>\n<\/ul>\n<p>Nous pouvons fournir la solution compl\u00e8te de contr\u00f4le d&rsquo;acc\u00e8s de s\u00e9curit\u00e9. Si vous avez votre propre syst\u00e8me de contr\u00f4le d&rsquo;acc\u00e8s, vous pouvez directement utiliser notre porte tourniquet. Si vous n&rsquo;en avez pas, nous fournissons \u00e9galement une solution compl\u00e8te de contr\u00f4le d&rsquo;acc\u00e8s de s\u00e9curit\u00e9. Veuillez vous r\u00e9f\u00e9rer \u00e0 la vid\u00e9o ci-dessous pour plus de d\u00e9tails.<\/p>\n","protected":false},"excerpt":{"rendered":"<p>1. Taille : 1400*280*980 mm (peut \u00eatre personnalis\u00e9)<\/p>\n<p>2. Largeur de voie : 550 mm (peut \u00eatre personnalis\u00e9)<\/p>\n<p>3. Vitesse de passage : 35 personne\/min<\/p>\n<p>4. Alimentation : 110V\/220V 50\/60Hz<\/p>\n<p>5. Poids : 50 kg<\/p>\n<p>6. Signal de porte ouverte : contact sec\/relais<\/p>\n<p>7. La plaque d&rsquo;\u00e9tanch\u00e9it\u00e9 lat\u00e9rale et la plaque inf\u00e9rieure peuvent \u00eatre ajout\u00e9es<\/p>\n<p>8. Fiabilit\u00e9 du m\u00e9canisme : 3 millions, sans faute<\/p>\n<p>9. Mani\u00e8re d&rsquo;op\u00e9ration : semi-automatique<\/p>\n<p><strong><a title=\"Tourniquet tripode certifi\u00e9 CE Mairs\" href=\"http:\/\/mairsturnstile.com\/wp-content\/uploads\/2022\/09\/Mairs-CE-Certificate-Tripod-Turnstile.pdf\" target=\"_blank\" rel=\"noopener noreferrer\">Certifi\u00e9 CE,<\/a> <a title=\"Certificat Mairs ISO9001\" href=\"http:\/\/mairsturnstile.com\/wp-content\/uploads\/2022\/09\/Mairs-Registration-Certificate-ISO9001.pdf\" target=\"_blank\" rel=\"noopener noreferrer\">Certifi\u00e9 ISO9001.<\/a><\/strong><\/p>\n","protected":false},"featured_media":36229,"comment_status":"closed","ping_status":"closed","template":"","meta":{"neve_meta_sidebar":"","neve_meta_container":"","neve_meta_enable_content_width":"off","neve_meta_content_width":0,"neve_meta_title_alignment":"","neve_meta_author_avatar":"","neve_post_elements_order":"","neve_meta_disable_header":"","neve_meta_disable_footer":"","neve_meta_disable_title":"","_ti_tpc_template_sync":false,"_ti_tpc_template_id":""},"product_cat":[877,880],"product_tag":[1121,1124,1445,1444,1123,1120,1122,1443],"class_list":["post-10568","product","type-product","status-publish","has-post-thumbnail","hentry","product_cat-porte-tourniquet","product_cat-tourniquet-tripode","product_tag-porte-tourniquet-esd","product_tag-specifications-du-tourniquet-esd","product_tag-systeme-de-controle-dacces-de-tourniquet-desd","product_tag-systeme-de-controle-dacces-esd","product_tag-systeme-de-porte-de-tourniquet-desd","product_tag-tourniquet-esd","product_tag-tourniquet-testeur-esd","product_tag-tourniquets-esd"],"_links":{"self":[{"href":"https:\/\/mairsturnstile.com\/fr\/wp-json\/wp\/v2\/product\/10568","targetHints":{"allow":["GET"]}}],"collection":[{"href":"https:\/\/mairsturnstile.com\/fr\/wp-json\/wp\/v2\/product"}],"about":[{"href":"https:\/\/mairsturnstile.com\/fr\/wp-json\/wp\/v2\/types\/product"}],"replies":[{"embeddable":true,"href":"https:\/\/mairsturnstile.com\/fr\/wp-json\/wp\/v2\/comments?post=10568"}],"version-history":[{"count":0,"href":"https:\/\/mairsturnstile.com\/fr\/wp-json\/wp\/v2\/product\/10568\/revisions"}],"wp:featuredmedia":[{"embeddable":true,"href":"https:\/\/mairsturnstile.com\/fr\/wp-json\/wp\/v2\/media\/36229"}],"wp:attachment":[{"href":"https:\/\/mairsturnstile.com\/fr\/wp-json\/wp\/v2\/media?parent=10568"}],"wp:term":[{"taxonomy":"product_cat","embeddable":true,"href":"https:\/\/mairsturnstile.com\/fr\/wp-json\/wp\/v2\/product_cat?post=10568"},{"taxonomy":"product_tag","embeddable":true,"href":"https:\/\/mairsturnstile.com\/fr\/wp-json\/wp\/v2\/product_tag?post=10568"}],"curies":[{"name":"wp","href":"https:\/\/api.w.org\/{rel}","templated":true}]}}