{"id":10569,"date":"2020-09-13T17:57:27","date_gmt":"2020-09-13T09:57:27","guid":{"rendered":"https:\/\/mairsturnstile.com\/product\/tourniquet-tripode-avec-systeme-de-comptage-de-personnes-mt141"},"modified":"2023-08-02T22:16:31","modified_gmt":"2023-08-02T14:16:31","slug":"systeme-de-comptage-tourniquet","status":"publish","type":"product","link":"https:\/\/mairsturnstile.com\/fr\/produit\/systeme-de-comptage-tourniquet","title":{"rendered":"TOURNIQUET TRIPODE AVEC SYSTEME DE COMPTAGE DE PERSONNES MT112"},"content":{"rendered":"<p><iframe title=\"Syst\u00e8me de comptage de tourniquet, Compteur de tourniquet, Compteur de tourniquet \u00e0 vendre - MairsTurnstile.com\" src=\"https:\/\/www.youtube.com\/embed\/gn75kppFoZs\" width=\"920\" height=\"517\" frameborder=\"0\" allowfullscreen=\"allowfullscreen\"><\/iframe><\/p>\n<h4>Le syst\u00e8me de comptage de tourniquet b\u00e9n\u00e9ficie d&rsquo;une garantie de 2 ans et d&rsquo;un support de maintenance et de r\u00e9paration durable.<\/h4>\n<p>Nous pouvons fournir des services OEM et ODM. Nous fournissons \u00e9galement des dispositifs biom\u00e9triques, tels que des lecteurs de cartes IC\/ID, des scanners d&#8217;empreintes digitales, des scanners de code QR, des cam\u00e9ras de reconnaissance faciale, etc.<\/p>\n<p><strong><b>Qu&rsquo;est-ce qu&rsquo;un syst\u00e8me de comptage de tourniquet ?<\/b><\/strong><\/p>\n<p><strong><b>T<\/b><\/strong><strong><b>urnstile<\/b><\/strong><strong><b>est un \u00e9l\u00e9ment du <a href=\"https:\/\/mairsturnstile.com\/turnstile-access-control-system.html\">syst\u00e8me de contr\u00f4le d&rsquo;acc\u00e8s par tourniquet<\/a> form\u00e9 par<\/b><\/strong><strong><b>l&rsquo;ajout de <\/b><\/strong><strong><b>a<\/b><\/strong><strong><b> <\/b><\/strong><strong><b>module de comptage <\/b><\/strong><strong><b>sur le tourniquet pour pi\u00e9tons<\/b><\/strong><strong><b> portail<\/b><\/strong><strong><b>, <\/b><\/strong><strong><b>qui est principalement utilis\u00e9 pour compter le nombre de personnes qui passent.<\/b><\/strong> Bien entendu, le syst\u00e8me de comptage des tourniquets comprend \u00e9galement un module de d\u00e9tection des pi\u00e9tons et un module d&rsquo;indication par LED. Le module de comptage, le module de d\u00e9tection des pi\u00e9tons et le module d&rsquo;indication LED sont int\u00e9gr\u00e9s \u00e0 l&rsquo;int\u00e9rieur de la porte du tourniquet, les r\u00e9sultats du comptage peuvent \u00eatre affich\u00e9s via l&rsquo;\u00e9cran d&rsquo;affichage LED, qui peut \u00e9galement \u00eatre int\u00e9gr\u00e9 dans la porte du tourniquet. Gr\u00e2ce au module de comptage, le syst\u00e8me de comptage du tourniquet peut r\u00e9initialiser le comptage et d\u00e9finir la limite sup\u00e9rieure du comptage.<\/p>\n<p>La fonction de comptage du tourniquet peut \u00eatre r\u00e9alis\u00e9e en faisant correspondre la porte du tourniquet avec le module de comptage. Les r\u00e9sultats de comptage peuvent \u00eatre directement affich\u00e9s sur l&rsquo;\u00e9cran d&rsquo;affichage. Bien entendu, cet \u00e9cran de visualisation peut \u00e9galement \u00eatre int\u00e9gr\u00e9 \u00e0 la porte pi\u00e9tonne du tourniquet. Notre porte tourniquet peut facilement r\u00e9aliser la fonction de comptage de personnes. Nous pouvons \u00e9galement personnaliser des portes tourniquets sp\u00e9ciales avec des fonctions de comptage de personnes en fonction de vos besoins r\u00e9els.<\/p>\n<p>Syst\u00e8me de comptage de tourniquet, qui est principalement utilis\u00e9 pour enregistrer le nombre de personnes qui passent, car cette fonction est requise par de nombreux clients, et c&rsquo;est \u00e9galement l&rsquo;une des fonctions de base de la porte du tourniquet.<\/p>\n<p>Toutes les cartes m\u00e8res de porte de tourniquet sont \u00e9quip\u00e9es d&rsquo;une fonction de comptage. Chaque fois qu&rsquo;ils re\u00e7oivent les signaux d&rsquo;ouverture et de fermeture, ils enregistreront le nombre de fois. Cependant, ce comptage ne peut enregistrer que le nombre d&rsquo;ouvertures et de fermetures de portes, pas le nombre de passages.<\/p>\n<p>Quel est le principe du syst\u00e8me de comptage tourniquet ?<\/p>\n<p>Principe du syst\u00e8me de comptage de tourniquet, la plupart des cartes m\u00e8res de porte de tourniquet ont des interfaces de compteur. La porte du tourniquet a un module de comptage int\u00e9gr\u00e9 et un module de d\u00e9tection des pi\u00e9tons pour recevoir le signal d&rsquo;ouverture de la porte, via le module de d\u00e9tection des pi\u00e9tons (g\u00e9n\u00e9ralement logique infrarouge), s&rsquo;il est d\u00e9tect\u00e9 que le pi\u00e9ton est pass\u00e9, le r\u00e9sultat du comptage peut \u00eatre affich\u00e9 via le \u00c9cran d&rsquo;affichage LED. Seule une d\u00e9tection efficace peut \u00eatre utilis\u00e9e comme nombre de passagers, ce qui est pr\u00e9cis et efficace.<\/p>\n<p>En tant qu&rsquo;exigence fonctionnelle la plus fondamentale du tourniquet, de nombreux clients recherchent ce syst\u00e8me de comptage de tourniquet. Si vous avez besoin d&rsquo;acheter une porte tourniquet avec fonction de comptage de personnes, veuillez <a href=\"https:\/\/mairsturnstile.com\/contact\"><u>nous contacter<\/u><\/a>, cliquez sur le chat en ligne dans le coin inf\u00e9rieur gauche ou ajoutez le code QR \u00e0 droite pour ajouter mon application What&rsquo;s.<\/p>\n<p>Fondamentalement, tous nos <a href=\"https:\/\/mairsturnstile.com\/types-of-turnstiles.html\"><u>types de tourniquets<\/u><\/a> peuvent r\u00e9aliser la fonction de comptage de personnes. Bien entendu, nous pouvons \u00e9galement personnaliser la porte du tourniquet pour r\u00e9pondre \u00e0 d&rsquo;autres exigences fonctionnelles en fonction de vos besoins r\u00e9els. Il vous suffit de fournir des informations simples, telles que les fonctions que vous devez impl\u00e9menter, le nombre de canaux dont vous avez besoin, le comptage unidirectionnel ou bidirectionnel, etc. Notre personnel de vente professionnel vous fournira des solutions de s\u00e9curit\u00e9 de tourniquet appropri\u00e9es.<\/p>\n<p>Grille de prix du tourniquet tripode en <a href=\"https:\/\/en.wikipedia.org\/wiki\/Stainless_steel\" target=\"_blank\" rel=\"noopener\">acier inoxydable<\/a> de gestion \u00e9lectronique des acc\u00e8s \u00e0 l&rsquo;entr\u00e9e avec traitement de surface en acier inoxydable de haute qualit\u00e9 et d\u00e9li\u00e9 400, ce t<a href=\"https:\/\/mairsturnstile.com\/category\/tripod-turnstile\">ourniquet tripode<\/a> est \u00e9quip\u00e9 d&rsquo;une serrure \u00e0 sol\u00e9no\u00efde et de notre propre m\u00e9canisme con\u00e7u pour fournir une gestion fluide et autoris\u00e9e du trafic pi\u00e9tonnier.<\/p>\n<ul>\n<li>Les tourniquets tripodes biom\u00e9triques sont des solutions d&rsquo;entr\u00e9e compactes et \u00e9conomiques.<\/li>\n<li>Le tourniquet tripode biom\u00e9trique est dot\u00e9 d&rsquo;un bo\u00eetier en acier inoxydable 304 enti\u00e8rement \u00e9tanche \u00e0 la pluie, r\u00e9sistant \u00e0 la rouille, solide et durable.<\/li>\n<li>Les tourniquets tripodes peuvent \u00eatre mont\u00e9s \u00e0 l&rsquo;int\u00e9rieur comme \u00e0 l&rsquo;ext\u00e9rieur. Le taux d&rsquo;IP est de 54<\/li>\n<li>Il dispose d&rsquo;une sortie relais standard internationale, qui peut \u00eatre facilement int\u00e9gr\u00e9e \u00e0 toutes sortes de syst\u00e8mes de contr\u00f4le d&rsquo;acc\u00e8s tiers (c&rsquo;est-\u00e0-dire RFID, empreintes digitales, reconnaissance faciale, code-barres, thermom\u00e8tre IR).<\/li>\n<li>La porte du tourniquet tripode est semi-automatique. Vous devrez pousser l\u00e9g\u00e8rement le bras pour ouvrir la porte lorsque l&rsquo;acc\u00e8s est accord\u00e9.<\/li>\n<li>La conception raisonnable et les hautes performances garantissent que les portes peuvent se d\u00e9placer rapidement et avec pr\u00e9cision, de mani\u00e8re stable et silencieuse. avec une faible consommation d&rsquo;\u00e9nergie, la conservation de l&rsquo;\u00e9nergie et la protection de l&rsquo;environnement.<\/li>\n<li>M\u00e9canisme de moulage durable, r\u00e9sistant \u00e0 la corrosion et robuste pour une dur\u00e9e de vie prolong\u00e9e.<\/li>\n<li>Le m\u00e9canisme est la conception du moule. Tous les composants sont pr\u00e9cis. Il fait fonctionner le syst\u00e8me de porte en douceur, avec un faible bruit. Un amortisseur hydraulique peut \u00eatre ajout\u00e9.<\/li>\n<li>La conception du syst\u00e8me de comptage du tourniquet tripode ne fait passer qu&rsquo;une seule personne \u00e0 la fois.<\/li>\n<li>Unidirectionnel ou bidirectionnel est une option.<\/li>\n<li>Voyant directionnel \u00e0 LED sur le dessus.<\/li>\n<li>Meilleur prix tourniquet tripode Philippines.<\/li>\n<li>Fonction d&rsquo;horloge automatique : s&rsquo;il y a un signal d&rsquo;ouverture re\u00e7u, mais que le visiteur ne franchit pas la porte dans un d\u00e9lai sp\u00e9cifique (5 s par d\u00e9faut), le bras du tourniquet se verrouille automatiquement.<\/li>\n<li>Lorsque l&rsquo;alimentation est coup\u00e9e, les bras du tourniquet tripode s&rsquo;abaissent automatiquement pour permettre le libre passage, ce qui est conforme aux exigences de s\u00e9curit\u00e9 incendie.<\/li>\n<\/ul>\n<p>&nbsp;<\/p>\n","protected":false},"excerpt":{"rendered":"<p>1. Taille : 480*280*980 mm (peut \u00eatre personnalis\u00e9)<\/p>\n<p>2. Largeur de voie : 550 mm (peut \u00eatre personnalis\u00e9)<\/p>\n<p>3. Vitesse de passage : 35 personne\/min<\/p>\n<p>4. Alimentation : 110 V\/220 V<\/p>\n<p>5. Poids : 60 kg<\/p>\n<p>6. Entr\u00e9e : Contact sec<\/p>\n<p>7. Un manchon de protection du bras peut \u00eatre ajout\u00e9<\/p>\n<p>8. M\u00e9canisme avec amortisseur hydraulique pour amortir les chocs<\/p>\n<p>9. Mat\u00e9riau du bo\u00eetier : acier inoxydable 304<\/p>\n<p><strong><a title=\"Tourniquet tripode certifi\u00e9 CE Mairs\" href=\"http:\/\/mairsturnstile.com\/wp-content\/uploads\/2022\/09\/Mairs-CE-Certificate-Tripod-Turnstile.pdf\" target=\"_blank\" rel=\"noopener noreferrer\">Certifi\u00e9 CE,<\/a> <a title=\"Certificat Mairs ISO9001\" href=\"http:\/\/mairsturnstile.com\/wp-content\/uploads\/2022\/09\/Mairs-Registration-Certificate-ISO9001.pdf\" target=\"_blank\" rel=\"noopener noreferrer\">Certifi\u00e9 ISO9001.<\/a><\/strong><\/p>\n","protected":false},"featured_media":62309,"comment_status":"closed","ping_status":"closed","template":"","meta":{"neve_meta_sidebar":"","neve_meta_container":"","neve_meta_enable_content_width":"off","neve_meta_content_width":0,"neve_meta_title_alignment":"","neve_meta_author_avatar":"","neve_post_elements_order":"","neve_meta_disable_header":"","neve_meta_disable_footer":"","neve_meta_disable_title":"","_ti_tpc_template_sync":false,"_ti_tpc_template_id":""},"product_cat":[877,880],"product_tag":[1442,1115,1125,1113,1062],"class_list":["post-10569","product","type-product","status-publish","has-post-thumbnail","hentry","product_cat-porte-tourniquet","product_cat-tourniquet-tripode","product_tag-controle-dacces-tourniquet","product_tag-porte-tourniquet-tripode","product_tag-systeme-de-comptage-tourniquet","product_tag-tourniquet-tripode","product_tag-tourniquets-de-securite"],"_links":{"self":[{"href":"https:\/\/mairsturnstile.com\/fr\/wp-json\/wp\/v2\/product\/10569","targetHints":{"allow":["GET"]}}],"collection":[{"href":"https:\/\/mairsturnstile.com\/fr\/wp-json\/wp\/v2\/product"}],"about":[{"href":"https:\/\/mairsturnstile.com\/fr\/wp-json\/wp\/v2\/types\/product"}],"replies":[{"embeddable":true,"href":"https:\/\/mairsturnstile.com\/fr\/wp-json\/wp\/v2\/comments?post=10569"}],"version-history":[{"count":0,"href":"https:\/\/mairsturnstile.com\/fr\/wp-json\/wp\/v2\/product\/10569\/revisions"}],"wp:featuredmedia":[{"embeddable":true,"href":"https:\/\/mairsturnstile.com\/fr\/wp-json\/wp\/v2\/media\/62309"}],"wp:attachment":[{"href":"https:\/\/mairsturnstile.com\/fr\/wp-json\/wp\/v2\/media?parent=10569"}],"wp:term":[{"taxonomy":"product_cat","embeddable":true,"href":"https:\/\/mairsturnstile.com\/fr\/wp-json\/wp\/v2\/product_cat?post=10569"},{"taxonomy":"product_tag","embeddable":true,"href":"https:\/\/mairsturnstile.com\/fr\/wp-json\/wp\/v2\/product_tag?post=10569"}],"curies":[{"name":"wp","href":"https:\/\/api.w.org\/{rel}","templated":true}]}}