{"id":10570,"date":"2020-09-13T17:59:07","date_gmt":"2020-09-13T09:59:07","guid":{"rendered":"https:\/\/mairsturnstile.com\/product\/systeme-de-controle-dacces-sur-trepied-tourniquet-mt142"},"modified":"2023-10-31T17:32:23","modified_gmt":"2023-10-31T09:32:23","slug":"systeme-de-controle-d-acces-trepied","status":"publish","type":"product","link":"https:\/\/mairsturnstile.com\/fr\/produit\/systeme-de-controle-d-acces-trepied","title":{"rendered":"SYST\u00c8ME DE CONTR\u00d4LE D&rsquo;ACC\u00c8S SUR TR\u00c9PIED TOURNIQUET MT152"},"content":{"rendered":"        <!-- 3D Model html -->\r\n        <div class=\"bp_grand wrapper_20730\">   \r\n        <div class=\"bp_model_parent\">\r\n            <model-viewer class=\"model\" id=\"bp_model_id_20730\" src=\"http:\/\/mairsturnstile.com\/wp-content\/uploads\/2023\/06\/MT152.glb\" alt=\"MT152\" camera-controls  loading=\"auto\" auto-rotate                        >\r\n            <\/model-viewer>\r\n        \r\n            <!-- Button -->\r\n            <svg id=\"openBtn\" width=\"30px\" height=\"30px\" viewBox=\"0 0 16 16\" xmlns=\"http:\/\/www.w3.org\/2000\/svg\" fill=\"#f2f2f2\" class=\"bi bi-arrows-fullscreen model-icon\">\r\n                <path fill-rule=\"evenodd\" d=\"M5.828 10.172a.5.5 0 0 0-.707 0l-4.096 4.096V11.5a.5.5 0 0 0-1 0v3.975a.5.5 0 0 0 .5.5H4.5a.5.5 0 0 0 0-1H1.732l4.096-4.096a.5.5 0 0 0 0-.707zm4.344 0a.5.5 0 0 1 .707 0l4.096 4.096V11.5a.5.5 0 1 1 1 0v3.975a.5.5 0 0 1-.5.5H11.5a.5.5 0 0 1 0-1h2.768l-4.096-4.096a.5.5 0 0 1 0-.707zm0-4.344a.5.5 0 0 0 .707 0l4.096-4.096V4.5a.5.5 0 1 0 1 0V.525a.5.5 0 0 0-.5-.5H11.5a.5.5 0 0 0 0 1h2.768l-4.096 4.096a.5.5 0 0 0 0 .707zm-4.344 0a.5.5 0 0 1-.707 0L1.025 1.732V4.5a.5.5 0 0 1-1 0V.525a.5.5 0 0 1 .5-.5H4.5a.5.5 0 0 1 0 1H1.732l4.096 4.096a.5.5 0 0 1 0 .707z\"\/>\r\n            <\/svg>\r\n        \r\n            <svg id=\"closeBtn\" class=\"model-icon\" width=\"34px\" height=\"34px\" viewBox=\"0 0 24 24\" xmlns=\"http:\/\/www.w3.org\/2000\/svg\">\r\n                <path fill=\"none\" stroke=\"#f2f2f2\" stroke-width=\"2\" d=\"M7,7 L17,17 M7,17 L17,7\"\/>\r\n            <\/svg>\r\n        \r\n        <\/div>\r\n        <\/div> \r\n\r\n        <!-- Model Viewer Style -->\r\n        <style>\r\n            \r\n            .wrapper_20730 .bp_model_parent, #bp_model_id_20730 {\r\n                width: 1150px;\r\n                max-width: 100%;\r\n                                            }\r\n            #bp_model_id_20730 {\r\n                height:700px;\r\n                background-color: #f2f2f2;\r\n            }\r\n            .fullscreen #bp_model_id_20730{\r\n            height: 100%;\r\n            width: 100%;\r\n            }\r\n            .wrapper_20730 .bp_model_parent{\r\n                justify-content: start            }\r\n            model-viewer.model {\r\n                --poster-color: transparent;\r\n            }\r\n        <\/style>\r\n        \r\n        \n<h4>Le TOURNIQUET DU SYST\u00c8ME DE CONTR\u00d4LE D&rsquo;ACC\u00c8S TR\u00c9PIED b\u00e9n\u00e9ficie d&rsquo;une garantie de 2 ans et d&rsquo;un support de maintenance et de r\u00e9paration durable.<\/h4>\n<p>Nous pouvons fournir des services OEM et ODM. Nous avons des designers exp\u00e9riment\u00e9s qui peuvent effectuer une personnalisation approfondie en fonction de vos besoins. Nous fournirons une s\u00e9rie de mat\u00e9riaux tels que des rendus 3D, des dessins dimensionnels, etc. d\u00e8s que possible. Nous fournissons \u00e9galement des dispositifs biom\u00e9triques, tels que des lecteurs de cartes IC\/ID, des scanners d&#8217;empreintes digitales, des scanners de code QR, des cam\u00e9ras de reconnaissance faciale, etc. Si vous avez besoin d&rsquo;int\u00e9grer ces dispositifs sur la porte tourniquet pleine hauteur ou si vous avez des questions, veuillez <a href=\"https:\/\/mairsturnstile.com\/contact\">nous contacter.<\/a><\/p>\n<p>Le <a href=\"https:\/\/mairsturnstile.com\/category\/tripod-turnstile\">tourniquet tripode<\/a> offre une m\u00e9thode fiable et efficace pour s&rsquo;assurer que seuls les utilisateurs autoris\u00e9s sont autoris\u00e9s \u00e0 acc\u00e9der \u00e0 chaque zone d&rsquo;un b\u00e2timent.<\/p>\n<p>Nous pouvons \u00e9galement cr\u00e9er un rendu pour vous en quelques minutes en fonction de votre sc\u00e9nario r\u00e9el. Nous fournissons \u00e9galement une disposition et des dessins d\u00e9taill\u00e9s, ainsi que des dessins d&rsquo;installation.<\/p>\n\n        \t\n\t<style type=\"text\/css\">\n\t\t.slider-info-20744.bafg-slider-info .bafg-slider-title {\n\t\t\t\t\t\tfont-size: 22px;\n\t\t\t\t\t\t\n\t\t\t\n\t\t\t\t\t}\n\n\t\t.slider-info-20744.bafg-slider-info .bafg-slider-description {\n\t\t\t\n\t\t\t\n\t\t\t\t\t}\n\n\t\t.slider-info-20744.bafg-slider-info .bafg_slider_readmore_button {\n\t\t\t\n\t\t\t\n\t\t\t\n\t\t\t\n\t\t\t\n\t\t\ttext-align: center;\n\n\t\t\t\n\t\t\t\n\t\t\t\n\t\t\t\n\t\t\t\n\t\t\t\n\t\t\t\t\t}\n\n\t\t.slider-info-20744.bafg-slider-info .bafg_slider_readmore_button:hover {\n\n\t\t\t\n\t\t\t\n\t\t\t\t\t}\n\n\t<\/style>\n\t\n        <div class=\"bafg-twentytwenty-container slider-20744 \" bafg-orientation=\"horizontal\" bafg-default-offset=\"0.5\" bafg-before-label=\"Before\" bafg-after-label=\"After\" bafg-overlay=\"yes\" bafg-move-slider-on-hover=\"yes\" bafg-click-to-move=\"no\">\n              \n            <img decoding=\"async\" class=\"skip-lazy\" src=\"http:\/\/mairsturnstile.com\/wp-content\/uploads\/2020\/09\/tripod-access-control-system-4.jpg\" alt=\"tripod access control system\" data-skip-lazy title=\"\">\n            <img decoding=\"async\" class=\"skip-lazy\" src=\"http:\/\/mairsturnstile.com\/wp-content\/uploads\/2020\/09\/tripod-access-control-system-5.jpg\" alt=\"tripod access control system\" data-skip-lazy title=\"\">\n           \n        <\/div>\n\n        \t<div class=\"bafg-slider-info-wraper\">\n\t\t<div style=\"\" class=\"slider-info-20744 bafg-slider-info\">\n\t\t\t\t\t<\/div>\n\t<\/div>\n\t\n        <style type=\"text\/css\">\n            \n        <\/style>\n        \n<ul>\n<li>Les tourniquets de syst\u00e8me de contr\u00f4le d&rsquo;acc\u00e8s tripode sont des solutions d&rsquo;entr\u00e9e compactes et \u00e9conomiques.<\/li>\n<li>Le tourniquet du syst\u00e8me de contr\u00f4le d&rsquo;acc\u00e8s tripode a un bo\u00eetier en acier inoxydable 304 enti\u00e8rement \u00e9tanche \u00e0 la pluie, qui est r\u00e9sistant \u00e0 la rouille, solide et durable.<\/li>\n<li>Les tourniquets tripodes peuvent \u00eatre mont\u00e9s \u00e0 l&rsquo;int\u00e9rieur comme \u00e0 l&rsquo;ext\u00e9rieur. Le taux d&rsquo;IP est de 54<\/li>\n<li>Il dispose d&rsquo;une sortie relais standard internationale, qui peut \u00eatre facilement int\u00e9gr\u00e9e \u00e0 toutes sortes de syst\u00e8mes de contr\u00f4le d&rsquo;acc\u00e8s tiers (c&rsquo;est-\u00e0-dire RFID, empreintes digitales, reconnaissance faciale, <a href=\"https:\/\/en.wikipedia.org\/wiki\/Barcode\" target=\"_blank\" rel=\"noopener\">code-barres<\/a>, thermom\u00e8tre IR).<\/li>\n<li>Le portail est semi-automatique. Vous devrez pousser l\u00e9g\u00e8rement le bras pour ouvrir la porte lorsque l&rsquo;acc\u00e8s est accord\u00e9.<\/li>\n<li>La conception raisonnable et les hautes performances garantissent que les portes peuvent se d\u00e9placer rapidement et avec pr\u00e9cision, de mani\u00e8re stable et silencieuse. avec une faible consommation d&rsquo;\u00e9nergie, la conservation de l&rsquo;\u00e9nergie et la protection de l&rsquo;environnement.<\/li>\n<li>M\u00e9canisme de moulage durable, r\u00e9sistant \u00e0 la corrosion et \u00e0 usage intensif pour une dur\u00e9e de vie prolong\u00e9e<\/li>\n<li>Le m\u00e9canisme est la conception du moule. Tous les composants sont pr\u00e9cis et. Il fait fonctionner le syst\u00e8me de porte en douceur, avec un faible bruit. Un amortisseur hydraulique peut \u00eatre ajout\u00e9.<\/li>\n<li>La conception du tourniquet tripode ne fait passer qu&rsquo;une seule personne \u00e0 la fois.<\/li>\n<li>Fiabilit\u00e9 du m\u00e9canisme : 3 millions, sans faute<\/li>\n<li>Unidirectionnel ou bidirectionnel est une option.<\/li>\n<li>Voyant directionnel \u00e0 LED sur le dessus<\/li>\n<li>Fonction d&rsquo;horloge automatique : s&rsquo;il y a un signal d&rsquo;ouverture re\u00e7u, mais que le visiteur ne franchit pas la porte dans un d\u00e9lai sp\u00e9cifique (5 s par d\u00e9faut), le bras du tourniquet se verrouille automatiquement.<\/li>\n<li>Lors de la mise hors tension, les bras du tourniquet tripode s&rsquo;abaisseront automatiquement pour permettre un libre passage, ce qui est conforme aux exigences de s\u00e9curit\u00e9 incendie.<\/li>\n<\/ul>\n<p><iframe title=\"Tourniquet tripode automatique, portail tourniquet tripode, solution tourniquet tripode - MairsTurnstile\" src=\"https:\/\/www.youtube.com\/embed\/6LIOkb5RGwk\" width=\"1150\" height=\"650\" frameborder=\"0\" allowfullscreen=\"allowfullscreen\"><\/iframe><\/p>\n","protected":false},"excerpt":{"rendered":"<p>1. Taille : 1400*280*980 mm (peut \u00eatre personnalis\u00e9)<\/p>\n<p>2. Largeur de voie : 550 mm (peut \u00eatre personnalis\u00e9)<\/p>\n<p>3. Vitesse de passage : 35 personne\/min<\/p>\n<p>4. Alimentation : 110V\/220V 50\/60Hz<\/p>\n<p>5. Syst\u00e8me de contr\u00f4le d&rsquo;acc\u00e8s tripode Poids : 60 kg<\/p>\n<p>6. Signal de porte ouverte : contact sec\/relais<\/p>\n<p>7. Un manchon de protection du bras peut \u00eatre ajout\u00e9<\/p>\n<p>8. M\u00e9canisme avec amortisseur hydraulique pour amortir les chocs<\/p>\n<p>9. Mani\u00e8re d&rsquo;op\u00e9ration : Semi-automatique<\/p>\n<p><strong><a title=\"Tourniquet tripode certifi\u00e9 CE Mairs\" href=\"http:\/\/mairsturnstile.com\/wp-content\/uploads\/2022\/09\/Mairs-CE-Certificate-Tripod-Turnstile.pdf\" target=\"_blank\" rel=\"noopener noreferrer\">Certifi\u00e9 CE,<\/a> <a title=\"Certificat Mairs ISO9001\" href=\"http:\/\/mairsturnstile.com\/wp-content\/uploads\/2022\/09\/Mairs-Registration-Certificate-ISO9001.pdf\" target=\"_blank\" rel=\"noopener noreferrer\">Certifi\u00e9 ISO9001.<\/a><\/strong><\/p>\n","protected":false},"featured_media":59723,"comment_status":"closed","ping_status":"closed","template":"","meta":{"neve_meta_sidebar":"","neve_meta_container":"","neve_meta_enable_content_width":"off","neve_meta_content_width":0,"neve_meta_title_alignment":"","neve_meta_author_avatar":"","neve_post_elements_order":"","neve_meta_disable_header":"","neve_meta_disable_footer":"","neve_meta_disable_title":"","_ti_tpc_template_sync":false,"_ti_tpc_template_id":""},"product_cat":[877,880],"product_tag":[1126,1128,1127,1430,1441],"class_list":["post-10570","product","type-product","status-publish","has-post-thumbnail","hentry","product_cat-porte-tourniquet","product_cat-tourniquet-tripode","product_tag-controle-dacces-sur-trepied","product_tag-systeme-dacces-au-trepied","product_tag-systeme-de-controle-dacces-sur-trepied","product_tag-systeme-de-controle-dacces-tourniquet","product_tag-systemes-de-securite-de-controle-dacces-de-tourniquet"],"_links":{"self":[{"href":"https:\/\/mairsturnstile.com\/fr\/wp-json\/wp\/v2\/product\/10570","targetHints":{"allow":["GET"]}}],"collection":[{"href":"https:\/\/mairsturnstile.com\/fr\/wp-json\/wp\/v2\/product"}],"about":[{"href":"https:\/\/mairsturnstile.com\/fr\/wp-json\/wp\/v2\/types\/product"}],"replies":[{"embeddable":true,"href":"https:\/\/mairsturnstile.com\/fr\/wp-json\/wp\/v2\/comments?post=10570"}],"version-history":[{"count":0,"href":"https:\/\/mairsturnstile.com\/fr\/wp-json\/wp\/v2\/product\/10570\/revisions"}],"wp:featuredmedia":[{"embeddable":true,"href":"https:\/\/mairsturnstile.com\/fr\/wp-json\/wp\/v2\/media\/59723"}],"wp:attachment":[{"href":"https:\/\/mairsturnstile.com\/fr\/wp-json\/wp\/v2\/media?parent=10570"}],"wp:term":[{"taxonomy":"product_cat","embeddable":true,"href":"https:\/\/mairsturnstile.com\/fr\/wp-json\/wp\/v2\/product_cat?post=10570"},{"taxonomy":"product_tag","embeddable":true,"href":"https:\/\/mairsturnstile.com\/fr\/wp-json\/wp\/v2\/product_tag?post=10570"}],"curies":[{"name":"wp","href":"https:\/\/api.w.org\/{rel}","templated":true}]}}