{"id":10572,"date":"2021-04-27T15:44:16","date_gmt":"2021-04-27T07:44:16","guid":{"rendered":"https:\/\/mairsturnstile.com\/product\/mecanisme-de-tourniquet-tripode-a-vendre-mt143"},"modified":"2023-11-14T09:17:20","modified_gmt":"2023-11-14T01:17:20","slug":"tripode-tourniquet-mecanisme","status":"publish","type":"product","link":"https:\/\/mairsturnstile.com\/fr\/produit\/tripode-tourniquet-mecanisme","title":{"rendered":"M\u00c9CANISME DE TOURNIQUET TRIPODE \u00c0 VENDRE MT146"},"content":{"rendered":"<h2><strong>M\u00e9canisme de tourniquet \u00e0 tr\u00e9pied, m\u00e9canisme de tourniquet \u00e0 tr\u00e9pied automatique<\/strong><\/h2>\n<h3>M\u00e9canisme automatique adapt\u00e9 aux besoins du client durable <strong>de porte de tourniquet de tr\u00e9pied<\/strong><\/h3>\n<p>Dans la cha\u00eene de montage de la polyk\u00e9tide synthase, un m\u00e9canisme de porte tourniquet pour le traitement simultan\u00e9 des interm\u00e9diaires a \u00e9t\u00e9 d\u00e9termin\u00e9. L&rsquo;allongement de la cha\u00eene provoque la fermeture du module et le passage de la cha\u00eene au module suivant pour rouvrir le tourniquet.<\/p>\n<p>Le <strong><a href=\"https:\/\/mairsturnstile.com\/turnstile-mechanism.html\" target=\"_blank\" rel=\"noopener\">m\u00e9canisme de tourniquet<\/a> tripode<\/strong> est l&rsquo;un des composants essentiels de la porte de <a href=\"https:\/\/mairsturnstile.com\/product\/tripod-security-gate\">tourniquet tripode<\/a>, et le m\u00e9canisme de tourniquet contr\u00f4le la porte de tourniquet tripode en contr\u00f4lant le balancement du bras d&rsquo;aile. La qualit\u00e9 de fonctionnement du m\u00e9canisme du tourniquet tripode d\u00e9termine la qualit\u00e9 de la porte du tourniquet tripode, mais la d\u00e9faillance de la porte du tourniquet tripode est \u00e9galement li\u00e9e au m\u00e9canisme du tourniquet tripode.<\/p>\n<p><strong>Caract\u00e9ristiques :<\/strong><\/p>\n<ol>\n<li>La coque est en <a href=\"https:\/\/en.wikipedia.org\/wiki\/Stainless_steel\" target=\"_blank\" rel=\"noopener\">acier inoxydable<\/a> 304 d&rsquo;une \u00e9paisseur de 1,5 mm ;<\/li>\n<li>Conception de structure m\u00e9catronique, plateau tournant de processus sp\u00e9cial, m\u00e9canisme autobloquant m\u00e9canique stable et fiable<\/li>\n<li>Acc\u00e8s bidirectionnel (bras bidirectionnel)<\/li>\n<li>Apr\u00e8s avoir envoy\u00e9 le signal d&rsquo;ouverture de la porte, s&rsquo;il ne passe pas dans les 5 secondes, il sera \u00e0 nouveau verrouill\u00e9<\/li>\n<li>Lorsque l&rsquo;alimentation est coup\u00e9e automatiquement, le bras tombera (avec fonction de chute de bras), lors de la mise sous tension, il est n\u00e9cessaire de rel\u00e2cher manuellement le levier et de r\u00e9initialiser le bras oscillant (en option)<\/li>\n<li>Peut \u00eatre connect\u00e9 au compteur de d\u00e9bit ext\u00e9rieur bidirectionnel pour afficher le nombre de personnes passant dans ce sens. Lorsque les personnes passent, le port de comptage correspondant \u00e9met un signal de largeur d&rsquo;impulsion d&rsquo;environ 200 largeurs. Si le personnel ne parvient pas \u00e0 passer la porte, le port de comptage correspondant ne sortira pas dans les 200 ms.<\/li>\n<li>Personnel anti-inversion (emp\u00eacher les autres de suivre)<\/li>\n<li>Moteur \u00e9lectrom\u00e9canique DC12V, op\u00e9ration de verrouillage positif pour une personne \u00e0 la fois ; Emp\u00eacher l&rsquo;inversion.<\/li>\n<li>Temps d&rsquo;urgence et temps de panne de courant : le bras descendra automatiquement pour maintenir le passage d&rsquo;\u00e9vacuation d\u00e9gag\u00e9.<\/li>\n<li>Il peut \u00eatre utilis\u00e9 pour l&rsquo;interface des syst\u00e8mes de contr\u00f4le d&rsquo;acc\u00e8s, tels que les lecteurs de cartes biom\u00e9triques, les lecteurs de cartes RFID, les lecteurs de cartes scan, les boutons, etc.<\/li>\n<li>L&rsquo;indicateur lumineux d&rsquo;\u00e9tat est disponible.<\/li>\n<li>Il y a un compteur de passagers.<\/li>\n<\/ol>\n<p>&nbsp;<\/p>\n","protected":false},"excerpt":{"rendered":"<p>1. Puissance : AC220C\u00b110V, 50HZ<\/p>\n<p>2. Fonctionnement : Temp\u00e9rature -15\u2103-60\u2103<\/p>\n<p>3. Humidit\u00e9 relative : \u2264 95 %, aucune sensation<\/p>\n<p>4. Largeur d&rsquo;acc\u00e8s : \u2264600mm<\/p>\n<p>5. Vitesse de passage : 30 personnes\/min (carte IC)<\/p>\n<p>6. Connexion d&rsquo;entr\u00e9e : Signal de niveau +12V ou impulsion large&gt;100ms DC12V<\/p>\n<p>7. Connexion de communication : norme de module de communication RS485.<\/p>\n<p>8. Mat\u00e9riau : SUS304, l&rsquo;\u00e9paisseur n&rsquo;est pas inf\u00e9rieure \u00e0 1,5 mm.<\/p>\n<p>9. Cat\u00e9gorie de protection : IP54<\/p>\n","protected":false},"featured_media":35640,"comment_status":"closed","ping_status":"closed","template":"","meta":{"neve_meta_sidebar":"","neve_meta_container":"","neve_meta_enable_content_width":"on","neve_meta_content_width":100,"neve_meta_title_alignment":"","neve_meta_author_avatar":"","neve_post_elements_order":"","neve_meta_disable_header":"","neve_meta_disable_footer":"","neve_meta_disable_title":"","_ti_tpc_template_sync":false,"_ti_tpc_template_id":""},"product_cat":[877,880],"product_tag":[1438,1132,1437,1131,1133],"class_list":["post-10572","product","type-product","status-publish","has-post-thumbnail","hentry","product_cat-porte-tourniquet","product_cat-tourniquet-tripode","product_tag-composants-de-tourniquet","product_tag-mecanisme-de-porte-de-tourniquet-de-trepied","product_tag-mecanisme-de-tourniquet","product_tag-mecanisme-de-tourniquet-tripode","product_tag-mecanisme-de-tourniquet-tripode-a-vendre"],"_links":{"self":[{"href":"https:\/\/mairsturnstile.com\/fr\/wp-json\/wp\/v2\/product\/10572","targetHints":{"allow":["GET"]}}],"collection":[{"href":"https:\/\/mairsturnstile.com\/fr\/wp-json\/wp\/v2\/product"}],"about":[{"href":"https:\/\/mairsturnstile.com\/fr\/wp-json\/wp\/v2\/types\/product"}],"replies":[{"embeddable":true,"href":"https:\/\/mairsturnstile.com\/fr\/wp-json\/wp\/v2\/comments?post=10572"}],"version-history":[{"count":0,"href":"https:\/\/mairsturnstile.com\/fr\/wp-json\/wp\/v2\/product\/10572\/revisions"}],"wp:featuredmedia":[{"embeddable":true,"href":"https:\/\/mairsturnstile.com\/fr\/wp-json\/wp\/v2\/media\/35640"}],"wp:attachment":[{"href":"https:\/\/mairsturnstile.com\/fr\/wp-json\/wp\/v2\/media?parent=10572"}],"wp:term":[{"taxonomy":"product_cat","embeddable":true,"href":"https:\/\/mairsturnstile.com\/fr\/wp-json\/wp\/v2\/product_cat?post=10572"},{"taxonomy":"product_tag","embeddable":true,"href":"https:\/\/mairsturnstile.com\/fr\/wp-json\/wp\/v2\/product_tag?post=10572"}],"curies":[{"name":"wp","href":"https:\/\/api.w.org\/{rel}","templated":true}]}}