{"id":10573,"date":"2021-11-25T18:23:24","date_gmt":"2021-11-25T10:23:24","guid":{"rendered":"https:\/\/mairsturnstile.com\/product\/tourniquets-a-taille-haute-tourniquets-tripodes-mt125"},"modified":"2023-10-31T17:30:54","modified_gmt":"2023-10-31T09:30:54","slug":"tourniquets-a-hauteur-de-taille","status":"publish","type":"product","link":"https:\/\/mairsturnstile.com\/fr\/produit\/tourniquets-a-hauteur-de-taille","title":{"rendered":"Tourniquets \u00e0 taille haute Tourniquets tripodes MT125"},"content":{"rendered":"        <!-- 3D Model html -->\r\n        <div class=\"bp_grand wrapper_20728\">   \r\n        <div class=\"bp_model_parent\">\r\n            <model-viewer class=\"model\" id=\"bp_model_id_20728\" src=\"http:\/\/mairsturnstile.com\/wp-content\/uploads\/2023\/06\/MT125.glb\" alt=\"MT125\" camera-controls  loading=\"auto\" auto-rotate                        >\r\n            <\/model-viewer>\r\n        \r\n            <!-- Button -->\r\n            <svg id=\"openBtn\" width=\"30px\" height=\"30px\" viewBox=\"0 0 16 16\" xmlns=\"http:\/\/www.w3.org\/2000\/svg\" fill=\"#f2f2f2\" class=\"bi bi-arrows-fullscreen model-icon\">\r\n                <path fill-rule=\"evenodd\" d=\"M5.828 10.172a.5.5 0 0 0-.707 0l-4.096 4.096V11.5a.5.5 0 0 0-1 0v3.975a.5.5 0 0 0 .5.5H4.5a.5.5 0 0 0 0-1H1.732l4.096-4.096a.5.5 0 0 0 0-.707zm4.344 0a.5.5 0 0 1 .707 0l4.096 4.096V11.5a.5.5 0 1 1 1 0v3.975a.5.5 0 0 1-.5.5H11.5a.5.5 0 0 1 0-1h2.768l-4.096-4.096a.5.5 0 0 1 0-.707zm0-4.344a.5.5 0 0 0 .707 0l4.096-4.096V4.5a.5.5 0 1 0 1 0V.525a.5.5 0 0 0-.5-.5H11.5a.5.5 0 0 0 0 1h2.768l-4.096 4.096a.5.5 0 0 0 0 .707zm-4.344 0a.5.5 0 0 1-.707 0L1.025 1.732V4.5a.5.5 0 0 1-1 0V.525a.5.5 0 0 1 .5-.5H4.5a.5.5 0 0 1 0 1H1.732l4.096 4.096a.5.5 0 0 1 0 .707z\"\/>\r\n            <\/svg>\r\n        \r\n            <svg id=\"closeBtn\" class=\"model-icon\" width=\"34px\" height=\"34px\" viewBox=\"0 0 24 24\" xmlns=\"http:\/\/www.w3.org\/2000\/svg\">\r\n                <path fill=\"none\" stroke=\"#f2f2f2\" stroke-width=\"2\" d=\"M7,7 L17,17 M7,17 L17,7\"\/>\r\n            <\/svg>\r\n        \r\n        <\/div>\r\n        <\/div> \r\n\r\n        <!-- Model Viewer Style -->\r\n        <style>\r\n            \r\n            .wrapper_20728 .bp_model_parent, #bp_model_id_20728 {\r\n                width: 1150px;\r\n                max-width: 100%;\r\n                                            }\r\n            #bp_model_id_20728 {\r\n                height:700px;\r\n                background-color: #f2f2f2;\r\n            }\r\n            .fullscreen #bp_model_id_20728{\r\n            height: 100%;\r\n            width: 100%;\r\n            }\r\n            .wrapper_20728 .bp_model_parent{\r\n                justify-content: start            }\r\n            model-viewer.model {\r\n                --poster-color: transparent;\r\n            }\r\n        <\/style>\r\n        \r\n        \n<h3>Les tourniquets \u00e0 hauteur de taille MT125 b\u00e9n\u00e9ficient d&rsquo;une garantie de 2 ans et d&rsquo;un support de maintenance et de r\u00e9paration durable.<\/h3>\n<p>Nous pouvons fournir des services OEM et ODM. Nous avons des designers exp\u00e9riment\u00e9s qui peuvent effectuer une personnalisation approfondie en fonction de vos besoins. Nous fournirons une s\u00e9rie de mat\u00e9riaux tels que des rendus 3D, des dessins dimensionnels, etc. d\u00e8s que possible. Nous fournissons \u00e9galement des dispositifs biom\u00e9triques, tels que des lecteurs de cartes IC\/ID, des scanners d&#8217;empreintes digitales, des scanners de code QR, des cam\u00e9ras de reconnaissance faciale, etc. Si vous avez besoin d&rsquo;int\u00e9grer ces dispositifs sur la porte tourniquet pleine hauteur ou si vous avez des questions, veuillez <a href=\"https:\/\/mairsturnstile.com\/contact\">nous contacter.<\/a><\/p>\n<p><strong>Les tourniquets \u00e0 hauteur de taille sont une sorte de porte <a href=\"https:\/\/mairsturnstile.com\/product\/tripod-security-gate\">de tourniquet tripode<\/a> pour pi\u00e9tons, dont la hauteur atteint la taille des personnes normales. Vous pouvez \u00e9galement comprendre qu&rsquo;il est \u00e9quivalent \u00e0 la porte de tourniquet tripode. Il a diverses caract\u00e9ristiques d&rsquo;une porte de tourniquet tripode. Les tourniquets \u00e0 hauteur de taille sont en acier inoxydable 304 ou 316, qui est durable et difficile \u00e0 d\u00e9former. Le blocage et le d\u00e9blocage s&rsquo;effectuent par rotation.<\/strong><\/p>\n<p>Si ce tourniquet \u00e0 hauteur de taille n&rsquo;est pas ce dont vous avez besoin, vous pouvez cliquer sur notre page de tourniquets tripodes pour s\u00e9lectionner plus de styles de tourniquet \u00e0 hauteur de taille. Bien s\u00fbr, nous avons des tourniquets \u00e0 hauteur de taille plus nombreux et plus beaux, qui peuvent certainement r\u00e9pondre \u00e0 vos besoins. Nous pouvons \u00e9galement personnaliser les produits avec des tailles et des apparences sp\u00e9ciales en fonction de vos besoins r\u00e9els.<\/p>\n<p>Les tourniquets \u00e0 hauteur de taille peuvent \u00e9galement \u00eatre personnalis\u00e9s en fonction de la situation r\u00e9elle et de la largeur du canal de votre site. Si votre canal de site a besoin d&rsquo;un tourniquet \u00e0 la taille personnalis\u00e9 si sp\u00e9cial, ou si vous ne savez pas comment choisir un tourniquet \u00e0 la taille, n&rsquo;h\u00e9sitez pas \u00e0 nous contacter, et nous vous fournirons le tourniquet de haute qualit\u00e9. tourniquet haut et la solution de tourniquet de s\u00e9curit\u00e9 la plus appropri\u00e9e pour \u00e9conomiser vos co\u00fbts.<\/p>\n<p>Les tourniquets \u00e0 hauteur de taille peuvent \u00eatre combin\u00e9s avec des cartes \u00e0 puce, des empreintes digitales, des codes \u00e0 barres et d&rsquo;autres \u00e9quipements de syst\u00e8me d&rsquo;identification pour former un syst\u00e8me de contr\u00f4le d&rsquo;acc\u00e8s intelligent ; Il est combin\u00e9 avec un ordinateur, un contr\u00f4le d&rsquo;acc\u00e8s, une pr\u00e9sence, une gestion des charges, un syst\u00e8me de tickets et d&rsquo;autres logiciels pour former un syst\u00e8me de gestion de contr\u00f4le d&rsquo;acc\u00e8s intelligent, qui peut r\u00e9aliser les fonctions de contr\u00f4le d&rsquo;acc\u00e8s, de pr\u00e9sence, de consommation, de vente de billets, de restriction de courant, etc. sur.<\/p>\n<p>Bien s\u00fbr, les tourniquets \u00e0 hauteur de taille correspondent au <a href=\"https:\/\/mairsturnstile.com\/full-height-turnstiles.html\">tourniquet pleine hauteur,<\/a> qui se r\u00e9f\u00e8re principalement \u00e0 la hauteur de la porte du tourniquet pour pi\u00e9tons. G\u00e9n\u00e9ralement, un tourniquet \u00e0 hauteur de taille est souvent utilis\u00e9 pour la gestion des biens communautaires, et une porte de tourniquet pleine hauteur est souvent utilis\u00e9e pour les chantiers de construction, les prisons, les entreprises, les institutions, les gares ferroviaires, les gares routi\u00e8res, les a\u00e9roports et d&rsquo;autres endroits avec des exigences de s\u00e9curit\u00e9 \u00e9lev\u00e9es. reprises.<\/p>\n<p>La forme des tourniquets \u00e0 hauteur de taille est constitu\u00e9e d&rsquo;une plaque en <a class=\"rank-math-link\" href=\"https:\/\/en.wikipedia.org\/wiki\/Stainless_steel\" target=\"_blank\" rel=\"noopener noreferrer\">acier inoxydable<\/a> 304, qui est belle et g\u00e9n\u00e9reuse, antirouille et durable, et peut r\u00e9sister aux dommages caus\u00e9s par les forces externes.<\/p>\n<p>Nous pouvons \u00e9galement cr\u00e9er un rendu pour vous en quelques minutes en fonction de votre sc\u00e9nario r\u00e9el. Nous fournissons \u00e9galement une disposition et des dessins d\u00e9taill\u00e9s, ainsi que des dessins d&rsquo;installation.<\/p>\n\n        \t\n\t<style type=\"text\/css\">\n\t\t.slider-info-20741.bafg-slider-info .bafg-slider-title {\n\t\t\t\t\t\tfont-size: 22px;\n\t\t\t\t\t\t\n\t\t\t\n\t\t\t\t\t}\n\n\t\t.slider-info-20741.bafg-slider-info .bafg-slider-description {\n\t\t\t\n\t\t\t\n\t\t\t\t\t}\n\n\t\t.slider-info-20741.bafg-slider-info .bafg_slider_readmore_button {\n\t\t\t\n\t\t\t\n\t\t\t\n\t\t\t\n\t\t\t\n\t\t\ttext-align: center;\n\n\t\t\t\n\t\t\t\n\t\t\t\n\t\t\t\n\t\t\t\n\t\t\t\n\t\t\t\t\t}\n\n\t\t.slider-info-20741.bafg-slider-info .bafg_slider_readmore_button:hover {\n\n\t\t\t\n\t\t\t\n\t\t\t\t\t}\n\n\t<\/style>\n\t\n        <div class=\"bafg-twentytwenty-container slider-20741 \" bafg-orientation=\"horizontal\" bafg-default-offset=\"0.5\" bafg-before-label=\"Before\" bafg-after-label=\"After\" bafg-overlay=\"yes\" bafg-move-slider-on-hover=\"yes\" bafg-click-to-move=\"no\">\n              \n            <img decoding=\"async\" class=\"skip-lazy\" src=\"http:\/\/mairsturnstile.com\/wp-content\/uploads\/2023\/06\/waist-high-turnstiles_4.jpg\" alt=\"\" data-skip-lazy title=\"\">\n            <img decoding=\"async\" class=\"skip-lazy\" src=\"http:\/\/mairsturnstile.com\/wp-content\/uploads\/2023\/06\/waist-high-turnstiles_5.jpg\" alt=\"\" data-skip-lazy title=\"\">\n           \n        <\/div>\n\n        \t<div class=\"bafg-slider-info-wraper\">\n\t\t<div style=\"\" class=\"slider-info-20741 bafg-slider-info\">\n\t\t\t\t\t<\/div>\n\t<\/div>\n\t\n        <style type=\"text\/css\">\n            \n        <\/style>\n        \n<p>\u00c9lectrovanne : DC24V \u00b15%<br \/>\nLongueur du bras : 510 mm<br \/>\nLe sens de rotation : bidirectionnel\/simple directionnel<br \/>\nUrgence : Le bras tombe automatiquement lorsque l&rsquo;\u00e9lectricit\u00e9 est coup\u00e9e.<br \/>\nTension de fonctionnement : 24 V CC \u00b1 5 %<br \/>\nLa tension du voyant lumineux : DC12V \u00b1 5 % (standard)<br \/>\nFiabilit\u00e9 du m\u00e9canisme : 3 millions, sans faute<br \/>\nTemp\u00e9rature de fonctionnement : -30\u2103~60\u2103<br \/>\nHumidit\u00e9 : 5 % \uff5e 90 %<br \/>\n\u00c9tanche : IP56<br \/>\nCaract\u00e9ristique: lecteur IC\/ID, lecteur de codes-barres, reconnaissance faciale, empreintes digitales, autres \u00e9quipements de contr\u00f4le d&rsquo;acc\u00e8s, UPS, etc.<br \/>\nLe temps n\u00e9cessaire \u00e0 l&rsquo;ouverture : 0,2 s<br \/>\nEnvironnement de travail : Int\u00e9rieur ou ext\u00e9rieur<br \/>\nDomaine d&rsquo;application : communaut\u00e9, usine, chantier de construction, \u00e9cole, lieu de vill\u00e9giature, etc.<\/p>\n<p><iframe title=\"Tourniquet tripode automatique, portail tourniquet tripode, solution tourniquet tripode - MairsTurnstile\" src=\"https:\/\/www.youtube.com\/embed\/6LIOkb5RGwk\" width=\"1150\" height=\"650\" frameborder=\"0\" allowfullscreen=\"allowfullscreen\"><\/iframe><\/p>\n","protected":false},"excerpt":{"rendered":"<p>1. Taille : 1400*280*980 mm (peut \u00eatre personnalis\u00e9)<\/p>\n<p>2. Largeur de voie : 550 mm (peut \u00eatre personnalis\u00e9)<\/p>\n<p>3. Vitesse de passage : 35 personne\/min<\/p>\n<p>4. Alimentation : 110V\/220V 50\/60Hz<\/p>\n<p>5. Poids : 45 kg<\/p>\n<p>6. Entr\u00e9e : relais \u00e0 contact sec<\/p>\n<p>7. Sol\u00e9no\u00efde 24V<\/p>\n<p>8. Mat\u00e9riau du bo\u00eetier : acier inoxydable 304 et couvercle sup\u00e9rieur en acrylique<\/p>\n<p>9. Mani\u00e8re d&rsquo;op\u00e9ration : semi-automatique<\/p>\n<p><strong><a title=\"Tourniquet tripode certifi\u00e9 CE Mairs\" href=\"http:\/\/mairsturnstile.com\/wp-content\/uploads\/2022\/09\/Mairs-CE-Certificate-Tripod-Turnstile.pdf\" target=\"_blank\" rel=\"noopener noreferrer\">Certifi\u00e9 CE,<\/a> <a title=\"Certificat Mairs ISO9001\" href=\"http:\/\/mairsturnstile.com\/wp-content\/uploads\/2022\/09\/Mairs-Registration-Certificate-ISO9001.pdf\" target=\"_blank\" rel=\"noopener noreferrer\">Certifi\u00e9 ISO9001.<\/a><\/strong><\/p>\n","protected":false},"featured_media":25547,"comment_status":"closed","ping_status":"closed","template":"","meta":{"neve_meta_sidebar":"","neve_meta_container":"","neve_meta_enable_content_width":"off","neve_meta_content_width":0,"neve_meta_title_alignment":"","neve_meta_author_avatar":"","neve_post_elements_order":"","neve_meta_disable_header":"","neve_meta_disable_footer":"","neve_meta_disable_title":"","_ti_tpc_template_sync":false,"_ti_tpc_template_id":""},"product_cat":[877,880],"product_tag":[1389,1391,1115,1134,1423,1113,1135],"class_list":["post-10573","product","type-product","status-publish","has-post-thumbnail","hentry","product_cat-porte-tourniquet","product_cat-tourniquet-tripode","product_tag-combien-coute-un-tourniquet","product_tag-cout-du-tourniquet","product_tag-porte-tourniquet-tripode","product_tag-prix-tourniquet-taille-haute","product_tag-tourniquet-a-taille-haute","product_tag-tourniquet-tripode","product_tag-tourniquets-a-hauteur-de-tailletourniquets-a-hauteur-de-taille"],"_links":{"self":[{"href":"https:\/\/mairsturnstile.com\/fr\/wp-json\/wp\/v2\/product\/10573","targetHints":{"allow":["GET"]}}],"collection":[{"href":"https:\/\/mairsturnstile.com\/fr\/wp-json\/wp\/v2\/product"}],"about":[{"href":"https:\/\/mairsturnstile.com\/fr\/wp-json\/wp\/v2\/types\/product"}],"replies":[{"embeddable":true,"href":"https:\/\/mairsturnstile.com\/fr\/wp-json\/wp\/v2\/comments?post=10573"}],"version-history":[{"count":0,"href":"https:\/\/mairsturnstile.com\/fr\/wp-json\/wp\/v2\/product\/10573\/revisions"}],"wp:featuredmedia":[{"embeddable":true,"href":"https:\/\/mairsturnstile.com\/fr\/wp-json\/wp\/v2\/media\/25547"}],"wp:attachment":[{"href":"https:\/\/mairsturnstile.com\/fr\/wp-json\/wp\/v2\/media?parent=10573"}],"wp:term":[{"taxonomy":"product_cat","embeddable":true,"href":"https:\/\/mairsturnstile.com\/fr\/wp-json\/wp\/v2\/product_cat?post=10573"},{"taxonomy":"product_tag","embeddable":true,"href":"https:\/\/mairsturnstile.com\/fr\/wp-json\/wp\/v2\/product_tag?post=10573"}],"curies":[{"name":"wp","href":"https:\/\/api.w.org\/{rel}","templated":true}]}}