{"id":10577,"date":"2022-05-12T18:22:10","date_gmt":"2022-05-12T10:22:10","guid":{"rendered":"https:\/\/mairsturnstile.com\/product\/tourniquet-automatique-led-tourniquet-tripode-automatique-mt124"},"modified":"2023-10-30T13:37:26","modified_gmt":"2023-10-30T05:37:26","slug":"tourniquet-automatique","status":"publish","type":"product","link":"https:\/\/mairsturnstile.com\/fr\/produit\/tourniquet-automatique","title":{"rendered":"Tourniquet automatique LED Tourniquet tripode automatique MT124"},"content":{"rendered":"        <!-- 3D Model html -->\r\n        <div class=\"bp_grand wrapper_20727\">   \r\n        <div class=\"bp_model_parent\">\r\n            <model-viewer class=\"model\" id=\"bp_model_id_20727\" src=\"http:\/\/mairsturnstile.com\/wp-content\/uploads\/2023\/06\/MT124.glb\" alt=\"MT124\" camera-controls  loading=\"auto\" auto-rotate                        >\r\n            <\/model-viewer>\r\n        \r\n            <!-- Button -->\r\n            <svg id=\"openBtn\" width=\"30px\" height=\"30px\" viewBox=\"0 0 16 16\" xmlns=\"http:\/\/www.w3.org\/2000\/svg\" fill=\"#f2f2f2\" class=\"bi bi-arrows-fullscreen model-icon\">\r\n                <path fill-rule=\"evenodd\" d=\"M5.828 10.172a.5.5 0 0 0-.707 0l-4.096 4.096V11.5a.5.5 0 0 0-1 0v3.975a.5.5 0 0 0 .5.5H4.5a.5.5 0 0 0 0-1H1.732l4.096-4.096a.5.5 0 0 0 0-.707zm4.344 0a.5.5 0 0 1 .707 0l4.096 4.096V11.5a.5.5 0 1 1 1 0v3.975a.5.5 0 0 1-.5.5H11.5a.5.5 0 0 1 0-1h2.768l-4.096-4.096a.5.5 0 0 1 0-.707zm0-4.344a.5.5 0 0 0 .707 0l4.096-4.096V4.5a.5.5 0 1 0 1 0V.525a.5.5 0 0 0-.5-.5H11.5a.5.5 0 0 0 0 1h2.768l-4.096 4.096a.5.5 0 0 0 0 .707zm-4.344 0a.5.5 0 0 1-.707 0L1.025 1.732V4.5a.5.5 0 0 1-1 0V.525a.5.5 0 0 1 .5-.5H4.5a.5.5 0 0 1 0 1H1.732l4.096 4.096a.5.5 0 0 1 0 .707z\"\/>\r\n            <\/svg>\r\n        \r\n            <svg id=\"closeBtn\" class=\"model-icon\" width=\"34px\" height=\"34px\" viewBox=\"0 0 24 24\" xmlns=\"http:\/\/www.w3.org\/2000\/svg\">\r\n                <path fill=\"none\" stroke=\"#f2f2f2\" stroke-width=\"2\" d=\"M7,7 L17,17 M7,17 L17,7\"\/>\r\n            <\/svg>\r\n        \r\n        <\/div>\r\n        <\/div> \r\n\r\n        <!-- Model Viewer Style -->\r\n        <style>\r\n            \r\n            .wrapper_20727 .bp_model_parent, #bp_model_id_20727 {\r\n                width: 1150px;\r\n                max-width: 100%;\r\n                                            }\r\n            #bp_model_id_20727 {\r\n                height:700px;\r\n                background-color: #f2f2f2;\r\n            }\r\n            .fullscreen #bp_model_id_20727{\r\n            height: 100%;\r\n            width: 100%;\r\n            }\r\n            .wrapper_20727 .bp_model_parent{\r\n                justify-content: start            }\r\n            model-viewer.model {\r\n                --poster-color: transparent;\r\n            }\r\n        <\/style>\r\n        \r\n        \n<h4>Tourniquet automatique Le tourniquet tripode automatique \u00e0 LED MT124 b\u00e9n\u00e9ficie d&rsquo;une garantie de 2 ans et d&rsquo;un support de maintenance et de r\u00e9paration durable.<\/h4>\n<p>Nous pouvons fournir des services OEM et ODM. Nous avons des designers exp\u00e9riment\u00e9s qui peuvent effectuer une personnalisation approfondie en fonction de vos besoins. Nous fournirons une s\u00e9rie de mat\u00e9riaux tels que des rendus 3D, des dessins dimensionnels, etc. d\u00e8s que possible. Nous fournissons \u00e9galement des dispositifs biom\u00e9triques, tels que des lecteurs de cartes IC\/ID, des scanners d&#8217;empreintes digitales, des scanners de code QR, des cam\u00e9ras de reconnaissance faciale, etc. Si vous avez besoin d&rsquo;int\u00e9grer ces dispositifs sur la porte tourniquet pleine hauteur ou si vous avez des questions, veuillez <a href=\"https:\/\/mairsturnstile.com\/contact\">nous contacter.<\/a><\/p>\n<p><strong><b>Automatique<\/b><\/strong><strong><b> <\/b><\/strong><strong><b>Le tourniquet est une sorte de <\/b><\/strong><strong><b>pi\u00e9tons <\/b><\/strong><strong><b>pi\u00e9tons \u00e9quip\u00e9 d&rsquo;un m\u00e9canisme de tourniquet enti\u00e8rement <\/b><\/strong><a href=\"https:\/\/mairsturnstile.com\/turnstile-mechanism.html\"><u>m\u00e9canisme de tourniquet<\/u><\/a><strong><b>, dans lequel toutes les op\u00e9rations de la machine \u00e0 tourniquet sont compl\u00e9t\u00e9es par le moteur sans balais. L&rsquo;automatique<\/b><\/strong><strong><b> <\/b><\/strong><strong><b>la porte du tourniquet peut \u00eatre auto-v\u00e9rifi\u00e9e automatiquement lorsqu&rsquo;elle est allum\u00e9e. En mode test de vieillissement, il s&rsquo;ouvrira et se fermera \u00e9galement automatiquement. En mode carte, une fois qu&rsquo;il y a un signal d&rsquo;ouverture, il s&rsquo;ouvrira \u00e0 15 degr\u00e9s et poussera l\u00e9g\u00e8rement le bras, et les portes s&rsquo;ouvriront compl\u00e8tement automatiquement.<\/b><\/strong><\/p>\n<p>Il s&rsquo;agit d&rsquo;un tourniquet automatique \u00e0 tr\u00e9pied, si vous voulez en savoir plus sur le tourniquet automatique \u00e0 tr\u00e9pied, veuillez consulter notre article : <a href=\"https:\/\/mairsturnstile.com\/tripod-turnstile.html\">qu&rsquo;est-ce qu&rsquo;un tourniquet \u00e0 tr\u00e9pied<\/a>? \u00c0 l&rsquo;heure actuelle, la plupart des portes de tourniquet tripode sur le march\u00e9 sont des tourniquets tripodes semi-automatiques. Si vous avez besoin de portes de tourniquet tripode enti\u00e8rement automatiques, veuillez nous contacter. Nous pouvons \u00e9galement personnaliser le tourniquet tripode enti\u00e8rement automatique en fonction de vos besoins r\u00e9els. Ce qui suit est une vid\u00e9o de notre tourniquet tripode enti\u00e8rement automatique sur mesure. S&rsquo;il te pla\u00eet v\u00e9rifie le.<\/p>\n<p>Egalement appel\u00e9e porte tourniquet tripode \u00e9lectrique, elle est \u00e9quip\u00e9e d&rsquo;un moteur. Toute l&rsquo;op\u00e9ration de la porte automatique de tourniquet est conduite par le moteur. En m\u00eame temps, le moteur entra\u00eene la rotation de la tige de blocage lors de la mise sous tension, de mani\u00e8re \u00e0 r\u00e9aliser une mise sous tension automatique, ce qui est tr\u00e8s pratique \u00e0 utiliser.<\/p>\n<p>Tourniquet automatique Le tourniquet tripode offre une m\u00e9thode fiable et efficace pour s&rsquo;assurer que seuls les utilisateurs autoris\u00e9s sont autoris\u00e9s \u00e0 acc\u00e9der \u00e0 chaque zone d&rsquo;un b\u00e2timent. Ce <strong>tourniquet tripode<\/strong> automatique est tr\u00e8s efficace et facile \u00e0 g\u00e9rer avec un volume \u00e9lev\u00e9 de trafic et des conditions terribles. tourniquet de s\u00e9curit\u00e9 tripode avec la meilleure qualit\u00e9 \u00e0 un prix bon march\u00e9.<\/p>\n<p>Nous pouvons \u00e9galement cr\u00e9er un rendu pour vous en quelques minutes en fonction de votre sc\u00e9nario r\u00e9el. Nous fournissons \u00e9galement une disposition et des dessins d\u00e9taill\u00e9s, ainsi que des dessins d&rsquo;installation.<\/p>\n\n        \t\n\t<style type=\"text\/css\">\n\t\t.slider-info-20752.bafg-slider-info .bafg-slider-title {\n\t\t\t\t\t\tfont-size: 22px;\n\t\t\t\t\t\t\n\t\t\t\n\t\t\t\t\t}\n\n\t\t.slider-info-20752.bafg-slider-info .bafg-slider-description {\n\t\t\t\n\t\t\t\n\t\t\t\t\t}\n\n\t\t.slider-info-20752.bafg-slider-info .bafg_slider_readmore_button {\n\t\t\t\n\t\t\t\n\t\t\t\n\t\t\t\n\t\t\t\n\t\t\ttext-align: center;\n\n\t\t\t\n\t\t\t\n\t\t\t\n\t\t\t\n\t\t\t\n\t\t\t\n\t\t\t\t\t}\n\n\t\t.slider-info-20752.bafg-slider-info .bafg_slider_readmore_button:hover {\n\n\t\t\t\n\t\t\t\n\t\t\t\t\t}\n\n\t<\/style>\n\t\n        <div class=\"bafg-twentytwenty-container slider-20752 \" bafg-orientation=\"horizontal\" bafg-default-offset=\"0.5\" bafg-before-label=\"Before\" bafg-after-label=\"After\" bafg-overlay=\"yes\" bafg-move-slider-on-hover=\"yes\" bafg-click-to-move=\"no\">\n              \n            <img decoding=\"async\" class=\"skip-lazy\" src=\"http:\/\/mairsturnstile.com\/wp-content\/uploads\/2023\/06\/automatic-turnstile_4.jpg\" alt=\"\" data-skip-lazy title=\"\">\n            <img decoding=\"async\" class=\"skip-lazy\" src=\"http:\/\/mairsturnstile.com\/wp-content\/uploads\/2023\/06\/automatic-turnstile_5.jpg\" alt=\"\" data-skip-lazy title=\"\">\n           \n        <\/div>\n\n        \t<div class=\"bafg-slider-info-wraper\">\n\t\t<div style=\"\" class=\"slider-info-20752 bafg-slider-info\">\n\t\t\t\t\t<\/div>\n\t<\/div>\n\t\n        <style type=\"text\/css\">\n            \n        <\/style>\n        \n<ul>\n<li>Un tourniquet automatique est une solution d&rsquo;entr\u00e9e compacte et \u00e9conomique.<\/li>\n<li>Le tourniquet de s\u00e9curit\u00e9 tripode a un bo\u00eetier en <a href=\"https:\/\/en.wikipedia.org\/wiki\/Stainless_steel\" target=\"_blank\" rel=\"noopener\">acier inoxydable<\/a> 304 enti\u00e8rement \u00e9tanche \u00e0 la pluie, qui est r\u00e9sistant \u00e0 la rouille, solide et durable.<\/li>\n<li>Les tourniquets automatiques peuvent \u00eatre mont\u00e9s pour des emplacements int\u00e9rieurs et ext\u00e9rieurs. Le taux d&rsquo;IP est de 54<\/li>\n<li>Il dispose d&rsquo;une sortie relais standard internationale, qui peut \u00eatre facilement int\u00e9gr\u00e9e \u00e0 toutes sortes de syst\u00e8mes de contr\u00f4le d&rsquo;acc\u00e8s tiers (c&rsquo;est-\u00e0-dire RFID, empreintes digitales, reconnaissance faciale, code-barres, thermom\u00e8tre IR).<\/li>\n<li>Les portillons tripodes sont semi-automatiques. Vous devrez pousser l\u00e9g\u00e8rement le bras pour ouvrir la porte lorsque l&rsquo;acc\u00e8s est accord\u00e9.<\/li>\n<li>La conception raisonnable et les hautes performances garantissent que les portes peuvent se d\u00e9placer rapidement et avec pr\u00e9cision, de mani\u00e8re stable et silencieuse. avec une faible consommation d&rsquo;\u00e9nergie, la conservation de l&rsquo;\u00e9nergie et la protection de l&rsquo;environnement.<\/li>\n<li>M\u00e9canisme de moulage durable, r\u00e9sistant \u00e0 la corrosion et \u00e0 usage intensif pour une dur\u00e9e de vie prolong\u00e9e<\/li>\n<li>Le m\u00e9canisme est la conception du moule. Tous les composants sont pr\u00e9cis. Il fait fonctionner le syst\u00e8me de porte en douceur, avec un faible bruit. Un amortisseur hydraulique peut \u00eatre ajout\u00e9.<\/li>\n<li>La conception du tourniquet tripode ne fait passer qu&rsquo;une seule personne \u00e0 la fois.<\/li>\n<li>Unidirectionnel ou bidirectionnel est une option.<\/li>\n<li>Voyant directionnel \u00e0 LED sur le dessus<\/li>\n<li>Fonction d&rsquo;horloge automatique : s&rsquo;il y a un signal d&rsquo;ouverture re\u00e7u, mais que le visiteur ne franchit pas la porte dans un d\u00e9lai sp\u00e9cifique (5 s par d\u00e9faut), le bras du tourniquet se verrouille automatiquement.<\/li>\n<li>Longueur du bras : 510 mm<\/li>\n<li>Le sens de rotation : bidirectionnel\/simple directionnel<\/li>\n<li>Urgence : Le bras tombe automatiquement lorsque l&rsquo;\u00e9lectricit\u00e9 est coup\u00e9e.<\/li>\n<li>Tension de fonctionnement : 24 V CC \u00b1 5 %<\/li>\n<li>La tension du voyant lumineux : DC12V \u00b1 5 % (standard)<\/li>\n<li>Temp\u00e9rature de fonctionnement : -30\u2103~60\u2103<\/li>\n<li>Humidit\u00e9 : 5 % \uff5e 90 %<\/li>\n<li>\u00c9tanche : IP43<\/li>\n<li>Fiabilit\u00e9 du m\u00e9canisme : 3 millions, sans faute<\/li>\n<li>\u00c9lectrovanne : DC24V \u00b15%<\/li>\n<li>Auto-v\u00e9rification automatique une fois sous tension<\/li>\n<li>Caract\u00e9ristique: lecteur IC\/ID, lecteur de codes-barres, reconnaissance faciale, empreintes digitales, autres \u00e9quipements de contr\u00f4le d&rsquo;acc\u00e8s, UPS, etc.<\/li>\n<li>Le temps n\u00e9cessaire \u00e0 l&rsquo;ouverture : 0,2 s<\/li>\n<li>Environnement de travail : Int\u00e9rieur<\/li>\n<li>Domaine d&rsquo;application : communaut\u00e9, usine, chantier de construction, \u00e9cole, lieu de vill\u00e9giature, etc.<\/li>\n<li>Lorsque l&rsquo;alimentation est coup\u00e9e, les bras du tourniquet tripode s&rsquo;abaissent automatiquement pour permettre le libre passage, ce qui est conforme aux exigences de s\u00e9curit\u00e9 incendie.<\/li>\n<\/ul>\n<p><iframe title=\"Lecteur vid\u00e9o YouTube\" src=\"https:\/\/www.youtube.com\/embed\/6LIOkb5RGwk?si=A29DplOGOCAz5ovp\" width=\"1150\" height=\"650\" frameborder=\"0\" allowfullscreen=\"allowfullscreen\"><\/iframe><\/p>\n","protected":false},"excerpt":{"rendered":"<p>1. Taille : 1400*270*980 mm (peut \u00eatre personnalis\u00e9)<\/p>\n<p>2. Largeur de voie : 550 mm<\/p>\n<p>3. Vitesse de passage : 35 personne\/min<\/p>\n<p>4. Alimentation : 110V\/220V 50\/60Hz<\/p>\n<p>5. Poids : 35 kg<\/p>\n<p>6. Entr\u00e9e : contact sec\/relais<\/p>\n<p>7. M\u00e9canisme de moteur sans balais<\/p>\n<p>8. Mat\u00e9riau du bo\u00eetier : acier inoxydable 304<\/p>\n<p>9. Mani\u00e8re d&rsquo;op\u00e9ration : auto-automatique<\/p>\n<p><strong><a title=\"Tourniquet tripode certifi\u00e9 CE Mairs\" href=\"http:\/\/mairsturnstile.com\/wp-content\/uploads\/2022\/09\/Mairs-CE-Certificate-Tripod-Turnstile.pdf\" target=\"_blank\" rel=\"noopener noreferrer\">Certifi\u00e9 CE,<\/a> <a title=\"Certificat Mairs ISO9001\" href=\"http:\/\/mairsturnstile.com\/wp-content\/uploads\/2022\/09\/Mairs-Registration-Certificate-ISO9001.pdf\" target=\"_blank\" rel=\"noopener noreferrer\">Certifi\u00e9 ISO9001.<\/a><\/strong><\/p>\n","protected":false},"featured_media":20124,"comment_status":"closed","ping_status":"closed","template":"","meta":{"neve_meta_sidebar":"","neve_meta_container":"","neve_meta_enable_content_width":"off","neve_meta_content_width":0,"neve_meta_title_alignment":"","neve_meta_author_avatar":"","neve_post_elements_order":"","neve_meta_disable_header":"","neve_meta_disable_footer":"","neve_meta_disable_title":"","_ti_tpc_template_sync":false,"_ti_tpc_template_id":""},"product_cat":[877,880],"product_tag":[1139,998,1113,1406],"class_list":["post-10577","product","type-product","status-publish","has-post-thumbnail","hentry","product_cat-porte-tourniquet","product_cat-tourniquet-tripode","product_tag-portail-tourniquet-automatique","product_tag-tourniquet-automatique","product_tag-tourniquet-tripode","product_tag-tourniquet-tripode-automatique"],"_links":{"self":[{"href":"https:\/\/mairsturnstile.com\/fr\/wp-json\/wp\/v2\/product\/10577","targetHints":{"allow":["GET"]}}],"collection":[{"href":"https:\/\/mairsturnstile.com\/fr\/wp-json\/wp\/v2\/product"}],"about":[{"href":"https:\/\/mairsturnstile.com\/fr\/wp-json\/wp\/v2\/types\/product"}],"replies":[{"embeddable":true,"href":"https:\/\/mairsturnstile.com\/fr\/wp-json\/wp\/v2\/comments?post=10577"}],"version-history":[{"count":0,"href":"https:\/\/mairsturnstile.com\/fr\/wp-json\/wp\/v2\/product\/10577\/revisions"}],"wp:featuredmedia":[{"embeddable":true,"href":"https:\/\/mairsturnstile.com\/fr\/wp-json\/wp\/v2\/media\/20124"}],"wp:attachment":[{"href":"https:\/\/mairsturnstile.com\/fr\/wp-json\/wp\/v2\/media?parent=10577"}],"wp:term":[{"taxonomy":"product_cat","embeddable":true,"href":"https:\/\/mairsturnstile.com\/fr\/wp-json\/wp\/v2\/product_cat?post=10577"},{"taxonomy":"product_tag","embeddable":true,"href":"https:\/\/mairsturnstile.com\/fr\/wp-json\/wp\/v2\/product_tag?post=10577"}],"curies":[{"name":"wp","href":"https:\/\/api.w.org\/{rel}","templated":true}]}}