{"id":13325,"date":"2022-01-29T21:47:23","date_gmt":"2022-01-29T13:47:23","guid":{"rendered":"https:\/\/mairsturnstile.com\/product\/bloqueur-de-route-automatique-anti-terroriste-mt831"},"modified":"2022-01-29T21:47:23","modified_gmt":"2022-01-29T13:47:23","slug":"bloqueur-de-route-automatique","status":"publish","type":"product","link":"https:\/\/mairsturnstile.com\/fr\/produit\/bloqueur-de-route-automatique","title":{"rendered":"Bloqueur de route automatique anti-terroriste MT831"},"content":{"rendered":"<h3>Le bloqueur de route automatique b\u00e9n\u00e9ficie d&rsquo;une garantie de 2 ans et d&rsquo;un support d&rsquo;entretien et de r\u00e9paration durable.<\/h3>\n<p>Nous pouvons fournir des services OEM et ODM. Ce bloqueur de route automatique peut \u00eatre \u00e9quip\u00e9 d&rsquo;un lecteur de carte, qui peut contr\u00f4ler automatiquement le levage des bornes montantes hydrauliques en glissant la carte. Il peut \u00e9galement \u00eatre \u00e9quip\u00e9 d&rsquo;un portail tourniquet de stationnement ou d&rsquo;un <a href=\"https:\/\/en.wikipedia.org\/wiki\/Access_control\" target=\"_blank\" rel=\"noopener\">contr\u00f4le d&rsquo;acc\u00e8s.<\/a> Il peut \u00e9galement \u00eatre connect\u00e9 au syst\u00e8me de gestion et au syst\u00e8me de charge et contr\u00f4l\u00e9 par l&rsquo;ordinateur. Vous pouvez \u00e9galement personnaliser la fonction de clignotement de la LED pour faire clignoter l&rsquo;avertissement pendant l&rsquo;activit\u00e9 de la colonne et l&rsquo;avertissement lumineux la nuit. Vous pouvez \u00e9galement personnaliser l&rsquo;alarme sonore et l&rsquo;alarme intermittente. Si vous souhaitez personnaliser une borne \u00e9l\u00e9vatrice hydraulique, merci de <a href=\"https:\/\/mairsturnstile.com\/contact\">nous contacter<\/a><\/p>\n<p>Le bloqueur de route automatique est une sorte d&rsquo;\u00e9quipement de s\u00e9curit\u00e9 du trafic avec de bonnes caract\u00e9ristiques (telles que l&rsquo;anti-collision, l&rsquo;anti-terrorisme, l&rsquo;anti-rouille, la r\u00e9sistance \u00e0 la corrosion, la longue dur\u00e9e de vie, etc.), qui est utilis\u00e9 pour emp\u00eacher les v\u00e9hicules non autoris\u00e9s d&rsquo;entrer de force, et pr\u00e9sente une praticabilit\u00e9, une fiabilit\u00e9 et une s\u00e9curit\u00e9 \u00e9lev\u00e9es.<\/p>\n<p>Le bloqueur de route automatique est largement utilis\u00e9 dans les p\u00e9ages autoroutiers, les points de contr\u00f4le, les prisons, les a\u00e9roports, les agences gouvernementales, les ambassades, les bases militaires, les douanes, les banques, les entreprises industrielles et mini\u00e8res, les ports, les entrep\u00f4ts, les parkings et tous les endroits o\u00f9 la circulation des v\u00e9hicules est restreinte.<\/p>\n<p>Le bloqueur de route automatique est l&rsquo;un des syst\u00e8mes de contr\u00f4le d&rsquo;acc\u00e8s des v\u00e9hicules les plus s\u00e9curis\u00e9s dans lequel un v\u00e9hicule sans autorisation ne peut pas entrer. Les pneus du v\u00e9hicule non autoris\u00e9 se fendent imm\u00e9diatement, c&rsquo;est pourquoi le v\u00e9hicule ne se d\u00e9place plus que de quelques m\u00e8tres et s&rsquo;arr\u00eate. Les m\u00e2choires du tueur de pneus bougent toutes ensemble. L&rsquo;unit\u00e9 d&rsquo;entra\u00eenement \u00e9lectrique est plac\u00e9e \u00e0 une extr\u00e9mit\u00e9 du tueur de pneus, elle se tient au-dessus du niveau du sol et constitue un assemblage complet avec la carrosserie. De cette mani\u00e8re, on obtient \u00e0 la fois une transmission fluide du mouvement et un effet minimal des facteurs externes.<\/p>\n<p>Param\u00e8tres du bloqueur de route automatique :<\/p>\n<p>Poids : 1,5T<\/p>\n<p>Taux IP : IP68<\/p>\n<p>Le roadblock a une fonction tampon<\/p>\n<p>Temps de tampon : 0,2-0,5 s<\/p>\n<p>Lumi\u00e8re LED avec diff\u00e9rentes options de couleur<\/p>\n<p>Feu de circulation, barri\u00e8re de fl\u00e8cheInterface de contr\u00f4le Link<\/p>\n<p>En cas de panne de courant, les barrages routiers peuvent \u00eatre relev\u00e9s et abaiss\u00e9s manuellement<\/p>\n<p>Structure fiable, charge lourde, action douce, faible bruit.<\/p>\n<p>Distance de contr\u00f4le \u00e0 distance : 50-100 m (selon l&rsquo;environnement)<\/p>\n<p>En mont\u00e9e et en descente, un fonctionnement r\u00e9versible est disponible.<\/p>\n<p>Le bruit de fonctionnement de l&rsquo;appareil \u2264 60 d\u00e9cibels<\/p>\n<p>Le cylindre hydraulique est \u00e0 double \u00e9tanch\u00e9it\u00e9 pour assurer un indice d&rsquo;\u00e9tanch\u00e9it\u00e9<\/p>\n<p>L&rsquo;entra\u00eenement hydraulique est livr\u00e9 avec un verrou hydraulique<\/p>\n<p>Cylindre en acier de soudage<\/p>\n<p>Syst\u00e8me de contr\u00f4le de commande de programmation PLC<\/p>\n<p>Electrovanne de commande 24V<\/p>\n<p>Electrovanne de levage 24V<\/p>\n<p>La bo\u00eete de contr\u00f4le affiche du texte r\u00e9glable (contr\u00f4le haut, bas, action et temps r\u00e9glable)<\/p>\n<p>Affichage de texte avec bilingue chinois et anglais<\/p>\n<p>Syst\u00e8me de cryptage int\u00e9gr\u00e9 PLC<\/p>\n<p>Affichage LCD texte, r\u00e9glage pr\u00e9cis de l&rsquo;heure de d\u00e9but<\/p>\n<p>V\u00e9rins hydrauliques \u00e0 usage intensif : HOB63-200CA+I Stroke200 Niveau industriel \u00e0 usage intensif<\/p>\n<p>Double pompe \u00e0 huile double dynamique 2.3ML\/time<\/p>\n<p>R\u00e9servoir d&rsquo;huile : 60 litres<\/p>\n<p>Tuyau d&rsquo;huile hydraulique : interface internationale PT, tuyau haute pression \u00e0 double fil 1\/2<\/p>\n<p>Taille du bloqueur de route : la longueur standard est de 3 m\u00e8tres ou 5 m\u00e8tres<\/p>\n<p>L2000(cm)*W1000(cm)*H760(cm), hauteur montante\uff1a500(personnalis\u00e9)<\/p>\n<p>L2500(cm)*W1000(cm)*H760(cm), hauteur montante\uff1a500(personnalis\u00e9)<\/p>\n<p>L3000(cm)*W1000(cm)*H760(cm), hauteur de mont\u00e9e : 500 (personnalis\u00e9)<\/p>\n<p>L3500(cm)*W1000(cm)*H760(cm), hauteur montante\uff1a500(personnalis\u00e9)<\/p>\n<p>L4000(cm)*W1000(cm)*H760(cm), hauteur montante\uff1a500(personnalis\u00e9)<\/p>\n<p>L4500(cm)*W1000(cm)*H760(cm), hauteur montante\uff1a500(personnalis\u00e9)<\/p>\n<p>L5000(cm)*W1000(cm)*H760(cm), hauteur montante\uff1a500(personnalis\u00e9)<\/p>\n<p>L5500(cm)*W1000(cm)*H760(cm), hauteur montante\uff1a500(personnalis\u00e9)<\/p>\n<p>L6000(cm)*W1000(cm)*H760(cm), hauteur de mont\u00e9e : 500 (personnalis\u00e9)<\/p>\n<p><img fetchpriority=\"high\" decoding=\"async\" class=\"size-full wp-image-12616\" src=\"http:\/\/mairsturnstile.com\/wp-content\/uploads\/2022\/11\/dimension-of-road-blocker.jpg\" alt=\"dimension du bloqueur de route\" width=\"1024\" height=\"500\" title=\"\" srcset=\"https:\/\/mairsturnstile.com\/wp-content\/uploads\/2022\/11\/dimension-of-road-blocker.jpg 1024w, https:\/\/mairsturnstile.com\/wp-content\/uploads\/2022\/11\/dimension-of-road-blocker-300x146.jpg 300w, https:\/\/mairsturnstile.com\/wp-content\/uploads\/2022\/11\/dimension-of-road-blocker-768x375.jpg 768w, https:\/\/mairsturnstile.com\/wp-content\/uploads\/2022\/11\/dimension-of-road-blocker-800x391.jpg 800w\" sizes=\"(max-width: 1024px) 100vw, 1024px\" \/><\/p>\n<p><img decoding=\"async\" class=\"size-full wp-image-12540\" src=\"http:\/\/mairsturnstile.com\/wp-content\/uploads\/2022\/11\/road-blocker.jpg\" alt=\"bloqueur de route\" width=\"1024\" height=\"1100\" title=\"\" srcset=\"https:\/\/mairsturnstile.com\/wp-content\/uploads\/2022\/11\/road-blocker.jpg 1024w, https:\/\/mairsturnstile.com\/wp-content\/uploads\/2022\/11\/road-blocker-279x300.jpg 279w, https:\/\/mairsturnstile.com\/wp-content\/uploads\/2022\/11\/road-blocker-953x1024.jpg 953w, https:\/\/mairsturnstile.com\/wp-content\/uploads\/2022\/11\/road-blocker-768x825.jpg 768w, https:\/\/mairsturnstile.com\/wp-content\/uploads\/2022\/11\/road-blocker-800x859.jpg 800w\" sizes=\"(max-width: 1024px) 100vw, 1024px\" \/><\/p>\n","protected":false},"excerpt":{"rendered":"<p>1. Syst\u00e8me : Entra\u00eenement par pression hydraulique<\/p>\n<p>2. Pression de passage\uff1a120 tonnes de camions porte-conteneurs<\/p>\n<p>3. Tension : 3 pahs 380 (tension de commande 24 V)<\/p>\n<p>4. Puissance dynamique du syst\u00e8me (w) : 3,75 KW\/5,5 KW<\/p>\n<p>5. Temps de mont\u00e9e : \u22641-3S (r\u00e9glable)<\/p>\n<p>6. Temps d&rsquo;abaissement : \u22641-3S (r\u00e9glable)<\/p>\n<p>7. Temp\u00e9rature de fonctionnement : -35 \u2103 ~ 75 \u2103 (adapt\u00e9)<\/p>\n<p>8. \u00c9paisseur du mat\u00e9riau : 16 MM (norme)<\/p>\n<p>9. Mat\u00e9riau : acier A3 avec peinture antirouille.<\/p>\n<p>10. Couleur : Facultatif<\/p>\n","protected":false},"featured_media":12741,"comment_status":"closed","ping_status":"closed","template":"","meta":{"neve_meta_sidebar":"","neve_meta_container":"","neve_meta_enable_content_width":"off","neve_meta_content_width":0,"neve_meta_title_alignment":"","neve_meta_author_avatar":"","neve_post_elements_order":"","neve_meta_disable_header":"","neve_meta_disable_footer":"","neve_meta_disable_title":"","_ti_tpc_template_sync":false,"_ti_tpc_template_id":""},"product_cat":[875,876],"product_tag":[1411,1413],"class_list":["post-13325","product","type-product","status-publish","has-post-thumbnail","hentry","product_cat-barriere-routiere","product_cat-bloqueur-de-route","product_tag-bloqueur-de-route","product_tag-bloqueur-de-route-automatique"],"_links":{"self":[{"href":"https:\/\/mairsturnstile.com\/fr\/wp-json\/wp\/v2\/product\/13325","targetHints":{"allow":["GET"]}}],"collection":[{"href":"https:\/\/mairsturnstile.com\/fr\/wp-json\/wp\/v2\/product"}],"about":[{"href":"https:\/\/mairsturnstile.com\/fr\/wp-json\/wp\/v2\/types\/product"}],"replies":[{"embeddable":true,"href":"https:\/\/mairsturnstile.com\/fr\/wp-json\/wp\/v2\/comments?post=13325"}],"version-history":[{"count":0,"href":"https:\/\/mairsturnstile.com\/fr\/wp-json\/wp\/v2\/product\/13325\/revisions"}],"wp:featuredmedia":[{"embeddable":true,"href":"https:\/\/mairsturnstile.com\/fr\/wp-json\/wp\/v2\/media\/12741"}],"wp:attachment":[{"href":"https:\/\/mairsturnstile.com\/fr\/wp-json\/wp\/v2\/media?parent=13325"}],"wp:term":[{"taxonomy":"product_cat","embeddable":true,"href":"https:\/\/mairsturnstile.com\/fr\/wp-json\/wp\/v2\/product_cat?post=13325"},{"taxonomy":"product_tag","embeddable":true,"href":"https:\/\/mairsturnstile.com\/fr\/wp-json\/wp\/v2\/product_tag?post=13325"}],"curies":[{"name":"wp","href":"https:\/\/api.w.org\/{rel}","templated":true}]}}