{"id":13326,"date":"2022-01-25T00:32:30","date_gmt":"2022-01-24T16:32:30","guid":{"rendered":"https:\/\/mairsturnstile.com\/product\/tueur-de-pneus-electrique-monte-en-surface-tueur-de-pneus-automatique-mt632-s"},"modified":"2023-03-06T14:50:59","modified_gmt":"2023-03-06T06:50:59","slug":"prix-tueur-de-pneus","status":"publish","type":"product","link":"https:\/\/mairsturnstile.com\/fr\/produit\/prix-tueur-de-pneus","title":{"rendered":"Tueur de pneus \u00e9lectrique mont\u00e9 en surface tueur de pneus automatique MT632-S"},"content":{"rendered":"<h3><strong><b>Prix \u200b\u200btueur de pneus Traffic Spike<\/b><\/strong> offre une garantie de 2 ans et un support d&rsquo;entretien et de r\u00e9paration durable.<\/h3>\n<p>Nous pouvons fournir des services OEM et ODM. Mairs offre le meilleur tueur de pneus de qualit\u00e9 \u00e0 vendre au prix le plus bas, un prix de tueur de pneus abordable \u00e0 vendre. Si vous souhaitez acheter un tueur de pneus, veuillez <a href=\"https:\/\/mairsturnstile.com\/contact\">nous contacter<\/a><\/p>\n<p>Le tueur de pneus pour pointes de trafic est l&rsquo;un des syst\u00e8mes de contr\u00f4le d&rsquo;acc\u00e8s de v\u00e9hicule les plus s\u00e9curis\u00e9s dans lequel un v\u00e9hicule sans autorisation ne peut pas entrer. Les pneus du v\u00e9hicule non autoris\u00e9 se fendent imm\u00e9diatement, par cons\u00e9quent le v\u00e9hicule ne se d\u00e9place plus que de quelques m\u00e8tres et s&rsquo;arr\u00eate. Les m\u00e2choires du tueur de pneus bougent toutes ensemble. L&rsquo;unit\u00e9 d&rsquo;entra\u00eenement \u00e9lectrique est plac\u00e9e \u00e0 une extr\u00e9mit\u00e9 du tueur de pneus, elle se tient au-dessus du niveau du sol et constitue un assemblage complet avec la carrosserie. De cette mani\u00e8re, on obtient \u00e0 la fois une transmission fluide du mouvement et un effet minimal des facteurs externes.<\/p>\n<p>Le tueur de pneus fait partie des \u00e9quipements de contr\u00f4le du passage des v\u00e9hicules routiers. Il peut \u00eatre \u00e9quip\u00e9 d&rsquo;un d\u00e9tecteur de v\u00e9hicule, d&rsquo;une bobine d&rsquo;induction au sol et d&rsquo;une induction infrarouge. Il peut \u00eatre utilis\u00e9 avec le syst\u00e8me de <a href=\"https:\/\/en.wikipedia.org\/wiki\/Access_control\" target=\"_blank\" rel=\"noopener noreferrer\">contr\u00f4le d&rsquo;acc\u00e8s<\/a> de la barri\u00e8re de stationnement ou seul.<\/p>\n<p>Lieux d&rsquo;application : canaux pour les v\u00e9hicules qui doivent \u00eatre contr\u00f4l\u00e9s dans des endroits sp\u00e9ciaux tels que les douanes, l&rsquo;inspection aux fronti\u00e8res, la logistique, les ports et les quais, les prisons, les tr\u00e9soreries, les centrales nucl\u00e9aires, les bases militaires, les principaux minist\u00e8res, les a\u00e9roports, etc. ; Le but d&#8217;emp\u00eacher efficacement les v\u00e9hicules de forcer les cartes perfor\u00e9es.<\/p>\n<p>Domaine d&rsquo;application : Protection s\u00fbre des carrefours dans la zone principale<br \/>\nHauteur de la pointe : 150 mm<\/p>\n<p>\u00c9paisseur de la pointe : 10 mm<\/p>\n<p>Mode d&rsquo;entra\u00eenement : \u00c9lectrom\u00e9canique<br \/>\nEnvironnement de travail : -40\u2103\uff5e+70\u2103<br \/>\nMode de contr\u00f4le : t\u00e9l\u00e9commande sans fil \u00e0 courte port\u00e9e\/drive-by-wire<br \/>\nDistance de contr\u00f4le : \u2264100M<br \/>\nDistance de contr\u00f4le \u00e0 distance : moins de 50 m<br \/>\nInterface feux de circulation<br \/>\nContr\u00f4le de liaison avec barri\u00e8re de stationnement et feu de signalisation<br \/>\n\u00c9paisseur du mat\u00e9riau inf\u00e9rieur : 12 mm<br \/>\nL&rsquo;ensemble de la plaque formant une flexion, sans soudure<br \/>\nSyst\u00e8me : entra\u00eenement \u00e9lectrique 220 V<br \/>\nPression de passage : camion porte-conteneurs Max 80 T<\/p>\n<p>Prix tueur de pneus abordable<br \/>\nPuissance dynamique du syst\u00e8me (w) : 180 W<br \/>\nTemps de mont\u00e9e : \u22641-2S<br \/>\nTemps d&rsquo;abaissement : \u22641-2S<br \/>\nTemp\u00e9rature de fonctionnement : -35\u2103~75\u2103<br \/>\nEnvironnement de stockage : -10\u2103~65\u2103<br \/>\nMat\u00e9riau : acier A3, avec peinture antirouille<br \/>\nCouleur : diverses Options<br \/>\nPoids : 250 kg<br \/>\nTaille du bo\u00eetier : bo\u00eetier standard (peut \u00eatre personnalis\u00e9)<\/p>\n<p>L3000(cm)*W550(cm)*H85(cm), Longueur montante\uff1a150(cm)<\/p>\n<p>L3500(cm)*W550(cm)*H85(cm), Longueur montante\uff1a150(cm)<\/p>\n<p>L4000(cm)*W550(cm)*H85(cm), Longueur montante\uff1a150(cm)<\/p>\n<p>L4500(cm)*W550(cm)*H85(cm), Longueur montante\uff1a150(cm)<\/p>\n<p>L5000(cm)*W550(cm)*H85(cm), Longueur montante\uff1a150(cm)<\/p>\n<p>L5500(cm)*W550(cm)*H85(cm), Longueur montante\uff1a150(cm)<\/p>\n<p>L6000(cm)*W550(cm)*H85(cm), Longueur montante\uff1a150(cm)<\/p>\n<p><img fetchpriority=\"high\" decoding=\"async\" class=\"wp-image-12601 size-full\" src=\"http:\/\/mairsturnstile.com\/wp-content\/uploads\/2022\/11\/dimension-of-tyre-killer-632s.jpg\" alt=\"dimension du tueur de pneu\" width=\"1024\" height=\"450\" title=\"\" srcset=\"https:\/\/mairsturnstile.com\/wp-content\/uploads\/2022\/11\/dimension-of-tyre-killer-632s.jpg 1024w, https:\/\/mairsturnstile.com\/wp-content\/uploads\/2022\/11\/dimension-of-tyre-killer-632s-300x132.jpg 300w, https:\/\/mairsturnstile.com\/wp-content\/uploads\/2022\/11\/dimension-of-tyre-killer-632s-768x338.jpg 768w, https:\/\/mairsturnstile.com\/wp-content\/uploads\/2022\/11\/dimension-of-tyre-killer-632s-800x352.jpg 800w\" sizes=\"(max-width: 1024px) 100vw, 1024px\" \/><\/p>\n<p><img decoding=\"async\" class=\"size-full wp-image-12530\" src=\"http:\/\/mairsturnstile.com\/wp-content\/uploads\/2022\/11\/tyre-killer.jpg\" alt=\"tueur de pneus\" width=\"1024\" height=\"1100\" title=\"\"><\/p>\n","protected":false},"excerpt":{"rendered":"<p>1. Mat\u00e9riau : acier A3.<\/p>\n<p>2. Traitement de surface : Peinture avec bande r\u00e9fl\u00e9chissante<\/p>\n<p>3. Taux d&rsquo;IP : IP67<\/p>\n<p>4. Couleur sp\u00e9cifi\u00e9e : Noir et jaune<\/p>\n<p>5. Longueur : 6m maximum<\/p>\n<p>6.Largeur : 550 mm<\/p>\n<p>7. Hauteur : 85 mm<\/p>\n<p>8. Poids maximum de chargement : 80T<\/p>\n","protected":false},"featured_media":12833,"comment_status":"closed","ping_status":"closed","template":"","meta":{"neve_meta_sidebar":"","neve_meta_container":"","neve_meta_enable_content_width":"off","neve_meta_content_width":0,"neve_meta_title_alignment":"","neve_meta_author_avatar":"","neve_post_elements_order":"","neve_meta_disable_header":"","neve_meta_disable_footer":"","neve_meta_disable_title":"","_ti_tpc_template_sync":false,"_ti_tpc_template_id":""},"product_cat":[875,881],"product_tag":[1415,1414],"class_list":["post-13326","product","type-product","status-publish","has-post-thumbnail","hentry","product_cat-barriere-routiere","product_cat-tyre-killer-fr","product_tag-prix-tueur-de-pneus","product_tag-prix-tueur-de-pneus-au-pakistan"],"_links":{"self":[{"href":"https:\/\/mairsturnstile.com\/fr\/wp-json\/wp\/v2\/product\/13326","targetHints":{"allow":["GET"]}}],"collection":[{"href":"https:\/\/mairsturnstile.com\/fr\/wp-json\/wp\/v2\/product"}],"about":[{"href":"https:\/\/mairsturnstile.com\/fr\/wp-json\/wp\/v2\/types\/product"}],"replies":[{"embeddable":true,"href":"https:\/\/mairsturnstile.com\/fr\/wp-json\/wp\/v2\/comments?post=13326"}],"version-history":[{"count":0,"href":"https:\/\/mairsturnstile.com\/fr\/wp-json\/wp\/v2\/product\/13326\/revisions"}],"wp:featuredmedia":[{"embeddable":true,"href":"https:\/\/mairsturnstile.com\/fr\/wp-json\/wp\/v2\/media\/12833"}],"wp:attachment":[{"href":"https:\/\/mairsturnstile.com\/fr\/wp-json\/wp\/v2\/media?parent=13326"}],"wp:term":[{"taxonomy":"product_cat","embeddable":true,"href":"https:\/\/mairsturnstile.com\/fr\/wp-json\/wp\/v2\/product_cat?post=13326"},{"taxonomy":"product_tag","embeddable":true,"href":"https:\/\/mairsturnstile.com\/fr\/wp-json\/wp\/v2\/product_tag?post=13326"}],"curies":[{"name":"wp","href":"https:\/\/api.w.org\/{rel}","templated":true}]}}