{"id":13327,"date":"2022-01-25T00:19:47","date_gmt":"2022-01-24T16:19:47","guid":{"rendered":"https:\/\/mairsturnstile.com\/product\/tueur-de-pneus-a-montage-encastre-spikes-tueur-de-pneus-hydraulique-mt632-f"},"modified":"2022-01-25T00:19:47","modified_gmt":"2022-01-24T16:19:47","slug":"prix-tueur-de-pneus-au-pakistan","status":"publish","type":"product","link":"https:\/\/mairsturnstile.com\/fr\/produit\/prix-tueur-de-pneus-au-pakistan","title":{"rendered":"Tueur de pneus \u00e0 montage encastr\u00e9 Spikes Tueur de pneus hydraulique MT632-F"},"content":{"rendered":"<h3><strong><b>Le prix tueur de pneus au Pakistan<\/b><\/strong> comprend une garantie de 2 ans et un support de maintenance et de r\u00e9paration durable.<\/h3>\n<p>Le tueur de pneus fait partie des \u00e9quipements de contr\u00f4le du passage des v\u00e9hicules routiers. Il peut \u00eatre \u00e9quip\u00e9 d&rsquo;un d\u00e9tecteur de v\u00e9hicule, d&rsquo;une bobine d&rsquo;induction au sol et d&rsquo;une induction infrarouge. Il peut \u00eatre utilis\u00e9 avec le syst\u00e8me de <a href=\"https:\/\/en.wikipedia.org\/wiki\/Access_control\" target=\"_blank\" rel=\"noopener\">contr\u00f4le d&rsquo;acc\u00e8s<\/a> de la barri\u00e8re de stationnement ou seul. si vous souhaitez acheter un tueur de pneus ou des pics de trafic, veuillez <a href=\"https:\/\/mairsturnstile.com\/contact\">nous contacter<\/a><\/p>\n<p>Le tueur de pneus adopte la technologie de d\u00e9placement de la zone de vol de la machine, qui pr\u00e9sente les avantages d&rsquo;une interception obligatoire des pneus, d&rsquo;une forte capacit\u00e9 de charge et de rupture des pneus, d&rsquo;un fonctionnement simple et flexible, d&rsquo;une transmission m\u00e9canique, d&rsquo;une action stable et rapide, d&rsquo;un faible bruit, d&rsquo;une forte capacit\u00e9 de trafic , s\u00e9curit\u00e9 et fiabilit\u00e9, forte capacit\u00e9 de charge, levage stable, etc.<\/p>\n<p>Lieux d&rsquo;application : canaux pour les v\u00e9hicules qui doivent \u00eatre contr\u00f4l\u00e9s dans des endroits sp\u00e9ciaux tels que les douanes, l&rsquo;inspection aux fronti\u00e8res, la logistique, les ports et les quais, les prisons, les tr\u00e9soreries, les centrales nucl\u00e9aires, les bases militaires, les principaux minist\u00e8res, les a\u00e9roports, etc. ; Le but d&#8217;emp\u00eacher efficacement les v\u00e9hicules de forcer les cartes perfor\u00e9es.<\/p>\n<p>Nous pouvons fournir des services OEM et ODM. Prix \u200b\u200bde tueur de pneus abordable au Pakistan, Mairs exporte le tueur de pneus de la meilleure qualit\u00e9 vers le Pakistan au prix le moins cher. Prix tueur de pneus bon march\u00e9 au Pakistan.<\/p>\n<p>Domaine d&rsquo;application : Protection s\u00fbre des carrefours dans la zone principale<br \/>\nHauteur de la pointe : 150 mm<br \/>\n\u00c9paisseur du mat\u00e9riau de la plaque sup\u00e9rieure : 16 mm<br \/>\nMode d&rsquo;entra\u00eenement : \u00c9lectrom\u00e9canique<br \/>\nEnvironnement de travail : -40\u2103\uff5e+70\u2103<br \/>\nMode de contr\u00f4le : t\u00e9l\u00e9commande sans fil \u00e0 courte port\u00e9e\/drive-by-wire<br \/>\nDistance de contr\u00f4le : \u2264100M<br \/>\nDistance de contr\u00f4le \u00e0 distance : moins de 50 m<br \/>\nInterface feux de circulation<br \/>\nContr\u00f4le de liaison avec barri\u00e8re de stationnement et feu de signalisation<br \/>\n\u00c9paisseur du mat\u00e9riau inf\u00e9rieur : 12 mm<br \/>\nL&rsquo;ensemble de la plaque formant une flexion, sans soudure<br \/>\nPrix tueur de pneus abordable au pakistan<br \/>\nSyst\u00e8me : entra\u00eenement \u00e9lectrique 220 V<br \/>\nPression de passage : camion porte-conteneurs Max 80 T<br \/>\nPuissance dynamique du syst\u00e8me (w) : 180 W<br \/>\nTemps de mont\u00e9e : \u22641-2S<br \/>\nTemps d&rsquo;abaissement : \u22641-2S<br \/>\nTemp\u00e9rature de fonctionnement : -35\u2103~75\u2103<br \/>\nEnvironnement de stockage : -10\u2103~65\u2103<br \/>\nMat\u00e9riau : acier A3, avec peinture antirouille<br \/>\nCouleur : diverses options<br \/>\nPoids : 400 kg<br \/>\nTaille du bo\u00eetier : bo\u00eetier standard (peut \u00eatre personnalis\u00e9)<\/p>\n<p>L3000(cm)*W500(cm)*H136(cm), Longueur montante\uff1a150(cm)<\/p>\n<p>L3500(cm)*W500(cm)*H136(cm), Longueur montante\uff1a150(cm)<\/p>\n<p>L4000(cm)*W500(cm)*H136(cm), Longueur montante\uff1a150(cm)<\/p>\n<p>L4500(cm)*W500(cm)*H136(cm), Longueur montante\uff1a150(cm)<\/p>\n<p>L5000(cm)*W520(cm)*H136(cm), Longueur montante\uff1a150(cm)<\/p>\n<p>L5500(cm)*W500(cm)*H136(cm), Longueur montante\uff1a150(cm)<\/p>\n<p>L6000(cm)*W500(cm)*H136(cm), Longueur montante\uff1a150(cm)<\/p>\n<p><img fetchpriority=\"high\" decoding=\"async\" class=\"size-full wp-image-12621\" src=\"http:\/\/mairsturnstile.com\/wp-content\/uploads\/2022\/11\/dimension-of-tyre-killer-632f.jpg\" alt=\"taille du prix tueur de pneus au pakistan\" width=\"1024\" height=\"450\" title=\"\" srcset=\"https:\/\/mairsturnstile.com\/wp-content\/uploads\/2022\/11\/dimension-of-tyre-killer-632f.jpg 1024w, https:\/\/mairsturnstile.com\/wp-content\/uploads\/2022\/11\/dimension-of-tyre-killer-632f-300x132.jpg 300w, https:\/\/mairsturnstile.com\/wp-content\/uploads\/2022\/11\/dimension-of-tyre-killer-632f-768x338.jpg 768w, https:\/\/mairsturnstile.com\/wp-content\/uploads\/2022\/11\/dimension-of-tyre-killer-632f-800x352.jpg 800w\" sizes=\"(max-width: 1024px) 100vw, 1024px\" \/><\/p>\n<p><img decoding=\"async\" class=\"size-full wp-image-12530\" src=\"http:\/\/mairsturnstile.com\/wp-content\/uploads\/2022\/11\/tyre-killer.jpg\" alt=\"tueur de pneus\" width=\"1024\" height=\"1100\" title=\"\"><\/p>\n","protected":false},"excerpt":{"rendered":"<p>1. Mat\u00e9riau : acier A3.<\/p>\n<p>2. Traitement de surface : Peinture avec bande r\u00e9fl\u00e9chissante<\/p>\n<p>3. Taux d&rsquo;IP : IP67<\/p>\n<p>4. Couleur sp\u00e9cifi\u00e9e : Noir et jaune<\/p>\n<p>5. Longueur : Personnalis\u00e9<\/p>\n<p>6.Largeur : 500 mm<\/p>\n<p>7. Hauteur : 136 mm<\/p>\n<p>8. Poids maximum de chargement : 80T<\/p>\n","protected":false},"featured_media":12793,"comment_status":"closed","ping_status":"closed","template":"","meta":{"neve_meta_sidebar":"","neve_meta_container":"","neve_meta_enable_content_width":"off","neve_meta_content_width":0,"neve_meta_title_alignment":"","neve_meta_author_avatar":"","neve_post_elements_order":"","neve_meta_disable_header":"","neve_meta_disable_footer":"","neve_meta_disable_title":"","_ti_tpc_template_sync":false,"_ti_tpc_template_id":""},"product_cat":[875,881],"product_tag":[1414],"class_list":["post-13327","product","type-product","status-publish","has-post-thumbnail","hentry","product_cat-barriere-routiere","product_cat-tyre-killer-fr","product_tag-prix-tueur-de-pneus-au-pakistan"],"_links":{"self":[{"href":"https:\/\/mairsturnstile.com\/fr\/wp-json\/wp\/v2\/product\/13327","targetHints":{"allow":["GET"]}}],"collection":[{"href":"https:\/\/mairsturnstile.com\/fr\/wp-json\/wp\/v2\/product"}],"about":[{"href":"https:\/\/mairsturnstile.com\/fr\/wp-json\/wp\/v2\/types\/product"}],"replies":[{"embeddable":true,"href":"https:\/\/mairsturnstile.com\/fr\/wp-json\/wp\/v2\/comments?post=13327"}],"version-history":[{"count":0,"href":"https:\/\/mairsturnstile.com\/fr\/wp-json\/wp\/v2\/product\/13327\/revisions"}],"wp:featuredmedia":[{"embeddable":true,"href":"https:\/\/mairsturnstile.com\/fr\/wp-json\/wp\/v2\/media\/12793"}],"wp:attachment":[{"href":"https:\/\/mairsturnstile.com\/fr\/wp-json\/wp\/v2\/media?parent=13327"}],"wp:term":[{"taxonomy":"product_cat","embeddable":true,"href":"https:\/\/mairsturnstile.com\/fr\/wp-json\/wp\/v2\/product_cat?post=13327"},{"taxonomy":"product_tag","embeddable":true,"href":"https:\/\/mairsturnstile.com\/fr\/wp-json\/wp\/v2\/product_tag?post=13327"}],"curies":[{"name":"wp","href":"https:\/\/api.w.org\/{rel}","templated":true}]}}