{"id":13328,"date":"2022-01-24T21:56:16","date_gmt":"2022-01-24T13:56:16","guid":{"rendered":"https:\/\/mairsturnstile.com\/product\/bornes-escamotables-electriques-bornes-escamotables-de-securite"},"modified":"2023-03-03T16:10:32","modified_gmt":"2023-03-03T08:10:32","slug":"bornes-levantes-electriques","status":"publish","type":"product","link":"https:\/\/mairsturnstile.com\/fr\/produit\/bornes-levantes-electriques","title":{"rendered":"Bornes escamotables \u00e9lectriques Bornes escamotables de s\u00e9curit\u00e9"},"content":{"rendered":"<h3>Les bornes \u00e9l\u00e9vatrices \u00e9lectriques b\u00e9n\u00e9ficient d&rsquo;une garantie de 2 ans et d&rsquo;un support d&rsquo;entretien et de r\u00e9paration durable.<\/h3>\n<p>Nous pouvons fournir des services OEM et ODM. Ces bornes \u00e9l\u00e9vatrices \u00e9lectriques peuvent \u00eatre \u00e9quip\u00e9es d&rsquo;un lecteur de carte, qui peut contr\u00f4ler automatiquement le levage des bornes \u00e9l\u00e9vatrices hydrauliques par glissement de carte. Il peut \u00e9galement \u00eatre \u00e9quip\u00e9 d&rsquo;un portail tourniquet de stationnement ou d&rsquo;un <a href=\"https:\/\/en.wikipedia.org\/wiki\/Access_control\" target=\"_blank\" rel=\"noopener\">contr\u00f4le d&rsquo;acc\u00e8s.<\/a> Il peut \u00e9galement \u00eatre connect\u00e9 au syst\u00e8me de gestion et au syst\u00e8me de charge et contr\u00f4l\u00e9 par l&rsquo;ordinateur. Vous pouvez \u00e9galement personnaliser la fonction de clignotement de la LED pour faire clignoter l&rsquo;avertissement pendant l&rsquo;activit\u00e9 de la colonne et l&rsquo;avertissement lumineux la nuit. Vous pouvez \u00e9galement personnaliser l&rsquo;alarme sonore et l&rsquo;alarme intermittente. Si vous souhaitez personnaliser une borne \u00e9l\u00e9vatrice hydraulique, merci de <a href=\"https:\/\/mairsturnstile.com\/contact\">nous contacter<\/a><\/p>\n<p>Les bornes \u00e9l\u00e9vatrices \u00e9lectriques sont une sorte d&rsquo;\u00e9quipement pour contr\u00f4ler le passage des v\u00e9hicules routiers, qui peut \u00eatre utilis\u00e9 avec le syst\u00e8me de contr\u00f4le de barri\u00e8re de stationnement ou seul ; Il est sp\u00e9cialement con\u00e7u et d\u00e9velopp\u00e9 pour emp\u00eacher les v\u00e9hicules non autoris\u00e9s de p\u00e9n\u00e9trer dans les zones sensibles et pr\u00e9sente une praticabilit\u00e9, une fiabilit\u00e9 et une s\u00e9curit\u00e9 \u00e9lev\u00e9es. Il est compos\u00e9 d&rsquo;une base inf\u00e9rieure, d&rsquo;une colonne de barri\u00e8re de blocage de levage, d&rsquo;un dispositif de transmission de puissance, d&rsquo;un contr\u00f4le et d&rsquo;autres pi\u00e8ces. Selon les diff\u00e9rents besoins des diff\u00e9rents clients, il propose une vari\u00e9t\u00e9 de modes de configuration parmi lesquels les utilisateurs peuvent choisir, qui peuvent r\u00e9pondre aux exigences fonctionnelles de divers clients.<\/p>\n<p>Caract\u00e9ristiques des bornes \u00e9l\u00e9vatrices \u00e9lectriques :<\/p>\n<p>Le temps de levage le plus rapide des bornes \u00e9l\u00e9vatrices \u00e9lectriques peut atteindre 3 secondes, ce qui est beaucoup plus grand que la colonne de levage pneumatique de la m\u00eame sp\u00e9cification, ce qui est extr\u00eamement pr\u00e9cieux. Parce qu&rsquo;il adopte l&rsquo;unit\u00e9 d&rsquo;entra\u00eenement hydraulique, l&rsquo;action est douce et calme, ce qui r\u00e9sout le probl\u00e8me du bruit \u00e9lev\u00e9 de la colonne de levage pneumatique traditionnelle due \u00e0 la pompe \u00e0 air.<\/p>\n<p>L&rsquo;unit\u00e9 de contr\u00f4le des bornes \u00e9l\u00e9vatrices \u00e9lectriques adopte un contr\u00f4leur logique multifonctionnel, qui peut moduler une vari\u00e9t\u00e9 de modes fonctionnels diff\u00e9rents pour r\u00e9pondre aux diff\u00e9rents besoins fonctionnels des diff\u00e9rents utilisateurs. De plus, il convient de mentionner que sa course de mouvement est une conception de synchronisation r\u00e9glable et que les utilisateurs peuvent contr\u00f4ler librement la hauteur de levage de la colonne, ce qui permet d&rsquo;\u00e9conomiser efficacement la consommation d&rsquo;\u00e9nergie.<\/p>\n<p>Sa partie centrale est la conception de l&rsquo;unit\u00e9 hydraulique et du m\u00e9canisme de puissance m\u00e9canique, qui peut transf\u00e9rer efficacement l&rsquo;\u00e9nergie m\u00e9canique \u00e0 l&rsquo;unit\u00e9 d&rsquo;entra\u00eenement hydraulique et agir efficacement. La conception unique et les excellentes performances des unit\u00e9s hydrauliques pour r\u00e9aliser la mont\u00e9e en pression sont rares dans le m\u00eame domaine au pays et \u00e0 l&rsquo;\u00e9tranger.<\/p>\n<p>En cas de panne de courant et d&rsquo;autres urgences, le bouton de descente d&rsquo;urgence peut \u00eatre ouvert manuellement pour abaisser la colonne afin d&rsquo;ouvrir le canal et de lib\u00e9rer le v\u00e9hicule. Les parties sup\u00e9rieure et inf\u00e9rieure du m\u00e9canisme de fixation interne sont respectivement \u00e9quip\u00e9es de capteurs de d\u00e9tection de courant et de capteurs \u00e9lectromagn\u00e9tiques, afin de r\u00e9aliser la protection contre les surintensit\u00e9s de l&rsquo;unit\u00e9 de puissance et la limite efficace de l&rsquo;action de la colonne, et le fonctionnement est stable et fiable.<\/p>\n<p>Protection de l&rsquo;environnement et \u00e9conomie d&rsquo;\u00e9nergie, faible consommation, taux d&rsquo;\u00e9chec inf\u00e9rieur, dur\u00e9e de vie plus longue et co\u00fbt de maintenance r\u00e9duit. De plus, la conception du m\u00e9canisme de guidage non traditionnel est adopt\u00e9e pour l&rsquo;installation et la maintenance, ce qui est plus simple et rapide.<\/p>\n<p>Les bornes \u00e9l\u00e9vatrices \u00e9lectriques sont couramment utilis\u00e9es pour s\u00e9curiser les propri\u00e9t\u00e9s publiques et priv\u00e9es et certaines zones de haute s\u00e9curit\u00e9. Il agit comme une barricade visuelle. Ils vont des bornes escamotables semi-automatiques aux bornes antichoc enti\u00e8rement automatiques. Ils sont disponibles dans une vari\u00e9t\u00e9 de tailles, de finitions et de mat\u00e9riaux. Les bornes et les barrages routiers de s\u00e9curit\u00e9 peuvent prot\u00e9ger les personnes et les lieux contre les probl\u00e8mes non s\u00e9curis\u00e9s.<\/p>\n<p>Param\u00e8tres des bornes \u00e9l\u00e9vatrices <em class=\"op_dict3_highlight\">\u00e9lectriques :<\/em><\/p>\n<p>Environnement de stockage : -10\u2103~65\u2103, \u00e9tanche \u00e0 l&rsquo;eau, \u00e0 l&rsquo;humidit\u00e9, \u00e0 la poussi\u00e8re.<br \/>\nHauteur de mont\u00e9e : 600 mm (standard) Max peut \u00eatre de 800 mm<br \/>\n\u00c9paisseur standard : 6 (standard) 8,10,25,30 mm (en option).<br \/>\nDiam\u00e8tre du cylindre : 273<br \/>\nTaille du bo\u00eetier : 450*450*900mm<br \/>\nStructure : Avec poutre-colonne en acier porteuse, poutre-colonne en acier anti-collision, 4 tiges de navigation<br \/>\nM\u00e9canisme \u00e9lectrique int\u00e9gr\u00e9 : course 600mm, Diam\u00e8tre ext\u00e9rieur du cylindre 60mm,<br \/>\nDiam\u00e8tre de la tige de piston : 16 mm<br \/>\nCylindre de surface miroir 6K<br \/>\nAvec LED (cercle de lumi\u00e8re acrylique)<br \/>\nAutocollant r\u00e9fl\u00e9chissant : 2 bandes<br \/>\nEn cas de panne de courant, les bornes peuvent \u00eatre abaiss\u00e9es manuellement en se connectant \u00e0 une batterie de secours<br \/>\nTaux IP : Certifi\u00e9 IP68<\/p>\n<p>Poids : 150\u00b1KG<br \/>\nEn mont\u00e9e et en descente, un fonctionnement r\u00e9versible est disponible<br \/>\nUn appareil faisant du bruit \u2264 60 d\u00e9cibels<br \/>\nLe m\u00e9canisme hydraulique est un bo\u00eetier en aluminium enti\u00e8rement scell\u00e9 pour assurer un indice d&rsquo;\u00e9tanch\u00e9it\u00e9<br \/>\nL&rsquo;entra\u00eenement hydraulique est livr\u00e9 avec un verrou hydraulique<br \/>\nBo\u00eetier de commande PLC : 500*400*200mm<br \/>\nSyst\u00e8me de contr\u00f4le de commande de programmation PLC<br \/>\nTension \u00e9lectrovanne 24V<br \/>\nDistance de contr\u00f4le \u00e0 distance 50M-100M (Bas\u00e9 sur l&rsquo;environnement)<br \/>\nLa bo\u00eete de contr\u00f4le affiche le texte r\u00e9glable (Haut, Bas, Action, R\u00e9glage du contr\u00f4le du temps)<br \/>\nAffichage de texte avec bilingue chinois et anglais<br \/>\nSyst\u00e8me de cryptage int\u00e9gr\u00e9 PLC<br \/>\nT\u00e9l\u00e9commande APP et PC (en option)<\/p>\n<p><img fetchpriority=\"high\" decoding=\"async\" class=\"wp-image-12606 size-full\" src=\"http:\/\/mairsturnstile.com\/wp-content\/uploads\/2022\/11\/dimension-of-automatic-bollards-273s.jpg\" alt=\"dimension des bornes automatiques\" width=\"1024\" height=\"820\" title=\"\" srcset=\"https:\/\/mairsturnstile.com\/wp-content\/uploads\/2022\/11\/dimension-of-automatic-bollards-273s.jpg 1024w, https:\/\/mairsturnstile.com\/wp-content\/uploads\/2022\/11\/dimension-of-automatic-bollards-273s-300x240.jpg 300w, https:\/\/mairsturnstile.com\/wp-content\/uploads\/2022\/11\/dimension-of-automatic-bollards-273s-768x615.jpg 768w, https:\/\/mairsturnstile.com\/wp-content\/uploads\/2022\/11\/dimension-of-automatic-bollards-273s-800x641.jpg 800w\" sizes=\"(max-width: 1024px) 100vw, 1024px\" \/><\/p>\n<p><img decoding=\"async\" class=\"size-full wp-image-12535\" src=\"http:\/\/mairsturnstile.com\/wp-content\/uploads\/2022\/11\/rising-bollards.jpg\" alt=\"bornes montantes\" width=\"1024\" height=\"1100\" title=\"\" srcset=\"https:\/\/mairsturnstile.com\/wp-content\/uploads\/2022\/11\/rising-bollards.jpg 1024w, https:\/\/mairsturnstile.com\/wp-content\/uploads\/2022\/11\/rising-bollards-279x300.jpg 279w, https:\/\/mairsturnstile.com\/wp-content\/uploads\/2022\/11\/rising-bollards-953x1024.jpg 953w, https:\/\/mairsturnstile.com\/wp-content\/uploads\/2022\/11\/rising-bollards-768x825.jpg 768w, https:\/\/mairsturnstile.com\/wp-content\/uploads\/2022\/11\/rising-bollards-800x859.jpg 800w\" sizes=\"(max-width: 1024px) 100vw, 1024px\" \/><\/p>\n","protected":false},"excerpt":{"rendered":"<p>1. Syst\u00e8me : syst\u00e8me \u00e9lectrique-hydraulique<\/p>\n<p>2. Pression maximale de passage : camions de 80 tonnes<\/p>\n<p>3. Tension : AC220V 50Hz int\u00e9gr\u00e9<\/p>\n<p>4. Puissance (w) : 300 W int\u00e9gr\u00e9<\/p>\n<p>5. Disponibilit\u00e9 : 4,5 S<\/p>\n<p>6. Temps d&rsquo;arr\u00eat : 3S<\/p>\n<p>7. Temp\u00e9rature de fonctionnement : -65\u2103~75\u2103<\/p>\n<p>8. Mat\u00e9riau : acier inoxydable 304<\/p>\n","protected":false},"featured_media":12684,"comment_status":"closed","ping_status":"closed","template":"","meta":{"neve_meta_sidebar":"","neve_meta_container":"","neve_meta_enable_content_width":"off","neve_meta_content_width":0,"neve_meta_title_alignment":"","neve_meta_author_avatar":"","neve_post_elements_order":"","neve_meta_disable_header":"","neve_meta_disable_footer":"","neve_meta_disable_title":"","_ti_tpc_template_sync":false,"_ti_tpc_template_id":""},"product_cat":[875,874],"product_tag":[1417,1416],"class_list":["post-13328","product","type-product","status-publish","has-post-thumbnail","hentry","product_cat-barriere-routiere","product_cat-bornes-montantes","product_tag-bornes-electriques","product_tag-bornes-elevatrices-electriques"],"_links":{"self":[{"href":"https:\/\/mairsturnstile.com\/fr\/wp-json\/wp\/v2\/product\/13328","targetHints":{"allow":["GET"]}}],"collection":[{"href":"https:\/\/mairsturnstile.com\/fr\/wp-json\/wp\/v2\/product"}],"about":[{"href":"https:\/\/mairsturnstile.com\/fr\/wp-json\/wp\/v2\/types\/product"}],"replies":[{"embeddable":true,"href":"https:\/\/mairsturnstile.com\/fr\/wp-json\/wp\/v2\/comments?post=13328"}],"version-history":[{"count":0,"href":"https:\/\/mairsturnstile.com\/fr\/wp-json\/wp\/v2\/product\/13328\/revisions"}],"wp:featuredmedia":[{"embeddable":true,"href":"https:\/\/mairsturnstile.com\/fr\/wp-json\/wp\/v2\/media\/12684"}],"wp:attachment":[{"href":"https:\/\/mairsturnstile.com\/fr\/wp-json\/wp\/v2\/media?parent=13328"}],"wp:term":[{"taxonomy":"product_cat","embeddable":true,"href":"https:\/\/mairsturnstile.com\/fr\/wp-json\/wp\/v2\/product_cat?post=13328"},{"taxonomy":"product_tag","embeddable":true,"href":"https:\/\/mairsturnstile.com\/fr\/wp-json\/wp\/v2\/product_tag?post=13328"}],"curies":[{"name":"wp","href":"https:\/\/api.w.org\/{rel}","templated":true}]}}