{"id":10426,"date":"2022-05-02T11:50:56","date_gmt":"2022-05-02T03:50:56","guid":{"rendered":"https:\/\/mairsturnstile.com\/product\/tornello-per-bicicletta-tornello-a-tutta-altezza-con-cancello-per-bicicletta-mt451-z"},"modified":"2024-10-29T18:49:30","modified_gmt":"2024-10-29T10:49:30","slug":"tornello-per-biciclette","status":"publish","type":"product","link":"https:\/\/mairsturnstile.com\/it\/prodotto\/tornello-per-biciclette","title":{"rendered":"Tornello per biciclette Tornello per biciclette a tutta altezza con cancello per biciclette"},"content":{"rendered":"        <!-- 3D Model html -->\r\n        <div class=\"bp_grand wrapper_51813\">   \r\n        <div class=\"bp_model_parent\">\r\n            <model-viewer class=\"model\" id=\"bp_model_id_51813\" src=\"http:\/\/mairsturnstile.com\/wp-content\/uploads\/2024\/09\/MT-LX402-Z.glb\" alt=\"MT-LX402-Z\" camera-controls  loading=\"auto\" auto-rotate                        >\r\n            <\/model-viewer>\r\n        \r\n            <!-- Button -->\r\n            <svg id=\"openBtn\" width=\"30px\" height=\"30px\" viewBox=\"0 0 16 16\" xmlns=\"http:\/\/www.w3.org\/2000\/svg\" fill=\"#f2f2f2\" class=\"bi bi-arrows-fullscreen model-icon\">\r\n                <path fill-rule=\"evenodd\" d=\"M5.828 10.172a.5.5 0 0 0-.707 0l-4.096 4.096V11.5a.5.5 0 0 0-1 0v3.975a.5.5 0 0 0 .5.5H4.5a.5.5 0 0 0 0-1H1.732l4.096-4.096a.5.5 0 0 0 0-.707zm4.344 0a.5.5 0 0 1 .707 0l4.096 4.096V11.5a.5.5 0 1 1 1 0v3.975a.5.5 0 0 1-.5.5H11.5a.5.5 0 0 1 0-1h2.768l-4.096-4.096a.5.5 0 0 1 0-.707zm0-4.344a.5.5 0 0 0 .707 0l4.096-4.096V4.5a.5.5 0 1 0 1 0V.525a.5.5 0 0 0-.5-.5H11.5a.5.5 0 0 0 0 1h2.768l-4.096 4.096a.5.5 0 0 0 0 .707zm-4.344 0a.5.5 0 0 1-.707 0L1.025 1.732V4.5a.5.5 0 0 1-1 0V.525a.5.5 0 0 1 .5-.5H4.5a.5.5 0 0 1 0 1H1.732l4.096 4.096a.5.5 0 0 1 0 .707z\"\/>\r\n            <\/svg>\r\n        \r\n            <svg id=\"closeBtn\" class=\"model-icon\" width=\"34px\" height=\"34px\" viewBox=\"0 0 24 24\" xmlns=\"http:\/\/www.w3.org\/2000\/svg\">\r\n                <path fill=\"none\" stroke=\"#f2f2f2\" stroke-width=\"2\" d=\"M7,7 L17,17 M7,17 L17,7\"\/>\r\n            <\/svg>\r\n        \r\n        <\/div>\r\n        <\/div> \r\n\r\n        <!-- Model Viewer Style -->\r\n        <style>\r\n            \r\n            .wrapper_51813 .bp_model_parent, #bp_model_id_51813 {\r\n                width: 1150px;\r\n                max-width: 100%;\r\n                                            }\r\n            #bp_model_id_51813 {\r\n                height:700px;\r\n                background-color: #f9f9f9;\r\n            }\r\n            .fullscreen #bp_model_id_51813{\r\n            height: 100%;\r\n            width: 100%;\r\n            }\r\n            .wrapper_51813 .bp_model_parent{\r\n                justify-content: start            }\r\n            model-viewer.model {\r\n                --poster-color: transparent;\r\n            }\r\n        <\/style>\r\n        \r\n        \n<h3>Il tornello per biciclette a tutta altezza con cancello per biciclette ha una garanzia di 2 anni e un supporto durevole per la manutenzione e la riparazione.<\/h3>\n<p>Siamo in grado di fornire servizi OEM e ODM. Forniamo anche dispositivi biometrici, come lettori di carte IC\/ID, scanner di impronte digitali, scanner di <a href=\"https:\/\/en.wikipedia.org\/wiki\/QR_code\" target=\"_blank\" rel=\"noopener\">codici QR<\/a>, telecamere per il riconoscimento facciale e cos\u00ec via. Abbiamo anche lanciato una nuova serie di tornelli a tutta altezza dall&#8217;aspetto elegante e dalla struttura robusta. Consulta:<span style=\"color: #0000ff;\"> <a style=\"color: #0000ff;\" href=\"https:\/\/mairsturnstile.com\/full-height-series-turnstile\" target=\"_blank\" rel=\"noopener\">serie di tornelli a tutta altezza<\/a><\/span> <\/p>\n<p><strong>Il tornello per biciclette \u00e8 un tipo di <a href=\"https:\/\/mairsturnstile.com\/full-height-turnstiles.html\" target=\"_blank\" rel=\"noopener\">tornello a tutta altezza<\/a> appositamente progettato per pedoni e biciclette. I pedoni possono passare in sicurezza con le biciclette. I pedoni possono passare anche da soli. Integra il passaggio pedonale e quello ciclabile.<\/strong> Dopo che il pedone ha fornito il segnale legale di apertura della porta, l&#8217;asta di blocco del tornello pedonale ruota di un certo angolo rispetto alla direzione di apertura della porta per indurre il pedone a passare. L&#8217;asta di blocco del passaggio della bicicletta ruota di 120 gradi per essere aperta. Dopo che il pedone ha spinto delicatamente l&#8217;asta di blocco del passaggio pedonale, l&#8217;asta di blocco del passaggio pedonale ruota automaticamente nella direzione di apertura della porta. Il telaio e l&#8217;asta di blocco rotante adottano una struttura rimovibile, comoda per l&#8217;installazione e il trasporto.<\/p>\n<p>Il tornello per bicicletta ha una forte capacit\u00e0 impermeabile e antipolvere, un&#8217;ampia area di blocco e non pu\u00f2 attraversare o arrampicarsi. \u00c8 adatto per luoghi interni ed esterni con requisiti di alta sicurezza, come basi militari, unit\u00e0 del segreto di stato, prigioni, fabbriche, comunit\u00e0 residenziali, ecc.<\/p>\n<p>Il tornello per bicicletta adotta un design meccanico anti-coda per controllare efficacemente solo una persona alla volta.<\/p>\n<p>Quando viene ricevuto un segnale legale di apertura della porta in una direzione, entro il tempo di passaggio consentito, i pedoni che entrano nel passaggio dalla direzione opposta e spingono l&#8217;asta del tornello saranno considerati passaggio inverso e l&#8217;asta del tornello in questa direzione sar\u00e0 bloccata per impedire pedoni dal passaggio inverso.<\/p>\n<p>Il sistema di controllo del feedback ad anello chiuso viene utilizzato per monitorare lo stato di movimento dell&#8217;asta del freno, che pu\u00f2 rilevare in modo sensibile i comportamenti che minacciano la sicurezza del canale come la collisione illegale dell&#8217;asta e il passaggio inverso, quindi inviare avvisi sotto forma di suono e luce, e pu\u00f2 anche essere collegato con altri sistemi di sicurezza.<\/p>\n<p>Il tornello per bicicletta adotta una struttura avanzata del meccanismo del tornello ed \u00e8 dotato di un motore CC brushless importato di alta qualit\u00e0 (nucleo di movimento), in modo che la durata del tornello a tutta altezza sia super lunga e le prestazioni siano stabili e senza manutenzione .<\/p>\n<p>Tecnologia avanzata di controllo del motore: vengono adottati il sistema di servocontrollo avanzato e la tecnologia di controllo del motore del braccio DSP + e l&#8217;algoritmo di controllo del motore \u00e8 combinato per realizzare il controllo e il posizionamento accurati della barriera.<\/p>\n<p>Possiamo anche creare un rendering per te in pochi minuti in base al tuo scenario reale. Forniamo anche layout e disegni dettagliati, nonch\u00e9 disegni di installazione.<\/p>\n\n        \t\n\t<style type=\"text\/css\">\n\t\t.slider-info-52231.bafg-slider-info .bafg-slider-title {\n\t\t\t\t\t\tfont-size: 22px;\n\t\t\t\t\t\t\n\t\t\t\n\t\t\t\t\t}\n\n\t\t.slider-info-52231.bafg-slider-info .bafg-slider-description {\n\t\t\t\n\t\t\t\n\t\t\t\t\t}\n\n\t\t.slider-info-52231.bafg-slider-info .bafg_slider_readmore_button {\n\t\t\t\n\t\t\t\n\t\t\t\n\t\t\t\n\t\t\t\n\t\t\ttext-align: center;\n\n\t\t\t\n\t\t\t\n\t\t\t\n\t\t\t\n\t\t\t\n\t\t\t\n\t\t\t\t\t}\n\n\t\t.slider-info-52231.bafg-slider-info .bafg_slider_readmore_button:hover {\n\n\t\t\t\n\t\t\t\n\t\t\t\t\t}\n\n\t<\/style>\n\t\n        <div class=\"bafg-twentytwenty-container slider-52231 \" bafg-orientation=\"horizontal\" bafg-default-offset=\"0.5\" bafg-before-label=\"Before\" bafg-after-label=\"After\" bafg-overlay=\"yes\" bafg-move-slider-on-hover=\"yes\" bafg-click-to-move=\"no\">\n              \n            <img decoding=\"async\" class=\"skip-lazy\" src=\"http:\/\/mairsturnstile.com\/wp-content\/uploads\/2024\/10\/full-height-bicycle-turnstile-1.jpg\" alt=\"full height bicycle turnstile\" data-skip-lazy title=\"\">\n            <img decoding=\"async\" class=\"skip-lazy\" src=\"http:\/\/mairsturnstile.com\/wp-content\/uploads\/2024\/10\/full-height-bicycle-turnstile.jpg\" alt=\"full height bicycle turnstile\" data-skip-lazy title=\"\">\n           \n        <\/div>\n\n        \t<div class=\"bafg-slider-info-wraper\">\n\t\t<div style=\"\" class=\"slider-info-52231 bafg-slider-info\">\n\t\t\t\t\t<\/div>\n\t<\/div>\n\t\n        <style type=\"text\/css\">\n            \n        <\/style>\n        \n<p>Spegnimento e apertura porta: il tornello per bicicletta adotta una struttura meccanica avanzata. Quando l&#8217;alimentazione \u00e8 spenta, l&#8217;asta di blocco si sblocca automaticamente e pu\u00f2 essere spinta liberamente, il che \u00e8 conveniente per l&#8217;evacuazione delle persone. Cio\u00e8, spegnere e aprire la porta per fornire una protezione totale della sicurezza personale per il personale di passaggio<\/p>\n<p>Apertura porta di emergenza: dotata di dispositivo di controllo della fuga di emergenza per sbloccare automaticamente l&#8217;asta del tornello e spingerla liberamente, cos\u00ec da facilitare l&#8217;evacuazione delle persone.<\/p>\n<p>Prevenzione scosse elettriche: tutti i moduli elettrici adottano una tensione di sicurezza inferiore a 24V e sono dotati di un dispositivo di protezione differenziale per evitare che i pedoni vengano feriti da scosse elettriche.<\/p>\n<p>Meccanismo: il cancello tornello per biciclette \u00e8 automatico con motore Brushless<\/p>\n<p>Semiautomatico a tutta altezza per accesso persone (automatico optional)<\/p>\n<p>Affidabilit\u00e0 del meccanismo: 5 milioni, senza colpa<\/p>\n<p>Meccanismo con ammortizzatore idraulico per l&#8217;assorbimento degli urti<\/p>\n<p>Il senso di rotazione: bidirezionale\/unidirezionale<\/p>\n<p>Situazione di emergenza: In caso di emergenza o di isolamento dell&#8217;alimentazione, la Porta Rotante pu\u00f2 essere configurata su Fail-Safe ovvero ruota liberamente o Fail-Lock<\/p>\n<p>Umidit\u00e0 del tornello della bicicletta: \u226495\uff05<\/p>\n<p>Temperatura di lavoro: -25\u2103~60\u2103<\/p>\n<p>Funzionalit\u00e0 opzionali: lettore IC\/ID, lettore di codici a barre, riconoscimento facciale, impronte digitali, altre apparecchiature di controllo accessi, UPS, ecc<\/p>\n<p>Distanza di comunicazione: \u22641200 m<\/p>\n<p>Interfaccia di comunicazione: RS485<\/p>\n<p>Le dimensioni possono essere personalizzate<\/p>\n<p>Tempo necessario per l&#8217;apertura: 0,2 s<\/p>\n<p>Ambiente di lavoro: interno o esterno<\/p>\n<p>Campo di applicazione: comunit\u00e0, fabbrica, cantiere, scuola, luogo del resort, struttura governativa, ecc<\/p>\n<p>Siamo in grado di fornire l&#8217;intera soluzione di controllo degli accessi di sicurezza. Se disponi di un tuo sistema di controllo degli accessi, puoi utilizzare direttamente il nostro cancello tornello. Se non ne hai uno, forniamo anche una soluzione completa per il controllo degli accessi di sicurezza. Si prega di fare riferimento al video qui sotto per i dettagli.<\/p>\n<p><iframe title=\"Lettore video di YouTube\" src=\"https:\/\/www.youtube.com\/embed\/XyxFKnS3Br0\" width=\"1150\" height=\"650\" frameborder=\"0\" allowfullscreen=\"allowfullscreen\"><span data-mce-type=\"bookmark\" style=\"display: inline-block; width: 0px; overflow: hidden; line-height: 0;\" class=\"mce_SELRES_start\"><\/span><\/iframe><\/p>\n","protected":false},"excerpt":{"rendered":"<p>1. Dimensione: 2630*1500*2350 mm (personalizzabile)<\/p>\n<p>2. Larghezza corsia per: 650 mm (rotore) 900 mm (bicicletta)<\/p>\n<p>3. Materiale: acciaio inossidabile 304 o acciaio inossidabile 316<\/p>\n<p>4. Velocit\u00e0 di passaggio: 25 persone\/min<\/p>\n<p>5. Alimentazione: 110V\/220V 50\/60hz<\/p>\n<p>6. Azionamento: Azionamento semiautomatico<\/p>\n<p>7. Elettrovalvola: DC24V<\/p>\n<p>8. Segnale di apertura del cancello: Contatto secco\/ rel\u00e8<\/p>\n<p>9. Azionamento: Azionamento semiautomatico<\/p>\n<p><strong><a title=\"Tornello a tutta altezza certificato CE Mairs\" href=\"http:\/\/mairsturnstile.com\/wp-content\/uploads\/2022\/09\/Mairs-CE-Certificate-Full-Height-Turnstile.pdf\" target=\"_blank\" rel=\"noopener noreferrer\">Certificazione CE<\/a>, <a title=\"Certificato Mairs ISO9001\" href=\"http:\/\/mairsturnstile.com\/wp-content\/uploads\/2022\/09\/Mairs-Registration-Certificate-ISO9001.pdf\" target=\"_blank\" rel=\"noopener noreferrer\">certificato ISO 9001.<\/a><\/strong><\/p>\n<p><a title=\"Manuale di installazione del tornello a tutta altezza\" href=\"http:\/\/mairsturnstile.com\/wp-content\/uploads\/2023\/09\/Full-height-turnstile-installation-manual.pdf\" target=\"_blank\" rel=\"noopener noreferrer\"><img decoding=\"async\" class=\"alignnone size-full wp-image-11034\" src=\"http:\/\/mairsturnstile.com\/wp-content\/uploads\/2022\/09\/pdf-MairsTurnstile.png\" alt=\"\" width=\"32\" height=\"32\"><strong><span style=\"color: #0000ff;\"> Manuale d&#8217;uso e installazione del tornello a tutta altezza<\/span><\/strong><\/a><\/p>\n","protected":false},"featured_media":56985,"comment_status":"closed","ping_status":"closed","template":"","meta":{"neve_meta_sidebar":"","neve_meta_container":"","neve_meta_enable_content_width":"off","neve_meta_content_width":0,"neve_meta_title_alignment":"","neve_meta_author_avatar":"","neve_post_elements_order":"","neve_meta_disable_header":"","neve_meta_disable_footer":"","neve_meta_disable_title":"","_ti_tpc_template_sync":false,"_ti_tpc_template_id":""},"product_cat":[884,888],"product_tag":[903,1605,900,893],"class_list":["post-10426","product","type-product","status-publish","has-post-thumbnail","hentry","product_cat-tornelli-a-tutta-altezza","product_cat-tornelli-di-sicurezza","product_tag-cancello-girevole-a-tutta-altezza","product_tag-girare-stile-cancello","product_tag-tornelli-a-tutta-altezza","product_tag-tornello-per-biciclette"],"_links":{"self":[{"href":"https:\/\/mairsturnstile.com\/it\/wp-json\/wp\/v2\/product\/10426","targetHints":{"allow":["GET"]}}],"collection":[{"href":"https:\/\/mairsturnstile.com\/it\/wp-json\/wp\/v2\/product"}],"about":[{"href":"https:\/\/mairsturnstile.com\/it\/wp-json\/wp\/v2\/types\/product"}],"replies":[{"embeddable":true,"href":"https:\/\/mairsturnstile.com\/it\/wp-json\/wp\/v2\/comments?post=10426"}],"version-history":[{"count":0,"href":"https:\/\/mairsturnstile.com\/it\/wp-json\/wp\/v2\/product\/10426\/revisions"}],"wp:featuredmedia":[{"embeddable":true,"href":"https:\/\/mairsturnstile.com\/it\/wp-json\/wp\/v2\/media\/56985"}],"wp:attachment":[{"href":"https:\/\/mairsturnstile.com\/it\/wp-json\/wp\/v2\/media?parent=10426"}],"wp:term":[{"taxonomy":"product_cat","embeddable":true,"href":"https:\/\/mairsturnstile.com\/it\/wp-json\/wp\/v2\/product_cat?post=10426"},{"taxonomy":"product_tag","embeddable":true,"href":"https:\/\/mairsturnstile.com\/it\/wp-json\/wp\/v2\/product_tag?post=10426"}],"curies":[{"name":"wp","href":"https:\/\/api.w.org\/{rel}","templated":true}]}}