{"id":10429,"date":"2020-09-12T18:17:59","date_gmt":"2020-09-12T10:17:59","guid":{"rendered":"https:\/\/mairsturnstile.com\/product\/tornelli-pedonali-a-tutta-altezza-mt402"},"modified":"2023-11-02T12:21:40","modified_gmt":"2023-11-02T04:21:40","slug":"tornelli-pedonali-a-tutta-altezza","status":"publish","type":"product","link":"https:\/\/mairsturnstile.com\/it\/prodotto\/tornelli-pedonali-a-tutta-altezza","title":{"rendered":"TORNELLI PEDONALI A TUTTA ALTEZZA MT402"},"content":{"rendered":"        <!-- 3D Model html -->\r\n        <div class=\"bp_grand wrapper_19978\">   \r\n        <div class=\"bp_model_parent\">\r\n            <model-viewer class=\"model\" id=\"bp_model_id_19978\" src=\"http:\/\/mairsturnstile.com\/wp-content\/uploads\/2023\/07\/MT402.glb\" alt=\"MT402\" camera-controls  loading=\"auto\" auto-rotate                        >\r\n            <\/model-viewer>\r\n        \r\n            <!-- Button -->\r\n            <svg id=\"openBtn\" width=\"30px\" height=\"30px\" viewBox=\"0 0 16 16\" xmlns=\"http:\/\/www.w3.org\/2000\/svg\" fill=\"#f2f2f2\" class=\"bi bi-arrows-fullscreen model-icon\">\r\n                <path fill-rule=\"evenodd\" d=\"M5.828 10.172a.5.5 0 0 0-.707 0l-4.096 4.096V11.5a.5.5 0 0 0-1 0v3.975a.5.5 0 0 0 .5.5H4.5a.5.5 0 0 0 0-1H1.732l4.096-4.096a.5.5 0 0 0 0-.707zm4.344 0a.5.5 0 0 1 .707 0l4.096 4.096V11.5a.5.5 0 1 1 1 0v3.975a.5.5 0 0 1-.5.5H11.5a.5.5 0 0 1 0-1h2.768l-4.096-4.096a.5.5 0 0 1 0-.707zm0-4.344a.5.5 0 0 0 .707 0l4.096-4.096V4.5a.5.5 0 1 0 1 0V.525a.5.5 0 0 0-.5-.5H11.5a.5.5 0 0 0 0 1h2.768l-4.096 4.096a.5.5 0 0 0 0 .707zm-4.344 0a.5.5 0 0 1-.707 0L1.025 1.732V4.5a.5.5 0 0 1-1 0V.525a.5.5 0 0 1 .5-.5H4.5a.5.5 0 0 1 0 1H1.732l4.096 4.096a.5.5 0 0 1 0 .707z\"\/>\r\n            <\/svg>\r\n        \r\n            <svg id=\"closeBtn\" class=\"model-icon\" width=\"34px\" height=\"34px\" viewBox=\"0 0 24 24\" xmlns=\"http:\/\/www.w3.org\/2000\/svg\">\r\n                <path fill=\"none\" stroke=\"#f2f2f2\" stroke-width=\"2\" d=\"M7,7 L17,17 M7,17 L17,7\"\/>\r\n            <\/svg>\r\n        \r\n        <\/div>\r\n        <\/div> \r\n\r\n        <!-- Model Viewer Style -->\r\n        <style>\r\n            \r\n            .wrapper_19978 .bp_model_parent, #bp_model_id_19978 {\r\n                width: 1150px;\r\n                max-width: 100%;\r\n                                            }\r\n            #bp_model_id_19978 {\r\n                height:700px;\r\n                background-color: #f2f2f2;\r\n            }\r\n            .fullscreen #bp_model_id_19978{\r\n            height: 100%;\r\n            width: 100%;\r\n            }\r\n            .wrapper_19978 .bp_model_parent{\r\n                justify-content: start            }\r\n            model-viewer.model {\r\n                --poster-color: transparent;\r\n            }\r\n        <\/style>\r\n        \r\n        \n<h2>I tornelli pedonali a tutta altezza hanno una garanzia di 2 anni e un supporto duraturo per la manutenzione e la riparazione.<\/h2>\n<p>Siamo in grado di fornire servizi OEM e ODM. Forniamo anche dispositivi biometrici, come lettori di carte IC\/ID, scanner di impronte digitali, scanner di codici QR, fotocamere con riconoscimento facciale e cos\u00ec via.<\/p>\n<p><strong>Il tornello a tutta altezza \u00e8 un prodotto aggiornato dei tradizionali cancelli del tornello pedonale con le migliori prestazioni di sicurezza, che \u00e8 molto pi\u00f9 alto e pi\u00f9 largo di un normale cancello del tornello e presenta evidenti vantaggi in termini di sicurezza. <\/strong>Il tornello a tutta altezza pu\u00f2 formare uno spazio di passaggio chiuso e il personale passa in modo ordinato strisciando le carte e altri metodi. I tornelli a tutta altezza possono essere incustoditi e avere un elevato valore applicativo in alcuni luoghi con rigide misure di sicurezza. \u00c8 composto da telaio e 3 o 4 file di aste rotanti. I tornelli a tutta altezza sono sviluppati sulla base di un <a href=\"https:\/\/mairsturnstile.com\/product\/tripod-security-gate\">cancello a tripode<\/a>. Pu\u00f2 essere dissuaso o rilasciato ruotando ogni volta di 120\u00b0 o 90\u00b0.<\/p>\n<p><strong>I tornelli pedonali a tutta altezza sono progettati per controllare i pedoni in entrata e in uscita, adatti per uso interno ed esterno.<\/strong><\/p>\n<p>Generalmente, i tornelli a tutta altezza sono a corsia singola oa doppia corsia. Tre corsie e quattro corsie possono essere personalizzate in base alle esigenze del cliente. I tornelli pedonali a tutta altezza possono essere utilizzati in tutti i tipi di ambienti edilizi e possono risolvere tutti i problemi di controllo dei passaggi pedonali di ingresso e uscita, controllare se il cancello \u00e8 bloccato o sbloccato in qualsiasi momento e fino a 20 interfacce di segnalazione per facilitare agli utenti l&#8217;espansione di speciali funzioni.<\/p>\n<p>I tornelli a tutta altezza sono realizzati in <a class=\"rank-math-link\" href=\"https:\/\/simple.wikipedia.org\/wiki\/Stainless_steel\" target=\"_blank\" rel=\"noopener noreferrer\">acciaio inox<\/a> SUS304 o in acciaio inox 316. Adotta la tecnologia di controllo dell&#8217;azionamento pi\u00f9 avanzata, che pu\u00f2 modificare il design in un&#8217;ampia gamma per soddisfare le varie esigenze dei diversi stili di edifici moderni per i sistemi di controllo dell&#8217;accesso pedonale intelligente.<\/p>\n<p>Il tornello a tutta altezza \u00e8 adatto per occasioni non presidiate e con requisiti di alta sicurezza, nonch\u00e9 per alcune occasioni all&#8217;aperto con un ambiente difficile. Il tornello a tutta altezza viene generalmente utilizzato in aree di controllo pi\u00f9 rigorose, come aree di gestione militare, impianti chimici, cantieri, carceri, banche, truppe e altri stati luoghi altamente riservati, attraverso il riconoscimento facciale e il confronto, anche il sistema di cattura elettronico, veramente e effettivamente un record di passaggio pedonale, migliorare il fattore di sicurezza.<\/p>\n<p>In alcuni luoghi specifici, come alcuni passaggi speciali della stazione, o luoghi con rigidi requisiti di sicurezza, come carceri o palestre, i cancelli generali dei tornelli non possono soddisfare i requisiti di sicurezza. In questo momento, i tornelli pedonali a tutta altezza verranno utilizzati per la gestione del controllo degli accessi, poich\u00e9 i tornelli pedonali a tutta altezza sono le apparecchiature di controllo degli accessi di sicurezza pi\u00f9 durevoli, robuste e di alto livello, sono adatti per luoghi non presidiati con requisiti di sicurezza elevati, poich\u00e9 cos\u00ec come alcuni luoghi all&#8217;aperto con ambienti difficili.<\/p>\n<p>Possiamo anche creare un rendering per te in pochi minuti in base al tuo scenario reale. Forniamo anche layout e disegni dettagliati, nonch\u00e9 disegni di installazione.<\/p>\n\n        \t\n\t<style type=\"text\/css\">\n\t\t.slider-info-19704.bafg-slider-info .bafg-slider-title {\n\t\t\t\t\t\tfont-size: 22px;\n\t\t\t\t\t\t\n\t\t\t\n\t\t\t\t\t}\n\n\t\t.slider-info-19704.bafg-slider-info .bafg-slider-description {\n\t\t\t\n\t\t\t\n\t\t\t\t\t}\n\n\t\t.slider-info-19704.bafg-slider-info .bafg_slider_readmore_button {\n\t\t\t\n\t\t\t\n\t\t\t\n\t\t\t\n\t\t\t\n\t\t\ttext-align: center;\n\n\t\t\t\n\t\t\t\n\t\t\t\n\t\t\t\n\t\t\t\n\t\t\t\n\t\t\t\t\t}\n\n\t\t.slider-info-19704.bafg-slider-info .bafg_slider_readmore_button:hover {\n\n\t\t\t\n\t\t\t\n\t\t\t\t\t}\n\n\t<\/style>\n\t\n        <div class=\"bafg-twentytwenty-container slider-19704 \" bafg-orientation=\"horizontal\" bafg-default-offset=\"0.5\" bafg-before-label=\"Before\" bafg-after-label=\"After\" bafg-overlay=\"yes\" bafg-move-slider-on-hover=\"yes\" bafg-click-to-move=\"yes\">\n              \n            <img decoding=\"async\" class=\"skip-lazy\" src=\"http:\/\/mairsturnstile.com\/wp-content\/uploads\/2023\/07\/full-height-pedestrian-turnstiles_4.jpg\" alt=\"\" data-skip-lazy title=\"\">\n            <img decoding=\"async\" class=\"skip-lazy\" src=\"http:\/\/mairsturnstile.com\/wp-content\/uploads\/2023\/07\/full-height-pedestrian-turnstiles_5.jpg\" alt=\"\" data-skip-lazy title=\"\">\n           \n        <\/div>\n\n        \t<div class=\"bafg-slider-info-wraper\">\n\t\t<div style=\"\" class=\"slider-info-19704 bafg-slider-info\">\n\t\t\t\t\t<\/div>\n\t<\/div>\n\t\n        <style type=\"text\/css\">\n            \n        <\/style>\n        \n<p><span style=\"font-weight: 400;\">Utilizzando l&#8217;interfaccia elettrica standard, \u00e8 compatibile con carte ID\/IC, impronte digitali, <a href=\"https:\/\/en.wikipedia.org\/wiki\/Facial_recognition\" target=\"_blank\" rel=\"noopener\">riconoscimento facciale<\/a>, rilevatori a infrarossi, termoregolatori, codici a barre\/QR, applicazioni telefoniche, sistemi ESD, sistemi per visitatori, ecc. <\/span><\/p>\n<p><span style=\"font-weight: 400;\">Il tornello a tutta altezza \u00e8 integrato con un meccanismo, elettrico e microcontrollore e vari tipi di tecnologie di identificazione, compatibili con IC, ID, codice a barre, lettore di impronte digitali e cos\u00ec via per fornire controllo e gestione intelligenti al controllo del flusso. <\/span><\/p>\n<ul>\n<li style=\"list-style-type: none;\">\n<ul>\n<li>I tornelli pedonali a tutta altezza sono spesso utilizzati per soluzioni di controllo degli accessi ad alta sicurezza.<\/li>\n<li>I tornelli pedonali a tutta altezza sono realizzati in acciaio inox 304 antiruggine, robusto e rigido.<\/li>\n<li>I tornelli pedonali a tutta altezza sono ideali sia per ambienti interni che esterni.<\/li>\n<li>I tornelli di sicurezza a tutta altezza possono essere integrati con qualsiasi tipo di sistema di controllo degli accessi (es.: dispositivo RFID, impronta digitale e dispositivo biometrico).<\/li>\n<li data-spm-anchor-id=\"a2700.details.pronpeci14.i0.58226f8fLZmm5D\">Il cancello del tornello si aprir\u00e0 automaticamente quando l&#8217;alimentazione \u00e8 spenta, \u00e8 molto sicuro, per soddisfare i requisiti di passaggio antincendio.<\/li>\n<li>Con la funzione anti-inversione, fermare la direzione invertita.<\/li>\n<li>Il meccanismo \u00e8 dotato di un dispositivo tampone idraulico regolato automaticamente. Nessun rumore e impatto durante la corsa.<\/li>\n<li>Funzione di ripristino automatico, all&#8217;accensione il sistema si riavvier\u00e0 automaticamente.<\/li>\n<li>Affidabilit\u00e0 del meccanismo: 5 milioni, senza colpa<\/li>\n<li>Dispositivi a doppio cuscinetto, mantengono il cancello in equilibrio quando c&#8217;\u00e8 una forza esterna.<\/li>\n<li>Singolo direzionale o bidirezionale \u00e8 facoltativo.<\/li>\n<li>Con spia LED.<\/li>\n<li>I tornelli di sicurezza a tutta altezza possono essere personalizzati per soddisfare le diverse esigenze per luoghi diversi.<\/li>\n<li>Tramite la piccola tastiera incorporata nella centrale, con dispositivi programmabili per la gestione dello stato di funzionamento.<\/li>\n<\/ul>\n<\/li>\n<\/ul>\n<p>I <a href=\"https:\/\/mairsturnstile.com\/full-height-turnstiles.html\">tornelli a tutta altezza<\/a> possono essere utilizzati sia all&#8217;interno che all&#8217;esterno. Ha buone prestazioni impermeabili. Come il miglior <strong>tornello a tutta altezza in Malesia<\/strong>, \u00e8 ampiamente utilizzato per stazioni ferroviarie, biblioteche scolastiche, strutture governative, parchi di divertimento, carceri, stadi di calcio, appartamenti, musei e fabbriche, ecc.<\/p>\n<p>Questo tornello a tutta altezza \u00e8 un singolo tornello a tutta altezza, <strong>cos&#8217;\u00e8 un unico tornello a tutta altezza? A differenza di un <a href=\"https:\/\/mairsturnstile.com\/product\/full-height-double-turnstile\">tornello doppio a tutta altezza<\/a>, un tornello singolo a tutta altezza \u00e8 composto da un meccanismo di controllo e da un&#8217;asta di blocco in acciaio inox, che ha un solo canale. <\/strong>Possiamo fornire l&#8217;intera soluzione di controllo degli accessi di sicurezza, controlla il video:<\/p>\n<p><iframe title=\"Lettore video di YouTube\" src=\"https:\/\/www.youtube.com\/embed\/cy4ZzmrIfx0\" width=\"1150\" height=\"650\" frameborder=\"0\" allowfullscreen=\"allowfullscreen\"><span data-mce-type=\"bookmark\" style=\"display: inline-block; width: 0px; overflow: hidden; line-height: 0;\" class=\"mce_SELRES_start\"><\/span><\/iframe><\/p>\n","protected":false},"excerpt":{"rendered":"<p>1. Dimensioni: 1630 * 1500 * 2310 mm (pu\u00f2 essere personalizzato)<\/p>\n<p>2. Larghezza corsia: 650 mm (personalizzabile)<\/p>\n<p>3. Materiale della cassa: acciaio inossidabile 304 o acciaio inossidabile 316<\/p>\n<p>4. Velocit\u00e0 di passaggio: 30 persone\/min<\/p>\n<p>5. Alimentazione: 110 V\/220 V 50\/60 Hz<\/p>\n<p>6. Solenoide per tornelli pedonali a tutta altezza: DC24V<\/p>\n<p>7. Ingresso cancello aperto: contatto pulito\/rel\u00e8<\/p>\n<p>8. Tensione logica: DC24V<\/p>\n<p>9. Azionamento: Azionamento semiautomatico<\/p>\n<p><strong><a title=\"Tornello a tutta altezza certificato CE Mairs\" href=\"http:\/\/mairsturnstile.com\/wp-content\/uploads\/2022\/09\/Mairs-CE-Certificate-Full-Height-Turnstile.pdf\" target=\"_blank\" rel=\"noopener noreferrer\">Certificazione CE<\/a>, <a title=\"Certificato Mairs ISO9001\" href=\"http:\/\/mairsturnstile.com\/wp-content\/uploads\/2022\/09\/Mairs-Registration-Certificate-ISO9001.pdf\" target=\"_blank\" rel=\"noopener noreferrer\">certificato ISO 9001.<\/a><\/strong><\/p>\n<p><a title=\"Brochure sui tornelli pedonali a tutta altezza\" href=\"http:\/\/mairsturnstile.com\/wp-content\/uploads\/2022\/09\/MT402-Full-Height-Pedestrian-Turnstiles-Brochure.pdf\" target=\"_blank\" rel=\"noopener noreferrer\"><img decoding=\"async\" class=\"alignnone size-full wp-image-11034\" src=\"http:\/\/mairsturnstile.com\/wp-content\/uploads\/2022\/09\/pdf-MairsTurnstile.png\" alt=\"\" width=\"32\" height=\"32\"><strong><span style=\"color: #0000ff;\">Brochure sui tornelli pedonali a tutta altezza MT402<\/span><\/strong><br \/>\n<\/a><\/p>\n<p><a title=\"Manuale di installazione del tornello a tutta altezza\" href=\"http:\/\/mairsturnstile.com\/wp-content\/uploads\/2023\/09\/Full-height-turnstile-installation-manual.pdf\" target=\"_blank\" rel=\"noopener noreferrer\"><img decoding=\"async\" class=\"alignnone size-full wp-image-11034\" src=\"http:\/\/mairsturnstile.com\/wp-content\/uploads\/2022\/09\/pdf-MairsTurnstile.png\" alt=\"\" width=\"32\" height=\"32\"><strong><span style=\"color: #0000ff;\"> Manuale d&#8217;uso e installazione del tornello a tutta altezza<\/span><\/strong><\/a><\/p>\n","protected":false},"featured_media":57306,"comment_status":"closed","ping_status":"closed","template":"","meta":{"neve_meta_sidebar":"","neve_meta_container":"","neve_meta_enable_content_width":"off","neve_meta_content_width":0,"neve_meta_title_alignment":"","neve_meta_author_avatar":"","neve_post_elements_order":"","neve_meta_disable_header":"","neve_meta_disable_footer":"","neve_meta_disable_title":"","_ti_tpc_template_sync":false,"_ti_tpc_template_id":""},"product_cat":[884,888],"product_tag":[1555,897,1552,898,1554,1553],"class_list":["post-10429","product","type-product","status-publish","has-post-thumbnail","hentry","product_cat-tornelli-a-tutta-altezza","product_cat-tornelli-di-sicurezza","product_tag-tornelli-di-sicurezza-a-tutta-altezza","product_tag-tornelli-pedonali-a-tutta-altezza","product_tag-tornello-a-tutta-altezza","product_tag-tornello-a-tutta-altezza-malesia","product_tag-tornello-cancello-malesia","product_tag-tornello-con-codice-qr"],"_links":{"self":[{"href":"https:\/\/mairsturnstile.com\/it\/wp-json\/wp\/v2\/product\/10429","targetHints":{"allow":["GET"]}}],"collection":[{"href":"https:\/\/mairsturnstile.com\/it\/wp-json\/wp\/v2\/product"}],"about":[{"href":"https:\/\/mairsturnstile.com\/it\/wp-json\/wp\/v2\/types\/product"}],"replies":[{"embeddable":true,"href":"https:\/\/mairsturnstile.com\/it\/wp-json\/wp\/v2\/comments?post=10429"}],"version-history":[{"count":0,"href":"https:\/\/mairsturnstile.com\/it\/wp-json\/wp\/v2\/product\/10429\/revisions"}],"wp:featuredmedia":[{"embeddable":true,"href":"https:\/\/mairsturnstile.com\/it\/wp-json\/wp\/v2\/media\/57306"}],"wp:attachment":[{"href":"https:\/\/mairsturnstile.com\/it\/wp-json\/wp\/v2\/media?parent=10429"}],"wp:term":[{"taxonomy":"product_cat","embeddable":true,"href":"https:\/\/mairsturnstile.com\/it\/wp-json\/wp\/v2\/product_cat?post=10429"},{"taxonomy":"product_tag","embeddable":true,"href":"https:\/\/mairsturnstile.com\/it\/wp-json\/wp\/v2\/product_tag?post=10429"}],"curies":[{"name":"wp","href":"https:\/\/api.w.org\/{rel}","templated":true}]}}