{"id":10432,"date":"2020-09-12T18:39:07","date_gmt":"2020-09-12T10:39:07","guid":{"rendered":"https:\/\/mairsturnstile.com\/product\/doppio-tornello-a-tutta-altezza-mt402-2"},"modified":"2024-10-29T18:21:37","modified_gmt":"2024-10-29T10:21:37","slug":"tornello-a-tutta-altezza-singapore","status":"publish","type":"product","link":"https:\/\/mairsturnstile.com\/it\/prodotto\/tornello-a-tutta-altezza-singapore","title":{"rendered":"TORNELLO DOPPIO A TUTTA ALTEZZA"},"content":{"rendered":"        <!-- 3D Model html -->\r\n        <div class=\"bp_grand wrapper_19979\">   \r\n        <div class=\"bp_model_parent\">\r\n            <model-viewer class=\"model\" id=\"bp_model_id_19979\" src=\"http:\/\/mairsturnstile.com\/wp-content\/uploads\/2023\/07\/MT402-2.glb\" alt=\"MT402-2\" camera-controls  loading=\"auto\" auto-rotate                        >\r\n            <\/model-viewer>\r\n        \r\n            <!-- Button -->\r\n            <svg id=\"openBtn\" width=\"30px\" height=\"30px\" viewBox=\"0 0 16 16\" xmlns=\"http:\/\/www.w3.org\/2000\/svg\" fill=\"#f2f2f2\" class=\"bi bi-arrows-fullscreen model-icon\">\r\n                <path fill-rule=\"evenodd\" d=\"M5.828 10.172a.5.5 0 0 0-.707 0l-4.096 4.096V11.5a.5.5 0 0 0-1 0v3.975a.5.5 0 0 0 .5.5H4.5a.5.5 0 0 0 0-1H1.732l4.096-4.096a.5.5 0 0 0 0-.707zm4.344 0a.5.5 0 0 1 .707 0l4.096 4.096V11.5a.5.5 0 1 1 1 0v3.975a.5.5 0 0 1-.5.5H11.5a.5.5 0 0 1 0-1h2.768l-4.096-4.096a.5.5 0 0 1 0-.707zm0-4.344a.5.5 0 0 0 .707 0l4.096-4.096V4.5a.5.5 0 1 0 1 0V.525a.5.5 0 0 0-.5-.5H11.5a.5.5 0 0 0 0 1h2.768l-4.096 4.096a.5.5 0 0 0 0 .707zm-4.344 0a.5.5 0 0 1-.707 0L1.025 1.732V4.5a.5.5 0 0 1-1 0V.525a.5.5 0 0 1 .5-.5H4.5a.5.5 0 0 1 0 1H1.732l4.096 4.096a.5.5 0 0 1 0 .707z\"\/>\r\n            <\/svg>\r\n        \r\n            <svg id=\"closeBtn\" class=\"model-icon\" width=\"34px\" height=\"34px\" viewBox=\"0 0 24 24\" xmlns=\"http:\/\/www.w3.org\/2000\/svg\">\r\n                <path fill=\"none\" stroke=\"#f2f2f2\" stroke-width=\"2\" d=\"M7,7 L17,17 M7,17 L17,7\"\/>\r\n            <\/svg>\r\n        \r\n        <\/div>\r\n        <\/div> \r\n\r\n        <!-- Model Viewer Style -->\r\n        <style>\r\n            \r\n            .wrapper_19979 .bp_model_parent, #bp_model_id_19979 {\r\n                width: 1150px;\r\n                max-width: 100%;\r\n                                            }\r\n            #bp_model_id_19979 {\r\n                height:700px;\r\n                background-color: #f2f2f2;\r\n            }\r\n            .fullscreen #bp_model_id_19979{\r\n            height: 100%;\r\n            width: 100%;\r\n            }\r\n            .wrapper_19979 .bp_model_parent{\r\n                justify-content: start            }\r\n            model-viewer.model {\r\n                --poster-color: transparent;\r\n            }\r\n        <\/style>\r\n        \r\n        \n<h2>TORNELLO A TUTTA ALTEZZA SINGAPORE offre 2 anni di garanzia e supporto duraturo per la manutenzione e la riparazione.<\/h2>\n<p>Siamo in grado di fornire servizi OEM e ODM. Abbiamo designer esperti che possono completare una profonda personalizzazione in base a qualsiasi tua esigenza. Forniremo una serie di materiali come rendering 3D, disegni dimensionali, ecc. il prima possibile. Abbiamo anche lanciato una nuova serie di tornelli a tutta altezza dall&#8217;aspetto elegante e dalla struttura robusta. Consulta: <a href=\"https:\/\/mairsturnstile.com\/full-height-series-turnstile\" target=\"_blank\" rel=\"noopener\">serie di tornelli a tutta altezza<\/a> <\/p>\n<p>Forniamo anche dispositivi biometrici, come lettori di carte IC\/ID, scanner di impronte digitali, scanner di codici QR, fotocamere con riconoscimento facciale e cos\u00ec via. Esportiamo i cancelli del tornello a tutta altezza a Singapore a un prezzo accessibile. Se hai bisogno di integrare questi dispositivi sul cancello del tornello o hai domande, contattaci.<\/p>\n<p>Il tornello a tutta altezza Singapore \u00e8 adatto per un robusto <a href=\"https:\/\/en.wikipedia.org\/wiki\/Access_control\" target=\"_blank\" rel=\"noopener\">controllo degli accessi<\/a> e ben si adatta all&#8217;uso esterno e interno negli stadi di calcio, nelle strutture sportive e nei siti ad alto rischio. Questa linea di prodotti per cancelli a tornello a tutta altezza offre applicazioni di controllo accessi sia interne che esterne. Mairs esporta <a href=\"https:\/\/mairsturnstile.com\/full-height-turnstiles.html\" target=\"_blank\" rel=\"noopener\">tornelli a tutta altezza<\/a> a Singapore ad un prezzo accessibile.<\/p>\n<p>La nostra gamma di tornelli \u00e8 dotata di una superficie anticorrosiva di alta qualit\u00e0 e garantisce un funzionamento affidabile in condizioni esterne estreme.<\/p>\n\n        \t\n\t<style type=\"text\/css\">\n\t\t.slider-info-20004.bafg-slider-info .bafg-slider-title {\n\t\t\t\t\t\tfont-size: 22px;\n\t\t\t\t\t\t\n\t\t\t\n\t\t\t\t\t}\n\n\t\t.slider-info-20004.bafg-slider-info .bafg-slider-description {\n\t\t\t\n\t\t\t\n\t\t\t\t\t}\n\n\t\t.slider-info-20004.bafg-slider-info .bafg_slider_readmore_button {\n\t\t\t\n\t\t\t\n\t\t\t\n\t\t\t\n\t\t\t\n\t\t\ttext-align: center;\n\n\t\t\t\n\t\t\t\n\t\t\t\n\t\t\t\n\t\t\t\n\t\t\t\n\t\t\t\t\t}\n\n\t\t.slider-info-20004.bafg-slider-info .bafg_slider_readmore_button:hover {\n\n\t\t\t\n\t\t\t\n\t\t\t\t\t}\n\n\t<\/style>\n\t\n        <div class=\"bafg-twentytwenty-container slider-20004 \" bafg-orientation=\"horizontal\" bafg-default-offset=\"0.5\" bafg-before-label=\"Before\" bafg-after-label=\"After\" bafg-overlay=\"yes\" bafg-move-slider-on-hover=\"yes\" bafg-click-to-move=\"no\">\n              \n            <img decoding=\"async\" class=\"skip-lazy\" src=\"http:\/\/mairsturnstile.com\/wp-content\/uploads\/2024\/10\/full-height-turnstile-singapore-1.jpg\" alt=\"full height turnstile singapore\" data-skip-lazy title=\"\">\n            <img decoding=\"async\" class=\"skip-lazy\" src=\"http:\/\/mairsturnstile.com\/wp-content\/uploads\/2024\/10\/full-height-turnstile-singapore.jpg\" alt=\"full height turnstile singapore\" data-skip-lazy title=\"\">\n           \n        <\/div>\n\n        \t<div class=\"bafg-slider-info-wraper\">\n\t\t<div style=\"\" class=\"slider-info-20004 bafg-slider-info\">\n\t\t\t\t\t<\/div>\n\t<\/div>\n\t\n        <style type=\"text\/css\">\n            \n        <\/style>\n        \n<p>Possiamo anche creare un rendering per te in pochi minuti in base al tuo scenario reale. Forniamo anche layout e disegni dettagliati, nonch\u00e9 disegni di installazione.<\/p>\n<ul>\n<li>Il tornello a tutta altezza Singapore viene spesso utilizzato per soluzioni di controllo degli accessi ad alta sicurezza.<\/li>\n<li>L&#8217;involucro \u00e8 realizzato in acciaio inossidabile 304 di alta qualit\u00e0, robusto, rigido, antiruggine e durevole.<\/li>\n<li>Il tornello a tutta altezza Singapore pu\u00f2 essere utilizzato all&#8217;aperto e al chiuso.<\/li>\n<li>Il cancello del tornello a tutta altezza \u00e8 la soluzione di sicurezza pi\u00f9 alta rispetto ad altri cancelli del tornello<\/li>\n<li>Per soddisfare i requisiti di controllo di emergenza, il cancello del tornello si aprir\u00e0 automaticamente quando l&#8217;alimentazione \u00e8 interrotta.<\/li>\n<li>L&#8217;intero sistema funziona senza intoppi, con prestazioni di lunga durata, elevata affidabilit\u00e0 operativa e risposta rapida.<\/li>\n<li>Il meccanismo \u00e8 dotato di un ammortizzatore idraulico di alta qualit\u00e0. Con questo dispositivo, c&#8217;\u00e8 un rumore molto basso durante il funzionamento ed \u00e8 pi\u00f9 fluido.<\/li>\n<li>Funzione di autotest, il cancello si ripristiner\u00e0 automaticamente all&#8217;accensione.<\/li>\n<li>Dispone di un&#8217;uscita rel\u00e8 standard, che pu\u00f2 essere facilmente integrata con tutti i tipi di sistemi di controllo accessi di terze parti (es. RFID, impronta digitale, riconoscimento facciale, codice a barre, termometro IR).<\/li>\n<li>Miglior tornello a tutta altezza Singapore in vendita.<\/li>\n<li>Il design ragionevole e l&#8217;elevata configurazione servono a garantire che i cancelli possano muoversi in modo rapido e preciso, stabile e silenzioso; con basso consumo energetico, risparmio energetico e protezione dell&#8217;ambiente.<\/li>\n<li>Dispositivi a doppio cuscinetto, che mantengono il cancello in equilibrio quando c&#8217;\u00e8 una forza esterna.<\/li>\n<li>Il design del tornello a tutta altezza fa passare solo una persona alla volta.<\/li>\n<li>Affidabilit\u00e0 del meccanismo: 5 milioni, senza colpa<\/li>\n<li>Il tornello a tutta altezza \u00e8 adatto per aree ad alta sicurezza (es. ambasciata, stadio, banca, prigione, giacimento petrolifero, cantiere, stazione)<\/li>\n<li>Pu\u00f2 essere controllato da un telecomando e gestito direttamente dal computer.<\/li>\n<li>Il tornello a tutta altezza pu\u00f2 funzionare come unidirezionale e bidirezionale a seconda delle esigenze del cliente.<\/li>\n<li>Le dimensioni\/design del cancello possono essere personalizzate in base al disegno del cliente.<\/li>\n<li>La dimensione pu\u00f2 essere regolata per soddisfare i requisiti in luoghi diversi.<\/li>\n<\/ul>\n<p><iframe title=\"Lettore video di YouTube\" src=\"https:\/\/www.youtube.com\/embed\/XyxFKnS3Br0\" width=\"1150\" height=\"650\" frameborder=\"0\" allowfullscreen=\"allowfullscreen\"><span data-mce-type=\"bookmark\" style=\"display: inline-block; width: 0px; overflow: hidden; line-height: 0;\" class=\"mce_SELRES_start\"><\/span><\/iframe><\/p>\n","protected":false},"excerpt":{"rendered":"<p>1. Dimensioni: 2400 * 1500 * 2310 mm (pu\u00f2 essere personalizzato)<\/p>\n<p>2. Larghezza corsia: 650 mm (personalizzabile)<\/p>\n<p>3. Materiale della cassa: acciaio inossidabile 304 o acciaio inossidabile 316<\/p>\n<p>4. Velocit\u00e0 di passaggio: 30 persone\/min<\/p>\n<p>5. Alimentazione: 110 V\/220 V 50\/60 Hz<\/p>\n<p>6. Solenoide a doppio tornello a tutta altezza: DC24V<\/p>\n<p>7. Segnale cancello aperto: contatto pulito\/rel\u00e8<\/p>\n<p>8. Tensione logica: DC24V<\/p>\n<p>9. Senso di rotazione: Bidirezionale\/Singolo direzionale<\/p>\n<p><strong><a title=\"Tornello a tutta altezza certificato CE Mairs\" href=\"http:\/\/mairsturnstile.com\/wp-content\/uploads\/2022\/09\/Mairs-CE-Certificate-Full-Height-Turnstile.pdf\" target=\"_blank\" rel=\"noopener noreferrer\">Certificazione CE<\/a>, <a title=\"Certificato Mairs ISO9001\" href=\"http:\/\/mairsturnstile.com\/wp-content\/uploads\/2022\/09\/Mairs-Registration-Certificate-ISO9001.pdf\" target=\"_blank\" rel=\"noopener noreferrer\">certificato ISO 9001.<\/a><\/strong><\/p>\n<p><a title=\"Brochure del doppio tornello a tutta altezza\" href=\"http:\/\/mairsturnstile.com\/wp-content\/uploads\/2023\/12\/MT402-2-brochure.pdf\" target=\"_blank\" rel=\"noopener noreferrer\"><img decoding=\"async\" class=\"alignnone size-full wp-image-11034\" src=\"http:\/\/mairsturnstile.com\/wp-content\/uploads\/2022\/09\/pdf-MairsTurnstile.png\" alt=\"\" width=\"32\" height=\"32\"><span style=\"color: #0000ff;\"><strong>Brochure del tornello doppio a tutta altezza MT402-2<\/strong><\/span><\/a><\/p>\n<p><a title=\"Manuale di installazione del tornello a tutta altezza\" href=\"http:\/\/mairsturnstile.com\/wp-content\/uploads\/2023\/09\/Full-height-turnstile-installation-manual.pdf\" target=\"_blank\" rel=\"noopener noreferrer\"><img decoding=\"async\" class=\"alignnone size-full wp-image-11034\" src=\"http:\/\/mairsturnstile.com\/wp-content\/uploads\/2022\/09\/pdf-MairsTurnstile.png\" alt=\"\" width=\"32\" height=\"32\"><strong><span style=\"color: #0000ff;\"> Manuale d&#8217;uso e installazione del tornello a tutta altezza<\/span><\/strong><\/a><\/p>\n","protected":false},"featured_media":26559,"comment_status":"closed","ping_status":"closed","template":"","meta":{"neve_meta_sidebar":"","neve_meta_container":"","neve_meta_enable_content_width":"off","neve_meta_content_width":0,"neve_meta_title_alignment":"","neve_meta_author_avatar":"","neve_post_elements_order":"","neve_meta_disable_header":"","neve_meta_disable_footer":"","neve_meta_disable_title":"","_ti_tpc_template_sync":false,"_ti_tpc_template_id":""},"product_cat":[884,888],"product_tag":[936,910,1599,1598,1552,902],"class_list":["post-10432","product","type-product","status-publish","has-post-thumbnail","hentry","product_cat-tornelli-a-tutta-altezza","product_cat-tornelli-di-sicurezza","product_tag-cancello-del-tornello-singapore","product_tag-doppio-tornello-a-tutta-altezza-it","product_tag-tornelli-industriali","product_tag-tornelli-industriali-a-tutta-altezza","product_tag-tornello-a-tutta-altezza","product_tag-tornello-a-tutta-altezza-singapore"],"_links":{"self":[{"href":"https:\/\/mairsturnstile.com\/it\/wp-json\/wp\/v2\/product\/10432","targetHints":{"allow":["GET"]}}],"collection":[{"href":"https:\/\/mairsturnstile.com\/it\/wp-json\/wp\/v2\/product"}],"about":[{"href":"https:\/\/mairsturnstile.com\/it\/wp-json\/wp\/v2\/types\/product"}],"replies":[{"embeddable":true,"href":"https:\/\/mairsturnstile.com\/it\/wp-json\/wp\/v2\/comments?post=10432"}],"version-history":[{"count":0,"href":"https:\/\/mairsturnstile.com\/it\/wp-json\/wp\/v2\/product\/10432\/revisions"}],"wp:featuredmedia":[{"embeddable":true,"href":"https:\/\/mairsturnstile.com\/it\/wp-json\/wp\/v2\/media\/26559"}],"wp:attachment":[{"href":"https:\/\/mairsturnstile.com\/it\/wp-json\/wp\/v2\/media?parent=10432"}],"wp:term":[{"taxonomy":"product_cat","embeddable":true,"href":"https:\/\/mairsturnstile.com\/it\/wp-json\/wp\/v2\/product_cat?post=10432"},{"taxonomy":"product_tag","embeddable":true,"href":"https:\/\/mairsturnstile.com\/it\/wp-json\/wp\/v2\/product_tag?post=10432"}],"curies":[{"name":"wp","href":"https:\/\/api.w.org\/{rel}","templated":true}]}}