{"id":10433,"date":"2020-09-12T18:42:47","date_gmt":"2020-09-12T10:42:47","guid":{"rendered":"https:\/\/mairsturnstile.com\/product\/cancello-tornello-a-tutta-altezza-verniciato-a-polvere-mt402-2-b"},"modified":"2024-10-29T18:23:07","modified_gmt":"2024-10-29T10:23:07","slug":"cancello-tornello-a-tutta-altezza-mt402-2-b","status":"publish","type":"product","link":"https:\/\/mairsturnstile.com\/it\/prodotto\/cancello-tornello-a-tutta-altezza-mt402-2-b","title":{"rendered":"NUOVO CANCELLO GIREVOLE A TUTTA ALTEZZA"},"content":{"rendered":"        <!-- 3D Model html -->\r\n        <div class=\"bp_grand wrapper_51811\">   \r\n        <div class=\"bp_model_parent\">\r\n            <model-viewer class=\"model\" id=\"bp_model_id_51811\" src=\"http:\/\/mairsturnstile.com\/wp-content\/uploads\/2024\/09\/MT-LX400-2.glb\" alt=\"MT-LX400-2\" camera-controls  loading=\"auto\" auto-rotate                        >\r\n            <\/model-viewer>\r\n        \r\n            <!-- Button -->\r\n            <svg id=\"openBtn\" width=\"30px\" height=\"30px\" viewBox=\"0 0 16 16\" xmlns=\"http:\/\/www.w3.org\/2000\/svg\" fill=\"#f2f2f2\" class=\"bi bi-arrows-fullscreen model-icon\">\r\n                <path fill-rule=\"evenodd\" d=\"M5.828 10.172a.5.5 0 0 0-.707 0l-4.096 4.096V11.5a.5.5 0 0 0-1 0v3.975a.5.5 0 0 0 .5.5H4.5a.5.5 0 0 0 0-1H1.732l4.096-4.096a.5.5 0 0 0 0-.707zm4.344 0a.5.5 0 0 1 .707 0l4.096 4.096V11.5a.5.5 0 1 1 1 0v3.975a.5.5 0 0 1-.5.5H11.5a.5.5 0 0 1 0-1h2.768l-4.096-4.096a.5.5 0 0 1 0-.707zm0-4.344a.5.5 0 0 0 .707 0l4.096-4.096V4.5a.5.5 0 1 0 1 0V.525a.5.5 0 0 0-.5-.5H11.5a.5.5 0 0 0 0 1h2.768l-4.096 4.096a.5.5 0 0 0 0 .707zm-4.344 0a.5.5 0 0 1-.707 0L1.025 1.732V4.5a.5.5 0 0 1-1 0V.525a.5.5 0 0 1 .5-.5H4.5a.5.5 0 0 1 0 1H1.732l4.096 4.096a.5.5 0 0 1 0 .707z\"\/>\r\n            <\/svg>\r\n        \r\n            <svg id=\"closeBtn\" class=\"model-icon\" width=\"34px\" height=\"34px\" viewBox=\"0 0 24 24\" xmlns=\"http:\/\/www.w3.org\/2000\/svg\">\r\n                <path fill=\"none\" stroke=\"#f2f2f2\" stroke-width=\"2\" d=\"M7,7 L17,17 M7,17 L17,7\"\/>\r\n            <\/svg>\r\n        \r\n        <\/div>\r\n        <\/div> \r\n\r\n        <!-- Model Viewer Style -->\r\n        <style>\r\n            \r\n            .wrapper_51811 .bp_model_parent, #bp_model_id_51811 {\r\n                width: 1150px;\r\n                max-width: 100%;\r\n                                            }\r\n            #bp_model_id_51811 {\r\n                height:700px;\r\n                background-color: #f9f9f9;\r\n            }\r\n            .fullscreen #bp_model_id_51811{\r\n            height: 100%;\r\n            width: 100%;\r\n            }\r\n            .wrapper_51811 .bp_model_parent{\r\n                justify-content: start            }\r\n            model-viewer.model {\r\n                --poster-color: transparent;\r\n            }\r\n        <\/style>\r\n        \r\n        \n<h2>Il cancello del tornello a tutta altezza offre una garanzia di 2 anni e un supporto duraturo per la manutenzione e la riparazione.<\/h2>\n<p>Siamo in grado di fornire servizi OEM e ODM, inclusa la personalizzazione di colore, stile, materiale, dimensioni, ecc. Ad esempio, per un colore speciale, il cliente deve solo fornirci un numero <a href=\"https:\/\/en.wikipedia.org\/wiki\/Pantone\" target=\"_blank\" rel=\"noopener\">Pantone<\/a> e regoleremo il colore in base al Pantone numero e spruzzare la polvere nello stesso colore. Se il cliente ha esigenze ODM, possiamo anche progettare uno stile per questo cliente in base all&#8217;aspetto e alle preferenze di dimensione del cliente, senza vendite esterne. Questo speciale cancello tornello sar\u00e0 l&#8217;unico stile unico della tua azienda sul mercato.<\/p>\n<p>Abbiamo anche lanciato una nuova serie di tornelli a tutta altezza dall&#8217;aspetto elegante e dalla struttura robusta. Consulta: <a href=\"\" target=\"\" rel=\"noopener\">serie di tornelli a tutta altezza<\/a> <\/p>\n<p>Mairs promette di utilizzare solo accessori e materiali di alta qualit\u00e0 e ciascuno dei nostri accessori \u00e8 rigorosamente selezionato e controllato di qualit\u00e0. Solo cos\u00ec possiamo realizzare un cancello girevole che soddisfi veramente i clienti. Ciascuno dei nostri tornelli a tutta altezza adotta acciaio inossidabile 304 con uno spessore totale di 1,2. Naturalmente, se puoi personalizzare anche l&#8217;acciaio inossidabile 316 o l&#8217;acciaio inossidabile di spessore 1,2, il meccanismo del nostro tornello a tutta altezza \u00e8 stato testato e verificato da noi innumerevoli volte, che \u00e8 anche il requisito pi\u00f9 fondamentale per garantire la qualit\u00e0.<\/p>\n<p>Ogni parte dei nostri tornelli a tutta altezza adotta gli standard pi\u00f9 elevati del settore e ogni parte e materiale dei nostri prodotti pu\u00f2 essere visualizzato e testato separatamente per i clienti. Questa \u00e8 anche una premessa per noi per garantire qualit\u00e0 e servizio.<\/p>\n<p>Tutti i nostri prodotti sono coperti da una garanzia di 2 anni e da un supporto duraturo per la manutenzione e la riparazione. Forniamo anche dispositivi biometrici, come lettori di carte IC\/ID, scanner di impronte digitali, scanner di codici QR, fotocamere con riconoscimento facciale e cos\u00ec via.<\/p>\n<h4><strong>Cancello girevole dell&#8217;ingresso di sicurezza<\/strong> del lettore di carte di altezza completa RFID per il GYM.<\/h4>\n<p><strong>Il cancello del tornello a tutta altezza \u00e8 un cancello pedonale ad alto costo con le migliori prestazioni di sicurezza al momento. Ha un&#8217;elevata sicurezza e una struttura speciale. Viene generalmente utilizzato in luoghi con elevati livelli di sicurezza, come carceri e stazioni, ecc. Un cancello girevole a tutta altezza pu\u00f2 essere suddiviso in un cancello girevole a singola corsia a tutta altezza e in un cancello girevole a doppia corsia a tutta altezza (chiamato anche doppio cancello girevole a tutta altezza).<\/strong> Possono essere realizzati anche tre canali o superiori, ma devono essere personalizzati in base alle esigenze del sito.<\/p>\n<p>Questi <a href=\"https:\/\/mairsturnstile.com\/full-height-turnstiles.html\" target=\"_blank\" rel=\"noopener\">tornelli a tutta altezza<\/a> in acciaio inox 304 rappresentano un modo stabile ed efficiente per assicurarsi che solo le persone autorizzate possano accedere a ciascuna area di un edificio. Produttori di tornelli a tutta altezza &#8211; Mairs offre il miglior cancello per tornelli a tutta altezza al prezzo pi\u00f9 basso.<\/p>\n\n        \t\n\t<style type=\"text\/css\">\n\t\t.slider-info-52019.bafg-slider-info .bafg-slider-title {\n\t\t\t\t\t\tfont-size: 22px;\n\t\t\t\t\t\t\n\t\t\t\n\t\t\t\t\t}\n\n\t\t.slider-info-52019.bafg-slider-info .bafg-slider-description {\n\t\t\t\n\t\t\t\n\t\t\t\t\t}\n\n\t\t.slider-info-52019.bafg-slider-info .bafg_slider_readmore_button {\n\t\t\t\n\t\t\t\n\t\t\t\n\t\t\t\n\t\t\t\n\t\t\ttext-align: center;\n\n\t\t\t\n\t\t\t\n\t\t\t\n\t\t\t\n\t\t\t\n\t\t\t\n\t\t\t\t\t}\n\n\t\t.slider-info-52019.bafg-slider-info .bafg_slider_readmore_button:hover {\n\n\t\t\t\n\t\t\t\n\t\t\t\t\t}\n\n\t<\/style>\n\t\n        <div class=\"bafg-twentytwenty-container slider-52019 \" bafg-orientation=\"horizontal\" bafg-default-offset=\"0.5\" bafg-before-label=\"Before\" bafg-after-label=\"After\" bafg-overlay=\"yes\" bafg-move-slider-on-hover=\"yes\" bafg-click-to-move=\"no\">\n              \n            <img decoding=\"async\" class=\"skip-lazy\" src=\"http:\/\/mairsturnstile.com\/wp-content\/uploads\/2024\/09\/lx-series-full-height-double-turnstile-MT-LX402-6.jpg\" alt=\"\" data-skip-lazy title=\"\">\n            <img decoding=\"async\" class=\"skip-lazy\" src=\"http:\/\/mairsturnstile.com\/wp-content\/uploads\/2024\/09\/lx-series-full-height-double-turnstile-MT-LX402-5.jpg\" alt=\"\" data-skip-lazy title=\"\">\n           \n        <\/div>\n\n        \t<div class=\"bafg-slider-info-wraper\">\n\t\t<div style=\"\" class=\"slider-info-52019 bafg-slider-info\">\n\t\t\t\t\t<\/div>\n\t<\/div>\n\t\n        <style type=\"text\/css\">\n            \n        <\/style>\n        \n<p>Possiamo anche creare un rendering per te in pochi minuti in base al tuo scenario reale. Forniamo anche layout e disegni dettagliati, nonch\u00e9 disegni di installazione.<\/p>\n<p>Il cancello del tornello a tutta altezza pu\u00f2 risolvere efficacemente le scappatoie nella gestione del controllo dell&#8217;accesso pedonale del cancello del tornello a treppiede e impedire alle persone di perforare sotto l&#8217;asta. Poich\u00e9 l&#8217;asta di commutazione dei tornelli a tutta altezza \u00e8 relativamente alta, gli effetti anti-arrampicata e anti-perforazione sono relativamente buoni.<\/p>\n<p>A causa dei suoi vantaggi unici, i tornelli a tutta altezza vengono spesso utilizzati in aree di controllo pi\u00f9 rigorose. I tornelli a tutta altezza sono utilizzati principalmente in fabbriche, cantieri, carceri, imprese, istituzioni, stazioni ferroviarie, stazioni degli autobus, aeroporti e altri luoghi. La sua funzione anti-tailing \u00e8 particolarmente forte. Allo stesso tempo, \u00e8 molto alto. Le persone non possono attraversarlo. Il cancello del tornello a tutta altezza ha una grande sicurezza. La comunit\u00e0 pu\u00f2 anche utilizzare tornelli a tutta altezza, che sono relativamente stabili.<\/p>\n<p>Questo <strong>cancello girevole a tutta altezza<\/strong> \u00e8 a doppia corsia, progettato per controllare i pedoni in entrata e in uscita, e adotta il ferro con trattamento superficiale <a href=\"https:\/\/en.wikipedia.org\/wiki\/Powder_coating\" target=\"_blank\" rel=\"noopener\">di verniciatura a polvere<\/a> nera. \u00c8 un design antipolvere, antiruggine e antipioggia, adatto per uso interno ed esterno. \u00c8 facile da integrare con altri dispositivi di lettura\/scrittura ed \u00e8 ampiamente utilizzato per applicazioni come stadi di eventi, appartamenti, palestre, musei, stazioni, comunit\u00e0 e fabbriche, ecc. Utilizzando l&#8217;interfaccia elettrica standard, compatibile con carta ID\/IC, impronta digitale, riconoscimento facciale, rilevatore a infrarossi, regolatore di temperatura, codice a barre\/codice QR, app per telefono, sistema ESD, sistema visitatore, ecc.<\/p>\n<ul>\n<li>Il <strong>cancello girevole a tutta altezza<\/strong> \u00e8 spesso utilizzato per soluzioni di controllo degli accessi ad alta sicurezza.<\/li>\n<li>Il materiale del corpo \u00e8 in acciaio inossidabile 304 che \u00e8 antiruggine e durevole e ha un&#8217;elevata resistenza.<\/li>\n<li>Il cancello girevole a tutta altezza \u00e8 adatto sia per ambienti interni che esterni.<\/li>\n<li>Con la funzione anti-inversione, fermare la direzione invertita.<\/li>\n<li>Per soddisfare i requisiti di controllo di emergenza, il cancello del tornello si aprir\u00e0 automaticamente quando l&#8217;alimentazione \u00e8 interrotta.<\/li>\n<li>L&#8217;intero sistema funziona senza intoppi, con prestazioni di lunga durata, elevata affidabilit\u00e0 operativa e risposta rapida.<\/li>\n<li>Il meccanismo \u00e8 dotato di un ammortizzatore idraulico di alta qualit\u00e0. Con questo dispositivo, c&#8217;\u00e8 un rumore molto basso durante il funzionamento ed \u00e8 pi\u00f9 fluido.<\/li>\n<li>Funzione di autotest, il cancello si ripristiner\u00e0 automaticamente all&#8217;accensione.<\/li>\n<li>Senso di rotazione: bidirezionale\/monodirezionale<\/li>\n<li>Pu\u00f2 essere una direzione singola o doppia.<\/li>\n<li>Singolo direzionale o bidirezionale \u00e8 facoltativo.<\/li>\n<li>Con spia LED.<\/li>\n<li>Interfaccia di comunicazione: RS485<\/li>\n<li>Pu\u00f2 essere controllato da un telecomando e gestito direttamente dal computer.<\/li>\n<li>In caso di interruzione di corrente, la corsia del tornello sar\u00e0 ad accesso libero, rispettando i requisiti di sicurezza antincendio.<\/li>\n<li>Le dimensioni\/design del cancello possono essere personalizzate in base al disegno del cliente.<\/li>\n<li>La dimensione pu\u00f2 essere regolata per soddisfare i requisiti in luoghi diversi.<\/li>\n<\/ul>\n<p><iframe title=\"Lettore video di YouTube\" src=\"https:\/\/www.youtube.com\/embed\/XyxFKnS3Br0\" width=\"1150\" height=\"650\" frameborder=\"0\" allowfullscreen=\"allowfullscreen\"><\/iframe><\/p>\n","protected":false},"excerpt":{"rendered":"<p>1. Dimensione: 2400*1500*2350 mm (personalizzabile)<\/p>\n<p>2. Larghezza corsia: 650 mm (personalizzabile)<\/p>\n<p>3. Materiale: acciaio inossidabile 304 o acciaio inossidabile 316<\/p>\n<p>4. Velocit\u00e0 di passaggio: 30 persone\/min<\/p>\n<p>5. Alimentazione: 110 V\/220 V 50\/60 Hz<\/p>\n<p>6. Solenoide del cancello del tornello a tutta altezza: DC24V<\/p>\n<p>7. Segnale cancello aperto: contatto pulito\/rel\u00e8<\/p>\n<p>8. Tensione logica: DC24V<\/p>\n<p>9. Materiale: ferro verniciato a polvere nero<\/p>\n<p><span style=\"color: #0000ff;\"><strong><a style=\"color: #0000ff;\" title=\"Tornello a tutta altezza certificato CE Mairs\" href=\"http:\/\/mairsturnstile.com\/wp-content\/uploads\/2022\/09\/Mairs-CE-Certificate-Full-Height-Turnstile.pdf\" target=\"_blank\" rel=\"noopener noreferrer\">Certificazione CE<\/a>, <a style=\"color: #0000ff;\" title=\"Certificato Mairs ISO9001\" href=\"http:\/\/mairsturnstile.com\/wp-content\/uploads\/2022\/09\/Mairs-Registration-Certificate-ISO9001.pdf\" target=\"_blank\" rel=\"noopener noreferrer\">certificato ISO 9001.<\/a><\/strong><\/span><\/p>\n<p><a title=\"Manuale di installazione del tornello a tutta altezza\" href=\"http:\/\/mairsturnstile.com\/wp-content\/uploads\/2023\/09\/Full-height-turnstile-installation-manual.pdf\" target=\"_blank\" rel=\"noopener noreferrer\"><img decoding=\"async\" class=\"alignnone size-full wp-image-11034\" src=\"http:\/\/mairsturnstile.com\/wp-content\/uploads\/2022\/09\/pdf-MairsTurnstile.png\" alt=\"\" width=\"32\" height=\"32\"><strong><span style=\"color: #0000ff;\"> Manuale d&#8217;uso e installazione del tornello a tutta altezza<\/span><\/strong><\/a><\/p>\n","protected":false},"featured_media":57366,"comment_status":"closed","ping_status":"closed","template":"","meta":{"neve_meta_sidebar":"","neve_meta_container":"","neve_meta_enable_content_width":"off","neve_meta_content_width":0,"neve_meta_title_alignment":"","neve_meta_author_avatar":"","neve_post_elements_order":"","neve_meta_disable_header":"","neve_meta_disable_footer":"","neve_meta_disable_title":"","_ti_tpc_template_sync":false,"_ti_tpc_template_id":""},"product_cat":[884,888],"product_tag":[1546,903,1549,905,904,1548,1547],"class_list":["post-10433","product","type-product","status-publish","has-post-thumbnail","hentry","product_cat-tornelli-a-tutta-altezza","product_cat-tornelli-di-sicurezza","product_tag-cancello-del-tornello","product_tag-cancello-girevole-a-tutta-altezza","product_tag-costo-del-tornello","product_tag-prezzo-tornello-a-tutta-altezza","product_tag-produttori-di-tornelli-a-tutta-altezza","product_tag-quanto-costa-un-tornello","product_tag-vendo-tornello-a-tutta-altezza"],"_links":{"self":[{"href":"https:\/\/mairsturnstile.com\/it\/wp-json\/wp\/v2\/product\/10433","targetHints":{"allow":["GET"]}}],"collection":[{"href":"https:\/\/mairsturnstile.com\/it\/wp-json\/wp\/v2\/product"}],"about":[{"href":"https:\/\/mairsturnstile.com\/it\/wp-json\/wp\/v2\/types\/product"}],"replies":[{"embeddable":true,"href":"https:\/\/mairsturnstile.com\/it\/wp-json\/wp\/v2\/comments?post=10433"}],"version-history":[{"count":0,"href":"https:\/\/mairsturnstile.com\/it\/wp-json\/wp\/v2\/product\/10433\/revisions"}],"wp:featuredmedia":[{"embeddable":true,"href":"https:\/\/mairsturnstile.com\/it\/wp-json\/wp\/v2\/media\/57366"}],"wp:attachment":[{"href":"https:\/\/mairsturnstile.com\/it\/wp-json\/wp\/v2\/media?parent=10433"}],"wp:term":[{"taxonomy":"product_cat","embeddable":true,"href":"https:\/\/mairsturnstile.com\/it\/wp-json\/wp\/v2\/product_cat?post=10433"},{"taxonomy":"product_tag","embeddable":true,"href":"https:\/\/mairsturnstile.com\/it\/wp-json\/wp\/v2\/product_tag?post=10433"}],"curies":[{"name":"wp","href":"https:\/\/api.w.org\/{rel}","templated":true}]}}