{"id":10435,"date":"2020-09-12T18:47:33","date_gmt":"2020-09-12T10:47:33","guid":{"rendered":"https:\/\/mairsturnstile.com\/product\/miglior-tornello-doppio-a-tutta-altezza-mt403-1"},"modified":"2024-10-29T18:30:27","modified_gmt":"2024-10-29T10:30:27","slug":"tornello-a-doppia-corsia-a-tutta-altezza","status":"publish","type":"product","link":"https:\/\/mairsturnstile.com\/it\/prodotto\/tornello-a-doppia-corsia-a-tutta-altezza","title":{"rendered":"TORNELLO A DOPPIA CORSIA A TUTTA ALTEZZA"},"content":{"rendered":"        <!-- 3D Model html -->\r\n        <div class=\"bp_grand wrapper_19985\">   \r\n        <div class=\"bp_model_parent\">\r\n            <model-viewer class=\"model\" id=\"bp_model_id_19985\" src=\"http:\/\/mairsturnstile.com\/wp-content\/uploads\/2024\/07\/\u53cc\u95e8\u95e8\u5168\u9ad8\u8f6c\u95f8\u5e95\u5ea7\u8f6e\u5b50.glb\" alt=\"\u53cc\u95e8\u95e8\u5168\u9ad8\u8f6c\u95f8+\u5e95\u5ea7+\u8f6e\u5b50\" camera-controls  loading=\"auto\" auto-rotate                        >\r\n            <\/model-viewer>\r\n        \r\n            <!-- Button -->\r\n            <svg id=\"openBtn\" width=\"30px\" height=\"30px\" viewBox=\"0 0 16 16\" xmlns=\"http:\/\/www.w3.org\/2000\/svg\" fill=\"#f2f2f2\" class=\"bi bi-arrows-fullscreen model-icon\">\r\n                <path fill-rule=\"evenodd\" d=\"M5.828 10.172a.5.5 0 0 0-.707 0l-4.096 4.096V11.5a.5.5 0 0 0-1 0v3.975a.5.5 0 0 0 .5.5H4.5a.5.5 0 0 0 0-1H1.732l4.096-4.096a.5.5 0 0 0 0-.707zm4.344 0a.5.5 0 0 1 .707 0l4.096 4.096V11.5a.5.5 0 1 1 1 0v3.975a.5.5 0 0 1-.5.5H11.5a.5.5 0 0 1 0-1h2.768l-4.096-4.096a.5.5 0 0 1 0-.707zm0-4.344a.5.5 0 0 0 .707 0l4.096-4.096V4.5a.5.5 0 1 0 1 0V.525a.5.5 0 0 0-.5-.5H11.5a.5.5 0 0 0 0 1h2.768l-4.096 4.096a.5.5 0 0 0 0 .707zm-4.344 0a.5.5 0 0 1-.707 0L1.025 1.732V4.5a.5.5 0 0 1-1 0V.525a.5.5 0 0 1 .5-.5H4.5a.5.5 0 0 1 0 1H1.732l4.096 4.096a.5.5 0 0 1 0 .707z\"\/>\r\n            <\/svg>\r\n        \r\n            <svg id=\"closeBtn\" class=\"model-icon\" width=\"34px\" height=\"34px\" viewBox=\"0 0 24 24\" xmlns=\"http:\/\/www.w3.org\/2000\/svg\">\r\n                <path fill=\"none\" stroke=\"#f2f2f2\" stroke-width=\"2\" d=\"M7,7 L17,17 M7,17 L17,7\"\/>\r\n            <\/svg>\r\n        \r\n        <\/div>\r\n        <\/div> \r\n\r\n        <!-- Model Viewer Style -->\r\n        <style>\r\n            \r\n            .wrapper_19985 .bp_model_parent, #bp_model_id_19985 {\r\n                width: 1150px;\r\n                max-width: 100%;\r\n                                            }\r\n            #bp_model_id_19985 {\r\n                height:700px;\r\n                background-color: #f2f2f2;\r\n            }\r\n            .fullscreen #bp_model_id_19985{\r\n            height: 100%;\r\n            width: 100%;\r\n            }\r\n            .wrapper_19985 .bp_model_parent{\r\n                justify-content: start            }\r\n            model-viewer.model {\r\n                --poster-color: transparent;\r\n            }\r\n        <\/style>\r\n        \r\n        \n<p>Siamo in grado di fornire servizi OEM e ODM. Siamo in grado di fornire servizi OEM e ODM. Abbiamo designer esperti che possono completare una profonda personalizzazione in base a qualsiasi tua esigenza. Abbiamo anche lanciato una nuova serie di tornelli a tutta altezza dall&#8217;aspetto elegante e dalla struttura robusta. Consulta: <a href=\"\" target=\"\" rel=\"noopener\">serie di tornelli a tutta altezza<\/a> <\/p>\n<h4>Il tornello a tutta altezza a doppia corsia offre una garanzia di 2 anni e un supporto duraturo per la manutenzione e la riparazione.<\/h4>\n<p>Forniamo anche dispositivi biometrici, come lettori di carte IC\/ID, scanner di impronte digitali, scanner di codici QR, fotocamere con riconoscimento facciale e cos\u00ec via. Se avete bisogno di integrare questi dispositivi sul cancello girevole a tutta altezza o se avete domande, <a href=\"https:\/\/mairsturnstile.com\/contact\" target=\"_blank\" rel=\"noopener\">contattateci<\/a>.<\/p>\n<p style=\"font-weight: 400;\" data-spm-anchor-id=\"a2700.details.pronpeci14.i1.21073656hQew9t\"><span style=\"font-style: inherit; font-weight: inherit;\">Cancello girevole a doppia corsia a tutta altezza Cancello pedonale rotante<\/span> <a href=\"https:\/\/en.wikipedia.org\/wiki\/Access_control\" target=\"_blank\" rel=\"noopener\">Controllo accessi<\/a>.<\/p>\n<p data-spm-anchor-id=\"a2700.details.pronpeci14.i1.21073656hQew9t\"><strong>Il tornello a tutta altezza a doppia corsia \u00e8 una sorta di cancello del tornello a tutta altezza con 2 canali o 2 corsie. Il tornello a tutta altezza a doppia corsia \u00e8 composto dal sistema di comando a doppio meccanismo e da due gruppi di tiranti di bloccaggio in acciaio inox; Il telaio centrale \u00e8 un design a doppio meccanismo, che controlla il passaggio del personale nei canali sinistro e destro.<\/strong> Rispetto a un singolo tornello a tutta altezza, il prezzo di un doppio tornello a tutta altezza \u00e8 pi\u00f9 alto, quasi il doppio del prezzo di un singolo tornello a tutta altezza, perch\u00e9 i materiali utilizzati e i componenti principali all&#8217;interno sono sostanzialmente doppi.<\/p>\n<p data-spm-anchor-id=\"a2700.details.pronpeci14.i1.21073656hQew9t\">Naturalmente, forniamo anche un unico tornello a tutta altezza, cos&#8217;\u00e8 un singolo tornello a tutta altezza? \u00c8 facile intuire, a differenza di un doppio tornello a tutta altezza, un unico tornello a tutta altezza \u00e8 composto da un meccanismo di comando e da un&#8217;asta di bloccaggio in acciaio inox, che ha un solo passaggio o canale. Un unico tornello a tutta altezza \u00e8 adatto solo per luoghi in cui \u00e8 richiesto un unico passaggio o canale. <span style=\"font-weight: 400;\">Il tornello a tutta altezza a doppia corsia \u00e8 adatto per un robusto controllo degli accessi e ben si adatta all&#8217;uso esterno e interno di stadi di calcio, impianti sportivi e siti ad alto rischio. I <a href=\"https:\/\/mairsturnstile.com\/full-height-turnstiles.html\" target=\"_blank\" rel=\"noopener\">tornelli a tutta altezza <\/a> <\/span>il prodotto pu\u00f2 essere applicato sia per il controllo accessi interno che esterno.<\/p>\n<p><span style=\"font-weight: 400;\">La nostra gamma di tornelli doppi a tutta altezza \u00e8 dotata di una superficie anticorrosiva di alta qualit\u00e0 e garantisce un funzionamento affidabile in condizioni esterne estreme.<\/span><\/p>\n<p><span style=\"font-style: inherit; font-weight: inherit;\">Oltre alla sicurezza del tuo ingresso e del tuo atrio, la sicurezza perimetrale del tuo edificio \u00e8 un altro aspetto importante da considerare.<\/span><\/p>\n\n        \t\n\t<style type=\"text\/css\">\n\t\t.slider-info-19989.bafg-slider-info .bafg-slider-title {\n\t\t\t\t\t\tfont-size: 22px;\n\t\t\t\t\t\t\n\t\t\t\n\t\t\t\t\t}\n\n\t\t.slider-info-19989.bafg-slider-info .bafg-slider-description {\n\t\t\t\n\t\t\t\n\t\t\t\t\t}\n\n\t\t.slider-info-19989.bafg-slider-info .bafg_slider_readmore_button {\n\t\t\t\n\t\t\t\n\t\t\t\n\t\t\t\n\t\t\t\n\t\t\ttext-align: center;\n\n\t\t\t\n\t\t\t\n\t\t\t\n\t\t\t\n\t\t\t\n\t\t\t\n\t\t\t\t\t}\n\n\t\t.slider-info-19989.bafg-slider-info .bafg_slider_readmore_button:hover {\n\n\t\t\t\n\t\t\t\n\t\t\t\t\t}\n\n\t<\/style>\n\t\n        <div class=\"bafg-twentytwenty-container slider-19989 \" bafg-orientation=\"horizontal\" bafg-default-offset=\"0.5\" bafg-before-label=\"Before\" bafg-after-label=\"After\" bafg-overlay=\"yes\" bafg-move-slider-on-hover=\"yes\" bafg-click-to-move=\"no\">\n              \n            <img decoding=\"async\" class=\"skip-lazy\" src=\"http:\/\/mairsturnstile.com\/wp-content\/uploads\/2024\/10\/dual-lane-full-height-turnstile.jpg\" alt=\"dual lane full height turnstile\" data-skip-lazy title=\"\">\n            <img decoding=\"async\" class=\"skip-lazy\" src=\"http:\/\/mairsturnstile.com\/wp-content\/uploads\/2024\/10\/dual-lane-full-height-turnstile-1.jpg\" alt=\"dual lane full height turnstile\" data-skip-lazy title=\"\">\n           \n        <\/div>\n\n        \t<div class=\"bafg-slider-info-wraper\">\n\t\t<div style=\"\" class=\"slider-info-19989 bafg-slider-info\">\n\t\t\t\t\t<\/div>\n\t<\/div>\n\t\n        <style type=\"text\/css\">\n            \n        <\/style>\n        \n<p>Possiamo anche creare un rendering per te in pochi minuti in base al tuo scenario reale. Forniamo anche layout e disegni dettagliati, nonch\u00e9 disegni di installazione.<\/p>\n<p><span style=\"font-weight: 400;\"><span style=\"font-style: inherit; font-weight: inherit;\">Tornelli doppi a tutta altezza per un robusto controllo degli accessi, adatti all&#8217;uso esterno e interno di stadi di calcio, impianti sportivi e siti ad alto rischio. <\/span><\/span><\/p>\n<p><span style=\"font-style: inherit; font-weight: inherit;\">Disponibile in configurazioni di layout ad incastro singola, doppia e doppia con un tettuccio opzionale.<\/span><\/p>\n<ul>\n<li>Il tornello a tutta altezza a doppia corsia viene spesso utilizzato per soluzioni di controllo accessi ad alta sicurezza.<\/li>\n<li>Il materiale del corpo \u00e8 in acciaio inossidabile 304 che \u00e8 antiruggine e durevole e ha un&#8217;elevata resistenza. Il braccio \u00e8 di tipo U.<\/li>\n<li>Il tornello a tutta altezza a doppia corsia \u00e8 adatto sia per ambienti interni che esterni.<\/li>\n<li>Pu\u00f2 essere integrato con qualsiasi tipo di sistema di controllo accessi (es: dispositivo RFID, Fingerprint e dispositivo biometrico).<\/li>\n<li>Per soddisfare i requisiti di controllo di emergenza, il cancello del tornello si aprir\u00e0 automaticamente quando l&#8217;alimentazione \u00e8 interrotta.<\/li>\n<li>Pu\u00f2 essere una direzione singola o doppia. Quanto costa un tornello?<\/li>\n<li>Il meccanismo \u00e8 dotato di un ammortizzatore idraulico di alta qualit\u00e0. Con questo dispositivo, c&#8217;\u00e8 un rumore molto basso durante il funzionamento ed \u00e8 pi\u00f9 fluido.<\/li>\n<li>Funzione di autotest, il cancello si ripristiner\u00e0 automaticamente all&#8217;accensione.<\/li>\n<li>Pu\u00f2 essere telecomandato e gestito direttamente da un computer.<\/li>\n<li>Singolo direzionale o bidirezionale \u00e8 facoltativo.<\/li>\n<li>Interfaccia di comunicazione: RS485<\/li>\n<li>Tornello a tutta altezza a doppia corsia Con spia LED.<\/li>\n<li>Pu\u00f2 essere controllato da un telecomando e gestito direttamente da un computer.<\/li>\n<li>In caso di interruzione di corrente, la corsia del tornello sar\u00e0 ad accesso libero, rispettando i requisiti di sicurezza antincendio.<\/li>\n<li>Le dimensioni\/design del cancello possono essere personalizzate in base al disegno del cliente<\/li>\n<li>La dimensione pu\u00f2 essere regolata per soddisfare i requisiti in luoghi diversi.<\/li>\n<\/ul>\n<p>Siamo in grado di fornire l&#8217;intera soluzione di controllo degli accessi di sicurezza. Se disponi di un tuo sistema di controllo degli accessi, puoi utilizzare direttamente il nostro cancello tornello. Se non ne hai uno, forniamo anche una soluzione completa per il controllo degli accessi di sicurezza. Si prega di fare riferimento al video qui sotto per i dettagli.<\/p>\n<p><iframe title=\"Lettore video di YouTube\" src=\"https:\/\/www.youtube.com\/embed\/XyxFKnS3Br0\" width=\"1150\" height=\"650\" frameborder=\"0\" allowfullscreen=\"allowfullscreen\"><span data-mce-type=\"bookmark\" style=\"display: inline-block; width: 0px; overflow: hidden; line-height: 0;\" class=\"mce_SELRES_start\"><\/span><\/iframe><\/p>\n","protected":false},"excerpt":{"rendered":"<p>1. Dimensioni: 2400 * 1500 * 2310 mm (pu\u00f2 essere personalizzato)<\/p>\n<p>2. Larghezza corsia: 650 mm (personalizzabile)<\/p>\n<p>3. Velocit\u00e0 di passaggio: 30 persone\/min<\/p>\n<p>4. Alimentazione: 110 V\/220 V 50\/60 Hz<\/p>\n<p>5. Tornelli a tutta altezza Solenoide: DC24V<\/p>\n<p>6. Segnale cancello aperto: contatto pulito\/rel\u00e8<\/p>\n<p>7. Tensione logica: DC24V<\/p>\n<p>8. Materiale della cassa: acciaio inossidabile 304 o acciaio inossidabile 316<\/p>\n<p>9. Senso di rotazione: bidirezionale<\/p>\n<p><strong><a title=\"Tornello a tutta altezza certificato CE Mairs\" href=\"http:\/\/mairsturnstile.com\/wp-content\/uploads\/2022\/09\/Mairs-CE-Certificate-Full-Height-Turnstile.pdf\" target=\"_blank\" rel=\"noopener noreferrer\">Certificazione CE<\/a>, <a title=\"Certificato Mairs ISO9001\" href=\"http:\/\/mairsturnstile.com\/wp-content\/uploads\/2022\/09\/Mairs-Registration-Certificate-ISO9001.pdf\" target=\"_blank\" rel=\"noopener noreferrer\">certificato ISO 9001.<\/a><\/strong><\/p>\n<p><a title=\"Brochure sui tornelli a doppia corsia a tutta altezza\" href=\"http:\/\/mairsturnstile.com\/wp-content\/uploads\/2023\/12\/MT403-1-brochure.pdf\" target=\"_blank\" rel=\"noopener noreferrer\"><img decoding=\"async\" class=\"alignnone size-full wp-image-11034\" src=\"http:\/\/mairsturnstile.com\/wp-content\/uploads\/2022\/09\/pdf-MairsTurnstile.png\" alt=\"\" width=\"32\" height=\"32\"><span style=\"color: #0000ff;\"><strong>Brochure sui tornelli a doppia corsia a tutta altezza MT403-1<\/strong><\/span><\/a><\/p>\n<p><a title=\"Manuale di installazione del tornello a tutta altezza\" href=\"http:\/\/mairsturnstile.com\/wp-content\/uploads\/2023\/09\/Full-height-turnstile-installation-manual.pdf\" target=\"_blank\" rel=\"noopener noreferrer\"><img decoding=\"async\" class=\"alignnone size-full wp-image-11034\" src=\"http:\/\/mairsturnstile.com\/wp-content\/uploads\/2022\/09\/pdf-MairsTurnstile.png\" alt=\"\" width=\"32\" height=\"32\"><strong><span style=\"color: #0000ff;\"> Manuale d&#8217;uso e installazione del tornello a tutta altezza<\/span><\/strong><\/a><\/p>\n","protected":false},"featured_media":20950,"comment_status":"closed","ping_status":"closed","template":"","meta":{"neve_meta_sidebar":"","neve_meta_container":"","neve_meta_enable_content_width":"off","neve_meta_content_width":0,"neve_meta_title_alignment":"","neve_meta_author_avatar":"","neve_post_elements_order":"","neve_meta_disable_header":"","neve_meta_disable_footer":"","neve_meta_disable_title":"","_ti_tpc_template_sync":false,"_ti_tpc_template_id":""},"product_cat":[884,888],"product_tag":[910,909,1598,1208],"class_list":["post-10435","product","type-product","status-publish","has-post-thumbnail","hentry","product_cat-tornelli-a-tutta-altezza","product_cat-tornelli-di-sicurezza","product_tag-doppio-tornello-a-tutta-altezza-it","product_tag-doppio-tornello-a-tutta-altezza","product_tag-tornelli-industriali-a-tutta-altezza","product_tag-tornello-a-tutta-altezza-a-doppia-corsia"],"_links":{"self":[{"href":"https:\/\/mairsturnstile.com\/it\/wp-json\/wp\/v2\/product\/10435","targetHints":{"allow":["GET"]}}],"collection":[{"href":"https:\/\/mairsturnstile.com\/it\/wp-json\/wp\/v2\/product"}],"about":[{"href":"https:\/\/mairsturnstile.com\/it\/wp-json\/wp\/v2\/types\/product"}],"replies":[{"embeddable":true,"href":"https:\/\/mairsturnstile.com\/it\/wp-json\/wp\/v2\/comments?post=10435"}],"version-history":[{"count":0,"href":"https:\/\/mairsturnstile.com\/it\/wp-json\/wp\/v2\/product\/10435\/revisions"}],"wp:featuredmedia":[{"embeddable":true,"href":"https:\/\/mairsturnstile.com\/it\/wp-json\/wp\/v2\/media\/20950"}],"wp:attachment":[{"href":"https:\/\/mairsturnstile.com\/it\/wp-json\/wp\/v2\/media?parent=10435"}],"wp:term":[{"taxonomy":"product_cat","embeddable":true,"href":"https:\/\/mairsturnstile.com\/it\/wp-json\/wp\/v2\/product_cat?post=10435"},{"taxonomy":"product_tag","embeddable":true,"href":"https:\/\/mairsturnstile.com\/it\/wp-json\/wp\/v2\/product_tag?post=10435"}],"curies":[{"name":"wp","href":"https:\/\/api.w.org\/{rel}","templated":true}]}}