{"id":10436,"date":"2020-09-12T18:49:25","date_gmt":"2020-09-12T10:49:25","guid":{"rendered":"https:\/\/mairsturnstile.com\/product\/tornello-ingresso-dipendenti-mt404-1"},"modified":"2026-05-05T19:11:55","modified_gmt":"2026-05-05T11:11:55","slug":"tornello-ingresso-dipendenti","status":"publish","type":"product","link":"https:\/\/mairsturnstile.com\/it\/prodotto\/tornello-ingresso-dipendenti","title":{"rendered":"CANCELLO A TORNELLO PER L&#8217;INGRESSO DEI DIPENDENTI"},"content":{"rendered":"        <!-- 3D Model html -->\r\n        <div class=\"bp_grand wrapper_21819\">   \r\n        <div class=\"bp_model_parent\">\r\n            <model-viewer class=\"model\" id=\"bp_model_id_21819\" src=\"http:\/\/mairsturnstile.com\/wp-content\/uploads\/2023\/06\/MT408.glb\" alt=\"MT408\" camera-controls  loading=\"auto\" auto-rotate                        >\r\n            <\/model-viewer>\r\n        \r\n            <!-- Button -->\r\n            <svg id=\"openBtn\" width=\"30px\" height=\"30px\" viewBox=\"0 0 16 16\" xmlns=\"http:\/\/www.w3.org\/2000\/svg\" fill=\"#f2f2f2\" class=\"bi bi-arrows-fullscreen model-icon\">\r\n                <path fill-rule=\"evenodd\" d=\"M5.828 10.172a.5.5 0 0 0-.707 0l-4.096 4.096V11.5a.5.5 0 0 0-1 0v3.975a.5.5 0 0 0 .5.5H4.5a.5.5 0 0 0 0-1H1.732l4.096-4.096a.5.5 0 0 0 0-.707zm4.344 0a.5.5 0 0 1 .707 0l4.096 4.096V11.5a.5.5 0 1 1 1 0v3.975a.5.5 0 0 1-.5.5H11.5a.5.5 0 0 1 0-1h2.768l-4.096-4.096a.5.5 0 0 1 0-.707zm0-4.344a.5.5 0 0 0 .707 0l4.096-4.096V4.5a.5.5 0 1 0 1 0V.525a.5.5 0 0 0-.5-.5H11.5a.5.5 0 0 0 0 1h2.768l-4.096 4.096a.5.5 0 0 0 0 .707zm-4.344 0a.5.5 0 0 1-.707 0L1.025 1.732V4.5a.5.5 0 0 1-1 0V.525a.5.5 0 0 1 .5-.5H4.5a.5.5 0 0 1 0 1H1.732l4.096 4.096a.5.5 0 0 1 0 .707z\"\/>\r\n            <\/svg>\r\n        \r\n            <svg id=\"closeBtn\" class=\"model-icon\" width=\"34px\" height=\"34px\" viewBox=\"0 0 24 24\" xmlns=\"http:\/\/www.w3.org\/2000\/svg\">\r\n                <path fill=\"none\" stroke=\"#f2f2f2\" stroke-width=\"2\" d=\"M7,7 L17,17 M7,17 L17,7\"\/>\r\n            <\/svg>\r\n        \r\n        <\/div>\r\n        <\/div> \r\n\r\n        <!-- Model Viewer Style -->\r\n        <style>\r\n            \r\n            .wrapper_21819 .bp_model_parent, #bp_model_id_21819 {\r\n                width: 1150px;\r\n                max-width: 100%;\r\n                                            }\r\n            #bp_model_id_21819 {\r\n                height:700px;\r\n                background-color: #f2f2f2;\r\n            }\r\n            .fullscreen #bp_model_id_21819{\r\n            height: 100%;\r\n            width: 100%;\r\n            }\r\n            .wrapper_21819 .bp_model_parent{\r\n                justify-content: start            }\r\n            model-viewer.model {\r\n                --poster-color: transparent;\r\n            }\r\n        <\/style>\r\n        \r\n        \n<h2>Il tornello d&#8217;ingresso dei dipendenti offre una garanzia di 2 anni e un supporto duraturo per la manutenzione e la riparazione.<\/h2>\n<p> Tornello d&#8217;ingresso per dipendenti, design unico a tutta altezza per il controllo degli accessi del personale. Il nostro tornello d&#8217;ingresso per dipendenti \u00e8 dotato di un corpo curvo brevettato e di una logica anti-accesso non autorizzato. Sicurezza a tutta altezza con finitura in acciaio inossidabile di alta qualit\u00e0. Ideale per fabbriche e uffici. Tornello d&#8217;ingresso per dipendenti con integrazione biometrica, traccia le presenze con precisione, impedisci le frodi. Questo tornello d&#8217;ingresso per dipendenti supporta lettori di impronte digitali\/facciali, griglia antipolvere unica e funzionamento silenzioso. Tornello d&#8217;ingresso per dipendenti per impieghi gravosi, 15 milioni di cicli per siti ad alto traffico, progettato per un flusso di dipendenti 24 ore su 24, 7 giorni su 7. Il nostro tornello d&#8217;ingresso per dipendenti combina un alloggiamento aerodinamico unico con un azionamento a manutenzione zero. Grado di protezione IP54. Ottieni il prezzo di fabbrica.        <\/p>\n<p>Siamo in grado di fornire servizi OEM e ODM. Abbiamo designer esperti che possono completare una profonda personalizzazione in base a qualsiasi tua esigenza. Forniremo una serie di materiali come rendering 3D, disegni dimensionali, ecc. il prima possibile. Forniamo anche dispositivi biometrici, come lettori di carte IC\/ID, scanner di impronte digitali, scanner di codici QR, fotocamere con riconoscimento facciale e cos\u00ec via. Abbiamo anche lanciato una nuova serie di tornelli a tutta altezza dall&#8217;aspetto elegante e dalla struttura robusta. Consulta: <a href=\"https:\/\/mairsturnstile.com\/full-height-series-turnstile\" target=\"_blank\" rel=\"noopener\">serie di tornelli a tutta altezza<\/a> <\/p>\n<p>Tornello d&#8217;ingresso per dipendenti con funzione anti-tailgating: una barriera fisica al 100% per ambienti di lavoro sicuri, che garantisce il passaggio di una sola persona per ogni convalida. Il nostro tornello d&#8217;ingresso a tutta altezza si distingue per l&#8217;esclusiva griglia a forma d&#8217;onda e per il design antimanomissione. Certificazione CE. Tornello d&#8217;ingresso per esterni: protezione IP66 resistente agli agenti atmosferici, ideale per l&#8217;accesso a magazzini e aree esterne; progettato per resistere a pioggia, polvere e temperature estreme (da -30\u00b0C a +60\u00b0C). Il nostro tornello \u00e8 realizzato in acciaio inossidabile 316 di grado marino e vanta un esclusivo rivestimento anticorrosione. Il miglior rapporto qualit\u00e0-prezzo: tornelli a tutta altezza per aziende, disponibili con vendita diretta dalla fabbrica. Risparmia il 20% sugli ordini all&#8217;ingrosso. Il nostro tornello viene fornito preassemblato ed \u00e8 dotato di serrature antivandalo uniche nel loro genere, oltre a un design che ne consente una rapida installazione. Sopralluogo gratuito in loco.       <\/p>\n<p>Prezzo di fabbrica del <strong>tornello d&#8217;ingresso per dipendenti<\/strong>, realizzato in acciaio inox 304 o in acciaio inox 316. Perch\u00e9 il nostro tornello per l&#8217;ingresso del personale aumenta la produttivit\u00e0: esclusivo rotore autopulente, nessun blocco causato da sporco o detriti. Il nostro tornello per l&#8217;ingresso dei dipendenti \u00e8 dotato di un rotore brevettato che rimuove automaticamente il fango, ideale per gli accessi del personale nei cantieri edili o nelle miniere. <\/p>\n<p data-spm-anchor-id=\"a2700.details.pronpeci14.i0.29abf16fjDZQVI\">Il prodotto per cancelli a tornello a tutta altezza offre applicazioni di controllo accessi sia interne che esterne. La nostra gamma di tornelli a tutta altezza per l&#8217;ingresso dei dipendenti \u00e8 dotata di una superficie anticorrosiva di alta qualit\u00e0 e garantisce un funzionamento affidabile in condizioni esterne estreme. Possiamo anche personalizzare i <a href=\"https:\/\/mairsturnstile.com\/full-height-turnstiles.html\" target=\"_blank\" rel=\"noopener\">tornelli a tutta altezza<\/a> in base alle vostre esigenze. Il nostro tornello d&#8217;ingresso per i dipendenti pu\u00f2 essere integrato con tutti i tipi di dispositivi biometrici. come scanner per lettori di schede, riconoscimento facciale e scanner di <a href=\"https:\/\/en.wikipedia.org\/wiki\/QR_code\" target=\"_blank\" rel=\"noopener\">codici QR<\/a>. Se volete conoscere maggiori dettagli, <a href=\"https:\/\/mairsturnstile.com\/contact\" target=\"_blank\" rel=\"noopener\">contattateci<\/a>.<\/p>\n<p data-spm-anchor-id=\"a2700.details.pronpeci14.i0.29abf16fjDZQVI\">Questo tornello per l&#8217;ingresso dei dipendenti viene utilizzato in applicazioni tra cui stadi e arene, sicurezza perimetrale e interna, parchi ricreativi e di divertimento, controllo della folla al dettaglio, riscossione delle tariffe di transito e hall, carceri o alcuni luoghi ad alta sicurezza.<\/p>\n<p data-spm-anchor-id=\"a2700.details.pronpeci14.i0.29abf16fjDZQVI\">Possiamo anche creare un rendering per te in pochi minuti in base al tuo scenario reale. Forniamo anche layout e disegni dettagliati, nonch\u00e9 disegni di installazione.<\/p>\n<p data-spm-anchor-id=\"a2700.details.pronpeci14.i0.29abf16fjDZQVI\">\n        \t\n\t<style type=\"text\/css\">\n\t\t.slider-info-21846.bafg-slider-info .bafg-slider-title {\n\t\t\t\t\t\tfont-size: 22px;\n\t\t\t\t\t\t\n\t\t\t\n\t\t\t\t\t}\n\n\t\t.slider-info-21846.bafg-slider-info .bafg-slider-description {\n\t\t\t\n\t\t\t\n\t\t\t\t\t}\n\n\t\t.slider-info-21846.bafg-slider-info .bafg_slider_readmore_button {\n\t\t\t\n\t\t\t\n\t\t\t\n\t\t\t\n\t\t\t\n\t\t\ttext-align: center;\n\n\t\t\t\n\t\t\t\n\t\t\t\n\t\t\t\n\t\t\t\n\t\t\t\n\t\t\t\t\t}\n\n\t\t.slider-info-21846.bafg-slider-info .bafg_slider_readmore_button:hover {\n\n\t\t\t\n\t\t\t\n\t\t\t\t\t}\n\n\t<\/style>\n\t\n        <div class=\"bafg-twentytwenty-container slider-21846 \" bafg-orientation=\"horizontal\" bafg-default-offset=\"0.5\" bafg-before-label=\"Before\" bafg-after-label=\"After\" bafg-overlay=\"yes\" bafg-move-slider-on-hover=\"yes\" bafg-click-to-move=\"no\">\n              \n            <img decoding=\"async\" class=\"skip-lazy\" src=\"http:\/\/mairsturnstile.com\/wp-content\/uploads\/2023\/06\/employee-entrance-turnstile_5.jpg\" alt=\"\" data-skip-lazy title=\"\">\n            <img decoding=\"async\" class=\"skip-lazy\" src=\"http:\/\/mairsturnstile.com\/wp-content\/uploads\/2023\/06\/employee-entrance-turnstile_4.jpg\" alt=\"\" data-skip-lazy title=\"\">\n           \n        <\/div>\n\n        \t<div class=\"bafg-slider-info-wraper\">\n\t\t<div style=\"\" class=\"slider-info-21846 bafg-slider-info\">\n\t\t\t\t\t<\/div>\n\t<\/div>\n\t\n        <style type=\"text\/css\">\n            \n        <\/style>\n        <\/p>\n<ul>\n<li>Il tornello d&#8217;ingresso dei dipendenti viene spesso utilizzato per soluzioni di controllo degli accessi ad alta sicurezza.<\/li>\n<li>Il materiale del corpo \u00e8 in acciaio inossidabile 304 che \u00e8 antiruggine e durevole e ha un&#8217;elevata resistenza. Il braccio \u00e8 di tipo U.<\/li>\n<li>Con la funzione anti-inversione, fermare la direzione invertita.<\/li>\n<li>Il tornello d&#8217;ingresso dei dipendenti \u00e8 adatto sia per ambienti interni che esterni.<\/li>\n<li>Per soddisfare i requisiti di controllo di emergenza, il cancello del tornello si aprir\u00e0 automaticamente quando l&#8217;alimentazione \u00e8 interrotta.<\/li>\n<li>L&#8217;intero sistema funziona senza intoppi, con prestazioni di lunga durata, elevata affidabilit\u00e0 operativa e risposta rapida.<\/li>\n<li>Il meccanismo \u00e8 dotato di un ammortizzatore idraulico di alta qualit\u00e0. Con questo dispositivo, c&#8217;\u00e8 un rumore molto basso durante il funzionamento ed \u00e8 pi\u00f9 fluido.<\/li>\n<li>Funzione di autotest, il cancello si ripristiner\u00e0 automaticamente all&#8217;accensione.<\/li>\n<li>Dispositivi a doppio cuscinetto, che mantengono il cancello in equilibrio quando c&#8217;\u00e8 una forza esterna.<\/li>\n<li>Singolo direzionale o bidirezionale \u00e8 facoltativo.<\/li>\n<li>Distanza di comunicazione: \u22641200 m<\/li>\n<li>Indicatore LED.<\/li>\n<li>Pu\u00f2 essere controllato da un telecomando e gestito direttamente da un computer.<\/li>\n<li>In caso di interruzione di corrente, la corsia del tornello sar\u00e0 ad accesso libero, rispettando i requisiti di sicurezza antincendio.<\/li>\n<li>Le dimensioni\/design del cancello possono essere personalizzate in base al disegno del cliente<\/li>\n<li>La dimensione pu\u00f2 essere regolata per soddisfare i requisiti in luoghi diversi.<\/li>\n<\/ul>\n<p>Siamo in grado di fornire l&#8217;intera soluzione di controllo degli accessi di sicurezza. Se disponi di un tuo sistema di controllo degli accessi, puoi utilizzare direttamente il nostro cancello tornello. Se non ne hai uno, forniamo anche una soluzione completa per il controllo degli accessi di sicurezza. Si prega di fare riferimento al video qui sotto per i dettagli.<\/p>\n<p><iframe title=\"New Design Meteor Series Full Height Turnstile - More sturdy and taller, safer\" src=\"https:\/\/www.youtube.com\/embed\/AyBSFStUdhA\" width=\"1110\" height=\"650\" frameborder=\"0\" allowfullscreen=\"allowfullscreen\"><\/iframe><\/p>\n","protected":false},"excerpt":{"rendered":"<p>1. Dimensioni: 4450 * 1450 * 2300 mm (personalizzabile)<\/p>\n<p>2. Larghezza corsia: 650 mm (personalizzabile)<\/p>\n<p>3. Velocit\u00e0 di passaggio: 30 persone\/min<\/p>\n<p>4. Alimentazione: 110 V\/220 V 50\/60 Hz<\/p>\n<p>5. Solenoide del cancello dei tornelli a tutta altezza: DC24V<\/p>\n<p>6. Segnale cancello aperto: contatto pulito\/rel\u00e8<\/p>\n<p>7. Tensione logica: DC24V<\/p>\n<p>8. Materiale: acciaio inossidabile 304 o acciaio inossidabile 316<\/p>\n<p>9. Temperatura di lavoro: -25 \u2103 ~ 60 \u2103<\/p>\n<p><span style=\"color: #000000;\"><strong><a style=\"color: #000000;\" title=\"Tornello a tutta altezza certificato CE Mairs\" href=\"http:\/\/mairsturnstile.com\/wp-content\/uploads\/2022\/09\/Mairs-CE-Certificate-Full-Height-Turnstile.pdf\" target=\"_blank\" rel=\"noopener noreferrer\">Certificazione CE<\/a>, <a style=\"color: #000000;\" title=\"Certificato Mairs ISO9001\" href=\"http:\/\/mairsturnstile.com\/wp-content\/uploads\/2022\/09\/Mairs-Registration-Certificate-ISO9001.pdf\" target=\"_blank\" rel=\"noopener noreferrer\">certificato ISO 9001.<\/a><\/strong><\/span><\/p>\n<p><a title=\"Opuscolo sui tornelli a tre corsie a tutta altezza\" href=\"https:\/\/mairsturnstile-online.com\/flipbook\/mt408-full-height-turnstile-brochure\" target=\"_blank\" rel=\"noopener noreferrer\"><span style=\"color: #fcaf3b;\"><strong>Download MT408 Three Lane Full Height Turnstile Brochure<\/strong><\/span><\/a><\/p>\n<p><a title=\"Manuale di installazione del tornello a tutta altezza\" href=\"http:\/\/mairsturnstile.com\/wp-content\/uploads\/2023\/09\/Full-height-turnstile-installation-manual.pdf\" target=\"_blank\" rel=\"noopener noreferrer\"><strong><span style=\"color: #fcaf3b;\">Download Full Height Turnstile User &#038; Installation Manual<\/span><\/strong><\/a><\/p>\n","protected":false},"featured_media":20990,"comment_status":"closed","ping_status":"closed","template":"","meta":{"neve_meta_sidebar":"","neve_meta_container":"","neve_meta_enable_content_width":"off","neve_meta_content_width":0,"neve_meta_title_alignment":"","neve_meta_author_avatar":"","neve_post_elements_order":"","neve_meta_disable_header":"","neve_meta_disable_footer":"","neve_meta_disable_title":"","_ti_tpc_template_sync":false,"_ti_tpc_template_id":""},"product_cat":[884,888],"product_tag":[1605,900,912,1598,911],"class_list":["post-10436","product","type-product","status-publish","has-post-thumbnail","hentry","product_cat-tornelli-a-tutta-altezza","product_cat-tornelli-di-sicurezza","product_tag-girare-stile-cancello","product_tag-tornelli-a-tutta-altezza","product_tag-tornelli-dei-dipendenti","product_tag-tornelli-industriali-a-tutta-altezza","product_tag-tornello-ingresso-dipendenti"],"_links":{"self":[{"href":"https:\/\/mairsturnstile.com\/it\/wp-json\/wp\/v2\/product\/10436","targetHints":{"allow":["GET"]}}],"collection":[{"href":"https:\/\/mairsturnstile.com\/it\/wp-json\/wp\/v2\/product"}],"about":[{"href":"https:\/\/mairsturnstile.com\/it\/wp-json\/wp\/v2\/types\/product"}],"replies":[{"embeddable":true,"href":"https:\/\/mairsturnstile.com\/it\/wp-json\/wp\/v2\/comments?post=10436"}],"version-history":[{"count":1,"href":"https:\/\/mairsturnstile.com\/it\/wp-json\/wp\/v2\/product\/10436\/revisions"}],"predecessor-version":[{"id":72571,"href":"https:\/\/mairsturnstile.com\/it\/wp-json\/wp\/v2\/product\/10436\/revisions\/72571"}],"wp:featuredmedia":[{"embeddable":true,"href":"https:\/\/mairsturnstile.com\/it\/wp-json\/wp\/v2\/media\/20990"}],"wp:attachment":[{"href":"https:\/\/mairsturnstile.com\/it\/wp-json\/wp\/v2\/media?parent=10436"}],"wp:term":[{"taxonomy":"product_cat","embeddable":true,"href":"https:\/\/mairsturnstile.com\/it\/wp-json\/wp\/v2\/product_cat?post=10436"},{"taxonomy":"product_tag","embeddable":true,"href":"https:\/\/mairsturnstile.com\/it\/wp-json\/wp\/v2\/product_tag?post=10436"}],"curies":[{"name":"wp","href":"https:\/\/api.w.org\/{rel}","templated":true}]}}